{"id":13362,"date":"2022-04-22T13:07:37","date_gmt":"2022-04-22T13:07:37","guid":{"rendered":"https:\/\/themeholt.com\/product\/church\/"},"modified":"2024-10-18T08:57:48","modified_gmt":"2024-10-18T08:57:48","slug":"eglise","status":"publish","type":"product","link":"https:\/\/themeholt.com\/fr\/product\/eglise\/","title":{"rendered":"\u00c9glise"},"content":{"rendered":"<p><span style=\"font-weight: 400\">Bienvenue dans le monde de <\/span><b>Church Website Theme<\/b><span style=\"font-weight: 400\">, o\u00f9 la foi et la technologie convergent pour cr\u00e9er un sanctuaire num\u00e9rique pour votre congr\u00e9gation. Pr\u00e9sentation de Church, un th\u00e8me transformateur con\u00e7u pour renforcer la pr\u00e9sence en ligne de votre \u00e9glise et connecter votre communaut\u00e9 comme jamais auparavant.<\/span><\/p>\n<p><span style=\"font-weight: 400\">Avec son design \u00e9l\u00e9gant et spirituel, <\/span><b>Church WordPress Themes<\/b><span style=\"font-weight: 400\"> ouvre la voie \u00e0 une exp\u00e9rience de blog profonde et engageante. Le th\u00e8me offre une vari\u00e9t\u00e9 de mises en page personnalisables, vous permettant de pr\u00e9senter magnifiquement vos sermons, d\u00e9votions, \u00e9v\u00e9nements communautaires et contenu inspirant. Que vous soyez pasteur, dirigeant d&rsquo;\u00e9glise ou membre passionn\u00e9, Church offre la plate-forme id\u00e9ale pour partager vos messages d&rsquo;espoir, d&rsquo;amour et de foi.<\/span><\/p>\n","protected":false},"excerpt":{"rendered":"<article id=\"post-136\" class=\"post tf_clearfix post-136 type-post status-publish format-standard has-post-thumbnail hentry category-sermon has-post-title has-post-date has-post-category has-post-tag has-post-comment has-post-author \">\n<div class=\"post-content\">\n<div class=\"post-content-inner\">\n<div class=\"entry-content\">\n<ul>\n<li>Conception religieuse<\/li>\n<li>Syst\u00e8me de dons<\/li>\n<li>Gestion des sermons<\/li>\n<li>Gestion des \u00e9v\u00e9nements<\/li>\n<li>Pages personnalisables<\/li>\n<li>Demandes de pri\u00e8re<\/li>\n<li>Gestion des b\u00e9n\u00e9voles<\/li>\n<li>Capacit\u00e9s de blogging<\/li>\n<li>Podcasting de sermons<\/li>\n<li>Support et mises \u00e0 jour continus<\/li>\n<\/ul>\n<\/div>\n<\/div>\n<\/div>\n<\/article>\n","protected":false},"featured_media":13364,"template":"","meta":{"_acf_changed":false,"inline_featured_image":false},"product_brand":[],"product_cat":[961],"product_tag":[1037,1038,1039],"class_list":{"0":"post-13362","1":"product","2":"type-product","3":"status-publish","4":"has-post-thumbnail","6":"product_cat-new-arrivals-fr","7":"product_tag-church-themes-fr","8":"product_tag-holy-wordpress-themes-fr","9":"product_tag-religious-wordpress-themes-fr","11":"first","12":"instock","13":"sale","14":"downloadable","15":"taxable","16":"shipping-taxable","17":"purchasable","18":"product-type-simple"},"acf":[],"yoast_head":"<!-- This site is optimized with the Yoast SEO Premium plugin v22.1 (Yoast SEO v26.0) - https:\/\/yoast.com\/wordpress\/plugins\/seo\/ -->\n<title>Th\u00e8mes WordPress religieux | Th\u00e8me WordPress pour \u00e9glise<\/title>\n<meta name=\"description\" content=\"Find a user-friendly WordPress church theme for your religious website. Create easy to use interface for your website. Get now!\" \/>\n<meta name=\"robots\" content=\"index, follow, max-snippet:-1, max-image-preview:large, max-video-preview:-1\" \/>\n<link rel=\"canonical\" href=\"https:\/\/themeholt.com\/fr\/product\/eglise\/\" \/>\n<meta property=\"og:locale\" content=\"fr_FR\" \/>\n<meta property=\"og:type\" content=\"article\" \/>\n<meta property=\"og:title\" content=\"\u00c9glise\" \/>\n<meta property=\"og:description\" content=\"Find a user-friendly WordPress church theme for your religious website. Create easy to use interface for your website. Get now!\" \/>\n<meta property=\"og:url\" content=\"https:\/\/themeholt.com\/fr\/product\/eglise\/\" \/>\n<meta property=\"og:site_name\" content=\"ThemeHolt\" \/>\n<meta property=\"article:publisher\" content=\"https:\/\/www.facebook.com\/themeholtT\" \/>\n<meta property=\"article:modified_time\" content=\"2024-10-18T08:57:48+00:00\" \/>\n<meta property=\"og:image\" content=\"https:\/\/themeholt.com\/wp-content\/uploads\/2022\/04\/Catholic-Church-Theme-1.jpg\" \/>\n\t<meta property=\"og:image:width\" content=\"1300\" \/>\n\t<meta property=\"og:image:height\" content=\"1283\" \/>\n\t<meta property=\"og:image:type\" content=\"image\/jpeg\" \/>\n<meta name=\"twitter:card\" content=\"summary_large_image\" \/>\n<meta name=\"twitter:site\" content=\"@ThemeholtT\" \/>\n<meta name=\"twitter:label1\" content=\"Dur\u00e9e de lecture estim\u00e9e\" \/>\n\t<meta name=\"twitter:data1\" content=\"1 minute\" \/>\n<script type=\"application\/ld+json\" class=\"yoast-schema-graph\">{\"@context\":\"https:\/\/schema.org\",\"@graph\":[{\"@type\":\"WebPage\",\"@id\":\"https:\/\/themeholt.com\/fr\/product\/eglise\/\",\"url\":\"https:\/\/themeholt.com\/fr\/product\/eglise\/\",\"name\":\"Th\u00e8mes WordPress religieux | Th\u00e8me WordPress pour \u00e9glise\",\"isPartOf\":{\"@id\":\"https:\/\/themeholt.com\/#website\"},\"primaryImageOfPage\":{\"@id\":\"https:\/\/themeholt.com\/fr\/product\/eglise\/#primaryimage\"},\"image\":{\"@id\":\"https:\/\/themeholt.com\/fr\/product\/eglise\/#primaryimage\"},\"thumbnailUrl\":\"https:\/\/themeholt.com\/wp-content\/uploads\/2022\/04\/Catholic-Church-Theme-1.jpg\",\"datePublished\":\"2022-04-22T13:07:37+00:00\",\"dateModified\":\"2024-10-18T08:57:48+00:00\",\"description\":\"Find a user-friendly WordPress church theme for your religious website. Create easy to use interface for your website. Get now!\",\"breadcrumb\":{\"@id\":\"https:\/\/themeholt.com\/fr\/product\/eglise\/#breadcrumb\"},\"inLanguage\":\"fr-FR\",\"potentialAction\":[{\"@type\":\"ReadAction\",\"target\":[\"https:\/\/themeholt.com\/fr\/product\/eglise\/\"]}]},{\"@type\":\"ImageObject\",\"inLanguage\":\"fr-FR\",\"@id\":\"https:\/\/themeholt.com\/fr\/product\/eglise\/#primaryimage\",\"url\":\"https:\/\/themeholt.com\/wp-content\/uploads\/2022\/04\/Catholic-Church-Theme-1.jpg\",\"contentUrl\":\"https:\/\/themeholt.com\/wp-content\/uploads\/2022\/04\/Catholic-Church-Theme-1.jpg\",\"width\":1300,\"height\":1283},{\"@type\":\"BreadcrumbList\",\"@id\":\"https:\/\/themeholt.com\/fr\/product\/eglise\/#breadcrumb\",\"itemListElement\":[{\"@type\":\"ListItem\",\"position\":1,\"name\":\"Home\",\"item\":\"https:\/\/themeholt.com\/fr\/\"},{\"@type\":\"ListItem\",\"position\":2,\"name\":\"Shop\",\"item\":\"https:\/\/themeholt.com\/shop\/\"},{\"@type\":\"ListItem\",\"position\":3,\"name\":\"\u00c9glise\"}]},{\"@type\":\"WebSite\",\"@id\":\"https:\/\/themeholt.com\/#website\",\"url\":\"https:\/\/themeholt.com\/\",\"name\":\"ThemeHolt\",\"description\":\"Themeholt is a website that offers high-quality WordPress themes\",\"publisher\":{\"@id\":\"https:\/\/themeholt.com\/#organization\"},\"potentialAction\":[{\"@type\":\"SearchAction\",\"target\":{\"@type\":\"EntryPoint\",\"urlTemplate\":\"https:\/\/themeholt.com\/?s={search_term_string}\"},\"query-input\":{\"@type\":\"PropertyValueSpecification\",\"valueRequired\":true,\"valueName\":\"search_term_string\"}}],\"inLanguage\":\"fr-FR\"},{\"@type\":\"Organization\",\"@id\":\"https:\/\/themeholt.com\/#organization\",\"name\":\"ThemeHolt\",\"alternateName\":\"ThemeHolt\",\"url\":\"https:\/\/themeholt.com\/\",\"logo\":{\"@type\":\"ImageObject\",\"inLanguage\":\"fr-FR\",\"@id\":\"https:\/\/themeholt.com\/#\/schema\/logo\/image\/\",\"url\":\"https:\/\/themeholt.com\/wp-content\/uploads\/2024\/10\/themeholt.png\",\"contentUrl\":\"https:\/\/themeholt.com\/wp-content\/uploads\/2024\/10\/themeholt.png\",\"width\":225,\"height\":225,\"caption\":\"ThemeHolt\"},\"image\":{\"@id\":\"https:\/\/themeholt.com\/#\/schema\/logo\/image\/\"},\"sameAs\":[\"https:\/\/www.facebook.com\/themeholtT\",\"https:\/\/x.com\/ThemeholtT\",\"https:\/\/www.linkedin.com\/company\/themeholt\",\"https:\/\/www.instagram.com\/themeholtt\/\"],\"description\":\"Themeholt is a website that offers high-quality WordPress themes that are easy to use and ready for just about everything. In Eindhoven, Netherlands, since 2020 offering simple, accessible WordPress themes by providing a variety of requirements. Themeholt focuses on practicality and efficiency, allowing faster project completion with its superior marketplace and easy-to-use templates.\",\"legalName\":\"ThemeHolt\",\"foundingDate\":\"2022-11-10\",\"numberOfEmployees\":{\"@type\":\"QuantitativeValue\",\"minValue\":\"51\",\"maxValue\":\"200\"}}]}<\/script>\n<!-- \/ Yoast SEO Premium plugin. -->","yoast_head_json":{"title":"Th\u00e8mes WordPress religieux | Th\u00e8me WordPress pour \u00e9glise","description":"Find a user-friendly WordPress church theme for your religious website. Create easy to use interface for your website. Get now!","robots":{"index":"index","follow":"follow","max-snippet":"max-snippet:-1","max-image-preview":"max-image-preview:large","max-video-preview":"max-video-preview:-1"},"canonical":"https:\/\/themeholt.com\/fr\/product\/eglise\/","og_locale":"fr_FR","og_type":"article","og_title":"\u00c9glise","og_description":"Find a user-friendly WordPress church theme for your religious website. Create easy to use interface for your website. Get now!","og_url":"https:\/\/themeholt.com\/fr\/product\/eglise\/","og_site_name":"ThemeHolt","article_publisher":"https:\/\/www.facebook.com\/themeholtT","article_modified_time":"2024-10-18T08:57:48+00:00","og_image":[{"width":1300,"height":1283,"url":"https:\/\/themeholt.com\/wp-content\/uploads\/2022\/04\/Catholic-Church-Theme-1.jpg","type":"image\/jpeg"}],"twitter_card":"summary_large_image","twitter_site":"@ThemeholtT","twitter_misc":{"Dur\u00e9e de lecture estim\u00e9e":"1 minute"},"schema":{"@context":"https:\/\/schema.org","@graph":[{"@type":"WebPage","@id":"https:\/\/themeholt.com\/fr\/product\/eglise\/","url":"https:\/\/themeholt.com\/fr\/product\/eglise\/","name":"Th\u00e8mes WordPress religieux | Th\u00e8me WordPress pour \u00e9glise","isPartOf":{"@id":"https:\/\/themeholt.com\/#website"},"primaryImageOfPage":{"@id":"https:\/\/themeholt.com\/fr\/product\/eglise\/#primaryimage"},"image":{"@id":"https:\/\/themeholt.com\/fr\/product\/eglise\/#primaryimage"},"thumbnailUrl":"https:\/\/themeholt.com\/wp-content\/uploads\/2022\/04\/Catholic-Church-Theme-1.jpg","datePublished":"2022-04-22T13:07:37+00:00","dateModified":"2024-10-18T08:57:48+00:00","description":"Find a user-friendly WordPress church theme for your religious website. Create easy to use interface for your website. Get now!","breadcrumb":{"@id":"https:\/\/themeholt.com\/fr\/product\/eglise\/#breadcrumb"},"inLanguage":"fr-FR","potentialAction":[{"@type":"ReadAction","target":["https:\/\/themeholt.com\/fr\/product\/eglise\/"]}]},{"@type":"ImageObject","inLanguage":"fr-FR","@id":"https:\/\/themeholt.com\/fr\/product\/eglise\/#primaryimage","url":"https:\/\/themeholt.com\/wp-content\/uploads\/2022\/04\/Catholic-Church-Theme-1.jpg","contentUrl":"https:\/\/themeholt.com\/wp-content\/uploads\/2022\/04\/Catholic-Church-Theme-1.jpg","width":1300,"height":1283},{"@type":"BreadcrumbList","@id":"https:\/\/themeholt.com\/fr\/product\/eglise\/#breadcrumb","itemListElement":[{"@type":"ListItem","position":1,"name":"Home","item":"https:\/\/themeholt.com\/fr\/"},{"@type":"ListItem","position":2,"name":"Shop","item":"https:\/\/themeholt.com\/shop\/"},{"@type":"ListItem","position":3,"name":"\u00c9glise"}]},{"@type":"WebSite","@id":"https:\/\/themeholt.com\/#website","url":"https:\/\/themeholt.com\/","name":"ThemeHolt","description":"Themeholt is a website that offers high-quality WordPress themes","publisher":{"@id":"https:\/\/themeholt.com\/#organization"},"potentialAction":[{"@type":"SearchAction","target":{"@type":"EntryPoint","urlTemplate":"https:\/\/themeholt.com\/?s={search_term_string}"},"query-input":{"@type":"PropertyValueSpecification","valueRequired":true,"valueName":"search_term_string"}}],"inLanguage":"fr-FR"},{"@type":"Organization","@id":"https:\/\/themeholt.com\/#organization","name":"ThemeHolt","alternateName":"ThemeHolt","url":"https:\/\/themeholt.com\/","logo":{"@type":"ImageObject","inLanguage":"fr-FR","@id":"https:\/\/themeholt.com\/#\/schema\/logo\/image\/","url":"https:\/\/themeholt.com\/wp-content\/uploads\/2024\/10\/themeholt.png","contentUrl":"https:\/\/themeholt.com\/wp-content\/uploads\/2024\/10\/themeholt.png","width":225,"height":225,"caption":"ThemeHolt"},"image":{"@id":"https:\/\/themeholt.com\/#\/schema\/logo\/image\/"},"sameAs":["https:\/\/www.facebook.com\/themeholtT","https:\/\/x.com\/ThemeholtT","https:\/\/www.linkedin.com\/company\/themeholt","https:\/\/www.instagram.com\/themeholtt\/"],"description":"Themeholt is a website that offers high-quality WordPress themes that are easy to use and ready for just about everything. In Eindhoven, Netherlands, since 2020 offering simple, accessible WordPress themes by providing a variety of requirements. Themeholt focuses on practicality and efficiency, allowing faster project completion with its superior marketplace and easy-to-use templates.","legalName":"ThemeHolt","foundingDate":"2022-11-10","numberOfEmployees":{"@type":"QuantitativeValue","minValue":"51","maxValue":"200"}}]}},"_links":{"self":[{"href":"https:\/\/themeholt.com\/fr\/wp-json\/wp\/v2\/product\/13362","targetHints":{"allow":["GET"]}}],"collection":[{"href":"https:\/\/themeholt.com\/fr\/wp-json\/wp\/v2\/product"}],"about":[{"href":"https:\/\/themeholt.com\/fr\/wp-json\/wp\/v2\/types\/product"}],"wp:featuredmedia":[{"embeddable":true,"href":"https:\/\/themeholt.com\/fr\/wp-json\/wp\/v2\/media\/13364"}],"wp:attachment":[{"href":"https:\/\/themeholt.com\/fr\/wp-json\/wp\/v2\/media?parent=13362"}],"wp:term":[{"taxonomy":"product_brand","embeddable":true,"href":"https:\/\/themeholt.com\/fr\/wp-json\/wp\/v2\/product_brand?post=13362"},{"taxonomy":"product_cat","embeddable":true,"href":"https:\/\/themeholt.com\/fr\/wp-json\/wp\/v2\/product_cat?post=13362"},{"taxonomy":"product_tag","embeddable":true,"href":"https:\/\/themeholt.com\/fr\/wp-json\/wp\/v2\/product_tag?post=13362"}],"curies":[{"name":"wp","href":"https:\/\/api.w.org\/{rel}","templated":true}]}}