{"id":13366,"date":"2022-04-22T13:01:50","date_gmt":"2022-04-22T13:01:50","guid":{"rendered":"https:\/\/themeholt.com\/product\/agency-3\/"},"modified":"2024-10-18T09:04:57","modified_gmt":"2024-10-18T09:04:57","slug":"agence-3","status":"publish","type":"product","link":"https:\/\/themeholt.com\/fr\/product\/agence-3\/","title":{"rendered":"Agence 3"},"content":{"rendered":"<p><span style=\"font-weight: 400\">Bienvenue dans le monde d&rsquo;Agency 3, o\u00f9 la cr\u00e9ativit\u00e9 rencontre la fonctionnalit\u00e9 dans les <\/span><b>meilleurs th\u00e8mes WordPress d&rsquo;Agency 3<\/b><span style=\"font-weight: 400\">. Si vous \u00eates une agence \u00e0 la recherche de la plate-forme id\u00e9ale pour pr\u00e9senter votre travail et captiver votre public, ne cherchez pas plus loin. Agency 3 offre de nombreuses fonctionnalit\u00e9s et options de personnalisation, ce qui en fait l&rsquo;un des meilleurs choix pour les agences de tous types.<\/span><\/p>\n<p><span style=\"font-weight: 400\">L&rsquo;une des caract\u00e9ristiques remarquables d&rsquo;Agency 3 est ses superbes mises en page de portefeuille. Avec de multiples options, vous pouvez facilement afficher vos projets d&rsquo;une mani\u00e8re visuellement attrayante et organis\u00e9e. Que vous pr\u00e9f\u00e9riez les galeries bas\u00e9es sur une grille, les affichages de style ma\u00e7onnerie ou m\u00eame les curseurs interactifs, <\/span><b>Ultra WordPress Agency 3 Themes<\/b><span style=\"font-weight: 400\"> vous couvre. Ce th\u00e8me offre la flexibilit\u00e9 de pr\u00e9senter votre travail d&rsquo;une mani\u00e8re qui repr\u00e9sente v\u00e9ritablement le style et l&rsquo;esth\u00e9tique uniques de votre agence.<\/p>\n","protected":false},"excerpt":{"rendered":"<ul>\n<li>Pages de service<\/li>\n<li>Fonctionnalit\u00e9s de blogging<\/li>\n<li>Optimisation du r\u00e9f\u00e9rencement<\/li>\n<li>Int\u00e9gration des m\u00e9dias sociaux<\/li>\n<li>Options de personnalisation<\/li>\n<li>\u00c9tudes de cas<\/li>\n<li>Support et mises \u00e0 jour continus<\/li>\n<li>Membres de l&rsquo;\u00e9quipe<\/li>\n<li>T\u00e9moignages<\/li>\n<li>Tableaux de prix<\/li>\n<li>Formulaires de contact<\/li>\n<li>Int\u00e9gration avec les outils de gestion de projet<\/li>\n<li>Widgets personnalis\u00e9s<\/li>\n<li>Connexion client<\/li>\n<\/ul>\n","protected":false},"featured_media":13368,"template":"","meta":{"_acf_changed":false,"inline_featured_image":false},"product_brand":[],"product_cat":[956],"product_tag":[1040,1041,1042,1043],"class_list":{"0":"post-13366","1":"product","2":"type-product","3":"status-publish","4":"has-post-thumbnail","6":"product_cat-premium-themes-fr","7":"product_tag-advance-business-themes-fr","8":"product_tag-business-fr","9":"product_tag-business-wordpress-themes-fr","10":"product_tag-themes-for-bussiness-event-fr","12":"first","13":"instock","14":"sale","15":"downloadable","16":"taxable","17":"shipping-taxable","18":"purchasable","19":"product-type-simple"},"acf":[],"yoast_head":"<!-- This site is optimized with the Yoast SEO Premium plugin v22.1 (Yoast SEO v26.0) - https:\/\/yoast.com\/wordpress\/plugins\/seo\/ -->\n<title>Th\u00e8mes Wordpress pour agences | Mod\u00e8les de sites Web d&#039;agences<\/title>\n<meta name=\"description\" content=\"D\u00e9couvrez les meilleurs mod\u00e8les de sites Web d&#039;agence pour votre site Web d&#039;agence. D\u00e9couvrez nos th\u00e8mes simples, \u00e9l\u00e9gants et conviviaux qui sont parfaits pour les agences. Achetez maintenant !\" \/>\n<meta name=\"robots\" content=\"index, follow, max-snippet:-1, max-image-preview:large, max-video-preview:-1\" \/>\n<link rel=\"canonical\" href=\"https:\/\/themeholt.com\/fr\/product\/agence-3\/\" \/>\n<meta property=\"og:locale\" content=\"fr_FR\" \/>\n<meta property=\"og:type\" content=\"article\" \/>\n<meta property=\"og:title\" content=\"Agence 3\" \/>\n<meta property=\"og:description\" content=\"D\u00e9couvrez les meilleurs mod\u00e8les de sites Web d&#039;agence pour votre site Web d&#039;agence. D\u00e9couvrez nos th\u00e8mes simples, \u00e9l\u00e9gants et conviviaux qui sont parfaits pour les agences. Achetez maintenant !\" \/>\n<meta property=\"og:url\" content=\"https:\/\/themeholt.com\/fr\/product\/agence-3\/\" \/>\n<meta property=\"og:site_name\" content=\"ThemeHolt\" \/>\n<meta property=\"article:publisher\" content=\"https:\/\/www.facebook.com\/themeholtT\" \/>\n<meta property=\"article:modified_time\" content=\"2024-10-18T09:04:57+00:00\" \/>\n<meta property=\"og:image\" content=\"https:\/\/themeholt.com\/wp-content\/uploads\/2022\/04\/Website-Builder-Theme-1.jpg\" \/>\n\t<meta property=\"og:image:width\" content=\"1300\" \/>\n\t<meta property=\"og:image:height\" content=\"1300\" \/>\n\t<meta property=\"og:image:type\" content=\"image\/jpeg\" \/>\n<meta name=\"twitter:card\" content=\"summary_large_image\" \/>\n<meta name=\"twitter:site\" content=\"@ThemeholtT\" \/>\n<meta name=\"twitter:label1\" content=\"Dur\u00e9e de lecture estim\u00e9e\" \/>\n\t<meta name=\"twitter:data1\" content=\"1 minute\" \/>\n<script type=\"application\/ld+json\" class=\"yoast-schema-graph\">{\"@context\":\"https:\/\/schema.org\",\"@graph\":[{\"@type\":\"WebPage\",\"@id\":\"https:\/\/themeholt.com\/fr\/product\/agence-3\/\",\"url\":\"https:\/\/themeholt.com\/fr\/product\/agence-3\/\",\"name\":\"Th\u00e8mes Wordpress pour agences | Mod\u00e8les de sites Web d'agences\",\"isPartOf\":{\"@id\":\"https:\/\/themeholt.com\/#website\"},\"primaryImageOfPage\":{\"@id\":\"https:\/\/themeholt.com\/fr\/product\/agence-3\/#primaryimage\"},\"image\":{\"@id\":\"https:\/\/themeholt.com\/fr\/product\/agence-3\/#primaryimage\"},\"thumbnailUrl\":\"https:\/\/themeholt.com\/wp-content\/uploads\/2022\/04\/Website-Builder-Theme-1.jpg\",\"datePublished\":\"2022-04-22T13:01:50+00:00\",\"dateModified\":\"2024-10-18T09:04:57+00:00\",\"description\":\"D\u00e9couvrez les meilleurs mod\u00e8les de sites Web d'agence pour votre site Web d'agence. D\u00e9couvrez nos th\u00e8mes simples, \u00e9l\u00e9gants et conviviaux qui sont parfaits pour les agences. Achetez maintenant !\",\"breadcrumb\":{\"@id\":\"https:\/\/themeholt.com\/fr\/product\/agence-3\/#breadcrumb\"},\"inLanguage\":\"fr-FR\",\"potentialAction\":[{\"@type\":\"ReadAction\",\"target\":[\"https:\/\/themeholt.com\/fr\/product\/agence-3\/\"]}]},{\"@type\":\"ImageObject\",\"inLanguage\":\"fr-FR\",\"@id\":\"https:\/\/themeholt.com\/fr\/product\/agence-3\/#primaryimage\",\"url\":\"https:\/\/themeholt.com\/wp-content\/uploads\/2022\/04\/Website-Builder-Theme-1.jpg\",\"contentUrl\":\"https:\/\/themeholt.com\/wp-content\/uploads\/2022\/04\/Website-Builder-Theme-1.jpg\",\"width\":1300,\"height\":1300},{\"@type\":\"BreadcrumbList\",\"@id\":\"https:\/\/themeholt.com\/fr\/product\/agence-3\/#breadcrumb\",\"itemListElement\":[{\"@type\":\"ListItem\",\"position\":1,\"name\":\"Home\",\"item\":\"https:\/\/themeholt.com\/fr\/\"},{\"@type\":\"ListItem\",\"position\":2,\"name\":\"Shop\",\"item\":\"https:\/\/themeholt.com\/shop\/\"},{\"@type\":\"ListItem\",\"position\":3,\"name\":\"Agence 3\"}]},{\"@type\":\"WebSite\",\"@id\":\"https:\/\/themeholt.com\/#website\",\"url\":\"https:\/\/themeholt.com\/\",\"name\":\"ThemeHolt\",\"description\":\"Themeholt is a website that offers high-quality WordPress themes\",\"publisher\":{\"@id\":\"https:\/\/themeholt.com\/#organization\"},\"potentialAction\":[{\"@type\":\"SearchAction\",\"target\":{\"@type\":\"EntryPoint\",\"urlTemplate\":\"https:\/\/themeholt.com\/?s={search_term_string}\"},\"query-input\":{\"@type\":\"PropertyValueSpecification\",\"valueRequired\":true,\"valueName\":\"search_term_string\"}}],\"inLanguage\":\"fr-FR\"},{\"@type\":\"Organization\",\"@id\":\"https:\/\/themeholt.com\/#organization\",\"name\":\"ThemeHolt\",\"alternateName\":\"ThemeHolt\",\"url\":\"https:\/\/themeholt.com\/\",\"logo\":{\"@type\":\"ImageObject\",\"inLanguage\":\"fr-FR\",\"@id\":\"https:\/\/themeholt.com\/#\/schema\/logo\/image\/\",\"url\":\"https:\/\/themeholt.com\/wp-content\/uploads\/2024\/10\/themeholt.png\",\"contentUrl\":\"https:\/\/themeholt.com\/wp-content\/uploads\/2024\/10\/themeholt.png\",\"width\":225,\"height\":225,\"caption\":\"ThemeHolt\"},\"image\":{\"@id\":\"https:\/\/themeholt.com\/#\/schema\/logo\/image\/\"},\"sameAs\":[\"https:\/\/www.facebook.com\/themeholtT\",\"https:\/\/x.com\/ThemeholtT\",\"https:\/\/www.linkedin.com\/company\/themeholt\",\"https:\/\/www.instagram.com\/themeholtt\/\"],\"description\":\"Themeholt is a website that offers high-quality WordPress themes that are easy to use and ready for just about everything. In Eindhoven, Netherlands, since 2020 offering simple, accessible WordPress themes by providing a variety of requirements. Themeholt focuses on practicality and efficiency, allowing faster project completion with its superior marketplace and easy-to-use templates.\",\"legalName\":\"ThemeHolt\",\"foundingDate\":\"2022-11-10\",\"numberOfEmployees\":{\"@type\":\"QuantitativeValue\",\"minValue\":\"51\",\"maxValue\":\"200\"}}]}<\/script>\n<!-- \/ Yoast SEO Premium plugin. -->","yoast_head_json":{"title":"Th\u00e8mes Wordpress pour agences | Mod\u00e8les de sites Web d'agences","description":"D\u00e9couvrez les meilleurs mod\u00e8les de sites Web d'agence pour votre site Web d'agence. D\u00e9couvrez nos th\u00e8mes simples, \u00e9l\u00e9gants et conviviaux qui sont parfaits pour les agences. Achetez maintenant !","robots":{"index":"index","follow":"follow","max-snippet":"max-snippet:-1","max-image-preview":"max-image-preview:large","max-video-preview":"max-video-preview:-1"},"canonical":"https:\/\/themeholt.com\/fr\/product\/agence-3\/","og_locale":"fr_FR","og_type":"article","og_title":"Agence 3","og_description":"D\u00e9couvrez les meilleurs mod\u00e8les de sites Web d'agence pour votre site Web d'agence. D\u00e9couvrez nos th\u00e8mes simples, \u00e9l\u00e9gants et conviviaux qui sont parfaits pour les agences. Achetez maintenant !","og_url":"https:\/\/themeholt.com\/fr\/product\/agence-3\/","og_site_name":"ThemeHolt","article_publisher":"https:\/\/www.facebook.com\/themeholtT","article_modified_time":"2024-10-18T09:04:57+00:00","og_image":[{"width":1300,"height":1300,"url":"https:\/\/themeholt.com\/wp-content\/uploads\/2022\/04\/Website-Builder-Theme-1.jpg","type":"image\/jpeg"}],"twitter_card":"summary_large_image","twitter_site":"@ThemeholtT","twitter_misc":{"Dur\u00e9e de lecture estim\u00e9e":"1 minute"},"schema":{"@context":"https:\/\/schema.org","@graph":[{"@type":"WebPage","@id":"https:\/\/themeholt.com\/fr\/product\/agence-3\/","url":"https:\/\/themeholt.com\/fr\/product\/agence-3\/","name":"Th\u00e8mes Wordpress pour agences | Mod\u00e8les de sites Web d'agences","isPartOf":{"@id":"https:\/\/themeholt.com\/#website"},"primaryImageOfPage":{"@id":"https:\/\/themeholt.com\/fr\/product\/agence-3\/#primaryimage"},"image":{"@id":"https:\/\/themeholt.com\/fr\/product\/agence-3\/#primaryimage"},"thumbnailUrl":"https:\/\/themeholt.com\/wp-content\/uploads\/2022\/04\/Website-Builder-Theme-1.jpg","datePublished":"2022-04-22T13:01:50+00:00","dateModified":"2024-10-18T09:04:57+00:00","description":"D\u00e9couvrez les meilleurs mod\u00e8les de sites Web d'agence pour votre site Web d'agence. D\u00e9couvrez nos th\u00e8mes simples, \u00e9l\u00e9gants et conviviaux qui sont parfaits pour les agences. Achetez maintenant !","breadcrumb":{"@id":"https:\/\/themeholt.com\/fr\/product\/agence-3\/#breadcrumb"},"inLanguage":"fr-FR","potentialAction":[{"@type":"ReadAction","target":["https:\/\/themeholt.com\/fr\/product\/agence-3\/"]}]},{"@type":"ImageObject","inLanguage":"fr-FR","@id":"https:\/\/themeholt.com\/fr\/product\/agence-3\/#primaryimage","url":"https:\/\/themeholt.com\/wp-content\/uploads\/2022\/04\/Website-Builder-Theme-1.jpg","contentUrl":"https:\/\/themeholt.com\/wp-content\/uploads\/2022\/04\/Website-Builder-Theme-1.jpg","width":1300,"height":1300},{"@type":"BreadcrumbList","@id":"https:\/\/themeholt.com\/fr\/product\/agence-3\/#breadcrumb","itemListElement":[{"@type":"ListItem","position":1,"name":"Home","item":"https:\/\/themeholt.com\/fr\/"},{"@type":"ListItem","position":2,"name":"Shop","item":"https:\/\/themeholt.com\/shop\/"},{"@type":"ListItem","position":3,"name":"Agence 3"}]},{"@type":"WebSite","@id":"https:\/\/themeholt.com\/#website","url":"https:\/\/themeholt.com\/","name":"ThemeHolt","description":"Themeholt is a website that offers high-quality WordPress themes","publisher":{"@id":"https:\/\/themeholt.com\/#organization"},"potentialAction":[{"@type":"SearchAction","target":{"@type":"EntryPoint","urlTemplate":"https:\/\/themeholt.com\/?s={search_term_string}"},"query-input":{"@type":"PropertyValueSpecification","valueRequired":true,"valueName":"search_term_string"}}],"inLanguage":"fr-FR"},{"@type":"Organization","@id":"https:\/\/themeholt.com\/#organization","name":"ThemeHolt","alternateName":"ThemeHolt","url":"https:\/\/themeholt.com\/","logo":{"@type":"ImageObject","inLanguage":"fr-FR","@id":"https:\/\/themeholt.com\/#\/schema\/logo\/image\/","url":"https:\/\/themeholt.com\/wp-content\/uploads\/2024\/10\/themeholt.png","contentUrl":"https:\/\/themeholt.com\/wp-content\/uploads\/2024\/10\/themeholt.png","width":225,"height":225,"caption":"ThemeHolt"},"image":{"@id":"https:\/\/themeholt.com\/#\/schema\/logo\/image\/"},"sameAs":["https:\/\/www.facebook.com\/themeholtT","https:\/\/x.com\/ThemeholtT","https:\/\/www.linkedin.com\/company\/themeholt","https:\/\/www.instagram.com\/themeholtt\/"],"description":"Themeholt is a website that offers high-quality WordPress themes that are easy to use and ready for just about everything. In Eindhoven, Netherlands, since 2020 offering simple, accessible WordPress themes by providing a variety of requirements. Themeholt focuses on practicality and efficiency, allowing faster project completion with its superior marketplace and easy-to-use templates.","legalName":"ThemeHolt","foundingDate":"2022-11-10","numberOfEmployees":{"@type":"QuantitativeValue","minValue":"51","maxValue":"200"}}]}},"_links":{"self":[{"href":"https:\/\/themeholt.com\/fr\/wp-json\/wp\/v2\/product\/13366","targetHints":{"allow":["GET"]}}],"collection":[{"href":"https:\/\/themeholt.com\/fr\/wp-json\/wp\/v2\/product"}],"about":[{"href":"https:\/\/themeholt.com\/fr\/wp-json\/wp\/v2\/types\/product"}],"wp:featuredmedia":[{"embeddable":true,"href":"https:\/\/themeholt.com\/fr\/wp-json\/wp\/v2\/media\/13368"}],"wp:attachment":[{"href":"https:\/\/themeholt.com\/fr\/wp-json\/wp\/v2\/media?parent=13366"}],"wp:term":[{"taxonomy":"product_brand","embeddable":true,"href":"https:\/\/themeholt.com\/fr\/wp-json\/wp\/v2\/product_brand?post=13366"},{"taxonomy":"product_cat","embeddable":true,"href":"https:\/\/themeholt.com\/fr\/wp-json\/wp\/v2\/product_cat?post=13366"},{"taxonomy":"product_tag","embeddable":true,"href":"https:\/\/themeholt.com\/fr\/wp-json\/wp\/v2\/product_tag?post=13366"}],"curies":[{"name":"wp","href":"https:\/\/api.w.org\/{rel}","templated":true}]}}