{"id":13399,"date":"2022-04-21T19:35:02","date_gmt":"2022-04-21T19:35:02","guid":{"rendered":"https:\/\/themeholt.com\/product\/construction\/"},"modified":"2024-10-18T09:21:47","modified_gmt":"2024-10-18T09:21:47","slug":"construction","status":"publish","type":"product","link":"https:\/\/themeholt.com\/fr\/product\/construction\/","title":{"rendered":"Construction"},"content":{"rendered":"<p><span style=\"font-weight: 400\">Avec plus de deux d\u00e9cennies d&rsquo;exp\u00e9rience dans le domaine de la sous-traitance et de la construction, nous apportons des connaissances et des connaissances approfondies pour fournir des solutions industrielles compl\u00e8tes pour vos projets de d\u00e9veloppement \u00e0 venir. Lors de l&rsquo;\u00e9tablissement d&rsquo;une pr\u00e9sence en ligne solide, <\/span><b>Construction WordPress Themes<\/b><span style=\"font-weight: 400\"> appara\u00eet comme un outil puissant pour les entreprises de construction, les entrepreneurs, les constructeurs et les autres entreprises du secteur de la construction.<\/span><\/p>\n<p><span style=\"font-weight: 400\">Il est sp\u00e9cialement con\u00e7u pour offrir une plate-forme belle et conviviale qui pr\u00e9sente vos projets termin\u00e9s, fait la promotion de vos services et favorise l&rsquo;engagement avec les clients et les abonn\u00e9s. Ces th\u00e8mes offrent une gamme de fonctionnalit\u00e9s et d&rsquo;options de personnalisation, vous permettant de cr\u00e9er une exp\u00e9rience unique et personnalis\u00e9e qui s&rsquo;aligne sur votre marque et vous distingue de vos concurrents. <\/span><\/p>\n","protected":false},"excerpt":{"rendered":"<ul>\n<li style=\"font-weight: 400\"><span style=\"font-weight: 400\">Mise en page enti\u00e8rement r\u00e9active<\/span><\/li>\n<li style=\"font-weight: 400\"><span style=\"font-weight: 400\">Interface frontale claire et simple<\/span><\/li>\n<li style=\"font-weight: 400\"><span style=\"font-weight: 400\">30 mod\u00e8les de pages de d\u00e9monstration<\/span><\/li>\n<li style=\"font-weight: 400\"><span style=\"font-weight: 400\">Google Maps facile \u00e0 configurer<\/span><\/li>\n<li style=\"font-weight: 400\"><span style=\"font-weight: 400\">Bien document\u00e9<\/span><\/li>\n<li style=\"font-weight: 400\"><span style=\"font-weight: 400\">Conception professionnelle<\/span><\/li>\n<li style=\"font-weight: 400\"><span style=\"font-weight: 400\">Conception r\u00e9active<\/span><\/li>\n<li style=\"font-weight: 400\"><span style=\"font-weight: 400\">Portefeuille de projets<\/span><\/li>\n<li style=\"font-weight: 400\"><span style=\"font-weight: 400\">Pages de services<\/span><\/li>\n<li style=\"font-weight: 400\"><span style=\"font-weight: 400\">Fonctionnalit\u00e9s de blogging<\/span><\/li>\n<li style=\"font-weight: 400\"><span style=\"font-weight: 400\">Optimisation SEO<\/span><\/li>\n<li style=\"font-weight: 400\"><span style=\"font-weight: 400\">Int\u00e9gration des m\u00e9dias sociaux<\/span><\/li>\n<li style=\"font-weight: 400\"><span style=\"font-weight: 400\">Options de personnalisation<\/span><\/li>\n<li style=\"font-weight: 400\"><span style=\"font-weight: 400\">Support et mises \u00e0 jour continuesFormulaires de contact<br \/>\n<\/span><\/li>\n<\/ul>\n","protected":false},"featured_media":13400,"template":"","meta":{"_acf_changed":false,"inline_featured_image":false},"product_brand":[],"product_cat":[983],"product_tag":[1051,1052,1053],"class_list":{"0":"post-13399","1":"product","2":"type-product","3":"status-publish","4":"has-post-thumbnail","6":"product_cat-best-seller-fr","7":"product_tag-best-construction-templates-fr","8":"product_tag-construction-fr","9":"product_tag-construction-themes-fr","11":"first","12":"instock","13":"sale","14":"downloadable","15":"taxable","16":"shipping-taxable","17":"purchasable","18":"product-type-simple"},"acf":[],"yoast_head":"<!-- This site is optimized with the Yoast SEO Premium plugin v22.1 (Yoast SEO v26.0) - https:\/\/yoast.com\/wordpress\/plugins\/seo\/ -->\n<title>Meilleurs mod\u00e8les de construction | Th\u00e8mes WordPress pour la construction<\/title>\n<meta name=\"description\" content=\"D\u00e9couvrez des th\u00e8mes WordPress de construction haut de gamme pour votre projet. Trouvez des outils puissants, des designs et des mod\u00e8les \u00e9poustouflants pour votre site Web de construction. Commencez d\u00e8s aujourd&#039;hui\u00a0!\" \/>\n<meta name=\"robots\" content=\"index, follow, max-snippet:-1, max-image-preview:large, max-video-preview:-1\" \/>\n<link rel=\"canonical\" href=\"https:\/\/themeholt.com\/fr\/product\/construction\/\" \/>\n<meta property=\"og:locale\" content=\"fr_FR\" \/>\n<meta property=\"og:type\" content=\"article\" \/>\n<meta property=\"og:title\" content=\"Construction\" \/>\n<meta property=\"og:description\" content=\"D\u00e9couvrez des th\u00e8mes WordPress de construction haut de gamme pour votre projet. Trouvez des outils puissants, des designs et des mod\u00e8les \u00e9poustouflants pour votre site Web de construction. Commencez d\u00e8s aujourd&#039;hui\u00a0!\" \/>\n<meta property=\"og:url\" content=\"https:\/\/themeholt.com\/fr\/product\/construction\/\" \/>\n<meta property=\"og:site_name\" content=\"ThemeHolt\" \/>\n<meta property=\"article:publisher\" content=\"https:\/\/www.facebook.com\/themeholtT\" \/>\n<meta property=\"article:modified_time\" content=\"2024-10-18T09:21:47+00:00\" \/>\n<meta property=\"og:image\" content=\"https:\/\/themeholt.com\/wp-content\/uploads\/2022\/04\/construction-Companies-theme.jpg\" \/>\n\t<meta property=\"og:image:width\" content=\"1300\" \/>\n\t<meta property=\"og:image:height\" content=\"1300\" \/>\n\t<meta property=\"og:image:type\" content=\"image\/jpeg\" \/>\n<meta name=\"twitter:card\" content=\"summary_large_image\" \/>\n<meta name=\"twitter:site\" content=\"@ThemeholtT\" \/>\n<meta name=\"twitter:label1\" content=\"Dur\u00e9e de lecture estim\u00e9e\" \/>\n\t<meta name=\"twitter:data1\" content=\"1 minute\" \/>\n<script type=\"application\/ld+json\" class=\"yoast-schema-graph\">{\"@context\":\"https:\/\/schema.org\",\"@graph\":[{\"@type\":\"WebPage\",\"@id\":\"https:\/\/themeholt.com\/fr\/product\/construction\/\",\"url\":\"https:\/\/themeholt.com\/fr\/product\/construction\/\",\"name\":\"Meilleurs mod\u00e8les de construction | Th\u00e8mes WordPress pour la construction\",\"isPartOf\":{\"@id\":\"https:\/\/themeholt.com\/#website\"},\"primaryImageOfPage\":{\"@id\":\"https:\/\/themeholt.com\/fr\/product\/construction\/#primaryimage\"},\"image\":{\"@id\":\"https:\/\/themeholt.com\/fr\/product\/construction\/#primaryimage\"},\"thumbnailUrl\":\"https:\/\/themeholt.com\/wp-content\/uploads\/2022\/04\/construction-Companies-theme.jpg\",\"datePublished\":\"2022-04-21T19:35:02+00:00\",\"dateModified\":\"2024-10-18T09:21:47+00:00\",\"description\":\"D\u00e9couvrez des th\u00e8mes WordPress de construction haut de gamme pour votre projet. Trouvez des outils puissants, des designs et des mod\u00e8les \u00e9poustouflants pour votre site Web de construction. Commencez d\u00e8s aujourd'hui\u00a0!\",\"breadcrumb\":{\"@id\":\"https:\/\/themeholt.com\/fr\/product\/construction\/#breadcrumb\"},\"inLanguage\":\"fr-FR\",\"potentialAction\":[{\"@type\":\"ReadAction\",\"target\":[\"https:\/\/themeholt.com\/fr\/product\/construction\/\"]}]},{\"@type\":\"ImageObject\",\"inLanguage\":\"fr-FR\",\"@id\":\"https:\/\/themeholt.com\/fr\/product\/construction\/#primaryimage\",\"url\":\"https:\/\/themeholt.com\/wp-content\/uploads\/2022\/04\/construction-Companies-theme.jpg\",\"contentUrl\":\"https:\/\/themeholt.com\/wp-content\/uploads\/2022\/04\/construction-Companies-theme.jpg\",\"width\":1300,\"height\":1300},{\"@type\":\"BreadcrumbList\",\"@id\":\"https:\/\/themeholt.com\/fr\/product\/construction\/#breadcrumb\",\"itemListElement\":[{\"@type\":\"ListItem\",\"position\":1,\"name\":\"Home\",\"item\":\"https:\/\/themeholt.com\/fr\/\"},{\"@type\":\"ListItem\",\"position\":2,\"name\":\"Shop\",\"item\":\"https:\/\/themeholt.com\/shop\/\"},{\"@type\":\"ListItem\",\"position\":3,\"name\":\"Construction\"}]},{\"@type\":\"WebSite\",\"@id\":\"https:\/\/themeholt.com\/#website\",\"url\":\"https:\/\/themeholt.com\/\",\"name\":\"ThemeHolt\",\"description\":\"Themeholt is a website that offers high-quality WordPress themes\",\"publisher\":{\"@id\":\"https:\/\/themeholt.com\/#organization\"},\"potentialAction\":[{\"@type\":\"SearchAction\",\"target\":{\"@type\":\"EntryPoint\",\"urlTemplate\":\"https:\/\/themeholt.com\/?s={search_term_string}\"},\"query-input\":{\"@type\":\"PropertyValueSpecification\",\"valueRequired\":true,\"valueName\":\"search_term_string\"}}],\"inLanguage\":\"fr-FR\"},{\"@type\":\"Organization\",\"@id\":\"https:\/\/themeholt.com\/#organization\",\"name\":\"ThemeHolt\",\"alternateName\":\"ThemeHolt\",\"url\":\"https:\/\/themeholt.com\/\",\"logo\":{\"@type\":\"ImageObject\",\"inLanguage\":\"fr-FR\",\"@id\":\"https:\/\/themeholt.com\/#\/schema\/logo\/image\/\",\"url\":\"https:\/\/themeholt.com\/wp-content\/uploads\/2024\/10\/themeholt.png\",\"contentUrl\":\"https:\/\/themeholt.com\/wp-content\/uploads\/2024\/10\/themeholt.png\",\"width\":225,\"height\":225,\"caption\":\"ThemeHolt\"},\"image\":{\"@id\":\"https:\/\/themeholt.com\/#\/schema\/logo\/image\/\"},\"sameAs\":[\"https:\/\/www.facebook.com\/themeholtT\",\"https:\/\/x.com\/ThemeholtT\",\"https:\/\/www.linkedin.com\/company\/themeholt\",\"https:\/\/www.instagram.com\/themeholtt\/\"],\"description\":\"Themeholt is a website that offers high-quality WordPress themes that are easy to use and ready for just about everything. In Eindhoven, Netherlands, since 2020 offering simple, accessible WordPress themes by providing a variety of requirements. Themeholt focuses on practicality and efficiency, allowing faster project completion with its superior marketplace and easy-to-use templates.\",\"legalName\":\"ThemeHolt\",\"foundingDate\":\"2022-11-10\",\"numberOfEmployees\":{\"@type\":\"QuantitativeValue\",\"minValue\":\"51\",\"maxValue\":\"200\"}}]}<\/script>\n<!-- \/ Yoast SEO Premium plugin. -->","yoast_head_json":{"title":"Meilleurs mod\u00e8les de construction | Th\u00e8mes WordPress pour la construction","description":"D\u00e9couvrez des th\u00e8mes WordPress de construction haut de gamme pour votre projet. Trouvez des outils puissants, des designs et des mod\u00e8les \u00e9poustouflants pour votre site Web de construction. Commencez d\u00e8s aujourd'hui\u00a0!","robots":{"index":"index","follow":"follow","max-snippet":"max-snippet:-1","max-image-preview":"max-image-preview:large","max-video-preview":"max-video-preview:-1"},"canonical":"https:\/\/themeholt.com\/fr\/product\/construction\/","og_locale":"fr_FR","og_type":"article","og_title":"Construction","og_description":"D\u00e9couvrez des th\u00e8mes WordPress de construction haut de gamme pour votre projet. Trouvez des outils puissants, des designs et des mod\u00e8les \u00e9poustouflants pour votre site Web de construction. Commencez d\u00e8s aujourd'hui\u00a0!","og_url":"https:\/\/themeholt.com\/fr\/product\/construction\/","og_site_name":"ThemeHolt","article_publisher":"https:\/\/www.facebook.com\/themeholtT","article_modified_time":"2024-10-18T09:21:47+00:00","og_image":[{"width":1300,"height":1300,"url":"https:\/\/themeholt.com\/wp-content\/uploads\/2022\/04\/construction-Companies-theme.jpg","type":"image\/jpeg"}],"twitter_card":"summary_large_image","twitter_site":"@ThemeholtT","twitter_misc":{"Dur\u00e9e de lecture estim\u00e9e":"1 minute"},"schema":{"@context":"https:\/\/schema.org","@graph":[{"@type":"WebPage","@id":"https:\/\/themeholt.com\/fr\/product\/construction\/","url":"https:\/\/themeholt.com\/fr\/product\/construction\/","name":"Meilleurs mod\u00e8les de construction | Th\u00e8mes WordPress pour la construction","isPartOf":{"@id":"https:\/\/themeholt.com\/#website"},"primaryImageOfPage":{"@id":"https:\/\/themeholt.com\/fr\/product\/construction\/#primaryimage"},"image":{"@id":"https:\/\/themeholt.com\/fr\/product\/construction\/#primaryimage"},"thumbnailUrl":"https:\/\/themeholt.com\/wp-content\/uploads\/2022\/04\/construction-Companies-theme.jpg","datePublished":"2022-04-21T19:35:02+00:00","dateModified":"2024-10-18T09:21:47+00:00","description":"D\u00e9couvrez des th\u00e8mes WordPress de construction haut de gamme pour votre projet. Trouvez des outils puissants, des designs et des mod\u00e8les \u00e9poustouflants pour votre site Web de construction. Commencez d\u00e8s aujourd'hui\u00a0!","breadcrumb":{"@id":"https:\/\/themeholt.com\/fr\/product\/construction\/#breadcrumb"},"inLanguage":"fr-FR","potentialAction":[{"@type":"ReadAction","target":["https:\/\/themeholt.com\/fr\/product\/construction\/"]}]},{"@type":"ImageObject","inLanguage":"fr-FR","@id":"https:\/\/themeholt.com\/fr\/product\/construction\/#primaryimage","url":"https:\/\/themeholt.com\/wp-content\/uploads\/2022\/04\/construction-Companies-theme.jpg","contentUrl":"https:\/\/themeholt.com\/wp-content\/uploads\/2022\/04\/construction-Companies-theme.jpg","width":1300,"height":1300},{"@type":"BreadcrumbList","@id":"https:\/\/themeholt.com\/fr\/product\/construction\/#breadcrumb","itemListElement":[{"@type":"ListItem","position":1,"name":"Home","item":"https:\/\/themeholt.com\/fr\/"},{"@type":"ListItem","position":2,"name":"Shop","item":"https:\/\/themeholt.com\/shop\/"},{"@type":"ListItem","position":3,"name":"Construction"}]},{"@type":"WebSite","@id":"https:\/\/themeholt.com\/#website","url":"https:\/\/themeholt.com\/","name":"ThemeHolt","description":"Themeholt is a website that offers high-quality WordPress themes","publisher":{"@id":"https:\/\/themeholt.com\/#organization"},"potentialAction":[{"@type":"SearchAction","target":{"@type":"EntryPoint","urlTemplate":"https:\/\/themeholt.com\/?s={search_term_string}"},"query-input":{"@type":"PropertyValueSpecification","valueRequired":true,"valueName":"search_term_string"}}],"inLanguage":"fr-FR"},{"@type":"Organization","@id":"https:\/\/themeholt.com\/#organization","name":"ThemeHolt","alternateName":"ThemeHolt","url":"https:\/\/themeholt.com\/","logo":{"@type":"ImageObject","inLanguage":"fr-FR","@id":"https:\/\/themeholt.com\/#\/schema\/logo\/image\/","url":"https:\/\/themeholt.com\/wp-content\/uploads\/2024\/10\/themeholt.png","contentUrl":"https:\/\/themeholt.com\/wp-content\/uploads\/2024\/10\/themeholt.png","width":225,"height":225,"caption":"ThemeHolt"},"image":{"@id":"https:\/\/themeholt.com\/#\/schema\/logo\/image\/"},"sameAs":["https:\/\/www.facebook.com\/themeholtT","https:\/\/x.com\/ThemeholtT","https:\/\/www.linkedin.com\/company\/themeholt","https:\/\/www.instagram.com\/themeholtt\/"],"description":"Themeholt is a website that offers high-quality WordPress themes that are easy to use and ready for just about everything. In Eindhoven, Netherlands, since 2020 offering simple, accessible WordPress themes by providing a variety of requirements. Themeholt focuses on practicality and efficiency, allowing faster project completion with its superior marketplace and easy-to-use templates.","legalName":"ThemeHolt","foundingDate":"2022-11-10","numberOfEmployees":{"@type":"QuantitativeValue","minValue":"51","maxValue":"200"}}]}},"_links":{"self":[{"href":"https:\/\/themeholt.com\/fr\/wp-json\/wp\/v2\/product\/13399","targetHints":{"allow":["GET"]}}],"collection":[{"href":"https:\/\/themeholt.com\/fr\/wp-json\/wp\/v2\/product"}],"about":[{"href":"https:\/\/themeholt.com\/fr\/wp-json\/wp\/v2\/types\/product"}],"wp:featuredmedia":[{"embeddable":true,"href":"https:\/\/themeholt.com\/fr\/wp-json\/wp\/v2\/media\/13400"}],"wp:attachment":[{"href":"https:\/\/themeholt.com\/fr\/wp-json\/wp\/v2\/media?parent=13399"}],"wp:term":[{"taxonomy":"product_brand","embeddable":true,"href":"https:\/\/themeholt.com\/fr\/wp-json\/wp\/v2\/product_brand?post=13399"},{"taxonomy":"product_cat","embeddable":true,"href":"https:\/\/themeholt.com\/fr\/wp-json\/wp\/v2\/product_cat?post=13399"},{"taxonomy":"product_tag","embeddable":true,"href":"https:\/\/themeholt.com\/fr\/wp-json\/wp\/v2\/product_tag?post=13399"}],"curies":[{"name":"wp","href":"https:\/\/api.w.org\/{rel}","templated":true}]}}