{"id":29106,"date":"2024-03-21T12:51:56","date_gmt":"2024-03-21T12:51:56","guid":{"rendered":"https:\/\/themeholt.com\/about\/"},"modified":"2024-12-11T10:21:00","modified_gmt":"2024-12-11T10:21:00","slug":"di","status":"publish","type":"page","link":"https:\/\/themeholt.com\/it\/di\/","title":{"rendered":"Di"},"content":{"rendered":"\n<div class=\"wp-block-group\"><div class=\"wp-block-group__inner-container is-layout-flow wp-block-group-is-layout-flow\">\n<div class=\"wp-block-columns are-vertically-aligned-center is-layout-flex wp-container-core-columns-is-layout-9d6595d7 wp-block-columns-is-layout-flex\">\n<div class=\"wp-block-column is-vertically-aligned-center is-layout-flow wp-block-column-is-layout-flow\"><div class=\"wp-block-image\">\n<figure class=\"aligncenter size-full\"><img loading=\"lazy\" decoding=\"async\" width=\"721\" height=\"346\" src=\"https:\/\/themeholt.com\/wp-content\/uploads\/2024\/03\/various-coffee-time-templates-screen_23-2148433369-removebg-preview.png\" alt=\"\" class=\"wp-image-7219\" srcset=\"https:\/\/themeholt.com\/wp-content\/uploads\/2024\/03\/various-coffee-time-templates-screen_23-2148433369-removebg-preview.png 721w, https:\/\/themeholt.com\/wp-content\/uploads\/2024\/03\/various-coffee-time-templates-screen_23-2148433369-removebg-preview-300x144.png 300w, https:\/\/themeholt.com\/wp-content\/uploads\/2024\/03\/various-coffee-time-templates-screen_23-2148433369-removebg-preview-142x68.png 142w, https:\/\/themeholt.com\/wp-content\/uploads\/2024\/03\/various-coffee-time-templates-screen_23-2148433369-removebg-preview-679x326.png 679w, https:\/\/themeholt.com\/wp-content\/uploads\/2024\/03\/various-coffee-time-templates-screen_23-2148433369-removebg-preview-477x229.png 477w, https:\/\/themeholt.com\/wp-content\/uploads\/2024\/03\/various-coffee-time-templates-screen_23-2148433369-removebg-preview-600x288.png 600w\" sizes=\"auto, (max-width: 721px) 100vw, 721px\" \/><\/figure><\/div><\/div>\n\n\n\n<div class=\"wp-block-column is-vertically-aligned-center Welcome-1 is-layout-flow wp-block-column-is-layout-flow\">\n<h1 class=\"wp-block-heading About-Wordpress-head has-black-color has-text-color has-link-color wp-elements-cb9dff58b5b691f83065cc916a087008\" id=\"h-entra-nel-piu-grande-mercato-al-mondo-per-fantastici-temi-wordpress\"><strong>Entra nel pi\u00f9 grande mercato al mondo per fantastici temi WordPress<\/strong><\/h1>\n\n\n\n<p>Themeholt \u00e8 un sito web che offre temi WordPress di alta qualit\u00e0, facili da usare e pronti per quasi tutto. A Eindhoven, nei Paesi Bassi, dal 2020 offre temi WordPress semplici e accessibili, fornendo una variet\u00e0 di requisiti.<\/p>\n\n\n\n<p>Themeholt punta sulla praticit\u00e0 e sull&#8217;efficienza, consentendo un completamento pi\u00f9 rapido dei progetti grazie al suo marketplace di qualit\u00e0 superiore e ai modelli facili da usare.<\/p>\n<\/div>\n<\/div>\n<\/div><\/div>\n\n\n\n<p class=\"has-text-align-center\"><\/p>\n\n\n\n<div class=\"wp-block-columns is-layout-flex wp-container-core-columns-is-layout-9d6595d7 wp-block-columns-is-layout-flex\">\n<div class=\"wp-block-column is-layout-flow wp-block-column-is-layout-flow\" id=\"features-2\">\n<h3 class=\"wp-block-heading\" id=\"h-caratteristiche-del-tema-wordpress\"><strong>Caratteristiche del tema WordPress<\/strong><\/h3>\n<\/div>\n<\/div>\n\n\n\n<div class=\"wp-block-columns is-layout-flex wp-container-core-columns-is-layout-9d6595d7 wp-block-columns-is-layout-flex\">\n<div class=\"wp-block-column is-vertically-aligned-center solid-code1 is-layout-flow wp-block-column-is-layout-flow\">\n<h5 class=\"wp-block-heading has-text-align-center\" id=\"h-codice-solido\"><strong>Codice solido<\/strong><\/h5>\n\n\n\n<p class=\"has-text-align-center\">I nostri temi sono progettati con una codifica semplice e pulita, che garantisce velocit\u00e0 di caricamento elevate del sito web e una facile personalizzazione.<\/p>\n<\/div>\n\n\n\n<div class=\"wp-block-column is-vertically-aligned-center solid-code1 is-layout-flow wp-block-column-is-layout-flow\">\n<h5 class=\"wp-block-heading has-text-align-center\" id=\"h-personalizzazione-facile\"><strong>Personalizzazione facile<\/strong><\/h5>\n\n\n\n<p class=\"has-text-align-center\">Utilizzando i nostri strumenti di personalizzazione, puoi facilmente personalizzare e progettare i tuoi siti web in modo che appaiano esattamente come desideri.<\/p>\n<\/div>\n\n\n\n<div class=\"wp-block-column is-vertically-aligned-center solid-code1 is-layout-flow wp-block-column-is-layout-flow\">\n<h5 class=\"wp-block-heading has-text-align-center\" id=\"h-ottimizzazione-seo\"><strong>Ottimizzazione SEO<\/strong><\/h5>\n\n\n\n<p class=\"has-text-align-center\">Non preoccuparti, i nostri temi sono ottimizzati per i motori di ricerca, garantendo un&#8217;eccellente visibilit\u00e0 e un posizionamento elevato nella SERP di Google.<\/p>\n<\/div>\n<\/div>\n\n\n\n<div class=\"wp-block-columns is-layout-flex wp-container-core-columns-is-layout-9d6595d7 wp-block-columns-is-layout-flex\">\n<div class=\"wp-block-column is-vertically-aligned-center solid-code1 is-layout-flow wp-block-column-is-layout-flow\">\n<h5 class=\"wp-block-heading has-text-align-center\" id=\"h-temi-100-adatti-ai-dispositivi-mobili\"><strong><strong>Temi 100% adatti ai dispositivi mobili<\/strong><\/strong><\/h5>\n\n\n\n<p class=\"has-text-align-center\">Grazie ai nostri temi responsive, il tuo sito web si adatter\u00e0 facilmente per funzionare su diversi dispositivi mobili e computer desktop.<\/p>\n<\/div>\n\n\n\n<div class=\"wp-block-column is-vertically-aligned-center solid-code1 is-layout-flow wp-block-column-is-layout-flow\">\n<h5 class=\"wp-block-heading has-text-align-center\" id=\"h-opzioni-tema-facili\"><strong><strong><strong>Opzioni tema facili<\/strong><\/strong><\/strong><\/h5>\n\n\n\n<p class=\"has-text-align-center\">Grazie all&#8217;opzione flessibile della dashboard di amministrazione, puoi gestire senza sforzo i contenuti del sito web, senza alcuna codifica.<\/p>\n<\/div>\n\n\n\n<div class=\"wp-block-column is-vertically-aligned-center solid-code1 is-layout-flow wp-block-column-is-layout-flow\">\n<h5 class=\"wp-block-heading has-text-align-center\" id=\"h-supporto-dedicato\"><strong><strong>Supporto dedicato<\/strong><\/strong><\/h5>\n\n\n\n<p class=\"has-text-align-center\">Per qualsiasi dubbio o domanda, il nostro team dedicato e reattivo \u00e8 sempre a tua disposizione 24 ore su 24, 7 giorni su 7.<\/p>\n<\/div>\n<\/div>\n\n\n\n<div class=\"wp-block-columns are-vertically-aligned-center Themeholt Offers-1 is-layout-flex wp-container-core-columns-is-layout-9d6595d7 wp-block-columns-is-layout-flex\">\n<div class=\"wp-block-column is-vertically-aligned-center is-layout-flow wp-block-column-is-layout-flow\" style=\"flex-basis:50%\">\n<div class=\"wp-block-group\"><div class=\"wp-block-group__inner-container is-layout-flow wp-block-group-is-layout-flow\">\n<h2 class=\"wp-block-heading About-Wordpress-head\" id=\"h-themeholt-offre-temi-wordpress-innovativi\"><strong>Themeholt offre temi WordPress innovativi!<\/strong><\/h2>\n\n\n\n<p>In Themeholt, il nostro team ha lavorato duramente per creare una collezione di temi WordPress unici e convenienti. I nostri template sono realizzati per aiutare la tua attivit\u00e0, il tuo blog o il tuo portfolio ad apparire al meglio e a potenziare la presenza online. Crediamo nel mantenere le cose semplici ed eleganti.<\/p>\n\n\n\n<p>I nostri temi uniscono stili classici e moderni per far risplendere i tuoi contenuti. Che tu sia un imprenditore, un blogger, uno scrittore, un artista, un freelance, un fotografo, un designer o uno sviluppatore, amerai Themeholt.<\/p>\n<\/div><\/div>\n<\/div>\n\n\n\n<div class=\"wp-block-column is-vertically-aligned-center is-layout-flow wp-block-column-is-layout-flow\" style=\"flex-basis:50%\"><div class=\"wp-block-image\">\n<figure class=\"aligncenter size-full\"><img loading=\"lazy\" decoding=\"async\" width=\"478\" height=\"250\" src=\"https:\/\/themeholt.com\/wp-content\/uploads\/2024\/03\/theme-1.jpg\" alt=\"\" class=\"wp-image-7227\" style=\"object-fit:cover\" srcset=\"https:\/\/themeholt.com\/wp-content\/uploads\/2024\/03\/theme-1.jpg 478w, https:\/\/themeholt.com\/wp-content\/uploads\/2024\/03\/theme-1-300x157.jpg 300w, https:\/\/themeholt.com\/wp-content\/uploads\/2024\/03\/theme-1-130x68.jpg 130w\" sizes=\"auto, (max-width: 478px) 100vw, 478px\" \/><\/figure><\/div><\/div>\n<\/div>\n\n\n\n<div class=\"wp-block-columns is-layout-flex wp-container-core-columns-is-layout-9d6595d7 wp-block-columns-is-layout-flex\">\n<div class=\"wp-block-column is-layout-flow wp-block-column-is-layout-flow\" style=\"flex-basis:100%\">\n<div class=\"wp-block-group enjoyed-2\"><div class=\"wp-block-group__inner-container is-layout-flow wp-block-group-is-layout-flow\">\n<div class=\"wp-block-group\"><div class=\"wp-block-group__inner-container is-layout-flow wp-block-group-is-layout-flow\">\n<p>Il nostro team di sviluppatori e designer \u00e8 appassionato di creazione di cose fantastiche. Pensiamo che WordPress sia fantastico perch\u00e9 \u00e8 versatile, potente e facile da usare, perfetto per qualsiasi sviluppatore.<\/p>\n\n\n\n<p>Tutti i nostri temi sono realizzati, testati e supportati da noi. Quando ti unisci a noi, hai accesso a tutti i nostri temi, alle nuove versioni e al nostro forum di supporto. Siamo qui per aiutarti a sfruttare al meglio WordPress.<\/p>\n<\/div><\/div>\n<\/div><\/div>\n<\/div>\n<\/div>\n\n\n\n<div class=\"wp-block-columns is-layout-flex wp-container-core-columns-is-layout-9d6595d7 wp-block-columns-is-layout-flex\">\n<div class=\"wp-block-column World-2 is-layout-flow wp-block-column-is-layout-flow\">\n<h2 class=\"wp-block-heading\" id=\"h-innumerevoli-opzioni-di-design-a-portata-di-mano\"><strong>Innumerevoli opzioni di design a portata di mano<\/strong><\/h2>\n\n\n\n<p>Su Themeholt, puoi scegliere il tuo modello ideale, abbinarlo a un&#8217;immagine accattivante e scegliere un bel font. Ci sono migliaia di opzioni di design che funzionano alla grande insieme.<\/p>\n\n\n\n<p>I nostri temi per siti web sono di prim&#8217;ordine e possono essere utilizzati su qualsiasi tipo di sito web. Sono dotati di un modulo di contatto, molte opzioni di colore e design moderni. Puoi scegliere tra modelli HTML e Bootstrap. Creare un sito web professionale non \u00e8 mai stato cos\u00ec facile per nessuno.<\/p>\n\n\n\n<p>Se desideri pi\u00f9 funzionalit\u00e0 e opzioni per personalizzare il tuo sito web, i temi WordPress premium sono l&#8217;opzione migliore per te.<\/p>\n<\/div>\n<\/div>\n\n\n\n<p><\/p>\n\n\n\n<div class=\"wp-block-columns is-layout-flex wp-container-core-columns-is-layout-9d6595d7 wp-block-columns-is-layout-flex\">\n<div class=\"wp-block-column is-vertically-aligned-center is-layout-flow wp-block-column-is-layout-flow\" style=\"flex-basis:50%\">\n<div class=\"wp-block-group\"><div class=\"wp-block-group__inner-container is-layout-flow wp-block-group-is-layout-flow\"><div class=\"wp-block-image\">\n<figure class=\"aligncenter size-full\"><a href=\"https:\/\/themeholt.com\/wp-content\/uploads\/2024\/02\/kit-elementor-22-removebg-preview.png\"><img loading=\"lazy\" decoding=\"async\" width=\"632\" height=\"395\" src=\"https:\/\/themeholt.com\/wp-content\/uploads\/2024\/02\/kit-elementor-22-removebg-preview.png\" alt=\"\" class=\"wp-image-6870\" srcset=\"https:\/\/themeholt.com\/wp-content\/uploads\/2024\/02\/kit-elementor-22-removebg-preview.png 632w, https:\/\/themeholt.com\/wp-content\/uploads\/2024\/02\/kit-elementor-22-removebg-preview-300x188.png 300w, https:\/\/themeholt.com\/wp-content\/uploads\/2024\/02\/kit-elementor-22-removebg-preview-109x68.png 109w, https:\/\/themeholt.com\/wp-content\/uploads\/2024\/02\/kit-elementor-22-removebg-preview-622x389.png 622w, https:\/\/themeholt.com\/wp-content\/uploads\/2024\/02\/kit-elementor-22-removebg-preview-477x298.png 477w, https:\/\/themeholt.com\/wp-content\/uploads\/2024\/02\/kit-elementor-22-removebg-preview-600x375.png 600w\" sizes=\"auto, (max-width: 632px) 100vw, 632px\" \/><\/a><\/figure><\/div><\/div><\/div>\n<\/div>\n\n\n\n<div class=\"wp-block-column is-vertically-aligned-center is-layout-flow wp-block-column-is-layout-flow\" style=\"flex-basis:50%\">\n<div class=\"wp-block-group\"><div class=\"wp-block-group__inner-container is-layout-flow wp-block-group-is-layout-flow\">\n<h2 class=\"wp-block-heading About-Wordpress-head\" id=\"h-accedi-a-una-raccolta-infinita-di-temi-e-modelli-wordpress\"><strong>Accedi a una raccolta infinita di temi e modelli WordPress.<\/strong><\/h2>\n<\/div><\/div>\n\n\n\n<p>Su Themeholt, abbiamo temi WordPress per tutti: sono facili da usare, hanno un aspetto fantastico su qualsiasi dispositivo e si caricano super velocemente.<\/p>\n\n\n\n<p>Con i nostri temi, puoi finalmente creare il sito web che hai sempre sognato. Sono pieni di funzionalit\u00e0 e possono essere personalizzati per adattarsi perfettamente al tuo stile.<\/p>\n\n\n\n<p>Se vuoi i migliori temi WordPress, non cercare oltre Themeholt. I nostri modelli ti aiuteranno a presentare la tua azienda nella migliore luce possibile.<\/p>\n\n\n\n<p><\/p>\n\n\n\n<p><\/p>\n<\/div>\n<\/div>\n\n\n\n<p>Puoi creare un sito web completamente funzionale con tutti i tuoi prodotti e servizi utilizzando i nostri temi. E non preoccuparti della compatibilit\u00e0: i nostri temi funzionano perfettamente con l&#8217;ultima versione di WordPress.<\/p>\n\n\n\n<p>I nostri temi semplici ma potenti aiuteranno i tuoi contenuti a distinguersi e a mantenere i visitatori coinvolti.<\/p>\n\n\n\n<p>Sappiamo quanto sia importante per le aziende avere una forte presenza online. Ecco perch\u00e9 abbiamo selezionato con cura i migliori temi WordPress tra cui scegliere. Dai un&#8217;occhiata e scopri come puoi stupire i visitatori del tuo sito web.<\/p>\n","protected":false},"excerpt":{"rendered":"<p>Entra nel pi\u00f9 grande mercato al mondo per fantastici temi WordPress Themeholt \u00e8<a class=\"read-more\" href=\"https:\/\/themeholt.com\/it\/di\/\">&#8230;<\/a><\/p>\n","protected":false},"author":4,"featured_media":29108,"parent":0,"menu_order":0,"comment_status":"closed","ping_status":"closed","template":"","meta":{"_acf_changed":false,"inline_featured_image":false,"footnotes":""},"class_list":["post-29106","page","type-page","status-publish","has-post-thumbnail","hentry"],"acf":[],"yoast_head":"<!-- This site is optimized with the Yoast SEO Premium plugin v22.1 (Yoast SEO v26.0) - https:\/\/yoast.com\/wordpress\/plugins\/seo\/ -->\n<title>Informazioni - Temi WordPress innovativi | Themeholt<\/title>\n<meta name=\"description\" content=\"Ottieni temi WordPress innovativi a un prezzo accessibile. Trova design unici con opzioni e funzionalit\u00e0 personalizzabili. Scopri di pi\u00f9 su di noi!\" \/>\n<meta name=\"robots\" content=\"index, follow, max-snippet:-1, max-image-preview:large, max-video-preview:-1\" \/>\n<link rel=\"canonical\" href=\"https:\/\/themeholt.com\/it\/di\/\" \/>\n<meta property=\"og:locale\" content=\"it_IT\" \/>\n<meta property=\"og:type\" content=\"article\" \/>\n<meta property=\"og:title\" content=\"Di\" \/>\n<meta property=\"og:description\" content=\"Ottieni temi WordPress innovativi a un prezzo accessibile. Trova design unici con opzioni e funzionalit\u00e0 personalizzabili. Scopri di pi\u00f9 su di noi!\" \/>\n<meta property=\"og:url\" content=\"https:\/\/themeholt.com\/it\/di\/\" \/>\n<meta property=\"og:site_name\" content=\"ThemeHolt\" \/>\n<meta property=\"article:publisher\" content=\"https:\/\/www.facebook.com\/themeholtT\" \/>\n<meta property=\"article:modified_time\" content=\"2024-12-11T10:21:00+00:00\" \/>\n<meta property=\"og:image\" content=\"https:\/\/themeholt.com\/wp-content\/uploads\/2023\/02\/Best-WordPress-Child-Themes-4.jpg\" \/>\n\t<meta property=\"og:image:width\" content=\"1680\" \/>\n\t<meta property=\"og:image:height\" content=\"924\" \/>\n\t<meta property=\"og:image:type\" content=\"image\/jpeg\" \/>\n<meta name=\"twitter:card\" content=\"summary_large_image\" \/>\n<meta name=\"twitter:site\" content=\"@ThemeholtT\" \/>\n<meta name=\"twitter:label1\" content=\"Tempo di lettura stimato\" \/>\n\t<meta name=\"twitter:data1\" content=\"4 minuti\" \/>\n<script type=\"application\/ld+json\" class=\"yoast-schema-graph\">{\"@context\":\"https:\/\/schema.org\",\"@graph\":[{\"@type\":[\"WebPage\",\"AboutPage\"],\"@id\":\"https:\/\/themeholt.com\/it\/di\/\",\"url\":\"https:\/\/themeholt.com\/it\/di\/\",\"name\":\"Informazioni - Temi WordPress innovativi | Themeholt\",\"isPartOf\":{\"@id\":\"https:\/\/themeholt.com\/#website\"},\"primaryImageOfPage\":{\"@id\":\"https:\/\/themeholt.com\/it\/di\/#primaryimage\"},\"image\":{\"@id\":\"https:\/\/themeholt.com\/it\/di\/#primaryimage\"},\"thumbnailUrl\":\"https:\/\/themeholt.com\/wp-content\/uploads\/2023\/02\/Best-WordPress-Child-Themes-4.jpg\",\"datePublished\":\"2024-03-21T12:51:56+00:00\",\"dateModified\":\"2024-12-11T10:21:00+00:00\",\"description\":\"Ottieni temi WordPress innovativi a un prezzo accessibile. Trova design unici con opzioni e funzionalit\u00e0 personalizzabili. Scopri di pi\u00f9 su di noi!\",\"breadcrumb\":{\"@id\":\"https:\/\/themeholt.com\/it\/di\/#breadcrumb\"},\"inLanguage\":\"it-IT\",\"potentialAction\":[{\"@type\":\"ReadAction\",\"target\":[\"https:\/\/themeholt.com\/it\/di\/\"]}]},{\"@type\":\"ImageObject\",\"inLanguage\":\"it-IT\",\"@id\":\"https:\/\/themeholt.com\/it\/di\/#primaryimage\",\"url\":\"https:\/\/themeholt.com\/wp-content\/uploads\/2023\/02\/Best-WordPress-Child-Themes-4.jpg\",\"contentUrl\":\"https:\/\/themeholt.com\/wp-content\/uploads\/2023\/02\/Best-WordPress-Child-Themes-4.jpg\",\"width\":1680,\"height\":924},{\"@type\":\"BreadcrumbList\",\"@id\":\"https:\/\/themeholt.com\/it\/di\/#breadcrumb\",\"itemListElement\":[{\"@type\":\"ListItem\",\"position\":1,\"name\":\"Home\",\"item\":\"https:\/\/themeholt.com\/it\/\"},{\"@type\":\"ListItem\",\"position\":2,\"name\":\"Di\"}]},{\"@type\":\"WebSite\",\"@id\":\"https:\/\/themeholt.com\/#website\",\"url\":\"https:\/\/themeholt.com\/\",\"name\":\"ThemeHolt\",\"description\":\"Themeholt is a website that offers high-quality WordPress themes\",\"publisher\":{\"@id\":\"https:\/\/themeholt.com\/#organization\"},\"potentialAction\":[{\"@type\":\"SearchAction\",\"target\":{\"@type\":\"EntryPoint\",\"urlTemplate\":\"https:\/\/themeholt.com\/?s={search_term_string}\"},\"query-input\":{\"@type\":\"PropertyValueSpecification\",\"valueRequired\":true,\"valueName\":\"search_term_string\"}}],\"inLanguage\":\"it-IT\"},{\"@type\":\"Organization\",\"@id\":\"https:\/\/themeholt.com\/#organization\",\"name\":\"ThemeHolt\",\"alternateName\":\"ThemeHolt\",\"url\":\"https:\/\/themeholt.com\/\",\"logo\":{\"@type\":\"ImageObject\",\"inLanguage\":\"it-IT\",\"@id\":\"https:\/\/themeholt.com\/#\/schema\/logo\/image\/\",\"url\":\"https:\/\/themeholt.com\/wp-content\/uploads\/2024\/10\/themeholt.png\",\"contentUrl\":\"https:\/\/themeholt.com\/wp-content\/uploads\/2024\/10\/themeholt.png\",\"width\":225,\"height\":225,\"caption\":\"ThemeHolt\"},\"image\":{\"@id\":\"https:\/\/themeholt.com\/#\/schema\/logo\/image\/\"},\"sameAs\":[\"https:\/\/www.facebook.com\/themeholtT\",\"https:\/\/x.com\/ThemeholtT\",\"https:\/\/www.linkedin.com\/company\/themeholt\",\"https:\/\/www.instagram.com\/themeholtt\/\"],\"description\":\"Themeholt is a website that offers high-quality WordPress themes that are easy to use and ready for just about everything. In Eindhoven, Netherlands, since 2020 offering simple, accessible WordPress themes by providing a variety of requirements. Themeholt focuses on practicality and efficiency, allowing faster project completion with its superior marketplace and easy-to-use templates.\",\"legalName\":\"ThemeHolt\",\"foundingDate\":\"2022-11-10\",\"numberOfEmployees\":{\"@type\":\"QuantitativeValue\",\"minValue\":\"51\",\"maxValue\":\"200\"}}]}<\/script>\n<!-- \/ Yoast SEO Premium plugin. -->","yoast_head_json":{"title":"Informazioni - Temi WordPress innovativi | Themeholt","description":"Ottieni temi WordPress innovativi a un prezzo accessibile. Trova design unici con opzioni e funzionalit\u00e0 personalizzabili. Scopri di pi\u00f9 su di noi!","robots":{"index":"index","follow":"follow","max-snippet":"max-snippet:-1","max-image-preview":"max-image-preview:large","max-video-preview":"max-video-preview:-1"},"canonical":"https:\/\/themeholt.com\/it\/di\/","og_locale":"it_IT","og_type":"article","og_title":"Di","og_description":"Ottieni temi WordPress innovativi a un prezzo accessibile. Trova design unici con opzioni e funzionalit\u00e0 personalizzabili. Scopri di pi\u00f9 su di noi!","og_url":"https:\/\/themeholt.com\/it\/di\/","og_site_name":"ThemeHolt","article_publisher":"https:\/\/www.facebook.com\/themeholtT","article_modified_time":"2024-12-11T10:21:00+00:00","og_image":[{"width":1680,"height":924,"url":"https:\/\/themeholt.com\/wp-content\/uploads\/2023\/02\/Best-WordPress-Child-Themes-4.jpg","type":"image\/jpeg"}],"twitter_card":"summary_large_image","twitter_site":"@ThemeholtT","twitter_misc":{"Tempo di lettura stimato":"4 minuti"},"schema":{"@context":"https:\/\/schema.org","@graph":[{"@type":["WebPage","AboutPage"],"@id":"https:\/\/themeholt.com\/it\/di\/","url":"https:\/\/themeholt.com\/it\/di\/","name":"Informazioni - Temi WordPress innovativi | Themeholt","isPartOf":{"@id":"https:\/\/themeholt.com\/#website"},"primaryImageOfPage":{"@id":"https:\/\/themeholt.com\/it\/di\/#primaryimage"},"image":{"@id":"https:\/\/themeholt.com\/it\/di\/#primaryimage"},"thumbnailUrl":"https:\/\/themeholt.com\/wp-content\/uploads\/2023\/02\/Best-WordPress-Child-Themes-4.jpg","datePublished":"2024-03-21T12:51:56+00:00","dateModified":"2024-12-11T10:21:00+00:00","description":"Ottieni temi WordPress innovativi a un prezzo accessibile. Trova design unici con opzioni e funzionalit\u00e0 personalizzabili. Scopri di pi\u00f9 su di noi!","breadcrumb":{"@id":"https:\/\/themeholt.com\/it\/di\/#breadcrumb"},"inLanguage":"it-IT","potentialAction":[{"@type":"ReadAction","target":["https:\/\/themeholt.com\/it\/di\/"]}]},{"@type":"ImageObject","inLanguage":"it-IT","@id":"https:\/\/themeholt.com\/it\/di\/#primaryimage","url":"https:\/\/themeholt.com\/wp-content\/uploads\/2023\/02\/Best-WordPress-Child-Themes-4.jpg","contentUrl":"https:\/\/themeholt.com\/wp-content\/uploads\/2023\/02\/Best-WordPress-Child-Themes-4.jpg","width":1680,"height":924},{"@type":"BreadcrumbList","@id":"https:\/\/themeholt.com\/it\/di\/#breadcrumb","itemListElement":[{"@type":"ListItem","position":1,"name":"Home","item":"https:\/\/themeholt.com\/it\/"},{"@type":"ListItem","position":2,"name":"Di"}]},{"@type":"WebSite","@id":"https:\/\/themeholt.com\/#website","url":"https:\/\/themeholt.com\/","name":"ThemeHolt","description":"Themeholt is a website that offers high-quality WordPress themes","publisher":{"@id":"https:\/\/themeholt.com\/#organization"},"potentialAction":[{"@type":"SearchAction","target":{"@type":"EntryPoint","urlTemplate":"https:\/\/themeholt.com\/?s={search_term_string}"},"query-input":{"@type":"PropertyValueSpecification","valueRequired":true,"valueName":"search_term_string"}}],"inLanguage":"it-IT"},{"@type":"Organization","@id":"https:\/\/themeholt.com\/#organization","name":"ThemeHolt","alternateName":"ThemeHolt","url":"https:\/\/themeholt.com\/","logo":{"@type":"ImageObject","inLanguage":"it-IT","@id":"https:\/\/themeholt.com\/#\/schema\/logo\/image\/","url":"https:\/\/themeholt.com\/wp-content\/uploads\/2024\/10\/themeholt.png","contentUrl":"https:\/\/themeholt.com\/wp-content\/uploads\/2024\/10\/themeholt.png","width":225,"height":225,"caption":"ThemeHolt"},"image":{"@id":"https:\/\/themeholt.com\/#\/schema\/logo\/image\/"},"sameAs":["https:\/\/www.facebook.com\/themeholtT","https:\/\/x.com\/ThemeholtT","https:\/\/www.linkedin.com\/company\/themeholt","https:\/\/www.instagram.com\/themeholtt\/"],"description":"Themeholt is a website that offers high-quality WordPress themes that are easy to use and ready for just about everything. In Eindhoven, Netherlands, since 2020 offering simple, accessible WordPress themes by providing a variety of requirements. Themeholt focuses on practicality and efficiency, allowing faster project completion with its superior marketplace and easy-to-use templates.","legalName":"ThemeHolt","foundingDate":"2022-11-10","numberOfEmployees":{"@type":"QuantitativeValue","minValue":"51","maxValue":"200"}}]}},"_links":{"self":[{"href":"https:\/\/themeholt.com\/it\/wp-json\/wp\/v2\/pages\/29106","targetHints":{"allow":["GET"]}}],"collection":[{"href":"https:\/\/themeholt.com\/it\/wp-json\/wp\/v2\/pages"}],"about":[{"href":"https:\/\/themeholt.com\/it\/wp-json\/wp\/v2\/types\/page"}],"author":[{"embeddable":true,"href":"https:\/\/themeholt.com\/it\/wp-json\/wp\/v2\/users\/4"}],"replies":[{"embeddable":true,"href":"https:\/\/themeholt.com\/it\/wp-json\/wp\/v2\/comments?post=29106"}],"version-history":[{"count":1,"href":"https:\/\/themeholt.com\/it\/wp-json\/wp\/v2\/pages\/29106\/revisions"}],"predecessor-version":[{"id":29113,"href":"https:\/\/themeholt.com\/it\/wp-json\/wp\/v2\/pages\/29106\/revisions\/29113"}],"wp:featuredmedia":[{"embeddable":true,"href":"https:\/\/themeholt.com\/it\/wp-json\/wp\/v2\/media\/29108"}],"wp:attachment":[{"href":"https:\/\/themeholt.com\/it\/wp-json\/wp\/v2\/media?parent=29106"}],"curies":[{"name":"wp","href":"https:\/\/api.w.org\/{rel}","templated":true}]}}