{"id":13448,"date":"2024-04-01T05:20:34","date_gmt":"2024-04-01T05:20:34","guid":{"rendered":"https:\/\/themeholt.com\/product\/appik-responsive-app-muse-template\/"},"modified":"2024-10-18T09:45:24","modified_gmt":"2024-10-18T09:45:24","slug":"appik-modello-di-applicazione-reattiva","status":"publish","type":"product","link":"https:\/\/themeholt.com\/it\/product\/appik-modello-di-applicazione-reattiva\/","title":{"rendered":"Appik &#8211; Modello di applicazione reattiva"},"content":{"rendered":"<p><span style=\"font-weight: 400\">Il moderno ed elegante modello Appik &#8211; Responsive App Muse \u00e8 stato creato appositamente per visualizzare applicazioni mobili. Con il suo design reattivo, la tua app apparir\u00e0 fantastica su qualsiasi dispositivo, dagli smartphone ai tablet e ai desktop. \u00c8 semplice per gli utenti conoscere le caratteristiche e le funzionalit\u00e0 della tua app grazie al layout semplice del modello, ai colori vivaci e alla navigazione semplice. <\/span><\/p>\n<p><span style=\"font-weight: 400\">Appik offre il luogo ideale per mostrare i punti di forza esclusivi della tua app e attrarre nuovi clienti, che tu stia pubblicizzando una nuova piattaforma di social media, uno strumento di produttivit\u00e0 o un software di gioco.<\/span><\/p>\n","protected":false},"excerpt":{"rendered":"<ul>\n<li style=\"font-weight: 400\"><span style=\"font-weight: 400\">Design moderno<\/span><\/li>\n<li style=\"font-weight: 400\"><span style=\"font-weight: 400\">Reattivit\u00e0 mobile<\/span><\/li>\n<li style=\"font-weight: 400\"><span style=\"font-weight: 400\">Opzioni di personalizzazione<\/span><\/li>\n<li style=\"font-weight: 400\"><span style=\"font-weight: 400\">Capacit\u00e0 di integrazione<\/span><\/li>\n<li style=\"font-weight: 400\"><span style=\"font-weight: 400\">SEO-Friendly<\/span><\/li>\n<li style=\"font-weight: 400\"><span style=\"font-weight: 400\">Assistenza clienti<\/span><\/li>\n<li style=\"font-weight: 400\"><span style=\"font-weight: 400\">Versatilit\u00e0<\/span><\/li>\n<li style=\"font-weight: 400\"><span style=\"font-weight: 400\">Funzionalit\u00e0 di generazione di lead<\/span><\/li>\n<\/ul>\n","protected":false},"featured_media":13450,"template":"","meta":{"_acf_changed":false,"inline_featured_image":false},"product_brand":[],"product_cat":[1066],"product_tag":[],"class_list":{"0":"post-13448","1":"product","2":"type-product","3":"status-publish","4":"has-post-thumbnail","6":"product_cat-landing-pages-it","8":"first","9":"instock","10":"sale","11":"downloadable","12":"taxable","13":"shipping-taxable","14":"purchasable","15":"product-type-simple"},"acf":[],"yoast_head":"<!-- This site is optimized with the Yoast SEO Premium plugin v22.1 (Yoast SEO v26.0) - https:\/\/yoast.com\/wordpress\/plugins\/seo\/ -->\n<title>Temi WordPress | Modello di app reattivo<\/title>\n<meta name=\"description\" content=\"Ottieni il modello di app responsive per un look moderno e alla moda. \u00c8 facile da usare, personalizzabile e perfetto per creare siti web professionali. Acquista ora!\" \/>\n<meta name=\"robots\" content=\"index, follow, max-snippet:-1, max-image-preview:large, max-video-preview:-1\" \/>\n<link rel=\"canonical\" href=\"https:\/\/themeholt.com\/it\/product\/appik-modello-di-applicazione-reattiva\/\" \/>\n<meta property=\"og:locale\" content=\"it_IT\" \/>\n<meta property=\"og:type\" content=\"article\" \/>\n<meta property=\"og:title\" content=\"Appik - Modello di applicazione reattiva\" \/>\n<meta property=\"og:description\" content=\"Ottieni il modello di app responsive per un look moderno e alla moda. \u00c8 facile da usare, personalizzabile e perfetto per creare siti web professionali. Acquista ora!\" \/>\n<meta property=\"og:url\" content=\"https:\/\/themeholt.com\/it\/product\/appik-modello-di-applicazione-reattiva\/\" \/>\n<meta property=\"og:site_name\" content=\"ThemeHolt\" \/>\n<meta property=\"article:publisher\" content=\"https:\/\/www.facebook.com\/themeholtT\" \/>\n<meta property=\"article:modified_time\" content=\"2024-10-18T09:45:24+00:00\" \/>\n<meta property=\"og:image\" content=\"https:\/\/themeholt.com\/wp-content\/uploads\/2024\/04\/Home.png\" \/>\n\t<meta property=\"og:image:width\" content=\"1358\" \/>\n\t<meta property=\"og:image:height\" content=\"1125\" \/>\n\t<meta property=\"og:image:type\" content=\"image\/png\" \/>\n<meta name=\"twitter:card\" content=\"summary_large_image\" \/>\n<meta name=\"twitter:site\" content=\"@ThemeholtT\" \/>\n<meta name=\"twitter:label1\" content=\"Tempo di lettura stimato\" \/>\n\t<meta name=\"twitter:data1\" content=\"1 minuto\" \/>\n<script type=\"application\/ld+json\" class=\"yoast-schema-graph\">{\"@context\":\"https:\/\/schema.org\",\"@graph\":[{\"@type\":\"WebPage\",\"@id\":\"https:\/\/themeholt.com\/it\/product\/appik-modello-di-applicazione-reattiva\/\",\"url\":\"https:\/\/themeholt.com\/it\/product\/appik-modello-di-applicazione-reattiva\/\",\"name\":\"Temi WordPress | Modello di app reattivo\",\"isPartOf\":{\"@id\":\"https:\/\/themeholt.com\/#website\"},\"primaryImageOfPage\":{\"@id\":\"https:\/\/themeholt.com\/it\/product\/appik-modello-di-applicazione-reattiva\/#primaryimage\"},\"image\":{\"@id\":\"https:\/\/themeholt.com\/it\/product\/appik-modello-di-applicazione-reattiva\/#primaryimage\"},\"thumbnailUrl\":\"https:\/\/themeholt.com\/wp-content\/uploads\/2024\/04\/Home.png\",\"datePublished\":\"2024-04-01T05:20:34+00:00\",\"dateModified\":\"2024-10-18T09:45:24+00:00\",\"description\":\"Ottieni il modello di app responsive per un look moderno e alla moda. \u00c8 facile da usare, personalizzabile e perfetto per creare siti web professionali. Acquista ora!\",\"breadcrumb\":{\"@id\":\"https:\/\/themeholt.com\/it\/product\/appik-modello-di-applicazione-reattiva\/#breadcrumb\"},\"inLanguage\":\"it-IT\",\"potentialAction\":[{\"@type\":\"ReadAction\",\"target\":[\"https:\/\/themeholt.com\/it\/product\/appik-modello-di-applicazione-reattiva\/\"]}]},{\"@type\":\"ImageObject\",\"inLanguage\":\"it-IT\",\"@id\":\"https:\/\/themeholt.com\/it\/product\/appik-modello-di-applicazione-reattiva\/#primaryimage\",\"url\":\"https:\/\/themeholt.com\/wp-content\/uploads\/2024\/04\/Home.png\",\"contentUrl\":\"https:\/\/themeholt.com\/wp-content\/uploads\/2024\/04\/Home.png\",\"width\":1358,\"height\":1125},{\"@type\":\"BreadcrumbList\",\"@id\":\"https:\/\/themeholt.com\/it\/product\/appik-modello-di-applicazione-reattiva\/#breadcrumb\",\"itemListElement\":[{\"@type\":\"ListItem\",\"position\":1,\"name\":\"Home\",\"item\":\"https:\/\/themeholt.com\/it\/\"},{\"@type\":\"ListItem\",\"position\":2,\"name\":\"Shop\",\"item\":\"https:\/\/themeholt.com\/shop\/\"},{\"@type\":\"ListItem\",\"position\":3,\"name\":\"Appik &#8211; Modello di applicazione reattiva\"}]},{\"@type\":\"WebSite\",\"@id\":\"https:\/\/themeholt.com\/#website\",\"url\":\"https:\/\/themeholt.com\/\",\"name\":\"ThemeHolt\",\"description\":\"Themeholt is a website that offers high-quality WordPress themes\",\"publisher\":{\"@id\":\"https:\/\/themeholt.com\/#organization\"},\"potentialAction\":[{\"@type\":\"SearchAction\",\"target\":{\"@type\":\"EntryPoint\",\"urlTemplate\":\"https:\/\/themeholt.com\/?s={search_term_string}\"},\"query-input\":{\"@type\":\"PropertyValueSpecification\",\"valueRequired\":true,\"valueName\":\"search_term_string\"}}],\"inLanguage\":\"it-IT\"},{\"@type\":\"Organization\",\"@id\":\"https:\/\/themeholt.com\/#organization\",\"name\":\"ThemeHolt\",\"alternateName\":\"ThemeHolt\",\"url\":\"https:\/\/themeholt.com\/\",\"logo\":{\"@type\":\"ImageObject\",\"inLanguage\":\"it-IT\",\"@id\":\"https:\/\/themeholt.com\/#\/schema\/logo\/image\/\",\"url\":\"https:\/\/themeholt.com\/wp-content\/uploads\/2024\/10\/themeholt.png\",\"contentUrl\":\"https:\/\/themeholt.com\/wp-content\/uploads\/2024\/10\/themeholt.png\",\"width\":225,\"height\":225,\"caption\":\"ThemeHolt\"},\"image\":{\"@id\":\"https:\/\/themeholt.com\/#\/schema\/logo\/image\/\"},\"sameAs\":[\"https:\/\/www.facebook.com\/themeholtT\",\"https:\/\/x.com\/ThemeholtT\",\"https:\/\/www.linkedin.com\/company\/themeholt\",\"https:\/\/www.instagram.com\/themeholtt\/\"],\"description\":\"Themeholt is a website that offers high-quality WordPress themes that are easy to use and ready for just about everything. In Eindhoven, Netherlands, since 2020 offering simple, accessible WordPress themes by providing a variety of requirements. Themeholt focuses on practicality and efficiency, allowing faster project completion with its superior marketplace and easy-to-use templates.\",\"legalName\":\"ThemeHolt\",\"foundingDate\":\"2022-11-10\",\"numberOfEmployees\":{\"@type\":\"QuantitativeValue\",\"minValue\":\"51\",\"maxValue\":\"200\"}}]}<\/script>\n<!-- \/ Yoast SEO Premium plugin. -->","yoast_head_json":{"title":"Temi WordPress | Modello di app reattivo","description":"Ottieni il modello di app responsive per un look moderno e alla moda. \u00c8 facile da usare, personalizzabile e perfetto per creare siti web professionali. Acquista ora!","robots":{"index":"index","follow":"follow","max-snippet":"max-snippet:-1","max-image-preview":"max-image-preview:large","max-video-preview":"max-video-preview:-1"},"canonical":"https:\/\/themeholt.com\/it\/product\/appik-modello-di-applicazione-reattiva\/","og_locale":"it_IT","og_type":"article","og_title":"Appik - Modello di applicazione reattiva","og_description":"Ottieni il modello di app responsive per un look moderno e alla moda. \u00c8 facile da usare, personalizzabile e perfetto per creare siti web professionali. Acquista ora!","og_url":"https:\/\/themeholt.com\/it\/product\/appik-modello-di-applicazione-reattiva\/","og_site_name":"ThemeHolt","article_publisher":"https:\/\/www.facebook.com\/themeholtT","article_modified_time":"2024-10-18T09:45:24+00:00","og_image":[{"width":1358,"height":1125,"url":"https:\/\/themeholt.com\/wp-content\/uploads\/2024\/04\/Home.png","type":"image\/png"}],"twitter_card":"summary_large_image","twitter_site":"@ThemeholtT","twitter_misc":{"Tempo di lettura stimato":"1 minuto"},"schema":{"@context":"https:\/\/schema.org","@graph":[{"@type":"WebPage","@id":"https:\/\/themeholt.com\/it\/product\/appik-modello-di-applicazione-reattiva\/","url":"https:\/\/themeholt.com\/it\/product\/appik-modello-di-applicazione-reattiva\/","name":"Temi WordPress | Modello di app reattivo","isPartOf":{"@id":"https:\/\/themeholt.com\/#website"},"primaryImageOfPage":{"@id":"https:\/\/themeholt.com\/it\/product\/appik-modello-di-applicazione-reattiva\/#primaryimage"},"image":{"@id":"https:\/\/themeholt.com\/it\/product\/appik-modello-di-applicazione-reattiva\/#primaryimage"},"thumbnailUrl":"https:\/\/themeholt.com\/wp-content\/uploads\/2024\/04\/Home.png","datePublished":"2024-04-01T05:20:34+00:00","dateModified":"2024-10-18T09:45:24+00:00","description":"Ottieni il modello di app responsive per un look moderno e alla moda. \u00c8 facile da usare, personalizzabile e perfetto per creare siti web professionali. Acquista ora!","breadcrumb":{"@id":"https:\/\/themeholt.com\/it\/product\/appik-modello-di-applicazione-reattiva\/#breadcrumb"},"inLanguage":"it-IT","potentialAction":[{"@type":"ReadAction","target":["https:\/\/themeholt.com\/it\/product\/appik-modello-di-applicazione-reattiva\/"]}]},{"@type":"ImageObject","inLanguage":"it-IT","@id":"https:\/\/themeholt.com\/it\/product\/appik-modello-di-applicazione-reattiva\/#primaryimage","url":"https:\/\/themeholt.com\/wp-content\/uploads\/2024\/04\/Home.png","contentUrl":"https:\/\/themeholt.com\/wp-content\/uploads\/2024\/04\/Home.png","width":1358,"height":1125},{"@type":"BreadcrumbList","@id":"https:\/\/themeholt.com\/it\/product\/appik-modello-di-applicazione-reattiva\/#breadcrumb","itemListElement":[{"@type":"ListItem","position":1,"name":"Home","item":"https:\/\/themeholt.com\/it\/"},{"@type":"ListItem","position":2,"name":"Shop","item":"https:\/\/themeholt.com\/shop\/"},{"@type":"ListItem","position":3,"name":"Appik &#8211; Modello di applicazione reattiva"}]},{"@type":"WebSite","@id":"https:\/\/themeholt.com\/#website","url":"https:\/\/themeholt.com\/","name":"ThemeHolt","description":"Themeholt is a website that offers high-quality WordPress themes","publisher":{"@id":"https:\/\/themeholt.com\/#organization"},"potentialAction":[{"@type":"SearchAction","target":{"@type":"EntryPoint","urlTemplate":"https:\/\/themeholt.com\/?s={search_term_string}"},"query-input":{"@type":"PropertyValueSpecification","valueRequired":true,"valueName":"search_term_string"}}],"inLanguage":"it-IT"},{"@type":"Organization","@id":"https:\/\/themeholt.com\/#organization","name":"ThemeHolt","alternateName":"ThemeHolt","url":"https:\/\/themeholt.com\/","logo":{"@type":"ImageObject","inLanguage":"it-IT","@id":"https:\/\/themeholt.com\/#\/schema\/logo\/image\/","url":"https:\/\/themeholt.com\/wp-content\/uploads\/2024\/10\/themeholt.png","contentUrl":"https:\/\/themeholt.com\/wp-content\/uploads\/2024\/10\/themeholt.png","width":225,"height":225,"caption":"ThemeHolt"},"image":{"@id":"https:\/\/themeholt.com\/#\/schema\/logo\/image\/"},"sameAs":["https:\/\/www.facebook.com\/themeholtT","https:\/\/x.com\/ThemeholtT","https:\/\/www.linkedin.com\/company\/themeholt","https:\/\/www.instagram.com\/themeholtt\/"],"description":"Themeholt is a website that offers high-quality WordPress themes that are easy to use and ready for just about everything. In Eindhoven, Netherlands, since 2020 offering simple, accessible WordPress themes by providing a variety of requirements. Themeholt focuses on practicality and efficiency, allowing faster project completion with its superior marketplace and easy-to-use templates.","legalName":"ThemeHolt","foundingDate":"2022-11-10","numberOfEmployees":{"@type":"QuantitativeValue","minValue":"51","maxValue":"200"}}]}},"_links":{"self":[{"href":"https:\/\/themeholt.com\/it\/wp-json\/wp\/v2\/product\/13448","targetHints":{"allow":["GET"]}}],"collection":[{"href":"https:\/\/themeholt.com\/it\/wp-json\/wp\/v2\/product"}],"about":[{"href":"https:\/\/themeholt.com\/it\/wp-json\/wp\/v2\/types\/product"}],"wp:featuredmedia":[{"embeddable":true,"href":"https:\/\/themeholt.com\/it\/wp-json\/wp\/v2\/media\/13450"}],"wp:attachment":[{"href":"https:\/\/themeholt.com\/it\/wp-json\/wp\/v2\/media?parent=13448"}],"wp:term":[{"taxonomy":"product_brand","embeddable":true,"href":"https:\/\/themeholt.com\/it\/wp-json\/wp\/v2\/product_brand?post=13448"},{"taxonomy":"product_cat","embeddable":true,"href":"https:\/\/themeholt.com\/it\/wp-json\/wp\/v2\/product_cat?post=13448"},{"taxonomy":"product_tag","embeddable":true,"href":"https:\/\/themeholt.com\/it\/wp-json\/wp\/v2\/product_tag?post=13448"}],"curies":[{"name":"wp","href":"https:\/\/api.w.org\/{rel}","templated":true}]}}