{"id":13485,"date":"2024-04-01T05:13:35","date_gmt":"2024-04-01T05:13:35","guid":{"rendered":"https:\/\/themeholt.com\/product\/foodera-unbounce-food-landing-page-template\/"},"modified":"2024-10-18T10:07:18","modified_gmt":"2024-10-18T10:07:18","slug":"foodera-modello-di-landing-page-per-il-cibo-di-unbounce","status":"publish","type":"product","link":"https:\/\/themeholt.com\/it\/product\/foodera-modello-di-landing-page-per-il-cibo-di-unbounce\/","title":{"rendered":"Foodera \u2014 Modello di landing page per il cibo di Unbounce"},"content":{"rendered":"<p><span style=\"font-weight: 400\">Il modello Foodera Unbounce Food Landing Page \u00e8 un modo moderno ed efficace per mettere in evidenza le aziende che si occupano di cibo. Grazie al suo design innovativo e reattivo, il tuo sito web apparir\u00e0 fantastico su tutti gli schermi, inclusi desktop e cellulari. Puoi semplicemente mostrare le tue offerte e coinvolgere i potenziali consumatori con aree per testimonianze, moduli di contatto e menu tutti personalizzati. Che stiano cercando il menu del tuo ristorante o desiderino effettuare una prenotazione online, i visitatori possono facilmente scoprire le informazioni di cui hanno bisogno. <\/span><\/p>\n<p><span style=\"font-weight: 400\">Grazie alla struttura chiara e alla navigazione semplice del modello, Foodera \u00e8 stato adattato sia per la velocit\u00e0 che per l&#8217;ottimizzazione dei motori di ricerca. Ci\u00f2 aiuta il tuo sito web a ottenere un posizionamento pi\u00f9 alto nei risultati dei motori di ricerca e offre ai visitatori un&#8217;esperienza di navigazione semplice.<\/span><\/p>\n","protected":false},"excerpt":{"rendered":"<ul>\n<li style=\"font-weight: 400\"><span style=\"font-weight: 400\">Design moderno<\/span><\/li>\n<li style=\"font-weight: 400\"><span style=\"font-weight: 400\">Reattivit\u00e0 mobile<\/span><\/li>\n<li style=\"font-weight: 400\"><span style=\"font-weight: 400\">Opzioni di personalizzazione<\/span><\/li>\n<li style=\"font-weight: 400\"><span style=\"font-weight: 400\">Capacit\u00e0 di integrazione<\/span><\/li>\n<li style=\"font-weight: 400\"><span style=\"font-weight: 400\">SEO-Friendly<\/span><\/li>\n<li style=\"font-weight: 400\"><span style=\"font-weight: 400\">Assistenza clienti<\/span><\/li>\n<li style=\"font-weight: 400\"><span style=\"font-weight: 400\">Funzionalit\u00e0 di generazione di lead<\/span><\/li>\n<\/ul>\n","protected":false},"featured_media":13487,"template":"","meta":{"_acf_changed":false,"inline_featured_image":false},"product_brand":[],"product_cat":[1066],"product_tag":[],"class_list":{"0":"post-13485","1":"product","2":"type-product","3":"status-publish","4":"has-post-thumbnail","6":"product_cat-landing-pages-it","8":"first","9":"instock","10":"sale","11":"downloadable","12":"taxable","13":"shipping-taxable","14":"purchasable","15":"product-type-simple"},"acf":[],"yoast_head":"<!-- This site is optimized with the Yoast SEO Premium plugin v22.1 (Yoast SEO v26.0) - https:\/\/yoast.com\/wordpress\/plugins\/seo\/ -->\n<title>Modello di landing page per cibo | Themeholt<\/title>\n<meta name=\"description\" content=\"Crea facilmente un sito web con il nostro modello di landing page per il cibo. Esponi magnificamente i tuoi piatti. Design personalizzabile e reattivo per la tua attivit\u00e0 alimentare.\" \/>\n<meta name=\"robots\" content=\"index, follow, max-snippet:-1, max-image-preview:large, max-video-preview:-1\" \/>\n<link rel=\"canonical\" href=\"https:\/\/themeholt.com\/it\/product\/foodera-modello-di-landing-page-per-il-cibo-di-unbounce\/\" \/>\n<meta property=\"og:locale\" content=\"it_IT\" \/>\n<meta property=\"og:type\" content=\"article\" \/>\n<meta property=\"og:title\" content=\"Foodera \u2014 Modello di landing page per il cibo di Unbounce\" \/>\n<meta property=\"og:description\" content=\"Crea facilmente un sito web con il nostro modello di landing page per il cibo. Esponi magnificamente i tuoi piatti. Design personalizzabile e reattivo per la tua attivit\u00e0 alimentare.\" \/>\n<meta property=\"og:url\" content=\"https:\/\/themeholt.com\/it\/product\/foodera-modello-di-landing-page-per-il-cibo-di-unbounce\/\" \/>\n<meta property=\"og:site_name\" content=\"ThemeHolt\" \/>\n<meta property=\"article:publisher\" content=\"https:\/\/www.facebook.com\/themeholtT\" \/>\n<meta property=\"article:modified_time\" content=\"2024-10-18T10:07:18+00:00\" \/>\n<meta property=\"og:image\" content=\"https:\/\/themeholt.com\/wp-content\/uploads\/2024\/04\/unbouncepages-com-foodera-storefront-envato-elements.png\" \/>\n\t<meta property=\"og:image:width\" content=\"1365\" \/>\n\t<meta property=\"og:image:height\" content=\"851\" \/>\n\t<meta property=\"og:image:type\" content=\"image\/png\" \/>\n<meta name=\"twitter:card\" content=\"summary_large_image\" \/>\n<meta name=\"twitter:site\" content=\"@ThemeholtT\" \/>\n<meta name=\"twitter:label1\" content=\"Tempo di lettura stimato\" \/>\n\t<meta name=\"twitter:data1\" content=\"1 minuto\" \/>\n<script type=\"application\/ld+json\" class=\"yoast-schema-graph\">{\"@context\":\"https:\/\/schema.org\",\"@graph\":[{\"@type\":\"WebPage\",\"@id\":\"https:\/\/themeholt.com\/it\/product\/foodera-modello-di-landing-page-per-il-cibo-di-unbounce\/\",\"url\":\"https:\/\/themeholt.com\/it\/product\/foodera-modello-di-landing-page-per-il-cibo-di-unbounce\/\",\"name\":\"Modello di landing page per cibo | Themeholt\",\"isPartOf\":{\"@id\":\"https:\/\/themeholt.com\/#website\"},\"primaryImageOfPage\":{\"@id\":\"https:\/\/themeholt.com\/it\/product\/foodera-modello-di-landing-page-per-il-cibo-di-unbounce\/#primaryimage\"},\"image\":{\"@id\":\"https:\/\/themeholt.com\/it\/product\/foodera-modello-di-landing-page-per-il-cibo-di-unbounce\/#primaryimage\"},\"thumbnailUrl\":\"https:\/\/themeholt.com\/wp-content\/uploads\/2024\/04\/unbouncepages-com-foodera-storefront-envato-elements.png\",\"datePublished\":\"2024-04-01T05:13:35+00:00\",\"dateModified\":\"2024-10-18T10:07:18+00:00\",\"description\":\"Crea facilmente un sito web con il nostro modello di landing page per il cibo. Esponi magnificamente i tuoi piatti. Design personalizzabile e reattivo per la tua attivit\u00e0 alimentare.\",\"breadcrumb\":{\"@id\":\"https:\/\/themeholt.com\/it\/product\/foodera-modello-di-landing-page-per-il-cibo-di-unbounce\/#breadcrumb\"},\"inLanguage\":\"it-IT\",\"potentialAction\":[{\"@type\":\"ReadAction\",\"target\":[\"https:\/\/themeholt.com\/it\/product\/foodera-modello-di-landing-page-per-il-cibo-di-unbounce\/\"]}]},{\"@type\":\"ImageObject\",\"inLanguage\":\"it-IT\",\"@id\":\"https:\/\/themeholt.com\/it\/product\/foodera-modello-di-landing-page-per-il-cibo-di-unbounce\/#primaryimage\",\"url\":\"https:\/\/themeholt.com\/wp-content\/uploads\/2024\/04\/unbouncepages-com-foodera-storefront-envato-elements.png\",\"contentUrl\":\"https:\/\/themeholt.com\/wp-content\/uploads\/2024\/04\/unbouncepages-com-foodera-storefront-envato-elements.png\",\"width\":1365,\"height\":851},{\"@type\":\"BreadcrumbList\",\"@id\":\"https:\/\/themeholt.com\/it\/product\/foodera-modello-di-landing-page-per-il-cibo-di-unbounce\/#breadcrumb\",\"itemListElement\":[{\"@type\":\"ListItem\",\"position\":1,\"name\":\"Home\",\"item\":\"https:\/\/themeholt.com\/it\/\"},{\"@type\":\"ListItem\",\"position\":2,\"name\":\"Shop\",\"item\":\"https:\/\/themeholt.com\/shop\/\"},{\"@type\":\"ListItem\",\"position\":3,\"name\":\"Foodera \u2014 Modello di landing page per il cibo di Unbounce\"}]},{\"@type\":\"WebSite\",\"@id\":\"https:\/\/themeholt.com\/#website\",\"url\":\"https:\/\/themeholt.com\/\",\"name\":\"ThemeHolt\",\"description\":\"Themeholt is a website that offers high-quality WordPress themes\",\"publisher\":{\"@id\":\"https:\/\/themeholt.com\/#organization\"},\"potentialAction\":[{\"@type\":\"SearchAction\",\"target\":{\"@type\":\"EntryPoint\",\"urlTemplate\":\"https:\/\/themeholt.com\/?s={search_term_string}\"},\"query-input\":{\"@type\":\"PropertyValueSpecification\",\"valueRequired\":true,\"valueName\":\"search_term_string\"}}],\"inLanguage\":\"it-IT\"},{\"@type\":\"Organization\",\"@id\":\"https:\/\/themeholt.com\/#organization\",\"name\":\"ThemeHolt\",\"alternateName\":\"ThemeHolt\",\"url\":\"https:\/\/themeholt.com\/\",\"logo\":{\"@type\":\"ImageObject\",\"inLanguage\":\"it-IT\",\"@id\":\"https:\/\/themeholt.com\/#\/schema\/logo\/image\/\",\"url\":\"https:\/\/themeholt.com\/wp-content\/uploads\/2024\/10\/themeholt.png\",\"contentUrl\":\"https:\/\/themeholt.com\/wp-content\/uploads\/2024\/10\/themeholt.png\",\"width\":225,\"height\":225,\"caption\":\"ThemeHolt\"},\"image\":{\"@id\":\"https:\/\/themeholt.com\/#\/schema\/logo\/image\/\"},\"sameAs\":[\"https:\/\/www.facebook.com\/themeholtT\",\"https:\/\/x.com\/ThemeholtT\",\"https:\/\/www.linkedin.com\/company\/themeholt\",\"https:\/\/www.instagram.com\/themeholtt\/\"],\"description\":\"Themeholt is a website that offers high-quality WordPress themes that are easy to use and ready for just about everything. In Eindhoven, Netherlands, since 2020 offering simple, accessible WordPress themes by providing a variety of requirements. Themeholt focuses on practicality and efficiency, allowing faster project completion with its superior marketplace and easy-to-use templates.\",\"legalName\":\"ThemeHolt\",\"foundingDate\":\"2022-11-10\",\"numberOfEmployees\":{\"@type\":\"QuantitativeValue\",\"minValue\":\"51\",\"maxValue\":\"200\"}}]}<\/script>\n<!-- \/ Yoast SEO Premium plugin. -->","yoast_head_json":{"title":"Modello di landing page per cibo | Themeholt","description":"Crea facilmente un sito web con il nostro modello di landing page per il cibo. Esponi magnificamente i tuoi piatti. Design personalizzabile e reattivo per la tua attivit\u00e0 alimentare.","robots":{"index":"index","follow":"follow","max-snippet":"max-snippet:-1","max-image-preview":"max-image-preview:large","max-video-preview":"max-video-preview:-1"},"canonical":"https:\/\/themeholt.com\/it\/product\/foodera-modello-di-landing-page-per-il-cibo-di-unbounce\/","og_locale":"it_IT","og_type":"article","og_title":"Foodera \u2014 Modello di landing page per il cibo di Unbounce","og_description":"Crea facilmente un sito web con il nostro modello di landing page per il cibo. Esponi magnificamente i tuoi piatti. Design personalizzabile e reattivo per la tua attivit\u00e0 alimentare.","og_url":"https:\/\/themeholt.com\/it\/product\/foodera-modello-di-landing-page-per-il-cibo-di-unbounce\/","og_site_name":"ThemeHolt","article_publisher":"https:\/\/www.facebook.com\/themeholtT","article_modified_time":"2024-10-18T10:07:18+00:00","og_image":[{"width":1365,"height":851,"url":"https:\/\/themeholt.com\/wp-content\/uploads\/2024\/04\/unbouncepages-com-foodera-storefront-envato-elements.png","type":"image\/png"}],"twitter_card":"summary_large_image","twitter_site":"@ThemeholtT","twitter_misc":{"Tempo di lettura stimato":"1 minuto"},"schema":{"@context":"https:\/\/schema.org","@graph":[{"@type":"WebPage","@id":"https:\/\/themeholt.com\/it\/product\/foodera-modello-di-landing-page-per-il-cibo-di-unbounce\/","url":"https:\/\/themeholt.com\/it\/product\/foodera-modello-di-landing-page-per-il-cibo-di-unbounce\/","name":"Modello di landing page per cibo | Themeholt","isPartOf":{"@id":"https:\/\/themeholt.com\/#website"},"primaryImageOfPage":{"@id":"https:\/\/themeholt.com\/it\/product\/foodera-modello-di-landing-page-per-il-cibo-di-unbounce\/#primaryimage"},"image":{"@id":"https:\/\/themeholt.com\/it\/product\/foodera-modello-di-landing-page-per-il-cibo-di-unbounce\/#primaryimage"},"thumbnailUrl":"https:\/\/themeholt.com\/wp-content\/uploads\/2024\/04\/unbouncepages-com-foodera-storefront-envato-elements.png","datePublished":"2024-04-01T05:13:35+00:00","dateModified":"2024-10-18T10:07:18+00:00","description":"Crea facilmente un sito web con il nostro modello di landing page per il cibo. Esponi magnificamente i tuoi piatti. Design personalizzabile e reattivo per la tua attivit\u00e0 alimentare.","breadcrumb":{"@id":"https:\/\/themeholt.com\/it\/product\/foodera-modello-di-landing-page-per-il-cibo-di-unbounce\/#breadcrumb"},"inLanguage":"it-IT","potentialAction":[{"@type":"ReadAction","target":["https:\/\/themeholt.com\/it\/product\/foodera-modello-di-landing-page-per-il-cibo-di-unbounce\/"]}]},{"@type":"ImageObject","inLanguage":"it-IT","@id":"https:\/\/themeholt.com\/it\/product\/foodera-modello-di-landing-page-per-il-cibo-di-unbounce\/#primaryimage","url":"https:\/\/themeholt.com\/wp-content\/uploads\/2024\/04\/unbouncepages-com-foodera-storefront-envato-elements.png","contentUrl":"https:\/\/themeholt.com\/wp-content\/uploads\/2024\/04\/unbouncepages-com-foodera-storefront-envato-elements.png","width":1365,"height":851},{"@type":"BreadcrumbList","@id":"https:\/\/themeholt.com\/it\/product\/foodera-modello-di-landing-page-per-il-cibo-di-unbounce\/#breadcrumb","itemListElement":[{"@type":"ListItem","position":1,"name":"Home","item":"https:\/\/themeholt.com\/it\/"},{"@type":"ListItem","position":2,"name":"Shop","item":"https:\/\/themeholt.com\/shop\/"},{"@type":"ListItem","position":3,"name":"Foodera \u2014 Modello di landing page per il cibo di Unbounce"}]},{"@type":"WebSite","@id":"https:\/\/themeholt.com\/#website","url":"https:\/\/themeholt.com\/","name":"ThemeHolt","description":"Themeholt is a website that offers high-quality WordPress themes","publisher":{"@id":"https:\/\/themeholt.com\/#organization"},"potentialAction":[{"@type":"SearchAction","target":{"@type":"EntryPoint","urlTemplate":"https:\/\/themeholt.com\/?s={search_term_string}"},"query-input":{"@type":"PropertyValueSpecification","valueRequired":true,"valueName":"search_term_string"}}],"inLanguage":"it-IT"},{"@type":"Organization","@id":"https:\/\/themeholt.com\/#organization","name":"ThemeHolt","alternateName":"ThemeHolt","url":"https:\/\/themeholt.com\/","logo":{"@type":"ImageObject","inLanguage":"it-IT","@id":"https:\/\/themeholt.com\/#\/schema\/logo\/image\/","url":"https:\/\/themeholt.com\/wp-content\/uploads\/2024\/10\/themeholt.png","contentUrl":"https:\/\/themeholt.com\/wp-content\/uploads\/2024\/10\/themeholt.png","width":225,"height":225,"caption":"ThemeHolt"},"image":{"@id":"https:\/\/themeholt.com\/#\/schema\/logo\/image\/"},"sameAs":["https:\/\/www.facebook.com\/themeholtT","https:\/\/x.com\/ThemeholtT","https:\/\/www.linkedin.com\/company\/themeholt","https:\/\/www.instagram.com\/themeholtt\/"],"description":"Themeholt is a website that offers high-quality WordPress themes that are easy to use and ready for just about everything. In Eindhoven, Netherlands, since 2020 offering simple, accessible WordPress themes by providing a variety of requirements. Themeholt focuses on practicality and efficiency, allowing faster project completion with its superior marketplace and easy-to-use templates.","legalName":"ThemeHolt","foundingDate":"2022-11-10","numberOfEmployees":{"@type":"QuantitativeValue","minValue":"51","maxValue":"200"}}]}},"_links":{"self":[{"href":"https:\/\/themeholt.com\/it\/wp-json\/wp\/v2\/product\/13485","targetHints":{"allow":["GET"]}}],"collection":[{"href":"https:\/\/themeholt.com\/it\/wp-json\/wp\/v2\/product"}],"about":[{"href":"https:\/\/themeholt.com\/it\/wp-json\/wp\/v2\/types\/product"}],"wp:featuredmedia":[{"embeddable":true,"href":"https:\/\/themeholt.com\/it\/wp-json\/wp\/v2\/media\/13487"}],"wp:attachment":[{"href":"https:\/\/themeholt.com\/it\/wp-json\/wp\/v2\/media?parent=13485"}],"wp:term":[{"taxonomy":"product_brand","embeddable":true,"href":"https:\/\/themeholt.com\/it\/wp-json\/wp\/v2\/product_brand?post=13485"},{"taxonomy":"product_cat","embeddable":true,"href":"https:\/\/themeholt.com\/it\/wp-json\/wp\/v2\/product_cat?post=13485"},{"taxonomy":"product_tag","embeddable":true,"href":"https:\/\/themeholt.com\/it\/wp-json\/wp\/v2\/product_tag?post=13485"}],"curies":[{"name":"wp","href":"https:\/\/api.w.org\/{rel}","templated":true}]}}