{"id":13693,"date":"2024-02-29T04:19:01","date_gmt":"2024-02-29T04:19:01","guid":{"rendered":"https:\/\/themeholt.com\/product\/elementor-pro-advance-plan\/"},"modified":"2024-10-21T04:32:41","modified_gmt":"2024-10-21T04:32:41","slug":"piano-avanzato-elementor-pro","status":"publish","type":"product","link":"https:\/\/themeholt.com\/it\/product\/piano-avanzato-elementor-pro\/","title":{"rendered":"Piano avanzato Elementor pro"},"content":{"rendered":"<p><span style=\"font-weight: 400\">L&#8217;Advance Plan Elementor \u00e8 una versione premium del website builder Elementor, pensata per gli utenti che cercano funzionalit\u00e0 e capacit\u00e0 avanzate. Gli utenti hanno accesso a siti premium, assistenza clienti esclusiva, widget professionali, creatore di temi personalizzabili, integrazione di contenuti interattivi e progettista di moduli avanzato. \u00c8 perfetto per web designer professionisti, agenzie e aziende con esigenze di siti web complesse, l&#8217;Advance Plan Elementor consente agli utenti di creare facilmente siti web eccellenti e altamente personalizzati. <\/span><\/p>\n","protected":false},"excerpt":{"rendered":"<ul>\n<li>Accedi fino a 3 siti premium<\/li>\n<li>Assistenza clienti esclusiva<\/li>\n<li>50 widget professionali<\/li>\n<li>Creatore di temi personalizzabili<\/li>\n<li>Integrazione di contenuti interattivi<\/li>\n<li>Progettista di moduli avanzato<\/li>\n<\/ul>\n","protected":false},"featured_media":13695,"template":"","meta":{"_acf_changed":false,"inline_featured_image":false},"product_brand":[],"product_cat":[1771],"product_tag":[],"class_list":{"0":"post-13693","1":"product","2":"type-product","3":"status-publish","4":"has-post-thumbnail","6":"product_cat-elementor-pro-es","8":"first","9":"instock","10":"sale","11":"downloadable","12":"virtual","13":"taxable","14":"purchasable","15":"product-type-simple"},"acf":[],"yoast_head":"<!-- This site is optimized with the Yoast SEO Premium plugin v22.1 (Yoast SEO v26.0) - https:\/\/yoast.com\/wordpress\/plugins\/seo\/ -->\n<title>Elementor Pro Advance Page Builder | Themeholt<\/title>\n<meta name=\"description\" content=\"Ottieni funzionalit\u00e0 avanzate con Elementor Pro Advance Plan. Crea siti web sbalorditivi facilmente con strumenti avanzati e modelli professionali per tutte le tue esigenze.\" \/>\n<meta name=\"robots\" content=\"index, follow, max-snippet:-1, max-image-preview:large, max-video-preview:-1\" \/>\n<link rel=\"canonical\" href=\"https:\/\/themeholt.com\/it\/product\/piano-avanzato-elementor-pro\/\" \/>\n<meta property=\"og:locale\" content=\"it_IT\" \/>\n<meta property=\"og:type\" content=\"article\" \/>\n<meta property=\"og:title\" content=\"Piano avanzato Elementor pro\" \/>\n<meta property=\"og:description\" content=\"Ottieni funzionalit\u00e0 avanzate con Elementor Pro Advance Plan. Crea siti web sbalorditivi facilmente con strumenti avanzati e modelli professionali per tutte le tue esigenze.\" \/>\n<meta property=\"og:url\" content=\"https:\/\/themeholt.com\/it\/product\/piano-avanzato-elementor-pro\/\" \/>\n<meta property=\"og:site_name\" content=\"ThemeHolt\" \/>\n<meta property=\"article:publisher\" content=\"https:\/\/www.facebook.com\/themeholtT\" \/>\n<meta property=\"article:modified_time\" content=\"2024-10-21T04:32:41+00:00\" \/>\n<meta property=\"og:image\" content=\"https:\/\/themeholt.com\/wp-content\/uploads\/2024\/02\/Elementor-pro-1.png\" \/>\n\t<meta property=\"og:image:width\" content=\"680\" \/>\n\t<meta property=\"og:image:height\" content=\"457\" \/>\n\t<meta property=\"og:image:type\" content=\"image\/png\" \/>\n<meta name=\"twitter:card\" content=\"summary_large_image\" \/>\n<meta name=\"twitter:site\" content=\"@ThemeholtT\" \/>\n<meta name=\"twitter:label1\" content=\"Tempo di lettura stimato\" \/>\n\t<meta name=\"twitter:data1\" content=\"1 minuto\" \/>\n<script type=\"application\/ld+json\" class=\"yoast-schema-graph\">{\"@context\":\"https:\/\/schema.org\",\"@graph\":[{\"@type\":\"WebPage\",\"@id\":\"https:\/\/themeholt.com\/it\/product\/piano-avanzato-elementor-pro\/\",\"url\":\"https:\/\/themeholt.com\/it\/product\/piano-avanzato-elementor-pro\/\",\"name\":\"Elementor Pro Advance Page Builder | Themeholt\",\"isPartOf\":{\"@id\":\"https:\/\/themeholt.com\/#website\"},\"primaryImageOfPage\":{\"@id\":\"https:\/\/themeholt.com\/it\/product\/piano-avanzato-elementor-pro\/#primaryimage\"},\"image\":{\"@id\":\"https:\/\/themeholt.com\/it\/product\/piano-avanzato-elementor-pro\/#primaryimage\"},\"thumbnailUrl\":\"https:\/\/themeholt.com\/wp-content\/uploads\/2024\/02\/Elementor-pro-1.png\",\"datePublished\":\"2024-02-29T04:19:01+00:00\",\"dateModified\":\"2024-10-21T04:32:41+00:00\",\"description\":\"Ottieni funzionalit\u00e0 avanzate con Elementor Pro Advance Plan. Crea siti web sbalorditivi facilmente con strumenti avanzati e modelli professionali per tutte le tue esigenze.\",\"breadcrumb\":{\"@id\":\"https:\/\/themeholt.com\/it\/product\/piano-avanzato-elementor-pro\/#breadcrumb\"},\"inLanguage\":\"it-IT\",\"potentialAction\":[{\"@type\":\"ReadAction\",\"target\":[\"https:\/\/themeholt.com\/it\/product\/piano-avanzato-elementor-pro\/\"]}]},{\"@type\":\"ImageObject\",\"inLanguage\":\"it-IT\",\"@id\":\"https:\/\/themeholt.com\/it\/product\/piano-avanzato-elementor-pro\/#primaryimage\",\"url\":\"https:\/\/themeholt.com\/wp-content\/uploads\/2024\/02\/Elementor-pro-1.png\",\"contentUrl\":\"https:\/\/themeholt.com\/wp-content\/uploads\/2024\/02\/Elementor-pro-1.png\",\"width\":680,\"height\":457},{\"@type\":\"BreadcrumbList\",\"@id\":\"https:\/\/themeholt.com\/it\/product\/piano-avanzato-elementor-pro\/#breadcrumb\",\"itemListElement\":[{\"@type\":\"ListItem\",\"position\":1,\"name\":\"Home\",\"item\":\"https:\/\/themeholt.com\/it\/\"},{\"@type\":\"ListItem\",\"position\":2,\"name\":\"Shop\",\"item\":\"https:\/\/themeholt.com\/shop\/\"},{\"@type\":\"ListItem\",\"position\":3,\"name\":\"Piano avanzato Elementor pro\"}]},{\"@type\":\"WebSite\",\"@id\":\"https:\/\/themeholt.com\/#website\",\"url\":\"https:\/\/themeholt.com\/\",\"name\":\"ThemeHolt\",\"description\":\"Themeholt is a website that offers high-quality WordPress themes\",\"publisher\":{\"@id\":\"https:\/\/themeholt.com\/#organization\"},\"potentialAction\":[{\"@type\":\"SearchAction\",\"target\":{\"@type\":\"EntryPoint\",\"urlTemplate\":\"https:\/\/themeholt.com\/?s={search_term_string}\"},\"query-input\":{\"@type\":\"PropertyValueSpecification\",\"valueRequired\":true,\"valueName\":\"search_term_string\"}}],\"inLanguage\":\"it-IT\"},{\"@type\":\"Organization\",\"@id\":\"https:\/\/themeholt.com\/#organization\",\"name\":\"ThemeHolt\",\"alternateName\":\"ThemeHolt\",\"url\":\"https:\/\/themeholt.com\/\",\"logo\":{\"@type\":\"ImageObject\",\"inLanguage\":\"it-IT\",\"@id\":\"https:\/\/themeholt.com\/#\/schema\/logo\/image\/\",\"url\":\"https:\/\/themeholt.com\/wp-content\/uploads\/2024\/10\/themeholt.png\",\"contentUrl\":\"https:\/\/themeholt.com\/wp-content\/uploads\/2024\/10\/themeholt.png\",\"width\":225,\"height\":225,\"caption\":\"ThemeHolt\"},\"image\":{\"@id\":\"https:\/\/themeholt.com\/#\/schema\/logo\/image\/\"},\"sameAs\":[\"https:\/\/www.facebook.com\/themeholtT\",\"https:\/\/x.com\/ThemeholtT\",\"https:\/\/www.linkedin.com\/company\/themeholt\",\"https:\/\/www.instagram.com\/themeholtt\/\"],\"description\":\"Themeholt is a website that offers high-quality WordPress themes that are easy to use and ready for just about everything. In Eindhoven, Netherlands, since 2020 offering simple, accessible WordPress themes by providing a variety of requirements. Themeholt focuses on practicality and efficiency, allowing faster project completion with its superior marketplace and easy-to-use templates.\",\"legalName\":\"ThemeHolt\",\"foundingDate\":\"2022-11-10\",\"numberOfEmployees\":{\"@type\":\"QuantitativeValue\",\"minValue\":\"51\",\"maxValue\":\"200\"}}]}<\/script>\n<!-- \/ Yoast SEO Premium plugin. -->","yoast_head_json":{"title":"Elementor Pro Advance Page Builder | Themeholt","description":"Ottieni funzionalit\u00e0 avanzate con Elementor Pro Advance Plan. Crea siti web sbalorditivi facilmente con strumenti avanzati e modelli professionali per tutte le tue esigenze.","robots":{"index":"index","follow":"follow","max-snippet":"max-snippet:-1","max-image-preview":"max-image-preview:large","max-video-preview":"max-video-preview:-1"},"canonical":"https:\/\/themeholt.com\/it\/product\/piano-avanzato-elementor-pro\/","og_locale":"it_IT","og_type":"article","og_title":"Piano avanzato Elementor pro","og_description":"Ottieni funzionalit\u00e0 avanzate con Elementor Pro Advance Plan. Crea siti web sbalorditivi facilmente con strumenti avanzati e modelli professionali per tutte le tue esigenze.","og_url":"https:\/\/themeholt.com\/it\/product\/piano-avanzato-elementor-pro\/","og_site_name":"ThemeHolt","article_publisher":"https:\/\/www.facebook.com\/themeholtT","article_modified_time":"2024-10-21T04:32:41+00:00","og_image":[{"width":680,"height":457,"url":"https:\/\/themeholt.com\/wp-content\/uploads\/2024\/02\/Elementor-pro-1.png","type":"image\/png"}],"twitter_card":"summary_large_image","twitter_site":"@ThemeholtT","twitter_misc":{"Tempo di lettura stimato":"1 minuto"},"schema":{"@context":"https:\/\/schema.org","@graph":[{"@type":"WebPage","@id":"https:\/\/themeholt.com\/it\/product\/piano-avanzato-elementor-pro\/","url":"https:\/\/themeholt.com\/it\/product\/piano-avanzato-elementor-pro\/","name":"Elementor Pro Advance Page Builder | Themeholt","isPartOf":{"@id":"https:\/\/themeholt.com\/#website"},"primaryImageOfPage":{"@id":"https:\/\/themeholt.com\/it\/product\/piano-avanzato-elementor-pro\/#primaryimage"},"image":{"@id":"https:\/\/themeholt.com\/it\/product\/piano-avanzato-elementor-pro\/#primaryimage"},"thumbnailUrl":"https:\/\/themeholt.com\/wp-content\/uploads\/2024\/02\/Elementor-pro-1.png","datePublished":"2024-02-29T04:19:01+00:00","dateModified":"2024-10-21T04:32:41+00:00","description":"Ottieni funzionalit\u00e0 avanzate con Elementor Pro Advance Plan. Crea siti web sbalorditivi facilmente con strumenti avanzati e modelli professionali per tutte le tue esigenze.","breadcrumb":{"@id":"https:\/\/themeholt.com\/it\/product\/piano-avanzato-elementor-pro\/#breadcrumb"},"inLanguage":"it-IT","potentialAction":[{"@type":"ReadAction","target":["https:\/\/themeholt.com\/it\/product\/piano-avanzato-elementor-pro\/"]}]},{"@type":"ImageObject","inLanguage":"it-IT","@id":"https:\/\/themeholt.com\/it\/product\/piano-avanzato-elementor-pro\/#primaryimage","url":"https:\/\/themeholt.com\/wp-content\/uploads\/2024\/02\/Elementor-pro-1.png","contentUrl":"https:\/\/themeholt.com\/wp-content\/uploads\/2024\/02\/Elementor-pro-1.png","width":680,"height":457},{"@type":"BreadcrumbList","@id":"https:\/\/themeholt.com\/it\/product\/piano-avanzato-elementor-pro\/#breadcrumb","itemListElement":[{"@type":"ListItem","position":1,"name":"Home","item":"https:\/\/themeholt.com\/it\/"},{"@type":"ListItem","position":2,"name":"Shop","item":"https:\/\/themeholt.com\/shop\/"},{"@type":"ListItem","position":3,"name":"Piano avanzato Elementor pro"}]},{"@type":"WebSite","@id":"https:\/\/themeholt.com\/#website","url":"https:\/\/themeholt.com\/","name":"ThemeHolt","description":"Themeholt is a website that offers high-quality WordPress themes","publisher":{"@id":"https:\/\/themeholt.com\/#organization"},"potentialAction":[{"@type":"SearchAction","target":{"@type":"EntryPoint","urlTemplate":"https:\/\/themeholt.com\/?s={search_term_string}"},"query-input":{"@type":"PropertyValueSpecification","valueRequired":true,"valueName":"search_term_string"}}],"inLanguage":"it-IT"},{"@type":"Organization","@id":"https:\/\/themeholt.com\/#organization","name":"ThemeHolt","alternateName":"ThemeHolt","url":"https:\/\/themeholt.com\/","logo":{"@type":"ImageObject","inLanguage":"it-IT","@id":"https:\/\/themeholt.com\/#\/schema\/logo\/image\/","url":"https:\/\/themeholt.com\/wp-content\/uploads\/2024\/10\/themeholt.png","contentUrl":"https:\/\/themeholt.com\/wp-content\/uploads\/2024\/10\/themeholt.png","width":225,"height":225,"caption":"ThemeHolt"},"image":{"@id":"https:\/\/themeholt.com\/#\/schema\/logo\/image\/"},"sameAs":["https:\/\/www.facebook.com\/themeholtT","https:\/\/x.com\/ThemeholtT","https:\/\/www.linkedin.com\/company\/themeholt","https:\/\/www.instagram.com\/themeholtt\/"],"description":"Themeholt is a website that offers high-quality WordPress themes that are easy to use and ready for just about everything. In Eindhoven, Netherlands, since 2020 offering simple, accessible WordPress themes by providing a variety of requirements. Themeholt focuses on practicality and efficiency, allowing faster project completion with its superior marketplace and easy-to-use templates.","legalName":"ThemeHolt","foundingDate":"2022-11-10","numberOfEmployees":{"@type":"QuantitativeValue","minValue":"51","maxValue":"200"}}]}},"_links":{"self":[{"href":"https:\/\/themeholt.com\/it\/wp-json\/wp\/v2\/product\/13693","targetHints":{"allow":["GET"]}}],"collection":[{"href":"https:\/\/themeholt.com\/it\/wp-json\/wp\/v2\/product"}],"about":[{"href":"https:\/\/themeholt.com\/it\/wp-json\/wp\/v2\/types\/product"}],"wp:featuredmedia":[{"embeddable":true,"href":"https:\/\/themeholt.com\/it\/wp-json\/wp\/v2\/media\/13695"}],"wp:attachment":[{"href":"https:\/\/themeholt.com\/it\/wp-json\/wp\/v2\/media?parent=13693"}],"wp:term":[{"taxonomy":"product_brand","embeddable":true,"href":"https:\/\/themeholt.com\/it\/wp-json\/wp\/v2\/product_brand?post=13693"},{"taxonomy":"product_cat","embeddable":true,"href":"https:\/\/themeholt.com\/it\/wp-json\/wp\/v2\/product_cat?post=13693"},{"taxonomy":"product_tag","embeddable":true,"href":"https:\/\/themeholt.com\/it\/wp-json\/wp\/v2\/product_tag?post=13693"}],"curies":[{"name":"wp","href":"https:\/\/api.w.org\/{rel}","templated":true}]}}