{"id":13696,"date":"2024-02-29T04:58:52","date_gmt":"2024-02-29T04:58:52","guid":{"rendered":"https:\/\/themeholt.com\/product\/elementor-pro-essential-plan\/"},"modified":"2024-10-21T04:34:46","modified_gmt":"2024-10-21T04:34:46","slug":"piano-essenziale-di-elementor-pro","status":"publish","type":"product","link":"https:\/\/themeholt.com\/it\/product\/piano-essenziale-di-elementor-pro\/","title":{"rendered":"Piano essenziale di Elementor pro"},"content":{"rendered":"<p><span style=\"font-weight: 400\">Essential Plan Elementor \u00e8 come avere delle capacit\u00e0 straordinarie per il tuo sito web. Ti aiuta a progettare e personalizzare facilmente il layout del tuo sito web senza bisogno di competenze tecniche. Con le sue funzionalit\u00e0 avanzate, puoi rendere il tuo sito super professionale e totalmente unico. D\u00ec addio ai modelli noiosi perch\u00e9 questo strumento aiuta il tuo sito web a distinguersi dagli altri. Che tu sia un principiante o un professionista, Essential Plan Elementor semplifica la creazione di siti web. Quindi, se vuoi che il tuo sito web brilli e attragga pi\u00f9 visitatori, questo \u00e8 lo strumento di cui hai bisogno.<\/span><\/p>\n","protected":false},"excerpt":{"rendered":"<ul>\n<li>Accedi fino a 1 sito premium<\/li>\n<li>Assistenza clienti esclusiva<\/li>\n<li>50 widget professionali<\/li>\n<li>Creatore di temi personalizzabili<\/li>\n<li>Integrazione di contenuti interattivi<\/li>\n<li>Progettista di moduli avanzato<\/li>\n<\/ul>\n","protected":false},"featured_media":13698,"template":"","meta":{"_acf_changed":false,"inline_featured_image":false},"product_brand":[],"product_cat":[1771],"product_tag":[],"class_list":{"0":"post-13696","1":"product","2":"type-product","3":"status-publish","4":"has-post-thumbnail","6":"product_cat-elementor-pro-es","8":"first","9":"instock","10":"sale","11":"downloadable","12":"virtual","13":"taxable","14":"purchasable","15":"product-type-simple"},"acf":[],"yoast_head":"<!-- This site is optimized with the Yoast SEO Premium plugin v22.1 (Yoast SEO v26.0) - https:\/\/yoast.com\/wordpress\/plugins\/seo\/ -->\n<title>Elementor Pro Essential Page Builder | Themeholt<\/title>\n<meta name=\"description\" content=\"Ottieni Elementor Pro Essential Plan per la creazione di siti web. Goditi funzionalit\u00e0 avanzate, facile personalizzazione e design professionali per il tuo sito WordPress.\" \/>\n<meta name=\"robots\" content=\"index, follow, max-snippet:-1, max-image-preview:large, max-video-preview:-1\" \/>\n<link rel=\"canonical\" href=\"https:\/\/themeholt.com\/it\/product\/piano-essenziale-di-elementor-pro\/\" \/>\n<meta property=\"og:locale\" content=\"it_IT\" \/>\n<meta property=\"og:type\" content=\"article\" \/>\n<meta property=\"og:title\" content=\"Piano essenziale di Elementor pro\" \/>\n<meta property=\"og:description\" content=\"Ottieni Elementor Pro Essential Plan per la creazione di siti web. Goditi funzionalit\u00e0 avanzate, facile personalizzazione e design professionali per il tuo sito WordPress.\" \/>\n<meta property=\"og:url\" content=\"https:\/\/themeholt.com\/it\/product\/piano-essenziale-di-elementor-pro\/\" \/>\n<meta property=\"og:site_name\" content=\"ThemeHolt\" \/>\n<meta property=\"article:publisher\" content=\"https:\/\/www.facebook.com\/themeholtT\" \/>\n<meta property=\"article:modified_time\" content=\"2024-10-21T04:34:46+00:00\" \/>\n<meta property=\"og:image\" content=\"https:\/\/themeholt.com\/wp-content\/uploads\/2024\/02\/elementor-pro-768x432-1.jpg\" \/>\n\t<meta property=\"og:image:width\" content=\"768\" \/>\n\t<meta property=\"og:image:height\" content=\"432\" \/>\n\t<meta property=\"og:image:type\" content=\"image\/jpeg\" \/>\n<meta name=\"twitter:card\" content=\"summary_large_image\" \/>\n<meta name=\"twitter:site\" content=\"@ThemeholtT\" \/>\n<meta name=\"twitter:label1\" content=\"Tempo di lettura stimato\" \/>\n\t<meta name=\"twitter:data1\" content=\"1 minuto\" \/>\n<script type=\"application\/ld+json\" class=\"yoast-schema-graph\">{\"@context\":\"https:\/\/schema.org\",\"@graph\":[{\"@type\":\"WebPage\",\"@id\":\"https:\/\/themeholt.com\/it\/product\/piano-essenziale-di-elementor-pro\/\",\"url\":\"https:\/\/themeholt.com\/it\/product\/piano-essenziale-di-elementor-pro\/\",\"name\":\"Elementor Pro Essential Page Builder | Themeholt\",\"isPartOf\":{\"@id\":\"https:\/\/themeholt.com\/#website\"},\"primaryImageOfPage\":{\"@id\":\"https:\/\/themeholt.com\/it\/product\/piano-essenziale-di-elementor-pro\/#primaryimage\"},\"image\":{\"@id\":\"https:\/\/themeholt.com\/it\/product\/piano-essenziale-di-elementor-pro\/#primaryimage\"},\"thumbnailUrl\":\"https:\/\/themeholt.com\/wp-content\/uploads\/2024\/02\/elementor-pro-768x432-1.jpg\",\"datePublished\":\"2024-02-29T04:58:52+00:00\",\"dateModified\":\"2024-10-21T04:34:46+00:00\",\"description\":\"Ottieni Elementor Pro Essential Plan per la creazione di siti web. Goditi funzionalit\u00e0 avanzate, facile personalizzazione e design professionali per il tuo sito WordPress.\",\"breadcrumb\":{\"@id\":\"https:\/\/themeholt.com\/it\/product\/piano-essenziale-di-elementor-pro\/#breadcrumb\"},\"inLanguage\":\"it-IT\",\"potentialAction\":[{\"@type\":\"ReadAction\",\"target\":[\"https:\/\/themeholt.com\/it\/product\/piano-essenziale-di-elementor-pro\/\"]}]},{\"@type\":\"ImageObject\",\"inLanguage\":\"it-IT\",\"@id\":\"https:\/\/themeholt.com\/it\/product\/piano-essenziale-di-elementor-pro\/#primaryimage\",\"url\":\"https:\/\/themeholt.com\/wp-content\/uploads\/2024\/02\/elementor-pro-768x432-1.jpg\",\"contentUrl\":\"https:\/\/themeholt.com\/wp-content\/uploads\/2024\/02\/elementor-pro-768x432-1.jpg\",\"width\":768,\"height\":432},{\"@type\":\"BreadcrumbList\",\"@id\":\"https:\/\/themeholt.com\/it\/product\/piano-essenziale-di-elementor-pro\/#breadcrumb\",\"itemListElement\":[{\"@type\":\"ListItem\",\"position\":1,\"name\":\"Home\",\"item\":\"https:\/\/themeholt.com\/it\/\"},{\"@type\":\"ListItem\",\"position\":2,\"name\":\"Shop\",\"item\":\"https:\/\/themeholt.com\/shop\/\"},{\"@type\":\"ListItem\",\"position\":3,\"name\":\"Piano essenziale di Elementor pro\"}]},{\"@type\":\"WebSite\",\"@id\":\"https:\/\/themeholt.com\/#website\",\"url\":\"https:\/\/themeholt.com\/\",\"name\":\"ThemeHolt\",\"description\":\"Themeholt is a website that offers high-quality WordPress themes\",\"publisher\":{\"@id\":\"https:\/\/themeholt.com\/#organization\"},\"potentialAction\":[{\"@type\":\"SearchAction\",\"target\":{\"@type\":\"EntryPoint\",\"urlTemplate\":\"https:\/\/themeholt.com\/?s={search_term_string}\"},\"query-input\":{\"@type\":\"PropertyValueSpecification\",\"valueRequired\":true,\"valueName\":\"search_term_string\"}}],\"inLanguage\":\"it-IT\"},{\"@type\":\"Organization\",\"@id\":\"https:\/\/themeholt.com\/#organization\",\"name\":\"ThemeHolt\",\"alternateName\":\"ThemeHolt\",\"url\":\"https:\/\/themeholt.com\/\",\"logo\":{\"@type\":\"ImageObject\",\"inLanguage\":\"it-IT\",\"@id\":\"https:\/\/themeholt.com\/#\/schema\/logo\/image\/\",\"url\":\"https:\/\/themeholt.com\/wp-content\/uploads\/2024\/10\/themeholt.png\",\"contentUrl\":\"https:\/\/themeholt.com\/wp-content\/uploads\/2024\/10\/themeholt.png\",\"width\":225,\"height\":225,\"caption\":\"ThemeHolt\"},\"image\":{\"@id\":\"https:\/\/themeholt.com\/#\/schema\/logo\/image\/\"},\"sameAs\":[\"https:\/\/www.facebook.com\/themeholtT\",\"https:\/\/x.com\/ThemeholtT\",\"https:\/\/www.linkedin.com\/company\/themeholt\",\"https:\/\/www.instagram.com\/themeholtt\/\"],\"description\":\"Themeholt is a website that offers high-quality WordPress themes that are easy to use and ready for just about everything. In Eindhoven, Netherlands, since 2020 offering simple, accessible WordPress themes by providing a variety of requirements. Themeholt focuses on practicality and efficiency, allowing faster project completion with its superior marketplace and easy-to-use templates.\",\"legalName\":\"ThemeHolt\",\"foundingDate\":\"2022-11-10\",\"numberOfEmployees\":{\"@type\":\"QuantitativeValue\",\"minValue\":\"51\",\"maxValue\":\"200\"}}]}<\/script>\n<!-- \/ Yoast SEO Premium plugin. -->","yoast_head_json":{"title":"Elementor Pro Essential Page Builder | Themeholt","description":"Ottieni Elementor Pro Essential Plan per la creazione di siti web. Goditi funzionalit\u00e0 avanzate, facile personalizzazione e design professionali per il tuo sito WordPress.","robots":{"index":"index","follow":"follow","max-snippet":"max-snippet:-1","max-image-preview":"max-image-preview:large","max-video-preview":"max-video-preview:-1"},"canonical":"https:\/\/themeholt.com\/it\/product\/piano-essenziale-di-elementor-pro\/","og_locale":"it_IT","og_type":"article","og_title":"Piano essenziale di Elementor pro","og_description":"Ottieni Elementor Pro Essential Plan per la creazione di siti web. Goditi funzionalit\u00e0 avanzate, facile personalizzazione e design professionali per il tuo sito WordPress.","og_url":"https:\/\/themeholt.com\/it\/product\/piano-essenziale-di-elementor-pro\/","og_site_name":"ThemeHolt","article_publisher":"https:\/\/www.facebook.com\/themeholtT","article_modified_time":"2024-10-21T04:34:46+00:00","og_image":[{"width":768,"height":432,"url":"https:\/\/themeholt.com\/wp-content\/uploads\/2024\/02\/elementor-pro-768x432-1.jpg","type":"image\/jpeg"}],"twitter_card":"summary_large_image","twitter_site":"@ThemeholtT","twitter_misc":{"Tempo di lettura stimato":"1 minuto"},"schema":{"@context":"https:\/\/schema.org","@graph":[{"@type":"WebPage","@id":"https:\/\/themeholt.com\/it\/product\/piano-essenziale-di-elementor-pro\/","url":"https:\/\/themeholt.com\/it\/product\/piano-essenziale-di-elementor-pro\/","name":"Elementor Pro Essential Page Builder | Themeholt","isPartOf":{"@id":"https:\/\/themeholt.com\/#website"},"primaryImageOfPage":{"@id":"https:\/\/themeholt.com\/it\/product\/piano-essenziale-di-elementor-pro\/#primaryimage"},"image":{"@id":"https:\/\/themeholt.com\/it\/product\/piano-essenziale-di-elementor-pro\/#primaryimage"},"thumbnailUrl":"https:\/\/themeholt.com\/wp-content\/uploads\/2024\/02\/elementor-pro-768x432-1.jpg","datePublished":"2024-02-29T04:58:52+00:00","dateModified":"2024-10-21T04:34:46+00:00","description":"Ottieni Elementor Pro Essential Plan per la creazione di siti web. Goditi funzionalit\u00e0 avanzate, facile personalizzazione e design professionali per il tuo sito WordPress.","breadcrumb":{"@id":"https:\/\/themeholt.com\/it\/product\/piano-essenziale-di-elementor-pro\/#breadcrumb"},"inLanguage":"it-IT","potentialAction":[{"@type":"ReadAction","target":["https:\/\/themeholt.com\/it\/product\/piano-essenziale-di-elementor-pro\/"]}]},{"@type":"ImageObject","inLanguage":"it-IT","@id":"https:\/\/themeholt.com\/it\/product\/piano-essenziale-di-elementor-pro\/#primaryimage","url":"https:\/\/themeholt.com\/wp-content\/uploads\/2024\/02\/elementor-pro-768x432-1.jpg","contentUrl":"https:\/\/themeholt.com\/wp-content\/uploads\/2024\/02\/elementor-pro-768x432-1.jpg","width":768,"height":432},{"@type":"BreadcrumbList","@id":"https:\/\/themeholt.com\/it\/product\/piano-essenziale-di-elementor-pro\/#breadcrumb","itemListElement":[{"@type":"ListItem","position":1,"name":"Home","item":"https:\/\/themeholt.com\/it\/"},{"@type":"ListItem","position":2,"name":"Shop","item":"https:\/\/themeholt.com\/shop\/"},{"@type":"ListItem","position":3,"name":"Piano essenziale di Elementor pro"}]},{"@type":"WebSite","@id":"https:\/\/themeholt.com\/#website","url":"https:\/\/themeholt.com\/","name":"ThemeHolt","description":"Themeholt is a website that offers high-quality WordPress themes","publisher":{"@id":"https:\/\/themeholt.com\/#organization"},"potentialAction":[{"@type":"SearchAction","target":{"@type":"EntryPoint","urlTemplate":"https:\/\/themeholt.com\/?s={search_term_string}"},"query-input":{"@type":"PropertyValueSpecification","valueRequired":true,"valueName":"search_term_string"}}],"inLanguage":"it-IT"},{"@type":"Organization","@id":"https:\/\/themeholt.com\/#organization","name":"ThemeHolt","alternateName":"ThemeHolt","url":"https:\/\/themeholt.com\/","logo":{"@type":"ImageObject","inLanguage":"it-IT","@id":"https:\/\/themeholt.com\/#\/schema\/logo\/image\/","url":"https:\/\/themeholt.com\/wp-content\/uploads\/2024\/10\/themeholt.png","contentUrl":"https:\/\/themeholt.com\/wp-content\/uploads\/2024\/10\/themeholt.png","width":225,"height":225,"caption":"ThemeHolt"},"image":{"@id":"https:\/\/themeholt.com\/#\/schema\/logo\/image\/"},"sameAs":["https:\/\/www.facebook.com\/themeholtT","https:\/\/x.com\/ThemeholtT","https:\/\/www.linkedin.com\/company\/themeholt","https:\/\/www.instagram.com\/themeholtt\/"],"description":"Themeholt is a website that offers high-quality WordPress themes that are easy to use and ready for just about everything. In Eindhoven, Netherlands, since 2020 offering simple, accessible WordPress themes by providing a variety of requirements. Themeholt focuses on practicality and efficiency, allowing faster project completion with its superior marketplace and easy-to-use templates.","legalName":"ThemeHolt","foundingDate":"2022-11-10","numberOfEmployees":{"@type":"QuantitativeValue","minValue":"51","maxValue":"200"}}]}},"_links":{"self":[{"href":"https:\/\/themeholt.com\/it\/wp-json\/wp\/v2\/product\/13696","targetHints":{"allow":["GET"]}}],"collection":[{"href":"https:\/\/themeholt.com\/it\/wp-json\/wp\/v2\/product"}],"about":[{"href":"https:\/\/themeholt.com\/it\/wp-json\/wp\/v2\/types\/product"}],"wp:featuredmedia":[{"embeddable":true,"href":"https:\/\/themeholt.com\/it\/wp-json\/wp\/v2\/media\/13698"}],"wp:attachment":[{"href":"https:\/\/themeholt.com\/it\/wp-json\/wp\/v2\/media?parent=13696"}],"wp:term":[{"taxonomy":"product_brand","embeddable":true,"href":"https:\/\/themeholt.com\/it\/wp-json\/wp\/v2\/product_brand?post=13696"},{"taxonomy":"product_cat","embeddable":true,"href":"https:\/\/themeholt.com\/it\/wp-json\/wp\/v2\/product_cat?post=13696"},{"taxonomy":"product_tag","embeddable":true,"href":"https:\/\/themeholt.com\/it\/wp-json\/wp\/v2\/product_tag?post=13696"}],"curies":[{"name":"wp","href":"https:\/\/api.w.org\/{rel}","templated":true}]}}