{"id":13816,"date":"2023-10-09T12:24:41","date_gmt":"2023-10-09T12:24:41","guid":{"rendered":"https:\/\/themeholt.com\/product\/virtty-virtual-reality-services\/"},"modified":"2024-10-21T06:25:40","modified_gmt":"2024-10-21T06:25:40","slug":"servizi-di-realta-virtuale-virtty","status":"publish","type":"product","link":"https:\/\/themeholt.com\/it\/product\/servizi-di-realta-virtuale-virtty\/","title":{"rendered":"Servizi di realt\u00e0 virtuale Virtty"},"content":{"rendered":"<p><span style=\"font-weight: 400\">Il tema WordPress per servizi di realt\u00e0 virtuale<\/span><b><\/b><span style=\"font-weight: 400\"> \u00e8 ricco di funzionalit\u00e0 e offre tutti gli strumenti necessari per promuovere efficacemente i tuoi servizi di realt\u00e0 virtuale. I clienti possono facilmente organizzare sessioni o appuntamenti grazie al sistema di prenotazione integrato. Inoltre, puoi utilizzare le funzionalit\u00e0 di e-commerce per vendere attrezzature, accessori o esperienze di realt\u00e0 virtuale direttamente dal tuo sito web. \u00c8 facile interagire con il tuo pubblico e creare relazioni durature quando hai l&#8217;integrazione con i social network, moduli di contatto e opzioni di iscrizione alla newsletter.<\/span><\/p>\n<p><span style=\"font-weight: 400\">Questo tema \u00e8 unico in quanto incoraggia le prestazioni. \u00c8 ottimizzato per i motori di ricerca per aiutare ad aumentare la presenza del tuo sito nei risultati di ricerca e si carica rapidamente, quindi gli utenti non saranno frustrati da lunghi tempi di caricamento. Inoltre, una serie di strumenti SEO integrati pu\u00f2 aiutarti a migliorare la funzionalit\u00e0 del tuo sito web e semplificare la conoscenza dei tuoi servizi di realt\u00e0 virtuale da parte dei nuovi clienti.<\/span><\/p>\n","protected":false},"excerpt":{"rendered":"<ul>\n<li><span style=\"font-weight: 400\">Design moderno ed esperienza incentrata sull&#8217;utente<\/span><\/li>\n<li><span style=\"font-weight: 400\">Ricco di funzionalit\u00e0 e personalizzabile<\/span><\/li>\n<li><span style=\"font-weight: 400\">Portfolio Showcase<\/span><\/li>\n<li><span style=\"font-weight: 400\">Servizi e soluzioni<\/span><\/li>\n<li><span style=\"font-weight: 400\">Testimonianze e casi di studio<\/span><\/li>\n<li><span style=\"font-weight: 400\">Integrazione del blog<\/span><\/li>\n<\/ul>\n","protected":false},"featured_media":13817,"template":"","meta":{"_acf_changed":false,"inline_featured_image":false},"product_brand":[],"product_cat":[1820],"product_tag":[1825],"class_list":{"0":"post-13816","1":"product","2":"type-product","3":"status-publish","4":"has-post-thumbnail","6":"product_cat-technology-apps-ru","7":"product_tag-best-mobile-applications-themes-ru","9":"first","10":"instock","11":"sale","12":"downloadable","13":"taxable","14":"shipping-taxable","15":"purchasable","16":"product-type-simple"},"acf":[],"yoast_head":"<!-- This site is optimized with the Yoast SEO Premium plugin v22.1 (Yoast SEO v26.0) - https:\/\/yoast.com\/wordpress\/plugins\/seo\/ -->\n<title>Immergi il tuo sito web con un tema WordPress per servizi di realt\u00e0 virtuale<\/title>\n<meta name=\"description\" content=\"Scopri il tema WordPress definitivo per i servizi di realt\u00e0 virtuale: migliora la tua presenza online con design e funzionalit\u00e0 immersive. Perfetto per aziende e appassionati di realt\u00e0 virtuale. Esplora ora!\" \/>\n<meta name=\"robots\" content=\"index, follow, max-snippet:-1, max-image-preview:large, max-video-preview:-1\" \/>\n<link rel=\"canonical\" href=\"https:\/\/themeholt.com\/it\/product\/servizi-di-realta-virtuale-virtty\/\" \/>\n<meta property=\"og:locale\" content=\"it_IT\" \/>\n<meta property=\"og:type\" content=\"article\" \/>\n<meta property=\"og:title\" content=\"Servizi di realt\u00e0 virtuale Virtty\" \/>\n<meta property=\"og:description\" content=\"Scopri il tema WordPress definitivo per i servizi di realt\u00e0 virtuale: migliora la tua presenza online con design e funzionalit\u00e0 immersive. Perfetto per aziende e appassionati di realt\u00e0 virtuale. Esplora ora!\" \/>\n<meta property=\"og:url\" content=\"https:\/\/themeholt.com\/it\/product\/servizi-di-realta-virtuale-virtty\/\" \/>\n<meta property=\"og:site_name\" content=\"ThemeHolt\" \/>\n<meta property=\"article:publisher\" content=\"https:\/\/www.facebook.com\/themeholtT\" \/>\n<meta property=\"article:modified_time\" content=\"2024-10-21T06:25:40+00:00\" \/>\n<meta property=\"og:image\" content=\"https:\/\/themeholt.com\/wp-content\/uploads\/2023\/10\/41-3-918x1024.png\" \/>\n\t<meta property=\"og:image:width\" content=\"918\" \/>\n\t<meta property=\"og:image:height\" content=\"1024\" \/>\n\t<meta property=\"og:image:type\" content=\"image\/png\" \/>\n<meta name=\"twitter:card\" content=\"summary_large_image\" \/>\n<meta name=\"twitter:site\" content=\"@ThemeholtT\" \/>\n<meta name=\"twitter:label1\" content=\"Tempo di lettura stimato\" \/>\n\t<meta name=\"twitter:data1\" content=\"1 minuto\" \/>\n<script type=\"application\/ld+json\" class=\"yoast-schema-graph\">{\"@context\":\"https:\/\/schema.org\",\"@graph\":[{\"@type\":\"WebPage\",\"@id\":\"https:\/\/themeholt.com\/it\/product\/servizi-di-realta-virtuale-virtty\/\",\"url\":\"https:\/\/themeholt.com\/it\/product\/servizi-di-realta-virtuale-virtty\/\",\"name\":\"Immergi il tuo sito web con un tema WordPress per servizi di realt\u00e0 virtuale\",\"isPartOf\":{\"@id\":\"https:\/\/themeholt.com\/#website\"},\"primaryImageOfPage\":{\"@id\":\"https:\/\/themeholt.com\/it\/product\/servizi-di-realta-virtuale-virtty\/#primaryimage\"},\"image\":{\"@id\":\"https:\/\/themeholt.com\/it\/product\/servizi-di-realta-virtuale-virtty\/#primaryimage\"},\"thumbnailUrl\":\"https:\/\/themeholt.com\/wp-content\/uploads\/2023\/10\/41-3.png\",\"datePublished\":\"2023-10-09T12:24:41+00:00\",\"dateModified\":\"2024-10-21T06:25:40+00:00\",\"description\":\"Scopri il tema WordPress definitivo per i servizi di realt\u00e0 virtuale: migliora la tua presenza online con design e funzionalit\u00e0 immersive. Perfetto per aziende e appassionati di realt\u00e0 virtuale. Esplora ora!\",\"breadcrumb\":{\"@id\":\"https:\/\/themeholt.com\/it\/product\/servizi-di-realta-virtuale-virtty\/#breadcrumb\"},\"inLanguage\":\"it-IT\",\"potentialAction\":[{\"@type\":\"ReadAction\",\"target\":[\"https:\/\/themeholt.com\/it\/product\/servizi-di-realta-virtuale-virtty\/\"]}]},{\"@type\":\"ImageObject\",\"inLanguage\":\"it-IT\",\"@id\":\"https:\/\/themeholt.com\/it\/product\/servizi-di-realta-virtuale-virtty\/#primaryimage\",\"url\":\"https:\/\/themeholt.com\/wp-content\/uploads\/2023\/10\/41-3.png\",\"contentUrl\":\"https:\/\/themeholt.com\/wp-content\/uploads\/2023\/10\/41-3.png\",\"width\":1363,\"height\":1520},{\"@type\":\"BreadcrumbList\",\"@id\":\"https:\/\/themeholt.com\/it\/product\/servizi-di-realta-virtuale-virtty\/#breadcrumb\",\"itemListElement\":[{\"@type\":\"ListItem\",\"position\":1,\"name\":\"Home\",\"item\":\"https:\/\/themeholt.com\/it\/\"},{\"@type\":\"ListItem\",\"position\":2,\"name\":\"Shop\",\"item\":\"https:\/\/themeholt.com\/shop\/\"},{\"@type\":\"ListItem\",\"position\":3,\"name\":\"Servizi di realt\u00e0 virtuale Virtty\"}]},{\"@type\":\"WebSite\",\"@id\":\"https:\/\/themeholt.com\/#website\",\"url\":\"https:\/\/themeholt.com\/\",\"name\":\"ThemeHolt\",\"description\":\"Themeholt is a website that offers high-quality WordPress themes\",\"publisher\":{\"@id\":\"https:\/\/themeholt.com\/#organization\"},\"potentialAction\":[{\"@type\":\"SearchAction\",\"target\":{\"@type\":\"EntryPoint\",\"urlTemplate\":\"https:\/\/themeholt.com\/?s={search_term_string}\"},\"query-input\":{\"@type\":\"PropertyValueSpecification\",\"valueRequired\":true,\"valueName\":\"search_term_string\"}}],\"inLanguage\":\"it-IT\"},{\"@type\":\"Organization\",\"@id\":\"https:\/\/themeholt.com\/#organization\",\"name\":\"ThemeHolt\",\"alternateName\":\"ThemeHolt\",\"url\":\"https:\/\/themeholt.com\/\",\"logo\":{\"@type\":\"ImageObject\",\"inLanguage\":\"it-IT\",\"@id\":\"https:\/\/themeholt.com\/#\/schema\/logo\/image\/\",\"url\":\"https:\/\/themeholt.com\/wp-content\/uploads\/2024\/10\/themeholt.png\",\"contentUrl\":\"https:\/\/themeholt.com\/wp-content\/uploads\/2024\/10\/themeholt.png\",\"width\":225,\"height\":225,\"caption\":\"ThemeHolt\"},\"image\":{\"@id\":\"https:\/\/themeholt.com\/#\/schema\/logo\/image\/\"},\"sameAs\":[\"https:\/\/www.facebook.com\/themeholtT\",\"https:\/\/x.com\/ThemeholtT\",\"https:\/\/www.linkedin.com\/company\/themeholt\",\"https:\/\/www.instagram.com\/themeholtt\/\"],\"description\":\"Themeholt is a website that offers high-quality WordPress themes that are easy to use and ready for just about everything. In Eindhoven, Netherlands, since 2020 offering simple, accessible WordPress themes by providing a variety of requirements. Themeholt focuses on practicality and efficiency, allowing faster project completion with its superior marketplace and easy-to-use templates.\",\"legalName\":\"ThemeHolt\",\"foundingDate\":\"2022-11-10\",\"numberOfEmployees\":{\"@type\":\"QuantitativeValue\",\"minValue\":\"51\",\"maxValue\":\"200\"}}]}<\/script>\n<!-- \/ Yoast SEO Premium plugin. -->","yoast_head_json":{"title":"Immergi il tuo sito web con un tema WordPress per servizi di realt\u00e0 virtuale","description":"Scopri il tema WordPress definitivo per i servizi di realt\u00e0 virtuale: migliora la tua presenza online con design e funzionalit\u00e0 immersive. Perfetto per aziende e appassionati di realt\u00e0 virtuale. Esplora ora!","robots":{"index":"index","follow":"follow","max-snippet":"max-snippet:-1","max-image-preview":"max-image-preview:large","max-video-preview":"max-video-preview:-1"},"canonical":"https:\/\/themeholt.com\/it\/product\/servizi-di-realta-virtuale-virtty\/","og_locale":"it_IT","og_type":"article","og_title":"Servizi di realt\u00e0 virtuale Virtty","og_description":"Scopri il tema WordPress definitivo per i servizi di realt\u00e0 virtuale: migliora la tua presenza online con design e funzionalit\u00e0 immersive. Perfetto per aziende e appassionati di realt\u00e0 virtuale. Esplora ora!","og_url":"https:\/\/themeholt.com\/it\/product\/servizi-di-realta-virtuale-virtty\/","og_site_name":"ThemeHolt","article_publisher":"https:\/\/www.facebook.com\/themeholtT","article_modified_time":"2024-10-21T06:25:40+00:00","og_image":[{"width":918,"height":1024,"url":"https:\/\/themeholt.com\/wp-content\/uploads\/2023\/10\/41-3-918x1024.png","type":"image\/png"}],"twitter_card":"summary_large_image","twitter_site":"@ThemeholtT","twitter_misc":{"Tempo di lettura stimato":"1 minuto"},"schema":{"@context":"https:\/\/schema.org","@graph":[{"@type":"WebPage","@id":"https:\/\/themeholt.com\/it\/product\/servizi-di-realta-virtuale-virtty\/","url":"https:\/\/themeholt.com\/it\/product\/servizi-di-realta-virtuale-virtty\/","name":"Immergi il tuo sito web con un tema WordPress per servizi di realt\u00e0 virtuale","isPartOf":{"@id":"https:\/\/themeholt.com\/#website"},"primaryImageOfPage":{"@id":"https:\/\/themeholt.com\/it\/product\/servizi-di-realta-virtuale-virtty\/#primaryimage"},"image":{"@id":"https:\/\/themeholt.com\/it\/product\/servizi-di-realta-virtuale-virtty\/#primaryimage"},"thumbnailUrl":"https:\/\/themeholt.com\/wp-content\/uploads\/2023\/10\/41-3.png","datePublished":"2023-10-09T12:24:41+00:00","dateModified":"2024-10-21T06:25:40+00:00","description":"Scopri il tema WordPress definitivo per i servizi di realt\u00e0 virtuale: migliora la tua presenza online con design e funzionalit\u00e0 immersive. Perfetto per aziende e appassionati di realt\u00e0 virtuale. Esplora ora!","breadcrumb":{"@id":"https:\/\/themeholt.com\/it\/product\/servizi-di-realta-virtuale-virtty\/#breadcrumb"},"inLanguage":"it-IT","potentialAction":[{"@type":"ReadAction","target":["https:\/\/themeholt.com\/it\/product\/servizi-di-realta-virtuale-virtty\/"]}]},{"@type":"ImageObject","inLanguage":"it-IT","@id":"https:\/\/themeholt.com\/it\/product\/servizi-di-realta-virtuale-virtty\/#primaryimage","url":"https:\/\/themeholt.com\/wp-content\/uploads\/2023\/10\/41-3.png","contentUrl":"https:\/\/themeholt.com\/wp-content\/uploads\/2023\/10\/41-3.png","width":1363,"height":1520},{"@type":"BreadcrumbList","@id":"https:\/\/themeholt.com\/it\/product\/servizi-di-realta-virtuale-virtty\/#breadcrumb","itemListElement":[{"@type":"ListItem","position":1,"name":"Home","item":"https:\/\/themeholt.com\/it\/"},{"@type":"ListItem","position":2,"name":"Shop","item":"https:\/\/themeholt.com\/shop\/"},{"@type":"ListItem","position":3,"name":"Servizi di realt\u00e0 virtuale Virtty"}]},{"@type":"WebSite","@id":"https:\/\/themeholt.com\/#website","url":"https:\/\/themeholt.com\/","name":"ThemeHolt","description":"Themeholt is a website that offers high-quality WordPress themes","publisher":{"@id":"https:\/\/themeholt.com\/#organization"},"potentialAction":[{"@type":"SearchAction","target":{"@type":"EntryPoint","urlTemplate":"https:\/\/themeholt.com\/?s={search_term_string}"},"query-input":{"@type":"PropertyValueSpecification","valueRequired":true,"valueName":"search_term_string"}}],"inLanguage":"it-IT"},{"@type":"Organization","@id":"https:\/\/themeholt.com\/#organization","name":"ThemeHolt","alternateName":"ThemeHolt","url":"https:\/\/themeholt.com\/","logo":{"@type":"ImageObject","inLanguage":"it-IT","@id":"https:\/\/themeholt.com\/#\/schema\/logo\/image\/","url":"https:\/\/themeholt.com\/wp-content\/uploads\/2024\/10\/themeholt.png","contentUrl":"https:\/\/themeholt.com\/wp-content\/uploads\/2024\/10\/themeholt.png","width":225,"height":225,"caption":"ThemeHolt"},"image":{"@id":"https:\/\/themeholt.com\/#\/schema\/logo\/image\/"},"sameAs":["https:\/\/www.facebook.com\/themeholtT","https:\/\/x.com\/ThemeholtT","https:\/\/www.linkedin.com\/company\/themeholt","https:\/\/www.instagram.com\/themeholtt\/"],"description":"Themeholt is a website that offers high-quality WordPress themes that are easy to use and ready for just about everything. In Eindhoven, Netherlands, since 2020 offering simple, accessible WordPress themes by providing a variety of requirements. Themeholt focuses on practicality and efficiency, allowing faster project completion with its superior marketplace and easy-to-use templates.","legalName":"ThemeHolt","foundingDate":"2022-11-10","numberOfEmployees":{"@type":"QuantitativeValue","minValue":"51","maxValue":"200"}}]}},"_links":{"self":[{"href":"https:\/\/themeholt.com\/it\/wp-json\/wp\/v2\/product\/13816","targetHints":{"allow":["GET"]}}],"collection":[{"href":"https:\/\/themeholt.com\/it\/wp-json\/wp\/v2\/product"}],"about":[{"href":"https:\/\/themeholt.com\/it\/wp-json\/wp\/v2\/types\/product"}],"wp:featuredmedia":[{"embeddable":true,"href":"https:\/\/themeholt.com\/it\/wp-json\/wp\/v2\/media\/13817"}],"wp:attachment":[{"href":"https:\/\/themeholt.com\/it\/wp-json\/wp\/v2\/media?parent=13816"}],"wp:term":[{"taxonomy":"product_brand","embeddable":true,"href":"https:\/\/themeholt.com\/it\/wp-json\/wp\/v2\/product_brand?post=13816"},{"taxonomy":"product_cat","embeddable":true,"href":"https:\/\/themeholt.com\/it\/wp-json\/wp\/v2\/product_cat?post=13816"},{"taxonomy":"product_tag","embeddable":true,"href":"https:\/\/themeholt.com\/it\/wp-json\/wp\/v2\/product_tag?post=13816"}],"curies":[{"name":"wp","href":"https:\/\/api.w.org\/{rel}","templated":true}]}}