{"id":14414,"date":"2023-10-09T04:40:45","date_gmt":"2023-10-09T04:40:45","guid":{"rendered":"https:\/\/themeholt.com\/product\/connie-ice-cream-shop\/"},"modified":"2024-10-24T05:11:00","modified_gmt":"2024-10-24T05:11:00","slug":"gelateria-connie","status":"publish","type":"product","link":"https:\/\/themeholt.com\/it\/product\/gelateria-connie\/","title":{"rendered":"Gelateria Connie"},"content":{"rendered":"<p><span style=\"font-weight: 400\">Il tema WordPress Ice Cream Parlor<\/span><b> \u00e8 un modello di sito Web intuitivo e visivamente accattivante, progettato specificamente per gelaterie e saloni di gelateria. Questo tema offre una deliziosa combinazione di funzionalit\u00e0 che soddisfano le esigenze uniche delle attivit\u00e0 di gelateria. \u00c8 dotato di layout personalizzabili, vivaci combinazioni di colori ed elementi di design appetitosi per presentare le tue prelibatezze nel modo pi\u00f9 allettante.<\/span><\/p>\n<p><span style=\"font-weight: 400\">Con opzioni di personalizzazione facili da usare, puoi personalizzare il tuo sito Web senza alcuna conoscenza di programmazione, il che lo rende una scelta perfetta sia per i principianti che per i proprietari di siti Web esperti. Il tema \u00e8 reattivo e ottimizzato per i dispositivi mobili, garantendo che il tuo sito abbia un aspetto fantastico su tutti i dispositivi. Include anche funzionalit\u00e0 come l&#8217;integrazione del menu, link ai social media e moduli di contatto, rendendo facile per i clienti esplorare i tuoi gusti e mettersi in contatto.<\/span><\/p>\n<p><span style=\"font-weight: 400\">Se vuoi ottenere successo per la tua gelateria, &#8220;Ice Cream Parlor WordPress Theme&#8221; \u00e8 il cono digitale perfetto per servire la tua presenza online.<\/span><\/p>\n","protected":false},"excerpt":{"rendered":"<ul>\n<li><span style=\"font-weight: 400\">Design rinfrescante<\/span><\/li>\n<li><span style=\"font-weight: 400\">Interfaccia intuitiva<\/span><\/li>\n<li><span style=\"font-weight: 400\">Reattivit\u00e0 mobile<\/span><\/li>\n<li><span style=\"font-weight: 400\">Vetrina del menu<\/span><\/li>\n<li><span style=\"font-weight: 400\">Integrazione degli ordini online<\/span><\/li>\n<li><span style=\"font-weight: 400\">Mappe interattive<\/span><\/li>\n<\/ul>\n","protected":false},"featured_media":14415,"template":"","meta":{"_acf_changed":false,"inline_featured_image":false},"product_brand":[],"product_cat":[1135],"product_tag":[1138,1164,1166],"class_list":{"0":"post-14414","1":"product","2":"type-product","3":"status-publish","4":"has-post-thumbnail","6":"product_cat-food-resturant-it","7":"product_tag-best-restaurant-themes-ideas-it","8":"product_tag-fast-food-restaurant-themes-it","9":"product_tag-affordable-fashion-and-beauty-themes-it","11":"first","12":"instock","13":"sale","14":"downloadable","15":"taxable","16":"shipping-taxable","17":"purchasable","18":"product-type-simple"},"acf":[],"yoast_head":"<!-- This site is optimized with the Yoast SEO Premium plugin v22.1 (Yoast SEO v26.0) - https:\/\/yoast.com\/wordpress\/plugins\/seo\/ -->\n<title>Temi WordPress per gelato | Modelli di siti web per gelato<\/title>\n<meta name=\"description\" content=\"Trova modelli accattivanti per siti web di gelati con design vivaci e facile personalizzazione. Ottimi per mostrare le tue gustose creazioni online. Contattaci!\" \/>\n<meta name=\"robots\" content=\"index, follow, max-snippet:-1, max-image-preview:large, max-video-preview:-1\" \/>\n<link rel=\"canonical\" href=\"https:\/\/themeholt.com\/it\/product\/gelateria-connie\/\" \/>\n<meta property=\"og:locale\" content=\"it_IT\" \/>\n<meta property=\"og:type\" content=\"article\" \/>\n<meta property=\"og:title\" content=\"Gelateria Connie\" \/>\n<meta property=\"og:description\" content=\"Trova modelli accattivanti per siti web di gelati con design vivaci e facile personalizzazione. Ottimi per mostrare le tue gustose creazioni online. Contattaci!\" \/>\n<meta property=\"og:url\" content=\"https:\/\/themeholt.com\/it\/product\/gelateria-connie\/\" \/>\n<meta property=\"og:site_name\" content=\"ThemeHolt\" \/>\n<meta property=\"article:publisher\" content=\"https:\/\/www.facebook.com\/themeholtT\" \/>\n<meta property=\"article:modified_time\" content=\"2024-10-24T05:11:00+00:00\" \/>\n<meta property=\"og:image\" content=\"https:\/\/themeholt.com\/wp-content\/uploads\/2023\/10\/206.png\" \/>\n\t<meta property=\"og:image:width\" content=\"1356\" \/>\n\t<meta property=\"og:image:height\" content=\"1581\" \/>\n\t<meta property=\"og:image:type\" content=\"image\/png\" \/>\n<meta name=\"twitter:card\" content=\"summary_large_image\" \/>\n<meta name=\"twitter:site\" content=\"@ThemeholtT\" \/>\n<meta name=\"twitter:label1\" content=\"Tempo di lettura stimato\" \/>\n\t<meta name=\"twitter:data1\" content=\"1 minuto\" \/>\n<script type=\"application\/ld+json\" class=\"yoast-schema-graph\">{\"@context\":\"https:\/\/schema.org\",\"@graph\":[{\"@type\":\"WebPage\",\"@id\":\"https:\/\/themeholt.com\/it\/product\/gelateria-connie\/\",\"url\":\"https:\/\/themeholt.com\/it\/product\/gelateria-connie\/\",\"name\":\"Temi WordPress per gelato | Modelli di siti web per gelato\",\"isPartOf\":{\"@id\":\"https:\/\/themeholt.com\/#website\"},\"primaryImageOfPage\":{\"@id\":\"https:\/\/themeholt.com\/it\/product\/gelateria-connie\/#primaryimage\"},\"image\":{\"@id\":\"https:\/\/themeholt.com\/it\/product\/gelateria-connie\/#primaryimage\"},\"thumbnailUrl\":\"https:\/\/themeholt.com\/wp-content\/uploads\/2023\/10\/206.png\",\"datePublished\":\"2023-10-09T04:40:45+00:00\",\"dateModified\":\"2024-10-24T05:11:00+00:00\",\"description\":\"Trova modelli accattivanti per siti web di gelati con design vivaci e facile personalizzazione. Ottimi per mostrare le tue gustose creazioni online. Contattaci!\",\"breadcrumb\":{\"@id\":\"https:\/\/themeholt.com\/it\/product\/gelateria-connie\/#breadcrumb\"},\"inLanguage\":\"it-IT\",\"potentialAction\":[{\"@type\":\"ReadAction\",\"target\":[\"https:\/\/themeholt.com\/it\/product\/gelateria-connie\/\"]}]},{\"@type\":\"ImageObject\",\"inLanguage\":\"it-IT\",\"@id\":\"https:\/\/themeholt.com\/it\/product\/gelateria-connie\/#primaryimage\",\"url\":\"https:\/\/themeholt.com\/wp-content\/uploads\/2023\/10\/206.png\",\"contentUrl\":\"https:\/\/themeholt.com\/wp-content\/uploads\/2023\/10\/206.png\",\"width\":1356,\"height\":1581},{\"@type\":\"BreadcrumbList\",\"@id\":\"https:\/\/themeholt.com\/it\/product\/gelateria-connie\/#breadcrumb\",\"itemListElement\":[{\"@type\":\"ListItem\",\"position\":1,\"name\":\"Home\",\"item\":\"https:\/\/themeholt.com\/it\/\"},{\"@type\":\"ListItem\",\"position\":2,\"name\":\"Shop\",\"item\":\"https:\/\/themeholt.com\/shop\/\"},{\"@type\":\"ListItem\",\"position\":3,\"name\":\"Gelateria Connie\"}]},{\"@type\":\"WebSite\",\"@id\":\"https:\/\/themeholt.com\/#website\",\"url\":\"https:\/\/themeholt.com\/\",\"name\":\"ThemeHolt\",\"description\":\"Themeholt is a website that offers high-quality WordPress themes\",\"publisher\":{\"@id\":\"https:\/\/themeholt.com\/#organization\"},\"potentialAction\":[{\"@type\":\"SearchAction\",\"target\":{\"@type\":\"EntryPoint\",\"urlTemplate\":\"https:\/\/themeholt.com\/?s={search_term_string}\"},\"query-input\":{\"@type\":\"PropertyValueSpecification\",\"valueRequired\":true,\"valueName\":\"search_term_string\"}}],\"inLanguage\":\"it-IT\"},{\"@type\":\"Organization\",\"@id\":\"https:\/\/themeholt.com\/#organization\",\"name\":\"ThemeHolt\",\"alternateName\":\"ThemeHolt\",\"url\":\"https:\/\/themeholt.com\/\",\"logo\":{\"@type\":\"ImageObject\",\"inLanguage\":\"it-IT\",\"@id\":\"https:\/\/themeholt.com\/#\/schema\/logo\/image\/\",\"url\":\"https:\/\/themeholt.com\/wp-content\/uploads\/2024\/10\/themeholt.png\",\"contentUrl\":\"https:\/\/themeholt.com\/wp-content\/uploads\/2024\/10\/themeholt.png\",\"width\":225,\"height\":225,\"caption\":\"ThemeHolt\"},\"image\":{\"@id\":\"https:\/\/themeholt.com\/#\/schema\/logo\/image\/\"},\"sameAs\":[\"https:\/\/www.facebook.com\/themeholtT\",\"https:\/\/x.com\/ThemeholtT\",\"https:\/\/www.linkedin.com\/company\/themeholt\",\"https:\/\/www.instagram.com\/themeholtt\/\"],\"description\":\"Themeholt is a website that offers high-quality WordPress themes that are easy to use and ready for just about everything. In Eindhoven, Netherlands, since 2020 offering simple, accessible WordPress themes by providing a variety of requirements. Themeholt focuses on practicality and efficiency, allowing faster project completion with its superior marketplace and easy-to-use templates.\",\"legalName\":\"ThemeHolt\",\"foundingDate\":\"2022-11-10\",\"numberOfEmployees\":{\"@type\":\"QuantitativeValue\",\"minValue\":\"51\",\"maxValue\":\"200\"}}]}<\/script>\n<!-- \/ Yoast SEO Premium plugin. -->","yoast_head_json":{"title":"Temi WordPress per gelato | Modelli di siti web per gelato","description":"Trova modelli accattivanti per siti web di gelati con design vivaci e facile personalizzazione. Ottimi per mostrare le tue gustose creazioni online. Contattaci!","robots":{"index":"index","follow":"follow","max-snippet":"max-snippet:-1","max-image-preview":"max-image-preview:large","max-video-preview":"max-video-preview:-1"},"canonical":"https:\/\/themeholt.com\/it\/product\/gelateria-connie\/","og_locale":"it_IT","og_type":"article","og_title":"Gelateria Connie","og_description":"Trova modelli accattivanti per siti web di gelati con design vivaci e facile personalizzazione. Ottimi per mostrare le tue gustose creazioni online. Contattaci!","og_url":"https:\/\/themeholt.com\/it\/product\/gelateria-connie\/","og_site_name":"ThemeHolt","article_publisher":"https:\/\/www.facebook.com\/themeholtT","article_modified_time":"2024-10-24T05:11:00+00:00","og_image":[{"width":1356,"height":1581,"url":"https:\/\/themeholt.com\/wp-content\/uploads\/2023\/10\/206.png","type":"image\/png"}],"twitter_card":"summary_large_image","twitter_site":"@ThemeholtT","twitter_misc":{"Tempo di lettura stimato":"1 minuto"},"schema":{"@context":"https:\/\/schema.org","@graph":[{"@type":"WebPage","@id":"https:\/\/themeholt.com\/it\/product\/gelateria-connie\/","url":"https:\/\/themeholt.com\/it\/product\/gelateria-connie\/","name":"Temi WordPress per gelato | Modelli di siti web per gelato","isPartOf":{"@id":"https:\/\/themeholt.com\/#website"},"primaryImageOfPage":{"@id":"https:\/\/themeholt.com\/it\/product\/gelateria-connie\/#primaryimage"},"image":{"@id":"https:\/\/themeholt.com\/it\/product\/gelateria-connie\/#primaryimage"},"thumbnailUrl":"https:\/\/themeholt.com\/wp-content\/uploads\/2023\/10\/206.png","datePublished":"2023-10-09T04:40:45+00:00","dateModified":"2024-10-24T05:11:00+00:00","description":"Trova modelli accattivanti per siti web di gelati con design vivaci e facile personalizzazione. Ottimi per mostrare le tue gustose creazioni online. Contattaci!","breadcrumb":{"@id":"https:\/\/themeholt.com\/it\/product\/gelateria-connie\/#breadcrumb"},"inLanguage":"it-IT","potentialAction":[{"@type":"ReadAction","target":["https:\/\/themeholt.com\/it\/product\/gelateria-connie\/"]}]},{"@type":"ImageObject","inLanguage":"it-IT","@id":"https:\/\/themeholt.com\/it\/product\/gelateria-connie\/#primaryimage","url":"https:\/\/themeholt.com\/wp-content\/uploads\/2023\/10\/206.png","contentUrl":"https:\/\/themeholt.com\/wp-content\/uploads\/2023\/10\/206.png","width":1356,"height":1581},{"@type":"BreadcrumbList","@id":"https:\/\/themeholt.com\/it\/product\/gelateria-connie\/#breadcrumb","itemListElement":[{"@type":"ListItem","position":1,"name":"Home","item":"https:\/\/themeholt.com\/it\/"},{"@type":"ListItem","position":2,"name":"Shop","item":"https:\/\/themeholt.com\/shop\/"},{"@type":"ListItem","position":3,"name":"Gelateria Connie"}]},{"@type":"WebSite","@id":"https:\/\/themeholt.com\/#website","url":"https:\/\/themeholt.com\/","name":"ThemeHolt","description":"Themeholt is a website that offers high-quality WordPress themes","publisher":{"@id":"https:\/\/themeholt.com\/#organization"},"potentialAction":[{"@type":"SearchAction","target":{"@type":"EntryPoint","urlTemplate":"https:\/\/themeholt.com\/?s={search_term_string}"},"query-input":{"@type":"PropertyValueSpecification","valueRequired":true,"valueName":"search_term_string"}}],"inLanguage":"it-IT"},{"@type":"Organization","@id":"https:\/\/themeholt.com\/#organization","name":"ThemeHolt","alternateName":"ThemeHolt","url":"https:\/\/themeholt.com\/","logo":{"@type":"ImageObject","inLanguage":"it-IT","@id":"https:\/\/themeholt.com\/#\/schema\/logo\/image\/","url":"https:\/\/themeholt.com\/wp-content\/uploads\/2024\/10\/themeholt.png","contentUrl":"https:\/\/themeholt.com\/wp-content\/uploads\/2024\/10\/themeholt.png","width":225,"height":225,"caption":"ThemeHolt"},"image":{"@id":"https:\/\/themeholt.com\/#\/schema\/logo\/image\/"},"sameAs":["https:\/\/www.facebook.com\/themeholtT","https:\/\/x.com\/ThemeholtT","https:\/\/www.linkedin.com\/company\/themeholt","https:\/\/www.instagram.com\/themeholtt\/"],"description":"Themeholt is a website that offers high-quality WordPress themes that are easy to use and ready for just about everything. In Eindhoven, Netherlands, since 2020 offering simple, accessible WordPress themes by providing a variety of requirements. Themeholt focuses on practicality and efficiency, allowing faster project completion with its superior marketplace and easy-to-use templates.","legalName":"ThemeHolt","foundingDate":"2022-11-10","numberOfEmployees":{"@type":"QuantitativeValue","minValue":"51","maxValue":"200"}}]}},"_links":{"self":[{"href":"https:\/\/themeholt.com\/it\/wp-json\/wp\/v2\/product\/14414","targetHints":{"allow":["GET"]}}],"collection":[{"href":"https:\/\/themeholt.com\/it\/wp-json\/wp\/v2\/product"}],"about":[{"href":"https:\/\/themeholt.com\/it\/wp-json\/wp\/v2\/types\/product"}],"wp:featuredmedia":[{"embeddable":true,"href":"https:\/\/themeholt.com\/it\/wp-json\/wp\/v2\/media\/14415"}],"wp:attachment":[{"href":"https:\/\/themeholt.com\/it\/wp-json\/wp\/v2\/media?parent=14414"}],"wp:term":[{"taxonomy":"product_brand","embeddable":true,"href":"https:\/\/themeholt.com\/it\/wp-json\/wp\/v2\/product_brand?post=14414"},{"taxonomy":"product_cat","embeddable":true,"href":"https:\/\/themeholt.com\/it\/wp-json\/wp\/v2\/product_cat?post=14414"},{"taxonomy":"product_tag","embeddable":true,"href":"https:\/\/themeholt.com\/it\/wp-json\/wp\/v2\/product_tag?post=14414"}],"curies":[{"name":"wp","href":"https:\/\/api.w.org\/{rel}","templated":true}]}}