{"id":14419,"date":"2023-10-09T04:34:03","date_gmt":"2023-10-09T04:34:03","guid":{"rendered":"https:\/\/themeholt.com\/product\/cofery-restaurant-cafe\/"},"modified":"2024-10-24T05:15:09","modified_gmt":"2024-10-24T05:15:09","slug":"ristorante-caffe-cofery","status":"publish","type":"product","link":"https:\/\/themeholt.com\/it\/product\/ristorante-caffe-cofery\/","title":{"rendered":"Ristorante Caff\u00e8 Cofery"},"content":{"rendered":"<p><span style=\"font-weight: 400\">Il tema WordPress <\/span><b>Foodie Restaurant Cafe<\/b><span style=\"font-weight: 400\"> \u00e8 un fantastico modello di sito Web progettato per attivit\u00e0 legate al cibo come ristoranti e bar. Offre una deliziosa combinazione di funzionalit\u00e0 per migliorare la tua presenza online. Con le sue opzioni di personalizzazione intuitive, puoi adattare senza sforzo il tuo sito in modo che corrisponda alla personalit\u00e0 del tuo marchio. Il design reattivo del tema assicura che il tuo sito Web abbia un aspetto fantastico su tutti i dispositivi, attirando pi\u00f9 clienti.<\/span><\/p>\n<p><span style=\"font-weight: 400\"> Include integrazione di menu, moduli di prenotazione e link ai social media, rendendo pi\u00f9 facile per i tuoi clienti esplorare le tue offerte, prenotare tavoli e rimanere in contatto. Che tu sia un proprietario di un sito Web esperto o un principiante, il &#8220;tema WordPress Foodie Restaurant Cafe&#8221; fornisce tutti gli strumenti necessari per creare un&#8217;esperienza online da acquolina in bocca per i tuoi clienti.<\/span><\/p>\n","protected":false},"excerpt":{"rendered":"<ul>\n<li><span style=\"font-weight: 400\">Design rinfrescante<\/span><\/li>\n<li><span style=\"font-weight: 400\">Interfaccia intuitiva<\/span><\/li>\n<li><span style=\"font-weight: 400\">Reattivit\u00e0 mobile<\/span><\/li>\n<li><span style=\"font-weight: 400\">Vetrina del menu<\/span><\/li>\n<li><span style=\"font-weight: 400\">Integrazione degli ordini online<\/span><\/li>\n<li><span style=\"font-weight: 400\">Mappe interattive<\/span><\/li>\n<li><span style=\"font-weight: 400\">Integrazione dei social media<\/span><\/li>\n<li><span style=\"font-weight: 400\">Opzioni di personalizzazione<\/span><\/li>\n<li><span style=\"font-weight: 400\">SEO Ottimizzato<\/span><\/li>\n<\/ul>\n","protected":false},"featured_media":14420,"template":"","meta":{"_acf_changed":false,"inline_featured_image":false},"product_brand":[],"product_cat":[1135],"product_tag":[1136,1137,1164],"class_list":{"0":"post-14419","1":"product","2":"type-product","3":"status-publish","4":"has-post-thumbnail","6":"product_cat-food-resturant-it","7":"product_tag-affordable-restaurant-website-theme-ideas-it","8":"product_tag-best-food-website-themes-it","9":"product_tag-fast-food-restaurant-themes-it","11":"first","12":"instock","13":"sale","14":"downloadable","15":"taxable","16":"shipping-taxable","17":"purchasable","18":"product-type-simple"},"acf":[],"yoast_head":"<!-- This site is optimized with the Yoast SEO Premium plugin v22.1 (Yoast SEO v26.0) - https:\/\/yoast.com\/wordpress\/plugins\/seo\/ -->\n<title>Tema WordPress per caff\u00e8 | I migliori temi per siti web di cibo<\/title>\n<meta name=\"description\" content=\"Crea un sito web attraente per ristoranti e bar con il nostro tema WordPress per bar facile da usare. Mostra menu, eventi e decorazioni senza sforzo. Acquista ora!\" \/>\n<meta name=\"robots\" content=\"index, follow, max-snippet:-1, max-image-preview:large, max-video-preview:-1\" \/>\n<link rel=\"canonical\" href=\"https:\/\/themeholt.com\/it\/product\/ristorante-caffe-cofery\/\" \/>\n<meta property=\"og:locale\" content=\"it_IT\" \/>\n<meta property=\"og:type\" content=\"article\" \/>\n<meta property=\"og:title\" content=\"Ristorante Caff\u00e8 Cofery\" \/>\n<meta property=\"og:description\" content=\"Crea un sito web attraente per ristoranti e bar con il nostro tema WordPress per bar facile da usare. Mostra menu, eventi e decorazioni senza sforzo. Acquista ora!\" \/>\n<meta property=\"og:url\" content=\"https:\/\/themeholt.com\/it\/product\/ristorante-caffe-cofery\/\" \/>\n<meta property=\"og:site_name\" content=\"ThemeHolt\" \/>\n<meta property=\"article:publisher\" content=\"https:\/\/www.facebook.com\/themeholtT\" \/>\n<meta property=\"article:modified_time\" content=\"2024-10-24T05:15:09+00:00\" \/>\n<meta property=\"og:image\" content=\"https:\/\/themeholt.com\/wp-content\/uploads\/2023\/10\/41-2.png\" \/>\n\t<meta property=\"og:image:width\" content=\"1363\" \/>\n\t<meta property=\"og:image:height\" content=\"1469\" \/>\n\t<meta property=\"og:image:type\" content=\"image\/png\" \/>\n<meta name=\"twitter:card\" content=\"summary_large_image\" \/>\n<meta name=\"twitter:site\" content=\"@ThemeholtT\" \/>\n<meta name=\"twitter:label1\" content=\"Tempo di lettura stimato\" \/>\n\t<meta name=\"twitter:data1\" content=\"1 minuto\" \/>\n<script type=\"application\/ld+json\" class=\"yoast-schema-graph\">{\"@context\":\"https:\/\/schema.org\",\"@graph\":[{\"@type\":\"WebPage\",\"@id\":\"https:\/\/themeholt.com\/it\/product\/ristorante-caffe-cofery\/\",\"url\":\"https:\/\/themeholt.com\/it\/product\/ristorante-caffe-cofery\/\",\"name\":\"Tema WordPress per caff\u00e8 | I migliori temi per siti web di cibo\",\"isPartOf\":{\"@id\":\"https:\/\/themeholt.com\/#website\"},\"primaryImageOfPage\":{\"@id\":\"https:\/\/themeholt.com\/it\/product\/ristorante-caffe-cofery\/#primaryimage\"},\"image\":{\"@id\":\"https:\/\/themeholt.com\/it\/product\/ristorante-caffe-cofery\/#primaryimage\"},\"thumbnailUrl\":\"https:\/\/themeholt.com\/wp-content\/uploads\/2023\/10\/41-2.png\",\"datePublished\":\"2023-10-09T04:34:03+00:00\",\"dateModified\":\"2024-10-24T05:15:09+00:00\",\"description\":\"Crea un sito web attraente per ristoranti e bar con il nostro tema WordPress per bar facile da usare. Mostra menu, eventi e decorazioni senza sforzo. Acquista ora!\",\"breadcrumb\":{\"@id\":\"https:\/\/themeholt.com\/it\/product\/ristorante-caffe-cofery\/#breadcrumb\"},\"inLanguage\":\"it-IT\",\"potentialAction\":[{\"@type\":\"ReadAction\",\"target\":[\"https:\/\/themeholt.com\/it\/product\/ristorante-caffe-cofery\/\"]}]},{\"@type\":\"ImageObject\",\"inLanguage\":\"it-IT\",\"@id\":\"https:\/\/themeholt.com\/it\/product\/ristorante-caffe-cofery\/#primaryimage\",\"url\":\"https:\/\/themeholt.com\/wp-content\/uploads\/2023\/10\/41-2.png\",\"contentUrl\":\"https:\/\/themeholt.com\/wp-content\/uploads\/2023\/10\/41-2.png\",\"width\":1363,\"height\":1469},{\"@type\":\"BreadcrumbList\",\"@id\":\"https:\/\/themeholt.com\/it\/product\/ristorante-caffe-cofery\/#breadcrumb\",\"itemListElement\":[{\"@type\":\"ListItem\",\"position\":1,\"name\":\"Home\",\"item\":\"https:\/\/themeholt.com\/it\/\"},{\"@type\":\"ListItem\",\"position\":2,\"name\":\"Shop\",\"item\":\"https:\/\/themeholt.com\/shop\/\"},{\"@type\":\"ListItem\",\"position\":3,\"name\":\"Ristorante Caff\u00e8 Cofery\"}]},{\"@type\":\"WebSite\",\"@id\":\"https:\/\/themeholt.com\/#website\",\"url\":\"https:\/\/themeholt.com\/\",\"name\":\"ThemeHolt\",\"description\":\"Themeholt is a website that offers high-quality WordPress themes\",\"publisher\":{\"@id\":\"https:\/\/themeholt.com\/#organization\"},\"potentialAction\":[{\"@type\":\"SearchAction\",\"target\":{\"@type\":\"EntryPoint\",\"urlTemplate\":\"https:\/\/themeholt.com\/?s={search_term_string}\"},\"query-input\":{\"@type\":\"PropertyValueSpecification\",\"valueRequired\":true,\"valueName\":\"search_term_string\"}}],\"inLanguage\":\"it-IT\"},{\"@type\":\"Organization\",\"@id\":\"https:\/\/themeholt.com\/#organization\",\"name\":\"ThemeHolt\",\"alternateName\":\"ThemeHolt\",\"url\":\"https:\/\/themeholt.com\/\",\"logo\":{\"@type\":\"ImageObject\",\"inLanguage\":\"it-IT\",\"@id\":\"https:\/\/themeholt.com\/#\/schema\/logo\/image\/\",\"url\":\"https:\/\/themeholt.com\/wp-content\/uploads\/2024\/10\/themeholt.png\",\"contentUrl\":\"https:\/\/themeholt.com\/wp-content\/uploads\/2024\/10\/themeholt.png\",\"width\":225,\"height\":225,\"caption\":\"ThemeHolt\"},\"image\":{\"@id\":\"https:\/\/themeholt.com\/#\/schema\/logo\/image\/\"},\"sameAs\":[\"https:\/\/www.facebook.com\/themeholtT\",\"https:\/\/x.com\/ThemeholtT\",\"https:\/\/www.linkedin.com\/company\/themeholt\",\"https:\/\/www.instagram.com\/themeholtt\/\"],\"description\":\"Themeholt is a website that offers high-quality WordPress themes that are easy to use and ready for just about everything. In Eindhoven, Netherlands, since 2020 offering simple, accessible WordPress themes by providing a variety of requirements. Themeholt focuses on practicality and efficiency, allowing faster project completion with its superior marketplace and easy-to-use templates.\",\"legalName\":\"ThemeHolt\",\"foundingDate\":\"2022-11-10\",\"numberOfEmployees\":{\"@type\":\"QuantitativeValue\",\"minValue\":\"51\",\"maxValue\":\"200\"}}]}<\/script>\n<!-- \/ Yoast SEO Premium plugin. -->","yoast_head_json":{"title":"Tema WordPress per caff\u00e8 | I migliori temi per siti web di cibo","description":"Crea un sito web attraente per ristoranti e bar con il nostro tema WordPress per bar facile da usare. Mostra menu, eventi e decorazioni senza sforzo. Acquista ora!","robots":{"index":"index","follow":"follow","max-snippet":"max-snippet:-1","max-image-preview":"max-image-preview:large","max-video-preview":"max-video-preview:-1"},"canonical":"https:\/\/themeholt.com\/it\/product\/ristorante-caffe-cofery\/","og_locale":"it_IT","og_type":"article","og_title":"Ristorante Caff\u00e8 Cofery","og_description":"Crea un sito web attraente per ristoranti e bar con il nostro tema WordPress per bar facile da usare. Mostra menu, eventi e decorazioni senza sforzo. Acquista ora!","og_url":"https:\/\/themeholt.com\/it\/product\/ristorante-caffe-cofery\/","og_site_name":"ThemeHolt","article_publisher":"https:\/\/www.facebook.com\/themeholtT","article_modified_time":"2024-10-24T05:15:09+00:00","og_image":[{"width":1363,"height":1469,"url":"https:\/\/themeholt.com\/wp-content\/uploads\/2023\/10\/41-2.png","type":"image\/png"}],"twitter_card":"summary_large_image","twitter_site":"@ThemeholtT","twitter_misc":{"Tempo di lettura stimato":"1 minuto"},"schema":{"@context":"https:\/\/schema.org","@graph":[{"@type":"WebPage","@id":"https:\/\/themeholt.com\/it\/product\/ristorante-caffe-cofery\/","url":"https:\/\/themeholt.com\/it\/product\/ristorante-caffe-cofery\/","name":"Tema WordPress per caff\u00e8 | I migliori temi per siti web di cibo","isPartOf":{"@id":"https:\/\/themeholt.com\/#website"},"primaryImageOfPage":{"@id":"https:\/\/themeholt.com\/it\/product\/ristorante-caffe-cofery\/#primaryimage"},"image":{"@id":"https:\/\/themeholt.com\/it\/product\/ristorante-caffe-cofery\/#primaryimage"},"thumbnailUrl":"https:\/\/themeholt.com\/wp-content\/uploads\/2023\/10\/41-2.png","datePublished":"2023-10-09T04:34:03+00:00","dateModified":"2024-10-24T05:15:09+00:00","description":"Crea un sito web attraente per ristoranti e bar con il nostro tema WordPress per bar facile da usare. Mostra menu, eventi e decorazioni senza sforzo. Acquista ora!","breadcrumb":{"@id":"https:\/\/themeholt.com\/it\/product\/ristorante-caffe-cofery\/#breadcrumb"},"inLanguage":"it-IT","potentialAction":[{"@type":"ReadAction","target":["https:\/\/themeholt.com\/it\/product\/ristorante-caffe-cofery\/"]}]},{"@type":"ImageObject","inLanguage":"it-IT","@id":"https:\/\/themeholt.com\/it\/product\/ristorante-caffe-cofery\/#primaryimage","url":"https:\/\/themeholt.com\/wp-content\/uploads\/2023\/10\/41-2.png","contentUrl":"https:\/\/themeholt.com\/wp-content\/uploads\/2023\/10\/41-2.png","width":1363,"height":1469},{"@type":"BreadcrumbList","@id":"https:\/\/themeholt.com\/it\/product\/ristorante-caffe-cofery\/#breadcrumb","itemListElement":[{"@type":"ListItem","position":1,"name":"Home","item":"https:\/\/themeholt.com\/it\/"},{"@type":"ListItem","position":2,"name":"Shop","item":"https:\/\/themeholt.com\/shop\/"},{"@type":"ListItem","position":3,"name":"Ristorante Caff\u00e8 Cofery"}]},{"@type":"WebSite","@id":"https:\/\/themeholt.com\/#website","url":"https:\/\/themeholt.com\/","name":"ThemeHolt","description":"Themeholt is a website that offers high-quality WordPress themes","publisher":{"@id":"https:\/\/themeholt.com\/#organization"},"potentialAction":[{"@type":"SearchAction","target":{"@type":"EntryPoint","urlTemplate":"https:\/\/themeholt.com\/?s={search_term_string}"},"query-input":{"@type":"PropertyValueSpecification","valueRequired":true,"valueName":"search_term_string"}}],"inLanguage":"it-IT"},{"@type":"Organization","@id":"https:\/\/themeholt.com\/#organization","name":"ThemeHolt","alternateName":"ThemeHolt","url":"https:\/\/themeholt.com\/","logo":{"@type":"ImageObject","inLanguage":"it-IT","@id":"https:\/\/themeholt.com\/#\/schema\/logo\/image\/","url":"https:\/\/themeholt.com\/wp-content\/uploads\/2024\/10\/themeholt.png","contentUrl":"https:\/\/themeholt.com\/wp-content\/uploads\/2024\/10\/themeholt.png","width":225,"height":225,"caption":"ThemeHolt"},"image":{"@id":"https:\/\/themeholt.com\/#\/schema\/logo\/image\/"},"sameAs":["https:\/\/www.facebook.com\/themeholtT","https:\/\/x.com\/ThemeholtT","https:\/\/www.linkedin.com\/company\/themeholt","https:\/\/www.instagram.com\/themeholtt\/"],"description":"Themeholt is a website that offers high-quality WordPress themes that are easy to use and ready for just about everything. In Eindhoven, Netherlands, since 2020 offering simple, accessible WordPress themes by providing a variety of requirements. Themeholt focuses on practicality and efficiency, allowing faster project completion with its superior marketplace and easy-to-use templates.","legalName":"ThemeHolt","foundingDate":"2022-11-10","numberOfEmployees":{"@type":"QuantitativeValue","minValue":"51","maxValue":"200"}}]}},"_links":{"self":[{"href":"https:\/\/themeholt.com\/it\/wp-json\/wp\/v2\/product\/14419","targetHints":{"allow":["GET"]}}],"collection":[{"href":"https:\/\/themeholt.com\/it\/wp-json\/wp\/v2\/product"}],"about":[{"href":"https:\/\/themeholt.com\/it\/wp-json\/wp\/v2\/types\/product"}],"wp:featuredmedia":[{"embeddable":true,"href":"https:\/\/themeholt.com\/it\/wp-json\/wp\/v2\/media\/14420"}],"wp:attachment":[{"href":"https:\/\/themeholt.com\/it\/wp-json\/wp\/v2\/media?parent=14419"}],"wp:term":[{"taxonomy":"product_brand","embeddable":true,"href":"https:\/\/themeholt.com\/it\/wp-json\/wp\/v2\/product_brand?post=14419"},{"taxonomy":"product_cat","embeddable":true,"href":"https:\/\/themeholt.com\/it\/wp-json\/wp\/v2\/product_cat?post=14419"},{"taxonomy":"product_tag","embeddable":true,"href":"https:\/\/themeholt.com\/it\/wp-json\/wp\/v2\/product_tag?post=14419"}],"curies":[{"name":"wp","href":"https:\/\/api.w.org\/{rel}","templated":true}]}}