{"id":14465,"date":"2023-10-06T07:30:41","date_gmt":"2023-10-06T07:30:41","guid":{"rendered":"https:\/\/themeholt.com\/product\/hillcrest-interior-design\/"},"modified":"2024-10-24T06:08:02","modified_gmt":"2024-10-24T06:08:02","slug":"progettazione-dinterni-hillcrest","status":"publish","type":"product","link":"https:\/\/themeholt.com\/it\/product\/progettazione-dinterni-hillcrest\/","title":{"rendered":"Progettazione d&#8217;interni Hillcrest"},"content":{"rendered":"<p><span style=\"font-weight: 400\">Un<\/span><b> splendido design d&#8217;interni<\/b><span style=\"font-weight: 400\"> \u00e8 una miscela melodica di creativit\u00e0 e funzionalit\u00e0, che crea uno spazio che mostra calore, comfort e fascino estetico. La base di un tale design risiede in schemi di colori ponderati, in cui le tonalit\u00e0 sono attentamente selezionate per creare l&#8217;umore e l&#8217;atmosfera. Questi colori si completano a vicenda per creare un ambiente compatibile e invitante.<\/span><\/p>\n<p><span style=\"font-weight: 400\">La scelta di mobili e decorazioni gioca un ruolo fondamentale nel definire il carattere dello spazio. Arredi di alta qualit\u00e0 non solo offrono comfort, ma contribuiscono anche al fascino visivo generale. Sono disposti in modo da massimizzare sia il comfort che l&#8217;utilizzo efficiente dello spazio, creando un equilibrio che consente ai residenti di godersi al meglio i propri spazi abitativi.<\/span><\/p>\n","protected":false},"excerpt":{"rendered":"<ul>\n<li><span style=\"font-weight: 400\">Design elegante e moderno<\/span><\/li>\n<li><span style=\"font-weight: 400\">Opzioni di personalizzazione<\/span><\/li>\n<li><span style=\"font-weight: 400\">Responsive e ottimizzato per i dispositivi mobili<\/span><\/li>\n<li><span style=\"font-weight: 400\">Generatore di pagine drag-and-drop<\/span><\/li>\n<li><span style=\"font-weight: 400\">Portfolio Showcase<\/span><\/li>\n<li><span style=\"font-weight: 400\">Integrazione del blog<\/span><\/li>\n<\/ul>\n","protected":false},"featured_media":14466,"template":"","meta":{"_acf_changed":false,"inline_featured_image":false},"product_brand":[],"product_cat":[1139],"product_tag":[1140,1141,1144],"class_list":{"0":"post-14465","1":"product","2":"type-product","3":"status-publish","4":"has-post-thumbnail","6":"product_cat-interior-designing-real-estate-it","7":"product_tag-best-interior-website-templates-it","8":"product_tag-home-decor-wordpress-themes-it","9":"product_tag-interior-design-wordpress-theme-it","11":"first","12":"instock","13":"sale","14":"downloadable","15":"taxable","16":"shipping-taxable","17":"purchasable","18":"product-type-simple"},"acf":[],"yoast_head":"<!-- This site is optimized with the Yoast SEO Premium plugin v22.1 (Yoast SEO v26.0) - https:\/\/yoast.com\/wordpress\/plugins\/seo\/ -->\n<title>Tema WordPress per l&#039;interior design | Tema WordPress per l&#039;arredamento<\/title>\n<meta name=\"description\" content=\"Acquista un tema WordPress di design d&#039;interni elegante e facile da personalizzare. \u00c8 perfetto per mettere in mostra il tuo portfolio di design. Crea subito un sito web professionale!\" \/>\n<meta name=\"robots\" content=\"index, follow, max-snippet:-1, max-image-preview:large, max-video-preview:-1\" \/>\n<link rel=\"canonical\" href=\"https:\/\/themeholt.com\/it\/product\/progettazione-dinterni-hillcrest\/\" \/>\n<meta property=\"og:locale\" content=\"it_IT\" \/>\n<meta property=\"og:type\" content=\"article\" \/>\n<meta property=\"og:title\" content=\"Progettazione d&#039;interni Hillcrest\" \/>\n<meta property=\"og:description\" content=\"Acquista un tema WordPress di design d&#039;interni elegante e facile da personalizzare. \u00c8 perfetto per mettere in mostra il tuo portfolio di design. Crea subito un sito web professionale!\" \/>\n<meta property=\"og:url\" content=\"https:\/\/themeholt.com\/it\/product\/progettazione-dinterni-hillcrest\/\" \/>\n<meta property=\"og:site_name\" content=\"ThemeHolt\" \/>\n<meta property=\"article:publisher\" content=\"https:\/\/www.facebook.com\/themeholtT\" \/>\n<meta property=\"article:modified_time\" content=\"2024-10-24T06:08:02+00:00\" \/>\n<meta property=\"og:image\" content=\"https:\/\/themeholt.com\/wp-content\/uploads\/2023\/10\/21-2.png\" \/>\n\t<meta property=\"og:image:width\" content=\"1364\" \/>\n\t<meta property=\"og:image:height\" content=\"935\" \/>\n\t<meta property=\"og:image:type\" content=\"image\/png\" \/>\n<meta name=\"twitter:card\" content=\"summary_large_image\" \/>\n<meta name=\"twitter:site\" content=\"@ThemeholtT\" \/>\n<meta name=\"twitter:label1\" content=\"Tempo di lettura stimato\" \/>\n\t<meta name=\"twitter:data1\" content=\"1 minuto\" \/>\n<script type=\"application\/ld+json\" class=\"yoast-schema-graph\">{\"@context\":\"https:\/\/schema.org\",\"@graph\":[{\"@type\":\"WebPage\",\"@id\":\"https:\/\/themeholt.com\/it\/product\/progettazione-dinterni-hillcrest\/\",\"url\":\"https:\/\/themeholt.com\/it\/product\/progettazione-dinterni-hillcrest\/\",\"name\":\"Tema WordPress per l'interior design | Tema WordPress per l'arredamento\",\"isPartOf\":{\"@id\":\"https:\/\/themeholt.com\/#website\"},\"primaryImageOfPage\":{\"@id\":\"https:\/\/themeholt.com\/it\/product\/progettazione-dinterni-hillcrest\/#primaryimage\"},\"image\":{\"@id\":\"https:\/\/themeholt.com\/it\/product\/progettazione-dinterni-hillcrest\/#primaryimage\"},\"thumbnailUrl\":\"https:\/\/themeholt.com\/wp-content\/uploads\/2023\/10\/21-2.png\",\"datePublished\":\"2023-10-06T07:30:41+00:00\",\"dateModified\":\"2024-10-24T06:08:02+00:00\",\"description\":\"Acquista un tema WordPress di design d'interni elegante e facile da personalizzare. \u00c8 perfetto per mettere in mostra il tuo portfolio di design. Crea subito un sito web professionale!\",\"breadcrumb\":{\"@id\":\"https:\/\/themeholt.com\/it\/product\/progettazione-dinterni-hillcrest\/#breadcrumb\"},\"inLanguage\":\"it-IT\",\"potentialAction\":[{\"@type\":\"ReadAction\",\"target\":[\"https:\/\/themeholt.com\/it\/product\/progettazione-dinterni-hillcrest\/\"]}]},{\"@type\":\"ImageObject\",\"inLanguage\":\"it-IT\",\"@id\":\"https:\/\/themeholt.com\/it\/product\/progettazione-dinterni-hillcrest\/#primaryimage\",\"url\":\"https:\/\/themeholt.com\/wp-content\/uploads\/2023\/10\/21-2.png\",\"contentUrl\":\"https:\/\/themeholt.com\/wp-content\/uploads\/2023\/10\/21-2.png\",\"width\":1364,\"height\":935},{\"@type\":\"BreadcrumbList\",\"@id\":\"https:\/\/themeholt.com\/it\/product\/progettazione-dinterni-hillcrest\/#breadcrumb\",\"itemListElement\":[{\"@type\":\"ListItem\",\"position\":1,\"name\":\"Home\",\"item\":\"https:\/\/themeholt.com\/it\/\"},{\"@type\":\"ListItem\",\"position\":2,\"name\":\"Shop\",\"item\":\"https:\/\/themeholt.com\/shop\/\"},{\"@type\":\"ListItem\",\"position\":3,\"name\":\"Progettazione d&#8217;interni Hillcrest\"}]},{\"@type\":\"WebSite\",\"@id\":\"https:\/\/themeholt.com\/#website\",\"url\":\"https:\/\/themeholt.com\/\",\"name\":\"ThemeHolt\",\"description\":\"Themeholt is a website that offers high-quality WordPress themes\",\"publisher\":{\"@id\":\"https:\/\/themeholt.com\/#organization\"},\"potentialAction\":[{\"@type\":\"SearchAction\",\"target\":{\"@type\":\"EntryPoint\",\"urlTemplate\":\"https:\/\/themeholt.com\/?s={search_term_string}\"},\"query-input\":{\"@type\":\"PropertyValueSpecification\",\"valueRequired\":true,\"valueName\":\"search_term_string\"}}],\"inLanguage\":\"it-IT\"},{\"@type\":\"Organization\",\"@id\":\"https:\/\/themeholt.com\/#organization\",\"name\":\"ThemeHolt\",\"alternateName\":\"ThemeHolt\",\"url\":\"https:\/\/themeholt.com\/\",\"logo\":{\"@type\":\"ImageObject\",\"inLanguage\":\"it-IT\",\"@id\":\"https:\/\/themeholt.com\/#\/schema\/logo\/image\/\",\"url\":\"https:\/\/themeholt.com\/wp-content\/uploads\/2024\/10\/themeholt.png\",\"contentUrl\":\"https:\/\/themeholt.com\/wp-content\/uploads\/2024\/10\/themeholt.png\",\"width\":225,\"height\":225,\"caption\":\"ThemeHolt\"},\"image\":{\"@id\":\"https:\/\/themeholt.com\/#\/schema\/logo\/image\/\"},\"sameAs\":[\"https:\/\/www.facebook.com\/themeholtT\",\"https:\/\/x.com\/ThemeholtT\",\"https:\/\/www.linkedin.com\/company\/themeholt\",\"https:\/\/www.instagram.com\/themeholtt\/\"],\"description\":\"Themeholt is a website that offers high-quality WordPress themes that are easy to use and ready for just about everything. In Eindhoven, Netherlands, since 2020 offering simple, accessible WordPress themes by providing a variety of requirements. Themeholt focuses on practicality and efficiency, allowing faster project completion with its superior marketplace and easy-to-use templates.\",\"legalName\":\"ThemeHolt\",\"foundingDate\":\"2022-11-10\",\"numberOfEmployees\":{\"@type\":\"QuantitativeValue\",\"minValue\":\"51\",\"maxValue\":\"200\"}}]}<\/script>\n<!-- \/ Yoast SEO Premium plugin. -->","yoast_head_json":{"title":"Tema WordPress per l'interior design | Tema WordPress per l'arredamento","description":"Acquista un tema WordPress di design d'interni elegante e facile da personalizzare. \u00c8 perfetto per mettere in mostra il tuo portfolio di design. Crea subito un sito web professionale!","robots":{"index":"index","follow":"follow","max-snippet":"max-snippet:-1","max-image-preview":"max-image-preview:large","max-video-preview":"max-video-preview:-1"},"canonical":"https:\/\/themeholt.com\/it\/product\/progettazione-dinterni-hillcrest\/","og_locale":"it_IT","og_type":"article","og_title":"Progettazione d'interni Hillcrest","og_description":"Acquista un tema WordPress di design d'interni elegante e facile da personalizzare. \u00c8 perfetto per mettere in mostra il tuo portfolio di design. Crea subito un sito web professionale!","og_url":"https:\/\/themeholt.com\/it\/product\/progettazione-dinterni-hillcrest\/","og_site_name":"ThemeHolt","article_publisher":"https:\/\/www.facebook.com\/themeholtT","article_modified_time":"2024-10-24T06:08:02+00:00","og_image":[{"width":1364,"height":935,"url":"https:\/\/themeholt.com\/wp-content\/uploads\/2023\/10\/21-2.png","type":"image\/png"}],"twitter_card":"summary_large_image","twitter_site":"@ThemeholtT","twitter_misc":{"Tempo di lettura stimato":"1 minuto"},"schema":{"@context":"https:\/\/schema.org","@graph":[{"@type":"WebPage","@id":"https:\/\/themeholt.com\/it\/product\/progettazione-dinterni-hillcrest\/","url":"https:\/\/themeholt.com\/it\/product\/progettazione-dinterni-hillcrest\/","name":"Tema WordPress per l'interior design | Tema WordPress per l'arredamento","isPartOf":{"@id":"https:\/\/themeholt.com\/#website"},"primaryImageOfPage":{"@id":"https:\/\/themeholt.com\/it\/product\/progettazione-dinterni-hillcrest\/#primaryimage"},"image":{"@id":"https:\/\/themeholt.com\/it\/product\/progettazione-dinterni-hillcrest\/#primaryimage"},"thumbnailUrl":"https:\/\/themeholt.com\/wp-content\/uploads\/2023\/10\/21-2.png","datePublished":"2023-10-06T07:30:41+00:00","dateModified":"2024-10-24T06:08:02+00:00","description":"Acquista un tema WordPress di design d'interni elegante e facile da personalizzare. \u00c8 perfetto per mettere in mostra il tuo portfolio di design. Crea subito un sito web professionale!","breadcrumb":{"@id":"https:\/\/themeholt.com\/it\/product\/progettazione-dinterni-hillcrest\/#breadcrumb"},"inLanguage":"it-IT","potentialAction":[{"@type":"ReadAction","target":["https:\/\/themeholt.com\/it\/product\/progettazione-dinterni-hillcrest\/"]}]},{"@type":"ImageObject","inLanguage":"it-IT","@id":"https:\/\/themeholt.com\/it\/product\/progettazione-dinterni-hillcrest\/#primaryimage","url":"https:\/\/themeholt.com\/wp-content\/uploads\/2023\/10\/21-2.png","contentUrl":"https:\/\/themeholt.com\/wp-content\/uploads\/2023\/10\/21-2.png","width":1364,"height":935},{"@type":"BreadcrumbList","@id":"https:\/\/themeholt.com\/it\/product\/progettazione-dinterni-hillcrest\/#breadcrumb","itemListElement":[{"@type":"ListItem","position":1,"name":"Home","item":"https:\/\/themeholt.com\/it\/"},{"@type":"ListItem","position":2,"name":"Shop","item":"https:\/\/themeholt.com\/shop\/"},{"@type":"ListItem","position":3,"name":"Progettazione d&#8217;interni Hillcrest"}]},{"@type":"WebSite","@id":"https:\/\/themeholt.com\/#website","url":"https:\/\/themeholt.com\/","name":"ThemeHolt","description":"Themeholt is a website that offers high-quality WordPress themes","publisher":{"@id":"https:\/\/themeholt.com\/#organization"},"potentialAction":[{"@type":"SearchAction","target":{"@type":"EntryPoint","urlTemplate":"https:\/\/themeholt.com\/?s={search_term_string}"},"query-input":{"@type":"PropertyValueSpecification","valueRequired":true,"valueName":"search_term_string"}}],"inLanguage":"it-IT"},{"@type":"Organization","@id":"https:\/\/themeholt.com\/#organization","name":"ThemeHolt","alternateName":"ThemeHolt","url":"https:\/\/themeholt.com\/","logo":{"@type":"ImageObject","inLanguage":"it-IT","@id":"https:\/\/themeholt.com\/#\/schema\/logo\/image\/","url":"https:\/\/themeholt.com\/wp-content\/uploads\/2024\/10\/themeholt.png","contentUrl":"https:\/\/themeholt.com\/wp-content\/uploads\/2024\/10\/themeholt.png","width":225,"height":225,"caption":"ThemeHolt"},"image":{"@id":"https:\/\/themeholt.com\/#\/schema\/logo\/image\/"},"sameAs":["https:\/\/www.facebook.com\/themeholtT","https:\/\/x.com\/ThemeholtT","https:\/\/www.linkedin.com\/company\/themeholt","https:\/\/www.instagram.com\/themeholtt\/"],"description":"Themeholt is a website that offers high-quality WordPress themes that are easy to use and ready for just about everything. In Eindhoven, Netherlands, since 2020 offering simple, accessible WordPress themes by providing a variety of requirements. Themeholt focuses on practicality and efficiency, allowing faster project completion with its superior marketplace and easy-to-use templates.","legalName":"ThemeHolt","foundingDate":"2022-11-10","numberOfEmployees":{"@type":"QuantitativeValue","minValue":"51","maxValue":"200"}}]}},"_links":{"self":[{"href":"https:\/\/themeholt.com\/it\/wp-json\/wp\/v2\/product\/14465","targetHints":{"allow":["GET"]}}],"collection":[{"href":"https:\/\/themeholt.com\/it\/wp-json\/wp\/v2\/product"}],"about":[{"href":"https:\/\/themeholt.com\/it\/wp-json\/wp\/v2\/types\/product"}],"wp:featuredmedia":[{"embeddable":true,"href":"https:\/\/themeholt.com\/it\/wp-json\/wp\/v2\/media\/14466"}],"wp:attachment":[{"href":"https:\/\/themeholt.com\/it\/wp-json\/wp\/v2\/media?parent=14465"}],"wp:term":[{"taxonomy":"product_brand","embeddable":true,"href":"https:\/\/themeholt.com\/it\/wp-json\/wp\/v2\/product_brand?post=14465"},{"taxonomy":"product_cat","embeddable":true,"href":"https:\/\/themeholt.com\/it\/wp-json\/wp\/v2\/product_cat?post=14465"},{"taxonomy":"product_tag","embeddable":true,"href":"https:\/\/themeholt.com\/it\/wp-json\/wp\/v2\/product_tag?post=14465"}],"curies":[{"name":"wp","href":"https:\/\/api.w.org\/{rel}","templated":true}]}}