{"id":14925,"date":"2022-04-25T09:18:50","date_gmt":"2022-04-25T09:18:50","guid":{"rendered":"https:\/\/themeholt.com\/product\/coffee\/"},"modified":"2024-10-24T10:56:00","modified_gmt":"2024-10-24T10:56:00","slug":"caffe","status":"publish","type":"product","link":"https:\/\/themeholt.com\/it\/product\/caffe\/","title":{"rendered":"Caff\u00e8"},"content":{"rendered":"<p><span style=\"font-weight: 400\">Se vuoi creare un sito web di caffetteria eccezionale, il tema<\/span><b>Moderate Coffee Shop<\/b><span style=\"font-weight: 400\">\u00e8 senza dubbio la scelta perfetta! Questo tema offre una straordinaria collezione di home page e pagine interne predefinite che possono essere facilmente personalizzate in base alle tue esigenze. Con le sue funzionalit\u00e0 versatili e il design impeccabile, questo tema \u00e8 ideale per caffetterie, bar e attivit\u00e0 simili, assicurando che il tuo sito web si distingua.<\/span><\/p>\n<p><span style=\"font-weight: 400\">Una delle funzionalit\u00e0 pi\u00f9 importanti dei temi <\/span><b>Coffee Shop Themes<\/b><span style=\"font-weight: 400\">sono i suoi impeccabili layout del menu. Mostrare il tuo menu di bevande con il massimo stile non \u00e8 mai stato cos\u00ec facile. Puoi mostrare la tua vasta gamma di bevande, dai caff\u00e8 aromatici ai deliziosi t\u00e8 e ai rinfrescanti frullati. Grazie a vari modelli di menu accattivanti dal punto di vista visivo e intuitivi, puoi presentare le tue offerte in modo da catturare l&#8217;attenzione dei visitatori e invogliarli a provare le tue deliziose creazioni.<\/span><\/p>\n","protected":false},"excerpt":{"rendered":"<ul>\n<li style=\"font-weight: 400\"><span style=\"font-weight: 400\">Elementor<\/span><\/li>\n<li style=\"font-weight: 400\"><span style=\"font-weight: 400\">Elementi fantastici per bar e caffetterie<\/span><\/li>\n<li style=\"font-weight: 400\"><span style=\"font-weight: 400\">Bellissimi layout per menu di bevande<\/span><\/li>\n<li style=\"font-weight: 400\"><span style=\"font-weight: 400\">Perfetti per qualsiasi bistrot, caffetteria o bar<\/span><\/li>\n<li style=\"font-weight: 400\"><span style=\"font-weight: 400\">Opzioni tipografiche<\/span><\/li>\n<li style=\"font-weight: 400\"><span style=\"font-weight: 400\">Ben documentato<\/span><\/li>\n<li style=\"font-weight: 400\"><span style=\"font-weight: 400\">Completamente reattivo<\/span><\/li>\n<li style=\"font-weight: 400\"><span style=\"font-weight: 400\">WooCommerce<\/span><\/li>\n<li style=\"font-weight: 400\"><span style=\"font-weight: 400\">Assistenza clienti<\/span><\/li>\n<\/ul>\n","protected":false},"featured_media":14928,"template":"","meta":{"_acf_changed":false,"inline_featured_image":false},"product_brand":[],"product_cat":[1182],"product_tag":[1251,1252,1253,1254],"class_list":{"0":"post-14925","1":"product","2":"type-product","3":"status-publish","4":"has-post-thumbnail","6":"product_cat-exclusive-themes-it","7":"product_tag-coffee-shop-wordpress-themes-it","8":"product_tag-coffee-theme-it","9":"product_tag-coffee-website-templates-it","10":"product_tag-coffee-wordpress-themes-it","12":"first","13":"instock","14":"sale","15":"downloadable","16":"taxable","17":"shipping-taxable","18":"purchasable","19":"product-type-simple"},"acf":[],"yoast_head":"<!-- This site is optimized with the Yoast SEO Premium plugin v22.1 (Yoast SEO v26.0) - https:\/\/yoast.com\/wordpress\/plugins\/seo\/ -->\n<title>Modelli di siti Web per il caff\u00e8 | Temi WordPress per caffetterie<\/title>\n<meta name=\"description\" content=\"Scopri la presenza online del tuo bar con accattivanti temi per bar. Personalizza e metti in mostra la tua atmosfera e le tue offerte uniche.\" \/>\n<meta name=\"robots\" content=\"index, follow, max-snippet:-1, max-image-preview:large, max-video-preview:-1\" \/>\n<link rel=\"canonical\" href=\"https:\/\/themeholt.com\/it\/product\/caffe\/\" \/>\n<meta property=\"og:locale\" content=\"it_IT\" \/>\n<meta property=\"og:type\" content=\"article\" \/>\n<meta property=\"og:title\" content=\"Caff\u00e8\" \/>\n<meta property=\"og:description\" content=\"Scopri la presenza online del tuo bar con accattivanti temi per bar. Personalizza e metti in mostra la tua atmosfera e le tue offerte uniche.\" \/>\n<meta property=\"og:url\" content=\"https:\/\/themeholt.com\/it\/product\/caffe\/\" \/>\n<meta property=\"og:site_name\" content=\"ThemeHolt\" \/>\n<meta property=\"article:publisher\" content=\"https:\/\/www.facebook.com\/themeholtT\" \/>\n<meta property=\"article:modified_time\" content=\"2024-10-24T10:56:00+00:00\" \/>\n<meta property=\"og:image\" content=\"https:\/\/themeholt.com\/wp-content\/uploads\/2022\/04\/best-coffee-theme.jpg\" \/>\n\t<meta property=\"og:image:width\" content=\"1300\" \/>\n\t<meta property=\"og:image:height\" content=\"1283\" \/>\n\t<meta property=\"og:image:type\" content=\"image\/jpeg\" \/>\n<meta name=\"twitter:card\" content=\"summary_large_image\" \/>\n<meta name=\"twitter:site\" content=\"@ThemeholtT\" \/>\n<meta name=\"twitter:label1\" content=\"Tempo di lettura stimato\" \/>\n\t<meta name=\"twitter:data1\" content=\"1 minuto\" \/>\n<script type=\"application\/ld+json\" class=\"yoast-schema-graph\">{\"@context\":\"https:\/\/schema.org\",\"@graph\":[{\"@type\":\"WebPage\",\"@id\":\"https:\/\/themeholt.com\/it\/product\/caffe\/\",\"url\":\"https:\/\/themeholt.com\/it\/product\/caffe\/\",\"name\":\"Modelli di siti Web per il caff\u00e8 | Temi WordPress per caffetterie\",\"isPartOf\":{\"@id\":\"https:\/\/themeholt.com\/#website\"},\"primaryImageOfPage\":{\"@id\":\"https:\/\/themeholt.com\/it\/product\/caffe\/#primaryimage\"},\"image\":{\"@id\":\"https:\/\/themeholt.com\/it\/product\/caffe\/#primaryimage\"},\"thumbnailUrl\":\"https:\/\/themeholt.com\/wp-content\/uploads\/2022\/04\/best-coffee-theme.jpg\",\"datePublished\":\"2022-04-25T09:18:50+00:00\",\"dateModified\":\"2024-10-24T10:56:00+00:00\",\"description\":\"Scopri la presenza online del tuo bar con accattivanti temi per bar. Personalizza e metti in mostra la tua atmosfera e le tue offerte uniche.\",\"breadcrumb\":{\"@id\":\"https:\/\/themeholt.com\/it\/product\/caffe\/#breadcrumb\"},\"inLanguage\":\"it-IT\",\"potentialAction\":[{\"@type\":\"ReadAction\",\"target\":[\"https:\/\/themeholt.com\/it\/product\/caffe\/\"]}]},{\"@type\":\"ImageObject\",\"inLanguage\":\"it-IT\",\"@id\":\"https:\/\/themeholt.com\/it\/product\/caffe\/#primaryimage\",\"url\":\"https:\/\/themeholt.com\/wp-content\/uploads\/2022\/04\/best-coffee-theme.jpg\",\"contentUrl\":\"https:\/\/themeholt.com\/wp-content\/uploads\/2022\/04\/best-coffee-theme.jpg\",\"width\":1300,\"height\":1283},{\"@type\":\"BreadcrumbList\",\"@id\":\"https:\/\/themeholt.com\/it\/product\/caffe\/#breadcrumb\",\"itemListElement\":[{\"@type\":\"ListItem\",\"position\":1,\"name\":\"Home\",\"item\":\"https:\/\/themeholt.com\/it\/\"},{\"@type\":\"ListItem\",\"position\":2,\"name\":\"Shop\",\"item\":\"https:\/\/themeholt.com\/shop\/\"},{\"@type\":\"ListItem\",\"position\":3,\"name\":\"Caff\u00e8\"}]},{\"@type\":\"WebSite\",\"@id\":\"https:\/\/themeholt.com\/#website\",\"url\":\"https:\/\/themeholt.com\/\",\"name\":\"ThemeHolt\",\"description\":\"Themeholt is a website that offers high-quality WordPress themes\",\"publisher\":{\"@id\":\"https:\/\/themeholt.com\/#organization\"},\"potentialAction\":[{\"@type\":\"SearchAction\",\"target\":{\"@type\":\"EntryPoint\",\"urlTemplate\":\"https:\/\/themeholt.com\/?s={search_term_string}\"},\"query-input\":{\"@type\":\"PropertyValueSpecification\",\"valueRequired\":true,\"valueName\":\"search_term_string\"}}],\"inLanguage\":\"it-IT\"},{\"@type\":\"Organization\",\"@id\":\"https:\/\/themeholt.com\/#organization\",\"name\":\"ThemeHolt\",\"alternateName\":\"ThemeHolt\",\"url\":\"https:\/\/themeholt.com\/\",\"logo\":{\"@type\":\"ImageObject\",\"inLanguage\":\"it-IT\",\"@id\":\"https:\/\/themeholt.com\/#\/schema\/logo\/image\/\",\"url\":\"https:\/\/themeholt.com\/wp-content\/uploads\/2024\/10\/themeholt.png\",\"contentUrl\":\"https:\/\/themeholt.com\/wp-content\/uploads\/2024\/10\/themeholt.png\",\"width\":225,\"height\":225,\"caption\":\"ThemeHolt\"},\"image\":{\"@id\":\"https:\/\/themeholt.com\/#\/schema\/logo\/image\/\"},\"sameAs\":[\"https:\/\/www.facebook.com\/themeholtT\",\"https:\/\/x.com\/ThemeholtT\",\"https:\/\/www.linkedin.com\/company\/themeholt\",\"https:\/\/www.instagram.com\/themeholtt\/\"],\"description\":\"Themeholt is a website that offers high-quality WordPress themes that are easy to use and ready for just about everything. In Eindhoven, Netherlands, since 2020 offering simple, accessible WordPress themes by providing a variety of requirements. Themeholt focuses on practicality and efficiency, allowing faster project completion with its superior marketplace and easy-to-use templates.\",\"legalName\":\"ThemeHolt\",\"foundingDate\":\"2022-11-10\",\"numberOfEmployees\":{\"@type\":\"QuantitativeValue\",\"minValue\":\"51\",\"maxValue\":\"200\"}}]}<\/script>\n<!-- \/ Yoast SEO Premium plugin. -->","yoast_head_json":{"title":"Modelli di siti Web per il caff\u00e8 | Temi WordPress per caffetterie","description":"Scopri la presenza online del tuo bar con accattivanti temi per bar. Personalizza e metti in mostra la tua atmosfera e le tue offerte uniche.","robots":{"index":"index","follow":"follow","max-snippet":"max-snippet:-1","max-image-preview":"max-image-preview:large","max-video-preview":"max-video-preview:-1"},"canonical":"https:\/\/themeholt.com\/it\/product\/caffe\/","og_locale":"it_IT","og_type":"article","og_title":"Caff\u00e8","og_description":"Scopri la presenza online del tuo bar con accattivanti temi per bar. Personalizza e metti in mostra la tua atmosfera e le tue offerte uniche.","og_url":"https:\/\/themeholt.com\/it\/product\/caffe\/","og_site_name":"ThemeHolt","article_publisher":"https:\/\/www.facebook.com\/themeholtT","article_modified_time":"2024-10-24T10:56:00+00:00","og_image":[{"width":1300,"height":1283,"url":"https:\/\/themeholt.com\/wp-content\/uploads\/2022\/04\/best-coffee-theme.jpg","type":"image\/jpeg"}],"twitter_card":"summary_large_image","twitter_site":"@ThemeholtT","twitter_misc":{"Tempo di lettura stimato":"1 minuto"},"schema":{"@context":"https:\/\/schema.org","@graph":[{"@type":"WebPage","@id":"https:\/\/themeholt.com\/it\/product\/caffe\/","url":"https:\/\/themeholt.com\/it\/product\/caffe\/","name":"Modelli di siti Web per il caff\u00e8 | Temi WordPress per caffetterie","isPartOf":{"@id":"https:\/\/themeholt.com\/#website"},"primaryImageOfPage":{"@id":"https:\/\/themeholt.com\/it\/product\/caffe\/#primaryimage"},"image":{"@id":"https:\/\/themeholt.com\/it\/product\/caffe\/#primaryimage"},"thumbnailUrl":"https:\/\/themeholt.com\/wp-content\/uploads\/2022\/04\/best-coffee-theme.jpg","datePublished":"2022-04-25T09:18:50+00:00","dateModified":"2024-10-24T10:56:00+00:00","description":"Scopri la presenza online del tuo bar con accattivanti temi per bar. Personalizza e metti in mostra la tua atmosfera e le tue offerte uniche.","breadcrumb":{"@id":"https:\/\/themeholt.com\/it\/product\/caffe\/#breadcrumb"},"inLanguage":"it-IT","potentialAction":[{"@type":"ReadAction","target":["https:\/\/themeholt.com\/it\/product\/caffe\/"]}]},{"@type":"ImageObject","inLanguage":"it-IT","@id":"https:\/\/themeholt.com\/it\/product\/caffe\/#primaryimage","url":"https:\/\/themeholt.com\/wp-content\/uploads\/2022\/04\/best-coffee-theme.jpg","contentUrl":"https:\/\/themeholt.com\/wp-content\/uploads\/2022\/04\/best-coffee-theme.jpg","width":1300,"height":1283},{"@type":"BreadcrumbList","@id":"https:\/\/themeholt.com\/it\/product\/caffe\/#breadcrumb","itemListElement":[{"@type":"ListItem","position":1,"name":"Home","item":"https:\/\/themeholt.com\/it\/"},{"@type":"ListItem","position":2,"name":"Shop","item":"https:\/\/themeholt.com\/shop\/"},{"@type":"ListItem","position":3,"name":"Caff\u00e8"}]},{"@type":"WebSite","@id":"https:\/\/themeholt.com\/#website","url":"https:\/\/themeholt.com\/","name":"ThemeHolt","description":"Themeholt is a website that offers high-quality WordPress themes","publisher":{"@id":"https:\/\/themeholt.com\/#organization"},"potentialAction":[{"@type":"SearchAction","target":{"@type":"EntryPoint","urlTemplate":"https:\/\/themeholt.com\/?s={search_term_string}"},"query-input":{"@type":"PropertyValueSpecification","valueRequired":true,"valueName":"search_term_string"}}],"inLanguage":"it-IT"},{"@type":"Organization","@id":"https:\/\/themeholt.com\/#organization","name":"ThemeHolt","alternateName":"ThemeHolt","url":"https:\/\/themeholt.com\/","logo":{"@type":"ImageObject","inLanguage":"it-IT","@id":"https:\/\/themeholt.com\/#\/schema\/logo\/image\/","url":"https:\/\/themeholt.com\/wp-content\/uploads\/2024\/10\/themeholt.png","contentUrl":"https:\/\/themeholt.com\/wp-content\/uploads\/2024\/10\/themeholt.png","width":225,"height":225,"caption":"ThemeHolt"},"image":{"@id":"https:\/\/themeholt.com\/#\/schema\/logo\/image\/"},"sameAs":["https:\/\/www.facebook.com\/themeholtT","https:\/\/x.com\/ThemeholtT","https:\/\/www.linkedin.com\/company\/themeholt","https:\/\/www.instagram.com\/themeholtt\/"],"description":"Themeholt is a website that offers high-quality WordPress themes that are easy to use and ready for just about everything. In Eindhoven, Netherlands, since 2020 offering simple, accessible WordPress themes by providing a variety of requirements. Themeholt focuses on practicality and efficiency, allowing faster project completion with its superior marketplace and easy-to-use templates.","legalName":"ThemeHolt","foundingDate":"2022-11-10","numberOfEmployees":{"@type":"QuantitativeValue","minValue":"51","maxValue":"200"}}]}},"_links":{"self":[{"href":"https:\/\/themeholt.com\/it\/wp-json\/wp\/v2\/product\/14925","targetHints":{"allow":["GET"]}}],"collection":[{"href":"https:\/\/themeholt.com\/it\/wp-json\/wp\/v2\/product"}],"about":[{"href":"https:\/\/themeholt.com\/it\/wp-json\/wp\/v2\/types\/product"}],"wp:featuredmedia":[{"embeddable":true,"href":"https:\/\/themeholt.com\/it\/wp-json\/wp\/v2\/media\/14928"}],"wp:attachment":[{"href":"https:\/\/themeholt.com\/it\/wp-json\/wp\/v2\/media?parent=14925"}],"wp:term":[{"taxonomy":"product_brand","embeddable":true,"href":"https:\/\/themeholt.com\/it\/wp-json\/wp\/v2\/product_brand?post=14925"},{"taxonomy":"product_cat","embeddable":true,"href":"https:\/\/themeholt.com\/it\/wp-json\/wp\/v2\/product_cat?post=14925"},{"taxonomy":"product_tag","embeddable":true,"href":"https:\/\/themeholt.com\/it\/wp-json\/wp\/v2\/product_tag?post=14925"}],"curies":[{"name":"wp","href":"https:\/\/api.w.org\/{rel}","templated":true}]}}