{"id":10793,"date":"2023-10-11T04:56:47","date_gmt":"2023-10-11T04:56:47","guid":{"rendered":"https:\/\/themeholt.com\/product\/inusti-industrial-factory-business\/"},"modified":"2024-10-03T10:07:51","modified_gmt":"2024-10-03T10:07:51","slug":"inusti-industriele-fabriek-bedrijf","status":"publish","type":"product","link":"https:\/\/themeholt.com\/nl\/product\/inusti-industriele-fabriek-bedrijf\/","title":{"rendered":"Inusti Industri\u00eble Fabriek Bedrijf"},"content":{"rendered":"<p>Ervaar het toppunt van digitaal succes voor uw industri\u00eble fabrieksbedrijf met het Inusti Industrial Factory Business WordPress-thema. Dit thema is speciaal afgestemd op fabrieken, industri\u00eble installaties, werkplaatsen en productiebedrijven en is een alles-in-\u00e9\u00e9n oplossing om uw online aanwezigheid te vergroten.<\/p>\n<p>Het Inusti Industrial Factory Business WordPress-thema is de ultieme oplossing voor zowel gevestigde leiders in de industrie als opkomende productiestartups. Maak een onuitwisbare indruk op uw klanten, verdien hun vertrouwen en breng uw bedrijf naar nieuwe hoogten. Start vandaag nog met uw digitale transformatie en zie de opmerkelijke impact op uw online aanwezigheid.<\/p>\n","protected":false},"excerpt":{"rendered":"<ul>\n<li>Schoon ontwerp<\/li>\n<li>Professionele uitstraling<\/li>\n<li>Responsieve lay-out<\/li>\n<li>SEO-geoptimaliseerd<\/li>\n<li>Volledig aanpasbaar thema<\/li>\n<li>Elementor Page Builder<\/li>\n<li>WooCommerce Ready<\/li>\n<li>Beveiliging en naleving<\/li>\n<\/ul>\n","protected":false},"featured_media":10794,"template":"","meta":{"_acf_changed":false,"inline_featured_image":false},"product_brand":[],"product_cat":[1772],"product_tag":[1802],"class_list":{"0":"post-10793","1":"product","2":"type-product","3":"status-publish","4":"has-post-thumbnail","6":"product_cat-corporate-business-ru","7":"product_tag-business-wordpress-theme-ru","9":"first","10":"instock","11":"sale","12":"downloadable","13":"taxable","14":"shipping-taxable","15":"purchasable","16":"product-type-simple"},"acf":[],"yoast_head":"<!-- This site is optimized with the Yoast SEO Premium plugin v22.1 (Yoast SEO v26.0) - https:\/\/yoast.com\/wordpress\/plugins\/seo\/ -->\n<title>Inusti Industri\u00eble Fabriek Zakelijk | Premium WordPress Thema&#039;s<\/title>\n<meta name=\"description\" content=\"Transformeer uw industri\u00eble fabriekswebsite met inusti industri\u00eble fabrieksbedrijf premium WordPress-thema&#039;s. Til uw bedrijf eenvoudig naar een hoger niveau. Koop nu!\" \/>\n<meta name=\"robots\" content=\"index, follow, max-snippet:-1, max-image-preview:large, max-video-preview:-1\" \/>\n<link rel=\"canonical\" href=\"https:\/\/themeholt.com\/nl\/product\/inusti-industriele-fabriek-bedrijf\/\" \/>\n<meta property=\"og:locale\" content=\"nl_NL\" \/>\n<meta property=\"og:type\" content=\"article\" \/>\n<meta property=\"og:title\" content=\"Inusti Industri\u00eble Fabriek Bedrijf\" \/>\n<meta property=\"og:description\" content=\"Transformeer uw industri\u00eble fabriekswebsite met inusti industri\u00eble fabrieksbedrijf premium WordPress-thema&#039;s. Til uw bedrijf eenvoudig naar een hoger niveau. Koop nu!\" \/>\n<meta property=\"og:url\" content=\"https:\/\/themeholt.com\/nl\/product\/inusti-industriele-fabriek-bedrijf\/\" \/>\n<meta property=\"og:site_name\" content=\"ThemeHolt\" \/>\n<meta property=\"article:publisher\" content=\"https:\/\/www.facebook.com\/themeholtT\" \/>\n<meta property=\"article:modified_time\" content=\"2024-10-03T10:07:51+00:00\" \/>\n<meta property=\"og:image\" content=\"https:\/\/themeholt.com\/wp-content\/uploads\/2023\/10\/356.png\" \/>\n\t<meta property=\"og:image:width\" content=\"1365\" \/>\n\t<meta property=\"og:image:height\" content=\"1202\" \/>\n\t<meta property=\"og:image:type\" content=\"image\/png\" \/>\n<meta name=\"twitter:card\" content=\"summary_large_image\" \/>\n<meta name=\"twitter:site\" content=\"@ThemeholtT\" \/>\n<meta name=\"twitter:label1\" content=\"Geschatte leestijd\" \/>\n\t<meta name=\"twitter:data1\" content=\"1 minuut\" \/>\n<script type=\"application\/ld+json\" class=\"yoast-schema-graph\">{\"@context\":\"https:\/\/schema.org\",\"@graph\":[{\"@type\":\"WebPage\",\"@id\":\"https:\/\/themeholt.com\/nl\/product\/inusti-industriele-fabriek-bedrijf\/\",\"url\":\"https:\/\/themeholt.com\/nl\/product\/inusti-industriele-fabriek-bedrijf\/\",\"name\":\"Inusti Industri\u00eble Fabriek Zakelijk | Premium WordPress Thema's\",\"isPartOf\":{\"@id\":\"https:\/\/themeholt.com\/#website\"},\"primaryImageOfPage\":{\"@id\":\"https:\/\/themeholt.com\/nl\/product\/inusti-industriele-fabriek-bedrijf\/#primaryimage\"},\"image\":{\"@id\":\"https:\/\/themeholt.com\/nl\/product\/inusti-industriele-fabriek-bedrijf\/#primaryimage\"},\"thumbnailUrl\":\"https:\/\/themeholt.com\/wp-content\/uploads\/2023\/10\/356.png\",\"datePublished\":\"2023-10-11T04:56:47+00:00\",\"dateModified\":\"2024-10-03T10:07:51+00:00\",\"description\":\"Transformeer uw industri\u00eble fabriekswebsite met inusti industri\u00eble fabrieksbedrijf premium WordPress-thema's. Til uw bedrijf eenvoudig naar een hoger niveau. Koop nu!\",\"breadcrumb\":{\"@id\":\"https:\/\/themeholt.com\/nl\/product\/inusti-industriele-fabriek-bedrijf\/#breadcrumb\"},\"inLanguage\":\"nl-NL\",\"potentialAction\":[{\"@type\":\"ReadAction\",\"target\":[\"https:\/\/themeholt.com\/nl\/product\/inusti-industriele-fabriek-bedrijf\/\"]}]},{\"@type\":\"ImageObject\",\"inLanguage\":\"nl-NL\",\"@id\":\"https:\/\/themeholt.com\/nl\/product\/inusti-industriele-fabriek-bedrijf\/#primaryimage\",\"url\":\"https:\/\/themeholt.com\/wp-content\/uploads\/2023\/10\/356.png\",\"contentUrl\":\"https:\/\/themeholt.com\/wp-content\/uploads\/2023\/10\/356.png\",\"width\":1365,\"height\":1202},{\"@type\":\"BreadcrumbList\",\"@id\":\"https:\/\/themeholt.com\/nl\/product\/inusti-industriele-fabriek-bedrijf\/#breadcrumb\",\"itemListElement\":[{\"@type\":\"ListItem\",\"position\":1,\"name\":\"Home\",\"item\":\"https:\/\/themeholt.com\/nl\/\"},{\"@type\":\"ListItem\",\"position\":2,\"name\":\"Shop\",\"item\":\"https:\/\/themeholt.com\/shop\/\"},{\"@type\":\"ListItem\",\"position\":3,\"name\":\"Inusti Industri\u00eble Fabriek Bedrijf\"}]},{\"@type\":\"WebSite\",\"@id\":\"https:\/\/themeholt.com\/#website\",\"url\":\"https:\/\/themeholt.com\/\",\"name\":\"ThemeHolt\",\"description\":\"Themeholt is a website that offers high-quality WordPress themes\",\"publisher\":{\"@id\":\"https:\/\/themeholt.com\/#organization\"},\"potentialAction\":[{\"@type\":\"SearchAction\",\"target\":{\"@type\":\"EntryPoint\",\"urlTemplate\":\"https:\/\/themeholt.com\/?s={search_term_string}\"},\"query-input\":{\"@type\":\"PropertyValueSpecification\",\"valueRequired\":true,\"valueName\":\"search_term_string\"}}],\"inLanguage\":\"nl-NL\"},{\"@type\":\"Organization\",\"@id\":\"https:\/\/themeholt.com\/#organization\",\"name\":\"ThemeHolt\",\"alternateName\":\"ThemeHolt\",\"url\":\"https:\/\/themeholt.com\/\",\"logo\":{\"@type\":\"ImageObject\",\"inLanguage\":\"nl-NL\",\"@id\":\"https:\/\/themeholt.com\/#\/schema\/logo\/image\/\",\"url\":\"https:\/\/themeholt.com\/wp-content\/uploads\/2024\/10\/themeholt.png\",\"contentUrl\":\"https:\/\/themeholt.com\/wp-content\/uploads\/2024\/10\/themeholt.png\",\"width\":225,\"height\":225,\"caption\":\"ThemeHolt\"},\"image\":{\"@id\":\"https:\/\/themeholt.com\/#\/schema\/logo\/image\/\"},\"sameAs\":[\"https:\/\/www.facebook.com\/themeholtT\",\"https:\/\/x.com\/ThemeholtT\",\"https:\/\/www.linkedin.com\/company\/themeholt\",\"https:\/\/www.instagram.com\/themeholtt\/\"],\"description\":\"Themeholt is a website that offers high-quality WordPress themes that are easy to use and ready for just about everything. In Eindhoven, Netherlands, since 2020 offering simple, accessible WordPress themes by providing a variety of requirements. Themeholt focuses on practicality and efficiency, allowing faster project completion with its superior marketplace and easy-to-use templates.\",\"legalName\":\"ThemeHolt\",\"foundingDate\":\"2022-11-10\",\"numberOfEmployees\":{\"@type\":\"QuantitativeValue\",\"minValue\":\"51\",\"maxValue\":\"200\"}}]}<\/script>\n<!-- \/ Yoast SEO Premium plugin. -->","yoast_head_json":{"title":"Inusti Industri\u00eble Fabriek Zakelijk | Premium WordPress Thema's","description":"Transformeer uw industri\u00eble fabriekswebsite met inusti industri\u00eble fabrieksbedrijf premium WordPress-thema's. Til uw bedrijf eenvoudig naar een hoger niveau. Koop nu!","robots":{"index":"index","follow":"follow","max-snippet":"max-snippet:-1","max-image-preview":"max-image-preview:large","max-video-preview":"max-video-preview:-1"},"canonical":"https:\/\/themeholt.com\/nl\/product\/inusti-industriele-fabriek-bedrijf\/","og_locale":"nl_NL","og_type":"article","og_title":"Inusti Industri\u00eble Fabriek Bedrijf","og_description":"Transformeer uw industri\u00eble fabriekswebsite met inusti industri\u00eble fabrieksbedrijf premium WordPress-thema's. Til uw bedrijf eenvoudig naar een hoger niveau. Koop nu!","og_url":"https:\/\/themeholt.com\/nl\/product\/inusti-industriele-fabriek-bedrijf\/","og_site_name":"ThemeHolt","article_publisher":"https:\/\/www.facebook.com\/themeholtT","article_modified_time":"2024-10-03T10:07:51+00:00","og_image":[{"width":1365,"height":1202,"url":"https:\/\/themeholt.com\/wp-content\/uploads\/2023\/10\/356.png","type":"image\/png"}],"twitter_card":"summary_large_image","twitter_site":"@ThemeholtT","twitter_misc":{"Geschatte leestijd":"1 minuut"},"schema":{"@context":"https:\/\/schema.org","@graph":[{"@type":"WebPage","@id":"https:\/\/themeholt.com\/nl\/product\/inusti-industriele-fabriek-bedrijf\/","url":"https:\/\/themeholt.com\/nl\/product\/inusti-industriele-fabriek-bedrijf\/","name":"Inusti Industri\u00eble Fabriek Zakelijk | Premium WordPress Thema's","isPartOf":{"@id":"https:\/\/themeholt.com\/#website"},"primaryImageOfPage":{"@id":"https:\/\/themeholt.com\/nl\/product\/inusti-industriele-fabriek-bedrijf\/#primaryimage"},"image":{"@id":"https:\/\/themeholt.com\/nl\/product\/inusti-industriele-fabriek-bedrijf\/#primaryimage"},"thumbnailUrl":"https:\/\/themeholt.com\/wp-content\/uploads\/2023\/10\/356.png","datePublished":"2023-10-11T04:56:47+00:00","dateModified":"2024-10-03T10:07:51+00:00","description":"Transformeer uw industri\u00eble fabriekswebsite met inusti industri\u00eble fabrieksbedrijf premium WordPress-thema's. Til uw bedrijf eenvoudig naar een hoger niveau. Koop nu!","breadcrumb":{"@id":"https:\/\/themeholt.com\/nl\/product\/inusti-industriele-fabriek-bedrijf\/#breadcrumb"},"inLanguage":"nl-NL","potentialAction":[{"@type":"ReadAction","target":["https:\/\/themeholt.com\/nl\/product\/inusti-industriele-fabriek-bedrijf\/"]}]},{"@type":"ImageObject","inLanguage":"nl-NL","@id":"https:\/\/themeholt.com\/nl\/product\/inusti-industriele-fabriek-bedrijf\/#primaryimage","url":"https:\/\/themeholt.com\/wp-content\/uploads\/2023\/10\/356.png","contentUrl":"https:\/\/themeholt.com\/wp-content\/uploads\/2023\/10\/356.png","width":1365,"height":1202},{"@type":"BreadcrumbList","@id":"https:\/\/themeholt.com\/nl\/product\/inusti-industriele-fabriek-bedrijf\/#breadcrumb","itemListElement":[{"@type":"ListItem","position":1,"name":"Home","item":"https:\/\/themeholt.com\/nl\/"},{"@type":"ListItem","position":2,"name":"Shop","item":"https:\/\/themeholt.com\/shop\/"},{"@type":"ListItem","position":3,"name":"Inusti Industri\u00eble Fabriek Bedrijf"}]},{"@type":"WebSite","@id":"https:\/\/themeholt.com\/#website","url":"https:\/\/themeholt.com\/","name":"ThemeHolt","description":"Themeholt is a website that offers high-quality WordPress themes","publisher":{"@id":"https:\/\/themeholt.com\/#organization"},"potentialAction":[{"@type":"SearchAction","target":{"@type":"EntryPoint","urlTemplate":"https:\/\/themeholt.com\/?s={search_term_string}"},"query-input":{"@type":"PropertyValueSpecification","valueRequired":true,"valueName":"search_term_string"}}],"inLanguage":"nl-NL"},{"@type":"Organization","@id":"https:\/\/themeholt.com\/#organization","name":"ThemeHolt","alternateName":"ThemeHolt","url":"https:\/\/themeholt.com\/","logo":{"@type":"ImageObject","inLanguage":"nl-NL","@id":"https:\/\/themeholt.com\/#\/schema\/logo\/image\/","url":"https:\/\/themeholt.com\/wp-content\/uploads\/2024\/10\/themeholt.png","contentUrl":"https:\/\/themeholt.com\/wp-content\/uploads\/2024\/10\/themeholt.png","width":225,"height":225,"caption":"ThemeHolt"},"image":{"@id":"https:\/\/themeholt.com\/#\/schema\/logo\/image\/"},"sameAs":["https:\/\/www.facebook.com\/themeholtT","https:\/\/x.com\/ThemeholtT","https:\/\/www.linkedin.com\/company\/themeholt","https:\/\/www.instagram.com\/themeholtt\/"],"description":"Themeholt is a website that offers high-quality WordPress themes that are easy to use and ready for just about everything. In Eindhoven, Netherlands, since 2020 offering simple, accessible WordPress themes by providing a variety of requirements. Themeholt focuses on practicality and efficiency, allowing faster project completion with its superior marketplace and easy-to-use templates.","legalName":"ThemeHolt","foundingDate":"2022-11-10","numberOfEmployees":{"@type":"QuantitativeValue","minValue":"51","maxValue":"200"}}]}},"_links":{"self":[{"href":"https:\/\/themeholt.com\/nl\/wp-json\/wp\/v2\/product\/10793","targetHints":{"allow":["GET"]}}],"collection":[{"href":"https:\/\/themeholt.com\/nl\/wp-json\/wp\/v2\/product"}],"about":[{"href":"https:\/\/themeholt.com\/nl\/wp-json\/wp\/v2\/types\/product"}],"wp:featuredmedia":[{"embeddable":true,"href":"https:\/\/themeholt.com\/nl\/wp-json\/wp\/v2\/media\/10794"}],"wp:attachment":[{"href":"https:\/\/themeholt.com\/nl\/wp-json\/wp\/v2\/media?parent=10793"}],"wp:term":[{"taxonomy":"product_brand","embeddable":true,"href":"https:\/\/themeholt.com\/nl\/wp-json\/wp\/v2\/product_brand?post=10793"},{"taxonomy":"product_cat","embeddable":true,"href":"https:\/\/themeholt.com\/nl\/wp-json\/wp\/v2\/product_cat?post=10793"},{"taxonomy":"product_tag","embeddable":true,"href":"https:\/\/themeholt.com\/nl\/wp-json\/wp\/v2\/product_tag?post=10793"}],"curies":[{"name":"wp","href":"https:\/\/api.w.org\/{rel}","templated":true}]}}