{"id":10972,"date":"2023-10-09T05:31:31","date_gmt":"2023-10-09T05:31:31","guid":{"rendered":"https:\/\/themeholt.com\/product\/fooditi-restaurant-cafe\/"},"modified":"2024-10-23T04:48:18","modified_gmt":"2024-10-23T04:48:18","slug":"fooditi-restaurant-cafe","status":"publish","type":"product","link":"https:\/\/themeholt.com\/nl\/product\/fooditi-restaurant-cafe\/","title":{"rendered":"Fooditi Restaurant Caf\u00e9"},"content":{"rendered":"<p><span style=\"font-weight: 400\">Het <\/span><b>Restaurant Cafe WordPress-thema<\/b><span style=\"font-weight: 400\"> is een veelzijdige en visueel aantrekkelijke template die is ontworpen om de online aanwezigheid van restaurants en caf\u00e9s te verbeteren. Dit thema biedt restauranteigenaren en consumenten een soepele en gemakkelijke ervaring. Het presenteert effectief uw menu, diensten en omgeving dankzij de bekwame en moderne lay-out, die ook een gastvrije sfeer cre\u00ebert. <\/span><\/p>\n<p><span style=\"font-weight: 400\">U kunt de functies van het thema eenvoudig aanpassen aan uw merk en stijl op uw website. Met functies zoals gebruiksvriendelijke menu&#8217;s en online reserveringssystemen is dit thema ontworpen om de algehele ervaring voor klanten te verbeteren, wat het een geweldige optie maakt voor elk restaurant dat een boeiende online aanwezigheid wil cre\u00ebren.<\/span><\/p>\n","protected":false},"excerpt":{"rendered":"<ul>\n<li><span style=\"font-weight: 400\">Een naadloze online-ervaring<\/span><\/li>\n<li><span style=\"font-weight: 400\">Responsief en mobielvriendelijk<\/span><\/li>\n<li><span style=\"font-weight: 400\">Schitterende analyses<\/span><\/li>\n<li><span style=\"font-weight: 400\">Blogplatform<\/span><\/li>\n<li><span style=\"font-weight: 400\">Integratie van sociale media<\/span><\/li>\n<li><span style=\"font-weight: 400\">Interactief menu<\/span><\/li>\n<li><span style=\"font-weight: 400\">Reserveringen eenvoudig gemaakt<\/span><\/li>\n<li><span style=\"font-weight: 400\">Visuele geneugten<\/span><\/li>\n<li><span style=\"font-weight: 400\">Een culinaire reis Begint<\/span><\/li>\n<\/ul>\n","protected":false},"featured_media":10973,"template":"","meta":{"_acf_changed":false,"inline_featured_image":false},"product_brand":[],"product_cat":[642],"product_tag":[643,644,645,646],"class_list":{"0":"post-10972","1":"product","2":"type-product","3":"status-publish","4":"has-post-thumbnail","6":"product_cat-food-resturant-nl","7":"product_tag-affordable-restaurant-website-theme-ideas-nl","8":"product_tag-best-food-website-themes-nl","9":"product_tag-best-restaurant-themes-ideas-nl","10":"product_tag-fast-food-restaurant-themes-nl","12":"first","13":"instock","14":"sale","15":"downloadable","16":"taxable","17":"shipping-taxable","18":"purchasable","19":"product-type-simple"},"acf":[],"yoast_head":"<!-- This site is optimized with the Yoast SEO Premium plugin v22.1 (Yoast SEO v26.0) - https:\/\/yoast.com\/wordpress\/plugins\/seo\/ -->\n<title>Fastfoodrestaurantthema&#039;s | Beste thema&#039;s voor voedselwebsites<\/title>\n<meta name=\"description\" content=\"Krijg de beste food website thema&#039;s! Kies uit prachtige ontwerpen voor uw restaurant, caf\u00e9 of foodblog. Cre\u00eber eenvoudig een geweldige online aanwezigheid.\" \/>\n<meta name=\"robots\" content=\"index, follow, max-snippet:-1, max-image-preview:large, max-video-preview:-1\" \/>\n<link rel=\"canonical\" href=\"https:\/\/themeholt.com\/nl\/product\/fooditi-restaurant-cafe\/\" \/>\n<meta property=\"og:locale\" content=\"nl_NL\" \/>\n<meta property=\"og:type\" content=\"article\" \/>\n<meta property=\"og:title\" content=\"Fooditi Restaurant Caf\u00e9\" \/>\n<meta property=\"og:description\" content=\"Krijg de beste food website thema&#039;s! Kies uit prachtige ontwerpen voor uw restaurant, caf\u00e9 of foodblog. Cre\u00eber eenvoudig een geweldige online aanwezigheid.\" \/>\n<meta property=\"og:url\" content=\"https:\/\/themeholt.com\/nl\/product\/fooditi-restaurant-cafe\/\" \/>\n<meta property=\"og:site_name\" content=\"ThemeHolt\" \/>\n<meta property=\"article:publisher\" content=\"https:\/\/www.facebook.com\/themeholtT\" \/>\n<meta property=\"article:modified_time\" content=\"2024-10-23T04:48:18+00:00\" \/>\n<meta property=\"og:image\" content=\"https:\/\/themeholt.com\/wp-content\/uploads\/2023\/10\/231.png\" \/>\n\t<meta property=\"og:image:width\" content=\"1365\" \/>\n\t<meta property=\"og:image:height\" content=\"1001\" \/>\n\t<meta property=\"og:image:type\" content=\"image\/png\" \/>\n<meta name=\"twitter:card\" content=\"summary_large_image\" \/>\n<meta name=\"twitter:site\" content=\"@ThemeholtT\" \/>\n<meta name=\"twitter:label1\" content=\"Geschatte leestijd\" \/>\n\t<meta name=\"twitter:data1\" content=\"1 minuut\" \/>\n<script type=\"application\/ld+json\" class=\"yoast-schema-graph\">{\"@context\":\"https:\/\/schema.org\",\"@graph\":[{\"@type\":\"WebPage\",\"@id\":\"https:\/\/themeholt.com\/nl\/product\/fooditi-restaurant-cafe\/\",\"url\":\"https:\/\/themeholt.com\/nl\/product\/fooditi-restaurant-cafe\/\",\"name\":\"Fastfoodrestaurantthema's | Beste thema's voor voedselwebsites\",\"isPartOf\":{\"@id\":\"https:\/\/themeholt.com\/#website\"},\"primaryImageOfPage\":{\"@id\":\"https:\/\/themeholt.com\/nl\/product\/fooditi-restaurant-cafe\/#primaryimage\"},\"image\":{\"@id\":\"https:\/\/themeholt.com\/nl\/product\/fooditi-restaurant-cafe\/#primaryimage\"},\"thumbnailUrl\":\"https:\/\/themeholt.com\/wp-content\/uploads\/2023\/10\/231.png\",\"datePublished\":\"2023-10-09T05:31:31+00:00\",\"dateModified\":\"2024-10-23T04:48:18+00:00\",\"description\":\"Krijg de beste food website thema's! Kies uit prachtige ontwerpen voor uw restaurant, caf\u00e9 of foodblog. Cre\u00eber eenvoudig een geweldige online aanwezigheid.\",\"breadcrumb\":{\"@id\":\"https:\/\/themeholt.com\/nl\/product\/fooditi-restaurant-cafe\/#breadcrumb\"},\"inLanguage\":\"nl-NL\",\"potentialAction\":[{\"@type\":\"ReadAction\",\"target\":[\"https:\/\/themeholt.com\/nl\/product\/fooditi-restaurant-cafe\/\"]}]},{\"@type\":\"ImageObject\",\"inLanguage\":\"nl-NL\",\"@id\":\"https:\/\/themeholt.com\/nl\/product\/fooditi-restaurant-cafe\/#primaryimage\",\"url\":\"https:\/\/themeholt.com\/wp-content\/uploads\/2023\/10\/231.png\",\"contentUrl\":\"https:\/\/themeholt.com\/wp-content\/uploads\/2023\/10\/231.png\",\"width\":1365,\"height\":1001},{\"@type\":\"BreadcrumbList\",\"@id\":\"https:\/\/themeholt.com\/nl\/product\/fooditi-restaurant-cafe\/#breadcrumb\",\"itemListElement\":[{\"@type\":\"ListItem\",\"position\":1,\"name\":\"Home\",\"item\":\"https:\/\/themeholt.com\/nl\/\"},{\"@type\":\"ListItem\",\"position\":2,\"name\":\"Shop\",\"item\":\"https:\/\/themeholt.com\/shop\/\"},{\"@type\":\"ListItem\",\"position\":3,\"name\":\"Fooditi Restaurant Caf\u00e9\"}]},{\"@type\":\"WebSite\",\"@id\":\"https:\/\/themeholt.com\/#website\",\"url\":\"https:\/\/themeholt.com\/\",\"name\":\"ThemeHolt\",\"description\":\"Themeholt is a website that offers high-quality WordPress themes\",\"publisher\":{\"@id\":\"https:\/\/themeholt.com\/#organization\"},\"potentialAction\":[{\"@type\":\"SearchAction\",\"target\":{\"@type\":\"EntryPoint\",\"urlTemplate\":\"https:\/\/themeholt.com\/?s={search_term_string}\"},\"query-input\":{\"@type\":\"PropertyValueSpecification\",\"valueRequired\":true,\"valueName\":\"search_term_string\"}}],\"inLanguage\":\"nl-NL\"},{\"@type\":\"Organization\",\"@id\":\"https:\/\/themeholt.com\/#organization\",\"name\":\"ThemeHolt\",\"alternateName\":\"ThemeHolt\",\"url\":\"https:\/\/themeholt.com\/\",\"logo\":{\"@type\":\"ImageObject\",\"inLanguage\":\"nl-NL\",\"@id\":\"https:\/\/themeholt.com\/#\/schema\/logo\/image\/\",\"url\":\"https:\/\/themeholt.com\/wp-content\/uploads\/2024\/10\/themeholt.png\",\"contentUrl\":\"https:\/\/themeholt.com\/wp-content\/uploads\/2024\/10\/themeholt.png\",\"width\":225,\"height\":225,\"caption\":\"ThemeHolt\"},\"image\":{\"@id\":\"https:\/\/themeholt.com\/#\/schema\/logo\/image\/\"},\"sameAs\":[\"https:\/\/www.facebook.com\/themeholtT\",\"https:\/\/x.com\/ThemeholtT\",\"https:\/\/www.linkedin.com\/company\/themeholt\",\"https:\/\/www.instagram.com\/themeholtt\/\"],\"description\":\"Themeholt is a website that offers high-quality WordPress themes that are easy to use and ready for just about everything. In Eindhoven, Netherlands, since 2020 offering simple, accessible WordPress themes by providing a variety of requirements. Themeholt focuses on practicality and efficiency, allowing faster project completion with its superior marketplace and easy-to-use templates.\",\"legalName\":\"ThemeHolt\",\"foundingDate\":\"2022-11-10\",\"numberOfEmployees\":{\"@type\":\"QuantitativeValue\",\"minValue\":\"51\",\"maxValue\":\"200\"}}]}<\/script>\n<!-- \/ Yoast SEO Premium plugin. -->","yoast_head_json":{"title":"Fastfoodrestaurantthema's | Beste thema's voor voedselwebsites","description":"Krijg de beste food website thema's! Kies uit prachtige ontwerpen voor uw restaurant, caf\u00e9 of foodblog. Cre\u00eber eenvoudig een geweldige online aanwezigheid.","robots":{"index":"index","follow":"follow","max-snippet":"max-snippet:-1","max-image-preview":"max-image-preview:large","max-video-preview":"max-video-preview:-1"},"canonical":"https:\/\/themeholt.com\/nl\/product\/fooditi-restaurant-cafe\/","og_locale":"nl_NL","og_type":"article","og_title":"Fooditi Restaurant Caf\u00e9","og_description":"Krijg de beste food website thema's! Kies uit prachtige ontwerpen voor uw restaurant, caf\u00e9 of foodblog. Cre\u00eber eenvoudig een geweldige online aanwezigheid.","og_url":"https:\/\/themeholt.com\/nl\/product\/fooditi-restaurant-cafe\/","og_site_name":"ThemeHolt","article_publisher":"https:\/\/www.facebook.com\/themeholtT","article_modified_time":"2024-10-23T04:48:18+00:00","og_image":[{"width":1365,"height":1001,"url":"https:\/\/themeholt.com\/wp-content\/uploads\/2023\/10\/231.png","type":"image\/png"}],"twitter_card":"summary_large_image","twitter_site":"@ThemeholtT","twitter_misc":{"Geschatte leestijd":"1 minuut"},"schema":{"@context":"https:\/\/schema.org","@graph":[{"@type":"WebPage","@id":"https:\/\/themeholt.com\/nl\/product\/fooditi-restaurant-cafe\/","url":"https:\/\/themeholt.com\/nl\/product\/fooditi-restaurant-cafe\/","name":"Fastfoodrestaurantthema's | Beste thema's voor voedselwebsites","isPartOf":{"@id":"https:\/\/themeholt.com\/#website"},"primaryImageOfPage":{"@id":"https:\/\/themeholt.com\/nl\/product\/fooditi-restaurant-cafe\/#primaryimage"},"image":{"@id":"https:\/\/themeholt.com\/nl\/product\/fooditi-restaurant-cafe\/#primaryimage"},"thumbnailUrl":"https:\/\/themeholt.com\/wp-content\/uploads\/2023\/10\/231.png","datePublished":"2023-10-09T05:31:31+00:00","dateModified":"2024-10-23T04:48:18+00:00","description":"Krijg de beste food website thema's! Kies uit prachtige ontwerpen voor uw restaurant, caf\u00e9 of foodblog. Cre\u00eber eenvoudig een geweldige online aanwezigheid.","breadcrumb":{"@id":"https:\/\/themeholt.com\/nl\/product\/fooditi-restaurant-cafe\/#breadcrumb"},"inLanguage":"nl-NL","potentialAction":[{"@type":"ReadAction","target":["https:\/\/themeholt.com\/nl\/product\/fooditi-restaurant-cafe\/"]}]},{"@type":"ImageObject","inLanguage":"nl-NL","@id":"https:\/\/themeholt.com\/nl\/product\/fooditi-restaurant-cafe\/#primaryimage","url":"https:\/\/themeholt.com\/wp-content\/uploads\/2023\/10\/231.png","contentUrl":"https:\/\/themeholt.com\/wp-content\/uploads\/2023\/10\/231.png","width":1365,"height":1001},{"@type":"BreadcrumbList","@id":"https:\/\/themeholt.com\/nl\/product\/fooditi-restaurant-cafe\/#breadcrumb","itemListElement":[{"@type":"ListItem","position":1,"name":"Home","item":"https:\/\/themeholt.com\/nl\/"},{"@type":"ListItem","position":2,"name":"Shop","item":"https:\/\/themeholt.com\/shop\/"},{"@type":"ListItem","position":3,"name":"Fooditi Restaurant Caf\u00e9"}]},{"@type":"WebSite","@id":"https:\/\/themeholt.com\/#website","url":"https:\/\/themeholt.com\/","name":"ThemeHolt","description":"Themeholt is a website that offers high-quality WordPress themes","publisher":{"@id":"https:\/\/themeholt.com\/#organization"},"potentialAction":[{"@type":"SearchAction","target":{"@type":"EntryPoint","urlTemplate":"https:\/\/themeholt.com\/?s={search_term_string}"},"query-input":{"@type":"PropertyValueSpecification","valueRequired":true,"valueName":"search_term_string"}}],"inLanguage":"nl-NL"},{"@type":"Organization","@id":"https:\/\/themeholt.com\/#organization","name":"ThemeHolt","alternateName":"ThemeHolt","url":"https:\/\/themeholt.com\/","logo":{"@type":"ImageObject","inLanguage":"nl-NL","@id":"https:\/\/themeholt.com\/#\/schema\/logo\/image\/","url":"https:\/\/themeholt.com\/wp-content\/uploads\/2024\/10\/themeholt.png","contentUrl":"https:\/\/themeholt.com\/wp-content\/uploads\/2024\/10\/themeholt.png","width":225,"height":225,"caption":"ThemeHolt"},"image":{"@id":"https:\/\/themeholt.com\/#\/schema\/logo\/image\/"},"sameAs":["https:\/\/www.facebook.com\/themeholtT","https:\/\/x.com\/ThemeholtT","https:\/\/www.linkedin.com\/company\/themeholt","https:\/\/www.instagram.com\/themeholtt\/"],"description":"Themeholt is a website that offers high-quality WordPress themes that are easy to use and ready for just about everything. In Eindhoven, Netherlands, since 2020 offering simple, accessible WordPress themes by providing a variety of requirements. Themeholt focuses on practicality and efficiency, allowing faster project completion with its superior marketplace and easy-to-use templates.","legalName":"ThemeHolt","foundingDate":"2022-11-10","numberOfEmployees":{"@type":"QuantitativeValue","minValue":"51","maxValue":"200"}}]}},"_links":{"self":[{"href":"https:\/\/themeholt.com\/nl\/wp-json\/wp\/v2\/product\/10972","targetHints":{"allow":["GET"]}}],"collection":[{"href":"https:\/\/themeholt.com\/nl\/wp-json\/wp\/v2\/product"}],"about":[{"href":"https:\/\/themeholt.com\/nl\/wp-json\/wp\/v2\/types\/product"}],"wp:featuredmedia":[{"embeddable":true,"href":"https:\/\/themeholt.com\/nl\/wp-json\/wp\/v2\/media\/10973"}],"wp:attachment":[{"href":"https:\/\/themeholt.com\/nl\/wp-json\/wp\/v2\/media?parent=10972"}],"wp:term":[{"taxonomy":"product_brand","embeddable":true,"href":"https:\/\/themeholt.com\/nl\/wp-json\/wp\/v2\/product_brand?post=10972"},{"taxonomy":"product_cat","embeddable":true,"href":"https:\/\/themeholt.com\/nl\/wp-json\/wp\/v2\/product_cat?post=10972"},{"taxonomy":"product_tag","embeddable":true,"href":"https:\/\/themeholt.com\/nl\/wp-json\/wp\/v2\/product_tag?post=10972"}],"curies":[{"name":"wp","href":"https:\/\/api.w.org\/{rel}","templated":true}]}}