{"id":29428,"date":"2024-03-21T12:51:56","date_gmt":"2024-03-21T12:51:56","guid":{"rendered":"https:\/\/themeholt.com\/about\/"},"modified":"2024-12-12T04:59:31","modified_gmt":"2024-12-12T04:59:31","slug":"o","status":"publish","type":"page","link":"https:\/\/themeholt.com\/pl\/o\/","title":{"rendered":"O"},"content":{"rendered":"\n<div class=\"wp-block-group\"><div class=\"wp-block-group__inner-container is-layout-flow wp-block-group-is-layout-flow\">\n<div class=\"wp-block-columns are-vertically-aligned-center is-layout-flex wp-container-core-columns-is-layout-9d6595d7 wp-block-columns-is-layout-flex\">\n<div class=\"wp-block-column is-vertically-aligned-center is-layout-flow wp-block-column-is-layout-flow\"><div class=\"wp-block-image\">\n<figure class=\"aligncenter size-full\"><img loading=\"lazy\" decoding=\"async\" width=\"721\" height=\"346\" src=\"https:\/\/themeholt.com\/wp-content\/uploads\/2024\/03\/various-coffee-time-templates-screen_23-2148433369-removebg-preview.png\" alt=\"\" class=\"wp-image-7219\" srcset=\"https:\/\/themeholt.com\/wp-content\/uploads\/2024\/03\/various-coffee-time-templates-screen_23-2148433369-removebg-preview.png 721w, https:\/\/themeholt.com\/wp-content\/uploads\/2024\/03\/various-coffee-time-templates-screen_23-2148433369-removebg-preview-300x144.png 300w, https:\/\/themeholt.com\/wp-content\/uploads\/2024\/03\/various-coffee-time-templates-screen_23-2148433369-removebg-preview-142x68.png 142w, https:\/\/themeholt.com\/wp-content\/uploads\/2024\/03\/various-coffee-time-templates-screen_23-2148433369-removebg-preview-679x326.png 679w, https:\/\/themeholt.com\/wp-content\/uploads\/2024\/03\/various-coffee-time-templates-screen_23-2148433369-removebg-preview-477x229.png 477w, https:\/\/themeholt.com\/wp-content\/uploads\/2024\/03\/various-coffee-time-templates-screen_23-2148433369-removebg-preview-600x288.png 600w\" sizes=\"auto, (max-width: 721px) 100vw, 721px\" \/><\/figure><\/div><\/div>\n\n\n\n<div class=\"wp-block-column is-vertically-aligned-center Welcome-1 is-layout-flow wp-block-column-is-layout-flow\">\n<h1 class=\"wp-block-heading About-Wordpress-head has-black-color has-text-color has-link-color wp-elements-e74d34a31408ad278363c4ffbd0e86fc\" id=\"h-wejdz-na-najwiekszy-na-swiecie-rynek-niesamowitych-motywow-wordpress\"><strong>Wejd\u017a na najwi\u0119kszy na \u015bwiecie rynek niesamowitych motyw\u00f3w WordPress<\/strong><\/h1>\n\n\n\n<p>Themeholt to strona internetowa oferuj\u0105ca wysokiej jako\u015bci motywy WordPress, kt\u00f3re s\u0105 \u0142atwe w u\u017cyciu i gotowe na niemal wszystko. W Eindhoven, Holandia, od 2020 roku oferuj\u0105ca proste, dost\u0119pne motywy WordPress, zapewniaj\u0105c r\u00f3\u017cnorodne wymagania.<\/p>\n\n\n\n<p>Themeholt stawia na praktyczno\u015b\u0107 i wydajno\u015b\u0107, umo\u017cliwiaj\u0105c szybsz\u0105 realizacj\u0119 projekt\u00f3w dzi\u0119ki doskona\u0142emu rynkowi i \u0142atwym w u\u017cyciu szablonom.<\/p>\n<\/div>\n<\/div>\n<\/div><\/div>\n\n\n\n<p class=\"has-text-align-center\"><\/p>\n\n\n\n<div class=\"wp-block-columns is-layout-flex wp-container-core-columns-is-layout-9d6595d7 wp-block-columns-is-layout-flex\">\n<div class=\"wp-block-column is-layout-flow wp-block-column-is-layout-flow\" id=\"features-2\">\n<h3 class=\"wp-block-heading\" id=\"h-funkcje-motywu-wordpress\"><strong>Funkcje motywu WordPress<\/strong><\/h3>\n<\/div>\n<\/div>\n\n\n\n<div class=\"wp-block-columns is-layout-flex wp-container-core-columns-is-layout-9d6595d7 wp-block-columns-is-layout-flex\">\n<div class=\"wp-block-column is-vertically-aligned-center solid-code1 is-layout-flow wp-block-column-is-layout-flow\">\n<h5 class=\"wp-block-heading has-text-align-center\" id=\"h-solidny-kod\"><strong>Solidny kod<\/strong><\/h5>\n\n\n\n<p class=\"has-text-align-center\">Nasze motywy s\u0105 projektowane z wykorzystaniem przejrzystego i prostego kodowania, co zapewnia szybkie \u0142adowanie si\u0119 witryny i \u0142atwo\u015b\u0107 personalizacji.<\/p>\n<\/div>\n\n\n\n<div class=\"wp-block-column is-vertically-aligned-center solid-code1 is-layout-flow wp-block-column-is-layout-flow\">\n<h5 class=\"wp-block-heading has-text-align-center\" id=\"h-latwa-personalizacja\"><strong>\u0141atwa personalizacja<\/strong><\/h5>\n\n\n\n<p class=\"has-text-align-center\">Korzystaj\u0105c z naszych narz\u0119dzi dostosowywania, mo\u017cesz \u0142atwo spersonalizowa\u0107 i zaprojektowa\u0107 swoje strony internetowe, aby wygl\u0105da\u0142y dok\u0142adnie tak, jak chcesz.<\/p>\n<\/div>\n\n\n\n<div class=\"wp-block-column is-vertically-aligned-center solid-code1 is-layout-flow wp-block-column-is-layout-flow\">\n<h5 class=\"wp-block-heading has-text-align-center\" id=\"h-optymalizacja-seo\"><strong>Optymalizacja SEO<\/strong><\/h5>\n\n\n\n<p class=\"has-text-align-center\">Nie martw si\u0119, nasze motywy s\u0105 zoptymalizowane pod k\u0105tem wyszukiwarek, co gwarantuje doskona\u0142\u0105 widoczno\u015b\u0107 i wysok\u0105 pozycj\u0119 w SERP Google.<\/p>\n<\/div>\n<\/div>\n\n\n\n<div class=\"wp-block-columns is-layout-flex wp-container-core-columns-is-layout-9d6595d7 wp-block-columns-is-layout-flex\">\n<div class=\"wp-block-column is-vertically-aligned-center solid-code1 is-layout-flow wp-block-column-is-layout-flow\">\n<h5 class=\"wp-block-heading has-text-align-center\" id=\"h-motywy-w-100-przyjazne-dla-urzadzen-mobilnych\"><strong><strong>Motywy w 100% przyjazne dla urz\u0105dze\u0144 mobilnych<\/strong><\/strong><\/h5>\n\n\n\n<p class=\"has-text-align-center\">Dzi\u0119ki naszym responsywnym motywom mobilnym Twoja witryna internetowa dostosuje si\u0119 do wy\u015bwietlania zar\u00f3wno na r\u00f3\u017cnych urz\u0105dzeniach mobilnych, jak i na komputerach stacjonarnych.<\/p>\n<\/div>\n\n\n\n<div class=\"wp-block-column is-vertically-aligned-center solid-code1 is-layout-flow wp-block-column-is-layout-flow\">\n<h5 class=\"wp-block-heading has-text-align-center\" id=\"h-latwe-opcje-motywu\"><strong><strong><strong>\u0141atwe opcje motywu<\/strong><\/strong><\/strong><\/h5>\n\n\n\n<p class=\"has-text-align-center\">Dzi\u0119ki elastycznemu panelowi administracyjnemu mo\u017cesz bez wysi\u0142ku zarz\u0105dza\u0107 tre\u015bci\u0105 witryny internetowej, nie musz\u0105c zna\u0107 si\u0119 na kodowaniu.<\/p>\n<\/div>\n\n\n\n<div class=\"wp-block-column is-vertically-aligned-center solid-code1 is-layout-flow wp-block-column-is-layout-flow\">\n<h5 class=\"wp-block-heading has-text-align-center\" id=\"h-dedykowane-wsparcie\"><strong><strong>Dedykowane wsparcie<\/strong><\/strong><\/h5>\n\n\n\n<p class=\"has-text-align-center\">Je\u015bli masz jakiekolwiek pytania lub w\u0105tpliwo\u015bci, nasz oddany i responsywny zesp\u00f3\u0142 jest do Twojej dyspozycji 24 godziny na dob\u0119, 7 dni w tygodniu.<\/p>\n<\/div>\n<\/div>\n\n\n\n<div class=\"wp-block-columns are-vertically-aligned-center Themeholt Offers-1 is-layout-flex wp-container-core-columns-is-layout-9d6595d7 wp-block-columns-is-layout-flex\">\n<div class=\"wp-block-column is-vertically-aligned-center is-layout-flow wp-block-column-is-layout-flow\" style=\"flex-basis:50%\">\n<div class=\"wp-block-group\"><div class=\"wp-block-group__inner-container is-layout-flow wp-block-group-is-layout-flow\">\n<h2 class=\"wp-block-heading About-Wordpress-head\" id=\"h-themeholt-oferuje-innowacyjne-motywy-wordpress\"><strong>Themeholt oferuje innowacyjne motywy WordPress!<\/strong><\/h2>\n\n\n\n<p>W Themeholt nasz zesp\u00f3\u0142 ci\u0119\u017cko pracowa\u0142, aby stworzy\u0107 kolekcj\u0119 wyj\u0105tkowych i niedrogich motyw\u00f3w WordPress. Nasze szablony s\u0105 stworzone, aby pom\u00f3c Twojej firmie, blogowi lub portfolio wygl\u0105da\u0107 \u015bwietnie i zwi\u0119kszy\u0107 obecno\u015b\u0107 online. Wierzymy w prostot\u0119 i styl.<\/p>\n\n\n\n<p>Nasze motywy \u0142\u0105cz\u0105 klasyczne i nowoczesne style, aby Twoja tre\u015b\u0107 l\u015bni\u0142a. Niezale\u017cnie od tego, czy jeste\u015b w\u0142a\u015bcicielem firmy, blogerem, pisarzem, artyst\u0105, freelancerem, fotografem, projektantem czy programist\u0105, pokochasz Themeholt.<\/p>\n<\/div><\/div>\n<\/div>\n\n\n\n<div class=\"wp-block-column is-vertically-aligned-center is-layout-flow wp-block-column-is-layout-flow\" style=\"flex-basis:50%\"><div class=\"wp-block-image\">\n<figure class=\"aligncenter size-full\"><img loading=\"lazy\" decoding=\"async\" width=\"478\" height=\"250\" src=\"https:\/\/themeholt.com\/wp-content\/uploads\/2024\/03\/theme-1.jpg\" alt=\"\" class=\"wp-image-7227\" style=\"object-fit:cover\" srcset=\"https:\/\/themeholt.com\/wp-content\/uploads\/2024\/03\/theme-1.jpg 478w, https:\/\/themeholt.com\/wp-content\/uploads\/2024\/03\/theme-1-300x157.jpg 300w, https:\/\/themeholt.com\/wp-content\/uploads\/2024\/03\/theme-1-130x68.jpg 130w\" sizes=\"auto, (max-width: 478px) 100vw, 478px\" \/><\/figure><\/div><\/div>\n<\/div>\n\n\n\n<div class=\"wp-block-columns is-layout-flex wp-container-core-columns-is-layout-9d6595d7 wp-block-columns-is-layout-flex\">\n<div class=\"wp-block-column is-layout-flow wp-block-column-is-layout-flow\" style=\"flex-basis:100%\">\n<div class=\"wp-block-group enjoyed-2\"><div class=\"wp-block-group__inner-container is-layout-flow wp-block-group-is-layout-flow\">\n<div class=\"wp-block-group\"><div class=\"wp-block-group__inner-container is-layout-flow wp-block-group-is-layout-flow\">\n<p>Nasz zesp\u00f3\u0142 programist\u00f3w i projektant\u00f3w jest pasjonatem tworzenia fajnych rzeczy. Uwa\u017camy, \u017ce WordPress jest niesamowity, poniewa\u017c jest wszechstronny, mocny i \u0142atwy w u\u017cyciu \u2013 idealny dla ka\u017cdego programisty.<\/p>\n\n\n\n<p>Wszystkie nasze motywy s\u0105 tworzone, testowane i wspierane przez nas. Kiedy do nas do\u0142\u0105czysz, uzyskasz dost\u0119p do wszystkich naszych motyw\u00f3w, nowych wyda\u0144 i naszego forum wsparcia. Jeste\u015bmy tutaj, aby pom\u00f3c Ci w pe\u0142ni wykorzysta\u0107 WordPressa.<\/p>\n<\/div><\/div>\n<\/div><\/div>\n<\/div>\n<\/div>\n\n\n\n<div class=\"wp-block-columns is-layout-flex wp-container-core-columns-is-layout-9d6595d7 wp-block-columns-is-layout-flex\">\n<div class=\"wp-block-column World-2 is-layout-flow wp-block-column-is-layout-flow\">\n<h2 class=\"wp-block-heading\" id=\"h-niezliczone-opcje-projektowania-na-wyciagniecie-reki\"><strong>Niezliczone opcje projektowania na wyci\u0105gni\u0119cie r\u0119ki<\/strong><\/h2>\n\n\n\n<p>Na Themeholt mo\u017cesz wybra\u0107 idealny szablon, po\u0142\u0105czy\u0107 go z fajnym obrazkiem i wybra\u0107 \u0142adn\u0105 czcionk\u0119. Istniej\u0105 tysi\u0105ce opcji projektowych, kt\u00f3re \u015bwietnie ze sob\u0105 wsp\u00f3\u0142graj\u0105.<\/p>\n\n\n\n<p>Nasze motywy stron internetowych s\u0105 najwy\u017cszej klasy i mo\u017cna ich u\u017cywa\u0107 na stronach internetowych dowolnego typu. Zawieraj\u0105 formularz kontaktowy, wiele opcji kolorystycznych i nowoczesne wzory. Mo\u017cesz wybiera\u0107 spo\u015br\u00f3d szablon\u00f3w HTML i Bootstrap. Tworzenie profesjonalnej strony internetowej nigdy nie by\u0142o tak \u0142atwe dla nikogo.<\/p>\n\n\n\n<p>Je\u015bli chcesz mie\u0107 wi\u0119cej funkcji i opcji dostosowywania swojej strony internetowej, motywy WordPress premium s\u0105 dla Ciebie najlepsz\u0105 opcj\u0105.<\/p>\n<\/div>\n<\/div>\n\n\n\n<p><\/p>\n\n\n\n<div class=\"wp-block-columns is-layout-flex wp-container-core-columns-is-layout-9d6595d7 wp-block-columns-is-layout-flex\">\n<div class=\"wp-block-column is-vertically-aligned-center is-layout-flow wp-block-column-is-layout-flow\" style=\"flex-basis:50%\">\n<div class=\"wp-block-group\"><div class=\"wp-block-group__inner-container is-layout-flow wp-block-group-is-layout-flow\"><div class=\"wp-block-image\">\n<figure class=\"aligncenter size-full\"><a href=\"https:\/\/themeholt.com\/wp-content\/uploads\/2024\/02\/kit-elementor-22-removebg-preview.png\"><img loading=\"lazy\" decoding=\"async\" width=\"632\" height=\"395\" src=\"https:\/\/themeholt.com\/wp-content\/uploads\/2024\/02\/kit-elementor-22-removebg-preview.png\" alt=\"\" class=\"wp-image-6870\" srcset=\"https:\/\/themeholt.com\/wp-content\/uploads\/2024\/02\/kit-elementor-22-removebg-preview.png 632w, https:\/\/themeholt.com\/wp-content\/uploads\/2024\/02\/kit-elementor-22-removebg-preview-300x188.png 300w, https:\/\/themeholt.com\/wp-content\/uploads\/2024\/02\/kit-elementor-22-removebg-preview-109x68.png 109w, https:\/\/themeholt.com\/wp-content\/uploads\/2024\/02\/kit-elementor-22-removebg-preview-622x389.png 622w, https:\/\/themeholt.com\/wp-content\/uploads\/2024\/02\/kit-elementor-22-removebg-preview-477x298.png 477w, https:\/\/themeholt.com\/wp-content\/uploads\/2024\/02\/kit-elementor-22-removebg-preview-600x375.png 600w\" sizes=\"auto, (max-width: 632px) 100vw, 632px\" \/><\/a><\/figure><\/div><\/div><\/div>\n<\/div>\n\n\n\n<div class=\"wp-block-column is-vertically-aligned-center is-layout-flow wp-block-column-is-layout-flow\" style=\"flex-basis:50%\">\n<div class=\"wp-block-group\"><div class=\"wp-block-group__inner-container is-layout-flow wp-block-group-is-layout-flow\">\n<h2 class=\"wp-block-heading About-Wordpress-head\" id=\"h-uzyskaj-dostep-do-nieograniczonej-kolekcji-motywow-i-szablonow-wordpress\"><strong>Uzyskaj dost\u0119p do nieograniczonej kolekcji motyw\u00f3w i szablon\u00f3w WordPress.<\/strong><\/h2>\n<\/div><\/div>\n\n\n\n<p>W Themeholt mamy motywy WordPress dla ka\u017cdego \u2013 s\u0105 \u0142atwe w u\u017cyciu, \u015bwietnie wygl\u0105daj\u0105 na ka\u017cdym urz\u0105dzeniu i \u0142aduj\u0105 si\u0119 super szybko.<\/p>\n\n\n\n<p>Dzi\u0119ki naszym motywom mo\u017cesz w ko\u0144cu stworzy\u0107 stron\u0119 internetow\u0105, o jakiej zawsze marzy\u0142e\u015b. S\u0105 wype\u0142nione funkcjami i mo\u017cna je idealnie dostosowa\u0107 do Twojego stylu.<\/p>\n\n\n\n<p>Je\u015bli chcesz najlepszych motyw\u00f3w WordPress, nie szukaj dalej ni\u017c Themeholt. Nasze szablony pomog\u0105 Ci zaprezentowa\u0107 Twoj\u0105 firm\u0119 w jak najlepszym \u015bwietle.<\/p>\n\n\n\n<p><\/p>\n\n\n\n<p><\/p>\n<\/div>\n<\/div>\n\n\n\n<p>Mo\u017cesz zbudowa\u0107 w pe\u0142ni funkcjonaln\u0105 witryn\u0119 ze wszystkimi swoimi produktami i us\u0142ugami, korzystaj\u0105c z naszych motyw\u00f3w. I nie martw si\u0119 o kompatybilno\u015b\u0107 \u2013 nasze motywy bezproblemowo wsp\u00f3\u0142pracuj\u0105 z najnowsz\u0105 wersj\u0105 WordPressa.<\/p>\n\n\n\n<p>Nasze proste, ale pot\u0119\u017cne motywy pomog\u0105 Twojej tre\u015bci wyr\u00f3\u017cni\u0107 si\u0119 i utrzyma\u0107 zainteresowanie odwiedzaj\u0105cych.<\/p>\n\n\n\n<p>Rozumiemy, jak wa\u017cne jest dla firm posiadanie silnej obecno\u015bci online. Dlatego r\u0119cznie wybrali\u015bmy najlepsze motywy WordPressa, spo\u015br\u00f3d kt\u00f3rych mo\u017cesz wybiera\u0107. Sprawd\u017a i przekonaj si\u0119, jak mo\u017cesz zaimponowa\u0107 odwiedzaj\u0105cym Twoj\u0105 witryn\u0119.<\/p>\n","protected":false},"excerpt":{"rendered":"<p>Wejd\u017a na najwi\u0119kszy na \u015bwiecie rynek niesamowitych motyw\u00f3w WordPress Themeholt to strona internetowa<a class=\"read-more\" href=\"https:\/\/themeholt.com\/pl\/o\/\">&#8230;<\/a><\/p>\n","protected":false},"author":4,"featured_media":29430,"parent":0,"menu_order":0,"comment_status":"closed","ping_status":"closed","template":"","meta":{"_acf_changed":false,"inline_featured_image":false,"footnotes":""},"class_list":["post-29428","page","type-page","status-publish","has-post-thumbnail","hentry"],"acf":[],"yoast_head":"<!-- This site is optimized with the Yoast SEO Premium plugin v22.1 (Yoast SEO v26.0) - https:\/\/yoast.com\/wordpress\/plugins\/seo\/ -->\n<title>O nas - Innowacyjne motywy WordPress | Themeholt<\/title>\n<meta name=\"description\" content=\"Zdob\u0105d\u017a innowacyjne motywy WordPress w przyst\u0119pnej cenie. Znajd\u017a unikalne projekty z konfigurowalnymi opcjami i funkcjami. Dowiedz si\u0119 wi\u0119cej o nas!\" \/>\n<meta name=\"robots\" content=\"index, follow, max-snippet:-1, max-image-preview:large, max-video-preview:-1\" \/>\n<link rel=\"canonical\" href=\"https:\/\/cyan-dolphin-864669.hostingersite.com\/pl\/o\/\" \/>\n<meta property=\"og:locale\" content=\"pl_PL\" \/>\n<meta property=\"og:type\" content=\"article\" \/>\n<meta property=\"og:title\" content=\"O\" \/>\n<meta property=\"og:description\" content=\"Zdob\u0105d\u017a innowacyjne motywy WordPress w przyst\u0119pnej cenie. Znajd\u017a unikalne projekty z konfigurowalnymi opcjami i funkcjami. Dowiedz si\u0119 wi\u0119cej o nas!\" \/>\n<meta property=\"og:url\" content=\"https:\/\/cyan-dolphin-864669.hostingersite.com\/pl\/o\/\" \/>\n<meta property=\"og:site_name\" content=\"ThemeHolt\" \/>\n<meta property=\"article:publisher\" content=\"https:\/\/www.facebook.com\/themeholtT\" \/>\n<meta property=\"article:modified_time\" content=\"2024-12-12T04:59:31+00:00\" \/>\n<meta property=\"og:image\" content=\"https:\/\/cyan-dolphin-864669.hostingersite.com\/wp-content\/uploads\/2023\/02\/Best-WordPress-Child-Themes-4.jpg\" \/>\n\t<meta property=\"og:image:width\" content=\"1680\" \/>\n\t<meta property=\"og:image:height\" content=\"924\" \/>\n\t<meta property=\"og:image:type\" content=\"image\/jpeg\" \/>\n<meta name=\"twitter:card\" content=\"summary_large_image\" \/>\n<meta name=\"twitter:site\" content=\"@ThemeholtT\" \/>\n<meta name=\"twitter:label1\" content=\"Szacowany czas czytania\" \/>\n\t<meta name=\"twitter:data1\" content=\"4 minuty\" \/>\n<script type=\"application\/ld+json\" class=\"yoast-schema-graph\">{\"@context\":\"https:\/\/schema.org\",\"@graph\":[{\"@type\":[\"WebPage\",\"AboutPage\"],\"@id\":\"https:\/\/cyan-dolphin-864669.hostingersite.com\/pl\/o\/\",\"url\":\"https:\/\/cyan-dolphin-864669.hostingersite.com\/pl\/o\/\",\"name\":\"O nas - Innowacyjne motywy WordPress | Themeholt\",\"isPartOf\":{\"@id\":\"https:\/\/themeholt.com\/#website\"},\"primaryImageOfPage\":{\"@id\":\"https:\/\/cyan-dolphin-864669.hostingersite.com\/pl\/o\/#primaryimage\"},\"image\":{\"@id\":\"https:\/\/cyan-dolphin-864669.hostingersite.com\/pl\/o\/#primaryimage\"},\"thumbnailUrl\":\"https:\/\/themeholt.com\/wp-content\/uploads\/2023\/02\/Best-WordPress-Child-Themes-4.jpg\",\"datePublished\":\"2024-03-21T12:51:56+00:00\",\"dateModified\":\"2024-12-12T04:59:31+00:00\",\"description\":\"Zdob\u0105d\u017a innowacyjne motywy WordPress w przyst\u0119pnej cenie. Znajd\u017a unikalne projekty z konfigurowalnymi opcjami i funkcjami. Dowiedz si\u0119 wi\u0119cej o nas!\",\"breadcrumb\":{\"@id\":\"https:\/\/cyan-dolphin-864669.hostingersite.com\/pl\/o\/#breadcrumb\"},\"inLanguage\":\"pl-PL\",\"potentialAction\":[{\"@type\":\"ReadAction\",\"target\":[\"https:\/\/cyan-dolphin-864669.hostingersite.com\/pl\/o\/\"]}]},{\"@type\":\"ImageObject\",\"inLanguage\":\"pl-PL\",\"@id\":\"https:\/\/cyan-dolphin-864669.hostingersite.com\/pl\/o\/#primaryimage\",\"url\":\"https:\/\/themeholt.com\/wp-content\/uploads\/2023\/02\/Best-WordPress-Child-Themes-4.jpg\",\"contentUrl\":\"https:\/\/themeholt.com\/wp-content\/uploads\/2023\/02\/Best-WordPress-Child-Themes-4.jpg\",\"width\":1680,\"height\":924},{\"@type\":\"BreadcrumbList\",\"@id\":\"https:\/\/cyan-dolphin-864669.hostingersite.com\/pl\/o\/#breadcrumb\",\"itemListElement\":[{\"@type\":\"ListItem\",\"position\":1,\"name\":\"Home\",\"item\":\"https:\/\/themeholt.com\/pl\/\"},{\"@type\":\"ListItem\",\"position\":2,\"name\":\"O\"}]},{\"@type\":\"WebSite\",\"@id\":\"https:\/\/themeholt.com\/#website\",\"url\":\"https:\/\/themeholt.com\/\",\"name\":\"ThemeHolt\",\"description\":\"Themeholt is a website that offers high-quality WordPress themes\",\"publisher\":{\"@id\":\"https:\/\/themeholt.com\/#organization\"},\"potentialAction\":[{\"@type\":\"SearchAction\",\"target\":{\"@type\":\"EntryPoint\",\"urlTemplate\":\"https:\/\/themeholt.com\/?s={search_term_string}\"},\"query-input\":{\"@type\":\"PropertyValueSpecification\",\"valueRequired\":true,\"valueName\":\"search_term_string\"}}],\"inLanguage\":\"pl-PL\"},{\"@type\":\"Organization\",\"@id\":\"https:\/\/themeholt.com\/#organization\",\"name\":\"ThemeHolt\",\"alternateName\":\"ThemeHolt\",\"url\":\"https:\/\/themeholt.com\/\",\"logo\":{\"@type\":\"ImageObject\",\"inLanguage\":\"pl-PL\",\"@id\":\"https:\/\/themeholt.com\/#\/schema\/logo\/image\/\",\"url\":\"https:\/\/themeholt.com\/wp-content\/uploads\/2024\/10\/themeholt.png\",\"contentUrl\":\"https:\/\/themeholt.com\/wp-content\/uploads\/2024\/10\/themeholt.png\",\"width\":225,\"height\":225,\"caption\":\"ThemeHolt\"},\"image\":{\"@id\":\"https:\/\/themeholt.com\/#\/schema\/logo\/image\/\"},\"sameAs\":[\"https:\/\/www.facebook.com\/themeholtT\",\"https:\/\/x.com\/ThemeholtT\",\"https:\/\/www.linkedin.com\/company\/themeholt\",\"https:\/\/www.instagram.com\/themeholtt\/\"],\"description\":\"Themeholt is a website that offers high-quality WordPress themes that are easy to use and ready for just about everything. In Eindhoven, Netherlands, since 2020 offering simple, accessible WordPress themes by providing a variety of requirements. Themeholt focuses on practicality and efficiency, allowing faster project completion with its superior marketplace and easy-to-use templates.\",\"legalName\":\"ThemeHolt\",\"foundingDate\":\"2022-11-10\",\"numberOfEmployees\":{\"@type\":\"QuantitativeValue\",\"minValue\":\"51\",\"maxValue\":\"200\"}}]}<\/script>\n<!-- \/ Yoast SEO Premium plugin. -->","yoast_head_json":{"title":"O nas - Innowacyjne motywy WordPress | Themeholt","description":"Zdob\u0105d\u017a innowacyjne motywy WordPress w przyst\u0119pnej cenie. Znajd\u017a unikalne projekty z konfigurowalnymi opcjami i funkcjami. Dowiedz si\u0119 wi\u0119cej o nas!","robots":{"index":"index","follow":"follow","max-snippet":"max-snippet:-1","max-image-preview":"max-image-preview:large","max-video-preview":"max-video-preview:-1"},"canonical":"https:\/\/cyan-dolphin-864669.hostingersite.com\/pl\/o\/","og_locale":"pl_PL","og_type":"article","og_title":"O","og_description":"Zdob\u0105d\u017a innowacyjne motywy WordPress w przyst\u0119pnej cenie. Znajd\u017a unikalne projekty z konfigurowalnymi opcjami i funkcjami. Dowiedz si\u0119 wi\u0119cej o nas!","og_url":"https:\/\/cyan-dolphin-864669.hostingersite.com\/pl\/o\/","og_site_name":"ThemeHolt","article_publisher":"https:\/\/www.facebook.com\/themeholtT","article_modified_time":"2024-12-12T04:59:31+00:00","og_image":[{"width":1680,"height":924,"url":"https:\/\/cyan-dolphin-864669.hostingersite.com\/wp-content\/uploads\/2023\/02\/Best-WordPress-Child-Themes-4.jpg","type":"image\/jpeg"}],"twitter_card":"summary_large_image","twitter_site":"@ThemeholtT","twitter_misc":{"Szacowany czas czytania":"4 minuty"},"schema":{"@context":"https:\/\/schema.org","@graph":[{"@type":["WebPage","AboutPage"],"@id":"https:\/\/cyan-dolphin-864669.hostingersite.com\/pl\/o\/","url":"https:\/\/cyan-dolphin-864669.hostingersite.com\/pl\/o\/","name":"O nas - Innowacyjne motywy WordPress | Themeholt","isPartOf":{"@id":"https:\/\/themeholt.com\/#website"},"primaryImageOfPage":{"@id":"https:\/\/cyan-dolphin-864669.hostingersite.com\/pl\/o\/#primaryimage"},"image":{"@id":"https:\/\/cyan-dolphin-864669.hostingersite.com\/pl\/o\/#primaryimage"},"thumbnailUrl":"https:\/\/themeholt.com\/wp-content\/uploads\/2023\/02\/Best-WordPress-Child-Themes-4.jpg","datePublished":"2024-03-21T12:51:56+00:00","dateModified":"2024-12-12T04:59:31+00:00","description":"Zdob\u0105d\u017a innowacyjne motywy WordPress w przyst\u0119pnej cenie. Znajd\u017a unikalne projekty z konfigurowalnymi opcjami i funkcjami. Dowiedz si\u0119 wi\u0119cej o nas!","breadcrumb":{"@id":"https:\/\/cyan-dolphin-864669.hostingersite.com\/pl\/o\/#breadcrumb"},"inLanguage":"pl-PL","potentialAction":[{"@type":"ReadAction","target":["https:\/\/cyan-dolphin-864669.hostingersite.com\/pl\/o\/"]}]},{"@type":"ImageObject","inLanguage":"pl-PL","@id":"https:\/\/cyan-dolphin-864669.hostingersite.com\/pl\/o\/#primaryimage","url":"https:\/\/themeholt.com\/wp-content\/uploads\/2023\/02\/Best-WordPress-Child-Themes-4.jpg","contentUrl":"https:\/\/themeholt.com\/wp-content\/uploads\/2023\/02\/Best-WordPress-Child-Themes-4.jpg","width":1680,"height":924},{"@type":"BreadcrumbList","@id":"https:\/\/cyan-dolphin-864669.hostingersite.com\/pl\/o\/#breadcrumb","itemListElement":[{"@type":"ListItem","position":1,"name":"Home","item":"https:\/\/themeholt.com\/pl\/"},{"@type":"ListItem","position":2,"name":"O"}]},{"@type":"WebSite","@id":"https:\/\/themeholt.com\/#website","url":"https:\/\/themeholt.com\/","name":"ThemeHolt","description":"Themeholt is a website that offers high-quality WordPress themes","publisher":{"@id":"https:\/\/themeholt.com\/#organization"},"potentialAction":[{"@type":"SearchAction","target":{"@type":"EntryPoint","urlTemplate":"https:\/\/themeholt.com\/?s={search_term_string}"},"query-input":{"@type":"PropertyValueSpecification","valueRequired":true,"valueName":"search_term_string"}}],"inLanguage":"pl-PL"},{"@type":"Organization","@id":"https:\/\/themeholt.com\/#organization","name":"ThemeHolt","alternateName":"ThemeHolt","url":"https:\/\/themeholt.com\/","logo":{"@type":"ImageObject","inLanguage":"pl-PL","@id":"https:\/\/themeholt.com\/#\/schema\/logo\/image\/","url":"https:\/\/themeholt.com\/wp-content\/uploads\/2024\/10\/themeholt.png","contentUrl":"https:\/\/themeholt.com\/wp-content\/uploads\/2024\/10\/themeholt.png","width":225,"height":225,"caption":"ThemeHolt"},"image":{"@id":"https:\/\/themeholt.com\/#\/schema\/logo\/image\/"},"sameAs":["https:\/\/www.facebook.com\/themeholtT","https:\/\/x.com\/ThemeholtT","https:\/\/www.linkedin.com\/company\/themeholt","https:\/\/www.instagram.com\/themeholtt\/"],"description":"Themeholt is a website that offers high-quality WordPress themes that are easy to use and ready for just about everything. In Eindhoven, Netherlands, since 2020 offering simple, accessible WordPress themes by providing a variety of requirements. Themeholt focuses on practicality and efficiency, allowing faster project completion with its superior marketplace and easy-to-use templates.","legalName":"ThemeHolt","foundingDate":"2022-11-10","numberOfEmployees":{"@type":"QuantitativeValue","minValue":"51","maxValue":"200"}}]}},"_links":{"self":[{"href":"https:\/\/themeholt.com\/pl\/wp-json\/wp\/v2\/pages\/29428","targetHints":{"allow":["GET"]}}],"collection":[{"href":"https:\/\/themeholt.com\/pl\/wp-json\/wp\/v2\/pages"}],"about":[{"href":"https:\/\/themeholt.com\/pl\/wp-json\/wp\/v2\/types\/page"}],"author":[{"embeddable":true,"href":"https:\/\/themeholt.com\/pl\/wp-json\/wp\/v2\/users\/4"}],"replies":[{"embeddable":true,"href":"https:\/\/themeholt.com\/pl\/wp-json\/wp\/v2\/comments?post=29428"}],"version-history":[{"count":1,"href":"https:\/\/themeholt.com\/pl\/wp-json\/wp\/v2\/pages\/29428\/revisions"}],"predecessor-version":[{"id":29435,"href":"https:\/\/themeholt.com\/pl\/wp-json\/wp\/v2\/pages\/29428\/revisions\/29435"}],"wp:featuredmedia":[{"embeddable":true,"href":"https:\/\/themeholt.com\/pl\/wp-json\/wp\/v2\/media\/29430"}],"wp:attachment":[{"href":"https:\/\/themeholt.com\/pl\/wp-json\/wp\/v2\/media?parent=29428"}],"curies":[{"name":"wp","href":"https:\/\/api.w.org\/{rel}","templated":true}]}}