{"id":15105,"date":"2024-08-17T16:17:31","date_gmt":"2024-08-17T16:17:31","guid":{"rendered":"https:\/\/themeholt.com\/product\/wp-rocket-plus\/"},"modified":"2024-10-25T05:31:14","modified_gmt":"2024-10-25T05:31:14","slug":"wp-rocket-plus","status":"publish","type":"product","link":"https:\/\/themeholt.com\/pl\/product\/wp-rocket-plus\/","title":{"rendered":"Wp Rocket Plus \/ Do\u017cywotni"},"content":{"rendered":"<p>Najprostszy spos\u00f3b na przyspieszenie dzia\u0142ania Twojej witryny WordPress i popraw\u0119 wyniku Google PageSpeed. Zyskaj wi\u0119kszy ruch, lepsze zaanga\u017cowanie i wy\u017csze konwersje bez wysi\u0142ku.<\/p>\n","protected":false},"excerpt":{"rendered":"<div class=\"wp-block-column is-layout-flow wp-block-column-is-layout-flow\">\n<ul class=\"wp-block-list\">\n<li>Aktualizacje produkt\u00f3w i wsparcie dla 3 stron internetowych<\/li>\n<li>Szybka konfiguracja<\/li>\n<li>Najbardziej zaawansowane funkcje dla wydajno\u015bci sieci<\/li>\n<li>Doskona\u0142e wsparcie<\/li>\n<li>Szeroka kompatybilno\u015b\u0107 z hostingami, motywami i wtyczkami<\/li>\n<li>Kompatybilno\u015b\u0107 z eCommerce<\/li>\n<li>Wieloj\u0119zyczna kompatybilno\u015b\u0107<\/li>\n<\/ul>\n<\/div>\n<div class=\"wp-block-column is-layout-flow wp-block-column-is-layout-flow\"><\/div>\n","protected":false},"featured_media":15106,"template":"","meta":{"_acf_changed":false,"inline_featured_image":false},"product_brand":[],"product_cat":[1293],"product_tag":[],"class_list":{"0":"post-15105","1":"product","2":"type-product","3":"status-publish","4":"has-post-thumbnail","6":"product_cat-performance-plugins-pl","8":"first","9":"instock","10":"sale","11":"downloadable","12":"taxable","13":"shipping-taxable","14":"purchasable","15":"product-type-simple"},"acf":[],"yoast_head":"<!-- This site is optimized with the Yoast SEO Premium plugin v22.1 (Yoast SEO v26.0) - https:\/\/yoast.com\/wordpress\/plugins\/seo\/ -->\n<title>Wp Rocket Plus \/ Do\u017cywotni - ThemeHolt<\/title>\n<meta name=\"robots\" content=\"index, follow, max-snippet:-1, max-image-preview:large, max-video-preview:-1\" \/>\n<link rel=\"canonical\" href=\"https:\/\/themeholt.com\/pl\/product\/wp-rocket-plus\/\" \/>\n<meta property=\"og:locale\" content=\"pl_PL\" \/>\n<meta property=\"og:type\" content=\"article\" \/>\n<meta property=\"og:title\" content=\"Wp Rocket Plus \/ Do\u017cywotni\" \/>\n<meta property=\"og:description\" content=\"Aktualizacje produkt\u00f3w i wsparcie dla 3 stron internetowych Szybka konfiguracja Najbardziej zaawansowane funkcje dla wydajno\u015bci sieci Doskona\u0142e wsparcie Szeroka kompatybilno\u015b\u0107 z hostingami, motywami i wtyczkami Kompatybilno\u015b\u0107 z eCommerce Wieloj\u0119zyczna kompatybilno\u015b\u0107\" \/>\n<meta property=\"og:url\" content=\"https:\/\/themeholt.com\/pl\/product\/wp-rocket-plus\/\" \/>\n<meta property=\"og:site_name\" content=\"ThemeHolt\" \/>\n<meta property=\"article:publisher\" content=\"https:\/\/www.facebook.com\/themeholtT\" \/>\n<meta property=\"article:modified_time\" content=\"2024-10-25T05:31:14+00:00\" \/>\n<meta property=\"og:image\" content=\"https:\/\/themeholt.com\/wp-content\/uploads\/2024\/08\/b9d6d7a84016986fb3302a5cf31dcd89.jpg\" \/>\n\t<meta property=\"og:image:width\" content=\"601\" \/>\n\t<meta property=\"og:image:height\" content=\"601\" \/>\n\t<meta property=\"og:image:type\" content=\"image\/jpeg\" \/>\n<meta name=\"twitter:card\" content=\"summary_large_image\" \/>\n<meta name=\"twitter:site\" content=\"@ThemeholtT\" \/>\n<meta name=\"twitter:label1\" content=\"Szacowany czas czytania\" \/>\n\t<meta name=\"twitter:data1\" content=\"1 minuta\" \/>\n<script type=\"application\/ld+json\" class=\"yoast-schema-graph\">{\"@context\":\"https:\/\/schema.org\",\"@graph\":[{\"@type\":\"WebPage\",\"@id\":\"https:\/\/themeholt.com\/pl\/product\/wp-rocket-plus\/\",\"url\":\"https:\/\/themeholt.com\/pl\/product\/wp-rocket-plus\/\",\"name\":\"Wp Rocket Plus \/ Do\u017cywotni - ThemeHolt\",\"isPartOf\":{\"@id\":\"https:\/\/themeholt.com\/#website\"},\"primaryImageOfPage\":{\"@id\":\"https:\/\/themeholt.com\/pl\/product\/wp-rocket-plus\/#primaryimage\"},\"image\":{\"@id\":\"https:\/\/themeholt.com\/pl\/product\/wp-rocket-plus\/#primaryimage\"},\"thumbnailUrl\":\"https:\/\/themeholt.com\/wp-content\/uploads\/2024\/08\/b9d6d7a84016986fb3302a5cf31dcd89.jpg\",\"datePublished\":\"2024-08-17T16:17:31+00:00\",\"dateModified\":\"2024-10-25T05:31:14+00:00\",\"breadcrumb\":{\"@id\":\"https:\/\/themeholt.com\/pl\/product\/wp-rocket-plus\/#breadcrumb\"},\"inLanguage\":\"pl-PL\",\"potentialAction\":[{\"@type\":\"ReadAction\",\"target\":[\"https:\/\/themeholt.com\/pl\/product\/wp-rocket-plus\/\"]}]},{\"@type\":\"ImageObject\",\"inLanguage\":\"pl-PL\",\"@id\":\"https:\/\/themeholt.com\/pl\/product\/wp-rocket-plus\/#primaryimage\",\"url\":\"https:\/\/themeholt.com\/wp-content\/uploads\/2024\/08\/b9d6d7a84016986fb3302a5cf31dcd89.jpg\",\"contentUrl\":\"https:\/\/themeholt.com\/wp-content\/uploads\/2024\/08\/b9d6d7a84016986fb3302a5cf31dcd89.jpg\",\"width\":601,\"height\":601},{\"@type\":\"BreadcrumbList\",\"@id\":\"https:\/\/themeholt.com\/pl\/product\/wp-rocket-plus\/#breadcrumb\",\"itemListElement\":[{\"@type\":\"ListItem\",\"position\":1,\"name\":\"Home\",\"item\":\"https:\/\/themeholt.com\/pl\/\"},{\"@type\":\"ListItem\",\"position\":2,\"name\":\"Shop\",\"item\":\"https:\/\/themeholt.com\/shop\/\"},{\"@type\":\"ListItem\",\"position\":3,\"name\":\"Wp Rocket Plus \/ Do\u017cywotni\"}]},{\"@type\":\"WebSite\",\"@id\":\"https:\/\/themeholt.com\/#website\",\"url\":\"https:\/\/themeholt.com\/\",\"name\":\"ThemeHolt\",\"description\":\"Themeholt is a website that offers high-quality WordPress themes\",\"publisher\":{\"@id\":\"https:\/\/themeholt.com\/#organization\"},\"potentialAction\":[{\"@type\":\"SearchAction\",\"target\":{\"@type\":\"EntryPoint\",\"urlTemplate\":\"https:\/\/themeholt.com\/?s={search_term_string}\"},\"query-input\":{\"@type\":\"PropertyValueSpecification\",\"valueRequired\":true,\"valueName\":\"search_term_string\"}}],\"inLanguage\":\"pl-PL\"},{\"@type\":\"Organization\",\"@id\":\"https:\/\/themeholt.com\/#organization\",\"name\":\"ThemeHolt\",\"alternateName\":\"ThemeHolt\",\"url\":\"https:\/\/themeholt.com\/\",\"logo\":{\"@type\":\"ImageObject\",\"inLanguage\":\"pl-PL\",\"@id\":\"https:\/\/themeholt.com\/#\/schema\/logo\/image\/\",\"url\":\"https:\/\/themeholt.com\/wp-content\/uploads\/2024\/10\/themeholt.png\",\"contentUrl\":\"https:\/\/themeholt.com\/wp-content\/uploads\/2024\/10\/themeholt.png\",\"width\":225,\"height\":225,\"caption\":\"ThemeHolt\"},\"image\":{\"@id\":\"https:\/\/themeholt.com\/#\/schema\/logo\/image\/\"},\"sameAs\":[\"https:\/\/www.facebook.com\/themeholtT\",\"https:\/\/x.com\/ThemeholtT\",\"https:\/\/www.linkedin.com\/company\/themeholt\",\"https:\/\/www.instagram.com\/themeholtt\/\"],\"description\":\"Themeholt is a website that offers high-quality WordPress themes that are easy to use and ready for just about everything. In Eindhoven, Netherlands, since 2020 offering simple, accessible WordPress themes by providing a variety of requirements. Themeholt focuses on practicality and efficiency, allowing faster project completion with its superior marketplace and easy-to-use templates.\",\"legalName\":\"ThemeHolt\",\"foundingDate\":\"2022-11-10\",\"numberOfEmployees\":{\"@type\":\"QuantitativeValue\",\"minValue\":\"51\",\"maxValue\":\"200\"}}]}<\/script>\n<!-- \/ Yoast SEO Premium plugin. -->","yoast_head_json":{"title":"Wp Rocket Plus \/ Do\u017cywotni - ThemeHolt","robots":{"index":"index","follow":"follow","max-snippet":"max-snippet:-1","max-image-preview":"max-image-preview:large","max-video-preview":"max-video-preview:-1"},"canonical":"https:\/\/themeholt.com\/pl\/product\/wp-rocket-plus\/","og_locale":"pl_PL","og_type":"article","og_title":"Wp Rocket Plus \/ Do\u017cywotni","og_description":"Aktualizacje produkt\u00f3w i wsparcie dla 3 stron internetowych Szybka konfiguracja Najbardziej zaawansowane funkcje dla wydajno\u015bci sieci Doskona\u0142e wsparcie Szeroka kompatybilno\u015b\u0107 z hostingami, motywami i wtyczkami Kompatybilno\u015b\u0107 z eCommerce Wieloj\u0119zyczna kompatybilno\u015b\u0107","og_url":"https:\/\/themeholt.com\/pl\/product\/wp-rocket-plus\/","og_site_name":"ThemeHolt","article_publisher":"https:\/\/www.facebook.com\/themeholtT","article_modified_time":"2024-10-25T05:31:14+00:00","og_image":[{"width":601,"height":601,"url":"https:\/\/themeholt.com\/wp-content\/uploads\/2024\/08\/b9d6d7a84016986fb3302a5cf31dcd89.jpg","type":"image\/jpeg"}],"twitter_card":"summary_large_image","twitter_site":"@ThemeholtT","twitter_misc":{"Szacowany czas czytania":"1 minuta"},"schema":{"@context":"https:\/\/schema.org","@graph":[{"@type":"WebPage","@id":"https:\/\/themeholt.com\/pl\/product\/wp-rocket-plus\/","url":"https:\/\/themeholt.com\/pl\/product\/wp-rocket-plus\/","name":"Wp Rocket Plus \/ Do\u017cywotni - ThemeHolt","isPartOf":{"@id":"https:\/\/themeholt.com\/#website"},"primaryImageOfPage":{"@id":"https:\/\/themeholt.com\/pl\/product\/wp-rocket-plus\/#primaryimage"},"image":{"@id":"https:\/\/themeholt.com\/pl\/product\/wp-rocket-plus\/#primaryimage"},"thumbnailUrl":"https:\/\/themeholt.com\/wp-content\/uploads\/2024\/08\/b9d6d7a84016986fb3302a5cf31dcd89.jpg","datePublished":"2024-08-17T16:17:31+00:00","dateModified":"2024-10-25T05:31:14+00:00","breadcrumb":{"@id":"https:\/\/themeholt.com\/pl\/product\/wp-rocket-plus\/#breadcrumb"},"inLanguage":"pl-PL","potentialAction":[{"@type":"ReadAction","target":["https:\/\/themeholt.com\/pl\/product\/wp-rocket-plus\/"]}]},{"@type":"ImageObject","inLanguage":"pl-PL","@id":"https:\/\/themeholt.com\/pl\/product\/wp-rocket-plus\/#primaryimage","url":"https:\/\/themeholt.com\/wp-content\/uploads\/2024\/08\/b9d6d7a84016986fb3302a5cf31dcd89.jpg","contentUrl":"https:\/\/themeholt.com\/wp-content\/uploads\/2024\/08\/b9d6d7a84016986fb3302a5cf31dcd89.jpg","width":601,"height":601},{"@type":"BreadcrumbList","@id":"https:\/\/themeholt.com\/pl\/product\/wp-rocket-plus\/#breadcrumb","itemListElement":[{"@type":"ListItem","position":1,"name":"Home","item":"https:\/\/themeholt.com\/pl\/"},{"@type":"ListItem","position":2,"name":"Shop","item":"https:\/\/themeholt.com\/shop\/"},{"@type":"ListItem","position":3,"name":"Wp Rocket Plus \/ Do\u017cywotni"}]},{"@type":"WebSite","@id":"https:\/\/themeholt.com\/#website","url":"https:\/\/themeholt.com\/","name":"ThemeHolt","description":"Themeholt is a website that offers high-quality WordPress themes","publisher":{"@id":"https:\/\/themeholt.com\/#organization"},"potentialAction":[{"@type":"SearchAction","target":{"@type":"EntryPoint","urlTemplate":"https:\/\/themeholt.com\/?s={search_term_string}"},"query-input":{"@type":"PropertyValueSpecification","valueRequired":true,"valueName":"search_term_string"}}],"inLanguage":"pl-PL"},{"@type":"Organization","@id":"https:\/\/themeholt.com\/#organization","name":"ThemeHolt","alternateName":"ThemeHolt","url":"https:\/\/themeholt.com\/","logo":{"@type":"ImageObject","inLanguage":"pl-PL","@id":"https:\/\/themeholt.com\/#\/schema\/logo\/image\/","url":"https:\/\/themeholt.com\/wp-content\/uploads\/2024\/10\/themeholt.png","contentUrl":"https:\/\/themeholt.com\/wp-content\/uploads\/2024\/10\/themeholt.png","width":225,"height":225,"caption":"ThemeHolt"},"image":{"@id":"https:\/\/themeholt.com\/#\/schema\/logo\/image\/"},"sameAs":["https:\/\/www.facebook.com\/themeholtT","https:\/\/x.com\/ThemeholtT","https:\/\/www.linkedin.com\/company\/themeholt","https:\/\/www.instagram.com\/themeholtt\/"],"description":"Themeholt is a website that offers high-quality WordPress themes that are easy to use and ready for just about everything. In Eindhoven, Netherlands, since 2020 offering simple, accessible WordPress themes by providing a variety of requirements. Themeholt focuses on practicality and efficiency, allowing faster project completion with its superior marketplace and easy-to-use templates.","legalName":"ThemeHolt","foundingDate":"2022-11-10","numberOfEmployees":{"@type":"QuantitativeValue","minValue":"51","maxValue":"200"}}]}},"_links":{"self":[{"href":"https:\/\/themeholt.com\/pl\/wp-json\/wp\/v2\/product\/15105","targetHints":{"allow":["GET"]}}],"collection":[{"href":"https:\/\/themeholt.com\/pl\/wp-json\/wp\/v2\/product"}],"about":[{"href":"https:\/\/themeholt.com\/pl\/wp-json\/wp\/v2\/types\/product"}],"wp:featuredmedia":[{"embeddable":true,"href":"https:\/\/themeholt.com\/pl\/wp-json\/wp\/v2\/media\/15106"}],"wp:attachment":[{"href":"https:\/\/themeholt.com\/pl\/wp-json\/wp\/v2\/media?parent=15105"}],"wp:term":[{"taxonomy":"product_brand","embeddable":true,"href":"https:\/\/themeholt.com\/pl\/wp-json\/wp\/v2\/product_brand?post=15105"},{"taxonomy":"product_cat","embeddable":true,"href":"https:\/\/themeholt.com\/pl\/wp-json\/wp\/v2\/product_cat?post=15105"},{"taxonomy":"product_tag","embeddable":true,"href":"https:\/\/themeholt.com\/pl\/wp-json\/wp\/v2\/product_tag?post=15105"}],"curies":[{"name":"wp","href":"https:\/\/api.w.org\/{rel}","templated":true}]}}