{"id":15128,"date":"2024-04-01T05:13:35","date_gmt":"2024-04-01T05:13:35","guid":{"rendered":"https:\/\/themeholt.com\/product\/foodera-unbounce-food-landing-page-template\/"},"modified":"2024-10-25T05:41:10","modified_gmt":"2024-10-25T05:41:10","slug":"foodera-szablon-strony-docelowej-unbounce-food","status":"publish","type":"product","link":"https:\/\/themeholt.com\/pl\/product\/foodera-szablon-strony-docelowej-unbounce-food\/","title":{"rendered":"Foodera \u2014 szablon strony docelowej Unbounce Food"},"content":{"rendered":"<p><span style=\"font-weight: 400\">Szablon strony docelowej Foodera Unbounce Food to nowoczesny i skuteczny spos\u00f3b na wyr\u00f3\u017cnienie firm zajmuj\u0105cych si\u0119 \u017cywno\u015bci\u0105. Dzi\u0119ki innowacyjnemu i responsywnemu projektowi Twoja witryna b\u0119dzie \u015bwietnie wygl\u0105da\u0107 na wszystkich ekranach, w tym na komputerach stacjonarnych i telefonach kom\u00f3rkowych. Mo\u017cesz po prostu zaprezentowa\u0107 swoj\u0105 ofert\u0119 i zaanga\u017cowa\u0107 potencjalnych klient\u00f3w za pomoc\u0105 obszar\u00f3w na referencje, formularzy kontaktowych i menu, kt\u00f3re s\u0105 dostosowane. Niezale\u017cnie od tego, czy szukaj\u0105 menu do Twojej restauracji, czy chc\u0105 dokona\u0107 rezerwacji online, odwiedzaj\u0105cy mog\u0105 \u0142atwo znale\u017a\u0107 potrzebne im informacje. <\/span><\/p>\n<p><span style=\"font-weight: 400\">Dzi\u0119ki przejrzystej strukturze szablonu i prostej nawigacji. Foodera zosta\u0142a dostosowana zar\u00f3wno pod k\u0105tem szybko\u015bci, jak i optymalizacji pod k\u0105tem wyszukiwarek. Pomaga to Twojej witrynie uzyska\u0107 wy\u017csz\u0105 pozycj\u0119 w wynikach wyszukiwania i zapewnia odwiedzaj\u0105cym \u0142atwe przegl\u0105danie.<\/span><\/p>\n","protected":false},"excerpt":{"rendered":"<ul>\n<li style=\"font-weight: 400\"><span style=\"font-weight: 400\">Nowoczesny design<\/span><\/li>\n<li style=\"font-weight: 400\"><span style=\"font-weight: 400\">Responsywno\u015b\u0107 mobilna<\/span><\/li>\n<li style=\"font-weight: 400\"><span style=\"font-weight: 400\">Opcje dostosowywania<\/span><\/li>\n<li style=\"font-weight: 400\"><span style=\"font-weight: 400\">Mo\u017cliwo\u015bci integracji<\/span><\/li>\n<li style=\"font-weight: 400\"><span style=\"font-weight: 400\">Przyjazny dla SEO<\/span><\/li>\n<li style=\"font-weight: 400\"><span style=\"font-weight: 400\">Obs\u0142uga klienta<\/span><\/li>\n<li style=\"font-weight: 400\"><span style=\"font-weight: 400\">Funkcje generowania lead\u00f3w<\/span><\/li>\n<\/ul>\n","protected":false},"featured_media":15130,"template":"","meta":{"_acf_changed":false,"inline_featured_image":false},"product_brand":[],"product_cat":[1294],"product_tag":[],"class_list":{"0":"post-15128","1":"product","2":"type-product","3":"status-publish","4":"has-post-thumbnail","6":"product_cat-landing-pages-pl","8":"first","9":"instock","10":"sale","11":"downloadable","12":"taxable","13":"shipping-taxable","14":"purchasable","15":"product-type-simple"},"acf":[],"yoast_head":"<!-- This site is optimized with the Yoast SEO Premium plugin v22.1 (Yoast SEO v26.0) - https:\/\/yoast.com\/wordpress\/plugins\/seo\/ -->\n<title>Szablon strony docelowej \u017cywno\u015bci | Themeholt<\/title>\n<meta name=\"description\" content=\"\u0141atwo stw\u00f3rz witryn\u0119 internetow\u0105 z naszym szablonem strony docelowej dla \u017cywno\u015bci. Pi\u0119knie zaprezentuj swoje dania. Dostosowywalny i responsywny projekt dla Twojej firmy spo\u017cywczej.\" \/>\n<meta name=\"robots\" content=\"index, follow, max-snippet:-1, max-image-preview:large, max-video-preview:-1\" \/>\n<link rel=\"canonical\" href=\"https:\/\/themeholt.com\/pl\/product\/foodera-szablon-strony-docelowej-unbounce-food\/\" \/>\n<meta property=\"og:locale\" content=\"pl_PL\" \/>\n<meta property=\"og:type\" content=\"article\" \/>\n<meta property=\"og:title\" content=\"Foodera \u2014 szablon strony docelowej Unbounce Food\" \/>\n<meta property=\"og:description\" content=\"\u0141atwo stw\u00f3rz witryn\u0119 internetow\u0105 z naszym szablonem strony docelowej dla \u017cywno\u015bci. Pi\u0119knie zaprezentuj swoje dania. Dostosowywalny i responsywny projekt dla Twojej firmy spo\u017cywczej.\" \/>\n<meta property=\"og:url\" content=\"https:\/\/themeholt.com\/pl\/product\/foodera-szablon-strony-docelowej-unbounce-food\/\" \/>\n<meta property=\"og:site_name\" content=\"ThemeHolt\" \/>\n<meta property=\"article:publisher\" content=\"https:\/\/www.facebook.com\/themeholtT\" \/>\n<meta property=\"article:modified_time\" content=\"2024-10-25T05:41:10+00:00\" \/>\n<meta property=\"og:image\" content=\"https:\/\/themeholt.com\/wp-content\/uploads\/2024\/04\/unbouncepages-com-foodera-storefront-envato-elements.png\" \/>\n\t<meta property=\"og:image:width\" content=\"1365\" \/>\n\t<meta property=\"og:image:height\" content=\"851\" \/>\n\t<meta property=\"og:image:type\" content=\"image\/png\" \/>\n<meta name=\"twitter:card\" content=\"summary_large_image\" \/>\n<meta name=\"twitter:site\" content=\"@ThemeholtT\" \/>\n<meta name=\"twitter:label1\" content=\"Szacowany czas czytania\" \/>\n\t<meta name=\"twitter:data1\" content=\"1 minuta\" \/>\n<script type=\"application\/ld+json\" class=\"yoast-schema-graph\">{\"@context\":\"https:\/\/schema.org\",\"@graph\":[{\"@type\":\"WebPage\",\"@id\":\"https:\/\/themeholt.com\/pl\/product\/foodera-szablon-strony-docelowej-unbounce-food\/\",\"url\":\"https:\/\/themeholt.com\/pl\/product\/foodera-szablon-strony-docelowej-unbounce-food\/\",\"name\":\"Szablon strony docelowej \u017cywno\u015bci | Themeholt\",\"isPartOf\":{\"@id\":\"https:\/\/themeholt.com\/#website\"},\"primaryImageOfPage\":{\"@id\":\"https:\/\/themeholt.com\/pl\/product\/foodera-szablon-strony-docelowej-unbounce-food\/#primaryimage\"},\"image\":{\"@id\":\"https:\/\/themeholt.com\/pl\/product\/foodera-szablon-strony-docelowej-unbounce-food\/#primaryimage\"},\"thumbnailUrl\":\"https:\/\/themeholt.com\/wp-content\/uploads\/2024\/04\/unbouncepages-com-foodera-storefront-envato-elements.png\",\"datePublished\":\"2024-04-01T05:13:35+00:00\",\"dateModified\":\"2024-10-25T05:41:10+00:00\",\"description\":\"\u0141atwo stw\u00f3rz witryn\u0119 internetow\u0105 z naszym szablonem strony docelowej dla \u017cywno\u015bci. Pi\u0119knie zaprezentuj swoje dania. Dostosowywalny i responsywny projekt dla Twojej firmy spo\u017cywczej.\",\"breadcrumb\":{\"@id\":\"https:\/\/themeholt.com\/pl\/product\/foodera-szablon-strony-docelowej-unbounce-food\/#breadcrumb\"},\"inLanguage\":\"pl-PL\",\"potentialAction\":[{\"@type\":\"ReadAction\",\"target\":[\"https:\/\/themeholt.com\/pl\/product\/foodera-szablon-strony-docelowej-unbounce-food\/\"]}]},{\"@type\":\"ImageObject\",\"inLanguage\":\"pl-PL\",\"@id\":\"https:\/\/themeholt.com\/pl\/product\/foodera-szablon-strony-docelowej-unbounce-food\/#primaryimage\",\"url\":\"https:\/\/themeholt.com\/wp-content\/uploads\/2024\/04\/unbouncepages-com-foodera-storefront-envato-elements.png\",\"contentUrl\":\"https:\/\/themeholt.com\/wp-content\/uploads\/2024\/04\/unbouncepages-com-foodera-storefront-envato-elements.png\",\"width\":1365,\"height\":851},{\"@type\":\"BreadcrumbList\",\"@id\":\"https:\/\/themeholt.com\/pl\/product\/foodera-szablon-strony-docelowej-unbounce-food\/#breadcrumb\",\"itemListElement\":[{\"@type\":\"ListItem\",\"position\":1,\"name\":\"Home\",\"item\":\"https:\/\/themeholt.com\/pl\/\"},{\"@type\":\"ListItem\",\"position\":2,\"name\":\"Shop\",\"item\":\"https:\/\/themeholt.com\/shop\/\"},{\"@type\":\"ListItem\",\"position\":3,\"name\":\"Foodera \u2014 szablon strony docelowej Unbounce Food\"}]},{\"@type\":\"WebSite\",\"@id\":\"https:\/\/themeholt.com\/#website\",\"url\":\"https:\/\/themeholt.com\/\",\"name\":\"ThemeHolt\",\"description\":\"Themeholt is a website that offers high-quality WordPress themes\",\"publisher\":{\"@id\":\"https:\/\/themeholt.com\/#organization\"},\"potentialAction\":[{\"@type\":\"SearchAction\",\"target\":{\"@type\":\"EntryPoint\",\"urlTemplate\":\"https:\/\/themeholt.com\/?s={search_term_string}\"},\"query-input\":{\"@type\":\"PropertyValueSpecification\",\"valueRequired\":true,\"valueName\":\"search_term_string\"}}],\"inLanguage\":\"pl-PL\"},{\"@type\":\"Organization\",\"@id\":\"https:\/\/themeholt.com\/#organization\",\"name\":\"ThemeHolt\",\"alternateName\":\"ThemeHolt\",\"url\":\"https:\/\/themeholt.com\/\",\"logo\":{\"@type\":\"ImageObject\",\"inLanguage\":\"pl-PL\",\"@id\":\"https:\/\/themeholt.com\/#\/schema\/logo\/image\/\",\"url\":\"https:\/\/themeholt.com\/wp-content\/uploads\/2024\/10\/themeholt.png\",\"contentUrl\":\"https:\/\/themeholt.com\/wp-content\/uploads\/2024\/10\/themeholt.png\",\"width\":225,\"height\":225,\"caption\":\"ThemeHolt\"},\"image\":{\"@id\":\"https:\/\/themeholt.com\/#\/schema\/logo\/image\/\"},\"sameAs\":[\"https:\/\/www.facebook.com\/themeholtT\",\"https:\/\/x.com\/ThemeholtT\",\"https:\/\/www.linkedin.com\/company\/themeholt\",\"https:\/\/www.instagram.com\/themeholtt\/\"],\"description\":\"Themeholt is a website that offers high-quality WordPress themes that are easy to use and ready for just about everything. In Eindhoven, Netherlands, since 2020 offering simple, accessible WordPress themes by providing a variety of requirements. Themeholt focuses on practicality and efficiency, allowing faster project completion with its superior marketplace and easy-to-use templates.\",\"legalName\":\"ThemeHolt\",\"foundingDate\":\"2022-11-10\",\"numberOfEmployees\":{\"@type\":\"QuantitativeValue\",\"minValue\":\"51\",\"maxValue\":\"200\"}}]}<\/script>\n<!-- \/ Yoast SEO Premium plugin. -->","yoast_head_json":{"title":"Szablon strony docelowej \u017cywno\u015bci | Themeholt","description":"\u0141atwo stw\u00f3rz witryn\u0119 internetow\u0105 z naszym szablonem strony docelowej dla \u017cywno\u015bci. Pi\u0119knie zaprezentuj swoje dania. Dostosowywalny i responsywny projekt dla Twojej firmy spo\u017cywczej.","robots":{"index":"index","follow":"follow","max-snippet":"max-snippet:-1","max-image-preview":"max-image-preview:large","max-video-preview":"max-video-preview:-1"},"canonical":"https:\/\/themeholt.com\/pl\/product\/foodera-szablon-strony-docelowej-unbounce-food\/","og_locale":"pl_PL","og_type":"article","og_title":"Foodera \u2014 szablon strony docelowej Unbounce Food","og_description":"\u0141atwo stw\u00f3rz witryn\u0119 internetow\u0105 z naszym szablonem strony docelowej dla \u017cywno\u015bci. Pi\u0119knie zaprezentuj swoje dania. Dostosowywalny i responsywny projekt dla Twojej firmy spo\u017cywczej.","og_url":"https:\/\/themeholt.com\/pl\/product\/foodera-szablon-strony-docelowej-unbounce-food\/","og_site_name":"ThemeHolt","article_publisher":"https:\/\/www.facebook.com\/themeholtT","article_modified_time":"2024-10-25T05:41:10+00:00","og_image":[{"width":1365,"height":851,"url":"https:\/\/themeholt.com\/wp-content\/uploads\/2024\/04\/unbouncepages-com-foodera-storefront-envato-elements.png","type":"image\/png"}],"twitter_card":"summary_large_image","twitter_site":"@ThemeholtT","twitter_misc":{"Szacowany czas czytania":"1 minuta"},"schema":{"@context":"https:\/\/schema.org","@graph":[{"@type":"WebPage","@id":"https:\/\/themeholt.com\/pl\/product\/foodera-szablon-strony-docelowej-unbounce-food\/","url":"https:\/\/themeholt.com\/pl\/product\/foodera-szablon-strony-docelowej-unbounce-food\/","name":"Szablon strony docelowej \u017cywno\u015bci | Themeholt","isPartOf":{"@id":"https:\/\/themeholt.com\/#website"},"primaryImageOfPage":{"@id":"https:\/\/themeholt.com\/pl\/product\/foodera-szablon-strony-docelowej-unbounce-food\/#primaryimage"},"image":{"@id":"https:\/\/themeholt.com\/pl\/product\/foodera-szablon-strony-docelowej-unbounce-food\/#primaryimage"},"thumbnailUrl":"https:\/\/themeholt.com\/wp-content\/uploads\/2024\/04\/unbouncepages-com-foodera-storefront-envato-elements.png","datePublished":"2024-04-01T05:13:35+00:00","dateModified":"2024-10-25T05:41:10+00:00","description":"\u0141atwo stw\u00f3rz witryn\u0119 internetow\u0105 z naszym szablonem strony docelowej dla \u017cywno\u015bci. Pi\u0119knie zaprezentuj swoje dania. Dostosowywalny i responsywny projekt dla Twojej firmy spo\u017cywczej.","breadcrumb":{"@id":"https:\/\/themeholt.com\/pl\/product\/foodera-szablon-strony-docelowej-unbounce-food\/#breadcrumb"},"inLanguage":"pl-PL","potentialAction":[{"@type":"ReadAction","target":["https:\/\/themeholt.com\/pl\/product\/foodera-szablon-strony-docelowej-unbounce-food\/"]}]},{"@type":"ImageObject","inLanguage":"pl-PL","@id":"https:\/\/themeholt.com\/pl\/product\/foodera-szablon-strony-docelowej-unbounce-food\/#primaryimage","url":"https:\/\/themeholt.com\/wp-content\/uploads\/2024\/04\/unbouncepages-com-foodera-storefront-envato-elements.png","contentUrl":"https:\/\/themeholt.com\/wp-content\/uploads\/2024\/04\/unbouncepages-com-foodera-storefront-envato-elements.png","width":1365,"height":851},{"@type":"BreadcrumbList","@id":"https:\/\/themeholt.com\/pl\/product\/foodera-szablon-strony-docelowej-unbounce-food\/#breadcrumb","itemListElement":[{"@type":"ListItem","position":1,"name":"Home","item":"https:\/\/themeholt.com\/pl\/"},{"@type":"ListItem","position":2,"name":"Shop","item":"https:\/\/themeholt.com\/shop\/"},{"@type":"ListItem","position":3,"name":"Foodera \u2014 szablon strony docelowej Unbounce Food"}]},{"@type":"WebSite","@id":"https:\/\/themeholt.com\/#website","url":"https:\/\/themeholt.com\/","name":"ThemeHolt","description":"Themeholt is a website that offers high-quality WordPress themes","publisher":{"@id":"https:\/\/themeholt.com\/#organization"},"potentialAction":[{"@type":"SearchAction","target":{"@type":"EntryPoint","urlTemplate":"https:\/\/themeholt.com\/?s={search_term_string}"},"query-input":{"@type":"PropertyValueSpecification","valueRequired":true,"valueName":"search_term_string"}}],"inLanguage":"pl-PL"},{"@type":"Organization","@id":"https:\/\/themeholt.com\/#organization","name":"ThemeHolt","alternateName":"ThemeHolt","url":"https:\/\/themeholt.com\/","logo":{"@type":"ImageObject","inLanguage":"pl-PL","@id":"https:\/\/themeholt.com\/#\/schema\/logo\/image\/","url":"https:\/\/themeholt.com\/wp-content\/uploads\/2024\/10\/themeholt.png","contentUrl":"https:\/\/themeholt.com\/wp-content\/uploads\/2024\/10\/themeholt.png","width":225,"height":225,"caption":"ThemeHolt"},"image":{"@id":"https:\/\/themeholt.com\/#\/schema\/logo\/image\/"},"sameAs":["https:\/\/www.facebook.com\/themeholtT","https:\/\/x.com\/ThemeholtT","https:\/\/www.linkedin.com\/company\/themeholt","https:\/\/www.instagram.com\/themeholtt\/"],"description":"Themeholt is a website that offers high-quality WordPress themes that are easy to use and ready for just about everything. In Eindhoven, Netherlands, since 2020 offering simple, accessible WordPress themes by providing a variety of requirements. Themeholt focuses on practicality and efficiency, allowing faster project completion with its superior marketplace and easy-to-use templates.","legalName":"ThemeHolt","foundingDate":"2022-11-10","numberOfEmployees":{"@type":"QuantitativeValue","minValue":"51","maxValue":"200"}}]}},"_links":{"self":[{"href":"https:\/\/themeholt.com\/pl\/wp-json\/wp\/v2\/product\/15128","targetHints":{"allow":["GET"]}}],"collection":[{"href":"https:\/\/themeholt.com\/pl\/wp-json\/wp\/v2\/product"}],"about":[{"href":"https:\/\/themeholt.com\/pl\/wp-json\/wp\/v2\/types\/product"}],"wp:featuredmedia":[{"embeddable":true,"href":"https:\/\/themeholt.com\/pl\/wp-json\/wp\/v2\/media\/15130"}],"wp:attachment":[{"href":"https:\/\/themeholt.com\/pl\/wp-json\/wp\/v2\/media?parent=15128"}],"wp:term":[{"taxonomy":"product_brand","embeddable":true,"href":"https:\/\/themeholt.com\/pl\/wp-json\/wp\/v2\/product_brand?post=15128"},{"taxonomy":"product_cat","embeddable":true,"href":"https:\/\/themeholt.com\/pl\/wp-json\/wp\/v2\/product_cat?post=15128"},{"taxonomy":"product_tag","embeddable":true,"href":"https:\/\/themeholt.com\/pl\/wp-json\/wp\/v2\/product_tag?post=15128"}],"curies":[{"name":"wp","href":"https:\/\/api.w.org\/{rel}","templated":true}]}}