{"id":15301,"date":"2023-10-11T08:13:18","date_gmt":"2023-10-11T08:13:18","guid":{"rendered":"https:\/\/themeholt.com\/product\/gocorps-corporate-business-service\/"},"modified":"2024-10-25T07:29:19","modified_gmt":"2024-10-25T07:29:19","slug":"gocorps-uslugi-korporacyjne","status":"publish","type":"product","link":"https:\/\/themeholt.com\/pl\/product\/gocorps-uslugi-korporacyjne\/","title":{"rendered":"Gocorps Us\u0142ugi korporacyjne"},"content":{"rendered":"<p>GoCorps WordPress Corporate Business Service to najlepsze rozwi\u0105zanie dla organizacji, kt\u00f3re chc\u0105 podnie\u015b\u0107 swoj\u0105 obecno\u015b\u0107 w sieci korporacyjnej i zoptymalizowa\u0107 procesy biznesowe. Zaprojektowana dla nowoczesnego krajobrazu korporacyjnego, ta us\u0142uga jest kompleksow\u0105, przyjazn\u0105 dla u\u017cytkownika i wszechstronn\u0105 platform\u0105, kt\u00f3ra umo\u017cliwia firmom osi\u0105gni\u0119cie doskona\u0142o\u015bci.<\/p>\n<p>Sercem GoCorps jest zaanga\u017cowanie w bezproblemowe dzia\u0142anie. Oferuje szereg funkcji zaprojektowanych w celu usprawnienia r\u00f3\u017cnych aspekt\u00f3w zarz\u0105dzania korporacyjnego, od \u015bledzenia finans\u00f3w i zarz\u0105dzania zasobami ludzkimi po koordynacj\u0119 projekt\u00f3w i zada\u0144. Przyjazny dla u\u017cytkownika interfejs zapewnia, \u017ce \u200b\u200bfirmy mog\u0105 skutecznie zarz\u0105dza\u0107 swoimi codziennymi operacjami, jednocze\u015bnie redukuj\u0105c z\u0142o\u017cono\u015b\u0107.<\/p>\n","protected":false},"excerpt":{"rendered":"<ul>\n<li>Przejrzysty projekt<\/li>\n<li>Profesjonalny wygl\u0105d<\/li>\n<li>Responsywny uk\u0142ad<\/li>\n<li>Zoptymalizowany pod k\u0105tem SEO<\/li>\n<li>W pe\u0142ni konfigurowalny motyw<\/li>\n<li>Kreator stron Elementor<\/li>\n<li>Gotowy na WooCommerce<\/li>\n<li>Bezpiecze\u0144stwo i zgodno\u015b\u0107<\/li>\n<\/ul>\n","protected":false},"featured_media":15302,"template":"","meta":{"_acf_changed":false,"inline_featured_image":false},"product_brand":[],"product_cat":[1295],"product_tag":[1296,1300,1301,1302],"class_list":{"0":"post-15301","1":"product","2":"type-product","3":"status-publish","4":"has-post-thumbnail","6":"product_cat-corporate-business-pl","7":"product_tag-affordable-corporate-business-pl","8":"product_tag-corporate-business-service-pl","9":"product_tag-corporate-design-pl","10":"product_tag-professional-theme-pl","12":"first","13":"instock","14":"sale","15":"downloadable","16":"taxable","17":"shipping-taxable","18":"purchasable","19":"product-type-simple"},"acf":[],"yoast_head":"<!-- This site is optimized with the Yoast SEO Premium plugin v22.1 (Yoast SEO v26.0) - https:\/\/yoast.com\/wordpress\/plugins\/seo\/ -->\n<title>GoCorps Corporate Business Service | Styl korporacyjny | Themeholt<\/title>\n<meta name=\"description\" content=\"Zmie\u0144 wizerunek swojej firmy dzi\u0119ki us\u0142udze korporacyjnej gocorps. Przenie\u015b swoj\u0105 mark\u0119 na nowe wy\u017cyny dzi\u0119ki motywom korporacyjnym od Themeholt. Kup teraz!\" \/>\n<meta name=\"robots\" content=\"index, follow, max-snippet:-1, max-image-preview:large, max-video-preview:-1\" \/>\n<link rel=\"canonical\" href=\"https:\/\/www.cyan-dolphin-864669.hostingersite.com\/pl\/product\/gocorps-uslugi-korporacyjne\/\" \/>\n<meta property=\"og:locale\" content=\"pl_PL\" \/>\n<meta property=\"og:type\" content=\"article\" \/>\n<meta property=\"og:title\" content=\"Gocorps Us\u0142ugi korporacyjne\" \/>\n<meta property=\"og:description\" content=\"Zmie\u0144 wizerunek swojej firmy dzi\u0119ki us\u0142udze korporacyjnej gocorps. Przenie\u015b swoj\u0105 mark\u0119 na nowe wy\u017cyny dzi\u0119ki motywom korporacyjnym od Themeholt. Kup teraz!\" \/>\n<meta property=\"og:url\" content=\"https:\/\/www.cyan-dolphin-864669.hostingersite.com\/pl\/product\/gocorps-uslugi-korporacyjne\/\" \/>\n<meta property=\"og:site_name\" content=\"ThemeHolt\" \/>\n<meta property=\"article:publisher\" content=\"https:\/\/www.facebook.com\/themeholtT\" \/>\n<meta property=\"article:modified_time\" content=\"2024-10-25T07:29:19+00:00\" \/>\n<meta property=\"og:image\" content=\"https:\/\/www.cyan-dolphin-864669.hostingersite.com\/wp-content\/uploads\/2023\/10\/51-1.png\" \/>\n\t<meta property=\"og:image:width\" content=\"1365\" \/>\n\t<meta property=\"og:image:height\" content=\"1092\" \/>\n\t<meta property=\"og:image:type\" content=\"image\/png\" \/>\n<meta name=\"twitter:card\" content=\"summary_large_image\" \/>\n<meta name=\"twitter:site\" content=\"@ThemeholtT\" \/>\n<meta name=\"twitter:label1\" content=\"Szacowany czas czytania\" \/>\n\t<meta name=\"twitter:data1\" content=\"1 minuta\" \/>\n<script type=\"application\/ld+json\" class=\"yoast-schema-graph\">{\"@context\":\"https:\/\/schema.org\",\"@graph\":[{\"@type\":\"WebPage\",\"@id\":\"https:\/\/www.cyan-dolphin-864669.hostingersite.com\/pl\/product\/gocorps-uslugi-korporacyjne\/\",\"url\":\"https:\/\/www.cyan-dolphin-864669.hostingersite.com\/pl\/product\/gocorps-uslugi-korporacyjne\/\",\"name\":\"GoCorps Corporate Business Service | Styl korporacyjny | Themeholt\",\"isPartOf\":{\"@id\":\"https:\/\/themeholt.com\/#website\"},\"primaryImageOfPage\":{\"@id\":\"https:\/\/www.cyan-dolphin-864669.hostingersite.com\/pl\/product\/gocorps-uslugi-korporacyjne\/#primaryimage\"},\"image\":{\"@id\":\"https:\/\/www.cyan-dolphin-864669.hostingersite.com\/pl\/product\/gocorps-uslugi-korporacyjne\/#primaryimage\"},\"thumbnailUrl\":\"https:\/\/themeholt.com\/wp-content\/uploads\/2023\/10\/51-1.png\",\"datePublished\":\"2023-10-11T08:13:18+00:00\",\"dateModified\":\"2024-10-25T07:29:19+00:00\",\"description\":\"Zmie\u0144 wizerunek swojej firmy dzi\u0119ki us\u0142udze korporacyjnej gocorps. Przenie\u015b swoj\u0105 mark\u0119 na nowe wy\u017cyny dzi\u0119ki motywom korporacyjnym od Themeholt. Kup teraz!\",\"breadcrumb\":{\"@id\":\"https:\/\/www.cyan-dolphin-864669.hostingersite.com\/pl\/product\/gocorps-uslugi-korporacyjne\/#breadcrumb\"},\"inLanguage\":\"pl-PL\",\"potentialAction\":[{\"@type\":\"ReadAction\",\"target\":[\"https:\/\/www.cyan-dolphin-864669.hostingersite.com\/pl\/product\/gocorps-uslugi-korporacyjne\/\"]}]},{\"@type\":\"ImageObject\",\"inLanguage\":\"pl-PL\",\"@id\":\"https:\/\/www.cyan-dolphin-864669.hostingersite.com\/pl\/product\/gocorps-uslugi-korporacyjne\/#primaryimage\",\"url\":\"https:\/\/themeholt.com\/wp-content\/uploads\/2023\/10\/51-1.png\",\"contentUrl\":\"https:\/\/themeholt.com\/wp-content\/uploads\/2023\/10\/51-1.png\",\"width\":1365,\"height\":1092},{\"@type\":\"BreadcrumbList\",\"@id\":\"https:\/\/www.cyan-dolphin-864669.hostingersite.com\/pl\/product\/gocorps-uslugi-korporacyjne\/#breadcrumb\",\"itemListElement\":[{\"@type\":\"ListItem\",\"position\":1,\"name\":\"Home\",\"item\":\"https:\/\/themeholt.com\/pl\/\"},{\"@type\":\"ListItem\",\"position\":2,\"name\":\"Shop\",\"item\":\"https:\/\/themeholt.com\/shop\/\"},{\"@type\":\"ListItem\",\"position\":3,\"name\":\"Gocorps Us\u0142ugi korporacyjne\"}]},{\"@type\":\"WebSite\",\"@id\":\"https:\/\/themeholt.com\/#website\",\"url\":\"https:\/\/themeholt.com\/\",\"name\":\"ThemeHolt\",\"description\":\"Themeholt is a website that offers high-quality WordPress themes\",\"publisher\":{\"@id\":\"https:\/\/themeholt.com\/#organization\"},\"potentialAction\":[{\"@type\":\"SearchAction\",\"target\":{\"@type\":\"EntryPoint\",\"urlTemplate\":\"https:\/\/themeholt.com\/?s={search_term_string}\"},\"query-input\":{\"@type\":\"PropertyValueSpecification\",\"valueRequired\":true,\"valueName\":\"search_term_string\"}}],\"inLanguage\":\"pl-PL\"},{\"@type\":\"Organization\",\"@id\":\"https:\/\/themeholt.com\/#organization\",\"name\":\"ThemeHolt\",\"alternateName\":\"ThemeHolt\",\"url\":\"https:\/\/themeholt.com\/\",\"logo\":{\"@type\":\"ImageObject\",\"inLanguage\":\"pl-PL\",\"@id\":\"https:\/\/themeholt.com\/#\/schema\/logo\/image\/\",\"url\":\"https:\/\/themeholt.com\/wp-content\/uploads\/2024\/10\/themeholt.png\",\"contentUrl\":\"https:\/\/themeholt.com\/wp-content\/uploads\/2024\/10\/themeholt.png\",\"width\":225,\"height\":225,\"caption\":\"ThemeHolt\"},\"image\":{\"@id\":\"https:\/\/themeholt.com\/#\/schema\/logo\/image\/\"},\"sameAs\":[\"https:\/\/www.facebook.com\/themeholtT\",\"https:\/\/x.com\/ThemeholtT\",\"https:\/\/www.linkedin.com\/company\/themeholt\",\"https:\/\/www.instagram.com\/themeholtt\/\"],\"description\":\"Themeholt is a website that offers high-quality WordPress themes that are easy to use and ready for just about everything. In Eindhoven, Netherlands, since 2020 offering simple, accessible WordPress themes by providing a variety of requirements. Themeholt focuses on practicality and efficiency, allowing faster project completion with its superior marketplace and easy-to-use templates.\",\"legalName\":\"ThemeHolt\",\"foundingDate\":\"2022-11-10\",\"numberOfEmployees\":{\"@type\":\"QuantitativeValue\",\"minValue\":\"51\",\"maxValue\":\"200\"}}]}<\/script>\n<!-- \/ Yoast SEO Premium plugin. -->","yoast_head_json":{"title":"GoCorps Corporate Business Service | Styl korporacyjny | Themeholt","description":"Zmie\u0144 wizerunek swojej firmy dzi\u0119ki us\u0142udze korporacyjnej gocorps. Przenie\u015b swoj\u0105 mark\u0119 na nowe wy\u017cyny dzi\u0119ki motywom korporacyjnym od Themeholt. Kup teraz!","robots":{"index":"index","follow":"follow","max-snippet":"max-snippet:-1","max-image-preview":"max-image-preview:large","max-video-preview":"max-video-preview:-1"},"canonical":"https:\/\/www.cyan-dolphin-864669.hostingersite.com\/pl\/product\/gocorps-uslugi-korporacyjne\/","og_locale":"pl_PL","og_type":"article","og_title":"Gocorps Us\u0142ugi korporacyjne","og_description":"Zmie\u0144 wizerunek swojej firmy dzi\u0119ki us\u0142udze korporacyjnej gocorps. Przenie\u015b swoj\u0105 mark\u0119 na nowe wy\u017cyny dzi\u0119ki motywom korporacyjnym od Themeholt. Kup teraz!","og_url":"https:\/\/www.cyan-dolphin-864669.hostingersite.com\/pl\/product\/gocorps-uslugi-korporacyjne\/","og_site_name":"ThemeHolt","article_publisher":"https:\/\/www.facebook.com\/themeholtT","article_modified_time":"2024-10-25T07:29:19+00:00","og_image":[{"width":1365,"height":1092,"url":"https:\/\/www.cyan-dolphin-864669.hostingersite.com\/wp-content\/uploads\/2023\/10\/51-1.png","type":"image\/png"}],"twitter_card":"summary_large_image","twitter_site":"@ThemeholtT","twitter_misc":{"Szacowany czas czytania":"1 minuta"},"schema":{"@context":"https:\/\/schema.org","@graph":[{"@type":"WebPage","@id":"https:\/\/www.cyan-dolphin-864669.hostingersite.com\/pl\/product\/gocorps-uslugi-korporacyjne\/","url":"https:\/\/www.cyan-dolphin-864669.hostingersite.com\/pl\/product\/gocorps-uslugi-korporacyjne\/","name":"GoCorps Corporate Business Service | Styl korporacyjny | Themeholt","isPartOf":{"@id":"https:\/\/themeholt.com\/#website"},"primaryImageOfPage":{"@id":"https:\/\/www.cyan-dolphin-864669.hostingersite.com\/pl\/product\/gocorps-uslugi-korporacyjne\/#primaryimage"},"image":{"@id":"https:\/\/www.cyan-dolphin-864669.hostingersite.com\/pl\/product\/gocorps-uslugi-korporacyjne\/#primaryimage"},"thumbnailUrl":"https:\/\/themeholt.com\/wp-content\/uploads\/2023\/10\/51-1.png","datePublished":"2023-10-11T08:13:18+00:00","dateModified":"2024-10-25T07:29:19+00:00","description":"Zmie\u0144 wizerunek swojej firmy dzi\u0119ki us\u0142udze korporacyjnej gocorps. Przenie\u015b swoj\u0105 mark\u0119 na nowe wy\u017cyny dzi\u0119ki motywom korporacyjnym od Themeholt. Kup teraz!","breadcrumb":{"@id":"https:\/\/www.cyan-dolphin-864669.hostingersite.com\/pl\/product\/gocorps-uslugi-korporacyjne\/#breadcrumb"},"inLanguage":"pl-PL","potentialAction":[{"@type":"ReadAction","target":["https:\/\/www.cyan-dolphin-864669.hostingersite.com\/pl\/product\/gocorps-uslugi-korporacyjne\/"]}]},{"@type":"ImageObject","inLanguage":"pl-PL","@id":"https:\/\/www.cyan-dolphin-864669.hostingersite.com\/pl\/product\/gocorps-uslugi-korporacyjne\/#primaryimage","url":"https:\/\/themeholt.com\/wp-content\/uploads\/2023\/10\/51-1.png","contentUrl":"https:\/\/themeholt.com\/wp-content\/uploads\/2023\/10\/51-1.png","width":1365,"height":1092},{"@type":"BreadcrumbList","@id":"https:\/\/www.cyan-dolphin-864669.hostingersite.com\/pl\/product\/gocorps-uslugi-korporacyjne\/#breadcrumb","itemListElement":[{"@type":"ListItem","position":1,"name":"Home","item":"https:\/\/themeholt.com\/pl\/"},{"@type":"ListItem","position":2,"name":"Shop","item":"https:\/\/themeholt.com\/shop\/"},{"@type":"ListItem","position":3,"name":"Gocorps Us\u0142ugi korporacyjne"}]},{"@type":"WebSite","@id":"https:\/\/themeholt.com\/#website","url":"https:\/\/themeholt.com\/","name":"ThemeHolt","description":"Themeholt is a website that offers high-quality WordPress themes","publisher":{"@id":"https:\/\/themeholt.com\/#organization"},"potentialAction":[{"@type":"SearchAction","target":{"@type":"EntryPoint","urlTemplate":"https:\/\/themeholt.com\/?s={search_term_string}"},"query-input":{"@type":"PropertyValueSpecification","valueRequired":true,"valueName":"search_term_string"}}],"inLanguage":"pl-PL"},{"@type":"Organization","@id":"https:\/\/themeholt.com\/#organization","name":"ThemeHolt","alternateName":"ThemeHolt","url":"https:\/\/themeholt.com\/","logo":{"@type":"ImageObject","inLanguage":"pl-PL","@id":"https:\/\/themeholt.com\/#\/schema\/logo\/image\/","url":"https:\/\/themeholt.com\/wp-content\/uploads\/2024\/10\/themeholt.png","contentUrl":"https:\/\/themeholt.com\/wp-content\/uploads\/2024\/10\/themeholt.png","width":225,"height":225,"caption":"ThemeHolt"},"image":{"@id":"https:\/\/themeholt.com\/#\/schema\/logo\/image\/"},"sameAs":["https:\/\/www.facebook.com\/themeholtT","https:\/\/x.com\/ThemeholtT","https:\/\/www.linkedin.com\/company\/themeholt","https:\/\/www.instagram.com\/themeholtt\/"],"description":"Themeholt is a website that offers high-quality WordPress themes that are easy to use and ready for just about everything. In Eindhoven, Netherlands, since 2020 offering simple, accessible WordPress themes by providing a variety of requirements. Themeholt focuses on practicality and efficiency, allowing faster project completion with its superior marketplace and easy-to-use templates.","legalName":"ThemeHolt","foundingDate":"2022-11-10","numberOfEmployees":{"@type":"QuantitativeValue","minValue":"51","maxValue":"200"}}]}},"_links":{"self":[{"href":"https:\/\/themeholt.com\/pl\/wp-json\/wp\/v2\/product\/15301","targetHints":{"allow":["GET"]}}],"collection":[{"href":"https:\/\/themeholt.com\/pl\/wp-json\/wp\/v2\/product"}],"about":[{"href":"https:\/\/themeholt.com\/pl\/wp-json\/wp\/v2\/types\/product"}],"wp:featuredmedia":[{"embeddable":true,"href":"https:\/\/themeholt.com\/pl\/wp-json\/wp\/v2\/media\/15302"}],"wp:attachment":[{"href":"https:\/\/themeholt.com\/pl\/wp-json\/wp\/v2\/media?parent=15301"}],"wp:term":[{"taxonomy":"product_brand","embeddable":true,"href":"https:\/\/themeholt.com\/pl\/wp-json\/wp\/v2\/product_brand?post=15301"},{"taxonomy":"product_cat","embeddable":true,"href":"https:\/\/themeholt.com\/pl\/wp-json\/wp\/v2\/product_cat?post=15301"},{"taxonomy":"product_tag","embeddable":true,"href":"https:\/\/themeholt.com\/pl\/wp-json\/wp\/v2\/product_tag?post=15301"}],"curies":[{"name":"wp","href":"https:\/\/api.w.org\/{rel}","templated":true}]}}