{"id":15385,"date":"2023-10-11T04:48:18","date_gmt":"2023-10-11T04:48:18","guid":{"rendered":"https:\/\/themeholt.com\/product\/financerr-business-finance\/"},"modified":"2024-10-25T08:29:08","modified_gmt":"2024-10-25T08:29:08","slug":"financerr-finanse-biznesowe","status":"publish","type":"product","link":"https:\/\/themeholt.com\/pl\/product\/financerr-finanse-biznesowe\/","title":{"rendered":"Financerr Finanse Biznesowe"},"content":{"rendered":"<p>W dynamicznym \u015bwiecie finans\u00f3w i biznesu kluczem do sukcesu jest silna obecno\u015b\u0107 online. Nasze motywy WordPress dla finans\u00f3w biznesowych zosta\u0142y zaprojektowane, aby wyposa\u017cy\u0107 instytucje finansowe, firmy ksi\u0119gowe i przedsi\u0119biorstwa w sektorze finansowym w narz\u0119dzia potrzebne do rozwoju w erze cyfrowej.<\/p>\n<p>Motywy WordPress dla finans\u00f3w biznesowych oferuj\u0105 idealne rozwi\u0105zanie do zwi\u0119kszenia Twojej obecno\u015bci online. Zr\u00f3b silne wra\u017cenie, zbuduj zaufanie i przenie\u015b sw\u00f3j biznes finansowy na nowe wy\u017cyny. Podnie\u015b swoj\u0105 stron\u0119 internetow\u0105 finansow\u0105 ju\u017c dzi\u015b i do\u015bwiadcz r\u00f3\u017cnicy w swojej obecno\u015bci cyfrowej. Zacznij teraz!<\/p>\n<h3><\/h3>\n<h3><\/h3>\n<h3><\/h3>\n<h3><\/h3>\n<h3><\/h3>\n<h3 class=\"LC20lb MBeuO DKV0Md\"><\/h3>\n","protected":false},"excerpt":{"rendered":"<ul>\n<li>Czysty projekt<\/li>\n<li>Profesjonalny wygl\u0105d<\/li>\n<li>Responsywny uk\u0142ad<\/li>\n<li>Zoptymalizowany pod k\u0105tem SEO<br \/>\nW pe\u0142ni konfigurowalny motyw<\/li>\n<li>Elementor Page Builder<\/li>\n<li>Gotowy dla WooCommerce<\/li>\n<li>Bezpiecze\u0144stwo i zgodno\u015b\u0107<\/li>\n<\/ul>\n","protected":false},"featured_media":15386,"template":"","meta":{"_acf_changed":false,"inline_featured_image":false},"product_brand":[],"product_cat":[1772],"product_tag":[1818],"class_list":{"0":"post-15385","1":"product","2":"type-product","3":"status-publish","4":"has-post-thumbnail","6":"product_cat-corporate-business-ru","7":"product_tag-business-finance-themes-ru","9":"first","10":"instock","11":"sale","12":"downloadable","13":"taxable","14":"shipping-taxable","15":"purchasable","16":"product-type-simple"},"acf":[],"yoast_head":"<!-- This site is optimized with the Yoast SEO Premium plugin v22.1 (Yoast SEO v26.0) - https:\/\/yoast.com\/wordpress\/plugins\/seo\/ -->\n<title>Motywy WordPress dla Finans\u00f3w | Motywy dla Finans\u00f3w Biznesowych<\/title>\n<meta name=\"description\" content=\"Odblokuj sukces finansowy dzi\u0119ki rozwi\u0105zaniom i motywom finansowym firmy financerr. Ulepsz swoje plany finansowe dzi\u0119ki dostosowanym narz\u0119dziom i motywom. Odkryj teraz!\" \/>\n<meta name=\"robots\" content=\"index, follow, max-snippet:-1, max-image-preview:large, max-video-preview:-1\" \/>\n<link rel=\"canonical\" href=\"https:\/\/themeholt.com\/pl\/product\/financerr-finanse-biznesowe\/\" \/>\n<meta property=\"og:locale\" content=\"pl_PL\" \/>\n<meta property=\"og:type\" content=\"article\" \/>\n<meta property=\"og:title\" content=\"Financerr Finanse Biznesowe\" \/>\n<meta property=\"og:description\" content=\"Odblokuj sukces finansowy dzi\u0119ki rozwi\u0105zaniom i motywom finansowym firmy financerr. Ulepsz swoje plany finansowe dzi\u0119ki dostosowanym narz\u0119dziom i motywom. Odkryj teraz!\" \/>\n<meta property=\"og:url\" content=\"https:\/\/themeholt.com\/pl\/product\/financerr-finanse-biznesowe\/\" \/>\n<meta property=\"og:site_name\" content=\"ThemeHolt\" \/>\n<meta property=\"article:publisher\" content=\"https:\/\/www.facebook.com\/themeholtT\" \/>\n<meta property=\"article:modified_time\" content=\"2024-10-25T08:29:08+00:00\" \/>\n<meta property=\"og:image\" content=\"https:\/\/themeholt.com\/wp-content\/uploads\/2023\/10\/346.png\" \/>\n\t<meta property=\"og:image:width\" content=\"1358\" \/>\n\t<meta property=\"og:image:height\" content=\"1118\" \/>\n\t<meta property=\"og:image:type\" content=\"image\/png\" \/>\n<meta name=\"twitter:card\" content=\"summary_large_image\" \/>\n<meta name=\"twitter:site\" content=\"@ThemeholtT\" \/>\n<meta name=\"twitter:label1\" content=\"Szacowany czas czytania\" \/>\n\t<meta name=\"twitter:data1\" content=\"1 minuta\" \/>\n<script type=\"application\/ld+json\" class=\"yoast-schema-graph\">{\"@context\":\"https:\/\/schema.org\",\"@graph\":[{\"@type\":\"WebPage\",\"@id\":\"https:\/\/themeholt.com\/pl\/product\/financerr-finanse-biznesowe\/\",\"url\":\"https:\/\/themeholt.com\/pl\/product\/financerr-finanse-biznesowe\/\",\"name\":\"Motywy WordPress dla Finans\u00f3w | Motywy dla Finans\u00f3w Biznesowych\",\"isPartOf\":{\"@id\":\"https:\/\/themeholt.com\/#website\"},\"primaryImageOfPage\":{\"@id\":\"https:\/\/themeholt.com\/pl\/product\/financerr-finanse-biznesowe\/#primaryimage\"},\"image\":{\"@id\":\"https:\/\/themeholt.com\/pl\/product\/financerr-finanse-biznesowe\/#primaryimage\"},\"thumbnailUrl\":\"https:\/\/themeholt.com\/wp-content\/uploads\/2023\/10\/346.png\",\"datePublished\":\"2023-10-11T04:48:18+00:00\",\"dateModified\":\"2024-10-25T08:29:08+00:00\",\"description\":\"Odblokuj sukces finansowy dzi\u0119ki rozwi\u0105zaniom i motywom finansowym firmy financerr. Ulepsz swoje plany finansowe dzi\u0119ki dostosowanym narz\u0119dziom i motywom. Odkryj teraz!\",\"breadcrumb\":{\"@id\":\"https:\/\/themeholt.com\/pl\/product\/financerr-finanse-biznesowe\/#breadcrumb\"},\"inLanguage\":\"pl-PL\",\"potentialAction\":[{\"@type\":\"ReadAction\",\"target\":[\"https:\/\/themeholt.com\/pl\/product\/financerr-finanse-biznesowe\/\"]}]},{\"@type\":\"ImageObject\",\"inLanguage\":\"pl-PL\",\"@id\":\"https:\/\/themeholt.com\/pl\/product\/financerr-finanse-biznesowe\/#primaryimage\",\"url\":\"https:\/\/themeholt.com\/wp-content\/uploads\/2023\/10\/346.png\",\"contentUrl\":\"https:\/\/themeholt.com\/wp-content\/uploads\/2023\/10\/346.png\",\"width\":1358,\"height\":1118},{\"@type\":\"BreadcrumbList\",\"@id\":\"https:\/\/themeholt.com\/pl\/product\/financerr-finanse-biznesowe\/#breadcrumb\",\"itemListElement\":[{\"@type\":\"ListItem\",\"position\":1,\"name\":\"Home\",\"item\":\"https:\/\/themeholt.com\/pl\/\"},{\"@type\":\"ListItem\",\"position\":2,\"name\":\"Shop\",\"item\":\"https:\/\/themeholt.com\/shop\/\"},{\"@type\":\"ListItem\",\"position\":3,\"name\":\"Financerr Finanse Biznesowe\"}]},{\"@type\":\"WebSite\",\"@id\":\"https:\/\/themeholt.com\/#website\",\"url\":\"https:\/\/themeholt.com\/\",\"name\":\"ThemeHolt\",\"description\":\"Themeholt is a website that offers high-quality WordPress themes\",\"publisher\":{\"@id\":\"https:\/\/themeholt.com\/#organization\"},\"potentialAction\":[{\"@type\":\"SearchAction\",\"target\":{\"@type\":\"EntryPoint\",\"urlTemplate\":\"https:\/\/themeholt.com\/?s={search_term_string}\"},\"query-input\":{\"@type\":\"PropertyValueSpecification\",\"valueRequired\":true,\"valueName\":\"search_term_string\"}}],\"inLanguage\":\"pl-PL\"},{\"@type\":\"Organization\",\"@id\":\"https:\/\/themeholt.com\/#organization\",\"name\":\"ThemeHolt\",\"alternateName\":\"ThemeHolt\",\"url\":\"https:\/\/themeholt.com\/\",\"logo\":{\"@type\":\"ImageObject\",\"inLanguage\":\"pl-PL\",\"@id\":\"https:\/\/themeholt.com\/#\/schema\/logo\/image\/\",\"url\":\"https:\/\/themeholt.com\/wp-content\/uploads\/2024\/10\/themeholt.png\",\"contentUrl\":\"https:\/\/themeholt.com\/wp-content\/uploads\/2024\/10\/themeholt.png\",\"width\":225,\"height\":225,\"caption\":\"ThemeHolt\"},\"image\":{\"@id\":\"https:\/\/themeholt.com\/#\/schema\/logo\/image\/\"},\"sameAs\":[\"https:\/\/www.facebook.com\/themeholtT\",\"https:\/\/x.com\/ThemeholtT\",\"https:\/\/www.linkedin.com\/company\/themeholt\",\"https:\/\/www.instagram.com\/themeholtt\/\"],\"description\":\"Themeholt is a website that offers high-quality WordPress themes that are easy to use and ready for just about everything. In Eindhoven, Netherlands, since 2020 offering simple, accessible WordPress themes by providing a variety of requirements. Themeholt focuses on practicality and efficiency, allowing faster project completion with its superior marketplace and easy-to-use templates.\",\"legalName\":\"ThemeHolt\",\"foundingDate\":\"2022-11-10\",\"numberOfEmployees\":{\"@type\":\"QuantitativeValue\",\"minValue\":\"51\",\"maxValue\":\"200\"}}]}<\/script>\n<!-- \/ Yoast SEO Premium plugin. -->","yoast_head_json":{"title":"Motywy WordPress dla Finans\u00f3w | Motywy dla Finans\u00f3w Biznesowych","description":"Odblokuj sukces finansowy dzi\u0119ki rozwi\u0105zaniom i motywom finansowym firmy financerr. Ulepsz swoje plany finansowe dzi\u0119ki dostosowanym narz\u0119dziom i motywom. Odkryj teraz!","robots":{"index":"index","follow":"follow","max-snippet":"max-snippet:-1","max-image-preview":"max-image-preview:large","max-video-preview":"max-video-preview:-1"},"canonical":"https:\/\/themeholt.com\/pl\/product\/financerr-finanse-biznesowe\/","og_locale":"pl_PL","og_type":"article","og_title":"Financerr Finanse Biznesowe","og_description":"Odblokuj sukces finansowy dzi\u0119ki rozwi\u0105zaniom i motywom finansowym firmy financerr. Ulepsz swoje plany finansowe dzi\u0119ki dostosowanym narz\u0119dziom i motywom. Odkryj teraz!","og_url":"https:\/\/themeholt.com\/pl\/product\/financerr-finanse-biznesowe\/","og_site_name":"ThemeHolt","article_publisher":"https:\/\/www.facebook.com\/themeholtT","article_modified_time":"2024-10-25T08:29:08+00:00","og_image":[{"width":1358,"height":1118,"url":"https:\/\/themeholt.com\/wp-content\/uploads\/2023\/10\/346.png","type":"image\/png"}],"twitter_card":"summary_large_image","twitter_site":"@ThemeholtT","twitter_misc":{"Szacowany czas czytania":"1 minuta"},"schema":{"@context":"https:\/\/schema.org","@graph":[{"@type":"WebPage","@id":"https:\/\/themeholt.com\/pl\/product\/financerr-finanse-biznesowe\/","url":"https:\/\/themeholt.com\/pl\/product\/financerr-finanse-biznesowe\/","name":"Motywy WordPress dla Finans\u00f3w | Motywy dla Finans\u00f3w Biznesowych","isPartOf":{"@id":"https:\/\/themeholt.com\/#website"},"primaryImageOfPage":{"@id":"https:\/\/themeholt.com\/pl\/product\/financerr-finanse-biznesowe\/#primaryimage"},"image":{"@id":"https:\/\/themeholt.com\/pl\/product\/financerr-finanse-biznesowe\/#primaryimage"},"thumbnailUrl":"https:\/\/themeholt.com\/wp-content\/uploads\/2023\/10\/346.png","datePublished":"2023-10-11T04:48:18+00:00","dateModified":"2024-10-25T08:29:08+00:00","description":"Odblokuj sukces finansowy dzi\u0119ki rozwi\u0105zaniom i motywom finansowym firmy financerr. Ulepsz swoje plany finansowe dzi\u0119ki dostosowanym narz\u0119dziom i motywom. Odkryj teraz!","breadcrumb":{"@id":"https:\/\/themeholt.com\/pl\/product\/financerr-finanse-biznesowe\/#breadcrumb"},"inLanguage":"pl-PL","potentialAction":[{"@type":"ReadAction","target":["https:\/\/themeholt.com\/pl\/product\/financerr-finanse-biznesowe\/"]}]},{"@type":"ImageObject","inLanguage":"pl-PL","@id":"https:\/\/themeholt.com\/pl\/product\/financerr-finanse-biznesowe\/#primaryimage","url":"https:\/\/themeholt.com\/wp-content\/uploads\/2023\/10\/346.png","contentUrl":"https:\/\/themeholt.com\/wp-content\/uploads\/2023\/10\/346.png","width":1358,"height":1118},{"@type":"BreadcrumbList","@id":"https:\/\/themeholt.com\/pl\/product\/financerr-finanse-biznesowe\/#breadcrumb","itemListElement":[{"@type":"ListItem","position":1,"name":"Home","item":"https:\/\/themeholt.com\/pl\/"},{"@type":"ListItem","position":2,"name":"Shop","item":"https:\/\/themeholt.com\/shop\/"},{"@type":"ListItem","position":3,"name":"Financerr Finanse Biznesowe"}]},{"@type":"WebSite","@id":"https:\/\/themeholt.com\/#website","url":"https:\/\/themeholt.com\/","name":"ThemeHolt","description":"Themeholt is a website that offers high-quality WordPress themes","publisher":{"@id":"https:\/\/themeholt.com\/#organization"},"potentialAction":[{"@type":"SearchAction","target":{"@type":"EntryPoint","urlTemplate":"https:\/\/themeholt.com\/?s={search_term_string}"},"query-input":{"@type":"PropertyValueSpecification","valueRequired":true,"valueName":"search_term_string"}}],"inLanguage":"pl-PL"},{"@type":"Organization","@id":"https:\/\/themeholt.com\/#organization","name":"ThemeHolt","alternateName":"ThemeHolt","url":"https:\/\/themeholt.com\/","logo":{"@type":"ImageObject","inLanguage":"pl-PL","@id":"https:\/\/themeholt.com\/#\/schema\/logo\/image\/","url":"https:\/\/themeholt.com\/wp-content\/uploads\/2024\/10\/themeholt.png","contentUrl":"https:\/\/themeholt.com\/wp-content\/uploads\/2024\/10\/themeholt.png","width":225,"height":225,"caption":"ThemeHolt"},"image":{"@id":"https:\/\/themeholt.com\/#\/schema\/logo\/image\/"},"sameAs":["https:\/\/www.facebook.com\/themeholtT","https:\/\/x.com\/ThemeholtT","https:\/\/www.linkedin.com\/company\/themeholt","https:\/\/www.instagram.com\/themeholtt\/"],"description":"Themeholt is a website that offers high-quality WordPress themes that are easy to use and ready for just about everything. In Eindhoven, Netherlands, since 2020 offering simple, accessible WordPress themes by providing a variety of requirements. Themeholt focuses on practicality and efficiency, allowing faster project completion with its superior marketplace and easy-to-use templates.","legalName":"ThemeHolt","foundingDate":"2022-11-10","numberOfEmployees":{"@type":"QuantitativeValue","minValue":"51","maxValue":"200"}}]}},"_links":{"self":[{"href":"https:\/\/themeholt.com\/pl\/wp-json\/wp\/v2\/product\/15385","targetHints":{"allow":["GET"]}}],"collection":[{"href":"https:\/\/themeholt.com\/pl\/wp-json\/wp\/v2\/product"}],"about":[{"href":"https:\/\/themeholt.com\/pl\/wp-json\/wp\/v2\/types\/product"}],"wp:featuredmedia":[{"embeddable":true,"href":"https:\/\/themeholt.com\/pl\/wp-json\/wp\/v2\/media\/15386"}],"wp:attachment":[{"href":"https:\/\/themeholt.com\/pl\/wp-json\/wp\/v2\/media?parent=15385"}],"wp:term":[{"taxonomy":"product_brand","embeddable":true,"href":"https:\/\/themeholt.com\/pl\/wp-json\/wp\/v2\/product_brand?post=15385"},{"taxonomy":"product_cat","embeddable":true,"href":"https:\/\/themeholt.com\/pl\/wp-json\/wp\/v2\/product_cat?post=15385"},{"taxonomy":"product_tag","embeddable":true,"href":"https:\/\/themeholt.com\/pl\/wp-json\/wp\/v2\/product_tag?post=15385"}],"curies":[{"name":"wp","href":"https:\/\/api.w.org\/{rel}","templated":true}]}}