{"id":15396,"date":"2023-10-11T04:37:46","date_gmt":"2023-10-11T04:37:46","guid":{"rendered":"https:\/\/themeholt.com\/product\/virtable-virtual-assistant-business\/"},"modified":"2024-10-25T08:34:05","modified_gmt":"2024-10-25T08:34:05","slug":"wirtualny-asystent-biznesowy-virtable","status":"publish","type":"product","link":"https:\/\/themeholt.com\/pl\/product\/wirtualny-asystent-biznesowy-virtable\/","title":{"rendered":"Wirtualny Asystent Biznesowy Virtable"},"content":{"rendered":"<p>Przenie\u015b sw\u00f3j wirtualny biznes asystenta na nowe wy\u017cyny dzi\u0119ki naszemu motywowi Virtual Assistant Business. Ten specjalnie zaprojektowany motyw WordPress jest kluczem do zaprezentowania swojej wiedzy, nawi\u0105zania kontaktu z klientami i usprawnienia us\u0142ug dzi\u0119ki profesjonalnej obecno\u015bci online.<\/p>\n<p>Niezale\u017cnie od tego, czy jeste\u015b do\u015bwiadczonym wirtualnym asystentem, czy dopiero rozpoczynasz swoj\u0105 przygod\u0119 jako freelancer, motyw Virtual Assistant Business jest Twoj\u0105 bram\u0105 do pot\u0119\u017cnej obecno\u015bci online. Buduj zaufanie, prezentuj swoje umiej\u0119tno\u015bci i przyci\u0105gaj klient\u00f3w poszukuj\u0105cych niezawodnego wirtualnego asystenta. Przenie\u015b sw\u00f3j wirtualny biznes asystenta ju\u017c dzi\u015b i obserwuj, jak Twoja kariera wznosi si\u0119 na nowe wy\u017cyny. Zacznij ju\u017c teraz, aby do\u015bwiadczy\u0107 transformacji w swojej obecno\u015bci cyfrowej.<\/p>\n<h3 class=\"LC20lb MBeuO DKV0Md\"><\/h3>\n","protected":false},"excerpt":{"rendered":"<ul>\n<li>Przejrzysty projekt<\/li>\n<li>Profesjonalny wygl\u0105d<\/li>\n<li>Responsywny uk\u0142ad<\/li>\n<li>Zoptymalizowany pod k\u0105tem SEO<\/li>\n<li>W pe\u0142ni konfigurowalny motyw<\/li>\n<li>Kreator stron Elementor<\/li>\n<li>Gotowy na WooCommerce<\/li>\n<li>Bezpiecze\u0144stwo i zgodno\u015b\u0107<\/li>\n<\/ul>\n","protected":false},"featured_media":15397,"template":"","meta":{"_acf_changed":false,"inline_featured_image":false},"product_brand":[],"product_cat":[1772],"product_tag":[1833],"class_list":{"0":"post-15396","1":"product","2":"type-product","3":"status-publish","4":"has-post-thumbnail","6":"product_cat-corporate-business-ru","7":"product_tag-virtual-assistant-business-ru","9":"first","10":"instock","11":"sale","12":"downloadable","13":"taxable","14":"shipping-taxable","15":"purchasable","16":"product-type-simple"},"acf":[],"yoast_head":"<!-- This site is optimized with the Yoast SEO Premium plugin v22.1 (Yoast SEO v26.0) - https:\/\/yoast.com\/wordpress\/plugins\/seo\/ -->\n<title>Virtable Wirtualny Asystent Biznesowy | Biznes Korporacyjny<\/title>\n<meta name=\"description\" content=\"Podnie\u015b poziom swojego biznesu dzi\u0119ki wirtualnemu asystentowi biznesowemu i przyst\u0119pnym cenowo motywom WordPress. Zwi\u0119ksz produktywno\u015b\u0107 dzi\u0119ki naszym niezawodnym rozwi\u0105zaniom korporacyjnym.\" \/>\n<meta name=\"robots\" content=\"index, follow, max-snippet:-1, max-image-preview:large, max-video-preview:-1\" \/>\n<link rel=\"canonical\" href=\"https:\/\/themeholt.com\/pl\/product\/wirtualny-asystent-biznesowy-virtable\/\" \/>\n<meta property=\"og:locale\" content=\"pl_PL\" \/>\n<meta property=\"og:type\" content=\"article\" \/>\n<meta property=\"og:title\" content=\"Wirtualny Asystent Biznesowy Virtable\" \/>\n<meta property=\"og:description\" content=\"Podnie\u015b poziom swojego biznesu dzi\u0119ki wirtualnemu asystentowi biznesowemu i przyst\u0119pnym cenowo motywom WordPress. Zwi\u0119ksz produktywno\u015b\u0107 dzi\u0119ki naszym niezawodnym rozwi\u0105zaniom korporacyjnym.\" \/>\n<meta property=\"og:url\" content=\"https:\/\/themeholt.com\/pl\/product\/wirtualny-asystent-biznesowy-virtable\/\" \/>\n<meta property=\"og:site_name\" content=\"ThemeHolt\" \/>\n<meta property=\"article:publisher\" content=\"https:\/\/www.facebook.com\/themeholtT\" \/>\n<meta property=\"article:modified_time\" content=\"2024-10-25T08:34:05+00:00\" \/>\n<meta property=\"og:image\" content=\"https:\/\/themeholt.com\/wp-content\/uploads\/2023\/10\/341.png\" \/>\n\t<meta property=\"og:image:width\" content=\"1295\" \/>\n\t<meta property=\"og:image:height\" content=\"1066\" \/>\n\t<meta property=\"og:image:type\" content=\"image\/png\" \/>\n<meta name=\"twitter:card\" content=\"summary_large_image\" \/>\n<meta name=\"twitter:site\" content=\"@ThemeholtT\" \/>\n<meta name=\"twitter:label1\" content=\"Szacowany czas czytania\" \/>\n\t<meta name=\"twitter:data1\" content=\"1 minuta\" \/>\n<script type=\"application\/ld+json\" class=\"yoast-schema-graph\">{\"@context\":\"https:\/\/schema.org\",\"@graph\":[{\"@type\":\"WebPage\",\"@id\":\"https:\/\/themeholt.com\/pl\/product\/wirtualny-asystent-biznesowy-virtable\/\",\"url\":\"https:\/\/themeholt.com\/pl\/product\/wirtualny-asystent-biznesowy-virtable\/\",\"name\":\"Virtable Wirtualny Asystent Biznesowy | Biznes Korporacyjny\",\"isPartOf\":{\"@id\":\"https:\/\/themeholt.com\/#website\"},\"primaryImageOfPage\":{\"@id\":\"https:\/\/themeholt.com\/pl\/product\/wirtualny-asystent-biznesowy-virtable\/#primaryimage\"},\"image\":{\"@id\":\"https:\/\/themeholt.com\/pl\/product\/wirtualny-asystent-biznesowy-virtable\/#primaryimage\"},\"thumbnailUrl\":\"https:\/\/themeholt.com\/wp-content\/uploads\/2023\/10\/341.png\",\"datePublished\":\"2023-10-11T04:37:46+00:00\",\"dateModified\":\"2024-10-25T08:34:05+00:00\",\"description\":\"Podnie\u015b poziom swojego biznesu dzi\u0119ki wirtualnemu asystentowi biznesowemu i przyst\u0119pnym cenowo motywom WordPress. Zwi\u0119ksz produktywno\u015b\u0107 dzi\u0119ki naszym niezawodnym rozwi\u0105zaniom korporacyjnym.\",\"breadcrumb\":{\"@id\":\"https:\/\/themeholt.com\/pl\/product\/wirtualny-asystent-biznesowy-virtable\/#breadcrumb\"},\"inLanguage\":\"pl-PL\",\"potentialAction\":[{\"@type\":\"ReadAction\",\"target\":[\"https:\/\/themeholt.com\/pl\/product\/wirtualny-asystent-biznesowy-virtable\/\"]}]},{\"@type\":\"ImageObject\",\"inLanguage\":\"pl-PL\",\"@id\":\"https:\/\/themeholt.com\/pl\/product\/wirtualny-asystent-biznesowy-virtable\/#primaryimage\",\"url\":\"https:\/\/themeholt.com\/wp-content\/uploads\/2023\/10\/341.png\",\"contentUrl\":\"https:\/\/themeholt.com\/wp-content\/uploads\/2023\/10\/341.png\",\"width\":1295,\"height\":1066},{\"@type\":\"BreadcrumbList\",\"@id\":\"https:\/\/themeholt.com\/pl\/product\/wirtualny-asystent-biznesowy-virtable\/#breadcrumb\",\"itemListElement\":[{\"@type\":\"ListItem\",\"position\":1,\"name\":\"Home\",\"item\":\"https:\/\/themeholt.com\/pl\/\"},{\"@type\":\"ListItem\",\"position\":2,\"name\":\"Shop\",\"item\":\"https:\/\/themeholt.com\/shop\/\"},{\"@type\":\"ListItem\",\"position\":3,\"name\":\"Wirtualny Asystent Biznesowy Virtable\"}]},{\"@type\":\"WebSite\",\"@id\":\"https:\/\/themeholt.com\/#website\",\"url\":\"https:\/\/themeholt.com\/\",\"name\":\"ThemeHolt\",\"description\":\"Themeholt is a website that offers high-quality WordPress themes\",\"publisher\":{\"@id\":\"https:\/\/themeholt.com\/#organization\"},\"potentialAction\":[{\"@type\":\"SearchAction\",\"target\":{\"@type\":\"EntryPoint\",\"urlTemplate\":\"https:\/\/themeholt.com\/?s={search_term_string}\"},\"query-input\":{\"@type\":\"PropertyValueSpecification\",\"valueRequired\":true,\"valueName\":\"search_term_string\"}}],\"inLanguage\":\"pl-PL\"},{\"@type\":\"Organization\",\"@id\":\"https:\/\/themeholt.com\/#organization\",\"name\":\"ThemeHolt\",\"alternateName\":\"ThemeHolt\",\"url\":\"https:\/\/themeholt.com\/\",\"logo\":{\"@type\":\"ImageObject\",\"inLanguage\":\"pl-PL\",\"@id\":\"https:\/\/themeholt.com\/#\/schema\/logo\/image\/\",\"url\":\"https:\/\/themeholt.com\/wp-content\/uploads\/2024\/10\/themeholt.png\",\"contentUrl\":\"https:\/\/themeholt.com\/wp-content\/uploads\/2024\/10\/themeholt.png\",\"width\":225,\"height\":225,\"caption\":\"ThemeHolt\"},\"image\":{\"@id\":\"https:\/\/themeholt.com\/#\/schema\/logo\/image\/\"},\"sameAs\":[\"https:\/\/www.facebook.com\/themeholtT\",\"https:\/\/x.com\/ThemeholtT\",\"https:\/\/www.linkedin.com\/company\/themeholt\",\"https:\/\/www.instagram.com\/themeholtt\/\"],\"description\":\"Themeholt is a website that offers high-quality WordPress themes that are easy to use and ready for just about everything. In Eindhoven, Netherlands, since 2020 offering simple, accessible WordPress themes by providing a variety of requirements. Themeholt focuses on practicality and efficiency, allowing faster project completion with its superior marketplace and easy-to-use templates.\",\"legalName\":\"ThemeHolt\",\"foundingDate\":\"2022-11-10\",\"numberOfEmployees\":{\"@type\":\"QuantitativeValue\",\"minValue\":\"51\",\"maxValue\":\"200\"}}]}<\/script>\n<!-- \/ Yoast SEO Premium plugin. -->","yoast_head_json":{"title":"Virtable Wirtualny Asystent Biznesowy | Biznes Korporacyjny","description":"Podnie\u015b poziom swojego biznesu dzi\u0119ki wirtualnemu asystentowi biznesowemu i przyst\u0119pnym cenowo motywom WordPress. Zwi\u0119ksz produktywno\u015b\u0107 dzi\u0119ki naszym niezawodnym rozwi\u0105zaniom korporacyjnym.","robots":{"index":"index","follow":"follow","max-snippet":"max-snippet:-1","max-image-preview":"max-image-preview:large","max-video-preview":"max-video-preview:-1"},"canonical":"https:\/\/themeholt.com\/pl\/product\/wirtualny-asystent-biznesowy-virtable\/","og_locale":"pl_PL","og_type":"article","og_title":"Wirtualny Asystent Biznesowy Virtable","og_description":"Podnie\u015b poziom swojego biznesu dzi\u0119ki wirtualnemu asystentowi biznesowemu i przyst\u0119pnym cenowo motywom WordPress. Zwi\u0119ksz produktywno\u015b\u0107 dzi\u0119ki naszym niezawodnym rozwi\u0105zaniom korporacyjnym.","og_url":"https:\/\/themeholt.com\/pl\/product\/wirtualny-asystent-biznesowy-virtable\/","og_site_name":"ThemeHolt","article_publisher":"https:\/\/www.facebook.com\/themeholtT","article_modified_time":"2024-10-25T08:34:05+00:00","og_image":[{"width":1295,"height":1066,"url":"https:\/\/themeholt.com\/wp-content\/uploads\/2023\/10\/341.png","type":"image\/png"}],"twitter_card":"summary_large_image","twitter_site":"@ThemeholtT","twitter_misc":{"Szacowany czas czytania":"1 minuta"},"schema":{"@context":"https:\/\/schema.org","@graph":[{"@type":"WebPage","@id":"https:\/\/themeholt.com\/pl\/product\/wirtualny-asystent-biznesowy-virtable\/","url":"https:\/\/themeholt.com\/pl\/product\/wirtualny-asystent-biznesowy-virtable\/","name":"Virtable Wirtualny Asystent Biznesowy | Biznes Korporacyjny","isPartOf":{"@id":"https:\/\/themeholt.com\/#website"},"primaryImageOfPage":{"@id":"https:\/\/themeholt.com\/pl\/product\/wirtualny-asystent-biznesowy-virtable\/#primaryimage"},"image":{"@id":"https:\/\/themeholt.com\/pl\/product\/wirtualny-asystent-biznesowy-virtable\/#primaryimage"},"thumbnailUrl":"https:\/\/themeholt.com\/wp-content\/uploads\/2023\/10\/341.png","datePublished":"2023-10-11T04:37:46+00:00","dateModified":"2024-10-25T08:34:05+00:00","description":"Podnie\u015b poziom swojego biznesu dzi\u0119ki wirtualnemu asystentowi biznesowemu i przyst\u0119pnym cenowo motywom WordPress. Zwi\u0119ksz produktywno\u015b\u0107 dzi\u0119ki naszym niezawodnym rozwi\u0105zaniom korporacyjnym.","breadcrumb":{"@id":"https:\/\/themeholt.com\/pl\/product\/wirtualny-asystent-biznesowy-virtable\/#breadcrumb"},"inLanguage":"pl-PL","potentialAction":[{"@type":"ReadAction","target":["https:\/\/themeholt.com\/pl\/product\/wirtualny-asystent-biznesowy-virtable\/"]}]},{"@type":"ImageObject","inLanguage":"pl-PL","@id":"https:\/\/themeholt.com\/pl\/product\/wirtualny-asystent-biznesowy-virtable\/#primaryimage","url":"https:\/\/themeholt.com\/wp-content\/uploads\/2023\/10\/341.png","contentUrl":"https:\/\/themeholt.com\/wp-content\/uploads\/2023\/10\/341.png","width":1295,"height":1066},{"@type":"BreadcrumbList","@id":"https:\/\/themeholt.com\/pl\/product\/wirtualny-asystent-biznesowy-virtable\/#breadcrumb","itemListElement":[{"@type":"ListItem","position":1,"name":"Home","item":"https:\/\/themeholt.com\/pl\/"},{"@type":"ListItem","position":2,"name":"Shop","item":"https:\/\/themeholt.com\/shop\/"},{"@type":"ListItem","position":3,"name":"Wirtualny Asystent Biznesowy Virtable"}]},{"@type":"WebSite","@id":"https:\/\/themeholt.com\/#website","url":"https:\/\/themeholt.com\/","name":"ThemeHolt","description":"Themeholt is a website that offers high-quality WordPress themes","publisher":{"@id":"https:\/\/themeholt.com\/#organization"},"potentialAction":[{"@type":"SearchAction","target":{"@type":"EntryPoint","urlTemplate":"https:\/\/themeholt.com\/?s={search_term_string}"},"query-input":{"@type":"PropertyValueSpecification","valueRequired":true,"valueName":"search_term_string"}}],"inLanguage":"pl-PL"},{"@type":"Organization","@id":"https:\/\/themeholt.com\/#organization","name":"ThemeHolt","alternateName":"ThemeHolt","url":"https:\/\/themeholt.com\/","logo":{"@type":"ImageObject","inLanguage":"pl-PL","@id":"https:\/\/themeholt.com\/#\/schema\/logo\/image\/","url":"https:\/\/themeholt.com\/wp-content\/uploads\/2024\/10\/themeholt.png","contentUrl":"https:\/\/themeholt.com\/wp-content\/uploads\/2024\/10\/themeholt.png","width":225,"height":225,"caption":"ThemeHolt"},"image":{"@id":"https:\/\/themeholt.com\/#\/schema\/logo\/image\/"},"sameAs":["https:\/\/www.facebook.com\/themeholtT","https:\/\/x.com\/ThemeholtT","https:\/\/www.linkedin.com\/company\/themeholt","https:\/\/www.instagram.com\/themeholtt\/"],"description":"Themeholt is a website that offers high-quality WordPress themes that are easy to use and ready for just about everything. In Eindhoven, Netherlands, since 2020 offering simple, accessible WordPress themes by providing a variety of requirements. Themeholt focuses on practicality and efficiency, allowing faster project completion with its superior marketplace and easy-to-use templates.","legalName":"ThemeHolt","foundingDate":"2022-11-10","numberOfEmployees":{"@type":"QuantitativeValue","minValue":"51","maxValue":"200"}}]}},"_links":{"self":[{"href":"https:\/\/themeholt.com\/pl\/wp-json\/wp\/v2\/product\/15396","targetHints":{"allow":["GET"]}}],"collection":[{"href":"https:\/\/themeholt.com\/pl\/wp-json\/wp\/v2\/product"}],"about":[{"href":"https:\/\/themeholt.com\/pl\/wp-json\/wp\/v2\/types\/product"}],"wp:featuredmedia":[{"embeddable":true,"href":"https:\/\/themeholt.com\/pl\/wp-json\/wp\/v2\/media\/15397"}],"wp:attachment":[{"href":"https:\/\/themeholt.com\/pl\/wp-json\/wp\/v2\/media?parent=15396"}],"wp:term":[{"taxonomy":"product_brand","embeddable":true,"href":"https:\/\/themeholt.com\/pl\/wp-json\/wp\/v2\/product_brand?post=15396"},{"taxonomy":"product_cat","embeddable":true,"href":"https:\/\/themeholt.com\/pl\/wp-json\/wp\/v2\/product_cat?post=15396"},{"taxonomy":"product_tag","embeddable":true,"href":"https:\/\/themeholt.com\/pl\/wp-json\/wp\/v2\/product_tag?post=15396"}],"curies":[{"name":"wp","href":"https:\/\/api.w.org\/{rel}","templated":true}]}}