{"id":15404,"date":"2023-10-10T06:09:10","date_gmt":"2023-10-10T06:09:10","guid":{"rendered":"https:\/\/themeholt.com\/product\/boxen-boxing-school-martial\/"},"modified":"2024-10-25T08:51:01","modified_gmt":"2024-10-25T08:51:01","slug":"szkola-boksu-boxen-martial","status":"publish","type":"product","link":"https:\/\/themeholt.com\/pl\/product\/szkola-boksu-boxen-martial\/","title":{"rendered":"Szko\u0142a Boksu Boxen Martial"},"content":{"rendered":"<p><span style=\"font-weight: 400\">Przyjmij er\u0119 cyfrow\u0105 i wznie\u015b swoj\u0105 szko\u0142\u0119 sztuk walki na nowe wy\u017cyny dzi\u0119ki naszemu <\/span><b>motywowi WordPress Boxing School Martial<\/b><span style=\"font-weight: 400\">. Dzi\u0119ki intuicyjnym funkcjom i porywaj\u0105cemu projektowi mo\u017cesz inspirowa\u0107, anga\u017cowa\u0107 i zapisywa\u0107 uczni\u00f3w skuteczniej ni\u017c kiedykolwiek. Do\u0142\u0105cz do nas w tej podr\u00f3\u017cy ku doskona\u0142o\u015bci sztuk walki!<\/span><\/p>\n<p><span style=\"font-weight: 400\">Uwolnij moc naszego motywu WordPress Boxing School Martial ju\u017c dzi\u015b. Przekszta\u0142\u0107 swoj\u0105 witryn\u0119 w t\u0119tni\u0105ce \u017cyciem centrum dla entuzjast\u00f3w sztuk walki i obserwuj, jak spo\u0142eczno\u015b\u0107 i sukces Twojej szko\u0142y rosn\u0105. Zacznij teraz!<\/span><\/p>\n","protected":false},"excerpt":{"rendered":"<ul>\n<li><span style=\"font-weight: 400\">Profesjonalny projekt<\/span><\/li>\n<li><span style=\"font-weight: 400\">Responsywny uk\u0142ad<\/span><\/li>\n<li><span style=\"font-weight: 400\">Zoptymalizowany pod k\u0105tem SEO<\/span><\/li>\n<li><span style=\"font-weight: 400\">W pe\u0142ni konfigurowalny<\/span><\/li>\n<li><span style=\"font-weight: 400\">Elementor Page Builder<\/span><\/li>\n<li><span style=\"font-weight: 400\">Gotowy na WooCommerce<\/span><\/li>\n<li><span style=\"font-weight: 400\">Integracja z narz\u0119dziami biznesowymi<\/span><\/li>\n<\/ul>\n","protected":false},"featured_media":15405,"template":"","meta":{"_acf_changed":false,"inline_featured_image":false},"product_brand":[],"product_cat":[1827],"product_tag":[1830],"class_list":{"0":"post-15404","1":"product","2":"type-product","3":"status-publish","4":"has-post-thumbnail","6":"product_cat-sports-ru","7":"product_tag-sports-wordpress-theme-ru","9":"first","10":"instock","11":"sale","12":"downloadable","13":"taxable","14":"shipping-taxable","15":"purchasable","16":"product-type-simple"},"acf":[],"yoast_head":"<!-- This site is optimized with the Yoast SEO Premium plugin v22.1 (Yoast SEO v26.0) - https:\/\/yoast.com\/wordpress\/plugins\/seo\/ -->\n<title>Najlepszy motyw sportowy | Motyw WordPress dla boksu<\/title>\n<meta name=\"description\" content=\"Kup najlepszy motyw WordPress dla boksu! Dynamiczne projekty, pot\u0119\u017cne funkcje i przyjazny u\u017cytkownikowi uk\u0142ad, aby zaprezentowa\u0107 swoj\u0105 si\u0142owni\u0119 lub klub bokserski. Skontaktuj si\u0119 z nami ju\u017c teraz!\" \/>\n<meta name=\"robots\" content=\"index, follow, max-snippet:-1, max-image-preview:large, max-video-preview:-1\" \/>\n<link rel=\"canonical\" href=\"https:\/\/themeholt.com\/pl\/product\/szkola-boksu-boxen-martial\/\" \/>\n<meta property=\"og:locale\" content=\"pl_PL\" \/>\n<meta property=\"og:type\" content=\"article\" \/>\n<meta property=\"og:title\" content=\"Szko\u0142a Boksu Boxen Martial\" \/>\n<meta property=\"og:description\" content=\"Kup najlepszy motyw WordPress dla boksu! Dynamiczne projekty, pot\u0119\u017cne funkcje i przyjazny u\u017cytkownikowi uk\u0142ad, aby zaprezentowa\u0107 swoj\u0105 si\u0142owni\u0119 lub klub bokserski. Skontaktuj si\u0119 z nami ju\u017c teraz!\" \/>\n<meta property=\"og:url\" content=\"https:\/\/themeholt.com\/pl\/product\/szkola-boksu-boxen-martial\/\" \/>\n<meta property=\"og:site_name\" content=\"ThemeHolt\" \/>\n<meta property=\"article:publisher\" content=\"https:\/\/www.facebook.com\/themeholtT\" \/>\n<meta property=\"article:modified_time\" content=\"2024-10-25T08:51:01+00:00\" \/>\n<meta property=\"og:image\" content=\"https:\/\/themeholt.com\/wp-content\/uploads\/2023\/10\/326.png\" \/>\n\t<meta property=\"og:image:width\" content=\"1350\" \/>\n\t<meta property=\"og:image:height\" content=\"1113\" \/>\n\t<meta property=\"og:image:type\" content=\"image\/png\" \/>\n<meta name=\"twitter:card\" content=\"summary_large_image\" \/>\n<meta name=\"twitter:site\" content=\"@ThemeholtT\" \/>\n<meta name=\"twitter:label1\" content=\"Szacowany czas czytania\" \/>\n\t<meta name=\"twitter:data1\" content=\"1 minuta\" \/>\n<script type=\"application\/ld+json\" class=\"yoast-schema-graph\">{\"@context\":\"https:\/\/schema.org\",\"@graph\":[{\"@type\":\"WebPage\",\"@id\":\"https:\/\/themeholt.com\/pl\/product\/szkola-boksu-boxen-martial\/\",\"url\":\"https:\/\/themeholt.com\/pl\/product\/szkola-boksu-boxen-martial\/\",\"name\":\"Najlepszy motyw sportowy | Motyw WordPress dla boksu\",\"isPartOf\":{\"@id\":\"https:\/\/themeholt.com\/#website\"},\"primaryImageOfPage\":{\"@id\":\"https:\/\/themeholt.com\/pl\/product\/szkola-boksu-boxen-martial\/#primaryimage\"},\"image\":{\"@id\":\"https:\/\/themeholt.com\/pl\/product\/szkola-boksu-boxen-martial\/#primaryimage\"},\"thumbnailUrl\":\"https:\/\/themeholt.com\/wp-content\/uploads\/2023\/10\/326.png\",\"datePublished\":\"2023-10-10T06:09:10+00:00\",\"dateModified\":\"2024-10-25T08:51:01+00:00\",\"description\":\"Kup najlepszy motyw WordPress dla boksu! Dynamiczne projekty, pot\u0119\u017cne funkcje i przyjazny u\u017cytkownikowi uk\u0142ad, aby zaprezentowa\u0107 swoj\u0105 si\u0142owni\u0119 lub klub bokserski. Skontaktuj si\u0119 z nami ju\u017c teraz!\",\"breadcrumb\":{\"@id\":\"https:\/\/themeholt.com\/pl\/product\/szkola-boksu-boxen-martial\/#breadcrumb\"},\"inLanguage\":\"pl-PL\",\"potentialAction\":[{\"@type\":\"ReadAction\",\"target\":[\"https:\/\/themeholt.com\/pl\/product\/szkola-boksu-boxen-martial\/\"]}]},{\"@type\":\"ImageObject\",\"inLanguage\":\"pl-PL\",\"@id\":\"https:\/\/themeholt.com\/pl\/product\/szkola-boksu-boxen-martial\/#primaryimage\",\"url\":\"https:\/\/themeholt.com\/wp-content\/uploads\/2023\/10\/326.png\",\"contentUrl\":\"https:\/\/themeholt.com\/wp-content\/uploads\/2023\/10\/326.png\",\"width\":1350,\"height\":1113},{\"@type\":\"BreadcrumbList\",\"@id\":\"https:\/\/themeholt.com\/pl\/product\/szkola-boksu-boxen-martial\/#breadcrumb\",\"itemListElement\":[{\"@type\":\"ListItem\",\"position\":1,\"name\":\"Home\",\"item\":\"https:\/\/themeholt.com\/pl\/\"},{\"@type\":\"ListItem\",\"position\":2,\"name\":\"Shop\",\"item\":\"https:\/\/themeholt.com\/shop\/\"},{\"@type\":\"ListItem\",\"position\":3,\"name\":\"Szko\u0142a Boksu Boxen Martial\"}]},{\"@type\":\"WebSite\",\"@id\":\"https:\/\/themeholt.com\/#website\",\"url\":\"https:\/\/themeholt.com\/\",\"name\":\"ThemeHolt\",\"description\":\"Themeholt is a website that offers high-quality WordPress themes\",\"publisher\":{\"@id\":\"https:\/\/themeholt.com\/#organization\"},\"potentialAction\":[{\"@type\":\"SearchAction\",\"target\":{\"@type\":\"EntryPoint\",\"urlTemplate\":\"https:\/\/themeholt.com\/?s={search_term_string}\"},\"query-input\":{\"@type\":\"PropertyValueSpecification\",\"valueRequired\":true,\"valueName\":\"search_term_string\"}}],\"inLanguage\":\"pl-PL\"},{\"@type\":\"Organization\",\"@id\":\"https:\/\/themeholt.com\/#organization\",\"name\":\"ThemeHolt\",\"alternateName\":\"ThemeHolt\",\"url\":\"https:\/\/themeholt.com\/\",\"logo\":{\"@type\":\"ImageObject\",\"inLanguage\":\"pl-PL\",\"@id\":\"https:\/\/themeholt.com\/#\/schema\/logo\/image\/\",\"url\":\"https:\/\/themeholt.com\/wp-content\/uploads\/2024\/10\/themeholt.png\",\"contentUrl\":\"https:\/\/themeholt.com\/wp-content\/uploads\/2024\/10\/themeholt.png\",\"width\":225,\"height\":225,\"caption\":\"ThemeHolt\"},\"image\":{\"@id\":\"https:\/\/themeholt.com\/#\/schema\/logo\/image\/\"},\"sameAs\":[\"https:\/\/www.facebook.com\/themeholtT\",\"https:\/\/x.com\/ThemeholtT\",\"https:\/\/www.linkedin.com\/company\/themeholt\",\"https:\/\/www.instagram.com\/themeholtt\/\"],\"description\":\"Themeholt is a website that offers high-quality WordPress themes that are easy to use and ready for just about everything. In Eindhoven, Netherlands, since 2020 offering simple, accessible WordPress themes by providing a variety of requirements. Themeholt focuses on practicality and efficiency, allowing faster project completion with its superior marketplace and easy-to-use templates.\",\"legalName\":\"ThemeHolt\",\"foundingDate\":\"2022-11-10\",\"numberOfEmployees\":{\"@type\":\"QuantitativeValue\",\"minValue\":\"51\",\"maxValue\":\"200\"}}]}<\/script>\n<!-- \/ Yoast SEO Premium plugin. -->","yoast_head_json":{"title":"Najlepszy motyw sportowy | Motyw WordPress dla boksu","description":"Kup najlepszy motyw WordPress dla boksu! Dynamiczne projekty, pot\u0119\u017cne funkcje i przyjazny u\u017cytkownikowi uk\u0142ad, aby zaprezentowa\u0107 swoj\u0105 si\u0142owni\u0119 lub klub bokserski. Skontaktuj si\u0119 z nami ju\u017c teraz!","robots":{"index":"index","follow":"follow","max-snippet":"max-snippet:-1","max-image-preview":"max-image-preview:large","max-video-preview":"max-video-preview:-1"},"canonical":"https:\/\/themeholt.com\/pl\/product\/szkola-boksu-boxen-martial\/","og_locale":"pl_PL","og_type":"article","og_title":"Szko\u0142a Boksu Boxen Martial","og_description":"Kup najlepszy motyw WordPress dla boksu! Dynamiczne projekty, pot\u0119\u017cne funkcje i przyjazny u\u017cytkownikowi uk\u0142ad, aby zaprezentowa\u0107 swoj\u0105 si\u0142owni\u0119 lub klub bokserski. Skontaktuj si\u0119 z nami ju\u017c teraz!","og_url":"https:\/\/themeholt.com\/pl\/product\/szkola-boksu-boxen-martial\/","og_site_name":"ThemeHolt","article_publisher":"https:\/\/www.facebook.com\/themeholtT","article_modified_time":"2024-10-25T08:51:01+00:00","og_image":[{"width":1350,"height":1113,"url":"https:\/\/themeholt.com\/wp-content\/uploads\/2023\/10\/326.png","type":"image\/png"}],"twitter_card":"summary_large_image","twitter_site":"@ThemeholtT","twitter_misc":{"Szacowany czas czytania":"1 minuta"},"schema":{"@context":"https:\/\/schema.org","@graph":[{"@type":"WebPage","@id":"https:\/\/themeholt.com\/pl\/product\/szkola-boksu-boxen-martial\/","url":"https:\/\/themeholt.com\/pl\/product\/szkola-boksu-boxen-martial\/","name":"Najlepszy motyw sportowy | Motyw WordPress dla boksu","isPartOf":{"@id":"https:\/\/themeholt.com\/#website"},"primaryImageOfPage":{"@id":"https:\/\/themeholt.com\/pl\/product\/szkola-boksu-boxen-martial\/#primaryimage"},"image":{"@id":"https:\/\/themeholt.com\/pl\/product\/szkola-boksu-boxen-martial\/#primaryimage"},"thumbnailUrl":"https:\/\/themeholt.com\/wp-content\/uploads\/2023\/10\/326.png","datePublished":"2023-10-10T06:09:10+00:00","dateModified":"2024-10-25T08:51:01+00:00","description":"Kup najlepszy motyw WordPress dla boksu! Dynamiczne projekty, pot\u0119\u017cne funkcje i przyjazny u\u017cytkownikowi uk\u0142ad, aby zaprezentowa\u0107 swoj\u0105 si\u0142owni\u0119 lub klub bokserski. Skontaktuj si\u0119 z nami ju\u017c teraz!","breadcrumb":{"@id":"https:\/\/themeholt.com\/pl\/product\/szkola-boksu-boxen-martial\/#breadcrumb"},"inLanguage":"pl-PL","potentialAction":[{"@type":"ReadAction","target":["https:\/\/themeholt.com\/pl\/product\/szkola-boksu-boxen-martial\/"]}]},{"@type":"ImageObject","inLanguage":"pl-PL","@id":"https:\/\/themeholt.com\/pl\/product\/szkola-boksu-boxen-martial\/#primaryimage","url":"https:\/\/themeholt.com\/wp-content\/uploads\/2023\/10\/326.png","contentUrl":"https:\/\/themeholt.com\/wp-content\/uploads\/2023\/10\/326.png","width":1350,"height":1113},{"@type":"BreadcrumbList","@id":"https:\/\/themeholt.com\/pl\/product\/szkola-boksu-boxen-martial\/#breadcrumb","itemListElement":[{"@type":"ListItem","position":1,"name":"Home","item":"https:\/\/themeholt.com\/pl\/"},{"@type":"ListItem","position":2,"name":"Shop","item":"https:\/\/themeholt.com\/shop\/"},{"@type":"ListItem","position":3,"name":"Szko\u0142a Boksu Boxen Martial"}]},{"@type":"WebSite","@id":"https:\/\/themeholt.com\/#website","url":"https:\/\/themeholt.com\/","name":"ThemeHolt","description":"Themeholt is a website that offers high-quality WordPress themes","publisher":{"@id":"https:\/\/themeholt.com\/#organization"},"potentialAction":[{"@type":"SearchAction","target":{"@type":"EntryPoint","urlTemplate":"https:\/\/themeholt.com\/?s={search_term_string}"},"query-input":{"@type":"PropertyValueSpecification","valueRequired":true,"valueName":"search_term_string"}}],"inLanguage":"pl-PL"},{"@type":"Organization","@id":"https:\/\/themeholt.com\/#organization","name":"ThemeHolt","alternateName":"ThemeHolt","url":"https:\/\/themeholt.com\/","logo":{"@type":"ImageObject","inLanguage":"pl-PL","@id":"https:\/\/themeholt.com\/#\/schema\/logo\/image\/","url":"https:\/\/themeholt.com\/wp-content\/uploads\/2024\/10\/themeholt.png","contentUrl":"https:\/\/themeholt.com\/wp-content\/uploads\/2024\/10\/themeholt.png","width":225,"height":225,"caption":"ThemeHolt"},"image":{"@id":"https:\/\/themeholt.com\/#\/schema\/logo\/image\/"},"sameAs":["https:\/\/www.facebook.com\/themeholtT","https:\/\/x.com\/ThemeholtT","https:\/\/www.linkedin.com\/company\/themeholt","https:\/\/www.instagram.com\/themeholtt\/"],"description":"Themeholt is a website that offers high-quality WordPress themes that are easy to use and ready for just about everything. In Eindhoven, Netherlands, since 2020 offering simple, accessible WordPress themes by providing a variety of requirements. Themeholt focuses on practicality and efficiency, allowing faster project completion with its superior marketplace and easy-to-use templates.","legalName":"ThemeHolt","foundingDate":"2022-11-10","numberOfEmployees":{"@type":"QuantitativeValue","minValue":"51","maxValue":"200"}}]}},"_links":{"self":[{"href":"https:\/\/themeholt.com\/pl\/wp-json\/wp\/v2\/product\/15404","targetHints":{"allow":["GET"]}}],"collection":[{"href":"https:\/\/themeholt.com\/pl\/wp-json\/wp\/v2\/product"}],"about":[{"href":"https:\/\/themeholt.com\/pl\/wp-json\/wp\/v2\/types\/product"}],"wp:featuredmedia":[{"embeddable":true,"href":"https:\/\/themeholt.com\/pl\/wp-json\/wp\/v2\/media\/15405"}],"wp:attachment":[{"href":"https:\/\/themeholt.com\/pl\/wp-json\/wp\/v2\/media?parent=15404"}],"wp:term":[{"taxonomy":"product_brand","embeddable":true,"href":"https:\/\/themeholt.com\/pl\/wp-json\/wp\/v2\/product_brand?post=15404"},{"taxonomy":"product_cat","embeddable":true,"href":"https:\/\/themeholt.com\/pl\/wp-json\/wp\/v2\/product_cat?post=15404"},{"taxonomy":"product_tag","embeddable":true,"href":"https:\/\/themeholt.com\/pl\/wp-json\/wp\/v2\/product_tag?post=15404"}],"curies":[{"name":"wp","href":"https:\/\/api.w.org\/{rel}","templated":true}]}}