{"id":15494,"date":"2023-10-09T06:29:16","date_gmt":"2023-10-09T06:29:16","guid":{"rendered":"https:\/\/themeholt.com\/product\/valentina-woocommerce\/"},"modified":"2024-10-25T10:27:36","modified_gmt":"2024-10-25T10:27:36","slug":"walentyna-woocommerce","status":"publish","type":"product","link":"https:\/\/themeholt.com\/pl\/product\/walentyna-woocommerce\/","title":{"rendered":"Walentyna Woocommerce"},"content":{"rendered":"<p><span style=\"font-weight: 400\">Motyw <\/span><b>WooCommerce WordPress<\/b><span style=\"font-weight: 400\"> to wszechstronny i przyjazny dla u\u017cytkownika szablon witryny zaprojektowany specjalnie dla firm e-commerce. Za pomoc\u0105 tego motywu i znanej wtyczki WordPress WooCommerce mo\u017cesz \u0142atwo za\u0142o\u017cy\u0107 skuteczny sklep internetowy. Gwarantuje on, \u017ce Twoja witryna b\u0119dzie wygl\u0105da\u0107 fantastycznie na wszystkich urz\u0105dzeniach dzi\u0119ki prostemu, responsywnemu projektowi. <\/span><\/p>\n<p><span style=\"font-weight: 400\">Dzi\u0119ki r\u00f3\u017cnorodnym opcjom dostosowywania, jakie oferuj\u0105 te motywy, mo\u017cesz sprawi\u0107, \u017ce Twoja witryna b\u0119dzie wyj\u0105tkowo Twoja. Ich wbudowane funkcje e-commerce, kt\u00f3re obejmuj\u0105 koszyki zakupowe, galerie produkt\u00f3w i procedury realizacji transakcji, u\u0142atwiaj\u0105 klientom zakupy online. Aby uruchomi\u0107 sklep internetowy, kt\u00f3ry jest zar\u00f3wno dochodowy, jak i przyjemny dla oka, wybierz motyw WooCommerce WordPress.<\/span><\/p>\n","protected":false},"excerpt":{"rendered":"<ul>\n<li><span style=\"font-weight: 400\">Bezproblemowe po\u0142\u0105czenie WooCommerce i WordPress<\/span><\/li>\n<li><span style=\"font-weight: 400\">Osza\u0142amiaj\u0105cy design i dostosowywanie<\/span><\/li>\n<li><span style=\"font-weight: 400\">Zoptymalizowany pod k\u0105tem sukcesu w handlu elektronicznym<\/span><\/li>\n<li><span style=\"font-weight: 400\">Bezproblemowa integracja funkcji WooCommerce<\/span><\/li>\n<li><span style=\"font-weight: 400\">Zaawansowane mo\u017cliwo\u015bci SEO<\/span><\/li>\n<li><span style=\"font-weight: 400\">\u015awiatowej klasy wsparcie i dokumentacja<\/span><\/li>\n<li><span style=\"font-weight: 400\">Bezpiecze\u0144stwo i Aktualizacje<\/span><\/li>\n<\/ul>\n","protected":false},"featured_media":15495,"template":"","meta":{"_acf_changed":false,"inline_featured_image":false},"product_brand":[],"product_cat":[1569],"product_tag":[1570],"class_list":{"0":"post-15494","1":"product","2":"type-product","3":"status-publish","4":"has-post-thumbnail","6":"product_cat-fashion-beauty-ro","7":"product_tag-affordable-fashion-and-beauty-themes-ro","9":"first","10":"instock","11":"sale","12":"downloadable","13":"taxable","14":"shipping-taxable","15":"purchasable","16":"product-type-simple"},"acf":[],"yoast_head":"<!-- This site is optimized with the Yoast SEO Premium plugin v22.1 (Yoast SEO v26.0) - https:\/\/yoast.com\/wordpress\/plugins\/seo\/ -->\n<title>Premium WooCommerce WordPress Theme - Podnie\u015b poziom swojego sklepu internetowego<\/title>\n<meta name=\"description\" content=\"Odkryj idealny motyw WordPress WooCommerce dla swojej witryny e-commerce. Ulepsz sw\u00f3j sklep internetowy dzi\u0119ki naszemu motywowi premium, oferuj\u0105cemu responsywny design, opcje dostosowywania i bezproblemow\u0105 integracj\u0119 z WooCommerce. Zacznij sprzedawa\u0107 produkty online bez wysi\u0142ku!\" \/>\n<meta name=\"robots\" content=\"index, follow, max-snippet:-1, max-image-preview:large, max-video-preview:-1\" \/>\n<link rel=\"canonical\" href=\"https:\/\/themeholt.com\/pl\/product\/walentyna-woocommerce\/\" \/>\n<meta property=\"og:locale\" content=\"pl_PL\" \/>\n<meta property=\"og:type\" content=\"article\" \/>\n<meta property=\"og:title\" content=\"Walentyna Woocommerce\" \/>\n<meta property=\"og:description\" content=\"Odkryj idealny motyw WordPress WooCommerce dla swojej witryny e-commerce. Ulepsz sw\u00f3j sklep internetowy dzi\u0119ki naszemu motywowi premium, oferuj\u0105cemu responsywny design, opcje dostosowywania i bezproblemow\u0105 integracj\u0119 z WooCommerce. Zacznij sprzedawa\u0107 produkty online bez wysi\u0142ku!\" \/>\n<meta property=\"og:url\" content=\"https:\/\/themeholt.com\/pl\/product\/walentyna-woocommerce\/\" \/>\n<meta property=\"og:site_name\" content=\"ThemeHolt\" \/>\n<meta property=\"article:publisher\" content=\"https:\/\/www.facebook.com\/themeholtT\" \/>\n<meta property=\"article:modified_time\" content=\"2024-10-25T10:27:36+00:00\" \/>\n<meta property=\"og:image\" content=\"https:\/\/themeholt.com\/wp-content\/uploads\/2023\/10\/281.png\" \/>\n\t<meta property=\"og:image:width\" content=\"1365\" \/>\n\t<meta property=\"og:image:height\" content=\"1085\" \/>\n\t<meta property=\"og:image:type\" content=\"image\/png\" \/>\n<meta name=\"twitter:card\" content=\"summary_large_image\" \/>\n<meta name=\"twitter:site\" content=\"@ThemeholtT\" \/>\n<meta name=\"twitter:label1\" content=\"Szacowany czas czytania\" \/>\n\t<meta name=\"twitter:data1\" content=\"1 minuta\" \/>\n<script type=\"application\/ld+json\" class=\"yoast-schema-graph\">{\"@context\":\"https:\/\/schema.org\",\"@graph\":[{\"@type\":\"WebPage\",\"@id\":\"https:\/\/themeholt.com\/pl\/product\/walentyna-woocommerce\/\",\"url\":\"https:\/\/themeholt.com\/pl\/product\/walentyna-woocommerce\/\",\"name\":\"Premium WooCommerce WordPress Theme - Podnie\u015b poziom swojego sklepu internetowego\",\"isPartOf\":{\"@id\":\"https:\/\/themeholt.com\/#website\"},\"primaryImageOfPage\":{\"@id\":\"https:\/\/themeholt.com\/pl\/product\/walentyna-woocommerce\/#primaryimage\"},\"image\":{\"@id\":\"https:\/\/themeholt.com\/pl\/product\/walentyna-woocommerce\/#primaryimage\"},\"thumbnailUrl\":\"https:\/\/themeholt.com\/wp-content\/uploads\/2023\/10\/281.png\",\"datePublished\":\"2023-10-09T06:29:16+00:00\",\"dateModified\":\"2024-10-25T10:27:36+00:00\",\"description\":\"Odkryj idealny motyw WordPress WooCommerce dla swojej witryny e-commerce. Ulepsz sw\u00f3j sklep internetowy dzi\u0119ki naszemu motywowi premium, oferuj\u0105cemu responsywny design, opcje dostosowywania i bezproblemow\u0105 integracj\u0119 z WooCommerce. Zacznij sprzedawa\u0107 produkty online bez wysi\u0142ku!\",\"breadcrumb\":{\"@id\":\"https:\/\/themeholt.com\/pl\/product\/walentyna-woocommerce\/#breadcrumb\"},\"inLanguage\":\"pl-PL\",\"potentialAction\":[{\"@type\":\"ReadAction\",\"target\":[\"https:\/\/themeholt.com\/pl\/product\/walentyna-woocommerce\/\"]}]},{\"@type\":\"ImageObject\",\"inLanguage\":\"pl-PL\",\"@id\":\"https:\/\/themeholt.com\/pl\/product\/walentyna-woocommerce\/#primaryimage\",\"url\":\"https:\/\/themeholt.com\/wp-content\/uploads\/2023\/10\/281.png\",\"contentUrl\":\"https:\/\/themeholt.com\/wp-content\/uploads\/2023\/10\/281.png\",\"width\":1365,\"height\":1085},{\"@type\":\"BreadcrumbList\",\"@id\":\"https:\/\/themeholt.com\/pl\/product\/walentyna-woocommerce\/#breadcrumb\",\"itemListElement\":[{\"@type\":\"ListItem\",\"position\":1,\"name\":\"Home\",\"item\":\"https:\/\/themeholt.com\/pl\/\"},{\"@type\":\"ListItem\",\"position\":2,\"name\":\"Shop\",\"item\":\"https:\/\/themeholt.com\/shop\/\"},{\"@type\":\"ListItem\",\"position\":3,\"name\":\"Walentyna Woocommerce\"}]},{\"@type\":\"WebSite\",\"@id\":\"https:\/\/themeholt.com\/#website\",\"url\":\"https:\/\/themeholt.com\/\",\"name\":\"ThemeHolt\",\"description\":\"Themeholt is a website that offers high-quality WordPress themes\",\"publisher\":{\"@id\":\"https:\/\/themeholt.com\/#organization\"},\"potentialAction\":[{\"@type\":\"SearchAction\",\"target\":{\"@type\":\"EntryPoint\",\"urlTemplate\":\"https:\/\/themeholt.com\/?s={search_term_string}\"},\"query-input\":{\"@type\":\"PropertyValueSpecification\",\"valueRequired\":true,\"valueName\":\"search_term_string\"}}],\"inLanguage\":\"pl-PL\"},{\"@type\":\"Organization\",\"@id\":\"https:\/\/themeholt.com\/#organization\",\"name\":\"ThemeHolt\",\"alternateName\":\"ThemeHolt\",\"url\":\"https:\/\/themeholt.com\/\",\"logo\":{\"@type\":\"ImageObject\",\"inLanguage\":\"pl-PL\",\"@id\":\"https:\/\/themeholt.com\/#\/schema\/logo\/image\/\",\"url\":\"https:\/\/themeholt.com\/wp-content\/uploads\/2024\/10\/themeholt.png\",\"contentUrl\":\"https:\/\/themeholt.com\/wp-content\/uploads\/2024\/10\/themeholt.png\",\"width\":225,\"height\":225,\"caption\":\"ThemeHolt\"},\"image\":{\"@id\":\"https:\/\/themeholt.com\/#\/schema\/logo\/image\/\"},\"sameAs\":[\"https:\/\/www.facebook.com\/themeholtT\",\"https:\/\/x.com\/ThemeholtT\",\"https:\/\/www.linkedin.com\/company\/themeholt\",\"https:\/\/www.instagram.com\/themeholtt\/\"],\"description\":\"Themeholt is a website that offers high-quality WordPress themes that are easy to use and ready for just about everything. In Eindhoven, Netherlands, since 2020 offering simple, accessible WordPress themes by providing a variety of requirements. Themeholt focuses on practicality and efficiency, allowing faster project completion with its superior marketplace and easy-to-use templates.\",\"legalName\":\"ThemeHolt\",\"foundingDate\":\"2022-11-10\",\"numberOfEmployees\":{\"@type\":\"QuantitativeValue\",\"minValue\":\"51\",\"maxValue\":\"200\"}}]}<\/script>\n<!-- \/ Yoast SEO Premium plugin. -->","yoast_head_json":{"title":"Premium WooCommerce WordPress Theme - Podnie\u015b poziom swojego sklepu internetowego","description":"Odkryj idealny motyw WordPress WooCommerce dla swojej witryny e-commerce. Ulepsz sw\u00f3j sklep internetowy dzi\u0119ki naszemu motywowi premium, oferuj\u0105cemu responsywny design, opcje dostosowywania i bezproblemow\u0105 integracj\u0119 z WooCommerce. Zacznij sprzedawa\u0107 produkty online bez wysi\u0142ku!","robots":{"index":"index","follow":"follow","max-snippet":"max-snippet:-1","max-image-preview":"max-image-preview:large","max-video-preview":"max-video-preview:-1"},"canonical":"https:\/\/themeholt.com\/pl\/product\/walentyna-woocommerce\/","og_locale":"pl_PL","og_type":"article","og_title":"Walentyna Woocommerce","og_description":"Odkryj idealny motyw WordPress WooCommerce dla swojej witryny e-commerce. Ulepsz sw\u00f3j sklep internetowy dzi\u0119ki naszemu motywowi premium, oferuj\u0105cemu responsywny design, opcje dostosowywania i bezproblemow\u0105 integracj\u0119 z WooCommerce. Zacznij sprzedawa\u0107 produkty online bez wysi\u0142ku!","og_url":"https:\/\/themeholt.com\/pl\/product\/walentyna-woocommerce\/","og_site_name":"ThemeHolt","article_publisher":"https:\/\/www.facebook.com\/themeholtT","article_modified_time":"2024-10-25T10:27:36+00:00","og_image":[{"width":1365,"height":1085,"url":"https:\/\/themeholt.com\/wp-content\/uploads\/2023\/10\/281.png","type":"image\/png"}],"twitter_card":"summary_large_image","twitter_site":"@ThemeholtT","twitter_misc":{"Szacowany czas czytania":"1 minuta"},"schema":{"@context":"https:\/\/schema.org","@graph":[{"@type":"WebPage","@id":"https:\/\/themeholt.com\/pl\/product\/walentyna-woocommerce\/","url":"https:\/\/themeholt.com\/pl\/product\/walentyna-woocommerce\/","name":"Premium WooCommerce WordPress Theme - Podnie\u015b poziom swojego sklepu internetowego","isPartOf":{"@id":"https:\/\/themeholt.com\/#website"},"primaryImageOfPage":{"@id":"https:\/\/themeholt.com\/pl\/product\/walentyna-woocommerce\/#primaryimage"},"image":{"@id":"https:\/\/themeholt.com\/pl\/product\/walentyna-woocommerce\/#primaryimage"},"thumbnailUrl":"https:\/\/themeholt.com\/wp-content\/uploads\/2023\/10\/281.png","datePublished":"2023-10-09T06:29:16+00:00","dateModified":"2024-10-25T10:27:36+00:00","description":"Odkryj idealny motyw WordPress WooCommerce dla swojej witryny e-commerce. Ulepsz sw\u00f3j sklep internetowy dzi\u0119ki naszemu motywowi premium, oferuj\u0105cemu responsywny design, opcje dostosowywania i bezproblemow\u0105 integracj\u0119 z WooCommerce. Zacznij sprzedawa\u0107 produkty online bez wysi\u0142ku!","breadcrumb":{"@id":"https:\/\/themeholt.com\/pl\/product\/walentyna-woocommerce\/#breadcrumb"},"inLanguage":"pl-PL","potentialAction":[{"@type":"ReadAction","target":["https:\/\/themeholt.com\/pl\/product\/walentyna-woocommerce\/"]}]},{"@type":"ImageObject","inLanguage":"pl-PL","@id":"https:\/\/themeholt.com\/pl\/product\/walentyna-woocommerce\/#primaryimage","url":"https:\/\/themeholt.com\/wp-content\/uploads\/2023\/10\/281.png","contentUrl":"https:\/\/themeholt.com\/wp-content\/uploads\/2023\/10\/281.png","width":1365,"height":1085},{"@type":"BreadcrumbList","@id":"https:\/\/themeholt.com\/pl\/product\/walentyna-woocommerce\/#breadcrumb","itemListElement":[{"@type":"ListItem","position":1,"name":"Home","item":"https:\/\/themeholt.com\/pl\/"},{"@type":"ListItem","position":2,"name":"Shop","item":"https:\/\/themeholt.com\/shop\/"},{"@type":"ListItem","position":3,"name":"Walentyna Woocommerce"}]},{"@type":"WebSite","@id":"https:\/\/themeholt.com\/#website","url":"https:\/\/themeholt.com\/","name":"ThemeHolt","description":"Themeholt is a website that offers high-quality WordPress themes","publisher":{"@id":"https:\/\/themeholt.com\/#organization"},"potentialAction":[{"@type":"SearchAction","target":{"@type":"EntryPoint","urlTemplate":"https:\/\/themeholt.com\/?s={search_term_string}"},"query-input":{"@type":"PropertyValueSpecification","valueRequired":true,"valueName":"search_term_string"}}],"inLanguage":"pl-PL"},{"@type":"Organization","@id":"https:\/\/themeholt.com\/#organization","name":"ThemeHolt","alternateName":"ThemeHolt","url":"https:\/\/themeholt.com\/","logo":{"@type":"ImageObject","inLanguage":"pl-PL","@id":"https:\/\/themeholt.com\/#\/schema\/logo\/image\/","url":"https:\/\/themeholt.com\/wp-content\/uploads\/2024\/10\/themeholt.png","contentUrl":"https:\/\/themeholt.com\/wp-content\/uploads\/2024\/10\/themeholt.png","width":225,"height":225,"caption":"ThemeHolt"},"image":{"@id":"https:\/\/themeholt.com\/#\/schema\/logo\/image\/"},"sameAs":["https:\/\/www.facebook.com\/themeholtT","https:\/\/x.com\/ThemeholtT","https:\/\/www.linkedin.com\/company\/themeholt","https:\/\/www.instagram.com\/themeholtt\/"],"description":"Themeholt is a website that offers high-quality WordPress themes that are easy to use and ready for just about everything. In Eindhoven, Netherlands, since 2020 offering simple, accessible WordPress themes by providing a variety of requirements. Themeholt focuses on practicality and efficiency, allowing faster project completion with its superior marketplace and easy-to-use templates.","legalName":"ThemeHolt","foundingDate":"2022-11-10","numberOfEmployees":{"@type":"QuantitativeValue","minValue":"51","maxValue":"200"}}]}},"_links":{"self":[{"href":"https:\/\/themeholt.com\/pl\/wp-json\/wp\/v2\/product\/15494","targetHints":{"allow":["GET"]}}],"collection":[{"href":"https:\/\/themeholt.com\/pl\/wp-json\/wp\/v2\/product"}],"about":[{"href":"https:\/\/themeholt.com\/pl\/wp-json\/wp\/v2\/types\/product"}],"wp:featuredmedia":[{"embeddable":true,"href":"https:\/\/themeholt.com\/pl\/wp-json\/wp\/v2\/media\/15495"}],"wp:attachment":[{"href":"https:\/\/themeholt.com\/pl\/wp-json\/wp\/v2\/media?parent=15494"}],"wp:term":[{"taxonomy":"product_brand","embeddable":true,"href":"https:\/\/themeholt.com\/pl\/wp-json\/wp\/v2\/product_brand?post=15494"},{"taxonomy":"product_cat","embeddable":true,"href":"https:\/\/themeholt.com\/pl\/wp-json\/wp\/v2\/product_cat?post=15494"},{"taxonomy":"product_tag","embeddable":true,"href":"https:\/\/themeholt.com\/pl\/wp-json\/wp\/v2\/product_tag?post=15494"}],"curies":[{"name":"wp","href":"https:\/\/api.w.org\/{rel}","templated":true}]}}