{"id":15496,"date":"2023-10-09T06:26:50","date_gmt":"2023-10-09T06:26:50","guid":{"rendered":"https:\/\/themeholt.com\/product\/favas-woocommerce\/"},"modified":"2024-10-25T10:29:41","modified_gmt":"2024-10-25T10:29:41","slug":"favas-woocommerce","status":"publish","type":"product","link":"https:\/\/themeholt.com\/pl\/product\/favas-woocommerce\/","title":{"rendered":"Favas Woocommerce"},"content":{"rendered":"<p><span style=\"font-weight: 400\">Motyw <\/span><b>Favas WooCommerce WordPress<\/b><span style=\"font-weight: 400\"> to wszechstronne i stylowe rozwi\u0105zanie e-commerce zaprojektowane w celu ulepszenia Twojego sklepu internetowego. Pot\u0119\u017cne funkcje i \u0142atwy w u\u017cyciu interfejs Favas umo\u017cliwiaj\u0105 zbudowanie atrakcyjnego i u\u017cytecznego sklepu internetowego. Dzi\u0119ki p\u0142ynnej integracji z WooCommerce ten motyw zapewnia Twoim klientom szybkie i \u0142atwe zakupy.<\/span><\/p>\n<p><span style=\"font-weight: 400\">Dzi\u0119ki wszystkim opcjom dostosowywania oferowanym przez Favas mo\u017cesz sprawi\u0107, \u017ce Twoja strona internetowa dok\u0142adnie odzwierciedli wyj\u0105tkow\u0105 to\u017csamo\u015b\u0107 Twojej firmy. Twoja strona internetowa b\u0119dzie wygl\u0105da\u0107 fantastycznie na wszystkich urz\u0105dzeniach dzi\u0119ki responsywnemu projektowi, a u\u017cytkownicy pokochaj\u0105 p\u0142ynny, czysty uk\u0142ad. Ponadto optymalizacja SEO i szybkie pr\u0119dko\u015bci \u0142adowania motywu pomagaj\u0105 zwi\u0119kszy\u0107 ruch na stronie internetowej.<\/span><\/p>\n","protected":false},"excerpt":{"rendered":"<ul>\n<li><span style=\"font-weight: 400\">Bezproblemowe po\u0142\u0105czenie WooCommerce i WordPress<\/span><\/li>\n<li><span style=\"font-weight: 400\">Osza\u0142amiaj\u0105cy design i dostosowywanie<\/span><\/li>\n<li><span style=\"font-weight: 400\">Zoptymalizowany pod k\u0105tem sukcesu w handlu elektronicznym<\/span><\/li>\n<li><span style=\"font-weight: 400\">Bezproblemowa integracja funkcji WooCommerce<\/span><\/li>\n<li><span style=\"font-weight: 400\">Zaawansowane mo\u017cliwo\u015bci SEO<\/span><\/li>\n<li><span style=\"font-weight: 400\">\u015awiatowej klasy wsparcie i dokumentacja<\/span><\/li>\n<\/ul>\n","protected":false},"featured_media":15497,"template":"","meta":{"_acf_changed":false,"inline_featured_image":false},"product_brand":[],"product_cat":[1340],"product_tag":[1341,1342,1343,1344],"class_list":{"0":"post-15496","1":"product","2":"type-product","3":"status-publish","4":"has-post-thumbnail","6":"product_cat-fashion-beauty-pl","7":"product_tag-affordable-fashion-and-beauty-themes-pl","8":"product_tag-best-fashion-website-themes-pl","9":"product_tag-best-spa-beauty-salon-wordpress-themes-pl","10":"product_tag-fashion-theme-pl","12":"first","13":"instock","14":"sale","15":"downloadable","16":"taxable","17":"shipping-taxable","18":"purchasable","19":"product-type-simple"},"acf":[],"yoast_head":"<!-- This site is optimized with the Yoast SEO Premium plugin v22.1 (Yoast SEO v26.0) - https:\/\/yoast.com\/wordpress\/plugins\/seo\/ -->\n<title>Motyw WooCommerce WordPress | Motywy WooCommerce<\/title>\n<meta name=\"description\" content=\"Zdob\u0105d\u017a idealny motyw WordPress WooCommerce, aby stworzy\u0107 pi\u0119kny sklep internetowy. \u0141atwy w dostosowywaniu, responsywny projekt i wbudowane funkcje eCommerce dla Twojego sklepu.\" \/>\n<meta name=\"robots\" content=\"index, follow, max-snippet:-1, max-image-preview:large, max-video-preview:-1\" \/>\n<link rel=\"canonical\" href=\"https:\/\/cyan-dolphin-864669.hostingersite.com\/pl\/product\/favas-woocommerce\/\" \/>\n<meta property=\"og:locale\" content=\"pl_PL\" \/>\n<meta property=\"og:type\" content=\"article\" \/>\n<meta property=\"og:title\" content=\"Favas Woocommerce\" \/>\n<meta property=\"og:description\" content=\"Zdob\u0105d\u017a idealny motyw WordPress WooCommerce, aby stworzy\u0107 pi\u0119kny sklep internetowy. \u0141atwy w dostosowywaniu, responsywny projekt i wbudowane funkcje eCommerce dla Twojego sklepu.\" \/>\n<meta property=\"og:url\" content=\"https:\/\/cyan-dolphin-864669.hostingersite.com\/pl\/product\/favas-woocommerce\/\" \/>\n<meta property=\"og:site_name\" content=\"ThemeHolt\" \/>\n<meta property=\"article:publisher\" content=\"https:\/\/www.facebook.com\/themeholtT\" \/>\n<meta property=\"article:modified_time\" content=\"2024-10-25T10:29:41+00:00\" \/>\n<meta property=\"og:image\" content=\"https:\/\/cyan-dolphin-864669.hostingersite.com\/wp-content\/uploads\/2023\/10\/276.png\" \/>\n\t<meta property=\"og:image:width\" content=\"1365\" \/>\n\t<meta property=\"og:image:height\" content=\"1059\" \/>\n\t<meta property=\"og:image:type\" content=\"image\/png\" \/>\n<meta name=\"twitter:card\" content=\"summary_large_image\" \/>\n<meta name=\"twitter:site\" content=\"@ThemeholtT\" \/>\n<meta name=\"twitter:label1\" content=\"Szacowany czas czytania\" \/>\n\t<meta name=\"twitter:data1\" content=\"1 minuta\" \/>\n<script type=\"application\/ld+json\" class=\"yoast-schema-graph\">{\"@context\":\"https:\/\/schema.org\",\"@graph\":[{\"@type\":\"WebPage\",\"@id\":\"https:\/\/cyan-dolphin-864669.hostingersite.com\/pl\/product\/favas-woocommerce\/\",\"url\":\"https:\/\/cyan-dolphin-864669.hostingersite.com\/pl\/product\/favas-woocommerce\/\",\"name\":\"Motyw WooCommerce WordPress | Motywy WooCommerce\",\"isPartOf\":{\"@id\":\"https:\/\/themeholt.com\/#website\"},\"primaryImageOfPage\":{\"@id\":\"https:\/\/cyan-dolphin-864669.hostingersite.com\/pl\/product\/favas-woocommerce\/#primaryimage\"},\"image\":{\"@id\":\"https:\/\/cyan-dolphin-864669.hostingersite.com\/pl\/product\/favas-woocommerce\/#primaryimage\"},\"thumbnailUrl\":\"https:\/\/themeholt.com\/wp-content\/uploads\/2023\/10\/276.png\",\"datePublished\":\"2023-10-09T06:26:50+00:00\",\"dateModified\":\"2024-10-25T10:29:41+00:00\",\"description\":\"Zdob\u0105d\u017a idealny motyw WordPress WooCommerce, aby stworzy\u0107 pi\u0119kny sklep internetowy. \u0141atwy w dostosowywaniu, responsywny projekt i wbudowane funkcje eCommerce dla Twojego sklepu.\",\"breadcrumb\":{\"@id\":\"https:\/\/cyan-dolphin-864669.hostingersite.com\/pl\/product\/favas-woocommerce\/#breadcrumb\"},\"inLanguage\":\"pl-PL\",\"potentialAction\":[{\"@type\":\"ReadAction\",\"target\":[\"https:\/\/cyan-dolphin-864669.hostingersite.com\/pl\/product\/favas-woocommerce\/\"]}]},{\"@type\":\"ImageObject\",\"inLanguage\":\"pl-PL\",\"@id\":\"https:\/\/cyan-dolphin-864669.hostingersite.com\/pl\/product\/favas-woocommerce\/#primaryimage\",\"url\":\"https:\/\/themeholt.com\/wp-content\/uploads\/2023\/10\/276.png\",\"contentUrl\":\"https:\/\/themeholt.com\/wp-content\/uploads\/2023\/10\/276.png\",\"width\":1365,\"height\":1059},{\"@type\":\"BreadcrumbList\",\"@id\":\"https:\/\/cyan-dolphin-864669.hostingersite.com\/pl\/product\/favas-woocommerce\/#breadcrumb\",\"itemListElement\":[{\"@type\":\"ListItem\",\"position\":1,\"name\":\"Home\",\"item\":\"https:\/\/themeholt.com\/pl\/\"},{\"@type\":\"ListItem\",\"position\":2,\"name\":\"Shop\",\"item\":\"https:\/\/themeholt.com\/shop\/\"},{\"@type\":\"ListItem\",\"position\":3,\"name\":\"Favas Woocommerce\"}]},{\"@type\":\"WebSite\",\"@id\":\"https:\/\/themeholt.com\/#website\",\"url\":\"https:\/\/themeholt.com\/\",\"name\":\"ThemeHolt\",\"description\":\"Themeholt is a website that offers high-quality WordPress themes\",\"publisher\":{\"@id\":\"https:\/\/themeholt.com\/#organization\"},\"potentialAction\":[{\"@type\":\"SearchAction\",\"target\":{\"@type\":\"EntryPoint\",\"urlTemplate\":\"https:\/\/themeholt.com\/?s={search_term_string}\"},\"query-input\":{\"@type\":\"PropertyValueSpecification\",\"valueRequired\":true,\"valueName\":\"search_term_string\"}}],\"inLanguage\":\"pl-PL\"},{\"@type\":\"Organization\",\"@id\":\"https:\/\/themeholt.com\/#organization\",\"name\":\"ThemeHolt\",\"alternateName\":\"ThemeHolt\",\"url\":\"https:\/\/themeholt.com\/\",\"logo\":{\"@type\":\"ImageObject\",\"inLanguage\":\"pl-PL\",\"@id\":\"https:\/\/themeholt.com\/#\/schema\/logo\/image\/\",\"url\":\"https:\/\/themeholt.com\/wp-content\/uploads\/2024\/10\/themeholt.png\",\"contentUrl\":\"https:\/\/themeholt.com\/wp-content\/uploads\/2024\/10\/themeholt.png\",\"width\":225,\"height\":225,\"caption\":\"ThemeHolt\"},\"image\":{\"@id\":\"https:\/\/themeholt.com\/#\/schema\/logo\/image\/\"},\"sameAs\":[\"https:\/\/www.facebook.com\/themeholtT\",\"https:\/\/x.com\/ThemeholtT\",\"https:\/\/www.linkedin.com\/company\/themeholt\",\"https:\/\/www.instagram.com\/themeholtt\/\"],\"description\":\"Themeholt is a website that offers high-quality WordPress themes that are easy to use and ready for just about everything. In Eindhoven, Netherlands, since 2020 offering simple, accessible WordPress themes by providing a variety of requirements. Themeholt focuses on practicality and efficiency, allowing faster project completion with its superior marketplace and easy-to-use templates.\",\"legalName\":\"ThemeHolt\",\"foundingDate\":\"2022-11-10\",\"numberOfEmployees\":{\"@type\":\"QuantitativeValue\",\"minValue\":\"51\",\"maxValue\":\"200\"}}]}<\/script>\n<!-- \/ Yoast SEO Premium plugin. -->","yoast_head_json":{"title":"Motyw WooCommerce WordPress | Motywy WooCommerce","description":"Zdob\u0105d\u017a idealny motyw WordPress WooCommerce, aby stworzy\u0107 pi\u0119kny sklep internetowy. \u0141atwy w dostosowywaniu, responsywny projekt i wbudowane funkcje eCommerce dla Twojego sklepu.","robots":{"index":"index","follow":"follow","max-snippet":"max-snippet:-1","max-image-preview":"max-image-preview:large","max-video-preview":"max-video-preview:-1"},"canonical":"https:\/\/cyan-dolphin-864669.hostingersite.com\/pl\/product\/favas-woocommerce\/","og_locale":"pl_PL","og_type":"article","og_title":"Favas Woocommerce","og_description":"Zdob\u0105d\u017a idealny motyw WordPress WooCommerce, aby stworzy\u0107 pi\u0119kny sklep internetowy. \u0141atwy w dostosowywaniu, responsywny projekt i wbudowane funkcje eCommerce dla Twojego sklepu.","og_url":"https:\/\/cyan-dolphin-864669.hostingersite.com\/pl\/product\/favas-woocommerce\/","og_site_name":"ThemeHolt","article_publisher":"https:\/\/www.facebook.com\/themeholtT","article_modified_time":"2024-10-25T10:29:41+00:00","og_image":[{"width":1365,"height":1059,"url":"https:\/\/cyan-dolphin-864669.hostingersite.com\/wp-content\/uploads\/2023\/10\/276.png","type":"image\/png"}],"twitter_card":"summary_large_image","twitter_site":"@ThemeholtT","twitter_misc":{"Szacowany czas czytania":"1 minuta"},"schema":{"@context":"https:\/\/schema.org","@graph":[{"@type":"WebPage","@id":"https:\/\/cyan-dolphin-864669.hostingersite.com\/pl\/product\/favas-woocommerce\/","url":"https:\/\/cyan-dolphin-864669.hostingersite.com\/pl\/product\/favas-woocommerce\/","name":"Motyw WooCommerce WordPress | Motywy WooCommerce","isPartOf":{"@id":"https:\/\/themeholt.com\/#website"},"primaryImageOfPage":{"@id":"https:\/\/cyan-dolphin-864669.hostingersite.com\/pl\/product\/favas-woocommerce\/#primaryimage"},"image":{"@id":"https:\/\/cyan-dolphin-864669.hostingersite.com\/pl\/product\/favas-woocommerce\/#primaryimage"},"thumbnailUrl":"https:\/\/themeholt.com\/wp-content\/uploads\/2023\/10\/276.png","datePublished":"2023-10-09T06:26:50+00:00","dateModified":"2024-10-25T10:29:41+00:00","description":"Zdob\u0105d\u017a idealny motyw WordPress WooCommerce, aby stworzy\u0107 pi\u0119kny sklep internetowy. \u0141atwy w dostosowywaniu, responsywny projekt i wbudowane funkcje eCommerce dla Twojego sklepu.","breadcrumb":{"@id":"https:\/\/cyan-dolphin-864669.hostingersite.com\/pl\/product\/favas-woocommerce\/#breadcrumb"},"inLanguage":"pl-PL","potentialAction":[{"@type":"ReadAction","target":["https:\/\/cyan-dolphin-864669.hostingersite.com\/pl\/product\/favas-woocommerce\/"]}]},{"@type":"ImageObject","inLanguage":"pl-PL","@id":"https:\/\/cyan-dolphin-864669.hostingersite.com\/pl\/product\/favas-woocommerce\/#primaryimage","url":"https:\/\/themeholt.com\/wp-content\/uploads\/2023\/10\/276.png","contentUrl":"https:\/\/themeholt.com\/wp-content\/uploads\/2023\/10\/276.png","width":1365,"height":1059},{"@type":"BreadcrumbList","@id":"https:\/\/cyan-dolphin-864669.hostingersite.com\/pl\/product\/favas-woocommerce\/#breadcrumb","itemListElement":[{"@type":"ListItem","position":1,"name":"Home","item":"https:\/\/themeholt.com\/pl\/"},{"@type":"ListItem","position":2,"name":"Shop","item":"https:\/\/themeholt.com\/shop\/"},{"@type":"ListItem","position":3,"name":"Favas Woocommerce"}]},{"@type":"WebSite","@id":"https:\/\/themeholt.com\/#website","url":"https:\/\/themeholt.com\/","name":"ThemeHolt","description":"Themeholt is a website that offers high-quality WordPress themes","publisher":{"@id":"https:\/\/themeholt.com\/#organization"},"potentialAction":[{"@type":"SearchAction","target":{"@type":"EntryPoint","urlTemplate":"https:\/\/themeholt.com\/?s={search_term_string}"},"query-input":{"@type":"PropertyValueSpecification","valueRequired":true,"valueName":"search_term_string"}}],"inLanguage":"pl-PL"},{"@type":"Organization","@id":"https:\/\/themeholt.com\/#organization","name":"ThemeHolt","alternateName":"ThemeHolt","url":"https:\/\/themeholt.com\/","logo":{"@type":"ImageObject","inLanguage":"pl-PL","@id":"https:\/\/themeholt.com\/#\/schema\/logo\/image\/","url":"https:\/\/themeholt.com\/wp-content\/uploads\/2024\/10\/themeholt.png","contentUrl":"https:\/\/themeholt.com\/wp-content\/uploads\/2024\/10\/themeholt.png","width":225,"height":225,"caption":"ThemeHolt"},"image":{"@id":"https:\/\/themeholt.com\/#\/schema\/logo\/image\/"},"sameAs":["https:\/\/www.facebook.com\/themeholtT","https:\/\/x.com\/ThemeholtT","https:\/\/www.linkedin.com\/company\/themeholt","https:\/\/www.instagram.com\/themeholtt\/"],"description":"Themeholt is a website that offers high-quality WordPress themes that are easy to use and ready for just about everything. In Eindhoven, Netherlands, since 2020 offering simple, accessible WordPress themes by providing a variety of requirements. Themeholt focuses on practicality and efficiency, allowing faster project completion with its superior marketplace and easy-to-use templates.","legalName":"ThemeHolt","foundingDate":"2022-11-10","numberOfEmployees":{"@type":"QuantitativeValue","minValue":"51","maxValue":"200"}}]}},"_links":{"self":[{"href":"https:\/\/themeholt.com\/pl\/wp-json\/wp\/v2\/product\/15496","targetHints":{"allow":["GET"]}}],"collection":[{"href":"https:\/\/themeholt.com\/pl\/wp-json\/wp\/v2\/product"}],"about":[{"href":"https:\/\/themeholt.com\/pl\/wp-json\/wp\/v2\/types\/product"}],"wp:featuredmedia":[{"embeddable":true,"href":"https:\/\/themeholt.com\/pl\/wp-json\/wp\/v2\/media\/15497"}],"wp:attachment":[{"href":"https:\/\/themeholt.com\/pl\/wp-json\/wp\/v2\/media?parent=15496"}],"wp:term":[{"taxonomy":"product_brand","embeddable":true,"href":"https:\/\/themeholt.com\/pl\/wp-json\/wp\/v2\/product_brand?post=15496"},{"taxonomy":"product_cat","embeddable":true,"href":"https:\/\/themeholt.com\/pl\/wp-json\/wp\/v2\/product_cat?post=15496"},{"taxonomy":"product_tag","embeddable":true,"href":"https:\/\/themeholt.com\/pl\/wp-json\/wp\/v2\/product_tag?post=15496"}],"curies":[{"name":"wp","href":"https:\/\/api.w.org\/{rel}","templated":true}]}}