{"id":15503,"date":"2023-10-09T06:22:02","date_gmt":"2023-10-09T06:22:02","guid":{"rendered":"https:\/\/themeholt.com\/product\/edel-luxury-jewelry\/"},"modified":"2024-10-25T10:37:31","modified_gmt":"2024-10-25T10:37:31","slug":"bizuteria-luksusowa-edel","status":"publish","type":"product","link":"https:\/\/themeholt.com\/pl\/product\/bizuteria-luksusowa-edel\/","title":{"rendered":"Bi\u017cuteria luksusowa Edel"},"content":{"rendered":"<p><span style=\"font-weight: 400\">A<\/span><b> luksusowy motyw WordPress dla bi\u017cuterii<\/b><span style=\"font-weight: 400\"> emanuje elegancj\u0105 i wyrafinowaniem, obs\u0142uguj\u0105c ekskluzywne marki jubilerskie i butiki. Doskonale \u0142\u0105czy funkcjonalno\u015b\u0107 i styl dzi\u0119ki starannie przemy\u015blanemu projektowi. U\u017cytkownicy mog\u0105 prezentowa\u0107 swoje pi\u0119kne kolekcje bi\u017cuterii w ca\u0142ej okaza\u0142o\u015bci dzi\u0119ki eleganckiemu i przyjaznemu u\u017cytkownikowi projektowi motywu. Podczas gdy opcje dostosowywania u\u0142atwiaj\u0105 dopasowanie do odmiennego stylu Twojej marki, jego responsywny projekt gwarantuje \u015bwietne wra\u017cenia z przegl\u0105dania na ka\u017cdym urz\u0105dzeniu. <\/span><\/p>\n<p><span style=\"font-weight: 400\">Jest idealny dla firm, kt\u00f3re chc\u0105 si\u0119 rozwija\u0107, poniewa\u017c integracja z wtyczkami e-commerce u\u0142atwia sprzeda\u017c online. Ulepsz widoczno\u015b\u0107 swojej firmy jubilerskiej online dzi\u0119ki temu luksusowemu i prostemu motywowi WordPress.<\/span><\/p>\n","protected":false},"excerpt":{"rendered":"<ul>\n<li><span style=\"font-weight: 400\">Bezproblemowe po\u0142\u0105czenie WooCommerce i WordPress<\/span><\/li>\n<li><span style=\"font-weight: 400\">Osza\u0142amiaj\u0105cy design i dostosowywanie<\/span><\/li>\n<li><span style=\"font-weight: 400\">Zoptymalizowany pod k\u0105tem sukcesu w handlu elektronicznym<\/span><\/li>\n<li><span style=\"font-weight: 400\">Bezproblemowa integracja funkcji WooCommerce<\/span><\/li>\n<li><span style=\"font-weight: 400\">Zaawansowane mo\u017cliwo\u015bci SEO<\/span><\/li>\n<li><span style=\"font-weight: 400\">\u015awiatowej klasy wsparcie i dokumentacja<\/span><\/li>\n<\/ul>\n","protected":false},"featured_media":15504,"template":"","meta":{"_acf_changed":false,"inline_featured_image":false},"product_brand":[],"product_cat":[1340],"product_tag":[1341,1342,1344],"class_list":{"0":"post-15503","1":"product","2":"type-product","3":"status-publish","4":"has-post-thumbnail","6":"product_cat-fashion-beauty-pl","7":"product_tag-affordable-fashion-and-beauty-themes-pl","8":"product_tag-best-fashion-website-themes-pl","9":"product_tag-fashion-theme-pl","11":"first","12":"instock","13":"sale","14":"downloadable","15":"taxable","16":"shipping-taxable","17":"purchasable","18":"product-type-simple"},"acf":[],"yoast_head":"<!-- This site is optimized with the Yoast SEO Premium plugin v22.1 (Yoast SEO v26.0) - https:\/\/yoast.com\/wordpress\/plugins\/seo\/ -->\n<title>Motyw WordPress dla bi\u017cuterii | Szablon witryny sklepu jubilerskiego<\/title>\n<meta name=\"description\" content=\"Znajd\u017a idealny szablon witryny sklepu jubilerskiego, aby zaprezentowa\u0107 swoj\u0105 kolekcj\u0119 online. Utw\u00f3rz profesjonaln\u0105 witryn\u0119, kt\u00f3ra przyci\u0105ga klient\u00f3w i zwi\u0119ksza sprzeda\u017c.\" \/>\n<meta name=\"robots\" content=\"index, follow, max-snippet:-1, max-image-preview:large, max-video-preview:-1\" \/>\n<link rel=\"canonical\" href=\"https:\/\/themeholt.com\/pl\/product\/bizuteria-luksusowa-edel\/\" \/>\n<meta property=\"og:locale\" content=\"pl_PL\" \/>\n<meta property=\"og:type\" content=\"article\" \/>\n<meta property=\"og:title\" content=\"Bi\u017cuteria luksusowa Edel\" \/>\n<meta property=\"og:description\" content=\"Znajd\u017a idealny szablon witryny sklepu jubilerskiego, aby zaprezentowa\u0107 swoj\u0105 kolekcj\u0119 online. Utw\u00f3rz profesjonaln\u0105 witryn\u0119, kt\u00f3ra przyci\u0105ga klient\u00f3w i zwi\u0119ksza sprzeda\u017c.\" \/>\n<meta property=\"og:url\" content=\"https:\/\/themeholt.com\/pl\/product\/bizuteria-luksusowa-edel\/\" \/>\n<meta property=\"og:site_name\" content=\"ThemeHolt\" \/>\n<meta property=\"article:publisher\" content=\"https:\/\/www.facebook.com\/themeholtT\" \/>\n<meta property=\"article:modified_time\" content=\"2024-10-25T10:37:31+00:00\" \/>\n<meta property=\"og:image\" content=\"https:\/\/themeholt.com\/wp-content\/uploads\/2023\/10\/271.png\" \/>\n\t<meta property=\"og:image:width\" content=\"1365\" \/>\n\t<meta property=\"og:image:height\" content=\"1283\" \/>\n\t<meta property=\"og:image:type\" content=\"image\/png\" \/>\n<meta name=\"twitter:card\" content=\"summary_large_image\" \/>\n<meta name=\"twitter:site\" content=\"@ThemeholtT\" \/>\n<meta name=\"twitter:label1\" content=\"Szacowany czas czytania\" \/>\n\t<meta name=\"twitter:data1\" content=\"1 minuta\" \/>\n<script type=\"application\/ld+json\" class=\"yoast-schema-graph\">{\"@context\":\"https:\/\/schema.org\",\"@graph\":[{\"@type\":\"WebPage\",\"@id\":\"https:\/\/themeholt.com\/pl\/product\/bizuteria-luksusowa-edel\/\",\"url\":\"https:\/\/themeholt.com\/pl\/product\/bizuteria-luksusowa-edel\/\",\"name\":\"Motyw WordPress dla bi\u017cuterii | Szablon witryny sklepu jubilerskiego\",\"isPartOf\":{\"@id\":\"https:\/\/themeholt.com\/#website\"},\"primaryImageOfPage\":{\"@id\":\"https:\/\/themeholt.com\/pl\/product\/bizuteria-luksusowa-edel\/#primaryimage\"},\"image\":{\"@id\":\"https:\/\/themeholt.com\/pl\/product\/bizuteria-luksusowa-edel\/#primaryimage\"},\"thumbnailUrl\":\"https:\/\/themeholt.com\/wp-content\/uploads\/2023\/10\/271.png\",\"datePublished\":\"2023-10-09T06:22:02+00:00\",\"dateModified\":\"2024-10-25T10:37:31+00:00\",\"description\":\"Znajd\u017a idealny szablon witryny sklepu jubilerskiego, aby zaprezentowa\u0107 swoj\u0105 kolekcj\u0119 online. Utw\u00f3rz profesjonaln\u0105 witryn\u0119, kt\u00f3ra przyci\u0105ga klient\u00f3w i zwi\u0119ksza sprzeda\u017c.\",\"breadcrumb\":{\"@id\":\"https:\/\/themeholt.com\/pl\/product\/bizuteria-luksusowa-edel\/#breadcrumb\"},\"inLanguage\":\"pl-PL\",\"potentialAction\":[{\"@type\":\"ReadAction\",\"target\":[\"https:\/\/themeholt.com\/pl\/product\/bizuteria-luksusowa-edel\/\"]}]},{\"@type\":\"ImageObject\",\"inLanguage\":\"pl-PL\",\"@id\":\"https:\/\/themeholt.com\/pl\/product\/bizuteria-luksusowa-edel\/#primaryimage\",\"url\":\"https:\/\/themeholt.com\/wp-content\/uploads\/2023\/10\/271.png\",\"contentUrl\":\"https:\/\/themeholt.com\/wp-content\/uploads\/2023\/10\/271.png\",\"width\":1365,\"height\":1283},{\"@type\":\"BreadcrumbList\",\"@id\":\"https:\/\/themeholt.com\/pl\/product\/bizuteria-luksusowa-edel\/#breadcrumb\",\"itemListElement\":[{\"@type\":\"ListItem\",\"position\":1,\"name\":\"Home\",\"item\":\"https:\/\/themeholt.com\/pl\/\"},{\"@type\":\"ListItem\",\"position\":2,\"name\":\"Shop\",\"item\":\"https:\/\/themeholt.com\/shop\/\"},{\"@type\":\"ListItem\",\"position\":3,\"name\":\"Bi\u017cuteria luksusowa Edel\"}]},{\"@type\":\"WebSite\",\"@id\":\"https:\/\/themeholt.com\/#website\",\"url\":\"https:\/\/themeholt.com\/\",\"name\":\"ThemeHolt\",\"description\":\"Themeholt is a website that offers high-quality WordPress themes\",\"publisher\":{\"@id\":\"https:\/\/themeholt.com\/#organization\"},\"potentialAction\":[{\"@type\":\"SearchAction\",\"target\":{\"@type\":\"EntryPoint\",\"urlTemplate\":\"https:\/\/themeholt.com\/?s={search_term_string}\"},\"query-input\":{\"@type\":\"PropertyValueSpecification\",\"valueRequired\":true,\"valueName\":\"search_term_string\"}}],\"inLanguage\":\"pl-PL\"},{\"@type\":\"Organization\",\"@id\":\"https:\/\/themeholt.com\/#organization\",\"name\":\"ThemeHolt\",\"alternateName\":\"ThemeHolt\",\"url\":\"https:\/\/themeholt.com\/\",\"logo\":{\"@type\":\"ImageObject\",\"inLanguage\":\"pl-PL\",\"@id\":\"https:\/\/themeholt.com\/#\/schema\/logo\/image\/\",\"url\":\"https:\/\/themeholt.com\/wp-content\/uploads\/2024\/10\/themeholt.png\",\"contentUrl\":\"https:\/\/themeholt.com\/wp-content\/uploads\/2024\/10\/themeholt.png\",\"width\":225,\"height\":225,\"caption\":\"ThemeHolt\"},\"image\":{\"@id\":\"https:\/\/themeholt.com\/#\/schema\/logo\/image\/\"},\"sameAs\":[\"https:\/\/www.facebook.com\/themeholtT\",\"https:\/\/x.com\/ThemeholtT\",\"https:\/\/www.linkedin.com\/company\/themeholt\",\"https:\/\/www.instagram.com\/themeholtt\/\"],\"description\":\"Themeholt is a website that offers high-quality WordPress themes that are easy to use and ready for just about everything. In Eindhoven, Netherlands, since 2020 offering simple, accessible WordPress themes by providing a variety of requirements. Themeholt focuses on practicality and efficiency, allowing faster project completion with its superior marketplace and easy-to-use templates.\",\"legalName\":\"ThemeHolt\",\"foundingDate\":\"2022-11-10\",\"numberOfEmployees\":{\"@type\":\"QuantitativeValue\",\"minValue\":\"51\",\"maxValue\":\"200\"}}]}<\/script>\n<!-- \/ Yoast SEO Premium plugin. -->","yoast_head_json":{"title":"Motyw WordPress dla bi\u017cuterii | Szablon witryny sklepu jubilerskiego","description":"Znajd\u017a idealny szablon witryny sklepu jubilerskiego, aby zaprezentowa\u0107 swoj\u0105 kolekcj\u0119 online. Utw\u00f3rz profesjonaln\u0105 witryn\u0119, kt\u00f3ra przyci\u0105ga klient\u00f3w i zwi\u0119ksza sprzeda\u017c.","robots":{"index":"index","follow":"follow","max-snippet":"max-snippet:-1","max-image-preview":"max-image-preview:large","max-video-preview":"max-video-preview:-1"},"canonical":"https:\/\/themeholt.com\/pl\/product\/bizuteria-luksusowa-edel\/","og_locale":"pl_PL","og_type":"article","og_title":"Bi\u017cuteria luksusowa Edel","og_description":"Znajd\u017a idealny szablon witryny sklepu jubilerskiego, aby zaprezentowa\u0107 swoj\u0105 kolekcj\u0119 online. Utw\u00f3rz profesjonaln\u0105 witryn\u0119, kt\u00f3ra przyci\u0105ga klient\u00f3w i zwi\u0119ksza sprzeda\u017c.","og_url":"https:\/\/themeholt.com\/pl\/product\/bizuteria-luksusowa-edel\/","og_site_name":"ThemeHolt","article_publisher":"https:\/\/www.facebook.com\/themeholtT","article_modified_time":"2024-10-25T10:37:31+00:00","og_image":[{"width":1365,"height":1283,"url":"https:\/\/themeholt.com\/wp-content\/uploads\/2023\/10\/271.png","type":"image\/png"}],"twitter_card":"summary_large_image","twitter_site":"@ThemeholtT","twitter_misc":{"Szacowany czas czytania":"1 minuta"},"schema":{"@context":"https:\/\/schema.org","@graph":[{"@type":"WebPage","@id":"https:\/\/themeholt.com\/pl\/product\/bizuteria-luksusowa-edel\/","url":"https:\/\/themeholt.com\/pl\/product\/bizuteria-luksusowa-edel\/","name":"Motyw WordPress dla bi\u017cuterii | Szablon witryny sklepu jubilerskiego","isPartOf":{"@id":"https:\/\/themeholt.com\/#website"},"primaryImageOfPage":{"@id":"https:\/\/themeholt.com\/pl\/product\/bizuteria-luksusowa-edel\/#primaryimage"},"image":{"@id":"https:\/\/themeholt.com\/pl\/product\/bizuteria-luksusowa-edel\/#primaryimage"},"thumbnailUrl":"https:\/\/themeholt.com\/wp-content\/uploads\/2023\/10\/271.png","datePublished":"2023-10-09T06:22:02+00:00","dateModified":"2024-10-25T10:37:31+00:00","description":"Znajd\u017a idealny szablon witryny sklepu jubilerskiego, aby zaprezentowa\u0107 swoj\u0105 kolekcj\u0119 online. Utw\u00f3rz profesjonaln\u0105 witryn\u0119, kt\u00f3ra przyci\u0105ga klient\u00f3w i zwi\u0119ksza sprzeda\u017c.","breadcrumb":{"@id":"https:\/\/themeholt.com\/pl\/product\/bizuteria-luksusowa-edel\/#breadcrumb"},"inLanguage":"pl-PL","potentialAction":[{"@type":"ReadAction","target":["https:\/\/themeholt.com\/pl\/product\/bizuteria-luksusowa-edel\/"]}]},{"@type":"ImageObject","inLanguage":"pl-PL","@id":"https:\/\/themeholt.com\/pl\/product\/bizuteria-luksusowa-edel\/#primaryimage","url":"https:\/\/themeholt.com\/wp-content\/uploads\/2023\/10\/271.png","contentUrl":"https:\/\/themeholt.com\/wp-content\/uploads\/2023\/10\/271.png","width":1365,"height":1283},{"@type":"BreadcrumbList","@id":"https:\/\/themeholt.com\/pl\/product\/bizuteria-luksusowa-edel\/#breadcrumb","itemListElement":[{"@type":"ListItem","position":1,"name":"Home","item":"https:\/\/themeholt.com\/pl\/"},{"@type":"ListItem","position":2,"name":"Shop","item":"https:\/\/themeholt.com\/shop\/"},{"@type":"ListItem","position":3,"name":"Bi\u017cuteria luksusowa Edel"}]},{"@type":"WebSite","@id":"https:\/\/themeholt.com\/#website","url":"https:\/\/themeholt.com\/","name":"ThemeHolt","description":"Themeholt is a website that offers high-quality WordPress themes","publisher":{"@id":"https:\/\/themeholt.com\/#organization"},"potentialAction":[{"@type":"SearchAction","target":{"@type":"EntryPoint","urlTemplate":"https:\/\/themeholt.com\/?s={search_term_string}"},"query-input":{"@type":"PropertyValueSpecification","valueRequired":true,"valueName":"search_term_string"}}],"inLanguage":"pl-PL"},{"@type":"Organization","@id":"https:\/\/themeholt.com\/#organization","name":"ThemeHolt","alternateName":"ThemeHolt","url":"https:\/\/themeholt.com\/","logo":{"@type":"ImageObject","inLanguage":"pl-PL","@id":"https:\/\/themeholt.com\/#\/schema\/logo\/image\/","url":"https:\/\/themeholt.com\/wp-content\/uploads\/2024\/10\/themeholt.png","contentUrl":"https:\/\/themeholt.com\/wp-content\/uploads\/2024\/10\/themeholt.png","width":225,"height":225,"caption":"ThemeHolt"},"image":{"@id":"https:\/\/themeholt.com\/#\/schema\/logo\/image\/"},"sameAs":["https:\/\/www.facebook.com\/themeholtT","https:\/\/x.com\/ThemeholtT","https:\/\/www.linkedin.com\/company\/themeholt","https:\/\/www.instagram.com\/themeholtt\/"],"description":"Themeholt is a website that offers high-quality WordPress themes that are easy to use and ready for just about everything. In Eindhoven, Netherlands, since 2020 offering simple, accessible WordPress themes by providing a variety of requirements. Themeholt focuses on practicality and efficiency, allowing faster project completion with its superior marketplace and easy-to-use templates.","legalName":"ThemeHolt","foundingDate":"2022-11-10","numberOfEmployees":{"@type":"QuantitativeValue","minValue":"51","maxValue":"200"}}]}},"_links":{"self":[{"href":"https:\/\/themeholt.com\/pl\/wp-json\/wp\/v2\/product\/15503","targetHints":{"allow":["GET"]}}],"collection":[{"href":"https:\/\/themeholt.com\/pl\/wp-json\/wp\/v2\/product"}],"about":[{"href":"https:\/\/themeholt.com\/pl\/wp-json\/wp\/v2\/types\/product"}],"wp:featuredmedia":[{"embeddable":true,"href":"https:\/\/themeholt.com\/pl\/wp-json\/wp\/v2\/media\/15504"}],"wp:attachment":[{"href":"https:\/\/themeholt.com\/pl\/wp-json\/wp\/v2\/media?parent=15503"}],"wp:term":[{"taxonomy":"product_brand","embeddable":true,"href":"https:\/\/themeholt.com\/pl\/wp-json\/wp\/v2\/product_brand?post=15503"},{"taxonomy":"product_cat","embeddable":true,"href":"https:\/\/themeholt.com\/pl\/wp-json\/wp\/v2\/product_cat?post=15503"},{"taxonomy":"product_tag","embeddable":true,"href":"https:\/\/themeholt.com\/pl\/wp-json\/wp\/v2\/product_tag?post=15503"}],"curies":[{"name":"wp","href":"https:\/\/api.w.org\/{rel}","templated":true}]}}