{"id":15511,"date":"2023-10-09T06:09:28","date_gmt":"2023-10-09T06:09:28","guid":{"rendered":"https:\/\/themeholt.com\/product\/melier-hair-beauty-salon\/"},"modified":"2024-10-25T10:57:48","modified_gmt":"2024-10-25T10:57:48","slug":"salon-fryzjersko-kosmetyczny-melier","status":"publish","type":"product","link":"https:\/\/themeholt.com\/pl\/product\/salon-fryzjersko-kosmetyczny-melier\/","title":{"rendered":"Salon fryzjersko-kosmetyczny Melier"},"content":{"rendered":"<p><span style=\"font-weight: 400\">A<\/span><b> Hair Beauty Salon WordPress Theme<\/b><span style=\"font-weight: 400\"> to wszechstronny i wizualnie osza\u0142amiaj\u0105cy szablon zaprojektowany tak, aby spe\u0142ni\u0107 specyficzne potrzeby salon\u00f3w fryzjerskich i profesjonalist\u00f3w z bran\u017cy kosmetycznej. Ten motyw zapewnia idealn\u0105 r\u00f3wnowag\u0119 mi\u0119dzy stylem i funkcjonalno\u015bci\u0105 dzi\u0119ki nowoczesnemu i stylowemu projektowi. Ma wszystkie wymagania, w tym galerie do wy\u015bwietlania Twojej pracy, systemy do planowania spotka\u0144 i opisy Twoich us\u0142ug. <\/span><\/p>\n<p><span style=\"font-weight: 400\">Responsywny projekt motywu zapewnia, \u017ce \u200b\u200bwygl\u0105da on fantastycznie na wszystkich urz\u0105dzeniach, poprawiaj\u0105c wra\u017cenia u\u017cytkownika. Jego opcje dostosowywania pozwalaj\u0105 dostosowa\u0107 motyw do marki Twojego salonu, a jego przyjazny dla u\u017cytkownika interfejs u\u0142atwia w\u0142a\u015bcicielom salon\u00f3w zarz\u0105dzanie tre\u015bci\u0105 i jej aktualizowanie. Ten motyw jest najlepszym rozwi\u0105zaniem dla firm z bran\u017cy fryzjerskiej i kosmetycznej, kt\u00f3re chc\u0105 stworzy\u0107 siln\u0105 obecno\u015b\u0107 online.<\/span><\/p>\n","protected":false},"excerpt":{"rendered":"<ul>\n<li><span style=\"font-weight: 400\">Bezproblemowe po\u0142\u0105czenie WooCommerce i WordPress<\/span><\/li>\n<li><span style=\"font-weight: 400\">Osza\u0142amiaj\u0105cy design i dostosowywanie<\/span><\/li>\n<li><span style=\"font-weight: 400\">Zoptymalizowany pod k\u0105tem sukcesu w handlu elektronicznym<\/span><\/li>\n<li><span style=\"font-weight: 400\">Bezproblemowa integracja funkcji WooCommerce<\/span><\/li>\n<li><span style=\"font-weight: 400\">Zaawansowane mo\u017cliwo\u015bci SEO<\/span><\/li>\n<li><span style=\"font-weight: 400\">\u015awiatowej klasy wsparcie i dokumentacja<\/span><\/li>\n<\/ul>\n","protected":false},"featured_media":15512,"template":"","meta":{"_acf_changed":false,"inline_featured_image":false},"product_brand":[],"product_cat":[1340],"product_tag":[1341,1342,1343,1344],"class_list":{"0":"post-15511","1":"product","2":"type-product","3":"status-publish","4":"has-post-thumbnail","6":"product_cat-fashion-beauty-pl","7":"product_tag-affordable-fashion-and-beauty-themes-pl","8":"product_tag-best-fashion-website-themes-pl","9":"product_tag-best-spa-beauty-salon-wordpress-themes-pl","10":"product_tag-fashion-theme-pl","12":"first","13":"instock","14":"sale","15":"downloadable","16":"taxable","17":"shipping-taxable","18":"purchasable","19":"product-type-simple"},"acf":[],"yoast_head":"<!-- This site is optimized with the Yoast SEO Premium plugin v22.1 (Yoast SEO v26.0) - https:\/\/yoast.com\/wordpress\/plugins\/seo\/ -->\n<title>Motyw Salon WordPress | Przyst\u0119pne cenowo motywy Hair Beauty<\/title>\n<meta name=\"description\" content=\"Kup stylowy motyw WordPress salonu dla swojej witryny internetowej po\u015bwi\u0119conej w\u0142osom i urodzie. \u0141atwo prezentuj us\u0142ugi, portfolio i spotkania. Utw\u00f3rz swoj\u0105 witryn\u0119 ju\u017c teraz!\" \/>\n<meta name=\"robots\" content=\"index, follow, max-snippet:-1, max-image-preview:large, max-video-preview:-1\" \/>\n<link rel=\"canonical\" href=\"https:\/\/themeholt.com\/pl\/product\/salon-fryzjersko-kosmetyczny-melier\/\" \/>\n<meta property=\"og:locale\" content=\"pl_PL\" \/>\n<meta property=\"og:type\" content=\"article\" \/>\n<meta property=\"og:title\" content=\"Salon fryzjersko-kosmetyczny Melier\" \/>\n<meta property=\"og:description\" content=\"Kup stylowy motyw WordPress salonu dla swojej witryny internetowej po\u015bwi\u0119conej w\u0142osom i urodzie. \u0141atwo prezentuj us\u0142ugi, portfolio i spotkania. Utw\u00f3rz swoj\u0105 witryn\u0119 ju\u017c teraz!\" \/>\n<meta property=\"og:url\" content=\"https:\/\/themeholt.com\/pl\/product\/salon-fryzjersko-kosmetyczny-melier\/\" \/>\n<meta property=\"og:site_name\" content=\"ThemeHolt\" \/>\n<meta property=\"article:publisher\" content=\"https:\/\/www.facebook.com\/themeholtT\" \/>\n<meta property=\"article:modified_time\" content=\"2024-10-25T10:57:48+00:00\" \/>\n<meta property=\"og:image\" content=\"https:\/\/themeholt.com\/wp-content\/uploads\/2023\/10\/261.png\" \/>\n\t<meta property=\"og:image:width\" content=\"1363\" \/>\n\t<meta property=\"og:image:height\" content=\"1295\" \/>\n\t<meta property=\"og:image:type\" content=\"image\/png\" \/>\n<meta name=\"twitter:card\" content=\"summary_large_image\" \/>\n<meta name=\"twitter:site\" content=\"@ThemeholtT\" \/>\n<meta name=\"twitter:label1\" content=\"Szacowany czas czytania\" \/>\n\t<meta name=\"twitter:data1\" content=\"1 minuta\" \/>\n<script type=\"application\/ld+json\" class=\"yoast-schema-graph\">{\"@context\":\"https:\/\/schema.org\",\"@graph\":[{\"@type\":\"WebPage\",\"@id\":\"https:\/\/themeholt.com\/pl\/product\/salon-fryzjersko-kosmetyczny-melier\/\",\"url\":\"https:\/\/themeholt.com\/pl\/product\/salon-fryzjersko-kosmetyczny-melier\/\",\"name\":\"Motyw Salon WordPress | Przyst\u0119pne cenowo motywy Hair Beauty\",\"isPartOf\":{\"@id\":\"https:\/\/themeholt.com\/#website\"},\"primaryImageOfPage\":{\"@id\":\"https:\/\/themeholt.com\/pl\/product\/salon-fryzjersko-kosmetyczny-melier\/#primaryimage\"},\"image\":{\"@id\":\"https:\/\/themeholt.com\/pl\/product\/salon-fryzjersko-kosmetyczny-melier\/#primaryimage\"},\"thumbnailUrl\":\"https:\/\/themeholt.com\/wp-content\/uploads\/2023\/10\/261.png\",\"datePublished\":\"2023-10-09T06:09:28+00:00\",\"dateModified\":\"2024-10-25T10:57:48+00:00\",\"description\":\"Kup stylowy motyw WordPress salonu dla swojej witryny internetowej po\u015bwi\u0119conej w\u0142osom i urodzie. \u0141atwo prezentuj us\u0142ugi, portfolio i spotkania. Utw\u00f3rz swoj\u0105 witryn\u0119 ju\u017c teraz!\",\"breadcrumb\":{\"@id\":\"https:\/\/themeholt.com\/pl\/product\/salon-fryzjersko-kosmetyczny-melier\/#breadcrumb\"},\"inLanguage\":\"pl-PL\",\"potentialAction\":[{\"@type\":\"ReadAction\",\"target\":[\"https:\/\/themeholt.com\/pl\/product\/salon-fryzjersko-kosmetyczny-melier\/\"]}]},{\"@type\":\"ImageObject\",\"inLanguage\":\"pl-PL\",\"@id\":\"https:\/\/themeholt.com\/pl\/product\/salon-fryzjersko-kosmetyczny-melier\/#primaryimage\",\"url\":\"https:\/\/themeholt.com\/wp-content\/uploads\/2023\/10\/261.png\",\"contentUrl\":\"https:\/\/themeholt.com\/wp-content\/uploads\/2023\/10\/261.png\",\"width\":1363,\"height\":1295},{\"@type\":\"BreadcrumbList\",\"@id\":\"https:\/\/themeholt.com\/pl\/product\/salon-fryzjersko-kosmetyczny-melier\/#breadcrumb\",\"itemListElement\":[{\"@type\":\"ListItem\",\"position\":1,\"name\":\"Home\",\"item\":\"https:\/\/themeholt.com\/pl\/\"},{\"@type\":\"ListItem\",\"position\":2,\"name\":\"Shop\",\"item\":\"https:\/\/themeholt.com\/shop\/\"},{\"@type\":\"ListItem\",\"position\":3,\"name\":\"Salon fryzjersko-kosmetyczny Melier\"}]},{\"@type\":\"WebSite\",\"@id\":\"https:\/\/themeholt.com\/#website\",\"url\":\"https:\/\/themeholt.com\/\",\"name\":\"ThemeHolt\",\"description\":\"Themeholt is a website that offers high-quality WordPress themes\",\"publisher\":{\"@id\":\"https:\/\/themeholt.com\/#organization\"},\"potentialAction\":[{\"@type\":\"SearchAction\",\"target\":{\"@type\":\"EntryPoint\",\"urlTemplate\":\"https:\/\/themeholt.com\/?s={search_term_string}\"},\"query-input\":{\"@type\":\"PropertyValueSpecification\",\"valueRequired\":true,\"valueName\":\"search_term_string\"}}],\"inLanguage\":\"pl-PL\"},{\"@type\":\"Organization\",\"@id\":\"https:\/\/themeholt.com\/#organization\",\"name\":\"ThemeHolt\",\"alternateName\":\"ThemeHolt\",\"url\":\"https:\/\/themeholt.com\/\",\"logo\":{\"@type\":\"ImageObject\",\"inLanguage\":\"pl-PL\",\"@id\":\"https:\/\/themeholt.com\/#\/schema\/logo\/image\/\",\"url\":\"https:\/\/themeholt.com\/wp-content\/uploads\/2024\/10\/themeholt.png\",\"contentUrl\":\"https:\/\/themeholt.com\/wp-content\/uploads\/2024\/10\/themeholt.png\",\"width\":225,\"height\":225,\"caption\":\"ThemeHolt\"},\"image\":{\"@id\":\"https:\/\/themeholt.com\/#\/schema\/logo\/image\/\"},\"sameAs\":[\"https:\/\/www.facebook.com\/themeholtT\",\"https:\/\/x.com\/ThemeholtT\",\"https:\/\/www.linkedin.com\/company\/themeholt\",\"https:\/\/www.instagram.com\/themeholtt\/\"],\"description\":\"Themeholt is a website that offers high-quality WordPress themes that are easy to use and ready for just about everything. In Eindhoven, Netherlands, since 2020 offering simple, accessible WordPress themes by providing a variety of requirements. Themeholt focuses on practicality and efficiency, allowing faster project completion with its superior marketplace and easy-to-use templates.\",\"legalName\":\"ThemeHolt\",\"foundingDate\":\"2022-11-10\",\"numberOfEmployees\":{\"@type\":\"QuantitativeValue\",\"minValue\":\"51\",\"maxValue\":\"200\"}}]}<\/script>\n<!-- \/ Yoast SEO Premium plugin. -->","yoast_head_json":{"title":"Motyw Salon WordPress | Przyst\u0119pne cenowo motywy Hair Beauty","description":"Kup stylowy motyw WordPress salonu dla swojej witryny internetowej po\u015bwi\u0119conej w\u0142osom i urodzie. \u0141atwo prezentuj us\u0142ugi, portfolio i spotkania. Utw\u00f3rz swoj\u0105 witryn\u0119 ju\u017c teraz!","robots":{"index":"index","follow":"follow","max-snippet":"max-snippet:-1","max-image-preview":"max-image-preview:large","max-video-preview":"max-video-preview:-1"},"canonical":"https:\/\/themeholt.com\/pl\/product\/salon-fryzjersko-kosmetyczny-melier\/","og_locale":"pl_PL","og_type":"article","og_title":"Salon fryzjersko-kosmetyczny Melier","og_description":"Kup stylowy motyw WordPress salonu dla swojej witryny internetowej po\u015bwi\u0119conej w\u0142osom i urodzie. \u0141atwo prezentuj us\u0142ugi, portfolio i spotkania. Utw\u00f3rz swoj\u0105 witryn\u0119 ju\u017c teraz!","og_url":"https:\/\/themeholt.com\/pl\/product\/salon-fryzjersko-kosmetyczny-melier\/","og_site_name":"ThemeHolt","article_publisher":"https:\/\/www.facebook.com\/themeholtT","article_modified_time":"2024-10-25T10:57:48+00:00","og_image":[{"width":1363,"height":1295,"url":"https:\/\/themeholt.com\/wp-content\/uploads\/2023\/10\/261.png","type":"image\/png"}],"twitter_card":"summary_large_image","twitter_site":"@ThemeholtT","twitter_misc":{"Szacowany czas czytania":"1 minuta"},"schema":{"@context":"https:\/\/schema.org","@graph":[{"@type":"WebPage","@id":"https:\/\/themeholt.com\/pl\/product\/salon-fryzjersko-kosmetyczny-melier\/","url":"https:\/\/themeholt.com\/pl\/product\/salon-fryzjersko-kosmetyczny-melier\/","name":"Motyw Salon WordPress | Przyst\u0119pne cenowo motywy Hair Beauty","isPartOf":{"@id":"https:\/\/themeholt.com\/#website"},"primaryImageOfPage":{"@id":"https:\/\/themeholt.com\/pl\/product\/salon-fryzjersko-kosmetyczny-melier\/#primaryimage"},"image":{"@id":"https:\/\/themeholt.com\/pl\/product\/salon-fryzjersko-kosmetyczny-melier\/#primaryimage"},"thumbnailUrl":"https:\/\/themeholt.com\/wp-content\/uploads\/2023\/10\/261.png","datePublished":"2023-10-09T06:09:28+00:00","dateModified":"2024-10-25T10:57:48+00:00","description":"Kup stylowy motyw WordPress salonu dla swojej witryny internetowej po\u015bwi\u0119conej w\u0142osom i urodzie. \u0141atwo prezentuj us\u0142ugi, portfolio i spotkania. Utw\u00f3rz swoj\u0105 witryn\u0119 ju\u017c teraz!","breadcrumb":{"@id":"https:\/\/themeholt.com\/pl\/product\/salon-fryzjersko-kosmetyczny-melier\/#breadcrumb"},"inLanguage":"pl-PL","potentialAction":[{"@type":"ReadAction","target":["https:\/\/themeholt.com\/pl\/product\/salon-fryzjersko-kosmetyczny-melier\/"]}]},{"@type":"ImageObject","inLanguage":"pl-PL","@id":"https:\/\/themeholt.com\/pl\/product\/salon-fryzjersko-kosmetyczny-melier\/#primaryimage","url":"https:\/\/themeholt.com\/wp-content\/uploads\/2023\/10\/261.png","contentUrl":"https:\/\/themeholt.com\/wp-content\/uploads\/2023\/10\/261.png","width":1363,"height":1295},{"@type":"BreadcrumbList","@id":"https:\/\/themeholt.com\/pl\/product\/salon-fryzjersko-kosmetyczny-melier\/#breadcrumb","itemListElement":[{"@type":"ListItem","position":1,"name":"Home","item":"https:\/\/themeholt.com\/pl\/"},{"@type":"ListItem","position":2,"name":"Shop","item":"https:\/\/themeholt.com\/shop\/"},{"@type":"ListItem","position":3,"name":"Salon fryzjersko-kosmetyczny Melier"}]},{"@type":"WebSite","@id":"https:\/\/themeholt.com\/#website","url":"https:\/\/themeholt.com\/","name":"ThemeHolt","description":"Themeholt is a website that offers high-quality WordPress themes","publisher":{"@id":"https:\/\/themeholt.com\/#organization"},"potentialAction":[{"@type":"SearchAction","target":{"@type":"EntryPoint","urlTemplate":"https:\/\/themeholt.com\/?s={search_term_string}"},"query-input":{"@type":"PropertyValueSpecification","valueRequired":true,"valueName":"search_term_string"}}],"inLanguage":"pl-PL"},{"@type":"Organization","@id":"https:\/\/themeholt.com\/#organization","name":"ThemeHolt","alternateName":"ThemeHolt","url":"https:\/\/themeholt.com\/","logo":{"@type":"ImageObject","inLanguage":"pl-PL","@id":"https:\/\/themeholt.com\/#\/schema\/logo\/image\/","url":"https:\/\/themeholt.com\/wp-content\/uploads\/2024\/10\/themeholt.png","contentUrl":"https:\/\/themeholt.com\/wp-content\/uploads\/2024\/10\/themeholt.png","width":225,"height":225,"caption":"ThemeHolt"},"image":{"@id":"https:\/\/themeholt.com\/#\/schema\/logo\/image\/"},"sameAs":["https:\/\/www.facebook.com\/themeholtT","https:\/\/x.com\/ThemeholtT","https:\/\/www.linkedin.com\/company\/themeholt","https:\/\/www.instagram.com\/themeholtt\/"],"description":"Themeholt is a website that offers high-quality WordPress themes that are easy to use and ready for just about everything. In Eindhoven, Netherlands, since 2020 offering simple, accessible WordPress themes by providing a variety of requirements. Themeholt focuses on practicality and efficiency, allowing faster project completion with its superior marketplace and easy-to-use templates.","legalName":"ThemeHolt","foundingDate":"2022-11-10","numberOfEmployees":{"@type":"QuantitativeValue","minValue":"51","maxValue":"200"}}]}},"_links":{"self":[{"href":"https:\/\/themeholt.com\/pl\/wp-json\/wp\/v2\/product\/15511","targetHints":{"allow":["GET"]}}],"collection":[{"href":"https:\/\/themeholt.com\/pl\/wp-json\/wp\/v2\/product"}],"about":[{"href":"https:\/\/themeholt.com\/pl\/wp-json\/wp\/v2\/types\/product"}],"wp:featuredmedia":[{"embeddable":true,"href":"https:\/\/themeholt.com\/pl\/wp-json\/wp\/v2\/media\/15512"}],"wp:attachment":[{"href":"https:\/\/themeholt.com\/pl\/wp-json\/wp\/v2\/media?parent=15511"}],"wp:term":[{"taxonomy":"product_brand","embeddable":true,"href":"https:\/\/themeholt.com\/pl\/wp-json\/wp\/v2\/product_brand?post=15511"},{"taxonomy":"product_cat","embeddable":true,"href":"https:\/\/themeholt.com\/pl\/wp-json\/wp\/v2\/product_cat?post=15511"},{"taxonomy":"product_tag","embeddable":true,"href":"https:\/\/themeholt.com\/pl\/wp-json\/wp\/v2\/product_tag?post=15511"}],"curies":[{"name":"wp","href":"https:\/\/api.w.org\/{rel}","templated":true}]}}