{"id":15531,"date":"2023-10-09T05:31:31","date_gmt":"2023-10-09T05:31:31","guid":{"rendered":"https:\/\/themeholt.com\/product\/fooditi-restaurant-cafe\/"},"modified":"2024-10-25T11:37:28","modified_gmt":"2024-10-25T11:37:28","slug":"restauracja-fooditi-cafe","status":"publish","type":"product","link":"https:\/\/themeholt.com\/pl\/product\/restauracja-fooditi-cafe\/","title":{"rendered":"Restauracja Fooditi Cafe"},"content":{"rendered":"<p><span style=\"font-weight: 400\"><\/span><b>Restaurant Cafe WordPress Theme<\/b><span style=\"font-weight: 400\"> to wszechstronny i atrakcyjny wizualnie szablon zaprojektowany w celu zwi\u0119kszenia obecno\u015bci restauracji i kawiarni w Internecie. Ten motyw zapewnia w\u0142a\u015bcicielom restauracji i konsumentom p\u0142ynne i \u0142atwe do\u015bwiadczenie. Skutecznie prezentuje Twoje menu, us\u0142ugi i otoczenie dzi\u0119ki swojemu sprawnemu i nowoczesnemu uk\u0142adowi, kt\u00f3ry r\u00f3wnie\u017c tworzy przyjazn\u0105 atmosfer\u0119. <\/span><\/p>\n<p><span style=\"font-weight: 400\">Mo\u017cesz \u0142atwo dostosowa\u0107 funkcje motywu, aby dopasowa\u0107 swoj\u0105 mark\u0119 i styl do swojej witryny. Dzi\u0119ki takim funkcjom, jak przyjazne dla u\u017cytkownika menu i systemy rezerwacji online, ten motyw zosta\u0142 zaprojektowany w celu zwi\u0119kszenia og\u00f3lnego do\u015bwiadczenia klient\u00f3w, co czyni go \u015bwietn\u0105 opcj\u0105 dla ka\u017cdej restauracji, kt\u00f3ra chce stworzy\u0107 fascynuj\u0105c\u0105 obecno\u015b\u0107 w Internecie.<\/span><\/p>\n","protected":false},"excerpt":{"rendered":"<ul>\n<li><span style=\"font-weight: 400\">Bezproblemowe korzystanie z Internetu<\/span><\/li>\n<li><span style=\"font-weight: 400\">Responsywne i przyjazne dla urz\u0105dze\u0144 mobilnych<\/span><\/li>\n<li><span style=\"font-weight: 400\">Resplendent Analytics<\/span><\/li>\n<li><span style=\"font-weight: 400\">Platforma blogowa<\/span><\/li>\n<li><span style=\"font-weight: 400\">Integracja z mediami spo\u0142eczno\u015bciowymi<\/span><\/li>\n<li><span style=\"font-weight: 400\">Interaktywne menu<\/span><\/li>\n<li><span style=\"font-weight: 400\">\u0141atwe rezerwacje<\/span><\/li>\n<li><span style=\"font-weight: 400\">Wizualne Rozkosze<\/span><\/li>\n<li><span style=\"font-weight: 400\">Rozpoczyna si\u0119 kulinarna podr\u00f3\u017c<\/span><\/li>\n<\/ul>\n","protected":false},"featured_media":15532,"template":"","meta":{"_acf_changed":false,"inline_featured_image":false},"product_brand":[],"product_cat":[1335],"product_tag":[1336,1337,1338,1339],"class_list":{"0":"post-15531","1":"product","2":"type-product","3":"status-publish","4":"has-post-thumbnail","6":"product_cat-food-resturant-pl","7":"product_tag-affordable-restaurant-website-theme-ideas-pl","8":"product_tag-best-restaurant-themes-ideas-pl","9":"product_tag-fast-food-restaurant-themes-pl","10":"product_tag-best-food-website-themes-pl","12":"first","13":"instock","14":"sale","15":"downloadable","16":"taxable","17":"shipping-taxable","18":"purchasable","19":"product-type-simple"},"acf":[],"yoast_head":"<!-- This site is optimized with the Yoast SEO Premium plugin v22.1 (Yoast SEO v26.0) - https:\/\/yoast.com\/wordpress\/plugins\/seo\/ -->\n<title>Motywy restauracji Fast Food | Najlepsze motywy witryn internetowych o jedzeniu<\/title>\n<meta name=\"description\" content=\"Zdob\u0105d\u017a najlepsze motywy stron internetowych o jedzeniu! Wybierz pi\u0119kne projekty dla swojej restauracji, kawiarni lub bloga o jedzeniu. \u0141atwo stw\u00f3rz niesamowit\u0105 obecno\u015b\u0107 online.\" \/>\n<meta name=\"robots\" content=\"index, follow, max-snippet:-1, max-image-preview:large, max-video-preview:-1\" \/>\n<link rel=\"canonical\" href=\"https:\/\/themeholt.com\/pl\/product\/restauracja-fooditi-cafe\/\" \/>\n<meta property=\"og:locale\" content=\"pl_PL\" \/>\n<meta property=\"og:type\" content=\"article\" \/>\n<meta property=\"og:title\" content=\"Restauracja Fooditi Cafe\" \/>\n<meta property=\"og:description\" content=\"Zdob\u0105d\u017a najlepsze motywy stron internetowych o jedzeniu! Wybierz pi\u0119kne projekty dla swojej restauracji, kawiarni lub bloga o jedzeniu. \u0141atwo stw\u00f3rz niesamowit\u0105 obecno\u015b\u0107 online.\" \/>\n<meta property=\"og:url\" content=\"https:\/\/themeholt.com\/pl\/product\/restauracja-fooditi-cafe\/\" \/>\n<meta property=\"og:site_name\" content=\"ThemeHolt\" \/>\n<meta property=\"article:publisher\" content=\"https:\/\/www.facebook.com\/themeholtT\" \/>\n<meta property=\"article:modified_time\" content=\"2024-10-25T11:37:28+00:00\" \/>\n<meta property=\"og:image\" content=\"https:\/\/themeholt.com\/wp-content\/uploads\/2023\/10\/231.png\" \/>\n\t<meta property=\"og:image:width\" content=\"1365\" \/>\n\t<meta property=\"og:image:height\" content=\"1001\" \/>\n\t<meta property=\"og:image:type\" content=\"image\/png\" \/>\n<meta name=\"twitter:card\" content=\"summary_large_image\" \/>\n<meta name=\"twitter:site\" content=\"@ThemeholtT\" \/>\n<meta name=\"twitter:label1\" content=\"Szacowany czas czytania\" \/>\n\t<meta name=\"twitter:data1\" content=\"1 minuta\" \/>\n<script type=\"application\/ld+json\" class=\"yoast-schema-graph\">{\"@context\":\"https:\/\/schema.org\",\"@graph\":[{\"@type\":\"WebPage\",\"@id\":\"https:\/\/themeholt.com\/pl\/product\/restauracja-fooditi-cafe\/\",\"url\":\"https:\/\/themeholt.com\/pl\/product\/restauracja-fooditi-cafe\/\",\"name\":\"Motywy restauracji Fast Food | Najlepsze motywy witryn internetowych o jedzeniu\",\"isPartOf\":{\"@id\":\"https:\/\/themeholt.com\/#website\"},\"primaryImageOfPage\":{\"@id\":\"https:\/\/themeholt.com\/pl\/product\/restauracja-fooditi-cafe\/#primaryimage\"},\"image\":{\"@id\":\"https:\/\/themeholt.com\/pl\/product\/restauracja-fooditi-cafe\/#primaryimage\"},\"thumbnailUrl\":\"https:\/\/themeholt.com\/wp-content\/uploads\/2023\/10\/231.png\",\"datePublished\":\"2023-10-09T05:31:31+00:00\",\"dateModified\":\"2024-10-25T11:37:28+00:00\",\"description\":\"Zdob\u0105d\u017a najlepsze motywy stron internetowych o jedzeniu! Wybierz pi\u0119kne projekty dla swojej restauracji, kawiarni lub bloga o jedzeniu. \u0141atwo stw\u00f3rz niesamowit\u0105 obecno\u015b\u0107 online.\",\"breadcrumb\":{\"@id\":\"https:\/\/themeholt.com\/pl\/product\/restauracja-fooditi-cafe\/#breadcrumb\"},\"inLanguage\":\"pl-PL\",\"potentialAction\":[{\"@type\":\"ReadAction\",\"target\":[\"https:\/\/themeholt.com\/pl\/product\/restauracja-fooditi-cafe\/\"]}]},{\"@type\":\"ImageObject\",\"inLanguage\":\"pl-PL\",\"@id\":\"https:\/\/themeholt.com\/pl\/product\/restauracja-fooditi-cafe\/#primaryimage\",\"url\":\"https:\/\/themeholt.com\/wp-content\/uploads\/2023\/10\/231.png\",\"contentUrl\":\"https:\/\/themeholt.com\/wp-content\/uploads\/2023\/10\/231.png\",\"width\":1365,\"height\":1001},{\"@type\":\"BreadcrumbList\",\"@id\":\"https:\/\/themeholt.com\/pl\/product\/restauracja-fooditi-cafe\/#breadcrumb\",\"itemListElement\":[{\"@type\":\"ListItem\",\"position\":1,\"name\":\"Home\",\"item\":\"https:\/\/themeholt.com\/pl\/\"},{\"@type\":\"ListItem\",\"position\":2,\"name\":\"Shop\",\"item\":\"https:\/\/themeholt.com\/shop\/\"},{\"@type\":\"ListItem\",\"position\":3,\"name\":\"Restauracja Fooditi Cafe\"}]},{\"@type\":\"WebSite\",\"@id\":\"https:\/\/themeholt.com\/#website\",\"url\":\"https:\/\/themeholt.com\/\",\"name\":\"ThemeHolt\",\"description\":\"Themeholt is a website that offers high-quality WordPress themes\",\"publisher\":{\"@id\":\"https:\/\/themeholt.com\/#organization\"},\"potentialAction\":[{\"@type\":\"SearchAction\",\"target\":{\"@type\":\"EntryPoint\",\"urlTemplate\":\"https:\/\/themeholt.com\/?s={search_term_string}\"},\"query-input\":{\"@type\":\"PropertyValueSpecification\",\"valueRequired\":true,\"valueName\":\"search_term_string\"}}],\"inLanguage\":\"pl-PL\"},{\"@type\":\"Organization\",\"@id\":\"https:\/\/themeholt.com\/#organization\",\"name\":\"ThemeHolt\",\"alternateName\":\"ThemeHolt\",\"url\":\"https:\/\/themeholt.com\/\",\"logo\":{\"@type\":\"ImageObject\",\"inLanguage\":\"pl-PL\",\"@id\":\"https:\/\/themeholt.com\/#\/schema\/logo\/image\/\",\"url\":\"https:\/\/themeholt.com\/wp-content\/uploads\/2024\/10\/themeholt.png\",\"contentUrl\":\"https:\/\/themeholt.com\/wp-content\/uploads\/2024\/10\/themeholt.png\",\"width\":225,\"height\":225,\"caption\":\"ThemeHolt\"},\"image\":{\"@id\":\"https:\/\/themeholt.com\/#\/schema\/logo\/image\/\"},\"sameAs\":[\"https:\/\/www.facebook.com\/themeholtT\",\"https:\/\/x.com\/ThemeholtT\",\"https:\/\/www.linkedin.com\/company\/themeholt\",\"https:\/\/www.instagram.com\/themeholtt\/\"],\"description\":\"Themeholt is a website that offers high-quality WordPress themes that are easy to use and ready for just about everything. In Eindhoven, Netherlands, since 2020 offering simple, accessible WordPress themes by providing a variety of requirements. Themeholt focuses on practicality and efficiency, allowing faster project completion with its superior marketplace and easy-to-use templates.\",\"legalName\":\"ThemeHolt\",\"foundingDate\":\"2022-11-10\",\"numberOfEmployees\":{\"@type\":\"QuantitativeValue\",\"minValue\":\"51\",\"maxValue\":\"200\"}}]}<\/script>\n<!-- \/ Yoast SEO Premium plugin. -->","yoast_head_json":{"title":"Motywy restauracji Fast Food | Najlepsze motywy witryn internetowych o jedzeniu","description":"Zdob\u0105d\u017a najlepsze motywy stron internetowych o jedzeniu! Wybierz pi\u0119kne projekty dla swojej restauracji, kawiarni lub bloga o jedzeniu. \u0141atwo stw\u00f3rz niesamowit\u0105 obecno\u015b\u0107 online.","robots":{"index":"index","follow":"follow","max-snippet":"max-snippet:-1","max-image-preview":"max-image-preview:large","max-video-preview":"max-video-preview:-1"},"canonical":"https:\/\/themeholt.com\/pl\/product\/restauracja-fooditi-cafe\/","og_locale":"pl_PL","og_type":"article","og_title":"Restauracja Fooditi Cafe","og_description":"Zdob\u0105d\u017a najlepsze motywy stron internetowych o jedzeniu! Wybierz pi\u0119kne projekty dla swojej restauracji, kawiarni lub bloga o jedzeniu. \u0141atwo stw\u00f3rz niesamowit\u0105 obecno\u015b\u0107 online.","og_url":"https:\/\/themeholt.com\/pl\/product\/restauracja-fooditi-cafe\/","og_site_name":"ThemeHolt","article_publisher":"https:\/\/www.facebook.com\/themeholtT","article_modified_time":"2024-10-25T11:37:28+00:00","og_image":[{"width":1365,"height":1001,"url":"https:\/\/themeholt.com\/wp-content\/uploads\/2023\/10\/231.png","type":"image\/png"}],"twitter_card":"summary_large_image","twitter_site":"@ThemeholtT","twitter_misc":{"Szacowany czas czytania":"1 minuta"},"schema":{"@context":"https:\/\/schema.org","@graph":[{"@type":"WebPage","@id":"https:\/\/themeholt.com\/pl\/product\/restauracja-fooditi-cafe\/","url":"https:\/\/themeholt.com\/pl\/product\/restauracja-fooditi-cafe\/","name":"Motywy restauracji Fast Food | Najlepsze motywy witryn internetowych o jedzeniu","isPartOf":{"@id":"https:\/\/themeholt.com\/#website"},"primaryImageOfPage":{"@id":"https:\/\/themeholt.com\/pl\/product\/restauracja-fooditi-cafe\/#primaryimage"},"image":{"@id":"https:\/\/themeholt.com\/pl\/product\/restauracja-fooditi-cafe\/#primaryimage"},"thumbnailUrl":"https:\/\/themeholt.com\/wp-content\/uploads\/2023\/10\/231.png","datePublished":"2023-10-09T05:31:31+00:00","dateModified":"2024-10-25T11:37:28+00:00","description":"Zdob\u0105d\u017a najlepsze motywy stron internetowych o jedzeniu! Wybierz pi\u0119kne projekty dla swojej restauracji, kawiarni lub bloga o jedzeniu. \u0141atwo stw\u00f3rz niesamowit\u0105 obecno\u015b\u0107 online.","breadcrumb":{"@id":"https:\/\/themeholt.com\/pl\/product\/restauracja-fooditi-cafe\/#breadcrumb"},"inLanguage":"pl-PL","potentialAction":[{"@type":"ReadAction","target":["https:\/\/themeholt.com\/pl\/product\/restauracja-fooditi-cafe\/"]}]},{"@type":"ImageObject","inLanguage":"pl-PL","@id":"https:\/\/themeholt.com\/pl\/product\/restauracja-fooditi-cafe\/#primaryimage","url":"https:\/\/themeholt.com\/wp-content\/uploads\/2023\/10\/231.png","contentUrl":"https:\/\/themeholt.com\/wp-content\/uploads\/2023\/10\/231.png","width":1365,"height":1001},{"@type":"BreadcrumbList","@id":"https:\/\/themeholt.com\/pl\/product\/restauracja-fooditi-cafe\/#breadcrumb","itemListElement":[{"@type":"ListItem","position":1,"name":"Home","item":"https:\/\/themeholt.com\/pl\/"},{"@type":"ListItem","position":2,"name":"Shop","item":"https:\/\/themeholt.com\/shop\/"},{"@type":"ListItem","position":3,"name":"Restauracja Fooditi Cafe"}]},{"@type":"WebSite","@id":"https:\/\/themeholt.com\/#website","url":"https:\/\/themeholt.com\/","name":"ThemeHolt","description":"Themeholt is a website that offers high-quality WordPress themes","publisher":{"@id":"https:\/\/themeholt.com\/#organization"},"potentialAction":[{"@type":"SearchAction","target":{"@type":"EntryPoint","urlTemplate":"https:\/\/themeholt.com\/?s={search_term_string}"},"query-input":{"@type":"PropertyValueSpecification","valueRequired":true,"valueName":"search_term_string"}}],"inLanguage":"pl-PL"},{"@type":"Organization","@id":"https:\/\/themeholt.com\/#organization","name":"ThemeHolt","alternateName":"ThemeHolt","url":"https:\/\/themeholt.com\/","logo":{"@type":"ImageObject","inLanguage":"pl-PL","@id":"https:\/\/themeholt.com\/#\/schema\/logo\/image\/","url":"https:\/\/themeholt.com\/wp-content\/uploads\/2024\/10\/themeholt.png","contentUrl":"https:\/\/themeholt.com\/wp-content\/uploads\/2024\/10\/themeholt.png","width":225,"height":225,"caption":"ThemeHolt"},"image":{"@id":"https:\/\/themeholt.com\/#\/schema\/logo\/image\/"},"sameAs":["https:\/\/www.facebook.com\/themeholtT","https:\/\/x.com\/ThemeholtT","https:\/\/www.linkedin.com\/company\/themeholt","https:\/\/www.instagram.com\/themeholtt\/"],"description":"Themeholt is a website that offers high-quality WordPress themes that are easy to use and ready for just about everything. In Eindhoven, Netherlands, since 2020 offering simple, accessible WordPress themes by providing a variety of requirements. Themeholt focuses on practicality and efficiency, allowing faster project completion with its superior marketplace and easy-to-use templates.","legalName":"ThemeHolt","foundingDate":"2022-11-10","numberOfEmployees":{"@type":"QuantitativeValue","minValue":"51","maxValue":"200"}}]}},"_links":{"self":[{"href":"https:\/\/themeholt.com\/pl\/wp-json\/wp\/v2\/product\/15531","targetHints":{"allow":["GET"]}}],"collection":[{"href":"https:\/\/themeholt.com\/pl\/wp-json\/wp\/v2\/product"}],"about":[{"href":"https:\/\/themeholt.com\/pl\/wp-json\/wp\/v2\/types\/product"}],"wp:featuredmedia":[{"embeddable":true,"href":"https:\/\/themeholt.com\/pl\/wp-json\/wp\/v2\/media\/15532"}],"wp:attachment":[{"href":"https:\/\/themeholt.com\/pl\/wp-json\/wp\/v2\/media?parent=15531"}],"wp:term":[{"taxonomy":"product_brand","embeddable":true,"href":"https:\/\/themeholt.com\/pl\/wp-json\/wp\/v2\/product_brand?post=15531"},{"taxonomy":"product_cat","embeddable":true,"href":"https:\/\/themeholt.com\/pl\/wp-json\/wp\/v2\/product_cat?post=15531"},{"taxonomy":"product_tag","embeddable":true,"href":"https:\/\/themeholt.com\/pl\/wp-json\/wp\/v2\/product_tag?post=15531"}],"curies":[{"name":"wp","href":"https:\/\/api.w.org\/{rel}","templated":true}]}}