{"id":15748,"date":"2023-10-05T06:33:29","date_gmt":"2023-10-05T06:33:29","guid":{"rendered":"https:\/\/themeholt.com\/product\/eventen-event-conference\/"},"modified":"2024-10-26T06:24:56","modified_gmt":"2024-10-26T06:24:56","slug":"wydarzenia-konferencja-wydarzen","status":"publish","type":"product","link":"https:\/\/themeholt.com\/pl\/product\/wydarzenia-konferencja-wydarzen\/","title":{"rendered":"Wydarzenia Konferencja wydarze\u0144"},"content":{"rendered":"<p><span style=\"font-weight: 400\">Motyw <\/span><b>Conference Event WordPress<\/b><span style=\"font-weight: 400\"> to dynamiczny i wszechstronny motyw zaprojektowany, aby umo\u017cliwi\u0107 organizatorom wydarze\u0144 i firmom tworzenie osza\u0142amiaj\u0105cych i funkcjonalnych witryn internetowych na konferencje, seminaria, warsztaty i inne spotkania zawodowe. Ten motyw oferuje przyjazny dla u\u017cytkownika interfejs i szeroki zakres konfigurowalnych funkcji, umo\u017cliwiaj\u0105c bezproblemowe prezentowanie harmonogram\u00f3w wydarze\u0144, prelegent\u00f3w, sponsor\u00f3w i opcji bilet\u00f3w. <\/span><\/p>\n<p><span style=\"font-weight: 400\">Dzi\u0119ki responsywnemu projektowi zapewnia bezproblemowe korzystanie z niego na r\u00f3\u017cnych urz\u0105dzeniach. Motyw zawiera r\u00f3wnie\u017c zintegrowane funkcje medi\u00f3w spo\u0142eczno\u015bciowych i handlu elektronicznego, u\u0142atwiaj\u0105c promowanie i zarz\u0105dzanie wydarzeniem online. Niezale\u017cnie od tego, czy organizujesz ma\u0142e spotkanie, czy du\u017c\u0105 konferencj\u0119, ten motyw zapewnia kompleksowe rozwi\u0105zanie, kt\u00f3re pomo\u017ce Ci zaanga\u017cowa\u0107 odbiorc\u00f3w i zapewni\u0107 sukces wydarzenia.<\/span><\/p>\n","protected":false},"excerpt":{"rendered":"<ul>\n<li><span style=\"font-weight: 400\">Do\u015bwiadczenia zwi\u0105zane z personalizacj\u0105<\/span><\/li>\n<li><span style=\"font-weight: 400\">Doskona\u0142y projekt<\/span><\/li>\n<li><span style=\"font-weight: 400\">Ekspertyza logistyczna<\/span><\/li>\n<li><span style=\"font-weight: 400\">Koordynacja dostawc\u00f3w<\/span><\/li>\n<li><span style=\"font-weight: 400\">Zarz\u0105dzanie bud\u017cetem<\/span><\/li>\n<li><span style=\"font-weight: 400\">Zarz\u0105dzanie kryzysowe<\/span><\/li>\n<\/ul>\n","protected":false},"featured_media":15750,"template":"","meta":{"_acf_changed":false,"inline_featured_image":false},"product_brand":[],"product_cat":[1363],"product_tag":[1370,1371,1372,1373],"class_list":{"0":"post-15748","1":"product","2":"type-product","3":"status-publish","4":"has-post-thumbnail","6":"product_cat-wedding-events-pl","7":"product_tag-wedding-templates-pl","8":"product_tag-wedding-theme-ideas-pl","9":"product_tag-best-events-website-templates-pl","10":"product_tag-wedding-wordpress-themes-pl","12":"first","13":"instock","14":"sale","15":"downloadable","16":"taxable","17":"shipping-taxable","18":"purchasable","19":"product-type-simple"},"acf":[],"yoast_head":"<!-- This site is optimized with the Yoast SEO Premium plugin v22.1 (Yoast SEO v26.0) - https:\/\/yoast.com\/wordpress\/plugins\/seo\/ -->\n<title>Motyw konferencji wydarze\u0144 | Responsywny motyw WordPress<\/title>\n<meta name=\"description\" content=\"Znajd\u017a tutaj idealny motyw konferencji eventowej! \u0141atwy w u\u017cyciu, konfigurowalny i zaprojektowany dla profesjonalnych wydarze\u0144 i konferencji. Kup teraz!\" \/>\n<meta name=\"robots\" content=\"index, follow, max-snippet:-1, max-image-preview:large, max-video-preview:-1\" \/>\n<link rel=\"canonical\" href=\"https:\/\/themeholt.com\/pl\/product\/wydarzenia-konferencja-wydarzen\/\" \/>\n<meta property=\"og:locale\" content=\"pl_PL\" \/>\n<meta property=\"og:type\" content=\"article\" \/>\n<meta property=\"og:title\" content=\"Wydarzenia Konferencja wydarze\u0144\" \/>\n<meta property=\"og:description\" content=\"Znajd\u017a tutaj idealny motyw konferencji eventowej! \u0141atwy w u\u017cyciu, konfigurowalny i zaprojektowany dla profesjonalnych wydarze\u0144 i konferencji. Kup teraz!\" \/>\n<meta property=\"og:url\" content=\"https:\/\/themeholt.com\/pl\/product\/wydarzenia-konferencja-wydarzen\/\" \/>\n<meta property=\"og:site_name\" content=\"ThemeHolt\" \/>\n<meta property=\"article:publisher\" content=\"https:\/\/www.facebook.com\/themeholtT\" \/>\n<meta property=\"article:modified_time\" content=\"2024-10-26T06:24:56+00:00\" \/>\n<meta property=\"og:image\" content=\"https:\/\/themeholt.com\/wp-content\/uploads\/2023\/10\/31.png\" \/>\n\t<meta property=\"og:image:width\" content=\"1365\" \/>\n\t<meta property=\"og:image:height\" content=\"1321\" \/>\n\t<meta property=\"og:image:type\" content=\"image\/png\" \/>\n<meta name=\"twitter:card\" content=\"summary_large_image\" \/>\n<meta name=\"twitter:site\" content=\"@ThemeholtT\" \/>\n<meta name=\"twitter:label1\" content=\"Szacowany czas czytania\" \/>\n\t<meta name=\"twitter:data1\" content=\"1 minuta\" \/>\n<script type=\"application\/ld+json\" class=\"yoast-schema-graph\">{\"@context\":\"https:\/\/schema.org\",\"@graph\":[{\"@type\":\"WebPage\",\"@id\":\"https:\/\/themeholt.com\/pl\/product\/wydarzenia-konferencja-wydarzen\/\",\"url\":\"https:\/\/themeholt.com\/pl\/product\/wydarzenia-konferencja-wydarzen\/\",\"name\":\"Motyw konferencji wydarze\u0144 | Responsywny motyw WordPress\",\"isPartOf\":{\"@id\":\"https:\/\/themeholt.com\/#website\"},\"primaryImageOfPage\":{\"@id\":\"https:\/\/themeholt.com\/pl\/product\/wydarzenia-konferencja-wydarzen\/#primaryimage\"},\"image\":{\"@id\":\"https:\/\/themeholt.com\/pl\/product\/wydarzenia-konferencja-wydarzen\/#primaryimage\"},\"thumbnailUrl\":\"https:\/\/themeholt.com\/wp-content\/uploads\/2023\/10\/31.png\",\"datePublished\":\"2023-10-05T06:33:29+00:00\",\"dateModified\":\"2024-10-26T06:24:56+00:00\",\"description\":\"Znajd\u017a tutaj idealny motyw konferencji eventowej! \u0141atwy w u\u017cyciu, konfigurowalny i zaprojektowany dla profesjonalnych wydarze\u0144 i konferencji. Kup teraz!\",\"breadcrumb\":{\"@id\":\"https:\/\/themeholt.com\/pl\/product\/wydarzenia-konferencja-wydarzen\/#breadcrumb\"},\"inLanguage\":\"pl-PL\",\"potentialAction\":[{\"@type\":\"ReadAction\",\"target\":[\"https:\/\/themeholt.com\/pl\/product\/wydarzenia-konferencja-wydarzen\/\"]}]},{\"@type\":\"ImageObject\",\"inLanguage\":\"pl-PL\",\"@id\":\"https:\/\/themeholt.com\/pl\/product\/wydarzenia-konferencja-wydarzen\/#primaryimage\",\"url\":\"https:\/\/themeholt.com\/wp-content\/uploads\/2023\/10\/31.png\",\"contentUrl\":\"https:\/\/themeholt.com\/wp-content\/uploads\/2023\/10\/31.png\",\"width\":1365,\"height\":1321},{\"@type\":\"BreadcrumbList\",\"@id\":\"https:\/\/themeholt.com\/pl\/product\/wydarzenia-konferencja-wydarzen\/#breadcrumb\",\"itemListElement\":[{\"@type\":\"ListItem\",\"position\":1,\"name\":\"Home\",\"item\":\"https:\/\/themeholt.com\/pl\/\"},{\"@type\":\"ListItem\",\"position\":2,\"name\":\"Shop\",\"item\":\"https:\/\/themeholt.com\/shop\/\"},{\"@type\":\"ListItem\",\"position\":3,\"name\":\"Wydarzenia Konferencja wydarze\u0144\"}]},{\"@type\":\"WebSite\",\"@id\":\"https:\/\/themeholt.com\/#website\",\"url\":\"https:\/\/themeholt.com\/\",\"name\":\"ThemeHolt\",\"description\":\"Themeholt is a website that offers high-quality WordPress themes\",\"publisher\":{\"@id\":\"https:\/\/themeholt.com\/#organization\"},\"potentialAction\":[{\"@type\":\"SearchAction\",\"target\":{\"@type\":\"EntryPoint\",\"urlTemplate\":\"https:\/\/themeholt.com\/?s={search_term_string}\"},\"query-input\":{\"@type\":\"PropertyValueSpecification\",\"valueRequired\":true,\"valueName\":\"search_term_string\"}}],\"inLanguage\":\"pl-PL\"},{\"@type\":\"Organization\",\"@id\":\"https:\/\/themeholt.com\/#organization\",\"name\":\"ThemeHolt\",\"alternateName\":\"ThemeHolt\",\"url\":\"https:\/\/themeholt.com\/\",\"logo\":{\"@type\":\"ImageObject\",\"inLanguage\":\"pl-PL\",\"@id\":\"https:\/\/themeholt.com\/#\/schema\/logo\/image\/\",\"url\":\"https:\/\/themeholt.com\/wp-content\/uploads\/2024\/10\/themeholt.png\",\"contentUrl\":\"https:\/\/themeholt.com\/wp-content\/uploads\/2024\/10\/themeholt.png\",\"width\":225,\"height\":225,\"caption\":\"ThemeHolt\"},\"image\":{\"@id\":\"https:\/\/themeholt.com\/#\/schema\/logo\/image\/\"},\"sameAs\":[\"https:\/\/www.facebook.com\/themeholtT\",\"https:\/\/x.com\/ThemeholtT\",\"https:\/\/www.linkedin.com\/company\/themeholt\",\"https:\/\/www.instagram.com\/themeholtt\/\"],\"description\":\"Themeholt is a website that offers high-quality WordPress themes that are easy to use and ready for just about everything. In Eindhoven, Netherlands, since 2020 offering simple, accessible WordPress themes by providing a variety of requirements. Themeholt focuses on practicality and efficiency, allowing faster project completion with its superior marketplace and easy-to-use templates.\",\"legalName\":\"ThemeHolt\",\"foundingDate\":\"2022-11-10\",\"numberOfEmployees\":{\"@type\":\"QuantitativeValue\",\"minValue\":\"51\",\"maxValue\":\"200\"}}]}<\/script>\n<!-- \/ Yoast SEO Premium plugin. -->","yoast_head_json":{"title":"Motyw konferencji wydarze\u0144 | Responsywny motyw WordPress","description":"Znajd\u017a tutaj idealny motyw konferencji eventowej! \u0141atwy w u\u017cyciu, konfigurowalny i zaprojektowany dla profesjonalnych wydarze\u0144 i konferencji. Kup teraz!","robots":{"index":"index","follow":"follow","max-snippet":"max-snippet:-1","max-image-preview":"max-image-preview:large","max-video-preview":"max-video-preview:-1"},"canonical":"https:\/\/themeholt.com\/pl\/product\/wydarzenia-konferencja-wydarzen\/","og_locale":"pl_PL","og_type":"article","og_title":"Wydarzenia Konferencja wydarze\u0144","og_description":"Znajd\u017a tutaj idealny motyw konferencji eventowej! \u0141atwy w u\u017cyciu, konfigurowalny i zaprojektowany dla profesjonalnych wydarze\u0144 i konferencji. Kup teraz!","og_url":"https:\/\/themeholt.com\/pl\/product\/wydarzenia-konferencja-wydarzen\/","og_site_name":"ThemeHolt","article_publisher":"https:\/\/www.facebook.com\/themeholtT","article_modified_time":"2024-10-26T06:24:56+00:00","og_image":[{"width":1365,"height":1321,"url":"https:\/\/themeholt.com\/wp-content\/uploads\/2023\/10\/31.png","type":"image\/png"}],"twitter_card":"summary_large_image","twitter_site":"@ThemeholtT","twitter_misc":{"Szacowany czas czytania":"1 minuta"},"schema":{"@context":"https:\/\/schema.org","@graph":[{"@type":"WebPage","@id":"https:\/\/themeholt.com\/pl\/product\/wydarzenia-konferencja-wydarzen\/","url":"https:\/\/themeholt.com\/pl\/product\/wydarzenia-konferencja-wydarzen\/","name":"Motyw konferencji wydarze\u0144 | Responsywny motyw WordPress","isPartOf":{"@id":"https:\/\/themeholt.com\/#website"},"primaryImageOfPage":{"@id":"https:\/\/themeholt.com\/pl\/product\/wydarzenia-konferencja-wydarzen\/#primaryimage"},"image":{"@id":"https:\/\/themeholt.com\/pl\/product\/wydarzenia-konferencja-wydarzen\/#primaryimage"},"thumbnailUrl":"https:\/\/themeholt.com\/wp-content\/uploads\/2023\/10\/31.png","datePublished":"2023-10-05T06:33:29+00:00","dateModified":"2024-10-26T06:24:56+00:00","description":"Znajd\u017a tutaj idealny motyw konferencji eventowej! \u0141atwy w u\u017cyciu, konfigurowalny i zaprojektowany dla profesjonalnych wydarze\u0144 i konferencji. Kup teraz!","breadcrumb":{"@id":"https:\/\/themeholt.com\/pl\/product\/wydarzenia-konferencja-wydarzen\/#breadcrumb"},"inLanguage":"pl-PL","potentialAction":[{"@type":"ReadAction","target":["https:\/\/themeholt.com\/pl\/product\/wydarzenia-konferencja-wydarzen\/"]}]},{"@type":"ImageObject","inLanguage":"pl-PL","@id":"https:\/\/themeholt.com\/pl\/product\/wydarzenia-konferencja-wydarzen\/#primaryimage","url":"https:\/\/themeholt.com\/wp-content\/uploads\/2023\/10\/31.png","contentUrl":"https:\/\/themeholt.com\/wp-content\/uploads\/2023\/10\/31.png","width":1365,"height":1321},{"@type":"BreadcrumbList","@id":"https:\/\/themeholt.com\/pl\/product\/wydarzenia-konferencja-wydarzen\/#breadcrumb","itemListElement":[{"@type":"ListItem","position":1,"name":"Home","item":"https:\/\/themeholt.com\/pl\/"},{"@type":"ListItem","position":2,"name":"Shop","item":"https:\/\/themeholt.com\/shop\/"},{"@type":"ListItem","position":3,"name":"Wydarzenia Konferencja wydarze\u0144"}]},{"@type":"WebSite","@id":"https:\/\/themeholt.com\/#website","url":"https:\/\/themeholt.com\/","name":"ThemeHolt","description":"Themeholt is a website that offers high-quality WordPress themes","publisher":{"@id":"https:\/\/themeholt.com\/#organization"},"potentialAction":[{"@type":"SearchAction","target":{"@type":"EntryPoint","urlTemplate":"https:\/\/themeholt.com\/?s={search_term_string}"},"query-input":{"@type":"PropertyValueSpecification","valueRequired":true,"valueName":"search_term_string"}}],"inLanguage":"pl-PL"},{"@type":"Organization","@id":"https:\/\/themeholt.com\/#organization","name":"ThemeHolt","alternateName":"ThemeHolt","url":"https:\/\/themeholt.com\/","logo":{"@type":"ImageObject","inLanguage":"pl-PL","@id":"https:\/\/themeholt.com\/#\/schema\/logo\/image\/","url":"https:\/\/themeholt.com\/wp-content\/uploads\/2024\/10\/themeholt.png","contentUrl":"https:\/\/themeholt.com\/wp-content\/uploads\/2024\/10\/themeholt.png","width":225,"height":225,"caption":"ThemeHolt"},"image":{"@id":"https:\/\/themeholt.com\/#\/schema\/logo\/image\/"},"sameAs":["https:\/\/www.facebook.com\/themeholtT","https:\/\/x.com\/ThemeholtT","https:\/\/www.linkedin.com\/company\/themeholt","https:\/\/www.instagram.com\/themeholtt\/"],"description":"Themeholt is a website that offers high-quality WordPress themes that are easy to use and ready for just about everything. In Eindhoven, Netherlands, since 2020 offering simple, accessible WordPress themes by providing a variety of requirements. Themeholt focuses on practicality and efficiency, allowing faster project completion with its superior marketplace and easy-to-use templates.","legalName":"ThemeHolt","foundingDate":"2022-11-10","numberOfEmployees":{"@type":"QuantitativeValue","minValue":"51","maxValue":"200"}}]}},"_links":{"self":[{"href":"https:\/\/themeholt.com\/pl\/wp-json\/wp\/v2\/product\/15748","targetHints":{"allow":["GET"]}}],"collection":[{"href":"https:\/\/themeholt.com\/pl\/wp-json\/wp\/v2\/product"}],"about":[{"href":"https:\/\/themeholt.com\/pl\/wp-json\/wp\/v2\/types\/product"}],"wp:featuredmedia":[{"embeddable":true,"href":"https:\/\/themeholt.com\/pl\/wp-json\/wp\/v2\/media\/15750"}],"wp:attachment":[{"href":"https:\/\/themeholt.com\/pl\/wp-json\/wp\/v2\/media?parent=15748"}],"wp:term":[{"taxonomy":"product_brand","embeddable":true,"href":"https:\/\/themeholt.com\/pl\/wp-json\/wp\/v2\/product_brand?post=15748"},{"taxonomy":"product_cat","embeddable":true,"href":"https:\/\/themeholt.com\/pl\/wp-json\/wp\/v2\/product_cat?post=15748"},{"taxonomy":"product_tag","embeddable":true,"href":"https:\/\/themeholt.com\/pl\/wp-json\/wp\/v2\/product_tag?post=15748"}],"curies":[{"name":"wp","href":"https:\/\/api.w.org\/{rel}","templated":true}]}}