{"id":15779,"date":"2023-10-05T04:40:02","date_gmt":"2023-10-05T04:40:02","guid":{"rendered":"https:\/\/themeholt.com\/product\/greencare-medical-services\/"},"modified":"2024-10-26T07:02:20","modified_gmt":"2024-10-26T07:02:20","slug":"uslugi-medyczne-greencare","status":"publish","type":"product","link":"https:\/\/themeholt.com\/pl\/product\/uslugi-medyczne-greencare\/","title":{"rendered":"Us\u0142ugi medyczne Greencare"},"content":{"rendered":"<p><span style=\"font-weight: 400\">Motyw WordPress <\/span><b>Medical Services<\/b><span style=\"font-weight: 400\"> to wysoce wyspecjalizowany i wszechstronny szablon witryny zaprojektowany tak, aby sprosta\u0107 wyj\u0105tkowym potrzebom pracownik\u00f3w s\u0142u\u017cby zdrowia i plac\u00f3wek medycznych. Dzi\u0119ki czystemu i profesjonalnemu projektowi ten motyw oferuje przyjazn\u0105 dla u\u017cytkownika platform\u0119 do prezentowania us\u0142ug medycznych, klinik, szpitali i dostawc\u00f3w opieki zdrowotnej. Jest wyposa\u017cony w niezb\u0119dne funkcje, takie jak systemy planowania wizyt, opinie pacjent\u00f3w i informacyjne sekcje blog\u00f3w. <\/span><\/p>\n<p><span style=\"font-weight: 400\">Motyw jest responsywny, co zapewnia, \u017ce \u200b\u200b\u015bwietnie wygl\u0105da na wszystkich urz\u0105dzeniach, i jest zoptymalizowany pod k\u0105tem wyszukiwarek, aby pom\u00f3c potencjalnym pacjentom \u0142atwo znale\u017a\u0107 Twoje us\u0142ugi. Dzi\u0119ki swoim konfigurowalnym opcjom pozwala organizacjom opieki zdrowotnej stworzy\u0107 profesjonaln\u0105 i informacyjn\u0105 obecno\u015b\u0107 online, kt\u00f3ra generuje zaufanie i pewno\u015b\u0107 u ich pacjent\u00f3w.<\/span><\/p>\n","protected":false},"excerpt":{"rendered":"<ul>\n<li><span style=\"font-weight: 400\">Przyjazny dla u\u017cytkownika interfejs<\/span><\/li>\n<li><span style=\"font-weight: 400\">Responsywny projekt<\/span><\/li>\n<li><span style=\"font-weight: 400\">System rezerwacji wizyt<\/span><\/li>\n<li><span style=\"font-weight: 400\">Dostosowywalne uk\u0142ady<\/span><\/li>\n<li><span style=\"font-weight: 400\">Opcje specjalizacji medycznych<\/span><\/li>\n<li><span style=\"font-weight: 400\">Profile lekarzy i personelu<\/span><\/li>\n<\/ul>\n","protected":false},"featured_media":15782,"template":"","meta":{"_acf_changed":false,"inline_featured_image":false},"product_brand":[],"product_cat":[1359],"product_tag":[1360,1361,1362,1379],"class_list":{"0":"post-15779","1":"product","2":"type-product","3":"status-publish","4":"has-post-thumbnail","6":"product_cat-health-medical-pl","7":"product_tag-health-and-fitness-themes-pl","8":"product_tag-health-care-wordpress-themes-pl","9":"product_tag-medical-templates-pl","10":"product_tag-doctors-wordpress-themes-pl","12":"first","13":"instock","14":"sale","15":"downloadable","16":"taxable","17":"shipping-taxable","18":"purchasable","19":"product-type-simple"},"acf":[],"yoast_head":"<!-- This site is optimized with the Yoast SEO Premium plugin v22.1 (Yoast SEO v26.0) - https:\/\/yoast.com\/wordpress\/plugins\/seo\/ -->\n<title>Motyw WordPress dla us\u0142ug medycznych | Szablon opieki zdrowotnej<\/title>\n<meta name=\"description\" content=\"Uzyskaj profesjonalny motyw WordPress dla us\u0142ug medycznych dla swojej witryny opieki zdrowotnej. \u0141atwy w u\u017cyciu i dostosowywaniu. Idealny dla lekarzy, klinik i szpitali.\" \/>\n<meta name=\"robots\" content=\"index, follow, max-snippet:-1, max-image-preview:large, max-video-preview:-1\" \/>\n<link rel=\"canonical\" href=\"https:\/\/themeholt.com\/pl\/product\/uslugi-medyczne-greencare\/\" \/>\n<meta property=\"og:locale\" content=\"pl_PL\" \/>\n<meta property=\"og:type\" content=\"article\" \/>\n<meta property=\"og:title\" content=\"Us\u0142ugi medyczne Greencare\" \/>\n<meta property=\"og:description\" content=\"Uzyskaj profesjonalny motyw WordPress dla us\u0142ug medycznych dla swojej witryny opieki zdrowotnej. \u0141atwy w u\u017cyciu i dostosowywaniu. Idealny dla lekarzy, klinik i szpitali.\" \/>\n<meta property=\"og:url\" content=\"https:\/\/themeholt.com\/pl\/product\/uslugi-medyczne-greencare\/\" \/>\n<meta property=\"og:site_name\" content=\"ThemeHolt\" \/>\n<meta property=\"article:publisher\" content=\"https:\/\/www.facebook.com\/themeholtT\" \/>\n<meta property=\"article:modified_time\" content=\"2024-10-26T07:02:20+00:00\" \/>\n<meta property=\"og:image\" content=\"https:\/\/themeholt.com\/wp-content\/uploads\/2023\/10\/156.png\" \/>\n\t<meta property=\"og:image:width\" content=\"1351\" \/>\n\t<meta property=\"og:image:height\" content=\"1368\" \/>\n\t<meta property=\"og:image:type\" content=\"image\/png\" \/>\n<meta name=\"twitter:card\" content=\"summary_large_image\" \/>\n<meta name=\"twitter:site\" content=\"@ThemeholtT\" \/>\n<meta name=\"twitter:label1\" content=\"Szacowany czas czytania\" \/>\n\t<meta name=\"twitter:data1\" content=\"1 minuta\" \/>\n<script type=\"application\/ld+json\" class=\"yoast-schema-graph\">{\"@context\":\"https:\/\/schema.org\",\"@graph\":[{\"@type\":\"WebPage\",\"@id\":\"https:\/\/themeholt.com\/pl\/product\/uslugi-medyczne-greencare\/\",\"url\":\"https:\/\/themeholt.com\/pl\/product\/uslugi-medyczne-greencare\/\",\"name\":\"Motyw WordPress dla us\u0142ug medycznych | Szablon opieki zdrowotnej\",\"isPartOf\":{\"@id\":\"https:\/\/themeholt.com\/#website\"},\"primaryImageOfPage\":{\"@id\":\"https:\/\/themeholt.com\/pl\/product\/uslugi-medyczne-greencare\/#primaryimage\"},\"image\":{\"@id\":\"https:\/\/themeholt.com\/pl\/product\/uslugi-medyczne-greencare\/#primaryimage\"},\"thumbnailUrl\":\"https:\/\/themeholt.com\/wp-content\/uploads\/2023\/10\/156.png\",\"datePublished\":\"2023-10-05T04:40:02+00:00\",\"dateModified\":\"2024-10-26T07:02:20+00:00\",\"description\":\"Uzyskaj profesjonalny motyw WordPress dla us\u0142ug medycznych dla swojej witryny opieki zdrowotnej. \u0141atwy w u\u017cyciu i dostosowywaniu. Idealny dla lekarzy, klinik i szpitali.\",\"breadcrumb\":{\"@id\":\"https:\/\/themeholt.com\/pl\/product\/uslugi-medyczne-greencare\/#breadcrumb\"},\"inLanguage\":\"pl-PL\",\"potentialAction\":[{\"@type\":\"ReadAction\",\"target\":[\"https:\/\/themeholt.com\/pl\/product\/uslugi-medyczne-greencare\/\"]}]},{\"@type\":\"ImageObject\",\"inLanguage\":\"pl-PL\",\"@id\":\"https:\/\/themeholt.com\/pl\/product\/uslugi-medyczne-greencare\/#primaryimage\",\"url\":\"https:\/\/themeholt.com\/wp-content\/uploads\/2023\/10\/156.png\",\"contentUrl\":\"https:\/\/themeholt.com\/wp-content\/uploads\/2023\/10\/156.png\",\"width\":1351,\"height\":1368},{\"@type\":\"BreadcrumbList\",\"@id\":\"https:\/\/themeholt.com\/pl\/product\/uslugi-medyczne-greencare\/#breadcrumb\",\"itemListElement\":[{\"@type\":\"ListItem\",\"position\":1,\"name\":\"Home\",\"item\":\"https:\/\/themeholt.com\/pl\/\"},{\"@type\":\"ListItem\",\"position\":2,\"name\":\"Shop\",\"item\":\"https:\/\/themeholt.com\/shop\/\"},{\"@type\":\"ListItem\",\"position\":3,\"name\":\"Us\u0142ugi medyczne Greencare\"}]},{\"@type\":\"WebSite\",\"@id\":\"https:\/\/themeholt.com\/#website\",\"url\":\"https:\/\/themeholt.com\/\",\"name\":\"ThemeHolt\",\"description\":\"Themeholt is a website that offers high-quality WordPress themes\",\"publisher\":{\"@id\":\"https:\/\/themeholt.com\/#organization\"},\"potentialAction\":[{\"@type\":\"SearchAction\",\"target\":{\"@type\":\"EntryPoint\",\"urlTemplate\":\"https:\/\/themeholt.com\/?s={search_term_string}\"},\"query-input\":{\"@type\":\"PropertyValueSpecification\",\"valueRequired\":true,\"valueName\":\"search_term_string\"}}],\"inLanguage\":\"pl-PL\"},{\"@type\":\"Organization\",\"@id\":\"https:\/\/themeholt.com\/#organization\",\"name\":\"ThemeHolt\",\"alternateName\":\"ThemeHolt\",\"url\":\"https:\/\/themeholt.com\/\",\"logo\":{\"@type\":\"ImageObject\",\"inLanguage\":\"pl-PL\",\"@id\":\"https:\/\/themeholt.com\/#\/schema\/logo\/image\/\",\"url\":\"https:\/\/themeholt.com\/wp-content\/uploads\/2024\/10\/themeholt.png\",\"contentUrl\":\"https:\/\/themeholt.com\/wp-content\/uploads\/2024\/10\/themeholt.png\",\"width\":225,\"height\":225,\"caption\":\"ThemeHolt\"},\"image\":{\"@id\":\"https:\/\/themeholt.com\/#\/schema\/logo\/image\/\"},\"sameAs\":[\"https:\/\/www.facebook.com\/themeholtT\",\"https:\/\/x.com\/ThemeholtT\",\"https:\/\/www.linkedin.com\/company\/themeholt\",\"https:\/\/www.instagram.com\/themeholtt\/\"],\"description\":\"Themeholt is a website that offers high-quality WordPress themes that are easy to use and ready for just about everything. In Eindhoven, Netherlands, since 2020 offering simple, accessible WordPress themes by providing a variety of requirements. Themeholt focuses on practicality and efficiency, allowing faster project completion with its superior marketplace and easy-to-use templates.\",\"legalName\":\"ThemeHolt\",\"foundingDate\":\"2022-11-10\",\"numberOfEmployees\":{\"@type\":\"QuantitativeValue\",\"minValue\":\"51\",\"maxValue\":\"200\"}}]}<\/script>\n<!-- \/ Yoast SEO Premium plugin. -->","yoast_head_json":{"title":"Motyw WordPress dla us\u0142ug medycznych | Szablon opieki zdrowotnej","description":"Uzyskaj profesjonalny motyw WordPress dla us\u0142ug medycznych dla swojej witryny opieki zdrowotnej. \u0141atwy w u\u017cyciu i dostosowywaniu. Idealny dla lekarzy, klinik i szpitali.","robots":{"index":"index","follow":"follow","max-snippet":"max-snippet:-1","max-image-preview":"max-image-preview:large","max-video-preview":"max-video-preview:-1"},"canonical":"https:\/\/themeholt.com\/pl\/product\/uslugi-medyczne-greencare\/","og_locale":"pl_PL","og_type":"article","og_title":"Us\u0142ugi medyczne Greencare","og_description":"Uzyskaj profesjonalny motyw WordPress dla us\u0142ug medycznych dla swojej witryny opieki zdrowotnej. \u0141atwy w u\u017cyciu i dostosowywaniu. Idealny dla lekarzy, klinik i szpitali.","og_url":"https:\/\/themeholt.com\/pl\/product\/uslugi-medyczne-greencare\/","og_site_name":"ThemeHolt","article_publisher":"https:\/\/www.facebook.com\/themeholtT","article_modified_time":"2024-10-26T07:02:20+00:00","og_image":[{"width":1351,"height":1368,"url":"https:\/\/themeholt.com\/wp-content\/uploads\/2023\/10\/156.png","type":"image\/png"}],"twitter_card":"summary_large_image","twitter_site":"@ThemeholtT","twitter_misc":{"Szacowany czas czytania":"1 minuta"},"schema":{"@context":"https:\/\/schema.org","@graph":[{"@type":"WebPage","@id":"https:\/\/themeholt.com\/pl\/product\/uslugi-medyczne-greencare\/","url":"https:\/\/themeholt.com\/pl\/product\/uslugi-medyczne-greencare\/","name":"Motyw WordPress dla us\u0142ug medycznych | Szablon opieki zdrowotnej","isPartOf":{"@id":"https:\/\/themeholt.com\/#website"},"primaryImageOfPage":{"@id":"https:\/\/themeholt.com\/pl\/product\/uslugi-medyczne-greencare\/#primaryimage"},"image":{"@id":"https:\/\/themeholt.com\/pl\/product\/uslugi-medyczne-greencare\/#primaryimage"},"thumbnailUrl":"https:\/\/themeholt.com\/wp-content\/uploads\/2023\/10\/156.png","datePublished":"2023-10-05T04:40:02+00:00","dateModified":"2024-10-26T07:02:20+00:00","description":"Uzyskaj profesjonalny motyw WordPress dla us\u0142ug medycznych dla swojej witryny opieki zdrowotnej. \u0141atwy w u\u017cyciu i dostosowywaniu. Idealny dla lekarzy, klinik i szpitali.","breadcrumb":{"@id":"https:\/\/themeholt.com\/pl\/product\/uslugi-medyczne-greencare\/#breadcrumb"},"inLanguage":"pl-PL","potentialAction":[{"@type":"ReadAction","target":["https:\/\/themeholt.com\/pl\/product\/uslugi-medyczne-greencare\/"]}]},{"@type":"ImageObject","inLanguage":"pl-PL","@id":"https:\/\/themeholt.com\/pl\/product\/uslugi-medyczne-greencare\/#primaryimage","url":"https:\/\/themeholt.com\/wp-content\/uploads\/2023\/10\/156.png","contentUrl":"https:\/\/themeholt.com\/wp-content\/uploads\/2023\/10\/156.png","width":1351,"height":1368},{"@type":"BreadcrumbList","@id":"https:\/\/themeholt.com\/pl\/product\/uslugi-medyczne-greencare\/#breadcrumb","itemListElement":[{"@type":"ListItem","position":1,"name":"Home","item":"https:\/\/themeholt.com\/pl\/"},{"@type":"ListItem","position":2,"name":"Shop","item":"https:\/\/themeholt.com\/shop\/"},{"@type":"ListItem","position":3,"name":"Us\u0142ugi medyczne Greencare"}]},{"@type":"WebSite","@id":"https:\/\/themeholt.com\/#website","url":"https:\/\/themeholt.com\/","name":"ThemeHolt","description":"Themeholt is a website that offers high-quality WordPress themes","publisher":{"@id":"https:\/\/themeholt.com\/#organization"},"potentialAction":[{"@type":"SearchAction","target":{"@type":"EntryPoint","urlTemplate":"https:\/\/themeholt.com\/?s={search_term_string}"},"query-input":{"@type":"PropertyValueSpecification","valueRequired":true,"valueName":"search_term_string"}}],"inLanguage":"pl-PL"},{"@type":"Organization","@id":"https:\/\/themeholt.com\/#organization","name":"ThemeHolt","alternateName":"ThemeHolt","url":"https:\/\/themeholt.com\/","logo":{"@type":"ImageObject","inLanguage":"pl-PL","@id":"https:\/\/themeholt.com\/#\/schema\/logo\/image\/","url":"https:\/\/themeholt.com\/wp-content\/uploads\/2024\/10\/themeholt.png","contentUrl":"https:\/\/themeholt.com\/wp-content\/uploads\/2024\/10\/themeholt.png","width":225,"height":225,"caption":"ThemeHolt"},"image":{"@id":"https:\/\/themeholt.com\/#\/schema\/logo\/image\/"},"sameAs":["https:\/\/www.facebook.com\/themeholtT","https:\/\/x.com\/ThemeholtT","https:\/\/www.linkedin.com\/company\/themeholt","https:\/\/www.instagram.com\/themeholtt\/"],"description":"Themeholt is a website that offers high-quality WordPress themes that are easy to use and ready for just about everything. In Eindhoven, Netherlands, since 2020 offering simple, accessible WordPress themes by providing a variety of requirements. Themeholt focuses on practicality and efficiency, allowing faster project completion with its superior marketplace and easy-to-use templates.","legalName":"ThemeHolt","foundingDate":"2022-11-10","numberOfEmployees":{"@type":"QuantitativeValue","minValue":"51","maxValue":"200"}}]}},"_links":{"self":[{"href":"https:\/\/themeholt.com\/pl\/wp-json\/wp\/v2\/product\/15779","targetHints":{"allow":["GET"]}}],"collection":[{"href":"https:\/\/themeholt.com\/pl\/wp-json\/wp\/v2\/product"}],"about":[{"href":"https:\/\/themeholt.com\/pl\/wp-json\/wp\/v2\/types\/product"}],"wp:featuredmedia":[{"embeddable":true,"href":"https:\/\/themeholt.com\/pl\/wp-json\/wp\/v2\/media\/15782"}],"wp:attachment":[{"href":"https:\/\/themeholt.com\/pl\/wp-json\/wp\/v2\/media?parent=15779"}],"wp:term":[{"taxonomy":"product_brand","embeddable":true,"href":"https:\/\/themeholt.com\/pl\/wp-json\/wp\/v2\/product_brand?post=15779"},{"taxonomy":"product_cat","embeddable":true,"href":"https:\/\/themeholt.com\/pl\/wp-json\/wp\/v2\/product_cat?post=15779"},{"taxonomy":"product_tag","embeddable":true,"href":"https:\/\/themeholt.com\/pl\/wp-json\/wp\/v2\/product_tag?post=15779"}],"curies":[{"name":"wp","href":"https:\/\/api.w.org\/{rel}","templated":true}]}}