{"id":15960,"date":"2022-04-25T10:42:41","date_gmt":"2022-04-25T10:42:41","guid":{"rendered":"https:\/\/themeholt.com\/product\/ecommerce\/"},"modified":"2024-10-26T10:40:45","modified_gmt":"2024-10-26T10:40:45","slug":"handel-elektroniczny","status":"publish","type":"product","link":"https:\/\/themeholt.com\/pl\/product\/handel-elektroniczny\/","title":{"rendered":"Handel elektroniczny"},"content":{"rendered":"<p><span style=\"font-weight: 400\">W szybko rozwijaj\u0105cym si\u0119 \u015bwiecie biznesu online posiadanie profesjonalnej i atrakcyjnej wizualnie witryny e-commerce jest niezb\u0119dne do przyci\u0105gania klient\u00f3w i zwi\u0119kszania sprzeda\u017cy. Dzi\u0119ki naszym<\/span><b>motywom WordPress e-commerce<\/b><span style=\"font-weight: 400\"> mo\u017cesz \u0142atwo stworzy\u0107 osza\u0142amiaj\u0105cy sklep internetowy, kt\u00f3ry si\u0119 wyr\u00f3\u017cnia. W \u015bwiecie biznesu online posiadanie atrakcyjnej wizualnie i przyjaznej dla u\u017cytkownika witryny e-commerce jest kluczowe dla sukcesu. Mo\u017cesz stworzy\u0107 osza\u0142amiaj\u0105cy sklep internetowy, kt\u00f3ry oczaruje Twoich klient\u00f3w, zwi\u0119kszy sprzeda\u017c i ugruntuje obecno\u015b\u0107 Twojej marki. <\/span><\/p>\n<p>&nbsp;<\/p>\n","protected":false},"excerpt":{"rendered":"<h1><strong>Kluczowe punkty<\/strong><\/h1>\n<ul>\n<li style=\"font-weight: 400\"><span style=\"font-weight: 400\">Elementor<\/span><\/li>\n<li style=\"font-weight: 400\"><span style=\"font-weight: 400\">Nag\u0142\u00f3wek i Footer Builder<\/span><\/li>\n<li style=\"font-weight: 400\"><span style=\"font-weight: 400\">Niesamowite portfolio<\/span><\/li>\n<li style=\"font-weight: 400\"><span style=\"font-weight: 400\">Koszyk Ajax<\/span><\/li>\n<li style=\"font-weight: 400\"><span style=\"font-weight: 400\">Ponad 70 element\u00f3w<\/span><\/li>\n<li style=\"font-weight: 400\"><span style=\"font-weight: 400\">W pe\u0142ni responsywny<\/span><\/li>\n<li style=\"font-weight: 400\"><span style=\"font-weight: 400\">Biblioteka szablon\u00f3w<\/span><\/li>\n<li style=\"font-weight: 400\"><span style=\"font-weight: 400\">Szybkie i niezawodne wsparcie<\/span><\/li>\n<li style=\"font-weight: 400\"><span style=\"font-weight: 400\">Nieograniczone style Google Map<\/span><\/li>\n<li style=\"font-weight: 400\"><span style=\"font-weight: 400\">Efekty paralaksy<\/span><\/li>\n<\/ul>\n","protected":false},"featured_media":15961,"template":"","meta":{"_acf_changed":false,"inline_featured_image":false},"product_brand":[],"product_cat":[1396],"product_tag":[1382,1384,1391,1431],"class_list":{"0":"post-15960","1":"product","2":"type-product","3":"status-publish","4":"has-post-thumbnail","6":"product_cat-premium-themes-pl","7":"product_tag-best-ecommerce-themes-pl","8":"product_tag-ecommerce-theme-pl","9":"product_tag-wordpress-ecommerce-themes-pl","10":"product_tag-modern-ecommerce-wordpress-theme-pl","12":"first","13":"instock","14":"sale","15":"downloadable","16":"taxable","17":"shipping-taxable","18":"purchasable","19":"product-type-simple"},"acf":[],"yoast_head":"<!-- This site is optimized with the Yoast SEO Premium plugin v22.1 (Yoast SEO v26.0) - https:\/\/yoast.com\/wordpress\/plugins\/seo\/ -->\n<title>Witryna e-commerce | Szablony witryn e-commerce<\/title>\n<meta name=\"description\" content=\"Utw\u00f3rz niesamowit\u0105 witryn\u0119 e-commerce dzi\u0119ki naszym szablonom witryn e-commerce. Zbuduj sw\u00f3j sklep internetowy i zwi\u0119ksz sprzeda\u017c z \u0142atwo\u015bci\u0105 i stylem.\" \/>\n<meta name=\"robots\" content=\"index, follow, max-snippet:-1, max-image-preview:large, max-video-preview:-1\" \/>\n<link rel=\"canonical\" href=\"https:\/\/cyan-dolphin-864669.hostingersite.com\/pl\/product\/handel-elektroniczny\/\" \/>\n<meta property=\"og:locale\" content=\"pl_PL\" \/>\n<meta property=\"og:type\" content=\"article\" \/>\n<meta property=\"og:title\" content=\"Handel elektroniczny\" \/>\n<meta property=\"og:description\" content=\"Utw\u00f3rz niesamowit\u0105 witryn\u0119 e-commerce dzi\u0119ki naszym szablonom witryn e-commerce. Zbuduj sw\u00f3j sklep internetowy i zwi\u0119ksz sprzeda\u017c z \u0142atwo\u015bci\u0105 i stylem.\" \/>\n<meta property=\"og:url\" content=\"https:\/\/cyan-dolphin-864669.hostingersite.com\/pl\/product\/handel-elektroniczny\/\" \/>\n<meta property=\"og:site_name\" content=\"ThemeHolt\" \/>\n<meta property=\"article:publisher\" content=\"https:\/\/www.facebook.com\/themeholtT\" \/>\n<meta property=\"article:modified_time\" content=\"2024-10-26T10:40:45+00:00\" \/>\n<meta property=\"og:image\" content=\"https:\/\/cyan-dolphin-864669.hostingersite.com\/wp-content\/uploads\/2022\/04\/online-store-Theme.jpg\" \/>\n\t<meta property=\"og:image:width\" content=\"1300\" \/>\n\t<meta property=\"og:image:height\" content=\"1300\" \/>\n\t<meta property=\"og:image:type\" content=\"image\/jpeg\" \/>\n<meta name=\"twitter:card\" content=\"summary_large_image\" \/>\n<meta name=\"twitter:site\" content=\"@ThemeholtT\" \/>\n<meta name=\"twitter:label1\" content=\"Szacowany czas czytania\" \/>\n\t<meta name=\"twitter:data1\" content=\"1 minuta\" \/>\n<script type=\"application\/ld+json\" class=\"yoast-schema-graph\">{\"@context\":\"https:\/\/schema.org\",\"@graph\":[{\"@type\":\"WebPage\",\"@id\":\"https:\/\/cyan-dolphin-864669.hostingersite.com\/pl\/product\/handel-elektroniczny\/\",\"url\":\"https:\/\/cyan-dolphin-864669.hostingersite.com\/pl\/product\/handel-elektroniczny\/\",\"name\":\"Witryna e-commerce | Szablony witryn e-commerce\",\"isPartOf\":{\"@id\":\"https:\/\/themeholt.com\/#website\"},\"primaryImageOfPage\":{\"@id\":\"https:\/\/cyan-dolphin-864669.hostingersite.com\/pl\/product\/handel-elektroniczny\/#primaryimage\"},\"image\":{\"@id\":\"https:\/\/cyan-dolphin-864669.hostingersite.com\/pl\/product\/handel-elektroniczny\/#primaryimage\"},\"thumbnailUrl\":\"https:\/\/themeholt.com\/wp-content\/uploads\/2022\/04\/online-store-Theme.jpg\",\"datePublished\":\"2022-04-25T10:42:41+00:00\",\"dateModified\":\"2024-10-26T10:40:45+00:00\",\"description\":\"Utw\u00f3rz niesamowit\u0105 witryn\u0119 e-commerce dzi\u0119ki naszym szablonom witryn e-commerce. Zbuduj sw\u00f3j sklep internetowy i zwi\u0119ksz sprzeda\u017c z \u0142atwo\u015bci\u0105 i stylem.\",\"breadcrumb\":{\"@id\":\"https:\/\/cyan-dolphin-864669.hostingersite.com\/pl\/product\/handel-elektroniczny\/#breadcrumb\"},\"inLanguage\":\"pl-PL\",\"potentialAction\":[{\"@type\":\"ReadAction\",\"target\":[\"https:\/\/cyan-dolphin-864669.hostingersite.com\/pl\/product\/handel-elektroniczny\/\"]}]},{\"@type\":\"ImageObject\",\"inLanguage\":\"pl-PL\",\"@id\":\"https:\/\/cyan-dolphin-864669.hostingersite.com\/pl\/product\/handel-elektroniczny\/#primaryimage\",\"url\":\"https:\/\/themeholt.com\/wp-content\/uploads\/2022\/04\/online-store-Theme.jpg\",\"contentUrl\":\"https:\/\/themeholt.com\/wp-content\/uploads\/2022\/04\/online-store-Theme.jpg\",\"width\":1300,\"height\":1300},{\"@type\":\"BreadcrumbList\",\"@id\":\"https:\/\/cyan-dolphin-864669.hostingersite.com\/pl\/product\/handel-elektroniczny\/#breadcrumb\",\"itemListElement\":[{\"@type\":\"ListItem\",\"position\":1,\"name\":\"Home\",\"item\":\"https:\/\/themeholt.com\/pl\/\"},{\"@type\":\"ListItem\",\"position\":2,\"name\":\"Shop\",\"item\":\"https:\/\/themeholt.com\/shop\/\"},{\"@type\":\"ListItem\",\"position\":3,\"name\":\"Handel elektroniczny\"}]},{\"@type\":\"WebSite\",\"@id\":\"https:\/\/themeholt.com\/#website\",\"url\":\"https:\/\/themeholt.com\/\",\"name\":\"ThemeHolt\",\"description\":\"Themeholt is a website that offers high-quality WordPress themes\",\"publisher\":{\"@id\":\"https:\/\/themeholt.com\/#organization\"},\"potentialAction\":[{\"@type\":\"SearchAction\",\"target\":{\"@type\":\"EntryPoint\",\"urlTemplate\":\"https:\/\/themeholt.com\/?s={search_term_string}\"},\"query-input\":{\"@type\":\"PropertyValueSpecification\",\"valueRequired\":true,\"valueName\":\"search_term_string\"}}],\"inLanguage\":\"pl-PL\"},{\"@type\":\"Organization\",\"@id\":\"https:\/\/themeholt.com\/#organization\",\"name\":\"ThemeHolt\",\"alternateName\":\"ThemeHolt\",\"url\":\"https:\/\/themeholt.com\/\",\"logo\":{\"@type\":\"ImageObject\",\"inLanguage\":\"pl-PL\",\"@id\":\"https:\/\/themeholt.com\/#\/schema\/logo\/image\/\",\"url\":\"https:\/\/themeholt.com\/wp-content\/uploads\/2024\/10\/themeholt.png\",\"contentUrl\":\"https:\/\/themeholt.com\/wp-content\/uploads\/2024\/10\/themeholt.png\",\"width\":225,\"height\":225,\"caption\":\"ThemeHolt\"},\"image\":{\"@id\":\"https:\/\/themeholt.com\/#\/schema\/logo\/image\/\"},\"sameAs\":[\"https:\/\/www.facebook.com\/themeholtT\",\"https:\/\/x.com\/ThemeholtT\",\"https:\/\/www.linkedin.com\/company\/themeholt\",\"https:\/\/www.instagram.com\/themeholtt\/\"],\"description\":\"Themeholt is a website that offers high-quality WordPress themes that are easy to use and ready for just about everything. In Eindhoven, Netherlands, since 2020 offering simple, accessible WordPress themes by providing a variety of requirements. Themeholt focuses on practicality and efficiency, allowing faster project completion with its superior marketplace and easy-to-use templates.\",\"legalName\":\"ThemeHolt\",\"foundingDate\":\"2022-11-10\",\"numberOfEmployees\":{\"@type\":\"QuantitativeValue\",\"minValue\":\"51\",\"maxValue\":\"200\"}}]}<\/script>\n<!-- \/ Yoast SEO Premium plugin. -->","yoast_head_json":{"title":"Witryna e-commerce | Szablony witryn e-commerce","description":"Utw\u00f3rz niesamowit\u0105 witryn\u0119 e-commerce dzi\u0119ki naszym szablonom witryn e-commerce. Zbuduj sw\u00f3j sklep internetowy i zwi\u0119ksz sprzeda\u017c z \u0142atwo\u015bci\u0105 i stylem.","robots":{"index":"index","follow":"follow","max-snippet":"max-snippet:-1","max-image-preview":"max-image-preview:large","max-video-preview":"max-video-preview:-1"},"canonical":"https:\/\/cyan-dolphin-864669.hostingersite.com\/pl\/product\/handel-elektroniczny\/","og_locale":"pl_PL","og_type":"article","og_title":"Handel elektroniczny","og_description":"Utw\u00f3rz niesamowit\u0105 witryn\u0119 e-commerce dzi\u0119ki naszym szablonom witryn e-commerce. Zbuduj sw\u00f3j sklep internetowy i zwi\u0119ksz sprzeda\u017c z \u0142atwo\u015bci\u0105 i stylem.","og_url":"https:\/\/cyan-dolphin-864669.hostingersite.com\/pl\/product\/handel-elektroniczny\/","og_site_name":"ThemeHolt","article_publisher":"https:\/\/www.facebook.com\/themeholtT","article_modified_time":"2024-10-26T10:40:45+00:00","og_image":[{"width":1300,"height":1300,"url":"https:\/\/cyan-dolphin-864669.hostingersite.com\/wp-content\/uploads\/2022\/04\/online-store-Theme.jpg","type":"image\/jpeg"}],"twitter_card":"summary_large_image","twitter_site":"@ThemeholtT","twitter_misc":{"Szacowany czas czytania":"1 minuta"},"schema":{"@context":"https:\/\/schema.org","@graph":[{"@type":"WebPage","@id":"https:\/\/cyan-dolphin-864669.hostingersite.com\/pl\/product\/handel-elektroniczny\/","url":"https:\/\/cyan-dolphin-864669.hostingersite.com\/pl\/product\/handel-elektroniczny\/","name":"Witryna e-commerce | Szablony witryn e-commerce","isPartOf":{"@id":"https:\/\/themeholt.com\/#website"},"primaryImageOfPage":{"@id":"https:\/\/cyan-dolphin-864669.hostingersite.com\/pl\/product\/handel-elektroniczny\/#primaryimage"},"image":{"@id":"https:\/\/cyan-dolphin-864669.hostingersite.com\/pl\/product\/handel-elektroniczny\/#primaryimage"},"thumbnailUrl":"https:\/\/themeholt.com\/wp-content\/uploads\/2022\/04\/online-store-Theme.jpg","datePublished":"2022-04-25T10:42:41+00:00","dateModified":"2024-10-26T10:40:45+00:00","description":"Utw\u00f3rz niesamowit\u0105 witryn\u0119 e-commerce dzi\u0119ki naszym szablonom witryn e-commerce. Zbuduj sw\u00f3j sklep internetowy i zwi\u0119ksz sprzeda\u017c z \u0142atwo\u015bci\u0105 i stylem.","breadcrumb":{"@id":"https:\/\/cyan-dolphin-864669.hostingersite.com\/pl\/product\/handel-elektroniczny\/#breadcrumb"},"inLanguage":"pl-PL","potentialAction":[{"@type":"ReadAction","target":["https:\/\/cyan-dolphin-864669.hostingersite.com\/pl\/product\/handel-elektroniczny\/"]}]},{"@type":"ImageObject","inLanguage":"pl-PL","@id":"https:\/\/cyan-dolphin-864669.hostingersite.com\/pl\/product\/handel-elektroniczny\/#primaryimage","url":"https:\/\/themeholt.com\/wp-content\/uploads\/2022\/04\/online-store-Theme.jpg","contentUrl":"https:\/\/themeholt.com\/wp-content\/uploads\/2022\/04\/online-store-Theme.jpg","width":1300,"height":1300},{"@type":"BreadcrumbList","@id":"https:\/\/cyan-dolphin-864669.hostingersite.com\/pl\/product\/handel-elektroniczny\/#breadcrumb","itemListElement":[{"@type":"ListItem","position":1,"name":"Home","item":"https:\/\/themeholt.com\/pl\/"},{"@type":"ListItem","position":2,"name":"Shop","item":"https:\/\/themeholt.com\/shop\/"},{"@type":"ListItem","position":3,"name":"Handel elektroniczny"}]},{"@type":"WebSite","@id":"https:\/\/themeholt.com\/#website","url":"https:\/\/themeholt.com\/","name":"ThemeHolt","description":"Themeholt is a website that offers high-quality WordPress themes","publisher":{"@id":"https:\/\/themeholt.com\/#organization"},"potentialAction":[{"@type":"SearchAction","target":{"@type":"EntryPoint","urlTemplate":"https:\/\/themeholt.com\/?s={search_term_string}"},"query-input":{"@type":"PropertyValueSpecification","valueRequired":true,"valueName":"search_term_string"}}],"inLanguage":"pl-PL"},{"@type":"Organization","@id":"https:\/\/themeholt.com\/#organization","name":"ThemeHolt","alternateName":"ThemeHolt","url":"https:\/\/themeholt.com\/","logo":{"@type":"ImageObject","inLanguage":"pl-PL","@id":"https:\/\/themeholt.com\/#\/schema\/logo\/image\/","url":"https:\/\/themeholt.com\/wp-content\/uploads\/2024\/10\/themeholt.png","contentUrl":"https:\/\/themeholt.com\/wp-content\/uploads\/2024\/10\/themeholt.png","width":225,"height":225,"caption":"ThemeHolt"},"image":{"@id":"https:\/\/themeholt.com\/#\/schema\/logo\/image\/"},"sameAs":["https:\/\/www.facebook.com\/themeholtT","https:\/\/x.com\/ThemeholtT","https:\/\/www.linkedin.com\/company\/themeholt","https:\/\/www.instagram.com\/themeholtt\/"],"description":"Themeholt is a website that offers high-quality WordPress themes that are easy to use and ready for just about everything. In Eindhoven, Netherlands, since 2020 offering simple, accessible WordPress themes by providing a variety of requirements. Themeholt focuses on practicality and efficiency, allowing faster project completion with its superior marketplace and easy-to-use templates.","legalName":"ThemeHolt","foundingDate":"2022-11-10","numberOfEmployees":{"@type":"QuantitativeValue","minValue":"51","maxValue":"200"}}]}},"_links":{"self":[{"href":"https:\/\/themeholt.com\/pl\/wp-json\/wp\/v2\/product\/15960","targetHints":{"allow":["GET"]}}],"collection":[{"href":"https:\/\/themeholt.com\/pl\/wp-json\/wp\/v2\/product"}],"about":[{"href":"https:\/\/themeholt.com\/pl\/wp-json\/wp\/v2\/types\/product"}],"wp:featuredmedia":[{"embeddable":true,"href":"https:\/\/themeholt.com\/pl\/wp-json\/wp\/v2\/media\/15961"}],"wp:attachment":[{"href":"https:\/\/themeholt.com\/pl\/wp-json\/wp\/v2\/media?parent=15960"}],"wp:term":[{"taxonomy":"product_brand","embeddable":true,"href":"https:\/\/themeholt.com\/pl\/wp-json\/wp\/v2\/product_brand?post=15960"},{"taxonomy":"product_cat","embeddable":true,"href":"https:\/\/themeholt.com\/pl\/wp-json\/wp\/v2\/product_cat?post=15960"},{"taxonomy":"product_tag","embeddable":true,"href":"https:\/\/themeholt.com\/pl\/wp-json\/wp\/v2\/product_tag?post=15960"}],"curies":[{"name":"wp","href":"https:\/\/api.w.org\/{rel}","templated":true}]}}