{"id":15973,"date":"2022-04-25T10:56:12","date_gmt":"2022-04-25T10:56:12","guid":{"rendered":"https:\/\/themeholt.com\/product\/restaurant\/"},"modified":"2024-10-26T10:49:51","modified_gmt":"2024-10-26T10:49:51","slug":"restauracja","status":"publish","type":"product","link":"https:\/\/themeholt.com\/pl\/product\/restauracja\/","title":{"rendered":"Restauracja"},"content":{"rendered":"<p><span style=\"font-weight: 400\">WordPress to popularny system zarz\u0105dzania tre\u015bci\u0105 (CMS), kt\u00f3ry mo\u017cna wykorzysta\u0107 do tworzenia r\u00f3\u017cnych witryn internetowych, w tym restauracji. Wiele motyw\u00f3w WordPress jest specjalnie zaprojektowanych dla restauracji, a niekt\u00f3re z nich zawieraj\u0105 r\u00f3wnie\u017c funkcjonalno\u015b\u0107 eCommerce.<\/span><\/p>\n<p><span style=\"font-weight: 400\">Funkcjonalno\u015b\u0107 eCommerce umo\u017cliwia w\u0142a\u015bcicielom restauracji sprzeda\u017c jedzenia i napoj\u00f3w online. Mo\u017ce to by\u0107 \u015bwietny spos\u00f3b na dotarcie do nowych klient\u00f3w i zwi\u0119kszenie sprzeda\u017cy. Wiele r\u00f3\u017cnych <\/span><b>motyw\u00f3w eCommerce WordPress dla restauracji <\/b><span style=\"font-weight: 400\">jest dost\u0119pnych dla WordPress, a niekt\u00f3re s\u0105 specjalnie zaprojektowane dla restauracji.<\/span><\/p>\n<p><span style=\"font-weight: 400\">Wybieraj\u0105c <\/span><b>kreatywny motyw WordPress dla restauracji<\/b><span style=\"font-weight: 400\"> dla swojej restauracji, nale\u017cy wzi\u0105\u0107 pod uwag\u0119 nast\u0119puj\u0105ce czynniki:<\/span><\/p>\n<p><span style=\"font-weight: 400\">Projekt: Motyw powinien mie\u0107 wizualnie atrakcyjny projekt, kt\u00f3ry odzwierciedla styl Twojej restauracji.<\/span><\/p>\n<p><span style=\"font-weight: 400\">Funkcje: Motyw powinien mie\u0107 funkcje potrzebne do prowadzenia sklep\u00f3w internetowych, takie jak kreator menu, koszyk zakupowy i proces realizacji transakcji.<\/span><\/p>\n<p><span style=\"font-weight: 400\">Wsparcie: Motyw powinien mie\u0107 dobre wsparcie ze strony programisty, w przypadku gdyby\u015b potrzebowa\u0142 pomocy przy instalacji lub dostosowaniu.<\/span><\/p>\n","protected":false},"excerpt":{"rendered":"<p>&nbsp;<\/p>\n<ul>\n<li style=\"font-weight: 400\"><span style=\"font-weight: 400\">\u0141atwy w u\u017cyciu\u00a0<\/span><\/li>\n<li>Przewijanie paralaksy<\/li>\n<li style=\"font-weight: 400\">Uk\u0142ady menu \u017cywno\u015bci<\/li>\n<li>Uk\u0142ady blog\u00f3w<\/li>\n<li>Zarz\u0105dzanie rezerwacjami online<\/li>\n<li style=\"font-weight: 400\"><span style=\"font-weight: 400\">Import demonstracji jednym klikni\u0119ciem<\/span><\/li>\n<li style=\"font-weight: 400\"><span style=\"font-weight: 400\">Gotowy do u\u017cycia rozszerzony opis produktu<\/span><\/li>\n<li style=\"font-weight: 400\"><span style=\"font-weight: 400\">Galeria na Instagramie<\/span><\/li>\n<li style=\"font-weight: 400\"><span style=\"font-weight: 400\">Ju\u017c przet\u0142umaczono na motyw w wielu j\u0119zykach<\/span><\/li>\n<li style=\"font-weight: 400\"><span style=\"font-weight: 400\">Wst\u0119pne \u0142adowanie strony g\u0142\u00f3wnej<\/span><\/li>\n<li style=\"font-weight: 400\"><span style=\"font-weight: 400\">Ka\u017cda strona jest dostosowywana<\/span><\/li>\n<li style=\"font-weight: 400\"><span style=\"font-weight: 400\">Szczeg\u00f3\u0142owa dokumentacja<\/span><\/li>\n<li>Przyjazny dla urz\u0105dze\u0144 mobilnych<\/li>\n<li style=\"font-weight: 400\"><span style=\"font-weight: 400\">\u0141atwa personalizacja dzi\u0119ki dobrze ustrukturyzowanej i skomentowanej kod<\/span><\/li>\n<\/ul>\n<p>&nbsp;<\/p>\n","protected":false},"featured_media":15974,"template":"","meta":{"_acf_changed":false,"inline_featured_image":false},"product_brand":[],"product_cat":[1401,235],"product_tag":[193,194,195,196,197,198],"class_list":{"0":"post-15973","1":"product","2":"type-product","3":"status-publish","4":"has-post-thumbnail","6":"product_cat-new-arrivals-pl","7":"product_cat-premium-themes","8":"product_tag-unique-menu-templates","9":"product_tag-unique-restaurant-ideas","10":"product_tag-best-restaurant-themes-ideas","11":"product_tag-unique-restaurant-themes","12":"product_tag-themes-for-restaurant-interior","13":"product_tag-fast-food-restaurant-themes","15":"first","16":"instock","17":"sale","18":"downloadable","19":"taxable","20":"shipping-taxable","21":"purchasable","22":"product-type-simple"},"acf":[],"yoast_head":"<!-- This site is optimized with the Yoast SEO Premium plugin v22.1 (Yoast SEO v26.0) - https:\/\/yoast.com\/wordpress\/plugins\/seo\/ -->\n<title>Motywy eCommerce WordPress dla restauracji | Motyw restauracji<\/title>\n<meta name=\"description\" content=\"Utw\u00f3rz obecno\u015b\u0107 online z motywem e-commerce WordPress dla restauracji. Wybierz spo\u015br\u00f3d r\u00f3\u017cnych motyw\u00f3w i zacznij sprzedawa\u0107 swoje jedzenie online ju\u017c dzi\u015b.\" \/>\n<meta name=\"robots\" content=\"index, follow, max-snippet:-1, max-image-preview:large, max-video-preview:-1\" \/>\n<link rel=\"canonical\" href=\"https:\/\/www.cyan-dolphin-864669.hostingersite.com\/pl\/product\/restauracja\/\" \/>\n<meta property=\"og:locale\" content=\"pl_PL\" \/>\n<meta property=\"og:type\" content=\"article\" \/>\n<meta property=\"og:title\" content=\"Restauracja\" \/>\n<meta property=\"og:description\" content=\"Utw\u00f3rz obecno\u015b\u0107 online z motywem e-commerce WordPress dla restauracji. Wybierz spo\u015br\u00f3d r\u00f3\u017cnych motyw\u00f3w i zacznij sprzedawa\u0107 swoje jedzenie online ju\u017c dzi\u015b.\" \/>\n<meta property=\"og:url\" content=\"https:\/\/www.cyan-dolphin-864669.hostingersite.com\/pl\/product\/restauracja\/\" \/>\n<meta property=\"og:site_name\" content=\"ThemeHolt\" \/>\n<meta property=\"article:publisher\" content=\"https:\/\/www.facebook.com\/themeholtT\" \/>\n<meta property=\"article:modified_time\" content=\"2024-10-26T10:49:51+00:00\" \/>\n<meta property=\"og:image\" content=\"https:\/\/www.cyan-dolphin-864669.hostingersite.com\/wp-content\/uploads\/2022\/04\/best-restaurants-theme.jpg\" \/>\n\t<meta property=\"og:image:width\" content=\"1300\" \/>\n\t<meta property=\"og:image:height\" content=\"1283\" \/>\n\t<meta property=\"og:image:type\" content=\"image\/jpeg\" \/>\n<meta name=\"twitter:card\" content=\"summary_large_image\" \/>\n<meta name=\"twitter:site\" content=\"@ThemeholtT\" \/>\n<meta name=\"twitter:label1\" content=\"Szacowany czas czytania\" \/>\n\t<meta name=\"twitter:data1\" content=\"1 minuta\" \/>\n<script type=\"application\/ld+json\" class=\"yoast-schema-graph\">{\"@context\":\"https:\/\/schema.org\",\"@graph\":[{\"@type\":\"WebPage\",\"@id\":\"https:\/\/www.cyan-dolphin-864669.hostingersite.com\/pl\/product\/restauracja\/\",\"url\":\"https:\/\/www.cyan-dolphin-864669.hostingersite.com\/pl\/product\/restauracja\/\",\"name\":\"Motywy eCommerce WordPress dla restauracji | Motyw restauracji\",\"isPartOf\":{\"@id\":\"https:\/\/themeholt.com\/#website\"},\"primaryImageOfPage\":{\"@id\":\"https:\/\/www.cyan-dolphin-864669.hostingersite.com\/pl\/product\/restauracja\/#primaryimage\"},\"image\":{\"@id\":\"https:\/\/www.cyan-dolphin-864669.hostingersite.com\/pl\/product\/restauracja\/#primaryimage\"},\"thumbnailUrl\":\"https:\/\/themeholt.com\/wp-content\/uploads\/2022\/04\/best-restaurants-theme.jpg\",\"datePublished\":\"2022-04-25T10:56:12+00:00\",\"dateModified\":\"2024-10-26T10:49:51+00:00\",\"description\":\"Utw\u00f3rz obecno\u015b\u0107 online z motywem e-commerce WordPress dla restauracji. Wybierz spo\u015br\u00f3d r\u00f3\u017cnych motyw\u00f3w i zacznij sprzedawa\u0107 swoje jedzenie online ju\u017c dzi\u015b.\",\"breadcrumb\":{\"@id\":\"https:\/\/www.cyan-dolphin-864669.hostingersite.com\/pl\/product\/restauracja\/#breadcrumb\"},\"inLanguage\":\"pl-PL\",\"potentialAction\":[{\"@type\":\"ReadAction\",\"target\":[\"https:\/\/www.cyan-dolphin-864669.hostingersite.com\/pl\/product\/restauracja\/\"]}]},{\"@type\":\"ImageObject\",\"inLanguage\":\"pl-PL\",\"@id\":\"https:\/\/www.cyan-dolphin-864669.hostingersite.com\/pl\/product\/restauracja\/#primaryimage\",\"url\":\"https:\/\/themeholt.com\/wp-content\/uploads\/2022\/04\/best-restaurants-theme.jpg\",\"contentUrl\":\"https:\/\/themeholt.com\/wp-content\/uploads\/2022\/04\/best-restaurants-theme.jpg\",\"width\":1300,\"height\":1283},{\"@type\":\"BreadcrumbList\",\"@id\":\"https:\/\/www.cyan-dolphin-864669.hostingersite.com\/pl\/product\/restauracja\/#breadcrumb\",\"itemListElement\":[{\"@type\":\"ListItem\",\"position\":1,\"name\":\"Home\",\"item\":\"https:\/\/themeholt.com\/pl\/\"},{\"@type\":\"ListItem\",\"position\":2,\"name\":\"Shop\",\"item\":\"https:\/\/themeholt.com\/shop\/\"},{\"@type\":\"ListItem\",\"position\":3,\"name\":\"Restauracja\"}]},{\"@type\":\"WebSite\",\"@id\":\"https:\/\/themeholt.com\/#website\",\"url\":\"https:\/\/themeholt.com\/\",\"name\":\"ThemeHolt\",\"description\":\"Themeholt is a website that offers high-quality WordPress themes\",\"publisher\":{\"@id\":\"https:\/\/themeholt.com\/#organization\"},\"potentialAction\":[{\"@type\":\"SearchAction\",\"target\":{\"@type\":\"EntryPoint\",\"urlTemplate\":\"https:\/\/themeholt.com\/?s={search_term_string}\"},\"query-input\":{\"@type\":\"PropertyValueSpecification\",\"valueRequired\":true,\"valueName\":\"search_term_string\"}}],\"inLanguage\":\"pl-PL\"},{\"@type\":\"Organization\",\"@id\":\"https:\/\/themeholt.com\/#organization\",\"name\":\"ThemeHolt\",\"alternateName\":\"ThemeHolt\",\"url\":\"https:\/\/themeholt.com\/\",\"logo\":{\"@type\":\"ImageObject\",\"inLanguage\":\"pl-PL\",\"@id\":\"https:\/\/themeholt.com\/#\/schema\/logo\/image\/\",\"url\":\"https:\/\/themeholt.com\/wp-content\/uploads\/2024\/10\/themeholt.png\",\"contentUrl\":\"https:\/\/themeholt.com\/wp-content\/uploads\/2024\/10\/themeholt.png\",\"width\":225,\"height\":225,\"caption\":\"ThemeHolt\"},\"image\":{\"@id\":\"https:\/\/themeholt.com\/#\/schema\/logo\/image\/\"},\"sameAs\":[\"https:\/\/www.facebook.com\/themeholtT\",\"https:\/\/x.com\/ThemeholtT\",\"https:\/\/www.linkedin.com\/company\/themeholt\",\"https:\/\/www.instagram.com\/themeholtt\/\"],\"description\":\"Themeholt is a website that offers high-quality WordPress themes that are easy to use and ready for just about everything. In Eindhoven, Netherlands, since 2020 offering simple, accessible WordPress themes by providing a variety of requirements. Themeholt focuses on practicality and efficiency, allowing faster project completion with its superior marketplace and easy-to-use templates.\",\"legalName\":\"ThemeHolt\",\"foundingDate\":\"2022-11-10\",\"numberOfEmployees\":{\"@type\":\"QuantitativeValue\",\"minValue\":\"51\",\"maxValue\":\"200\"}}]}<\/script>\n<!-- \/ Yoast SEO Premium plugin. -->","yoast_head_json":{"title":"Motywy eCommerce WordPress dla restauracji | Motyw restauracji","description":"Utw\u00f3rz obecno\u015b\u0107 online z motywem e-commerce WordPress dla restauracji. Wybierz spo\u015br\u00f3d r\u00f3\u017cnych motyw\u00f3w i zacznij sprzedawa\u0107 swoje jedzenie online ju\u017c dzi\u015b.","robots":{"index":"index","follow":"follow","max-snippet":"max-snippet:-1","max-image-preview":"max-image-preview:large","max-video-preview":"max-video-preview:-1"},"canonical":"https:\/\/www.cyan-dolphin-864669.hostingersite.com\/pl\/product\/restauracja\/","og_locale":"pl_PL","og_type":"article","og_title":"Restauracja","og_description":"Utw\u00f3rz obecno\u015b\u0107 online z motywem e-commerce WordPress dla restauracji. Wybierz spo\u015br\u00f3d r\u00f3\u017cnych motyw\u00f3w i zacznij sprzedawa\u0107 swoje jedzenie online ju\u017c dzi\u015b.","og_url":"https:\/\/www.cyan-dolphin-864669.hostingersite.com\/pl\/product\/restauracja\/","og_site_name":"ThemeHolt","article_publisher":"https:\/\/www.facebook.com\/themeholtT","article_modified_time":"2024-10-26T10:49:51+00:00","og_image":[{"width":1300,"height":1283,"url":"https:\/\/www.cyan-dolphin-864669.hostingersite.com\/wp-content\/uploads\/2022\/04\/best-restaurants-theme.jpg","type":"image\/jpeg"}],"twitter_card":"summary_large_image","twitter_site":"@ThemeholtT","twitter_misc":{"Szacowany czas czytania":"1 minuta"},"schema":{"@context":"https:\/\/schema.org","@graph":[{"@type":"WebPage","@id":"https:\/\/www.cyan-dolphin-864669.hostingersite.com\/pl\/product\/restauracja\/","url":"https:\/\/www.cyan-dolphin-864669.hostingersite.com\/pl\/product\/restauracja\/","name":"Motywy eCommerce WordPress dla restauracji | Motyw restauracji","isPartOf":{"@id":"https:\/\/themeholt.com\/#website"},"primaryImageOfPage":{"@id":"https:\/\/www.cyan-dolphin-864669.hostingersite.com\/pl\/product\/restauracja\/#primaryimage"},"image":{"@id":"https:\/\/www.cyan-dolphin-864669.hostingersite.com\/pl\/product\/restauracja\/#primaryimage"},"thumbnailUrl":"https:\/\/themeholt.com\/wp-content\/uploads\/2022\/04\/best-restaurants-theme.jpg","datePublished":"2022-04-25T10:56:12+00:00","dateModified":"2024-10-26T10:49:51+00:00","description":"Utw\u00f3rz obecno\u015b\u0107 online z motywem e-commerce WordPress dla restauracji. Wybierz spo\u015br\u00f3d r\u00f3\u017cnych motyw\u00f3w i zacznij sprzedawa\u0107 swoje jedzenie online ju\u017c dzi\u015b.","breadcrumb":{"@id":"https:\/\/www.cyan-dolphin-864669.hostingersite.com\/pl\/product\/restauracja\/#breadcrumb"},"inLanguage":"pl-PL","potentialAction":[{"@type":"ReadAction","target":["https:\/\/www.cyan-dolphin-864669.hostingersite.com\/pl\/product\/restauracja\/"]}]},{"@type":"ImageObject","inLanguage":"pl-PL","@id":"https:\/\/www.cyan-dolphin-864669.hostingersite.com\/pl\/product\/restauracja\/#primaryimage","url":"https:\/\/themeholt.com\/wp-content\/uploads\/2022\/04\/best-restaurants-theme.jpg","contentUrl":"https:\/\/themeholt.com\/wp-content\/uploads\/2022\/04\/best-restaurants-theme.jpg","width":1300,"height":1283},{"@type":"BreadcrumbList","@id":"https:\/\/www.cyan-dolphin-864669.hostingersite.com\/pl\/product\/restauracja\/#breadcrumb","itemListElement":[{"@type":"ListItem","position":1,"name":"Home","item":"https:\/\/themeholt.com\/pl\/"},{"@type":"ListItem","position":2,"name":"Shop","item":"https:\/\/themeholt.com\/shop\/"},{"@type":"ListItem","position":3,"name":"Restauracja"}]},{"@type":"WebSite","@id":"https:\/\/themeholt.com\/#website","url":"https:\/\/themeholt.com\/","name":"ThemeHolt","description":"Themeholt is a website that offers high-quality WordPress themes","publisher":{"@id":"https:\/\/themeholt.com\/#organization"},"potentialAction":[{"@type":"SearchAction","target":{"@type":"EntryPoint","urlTemplate":"https:\/\/themeholt.com\/?s={search_term_string}"},"query-input":{"@type":"PropertyValueSpecification","valueRequired":true,"valueName":"search_term_string"}}],"inLanguage":"pl-PL"},{"@type":"Organization","@id":"https:\/\/themeholt.com\/#organization","name":"ThemeHolt","alternateName":"ThemeHolt","url":"https:\/\/themeholt.com\/","logo":{"@type":"ImageObject","inLanguage":"pl-PL","@id":"https:\/\/themeholt.com\/#\/schema\/logo\/image\/","url":"https:\/\/themeholt.com\/wp-content\/uploads\/2024\/10\/themeholt.png","contentUrl":"https:\/\/themeholt.com\/wp-content\/uploads\/2024\/10\/themeholt.png","width":225,"height":225,"caption":"ThemeHolt"},"image":{"@id":"https:\/\/themeholt.com\/#\/schema\/logo\/image\/"},"sameAs":["https:\/\/www.facebook.com\/themeholtT","https:\/\/x.com\/ThemeholtT","https:\/\/www.linkedin.com\/company\/themeholt","https:\/\/www.instagram.com\/themeholtt\/"],"description":"Themeholt is a website that offers high-quality WordPress themes that are easy to use and ready for just about everything. In Eindhoven, Netherlands, since 2020 offering simple, accessible WordPress themes by providing a variety of requirements. Themeholt focuses on practicality and efficiency, allowing faster project completion with its superior marketplace and easy-to-use templates.","legalName":"ThemeHolt","foundingDate":"2022-11-10","numberOfEmployees":{"@type":"QuantitativeValue","minValue":"51","maxValue":"200"}}]}},"_links":{"self":[{"href":"https:\/\/themeholt.com\/pl\/wp-json\/wp\/v2\/product\/15973","targetHints":{"allow":["GET"]}}],"collection":[{"href":"https:\/\/themeholt.com\/pl\/wp-json\/wp\/v2\/product"}],"about":[{"href":"https:\/\/themeholt.com\/pl\/wp-json\/wp\/v2\/types\/product"}],"wp:featuredmedia":[{"embeddable":true,"href":"https:\/\/themeholt.com\/pl\/wp-json\/wp\/v2\/media\/15974"}],"wp:attachment":[{"href":"https:\/\/themeholt.com\/pl\/wp-json\/wp\/v2\/media?parent=15973"}],"wp:term":[{"taxonomy":"product_brand","embeddable":true,"href":"https:\/\/themeholt.com\/pl\/wp-json\/wp\/v2\/product_brand?post=15973"},{"taxonomy":"product_cat","embeddable":true,"href":"https:\/\/themeholt.com\/pl\/wp-json\/wp\/v2\/product_cat?post=15973"},{"taxonomy":"product_tag","embeddable":true,"href":"https:\/\/themeholt.com\/pl\/wp-json\/wp\/v2\/product_tag?post=15973"}],"curies":[{"name":"wp","href":"https:\/\/api.w.org\/{rel}","templated":true}]}}