{"id":15980,"date":"2022-04-25T10:01:50","date_gmt":"2022-04-25T10:01:50","guid":{"rendered":"https:\/\/themeholt.com\/product\/portfolio\/"},"modified":"2024-10-26T10:53:00","modified_gmt":"2024-10-26T10:53:00","slug":"teczka","status":"publish","type":"product","link":"https:\/\/themeholt.com\/pl\/product\/teczka\/","title":{"rendered":"Teczka"},"content":{"rendered":"<p><span style=\"font-weight: 400\">Portfolio to pot\u0119\u017cne narz\u0119dzie dla artyst\u00f3w, projektant\u00f3w, fotograf\u00f3w i profesjonalist\u00f3w z r\u00f3\u017cnych dziedzin kreatywnych, aby zaprezentowa\u0107 swoj\u0105 prac\u0119 i podkre\u015bli\u0107 swoje umiej\u0119tno\u015bci. W erze cyfrowej posiadanie przekonuj\u0105cego portfolio online jest niezb\u0119dne, aby wywrze\u0107 trwa\u0142e wra\u017cenie na potencjalnych klientach, pracodawcach lub wsp\u00f3\u0142pracownikach. Aby stworzy\u0107 efektown\u0105 i wizualnie osza\u0142amiaj\u0105c\u0105 witryn\u0119 portfolio, rozwa\u017c wykorzystanie wszechstronno\u015bci i funkcjonalno\u015bci motyw\u00f3w portfolio WordPress.<\/span><\/p>\n<p><b>Motywy portfolio WordPress<\/b><span style=\"font-weight: 400\"> oferuj\u0105 szeroki zakres opcji projektowania, funkcji i mo\u017cliwo\u015bci dostosowywania, kt\u00f3re umo\u017cliwiaj\u0105 stworzenie witryny portfolio, kt\u00f3ra naprawd\u0119 odzwierciedla Tw\u00f3j unikalny styl i prezentuje Twoj\u0105 prac\u0119 w najlepszy mo\u017cliwy spos\u00f3b. Te motywy zapewniaj\u0105 bezproblemow\u0105 i intuicyjn\u0105 platform\u0119 do prezentowania Twoich projekt\u00f3w, sztuki, fotografii lub innych prac tw\u00f3rczych globalnej publiczno\u015bci.<\/span><\/p>\n","protected":false},"excerpt":{"rendered":"<ul>\n<li>\u0141atwy w u\u017cyciu, wydajny interfejs administratora<\/li>\n<li>Responsywny projekt<\/li>\n<li>Gotowy na Retina<\/li>\n<li>Gotowy na t\u0142umaczenie<\/li>\n<li>Ca\u0142kowicie konfigurowalny<\/li>\n<li>Kompatybilny z WooCommerce<\/li>\n<li>Szybkie i szybkie wsparcie<\/li>\n<\/ul>\n","protected":false},"featured_media":15981,"template":"","meta":{"_acf_changed":false,"inline_featured_image":false},"product_brand":[],"product_cat":[1406],"product_tag":[1438,1439,1440,1441,1442],"class_list":{"0":"post-15980","1":"product","2":"type-product","3":"status-publish","4":"has-post-thumbnail","6":"product_cat-best-seller-pl","7":"product_tag-best-wordpress-portfolio-themes-pl","8":"product_tag-creative-portfolio-theme-pl","9":"product_tag-eelementor-portfolio-themes-pl","10":"product_tag-pportfolio-themes-wordpress-pl","11":"product_tag-wordpress-portfolio-themes-pl","13":"first","14":"instock","15":"sale","16":"downloadable","17":"taxable","18":"shipping-taxable","19":"purchasable","20":"product-type-simple"},"acf":[],"yoast_head":"<!-- This site is optimized with the Yoast SEO Premium plugin v22.1 (Yoast SEO v26.0) - https:\/\/yoast.com\/wordpress\/plugins\/seo\/ -->\n<title>Motywy portfolio WordPress | Najlepsze motywy portfolio WordPress<\/title>\n<meta name=\"description\" content=\"Odkryj motywy portfolio WordPress, aby zaprezentowa\u0107 swoj\u0105 prac\u0119 i umiej\u0119tno\u015bci wizualnie, osza\u0142amiaj\u0105co i profesjonalnie. Podnie\u015b poziom swojej witryny portfolio ju\u017c teraz!\" \/>\n<meta name=\"robots\" content=\"index, follow, max-snippet:-1, max-image-preview:large, max-video-preview:-1\" \/>\n<link rel=\"canonical\" href=\"https:\/\/themeholt.com\/pl\/product\/teczka\/\" \/>\n<meta property=\"og:locale\" content=\"pl_PL\" \/>\n<meta property=\"og:type\" content=\"article\" \/>\n<meta property=\"og:title\" content=\"Teczka\" \/>\n<meta property=\"og:description\" content=\"Odkryj motywy portfolio WordPress, aby zaprezentowa\u0107 swoj\u0105 prac\u0119 i umiej\u0119tno\u015bci wizualnie, osza\u0142amiaj\u0105co i profesjonalnie. Podnie\u015b poziom swojej witryny portfolio ju\u017c teraz!\" \/>\n<meta property=\"og:url\" content=\"https:\/\/themeholt.com\/pl\/product\/teczka\/\" \/>\n<meta property=\"og:site_name\" content=\"ThemeHolt\" \/>\n<meta property=\"article:publisher\" content=\"https:\/\/www.facebook.com\/themeholtT\" \/>\n<meta property=\"article:modified_time\" content=\"2024-10-26T10:53:00+00:00\" \/>\n<meta property=\"og:image\" content=\"https:\/\/themeholt.com\/wp-content\/uploads\/2022\/04\/Creative-Home-Portfolio-theme.jpg\" \/>\n\t<meta property=\"og:image:width\" content=\"1300\" \/>\n\t<meta property=\"og:image:height\" content=\"1300\" \/>\n\t<meta property=\"og:image:type\" content=\"image\/jpeg\" \/>\n<meta name=\"twitter:card\" content=\"summary_large_image\" \/>\n<meta name=\"twitter:site\" content=\"@ThemeholtT\" \/>\n<meta name=\"twitter:label1\" content=\"Szacowany czas czytania\" \/>\n\t<meta name=\"twitter:data1\" content=\"1 minuta\" \/>\n<script type=\"application\/ld+json\" class=\"yoast-schema-graph\">{\"@context\":\"https:\/\/schema.org\",\"@graph\":[{\"@type\":\"WebPage\",\"@id\":\"https:\/\/themeholt.com\/pl\/product\/teczka\/\",\"url\":\"https:\/\/themeholt.com\/pl\/product\/teczka\/\",\"name\":\"Motywy portfolio WordPress | Najlepsze motywy portfolio WordPress\",\"isPartOf\":{\"@id\":\"https:\/\/themeholt.com\/#website\"},\"primaryImageOfPage\":{\"@id\":\"https:\/\/themeholt.com\/pl\/product\/teczka\/#primaryimage\"},\"image\":{\"@id\":\"https:\/\/themeholt.com\/pl\/product\/teczka\/#primaryimage\"},\"thumbnailUrl\":\"https:\/\/themeholt.com\/wp-content\/uploads\/2022\/04\/Creative-Home-Portfolio-theme.jpg\",\"datePublished\":\"2022-04-25T10:01:50+00:00\",\"dateModified\":\"2024-10-26T10:53:00+00:00\",\"description\":\"Odkryj motywy portfolio WordPress, aby zaprezentowa\u0107 swoj\u0105 prac\u0119 i umiej\u0119tno\u015bci wizualnie, osza\u0142amiaj\u0105co i profesjonalnie. Podnie\u015b poziom swojej witryny portfolio ju\u017c teraz!\",\"breadcrumb\":{\"@id\":\"https:\/\/themeholt.com\/pl\/product\/teczka\/#breadcrumb\"},\"inLanguage\":\"pl-PL\",\"potentialAction\":[{\"@type\":\"ReadAction\",\"target\":[\"https:\/\/themeholt.com\/pl\/product\/teczka\/\"]}]},{\"@type\":\"ImageObject\",\"inLanguage\":\"pl-PL\",\"@id\":\"https:\/\/themeholt.com\/pl\/product\/teczka\/#primaryimage\",\"url\":\"https:\/\/themeholt.com\/wp-content\/uploads\/2022\/04\/Creative-Home-Portfolio-theme.jpg\",\"contentUrl\":\"https:\/\/themeholt.com\/wp-content\/uploads\/2022\/04\/Creative-Home-Portfolio-theme.jpg\",\"width\":1300,\"height\":1300},{\"@type\":\"BreadcrumbList\",\"@id\":\"https:\/\/themeholt.com\/pl\/product\/teczka\/#breadcrumb\",\"itemListElement\":[{\"@type\":\"ListItem\",\"position\":1,\"name\":\"Home\",\"item\":\"https:\/\/themeholt.com\/pl\/\"},{\"@type\":\"ListItem\",\"position\":2,\"name\":\"Shop\",\"item\":\"https:\/\/themeholt.com\/shop\/\"},{\"@type\":\"ListItem\",\"position\":3,\"name\":\"Teczka\"}]},{\"@type\":\"WebSite\",\"@id\":\"https:\/\/themeholt.com\/#website\",\"url\":\"https:\/\/themeholt.com\/\",\"name\":\"ThemeHolt\",\"description\":\"Themeholt is a website that offers high-quality WordPress themes\",\"publisher\":{\"@id\":\"https:\/\/themeholt.com\/#organization\"},\"potentialAction\":[{\"@type\":\"SearchAction\",\"target\":{\"@type\":\"EntryPoint\",\"urlTemplate\":\"https:\/\/themeholt.com\/?s={search_term_string}\"},\"query-input\":{\"@type\":\"PropertyValueSpecification\",\"valueRequired\":true,\"valueName\":\"search_term_string\"}}],\"inLanguage\":\"pl-PL\"},{\"@type\":\"Organization\",\"@id\":\"https:\/\/themeholt.com\/#organization\",\"name\":\"ThemeHolt\",\"alternateName\":\"ThemeHolt\",\"url\":\"https:\/\/themeholt.com\/\",\"logo\":{\"@type\":\"ImageObject\",\"inLanguage\":\"pl-PL\",\"@id\":\"https:\/\/themeholt.com\/#\/schema\/logo\/image\/\",\"url\":\"https:\/\/themeholt.com\/wp-content\/uploads\/2024\/10\/themeholt.png\",\"contentUrl\":\"https:\/\/themeholt.com\/wp-content\/uploads\/2024\/10\/themeholt.png\",\"width\":225,\"height\":225,\"caption\":\"ThemeHolt\"},\"image\":{\"@id\":\"https:\/\/themeholt.com\/#\/schema\/logo\/image\/\"},\"sameAs\":[\"https:\/\/www.facebook.com\/themeholtT\",\"https:\/\/x.com\/ThemeholtT\",\"https:\/\/www.linkedin.com\/company\/themeholt\",\"https:\/\/www.instagram.com\/themeholtt\/\"],\"description\":\"Themeholt is a website that offers high-quality WordPress themes that are easy to use and ready for just about everything. In Eindhoven, Netherlands, since 2020 offering simple, accessible WordPress themes by providing a variety of requirements. Themeholt focuses on practicality and efficiency, allowing faster project completion with its superior marketplace and easy-to-use templates.\",\"legalName\":\"ThemeHolt\",\"foundingDate\":\"2022-11-10\",\"numberOfEmployees\":{\"@type\":\"QuantitativeValue\",\"minValue\":\"51\",\"maxValue\":\"200\"}}]}<\/script>\n<!-- \/ Yoast SEO Premium plugin. -->","yoast_head_json":{"title":"Motywy portfolio WordPress | Najlepsze motywy portfolio WordPress","description":"Odkryj motywy portfolio WordPress, aby zaprezentowa\u0107 swoj\u0105 prac\u0119 i umiej\u0119tno\u015bci wizualnie, osza\u0142amiaj\u0105co i profesjonalnie. Podnie\u015b poziom swojej witryny portfolio ju\u017c teraz!","robots":{"index":"index","follow":"follow","max-snippet":"max-snippet:-1","max-image-preview":"max-image-preview:large","max-video-preview":"max-video-preview:-1"},"canonical":"https:\/\/themeholt.com\/pl\/product\/teczka\/","og_locale":"pl_PL","og_type":"article","og_title":"Teczka","og_description":"Odkryj motywy portfolio WordPress, aby zaprezentowa\u0107 swoj\u0105 prac\u0119 i umiej\u0119tno\u015bci wizualnie, osza\u0142amiaj\u0105co i profesjonalnie. Podnie\u015b poziom swojej witryny portfolio ju\u017c teraz!","og_url":"https:\/\/themeholt.com\/pl\/product\/teczka\/","og_site_name":"ThemeHolt","article_publisher":"https:\/\/www.facebook.com\/themeholtT","article_modified_time":"2024-10-26T10:53:00+00:00","og_image":[{"width":1300,"height":1300,"url":"https:\/\/themeholt.com\/wp-content\/uploads\/2022\/04\/Creative-Home-Portfolio-theme.jpg","type":"image\/jpeg"}],"twitter_card":"summary_large_image","twitter_site":"@ThemeholtT","twitter_misc":{"Szacowany czas czytania":"1 minuta"},"schema":{"@context":"https:\/\/schema.org","@graph":[{"@type":"WebPage","@id":"https:\/\/themeholt.com\/pl\/product\/teczka\/","url":"https:\/\/themeholt.com\/pl\/product\/teczka\/","name":"Motywy portfolio WordPress | Najlepsze motywy portfolio WordPress","isPartOf":{"@id":"https:\/\/themeholt.com\/#website"},"primaryImageOfPage":{"@id":"https:\/\/themeholt.com\/pl\/product\/teczka\/#primaryimage"},"image":{"@id":"https:\/\/themeholt.com\/pl\/product\/teczka\/#primaryimage"},"thumbnailUrl":"https:\/\/themeholt.com\/wp-content\/uploads\/2022\/04\/Creative-Home-Portfolio-theme.jpg","datePublished":"2022-04-25T10:01:50+00:00","dateModified":"2024-10-26T10:53:00+00:00","description":"Odkryj motywy portfolio WordPress, aby zaprezentowa\u0107 swoj\u0105 prac\u0119 i umiej\u0119tno\u015bci wizualnie, osza\u0142amiaj\u0105co i profesjonalnie. Podnie\u015b poziom swojej witryny portfolio ju\u017c teraz!","breadcrumb":{"@id":"https:\/\/themeholt.com\/pl\/product\/teczka\/#breadcrumb"},"inLanguage":"pl-PL","potentialAction":[{"@type":"ReadAction","target":["https:\/\/themeholt.com\/pl\/product\/teczka\/"]}]},{"@type":"ImageObject","inLanguage":"pl-PL","@id":"https:\/\/themeholt.com\/pl\/product\/teczka\/#primaryimage","url":"https:\/\/themeholt.com\/wp-content\/uploads\/2022\/04\/Creative-Home-Portfolio-theme.jpg","contentUrl":"https:\/\/themeholt.com\/wp-content\/uploads\/2022\/04\/Creative-Home-Portfolio-theme.jpg","width":1300,"height":1300},{"@type":"BreadcrumbList","@id":"https:\/\/themeholt.com\/pl\/product\/teczka\/#breadcrumb","itemListElement":[{"@type":"ListItem","position":1,"name":"Home","item":"https:\/\/themeholt.com\/pl\/"},{"@type":"ListItem","position":2,"name":"Shop","item":"https:\/\/themeholt.com\/shop\/"},{"@type":"ListItem","position":3,"name":"Teczka"}]},{"@type":"WebSite","@id":"https:\/\/themeholt.com\/#website","url":"https:\/\/themeholt.com\/","name":"ThemeHolt","description":"Themeholt is a website that offers high-quality WordPress themes","publisher":{"@id":"https:\/\/themeholt.com\/#organization"},"potentialAction":[{"@type":"SearchAction","target":{"@type":"EntryPoint","urlTemplate":"https:\/\/themeholt.com\/?s={search_term_string}"},"query-input":{"@type":"PropertyValueSpecification","valueRequired":true,"valueName":"search_term_string"}}],"inLanguage":"pl-PL"},{"@type":"Organization","@id":"https:\/\/themeholt.com\/#organization","name":"ThemeHolt","alternateName":"ThemeHolt","url":"https:\/\/themeholt.com\/","logo":{"@type":"ImageObject","inLanguage":"pl-PL","@id":"https:\/\/themeholt.com\/#\/schema\/logo\/image\/","url":"https:\/\/themeholt.com\/wp-content\/uploads\/2024\/10\/themeholt.png","contentUrl":"https:\/\/themeholt.com\/wp-content\/uploads\/2024\/10\/themeholt.png","width":225,"height":225,"caption":"ThemeHolt"},"image":{"@id":"https:\/\/themeholt.com\/#\/schema\/logo\/image\/"},"sameAs":["https:\/\/www.facebook.com\/themeholtT","https:\/\/x.com\/ThemeholtT","https:\/\/www.linkedin.com\/company\/themeholt","https:\/\/www.instagram.com\/themeholtt\/"],"description":"Themeholt is a website that offers high-quality WordPress themes that are easy to use and ready for just about everything. In Eindhoven, Netherlands, since 2020 offering simple, accessible WordPress themes by providing a variety of requirements. Themeholt focuses on practicality and efficiency, allowing faster project completion with its superior marketplace and easy-to-use templates.","legalName":"ThemeHolt","foundingDate":"2022-11-10","numberOfEmployees":{"@type":"QuantitativeValue","minValue":"51","maxValue":"200"}}]}},"_links":{"self":[{"href":"https:\/\/themeholt.com\/pl\/wp-json\/wp\/v2\/product\/15980","targetHints":{"allow":["GET"]}}],"collection":[{"href":"https:\/\/themeholt.com\/pl\/wp-json\/wp\/v2\/product"}],"about":[{"href":"https:\/\/themeholt.com\/pl\/wp-json\/wp\/v2\/types\/product"}],"wp:featuredmedia":[{"embeddable":true,"href":"https:\/\/themeholt.com\/pl\/wp-json\/wp\/v2\/media\/15981"}],"wp:attachment":[{"href":"https:\/\/themeholt.com\/pl\/wp-json\/wp\/v2\/media?parent=15980"}],"wp:term":[{"taxonomy":"product_brand","embeddable":true,"href":"https:\/\/themeholt.com\/pl\/wp-json\/wp\/v2\/product_brand?post=15980"},{"taxonomy":"product_cat","embeddable":true,"href":"https:\/\/themeholt.com\/pl\/wp-json\/wp\/v2\/product_cat?post=15980"},{"taxonomy":"product_tag","embeddable":true,"href":"https:\/\/themeholt.com\/pl\/wp-json\/wp\/v2\/product_tag?post=15980"}],"curies":[{"name":"wp","href":"https:\/\/api.w.org\/{rel}","templated":true}]}}