{"id":16002,"date":"2022-04-25T09:18:50","date_gmt":"2022-04-25T09:18:50","guid":{"rendered":"https:\/\/themeholt.com\/product\/coffee\/"},"modified":"2024-10-26T11:05:28","modified_gmt":"2024-10-26T11:05:28","slug":"kawa","status":"publish","type":"product","link":"https:\/\/themeholt.com\/pl\/product\/kawa\/","title":{"rendered":"Kawa"},"content":{"rendered":"<p><span style=\"font-weight: 400\">Je\u015bli chcesz stworzy\u0107 wyj\u0105tkow\u0105 witryn\u0119 kawiarni,<\/span><b>Moderate Coffee Shop Theme<\/b><span style=\"font-weight: 400\">jest niew\u0105tpliwie idealnym wyborem! Ten motyw oferuje osza\u0142amiaj\u0105c\u0105 kolekcj\u0119 wst\u0119pnie zaprojektowanych stron g\u0142\u00f3wnych i wewn\u0119trznych, kt\u00f3re mo\u017cna bez wysi\u0142ku dostosowa\u0107 do swoich potrzeb. Dzi\u0119ki wszechstronnym funkcjom i nienagannemu projektowi ten motyw idealnie nadaje si\u0119 do kawiarni, bar\u00f3w i podobnych firm, zapewniaj\u0105c, \u017ce Twoja witryna wyr\u00f3\u017cni si\u0119.<\/span><\/p>\n<p><span style=\"font-weight: 400\">Jedn\u0105 z wyr\u00f3\u017cniaj\u0105cych si\u0119 cech <\/span><b>Coffee Shop Themes <\/b><span style=\"font-weight: 400\">jest nienaganny uk\u0142ad menu. Wy\u015bwietlanie menu napoj\u00f3w w najwy\u017cszym stylu nigdy nie by\u0142o bardziej dost\u0119pne. Mo\u017cesz zaprezentowa\u0107 swoj\u0105 szerok\u0105 gam\u0119 napoj\u00f3w, od aromatycznych kaw po pyszne herbaty i orze\u017awiaj\u0105ce koktajle. Dzi\u0119ki r\u00f3\u017cnorodnym, atrakcyjnym wizualnie i przyjaznym dla u\u017cytkownika szablonom menu mo\u017cesz przedstawi\u0107 swoj\u0105 ofert\u0119 w spos\u00f3b, kt\u00f3ry oczaruje go\u015bci i zach\u0119ci ich do spr\u00f3bowania Twoich pysznych da\u0144.<\/span><\/p>\n","protected":false},"excerpt":{"rendered":"<ul>\n<li style=\"font-weight: 400\"><span style=\"font-weight: 400\">Elementor<\/span><\/li>\n<li style=\"font-weight: 400\"><span style=\"font-weight: 400\">Niesamowite elementy do kawiarni i kawiarnie<\/span><\/li>\n<li style=\"font-weight: 400\"><span style=\"font-weight: 400\">Pi\u0119kne uk\u0142ady menu napoj\u00f3w<\/span><\/li>\n<li style=\"font-weight: 400\"><span style=\"font-weight: 400\">Idealne dla ka\u017cdego bistro, kawiarni lub baru<\/span><\/li>\n<li style=\"font-weight: 400\"><span style=\"font-weight: 400\">Opcje typografii<\/span><\/li>\n<li style=\"font-weight: 400\"><span style=\"font-weight: 400\">Dobrze udokumentowane<\/span><\/li>\n<li style=\"font-weight: 400\"><span style=\"font-weight: 400\">W pe\u0142ni responsywne<\/span><\/li>\n<li style=\"font-weight: 400\"><span style=\"font-weight: 400\">WooCommerce<\/span><\/li>\n<li style=\"font-weight: 400\"><span style=\"font-weight: 400\">Obs\u0142uga klienta<\/span><\/li>\n<\/ul>\n","protected":false},"featured_media":16003,"template":"","meta":{"_acf_changed":false,"inline_featured_image":false},"product_brand":[],"product_cat":[1411],"product_tag":[1461,1462,1463,1464],"class_list":{"0":"post-16002","1":"product","2":"type-product","3":"status-publish","4":"has-post-thumbnail","6":"product_cat-exclusive-themes-pl","7":"product_tag-coffee-shop-wordpress-themes-pl","8":"product_tag-coffee-theme-pl","9":"product_tag-coffee-website-templates-pl","10":"product_tag-coffee-wordpress-themes-pl","12":"first","13":"instock","14":"sale","15":"downloadable","16":"taxable","17":"shipping-taxable","18":"purchasable","19":"product-type-simple"},"acf":[],"yoast_head":"<!-- This site is optimized with the Yoast SEO Premium plugin v22.1 (Yoast SEO v26.0) - https:\/\/yoast.com\/wordpress\/plugins\/seo\/ -->\n<title>Szablony stron internetowych dla kawiarni | Motywy WordPress dla kawiarni<\/title>\n<meta name=\"description\" content=\"Odkryj obecno\u015b\u0107 swojej kawiarni online dzi\u0119ki fascynuj\u0105cym motywom kawiarni. Dostosuj i zaprezentuj swoj\u0105 wyj\u0105tkow\u0105 atmosfer\u0119 i ofert\u0119.\" \/>\n<meta name=\"robots\" content=\"index, follow, max-snippet:-1, max-image-preview:large, max-video-preview:-1\" \/>\n<link rel=\"canonical\" href=\"https:\/\/themeholt.com\/pl\/product\/kawa\/\" \/>\n<meta property=\"og:locale\" content=\"pl_PL\" \/>\n<meta property=\"og:type\" content=\"article\" \/>\n<meta property=\"og:title\" content=\"Kawa\" \/>\n<meta property=\"og:description\" content=\"Odkryj obecno\u015b\u0107 swojej kawiarni online dzi\u0119ki fascynuj\u0105cym motywom kawiarni. Dostosuj i zaprezentuj swoj\u0105 wyj\u0105tkow\u0105 atmosfer\u0119 i ofert\u0119.\" \/>\n<meta property=\"og:url\" content=\"https:\/\/themeholt.com\/pl\/product\/kawa\/\" \/>\n<meta property=\"og:site_name\" content=\"ThemeHolt\" \/>\n<meta property=\"article:publisher\" content=\"https:\/\/www.facebook.com\/themeholtT\" \/>\n<meta property=\"article:modified_time\" content=\"2024-10-26T11:05:28+00:00\" \/>\n<meta property=\"og:image\" content=\"https:\/\/themeholt.com\/wp-content\/uploads\/2022\/04\/best-coffee-theme.jpg\" \/>\n\t<meta property=\"og:image:width\" content=\"1300\" \/>\n\t<meta property=\"og:image:height\" content=\"1283\" \/>\n\t<meta property=\"og:image:type\" content=\"image\/jpeg\" \/>\n<meta name=\"twitter:card\" content=\"summary_large_image\" \/>\n<meta name=\"twitter:site\" content=\"@ThemeholtT\" \/>\n<meta name=\"twitter:label1\" content=\"Szacowany czas czytania\" \/>\n\t<meta name=\"twitter:data1\" content=\"1 minuta\" \/>\n<script type=\"application\/ld+json\" class=\"yoast-schema-graph\">{\"@context\":\"https:\/\/schema.org\",\"@graph\":[{\"@type\":\"WebPage\",\"@id\":\"https:\/\/themeholt.com\/pl\/product\/kawa\/\",\"url\":\"https:\/\/themeholt.com\/pl\/product\/kawa\/\",\"name\":\"Szablony stron internetowych dla kawiarni | Motywy WordPress dla kawiarni\",\"isPartOf\":{\"@id\":\"https:\/\/themeholt.com\/#website\"},\"primaryImageOfPage\":{\"@id\":\"https:\/\/themeholt.com\/pl\/product\/kawa\/#primaryimage\"},\"image\":{\"@id\":\"https:\/\/themeholt.com\/pl\/product\/kawa\/#primaryimage\"},\"thumbnailUrl\":\"https:\/\/themeholt.com\/wp-content\/uploads\/2022\/04\/best-coffee-theme.jpg\",\"datePublished\":\"2022-04-25T09:18:50+00:00\",\"dateModified\":\"2024-10-26T11:05:28+00:00\",\"description\":\"Odkryj obecno\u015b\u0107 swojej kawiarni online dzi\u0119ki fascynuj\u0105cym motywom kawiarni. Dostosuj i zaprezentuj swoj\u0105 wyj\u0105tkow\u0105 atmosfer\u0119 i ofert\u0119.\",\"breadcrumb\":{\"@id\":\"https:\/\/themeholt.com\/pl\/product\/kawa\/#breadcrumb\"},\"inLanguage\":\"pl-PL\",\"potentialAction\":[{\"@type\":\"ReadAction\",\"target\":[\"https:\/\/themeholt.com\/pl\/product\/kawa\/\"]}]},{\"@type\":\"ImageObject\",\"inLanguage\":\"pl-PL\",\"@id\":\"https:\/\/themeholt.com\/pl\/product\/kawa\/#primaryimage\",\"url\":\"https:\/\/themeholt.com\/wp-content\/uploads\/2022\/04\/best-coffee-theme.jpg\",\"contentUrl\":\"https:\/\/themeholt.com\/wp-content\/uploads\/2022\/04\/best-coffee-theme.jpg\",\"width\":1300,\"height\":1283},{\"@type\":\"BreadcrumbList\",\"@id\":\"https:\/\/themeholt.com\/pl\/product\/kawa\/#breadcrumb\",\"itemListElement\":[{\"@type\":\"ListItem\",\"position\":1,\"name\":\"Home\",\"item\":\"https:\/\/themeholt.com\/pl\/\"},{\"@type\":\"ListItem\",\"position\":2,\"name\":\"Shop\",\"item\":\"https:\/\/themeholt.com\/shop\/\"},{\"@type\":\"ListItem\",\"position\":3,\"name\":\"Kawa\"}]},{\"@type\":\"WebSite\",\"@id\":\"https:\/\/themeholt.com\/#website\",\"url\":\"https:\/\/themeholt.com\/\",\"name\":\"ThemeHolt\",\"description\":\"Themeholt is a website that offers high-quality WordPress themes\",\"publisher\":{\"@id\":\"https:\/\/themeholt.com\/#organization\"},\"potentialAction\":[{\"@type\":\"SearchAction\",\"target\":{\"@type\":\"EntryPoint\",\"urlTemplate\":\"https:\/\/themeholt.com\/?s={search_term_string}\"},\"query-input\":{\"@type\":\"PropertyValueSpecification\",\"valueRequired\":true,\"valueName\":\"search_term_string\"}}],\"inLanguage\":\"pl-PL\"},{\"@type\":\"Organization\",\"@id\":\"https:\/\/themeholt.com\/#organization\",\"name\":\"ThemeHolt\",\"alternateName\":\"ThemeHolt\",\"url\":\"https:\/\/themeholt.com\/\",\"logo\":{\"@type\":\"ImageObject\",\"inLanguage\":\"pl-PL\",\"@id\":\"https:\/\/themeholt.com\/#\/schema\/logo\/image\/\",\"url\":\"https:\/\/themeholt.com\/wp-content\/uploads\/2024\/10\/themeholt.png\",\"contentUrl\":\"https:\/\/themeholt.com\/wp-content\/uploads\/2024\/10\/themeholt.png\",\"width\":225,\"height\":225,\"caption\":\"ThemeHolt\"},\"image\":{\"@id\":\"https:\/\/themeholt.com\/#\/schema\/logo\/image\/\"},\"sameAs\":[\"https:\/\/www.facebook.com\/themeholtT\",\"https:\/\/x.com\/ThemeholtT\",\"https:\/\/www.linkedin.com\/company\/themeholt\",\"https:\/\/www.instagram.com\/themeholtt\/\"],\"description\":\"Themeholt is a website that offers high-quality WordPress themes that are easy to use and ready for just about everything. In Eindhoven, Netherlands, since 2020 offering simple, accessible WordPress themes by providing a variety of requirements. Themeholt focuses on practicality and efficiency, allowing faster project completion with its superior marketplace and easy-to-use templates.\",\"legalName\":\"ThemeHolt\",\"foundingDate\":\"2022-11-10\",\"numberOfEmployees\":{\"@type\":\"QuantitativeValue\",\"minValue\":\"51\",\"maxValue\":\"200\"}}]}<\/script>\n<!-- \/ Yoast SEO Premium plugin. -->","yoast_head_json":{"title":"Szablony stron internetowych dla kawiarni | Motywy WordPress dla kawiarni","description":"Odkryj obecno\u015b\u0107 swojej kawiarni online dzi\u0119ki fascynuj\u0105cym motywom kawiarni. Dostosuj i zaprezentuj swoj\u0105 wyj\u0105tkow\u0105 atmosfer\u0119 i ofert\u0119.","robots":{"index":"index","follow":"follow","max-snippet":"max-snippet:-1","max-image-preview":"max-image-preview:large","max-video-preview":"max-video-preview:-1"},"canonical":"https:\/\/themeholt.com\/pl\/product\/kawa\/","og_locale":"pl_PL","og_type":"article","og_title":"Kawa","og_description":"Odkryj obecno\u015b\u0107 swojej kawiarni online dzi\u0119ki fascynuj\u0105cym motywom kawiarni. Dostosuj i zaprezentuj swoj\u0105 wyj\u0105tkow\u0105 atmosfer\u0119 i ofert\u0119.","og_url":"https:\/\/themeholt.com\/pl\/product\/kawa\/","og_site_name":"ThemeHolt","article_publisher":"https:\/\/www.facebook.com\/themeholtT","article_modified_time":"2024-10-26T11:05:28+00:00","og_image":[{"width":1300,"height":1283,"url":"https:\/\/themeholt.com\/wp-content\/uploads\/2022\/04\/best-coffee-theme.jpg","type":"image\/jpeg"}],"twitter_card":"summary_large_image","twitter_site":"@ThemeholtT","twitter_misc":{"Szacowany czas czytania":"1 minuta"},"schema":{"@context":"https:\/\/schema.org","@graph":[{"@type":"WebPage","@id":"https:\/\/themeholt.com\/pl\/product\/kawa\/","url":"https:\/\/themeholt.com\/pl\/product\/kawa\/","name":"Szablony stron internetowych dla kawiarni | Motywy WordPress dla kawiarni","isPartOf":{"@id":"https:\/\/themeholt.com\/#website"},"primaryImageOfPage":{"@id":"https:\/\/themeholt.com\/pl\/product\/kawa\/#primaryimage"},"image":{"@id":"https:\/\/themeholt.com\/pl\/product\/kawa\/#primaryimage"},"thumbnailUrl":"https:\/\/themeholt.com\/wp-content\/uploads\/2022\/04\/best-coffee-theme.jpg","datePublished":"2022-04-25T09:18:50+00:00","dateModified":"2024-10-26T11:05:28+00:00","description":"Odkryj obecno\u015b\u0107 swojej kawiarni online dzi\u0119ki fascynuj\u0105cym motywom kawiarni. Dostosuj i zaprezentuj swoj\u0105 wyj\u0105tkow\u0105 atmosfer\u0119 i ofert\u0119.","breadcrumb":{"@id":"https:\/\/themeholt.com\/pl\/product\/kawa\/#breadcrumb"},"inLanguage":"pl-PL","potentialAction":[{"@type":"ReadAction","target":["https:\/\/themeholt.com\/pl\/product\/kawa\/"]}]},{"@type":"ImageObject","inLanguage":"pl-PL","@id":"https:\/\/themeholt.com\/pl\/product\/kawa\/#primaryimage","url":"https:\/\/themeholt.com\/wp-content\/uploads\/2022\/04\/best-coffee-theme.jpg","contentUrl":"https:\/\/themeholt.com\/wp-content\/uploads\/2022\/04\/best-coffee-theme.jpg","width":1300,"height":1283},{"@type":"BreadcrumbList","@id":"https:\/\/themeholt.com\/pl\/product\/kawa\/#breadcrumb","itemListElement":[{"@type":"ListItem","position":1,"name":"Home","item":"https:\/\/themeholt.com\/pl\/"},{"@type":"ListItem","position":2,"name":"Shop","item":"https:\/\/themeholt.com\/shop\/"},{"@type":"ListItem","position":3,"name":"Kawa"}]},{"@type":"WebSite","@id":"https:\/\/themeholt.com\/#website","url":"https:\/\/themeholt.com\/","name":"ThemeHolt","description":"Themeholt is a website that offers high-quality WordPress themes","publisher":{"@id":"https:\/\/themeholt.com\/#organization"},"potentialAction":[{"@type":"SearchAction","target":{"@type":"EntryPoint","urlTemplate":"https:\/\/themeholt.com\/?s={search_term_string}"},"query-input":{"@type":"PropertyValueSpecification","valueRequired":true,"valueName":"search_term_string"}}],"inLanguage":"pl-PL"},{"@type":"Organization","@id":"https:\/\/themeholt.com\/#organization","name":"ThemeHolt","alternateName":"ThemeHolt","url":"https:\/\/themeholt.com\/","logo":{"@type":"ImageObject","inLanguage":"pl-PL","@id":"https:\/\/themeholt.com\/#\/schema\/logo\/image\/","url":"https:\/\/themeholt.com\/wp-content\/uploads\/2024\/10\/themeholt.png","contentUrl":"https:\/\/themeholt.com\/wp-content\/uploads\/2024\/10\/themeholt.png","width":225,"height":225,"caption":"ThemeHolt"},"image":{"@id":"https:\/\/themeholt.com\/#\/schema\/logo\/image\/"},"sameAs":["https:\/\/www.facebook.com\/themeholtT","https:\/\/x.com\/ThemeholtT","https:\/\/www.linkedin.com\/company\/themeholt","https:\/\/www.instagram.com\/themeholtt\/"],"description":"Themeholt is a website that offers high-quality WordPress themes that are easy to use and ready for just about everything. In Eindhoven, Netherlands, since 2020 offering simple, accessible WordPress themes by providing a variety of requirements. Themeholt focuses on practicality and efficiency, allowing faster project completion with its superior marketplace and easy-to-use templates.","legalName":"ThemeHolt","foundingDate":"2022-11-10","numberOfEmployees":{"@type":"QuantitativeValue","minValue":"51","maxValue":"200"}}]}},"_links":{"self":[{"href":"https:\/\/themeholt.com\/pl\/wp-json\/wp\/v2\/product\/16002","targetHints":{"allow":["GET"]}}],"collection":[{"href":"https:\/\/themeholt.com\/pl\/wp-json\/wp\/v2\/product"}],"about":[{"href":"https:\/\/themeholt.com\/pl\/wp-json\/wp\/v2\/types\/product"}],"wp:featuredmedia":[{"embeddable":true,"href":"https:\/\/themeholt.com\/pl\/wp-json\/wp\/v2\/media\/16003"}],"wp:attachment":[{"href":"https:\/\/themeholt.com\/pl\/wp-json\/wp\/v2\/media?parent=16002"}],"wp:term":[{"taxonomy":"product_brand","embeddable":true,"href":"https:\/\/themeholt.com\/pl\/wp-json\/wp\/v2\/product_brand?post=16002"},{"taxonomy":"product_cat","embeddable":true,"href":"https:\/\/themeholt.com\/pl\/wp-json\/wp\/v2\/product_cat?post=16002"},{"taxonomy":"product_tag","embeddable":true,"href":"https:\/\/themeholt.com\/pl\/wp-json\/wp\/v2\/product_tag?post=16002"}],"curies":[{"name":"wp","href":"https:\/\/api.w.org\/{rel}","templated":true}]}}