{"id":16015,"date":"2022-04-22T13:17:08","date_gmt":"2022-04-22T13:17:08","guid":{"rendered":"https:\/\/themeholt.com\/product\/software\/"},"modified":"2024-10-26T11:12:21","modified_gmt":"2024-10-26T11:12:21","slug":"oprogramowanie","status":"publish","type":"product","link":"https:\/\/themeholt.com\/pl\/product\/oprogramowanie\/","title":{"rendered":"Oprogramowanie"},"content":{"rendered":"<p><span style=\"font-weight: 400\">Witamy w \u015bwiecie <\/span><b>Software Company Theme WordPress,<\/b><span style=\"font-weight: 400\"> gdzie najnowocze\u015bniejszy design spotyka si\u0119 z funkcjonalno\u015bci\u0105, aby pom\u00f3c Ci stworzy\u0107 pot\u0119\u017cn\u0105 obecno\u015b\u0107 online dla Twojej firmy zajmuj\u0105cej si\u0119 oprogramowaniem. W dzisiejszym konkurencyjnym cyfrowym krajobrazie posiadanie wci\u0105gaj\u0105cej witryny, kt\u00f3ra prezentuje Twoje produkty i us\u0142ugi, jest niezb\u0119dne do przyci\u0105gania klient\u00f3w i ugruntowania Twojej marki jako lidera w bran\u017cy.<\/span><\/p>\n<p><span style=\"font-weight: 400\"><strong>Doskona\u0142y<\/strong> <\/span><b>Software Services WordPress Theme <\/b><span style=\"font-weight: 400\">oferuje szereg funkcji i opcji dostosowywania, co czyni go idealnym wyborem dla firm zajmuj\u0105cych si\u0119 oprogramowaniem ka\u017cdej wielko\u015bci. Dzi\u0119ki eleganckiemu i nowoczesnemu projektowi mo\u017cesz stworzy\u0107 osza\u0142amiaj\u0105c\u0105 wizualnie witryn\u0119, kt\u00f3ra natychmiast przyci\u0105gnie uwag\u0119 odwiedzaj\u0105cych. Niezale\u017cnie od tego, czy tworzysz rozwi\u0105zania programistyczne dla firm, czy oferujesz aplikacje zorientowane na klienta, ten motyw zapewni Ci profesjonalny i dopracowany wygl\u0105d, kt\u00f3ry zwi\u0119kszy Twoj\u0105 wiarygodno\u015b\u0107.<\/span><\/p>\n","protected":false},"excerpt":{"rendered":"<div class=\"module module-text tb_cb6a73e repeat\">\n<div class=\"tb_text_wrap\">\n<ul>\n<li>Techniczny projekt<\/li>\n<li>Dostosowywalne strony<\/li>\n<li>Prezentacja produkt\u00f3w<\/li>\n<li>Strony us\u0142ug<\/li>\n<li>Mo\u017cliwo\u015bci blogowania<\/li>\n<li>Optymalizacja SEO<\/li>\n<li>Integracja z mediami spo\u0142eczno\u015bciowymi<\/li>\n<li>Niestandardowe wid\u017cety<\/li>\n<li>Referencje<\/li>\n<li>Ci\u0105g\u0142e wsparcie i aktualizacje<\/li>\n<\/ul>\n<\/div>\n<\/div>\n","protected":false},"featured_media":16017,"template":"","meta":{"_acf_changed":false,"inline_featured_image":false},"product_brand":[],"product_cat":[1396],"product_tag":[1469,1470,1471],"class_list":{"0":"post-16015","1":"product","2":"type-product","3":"status-publish","4":"has-post-thumbnail","6":"product_cat-premium-themes-pl","7":"product_tag-software-company-wordpress-themes-pl","8":"product_tag-software-wordpress-themes-pl","9":"product_tag-themes-for-wordpress-pl","11":"first","12":"instock","13":"sale","14":"downloadable","15":"taxable","16":"shipping-taxable","17":"purchasable","18":"product-type-simple"},"acf":[],"yoast_head":"<!-- This site is optimized with the Yoast SEO Premium plugin v22.1 (Yoast SEO v26.0) - https:\/\/yoast.com\/wordpress\/plugins\/seo\/ -->\n<title>Doskona\u0142e motywy firmy oprogramowania WordPress 2023<\/title>\n<meta name=\"description\" content=\"Podnie\u015b obecno\u015b\u0107 online swojej firmy oprogramowania dzi\u0119ki motywowi firmy oprogramowania wordpress. Zaprezentuj swoje produkty ze stylem i funkcjonalno\u015bci\u0105.\" \/>\n<meta name=\"robots\" content=\"index, follow, max-snippet:-1, max-image-preview:large, max-video-preview:-1\" \/>\n<link rel=\"canonical\" href=\"https:\/\/themeholt.com\/pl\/product\/oprogramowanie\/\" \/>\n<meta property=\"og:locale\" content=\"pl_PL\" \/>\n<meta property=\"og:type\" content=\"article\" \/>\n<meta property=\"og:title\" content=\"Oprogramowanie\" \/>\n<meta property=\"og:description\" content=\"Podnie\u015b obecno\u015b\u0107 online swojej firmy oprogramowania dzi\u0119ki motywowi firmy oprogramowania wordpress. Zaprezentuj swoje produkty ze stylem i funkcjonalno\u015bci\u0105.\" \/>\n<meta property=\"og:url\" content=\"https:\/\/themeholt.com\/pl\/product\/oprogramowanie\/\" \/>\n<meta property=\"og:site_name\" content=\"ThemeHolt\" \/>\n<meta property=\"article:publisher\" content=\"https:\/\/www.facebook.com\/themeholtT\" \/>\n<meta property=\"article:modified_time\" content=\"2024-10-26T11:12:21+00:00\" \/>\n<meta property=\"og:image\" content=\"https:\/\/themeholt.com\/wp-content\/uploads\/2022\/04\/software-application-developer-theme.jpg\" \/>\n\t<meta property=\"og:image:width\" content=\"1300\" \/>\n\t<meta property=\"og:image:height\" content=\"1283\" \/>\n\t<meta property=\"og:image:type\" content=\"image\/jpeg\" \/>\n<meta name=\"twitter:card\" content=\"summary_large_image\" \/>\n<meta name=\"twitter:site\" content=\"@ThemeholtT\" \/>\n<meta name=\"twitter:label1\" content=\"Szacowany czas czytania\" \/>\n\t<meta name=\"twitter:data1\" content=\"1 minuta\" \/>\n<script type=\"application\/ld+json\" class=\"yoast-schema-graph\">{\"@context\":\"https:\/\/schema.org\",\"@graph\":[{\"@type\":\"WebPage\",\"@id\":\"https:\/\/themeholt.com\/pl\/product\/oprogramowanie\/\",\"url\":\"https:\/\/themeholt.com\/pl\/product\/oprogramowanie\/\",\"name\":\"Doskona\u0142e motywy firmy oprogramowania WordPress 2023\",\"isPartOf\":{\"@id\":\"https:\/\/themeholt.com\/#website\"},\"primaryImageOfPage\":{\"@id\":\"https:\/\/themeholt.com\/pl\/product\/oprogramowanie\/#primaryimage\"},\"image\":{\"@id\":\"https:\/\/themeholt.com\/pl\/product\/oprogramowanie\/#primaryimage\"},\"thumbnailUrl\":\"https:\/\/themeholt.com\/wp-content\/uploads\/2022\/04\/software-application-developer-theme.jpg\",\"datePublished\":\"2022-04-22T13:17:08+00:00\",\"dateModified\":\"2024-10-26T11:12:21+00:00\",\"description\":\"Podnie\u015b obecno\u015b\u0107 online swojej firmy oprogramowania dzi\u0119ki motywowi firmy oprogramowania wordpress. Zaprezentuj swoje produkty ze stylem i funkcjonalno\u015bci\u0105.\",\"breadcrumb\":{\"@id\":\"https:\/\/themeholt.com\/pl\/product\/oprogramowanie\/#breadcrumb\"},\"inLanguage\":\"pl-PL\",\"potentialAction\":[{\"@type\":\"ReadAction\",\"target\":[\"https:\/\/themeholt.com\/pl\/product\/oprogramowanie\/\"]}]},{\"@type\":\"ImageObject\",\"inLanguage\":\"pl-PL\",\"@id\":\"https:\/\/themeholt.com\/pl\/product\/oprogramowanie\/#primaryimage\",\"url\":\"https:\/\/themeholt.com\/wp-content\/uploads\/2022\/04\/software-application-developer-theme.jpg\",\"contentUrl\":\"https:\/\/themeholt.com\/wp-content\/uploads\/2022\/04\/software-application-developer-theme.jpg\",\"width\":1300,\"height\":1283},{\"@type\":\"BreadcrumbList\",\"@id\":\"https:\/\/themeholt.com\/pl\/product\/oprogramowanie\/#breadcrumb\",\"itemListElement\":[{\"@type\":\"ListItem\",\"position\":1,\"name\":\"Home\",\"item\":\"https:\/\/themeholt.com\/pl\/\"},{\"@type\":\"ListItem\",\"position\":2,\"name\":\"Shop\",\"item\":\"https:\/\/themeholt.com\/shop\/\"},{\"@type\":\"ListItem\",\"position\":3,\"name\":\"Oprogramowanie\"}]},{\"@type\":\"WebSite\",\"@id\":\"https:\/\/themeholt.com\/#website\",\"url\":\"https:\/\/themeholt.com\/\",\"name\":\"ThemeHolt\",\"description\":\"Themeholt is a website that offers high-quality WordPress themes\",\"publisher\":{\"@id\":\"https:\/\/themeholt.com\/#organization\"},\"potentialAction\":[{\"@type\":\"SearchAction\",\"target\":{\"@type\":\"EntryPoint\",\"urlTemplate\":\"https:\/\/themeholt.com\/?s={search_term_string}\"},\"query-input\":{\"@type\":\"PropertyValueSpecification\",\"valueRequired\":true,\"valueName\":\"search_term_string\"}}],\"inLanguage\":\"pl-PL\"},{\"@type\":\"Organization\",\"@id\":\"https:\/\/themeholt.com\/#organization\",\"name\":\"ThemeHolt\",\"alternateName\":\"ThemeHolt\",\"url\":\"https:\/\/themeholt.com\/\",\"logo\":{\"@type\":\"ImageObject\",\"inLanguage\":\"pl-PL\",\"@id\":\"https:\/\/themeholt.com\/#\/schema\/logo\/image\/\",\"url\":\"https:\/\/themeholt.com\/wp-content\/uploads\/2024\/10\/themeholt.png\",\"contentUrl\":\"https:\/\/themeholt.com\/wp-content\/uploads\/2024\/10\/themeholt.png\",\"width\":225,\"height\":225,\"caption\":\"ThemeHolt\"},\"image\":{\"@id\":\"https:\/\/themeholt.com\/#\/schema\/logo\/image\/\"},\"sameAs\":[\"https:\/\/www.facebook.com\/themeholtT\",\"https:\/\/x.com\/ThemeholtT\",\"https:\/\/www.linkedin.com\/company\/themeholt\",\"https:\/\/www.instagram.com\/themeholtt\/\"],\"description\":\"Themeholt is a website that offers high-quality WordPress themes that are easy to use and ready for just about everything. In Eindhoven, Netherlands, since 2020 offering simple, accessible WordPress themes by providing a variety of requirements. Themeholt focuses on practicality and efficiency, allowing faster project completion with its superior marketplace and easy-to-use templates.\",\"legalName\":\"ThemeHolt\",\"foundingDate\":\"2022-11-10\",\"numberOfEmployees\":{\"@type\":\"QuantitativeValue\",\"minValue\":\"51\",\"maxValue\":\"200\"}}]}<\/script>\n<!-- \/ Yoast SEO Premium plugin. -->","yoast_head_json":{"title":"Doskona\u0142e motywy firmy oprogramowania WordPress 2023","description":"Podnie\u015b obecno\u015b\u0107 online swojej firmy oprogramowania dzi\u0119ki motywowi firmy oprogramowania wordpress. Zaprezentuj swoje produkty ze stylem i funkcjonalno\u015bci\u0105.","robots":{"index":"index","follow":"follow","max-snippet":"max-snippet:-1","max-image-preview":"max-image-preview:large","max-video-preview":"max-video-preview:-1"},"canonical":"https:\/\/themeholt.com\/pl\/product\/oprogramowanie\/","og_locale":"pl_PL","og_type":"article","og_title":"Oprogramowanie","og_description":"Podnie\u015b obecno\u015b\u0107 online swojej firmy oprogramowania dzi\u0119ki motywowi firmy oprogramowania wordpress. Zaprezentuj swoje produkty ze stylem i funkcjonalno\u015bci\u0105.","og_url":"https:\/\/themeholt.com\/pl\/product\/oprogramowanie\/","og_site_name":"ThemeHolt","article_publisher":"https:\/\/www.facebook.com\/themeholtT","article_modified_time":"2024-10-26T11:12:21+00:00","og_image":[{"width":1300,"height":1283,"url":"https:\/\/themeholt.com\/wp-content\/uploads\/2022\/04\/software-application-developer-theme.jpg","type":"image\/jpeg"}],"twitter_card":"summary_large_image","twitter_site":"@ThemeholtT","twitter_misc":{"Szacowany czas czytania":"1 minuta"},"schema":{"@context":"https:\/\/schema.org","@graph":[{"@type":"WebPage","@id":"https:\/\/themeholt.com\/pl\/product\/oprogramowanie\/","url":"https:\/\/themeholt.com\/pl\/product\/oprogramowanie\/","name":"Doskona\u0142e motywy firmy oprogramowania WordPress 2023","isPartOf":{"@id":"https:\/\/themeholt.com\/#website"},"primaryImageOfPage":{"@id":"https:\/\/themeholt.com\/pl\/product\/oprogramowanie\/#primaryimage"},"image":{"@id":"https:\/\/themeholt.com\/pl\/product\/oprogramowanie\/#primaryimage"},"thumbnailUrl":"https:\/\/themeholt.com\/wp-content\/uploads\/2022\/04\/software-application-developer-theme.jpg","datePublished":"2022-04-22T13:17:08+00:00","dateModified":"2024-10-26T11:12:21+00:00","description":"Podnie\u015b obecno\u015b\u0107 online swojej firmy oprogramowania dzi\u0119ki motywowi firmy oprogramowania wordpress. Zaprezentuj swoje produkty ze stylem i funkcjonalno\u015bci\u0105.","breadcrumb":{"@id":"https:\/\/themeholt.com\/pl\/product\/oprogramowanie\/#breadcrumb"},"inLanguage":"pl-PL","potentialAction":[{"@type":"ReadAction","target":["https:\/\/themeholt.com\/pl\/product\/oprogramowanie\/"]}]},{"@type":"ImageObject","inLanguage":"pl-PL","@id":"https:\/\/themeholt.com\/pl\/product\/oprogramowanie\/#primaryimage","url":"https:\/\/themeholt.com\/wp-content\/uploads\/2022\/04\/software-application-developer-theme.jpg","contentUrl":"https:\/\/themeholt.com\/wp-content\/uploads\/2022\/04\/software-application-developer-theme.jpg","width":1300,"height":1283},{"@type":"BreadcrumbList","@id":"https:\/\/themeholt.com\/pl\/product\/oprogramowanie\/#breadcrumb","itemListElement":[{"@type":"ListItem","position":1,"name":"Home","item":"https:\/\/themeholt.com\/pl\/"},{"@type":"ListItem","position":2,"name":"Shop","item":"https:\/\/themeholt.com\/shop\/"},{"@type":"ListItem","position":3,"name":"Oprogramowanie"}]},{"@type":"WebSite","@id":"https:\/\/themeholt.com\/#website","url":"https:\/\/themeholt.com\/","name":"ThemeHolt","description":"Themeholt is a website that offers high-quality WordPress themes","publisher":{"@id":"https:\/\/themeholt.com\/#organization"},"potentialAction":[{"@type":"SearchAction","target":{"@type":"EntryPoint","urlTemplate":"https:\/\/themeholt.com\/?s={search_term_string}"},"query-input":{"@type":"PropertyValueSpecification","valueRequired":true,"valueName":"search_term_string"}}],"inLanguage":"pl-PL"},{"@type":"Organization","@id":"https:\/\/themeholt.com\/#organization","name":"ThemeHolt","alternateName":"ThemeHolt","url":"https:\/\/themeholt.com\/","logo":{"@type":"ImageObject","inLanguage":"pl-PL","@id":"https:\/\/themeholt.com\/#\/schema\/logo\/image\/","url":"https:\/\/themeholt.com\/wp-content\/uploads\/2024\/10\/themeholt.png","contentUrl":"https:\/\/themeholt.com\/wp-content\/uploads\/2024\/10\/themeholt.png","width":225,"height":225,"caption":"ThemeHolt"},"image":{"@id":"https:\/\/themeholt.com\/#\/schema\/logo\/image\/"},"sameAs":["https:\/\/www.facebook.com\/themeholtT","https:\/\/x.com\/ThemeholtT","https:\/\/www.linkedin.com\/company\/themeholt","https:\/\/www.instagram.com\/themeholtt\/"],"description":"Themeholt is a website that offers high-quality WordPress themes that are easy to use and ready for just about everything. In Eindhoven, Netherlands, since 2020 offering simple, accessible WordPress themes by providing a variety of requirements. Themeholt focuses on practicality and efficiency, allowing faster project completion with its superior marketplace and easy-to-use templates.","legalName":"ThemeHolt","foundingDate":"2022-11-10","numberOfEmployees":{"@type":"QuantitativeValue","minValue":"51","maxValue":"200"}}]}},"_links":{"self":[{"href":"https:\/\/themeholt.com\/pl\/wp-json\/wp\/v2\/product\/16015","targetHints":{"allow":["GET"]}}],"collection":[{"href":"https:\/\/themeholt.com\/pl\/wp-json\/wp\/v2\/product"}],"about":[{"href":"https:\/\/themeholt.com\/pl\/wp-json\/wp\/v2\/types\/product"}],"wp:featuredmedia":[{"embeddable":true,"href":"https:\/\/themeholt.com\/pl\/wp-json\/wp\/v2\/media\/16017"}],"wp:attachment":[{"href":"https:\/\/themeholt.com\/pl\/wp-json\/wp\/v2\/media?parent=16015"}],"wp:term":[{"taxonomy":"product_brand","embeddable":true,"href":"https:\/\/themeholt.com\/pl\/wp-json\/wp\/v2\/product_brand?post=16015"},{"taxonomy":"product_cat","embeddable":true,"href":"https:\/\/themeholt.com\/pl\/wp-json\/wp\/v2\/product_cat?post=16015"},{"taxonomy":"product_tag","embeddable":true,"href":"https:\/\/themeholt.com\/pl\/wp-json\/wp\/v2\/product_tag?post=16015"}],"curies":[{"name":"wp","href":"https:\/\/api.w.org\/{rel}","templated":true}]}}