{"id":16039,"date":"2022-04-22T13:07:37","date_gmt":"2022-04-22T13:07:37","guid":{"rendered":"https:\/\/themeholt.com\/product\/church\/"},"modified":"2024-10-26T11:18:59","modified_gmt":"2024-10-26T11:18:59","slug":"kosciol","status":"publish","type":"product","link":"https:\/\/themeholt.com\/pl\/product\/kosciol\/","title":{"rendered":"Ko\u015bci\u00f3\u0142"},"content":{"rendered":"<p><span style=\"font-weight: 400\">Witamy w \u015bwiecie <\/span><b>Church Website Theme<\/b><span style=\"font-weight: 400\">, gdzie wiara i technologia \u0142\u0105cz\u0105 si\u0119, aby stworzy\u0107 cyfrowe sanktuarium dla Twojej kongregacji. Przedstawiamy Church, transformacyjny motyw zaprojektowany, aby wzmocni\u0107 obecno\u015b\u0107 Twojego Ko\u015bcio\u0142a w Internecie i po\u0142\u0105czy\u0107 Twoj\u0105 spo\u0142eczno\u015b\u0107 jak nigdy dot\u0105d.<\/span><\/p>\n<p><span style=\"font-weight: 400\">Dzi\u0119ki eleganckiemu i duchowemu projektowi <\/span><b>Church WordPress Themes<\/b><span style=\"font-weight: 400\"> przygotowuje grunt pod g\u0142\u0119bokie i anga\u017cuj\u0105ce do\u015bwiadczenie blogowe. Motyw oferuje r\u00f3\u017cnorodne konfigurowalne uk\u0142ady, umo\u017cliwiaj\u0105c pi\u0119kne prezentowanie kaza\u0144, nabo\u017ce\u0144stw, wydarze\u0144 spo\u0142eczno\u015bciowych i inspiruj\u0105cych tre\u015bci. Niezale\u017cnie od tego, czy jeste\u015b pastorem, liderem ko\u015bcio\u0142a czy pe\u0142nym pasji cz\u0142onkiem, Church zapewnia idealn\u0105 platform\u0119 do dzielenia si\u0119 przes\u0142aniami nadziei, mi\u0142o\u015bci i wiary.<\/span><\/p>\n","protected":false},"excerpt":{"rendered":"<article id=\"post-136\" class=\"post tf_clearfix post-136 type-post status-publish format-standard has-post-thumbnail hentry category-sermon has-post-title has-post-date has-post-category has-post-tag has-post-comment has-post-author \">\n<div class=\"post-content\">\n<div class=\"post-content-inner\">\n<div class=\"entry-content\">\n<ul>\n<li>Projekt religijny<\/li>\n<li>System darowizn<\/li>\n<li>Zarz\u0105dzanie kazaniami<\/li>\n<li>Zarz\u0105dzanie wydarzeniami<\/li>\n<li>Strony konfigurowalne<\/li>\n<li>Pro\u015bby o modlitw\u0119<\/li>\n<li>Zarz\u0105dzanie wolontariuszami<\/li>\n<li>Mo\u017cliwo\u015bci blogowania<\/li>\n<li>Podcasty kaza\u0144<\/li>\n<li>Ci\u0105g\u0142e wsparcie i aktualizacje<\/li>\n<\/ul>\n<\/div>\n<\/div>\n<\/div>\n<\/article>\n","protected":false},"featured_media":16041,"template":"","meta":{"_acf_changed":false,"inline_featured_image":false},"product_brand":[],"product_cat":[1401],"product_tag":[1475,1476,1477],"class_list":{"0":"post-16039","1":"product","2":"type-product","3":"status-publish","4":"has-post-thumbnail","6":"product_cat-new-arrivals-pl","7":"product_tag-church-themes-pl","8":"product_tag-holy-wordpress-themes-pl","9":"product_tag-religious-wordpress-themes-pl","11":"first","12":"instock","13":"sale","14":"downloadable","15":"taxable","16":"shipping-taxable","17":"purchasable","18":"product-type-simple"},"acf":[],"yoast_head":"<!-- This site is optimized with the Yoast SEO Premium plugin v22.1 (Yoast SEO v26.0) - https:\/\/yoast.com\/wordpress\/plugins\/seo\/ -->\n<title>Motywy WordPress o tematyce religijnej | Motyw WordPress dla Ko\u015bcio\u0142a<\/title>\n<meta name=\"description\" content=\"Znajd\u017a przyjazny u\u017cytkownikowi motyw WordPress dla ko\u015bcio\u0142a dla swojej witryny religijnej. Stw\u00f3rz \u0142atwy w u\u017cyciu interfejs dla swojej witryny. Pobierz teraz!\" \/>\n<meta name=\"robots\" content=\"index, follow, max-snippet:-1, max-image-preview:large, max-video-preview:-1\" \/>\n<link rel=\"canonical\" href=\"https:\/\/themeholt.com\/pl\/product\/kosciol\/\" \/>\n<meta property=\"og:locale\" content=\"pl_PL\" \/>\n<meta property=\"og:type\" content=\"article\" \/>\n<meta property=\"og:title\" content=\"Ko\u015bci\u00f3\u0142\" \/>\n<meta property=\"og:description\" content=\"Znajd\u017a przyjazny u\u017cytkownikowi motyw WordPress dla ko\u015bcio\u0142a dla swojej witryny religijnej. Stw\u00f3rz \u0142atwy w u\u017cyciu interfejs dla swojej witryny. Pobierz teraz!\" \/>\n<meta property=\"og:url\" content=\"https:\/\/themeholt.com\/pl\/product\/kosciol\/\" \/>\n<meta property=\"og:site_name\" content=\"ThemeHolt\" \/>\n<meta property=\"article:publisher\" content=\"https:\/\/www.facebook.com\/themeholtT\" \/>\n<meta property=\"article:modified_time\" content=\"2024-10-26T11:18:59+00:00\" \/>\n<meta property=\"og:image\" content=\"https:\/\/themeholt.com\/wp-content\/uploads\/2022\/04\/Catholic-Church-Theme-1.jpg\" \/>\n\t<meta property=\"og:image:width\" content=\"1300\" \/>\n\t<meta property=\"og:image:height\" content=\"1283\" \/>\n\t<meta property=\"og:image:type\" content=\"image\/jpeg\" \/>\n<meta name=\"twitter:card\" content=\"summary_large_image\" \/>\n<meta name=\"twitter:site\" content=\"@ThemeholtT\" \/>\n<meta name=\"twitter:label1\" content=\"Szacowany czas czytania\" \/>\n\t<meta name=\"twitter:data1\" content=\"1 minuta\" \/>\n<script type=\"application\/ld+json\" class=\"yoast-schema-graph\">{\"@context\":\"https:\/\/schema.org\",\"@graph\":[{\"@type\":\"WebPage\",\"@id\":\"https:\/\/themeholt.com\/pl\/product\/kosciol\/\",\"url\":\"https:\/\/themeholt.com\/pl\/product\/kosciol\/\",\"name\":\"Motywy WordPress o tematyce religijnej | Motyw WordPress dla Ko\u015bcio\u0142a\",\"isPartOf\":{\"@id\":\"https:\/\/themeholt.com\/#website\"},\"primaryImageOfPage\":{\"@id\":\"https:\/\/themeholt.com\/pl\/product\/kosciol\/#primaryimage\"},\"image\":{\"@id\":\"https:\/\/themeholt.com\/pl\/product\/kosciol\/#primaryimage\"},\"thumbnailUrl\":\"https:\/\/themeholt.com\/wp-content\/uploads\/2022\/04\/Catholic-Church-Theme-1.jpg\",\"datePublished\":\"2022-04-22T13:07:37+00:00\",\"dateModified\":\"2024-10-26T11:18:59+00:00\",\"description\":\"Znajd\u017a przyjazny u\u017cytkownikowi motyw WordPress dla ko\u015bcio\u0142a dla swojej witryny religijnej. Stw\u00f3rz \u0142atwy w u\u017cyciu interfejs dla swojej witryny. Pobierz teraz!\",\"breadcrumb\":{\"@id\":\"https:\/\/themeholt.com\/pl\/product\/kosciol\/#breadcrumb\"},\"inLanguage\":\"pl-PL\",\"potentialAction\":[{\"@type\":\"ReadAction\",\"target\":[\"https:\/\/themeholt.com\/pl\/product\/kosciol\/\"]}]},{\"@type\":\"ImageObject\",\"inLanguage\":\"pl-PL\",\"@id\":\"https:\/\/themeholt.com\/pl\/product\/kosciol\/#primaryimage\",\"url\":\"https:\/\/themeholt.com\/wp-content\/uploads\/2022\/04\/Catholic-Church-Theme-1.jpg\",\"contentUrl\":\"https:\/\/themeholt.com\/wp-content\/uploads\/2022\/04\/Catholic-Church-Theme-1.jpg\",\"width\":1300,\"height\":1283},{\"@type\":\"BreadcrumbList\",\"@id\":\"https:\/\/themeholt.com\/pl\/product\/kosciol\/#breadcrumb\",\"itemListElement\":[{\"@type\":\"ListItem\",\"position\":1,\"name\":\"Home\",\"item\":\"https:\/\/themeholt.com\/pl\/\"},{\"@type\":\"ListItem\",\"position\":2,\"name\":\"Shop\",\"item\":\"https:\/\/themeholt.com\/shop\/\"},{\"@type\":\"ListItem\",\"position\":3,\"name\":\"Ko\u015bci\u00f3\u0142\"}]},{\"@type\":\"WebSite\",\"@id\":\"https:\/\/themeholt.com\/#website\",\"url\":\"https:\/\/themeholt.com\/\",\"name\":\"ThemeHolt\",\"description\":\"Themeholt is a website that offers high-quality WordPress themes\",\"publisher\":{\"@id\":\"https:\/\/themeholt.com\/#organization\"},\"potentialAction\":[{\"@type\":\"SearchAction\",\"target\":{\"@type\":\"EntryPoint\",\"urlTemplate\":\"https:\/\/themeholt.com\/?s={search_term_string}\"},\"query-input\":{\"@type\":\"PropertyValueSpecification\",\"valueRequired\":true,\"valueName\":\"search_term_string\"}}],\"inLanguage\":\"pl-PL\"},{\"@type\":\"Organization\",\"@id\":\"https:\/\/themeholt.com\/#organization\",\"name\":\"ThemeHolt\",\"alternateName\":\"ThemeHolt\",\"url\":\"https:\/\/themeholt.com\/\",\"logo\":{\"@type\":\"ImageObject\",\"inLanguage\":\"pl-PL\",\"@id\":\"https:\/\/themeholt.com\/#\/schema\/logo\/image\/\",\"url\":\"https:\/\/themeholt.com\/wp-content\/uploads\/2024\/10\/themeholt.png\",\"contentUrl\":\"https:\/\/themeholt.com\/wp-content\/uploads\/2024\/10\/themeholt.png\",\"width\":225,\"height\":225,\"caption\":\"ThemeHolt\"},\"image\":{\"@id\":\"https:\/\/themeholt.com\/#\/schema\/logo\/image\/\"},\"sameAs\":[\"https:\/\/www.facebook.com\/themeholtT\",\"https:\/\/x.com\/ThemeholtT\",\"https:\/\/www.linkedin.com\/company\/themeholt\",\"https:\/\/www.instagram.com\/themeholtt\/\"],\"description\":\"Themeholt is a website that offers high-quality WordPress themes that are easy to use and ready for just about everything. In Eindhoven, Netherlands, since 2020 offering simple, accessible WordPress themes by providing a variety of requirements. Themeholt focuses on practicality and efficiency, allowing faster project completion with its superior marketplace and easy-to-use templates.\",\"legalName\":\"ThemeHolt\",\"foundingDate\":\"2022-11-10\",\"numberOfEmployees\":{\"@type\":\"QuantitativeValue\",\"minValue\":\"51\",\"maxValue\":\"200\"}}]}<\/script>\n<!-- \/ Yoast SEO Premium plugin. -->","yoast_head_json":{"title":"Motywy WordPress o tematyce religijnej | Motyw WordPress dla Ko\u015bcio\u0142a","description":"Znajd\u017a przyjazny u\u017cytkownikowi motyw WordPress dla ko\u015bcio\u0142a dla swojej witryny religijnej. Stw\u00f3rz \u0142atwy w u\u017cyciu interfejs dla swojej witryny. Pobierz teraz!","robots":{"index":"index","follow":"follow","max-snippet":"max-snippet:-1","max-image-preview":"max-image-preview:large","max-video-preview":"max-video-preview:-1"},"canonical":"https:\/\/themeholt.com\/pl\/product\/kosciol\/","og_locale":"pl_PL","og_type":"article","og_title":"Ko\u015bci\u00f3\u0142","og_description":"Znajd\u017a przyjazny u\u017cytkownikowi motyw WordPress dla ko\u015bcio\u0142a dla swojej witryny religijnej. Stw\u00f3rz \u0142atwy w u\u017cyciu interfejs dla swojej witryny. Pobierz teraz!","og_url":"https:\/\/themeholt.com\/pl\/product\/kosciol\/","og_site_name":"ThemeHolt","article_publisher":"https:\/\/www.facebook.com\/themeholtT","article_modified_time":"2024-10-26T11:18:59+00:00","og_image":[{"width":1300,"height":1283,"url":"https:\/\/themeholt.com\/wp-content\/uploads\/2022\/04\/Catholic-Church-Theme-1.jpg","type":"image\/jpeg"}],"twitter_card":"summary_large_image","twitter_site":"@ThemeholtT","twitter_misc":{"Szacowany czas czytania":"1 minuta"},"schema":{"@context":"https:\/\/schema.org","@graph":[{"@type":"WebPage","@id":"https:\/\/themeholt.com\/pl\/product\/kosciol\/","url":"https:\/\/themeholt.com\/pl\/product\/kosciol\/","name":"Motywy WordPress o tematyce religijnej | Motyw WordPress dla Ko\u015bcio\u0142a","isPartOf":{"@id":"https:\/\/themeholt.com\/#website"},"primaryImageOfPage":{"@id":"https:\/\/themeholt.com\/pl\/product\/kosciol\/#primaryimage"},"image":{"@id":"https:\/\/themeholt.com\/pl\/product\/kosciol\/#primaryimage"},"thumbnailUrl":"https:\/\/themeholt.com\/wp-content\/uploads\/2022\/04\/Catholic-Church-Theme-1.jpg","datePublished":"2022-04-22T13:07:37+00:00","dateModified":"2024-10-26T11:18:59+00:00","description":"Znajd\u017a przyjazny u\u017cytkownikowi motyw WordPress dla ko\u015bcio\u0142a dla swojej witryny religijnej. Stw\u00f3rz \u0142atwy w u\u017cyciu interfejs dla swojej witryny. Pobierz teraz!","breadcrumb":{"@id":"https:\/\/themeholt.com\/pl\/product\/kosciol\/#breadcrumb"},"inLanguage":"pl-PL","potentialAction":[{"@type":"ReadAction","target":["https:\/\/themeholt.com\/pl\/product\/kosciol\/"]}]},{"@type":"ImageObject","inLanguage":"pl-PL","@id":"https:\/\/themeholt.com\/pl\/product\/kosciol\/#primaryimage","url":"https:\/\/themeholt.com\/wp-content\/uploads\/2022\/04\/Catholic-Church-Theme-1.jpg","contentUrl":"https:\/\/themeholt.com\/wp-content\/uploads\/2022\/04\/Catholic-Church-Theme-1.jpg","width":1300,"height":1283},{"@type":"BreadcrumbList","@id":"https:\/\/themeholt.com\/pl\/product\/kosciol\/#breadcrumb","itemListElement":[{"@type":"ListItem","position":1,"name":"Home","item":"https:\/\/themeholt.com\/pl\/"},{"@type":"ListItem","position":2,"name":"Shop","item":"https:\/\/themeholt.com\/shop\/"},{"@type":"ListItem","position":3,"name":"Ko\u015bci\u00f3\u0142"}]},{"@type":"WebSite","@id":"https:\/\/themeholt.com\/#website","url":"https:\/\/themeholt.com\/","name":"ThemeHolt","description":"Themeholt is a website that offers high-quality WordPress themes","publisher":{"@id":"https:\/\/themeholt.com\/#organization"},"potentialAction":[{"@type":"SearchAction","target":{"@type":"EntryPoint","urlTemplate":"https:\/\/themeholt.com\/?s={search_term_string}"},"query-input":{"@type":"PropertyValueSpecification","valueRequired":true,"valueName":"search_term_string"}}],"inLanguage":"pl-PL"},{"@type":"Organization","@id":"https:\/\/themeholt.com\/#organization","name":"ThemeHolt","alternateName":"ThemeHolt","url":"https:\/\/themeholt.com\/","logo":{"@type":"ImageObject","inLanguage":"pl-PL","@id":"https:\/\/themeholt.com\/#\/schema\/logo\/image\/","url":"https:\/\/themeholt.com\/wp-content\/uploads\/2024\/10\/themeholt.png","contentUrl":"https:\/\/themeholt.com\/wp-content\/uploads\/2024\/10\/themeholt.png","width":225,"height":225,"caption":"ThemeHolt"},"image":{"@id":"https:\/\/themeholt.com\/#\/schema\/logo\/image\/"},"sameAs":["https:\/\/www.facebook.com\/themeholtT","https:\/\/x.com\/ThemeholtT","https:\/\/www.linkedin.com\/company\/themeholt","https:\/\/www.instagram.com\/themeholtt\/"],"description":"Themeholt is a website that offers high-quality WordPress themes that are easy to use and ready for just about everything. In Eindhoven, Netherlands, since 2020 offering simple, accessible WordPress themes by providing a variety of requirements. Themeholt focuses on practicality and efficiency, allowing faster project completion with its superior marketplace and easy-to-use templates.","legalName":"ThemeHolt","foundingDate":"2022-11-10","numberOfEmployees":{"@type":"QuantitativeValue","minValue":"51","maxValue":"200"}}]}},"_links":{"self":[{"href":"https:\/\/themeholt.com\/pl\/wp-json\/wp\/v2\/product\/16039","targetHints":{"allow":["GET"]}}],"collection":[{"href":"https:\/\/themeholt.com\/pl\/wp-json\/wp\/v2\/product"}],"about":[{"href":"https:\/\/themeholt.com\/pl\/wp-json\/wp\/v2\/types\/product"}],"wp:featuredmedia":[{"embeddable":true,"href":"https:\/\/themeholt.com\/pl\/wp-json\/wp\/v2\/media\/16041"}],"wp:attachment":[{"href":"https:\/\/themeholt.com\/pl\/wp-json\/wp\/v2\/media?parent=16039"}],"wp:term":[{"taxonomy":"product_brand","embeddable":true,"href":"https:\/\/themeholt.com\/pl\/wp-json\/wp\/v2\/product_brand?post=16039"},{"taxonomy":"product_cat","embeddable":true,"href":"https:\/\/themeholt.com\/pl\/wp-json\/wp\/v2\/product_cat?post=16039"},{"taxonomy":"product_tag","embeddable":true,"href":"https:\/\/themeholt.com\/pl\/wp-json\/wp\/v2\/product_tag?post=16039"}],"curies":[{"name":"wp","href":"https:\/\/api.w.org\/{rel}","templated":true}]}}