{"id":16116,"date":"2022-04-20T21:01:18","date_gmt":"2022-04-20T21:01:18","guid":{"rendered":"https:\/\/themeholt.com\/product\/furniture\/"},"modified":"2024-10-30T04:06:06","modified_gmt":"2024-10-30T04:06:06","slug":"meble","status":"publish","type":"product","link":"https:\/\/themeholt.com\/pl\/product\/meble\/","title":{"rendered":"Meble"},"content":{"rendered":"<p><b>Motyw WordPress Furniture<\/b><span style=\"font-weight: 400\"> ma r\u00f3\u017cne wizualnie osza\u0142amiaj\u0105ce i konfigurowalne projekty specjalnie stworzone do prezentowania produkt\u00f3w meblowych. Dzi\u0119ki eleganckim uk\u0142adom, urzekaj\u0105cej typografii i pi\u0119knym galeriom obraz\u00f3w mo\u017cesz stworzy\u0107 wizualnie atrakcyjn\u0105 stron\u0119 internetow\u0105, kt\u00f3ra podkre\u015bli unikalne cechy i kunszt Twojej kolekcji mebli.<\/span><\/p>\n<p><span style=\"font-weight: 400\">Nasz <\/span><b>Motyw WordPress Furniture<\/b><span style=\"font-weight: 400\"> oferuje idealne rozwi\u0105zanie do stworzenia osza\u0142amiaj\u0105cej strony internetowej, kt\u00f3ra zaprezentuje Twoj\u0105 kolekcj\u0119 mebli ze stylem i elegancj\u0105. W tym wpisie na blogu przyjrzymy si\u0119 wyj\u0105tkowym funkcjom i temu, jak mog\u0105 one przekszta\u0142ci\u0107 Tw\u00f3j biznes meblowy, zapewniaj\u0105c wizualnie atrakcyjn\u0105 platform\u0119 do wyr\u00f3\u017cnienia Twoich produkt\u00f3w i zaanga\u017cowania Twojej grupy docelowej.<\/span><\/p>\n","protected":false},"excerpt":{"rendered":"<ul>\n<li>Kreator stron Elementor<\/li>\n<li>Gotowy na WooCommerce<\/li>\n<li>W pe\u0142ni konfigurowalny<\/li>\n<li>Gotowy na Retina<\/li>\n<li>Dokumentacja Well<\/li>\n<li>Zoptymalizowany pod k\u0105tem SEO<\/li>\n<li>Efekt paralaksy<\/li>\n<\/ul>\n","protected":false},"featured_media":16118,"template":"","meta":{"_acf_changed":false,"inline_featured_image":false},"product_brand":[],"product_cat":[1396],"product_tag":[1503,1504,1505],"class_list":{"0":"post-16116","1":"product","2":"type-product","3":"status-publish","4":"has-post-thumbnail","6":"product_cat-premium-themes-pl","7":"product_tag-affordable-furniture-theme-pl","8":"product_tag-best-furniture-theme-pl","9":"product_tag-furniture-themes-pl","11":"first","12":"instock","13":"sale","14":"downloadable","15":"taxable","16":"shipping-taxable","17":"purchasable","18":"product-type-simple"},"acf":[],"yoast_head":"<!-- This site is optimized with the Yoast SEO Premium plugin v22.1 (Yoast SEO v26.0) - https:\/\/yoast.com\/wordpress\/plugins\/seo\/ -->\n<title>Motywy WordPress dla mebli 2023 | Najlepsze motywy dla mebli<\/title>\n<meta name=\"description\" content=\"Ulepsz obecno\u015b\u0107 swojej organizacji w sieci dzi\u0119ki fundacji, motywom mebli WordPress dla organizacji. Stw\u00f3rz profesjonaln\u0105 i wp\u0142ywow\u0105 witryn\u0119.\" \/>\n<meta name=\"robots\" content=\"index, follow, max-snippet:-1, max-image-preview:large, max-video-preview:-1\" \/>\n<link rel=\"canonical\" href=\"https:\/\/cyan-dolphin-864669.hostingersite.com\/pl\/product\/meble\/\" \/>\n<meta property=\"og:locale\" content=\"pl_PL\" \/>\n<meta property=\"og:type\" content=\"article\" \/>\n<meta property=\"og:title\" content=\"Meble\" \/>\n<meta property=\"og:description\" content=\"Ulepsz obecno\u015b\u0107 swojej organizacji w sieci dzi\u0119ki fundacji, motywom mebli WordPress dla organizacji. Stw\u00f3rz profesjonaln\u0105 i wp\u0142ywow\u0105 witryn\u0119.\" \/>\n<meta property=\"og:url\" content=\"https:\/\/cyan-dolphin-864669.hostingersite.com\/pl\/product\/meble\/\" \/>\n<meta property=\"og:site_name\" content=\"ThemeHolt\" \/>\n<meta property=\"article:publisher\" content=\"https:\/\/www.facebook.com\/themeholtT\" \/>\n<meta property=\"article:modified_time\" content=\"2024-10-30T04:06:06+00:00\" \/>\n<meta property=\"og:image\" content=\"https:\/\/cyan-dolphin-864669.hostingersite.com\/wp-content\/uploads\/2022\/04\/Furniture-Home-Page-2-1-872x1024.png\" \/>\n\t<meta property=\"og:image:width\" content=\"872\" \/>\n\t<meta property=\"og:image:height\" content=\"1024\" \/>\n\t<meta property=\"og:image:type\" content=\"image\/png\" \/>\n<meta name=\"twitter:card\" content=\"summary_large_image\" \/>\n<meta name=\"twitter:site\" content=\"@ThemeholtT\" \/>\n<meta name=\"twitter:label1\" content=\"Szacowany czas czytania\" \/>\n\t<meta name=\"twitter:data1\" content=\"1 minuta\" \/>\n<script type=\"application\/ld+json\" class=\"yoast-schema-graph\">{\"@context\":\"https:\/\/schema.org\",\"@graph\":[{\"@type\":\"WebPage\",\"@id\":\"https:\/\/cyan-dolphin-864669.hostingersite.com\/pl\/product\/meble\/\",\"url\":\"https:\/\/cyan-dolphin-864669.hostingersite.com\/pl\/product\/meble\/\",\"name\":\"Motywy WordPress dla mebli 2023 | Najlepsze motywy dla mebli\",\"isPartOf\":{\"@id\":\"https:\/\/themeholt.com\/#website\"},\"primaryImageOfPage\":{\"@id\":\"https:\/\/cyan-dolphin-864669.hostingersite.com\/pl\/product\/meble\/#primaryimage\"},\"image\":{\"@id\":\"https:\/\/cyan-dolphin-864669.hostingersite.com\/pl\/product\/meble\/#primaryimage\"},\"thumbnailUrl\":\"https:\/\/themeholt.com\/wp-content\/uploads\/2022\/04\/Furniture-Home-Page-2-1.png\",\"datePublished\":\"2022-04-20T21:01:18+00:00\",\"dateModified\":\"2024-10-30T04:06:06+00:00\",\"description\":\"Ulepsz obecno\u015b\u0107 swojej organizacji w sieci dzi\u0119ki fundacji, motywom mebli WordPress dla organizacji. Stw\u00f3rz profesjonaln\u0105 i wp\u0142ywow\u0105 witryn\u0119.\",\"breadcrumb\":{\"@id\":\"https:\/\/cyan-dolphin-864669.hostingersite.com\/pl\/product\/meble\/#breadcrumb\"},\"inLanguage\":\"pl-PL\",\"potentialAction\":[{\"@type\":\"ReadAction\",\"target\":[\"https:\/\/cyan-dolphin-864669.hostingersite.com\/pl\/product\/meble\/\"]}]},{\"@type\":\"ImageObject\",\"inLanguage\":\"pl-PL\",\"@id\":\"https:\/\/cyan-dolphin-864669.hostingersite.com\/pl\/product\/meble\/#primaryimage\",\"url\":\"https:\/\/themeholt.com\/wp-content\/uploads\/2022\/04\/Furniture-Home-Page-2-1.png\",\"contentUrl\":\"https:\/\/themeholt.com\/wp-content\/uploads\/2022\/04\/Furniture-Home-Page-2-1.png\",\"width\":1807,\"height\":2123},{\"@type\":\"BreadcrumbList\",\"@id\":\"https:\/\/cyan-dolphin-864669.hostingersite.com\/pl\/product\/meble\/#breadcrumb\",\"itemListElement\":[{\"@type\":\"ListItem\",\"position\":1,\"name\":\"Home\",\"item\":\"https:\/\/themeholt.com\/pl\/\"},{\"@type\":\"ListItem\",\"position\":2,\"name\":\"Shop\",\"item\":\"https:\/\/themeholt.com\/shop\/\"},{\"@type\":\"ListItem\",\"position\":3,\"name\":\"Meble\"}]},{\"@type\":\"WebSite\",\"@id\":\"https:\/\/themeholt.com\/#website\",\"url\":\"https:\/\/themeholt.com\/\",\"name\":\"ThemeHolt\",\"description\":\"Themeholt is a website that offers high-quality WordPress themes\",\"publisher\":{\"@id\":\"https:\/\/themeholt.com\/#organization\"},\"potentialAction\":[{\"@type\":\"SearchAction\",\"target\":{\"@type\":\"EntryPoint\",\"urlTemplate\":\"https:\/\/themeholt.com\/?s={search_term_string}\"},\"query-input\":{\"@type\":\"PropertyValueSpecification\",\"valueRequired\":true,\"valueName\":\"search_term_string\"}}],\"inLanguage\":\"pl-PL\"},{\"@type\":\"Organization\",\"@id\":\"https:\/\/themeholt.com\/#organization\",\"name\":\"ThemeHolt\",\"alternateName\":\"ThemeHolt\",\"url\":\"https:\/\/themeholt.com\/\",\"logo\":{\"@type\":\"ImageObject\",\"inLanguage\":\"pl-PL\",\"@id\":\"https:\/\/themeholt.com\/#\/schema\/logo\/image\/\",\"url\":\"https:\/\/themeholt.com\/wp-content\/uploads\/2024\/10\/themeholt.png\",\"contentUrl\":\"https:\/\/themeholt.com\/wp-content\/uploads\/2024\/10\/themeholt.png\",\"width\":225,\"height\":225,\"caption\":\"ThemeHolt\"},\"image\":{\"@id\":\"https:\/\/themeholt.com\/#\/schema\/logo\/image\/\"},\"sameAs\":[\"https:\/\/www.facebook.com\/themeholtT\",\"https:\/\/x.com\/ThemeholtT\",\"https:\/\/www.linkedin.com\/company\/themeholt\",\"https:\/\/www.instagram.com\/themeholtt\/\"],\"description\":\"Themeholt is a website that offers high-quality WordPress themes that are easy to use and ready for just about everything. In Eindhoven, Netherlands, since 2020 offering simple, accessible WordPress themes by providing a variety of requirements. Themeholt focuses on practicality and efficiency, allowing faster project completion with its superior marketplace and easy-to-use templates.\",\"legalName\":\"ThemeHolt\",\"foundingDate\":\"2022-11-10\",\"numberOfEmployees\":{\"@type\":\"QuantitativeValue\",\"minValue\":\"51\",\"maxValue\":\"200\"}}]}<\/script>\n<!-- \/ Yoast SEO Premium plugin. -->","yoast_head_json":{"title":"Motywy WordPress dla mebli 2023 | Najlepsze motywy dla mebli","description":"Ulepsz obecno\u015b\u0107 swojej organizacji w sieci dzi\u0119ki fundacji, motywom mebli WordPress dla organizacji. Stw\u00f3rz profesjonaln\u0105 i wp\u0142ywow\u0105 witryn\u0119.","robots":{"index":"index","follow":"follow","max-snippet":"max-snippet:-1","max-image-preview":"max-image-preview:large","max-video-preview":"max-video-preview:-1"},"canonical":"https:\/\/cyan-dolphin-864669.hostingersite.com\/pl\/product\/meble\/","og_locale":"pl_PL","og_type":"article","og_title":"Meble","og_description":"Ulepsz obecno\u015b\u0107 swojej organizacji w sieci dzi\u0119ki fundacji, motywom mebli WordPress dla organizacji. Stw\u00f3rz profesjonaln\u0105 i wp\u0142ywow\u0105 witryn\u0119.","og_url":"https:\/\/cyan-dolphin-864669.hostingersite.com\/pl\/product\/meble\/","og_site_name":"ThemeHolt","article_publisher":"https:\/\/www.facebook.com\/themeholtT","article_modified_time":"2024-10-30T04:06:06+00:00","og_image":[{"width":872,"height":1024,"url":"https:\/\/cyan-dolphin-864669.hostingersite.com\/wp-content\/uploads\/2022\/04\/Furniture-Home-Page-2-1-872x1024.png","type":"image\/png"}],"twitter_card":"summary_large_image","twitter_site":"@ThemeholtT","twitter_misc":{"Szacowany czas czytania":"1 minuta"},"schema":{"@context":"https:\/\/schema.org","@graph":[{"@type":"WebPage","@id":"https:\/\/cyan-dolphin-864669.hostingersite.com\/pl\/product\/meble\/","url":"https:\/\/cyan-dolphin-864669.hostingersite.com\/pl\/product\/meble\/","name":"Motywy WordPress dla mebli 2023 | Najlepsze motywy dla mebli","isPartOf":{"@id":"https:\/\/themeholt.com\/#website"},"primaryImageOfPage":{"@id":"https:\/\/cyan-dolphin-864669.hostingersite.com\/pl\/product\/meble\/#primaryimage"},"image":{"@id":"https:\/\/cyan-dolphin-864669.hostingersite.com\/pl\/product\/meble\/#primaryimage"},"thumbnailUrl":"https:\/\/themeholt.com\/wp-content\/uploads\/2022\/04\/Furniture-Home-Page-2-1.png","datePublished":"2022-04-20T21:01:18+00:00","dateModified":"2024-10-30T04:06:06+00:00","description":"Ulepsz obecno\u015b\u0107 swojej organizacji w sieci dzi\u0119ki fundacji, motywom mebli WordPress dla organizacji. Stw\u00f3rz profesjonaln\u0105 i wp\u0142ywow\u0105 witryn\u0119.","breadcrumb":{"@id":"https:\/\/cyan-dolphin-864669.hostingersite.com\/pl\/product\/meble\/#breadcrumb"},"inLanguage":"pl-PL","potentialAction":[{"@type":"ReadAction","target":["https:\/\/cyan-dolphin-864669.hostingersite.com\/pl\/product\/meble\/"]}]},{"@type":"ImageObject","inLanguage":"pl-PL","@id":"https:\/\/cyan-dolphin-864669.hostingersite.com\/pl\/product\/meble\/#primaryimage","url":"https:\/\/themeholt.com\/wp-content\/uploads\/2022\/04\/Furniture-Home-Page-2-1.png","contentUrl":"https:\/\/themeholt.com\/wp-content\/uploads\/2022\/04\/Furniture-Home-Page-2-1.png","width":1807,"height":2123},{"@type":"BreadcrumbList","@id":"https:\/\/cyan-dolphin-864669.hostingersite.com\/pl\/product\/meble\/#breadcrumb","itemListElement":[{"@type":"ListItem","position":1,"name":"Home","item":"https:\/\/themeholt.com\/pl\/"},{"@type":"ListItem","position":2,"name":"Shop","item":"https:\/\/themeholt.com\/shop\/"},{"@type":"ListItem","position":3,"name":"Meble"}]},{"@type":"WebSite","@id":"https:\/\/themeholt.com\/#website","url":"https:\/\/themeholt.com\/","name":"ThemeHolt","description":"Themeholt is a website that offers high-quality WordPress themes","publisher":{"@id":"https:\/\/themeholt.com\/#organization"},"potentialAction":[{"@type":"SearchAction","target":{"@type":"EntryPoint","urlTemplate":"https:\/\/themeholt.com\/?s={search_term_string}"},"query-input":{"@type":"PropertyValueSpecification","valueRequired":true,"valueName":"search_term_string"}}],"inLanguage":"pl-PL"},{"@type":"Organization","@id":"https:\/\/themeholt.com\/#organization","name":"ThemeHolt","alternateName":"ThemeHolt","url":"https:\/\/themeholt.com\/","logo":{"@type":"ImageObject","inLanguage":"pl-PL","@id":"https:\/\/themeholt.com\/#\/schema\/logo\/image\/","url":"https:\/\/themeholt.com\/wp-content\/uploads\/2024\/10\/themeholt.png","contentUrl":"https:\/\/themeholt.com\/wp-content\/uploads\/2024\/10\/themeholt.png","width":225,"height":225,"caption":"ThemeHolt"},"image":{"@id":"https:\/\/themeholt.com\/#\/schema\/logo\/image\/"},"sameAs":["https:\/\/www.facebook.com\/themeholtT","https:\/\/x.com\/ThemeholtT","https:\/\/www.linkedin.com\/company\/themeholt","https:\/\/www.instagram.com\/themeholtt\/"],"description":"Themeholt is a website that offers high-quality WordPress themes that are easy to use and ready for just about everything. In Eindhoven, Netherlands, since 2020 offering simple, accessible WordPress themes by providing a variety of requirements. Themeholt focuses on practicality and efficiency, allowing faster project completion with its superior marketplace and easy-to-use templates.","legalName":"ThemeHolt","foundingDate":"2022-11-10","numberOfEmployees":{"@type":"QuantitativeValue","minValue":"51","maxValue":"200"}}]}},"_links":{"self":[{"href":"https:\/\/themeholt.com\/pl\/wp-json\/wp\/v2\/product\/16116","targetHints":{"allow":["GET"]}}],"collection":[{"href":"https:\/\/themeholt.com\/pl\/wp-json\/wp\/v2\/product"}],"about":[{"href":"https:\/\/themeholt.com\/pl\/wp-json\/wp\/v2\/types\/product"}],"wp:featuredmedia":[{"embeddable":true,"href":"https:\/\/themeholt.com\/pl\/wp-json\/wp\/v2\/media\/16118"}],"wp:attachment":[{"href":"https:\/\/themeholt.com\/pl\/wp-json\/wp\/v2\/media?parent=16116"}],"wp:term":[{"taxonomy":"product_brand","embeddable":true,"href":"https:\/\/themeholt.com\/pl\/wp-json\/wp\/v2\/product_brand?post=16116"},{"taxonomy":"product_cat","embeddable":true,"href":"https:\/\/themeholt.com\/pl\/wp-json\/wp\/v2\/product_cat?post=16116"},{"taxonomy":"product_tag","embeddable":true,"href":"https:\/\/themeholt.com\/pl\/wp-json\/wp\/v2\/product_tag?post=16116"}],"curies":[{"name":"wp","href":"https:\/\/api.w.org\/{rel}","templated":true}]}}