{"id":16143,"date":"2022-04-21T19:28:39","date_gmt":"2022-04-21T19:28:39","guid":{"rendered":"https:\/\/themeholt.com\/product\/foundation\/"},"modified":"2024-10-30T04:34:26","modified_gmt":"2024-10-30T04:34:26","slug":"fundacja","status":"publish","type":"product","link":"https:\/\/themeholt.com\/pl\/product\/fundacja\/","title":{"rendered":"Fundacja"},"content":{"rendered":"<p><span style=\"font-weight: 400\">W dzisiejszej erze cyfrowej organizacje potrzebuj\u0105 solidnej obecno\u015bci online, aby skutecznie komunikowa\u0107 swoj\u0105 misj\u0119, anga\u017cowa\u0107 odbiorc\u00f3w i realizowa\u0107 swoje cele. Dzi\u0119ki naszemu motywowi Foundation, jednemu z <strong>Foundation<\/strong> <\/span><b>Themes for Organizations<\/b><span style=\"font-weight: 400\">, mo\u017cesz stworzy\u0107 profesjonaln\u0105 i wp\u0142ywow\u0105 witryn\u0119 internetow\u0105, kt\u00f3ra prezentuje warto\u015bci, projekty i osi\u0105gni\u0119cia Twojej organizacji. Ten wpis na blogu b\u0119dzie dotyczy\u0142 wyj\u0105tkowych funkcji i korzy\u015bci Foundation oraz tego, w jaki spos\u00f3b mo\u017ce ona podnie\u015b\u0107 obecno\u015b\u0107 Twojej organizacji online.<\/span><\/p>\n<p><span style=\"font-weight: 400\">Fundacja to pot\u0119\u017cny i wszechstronny motyw, kt\u00f3ry umo\u017cliwia organizacjom tworzenie profesjonalnej i wp\u0142ywowej obecno\u015bci online. Dzi\u0119ki solidnej konstrukcji, <\/span><b>motywom WordPress Foundation <\/b>dla organizacji <span style=\"font-weight: 400\">anga\u017cuj\u0105cemu wy\u015bwietlaniu tre\u015bci, bezproblemowej integracji i uk\u0142adowi przyjaznemu dla urz\u0105dze\u0144 mobilnych, Foundation jest idealnym wyborem dla organizacji, kt\u00f3re chc\u0105 podnie\u015b\u0107 swoj\u0105 obecno\u015b\u0107 online. Skorzystaj z mocy Foundation i zbuduj witryn\u0119, kt\u00f3ra odzwierciedla misj\u0119, warto\u015bci i wp\u0142yw Twojej organizacji, jednocze\u015bnie skutecznie anga\u017cuj\u0105c odbiorc\u00f3w i realizuj\u0105c Twoje cele.<\/span><\/p>\n","protected":false},"excerpt":{"rendered":"<ul>\n<li>Pot\u0119\u017cny kreator stron<\/li>\n<li>Responsywny projekt<\/li>\n<li>Zoptymalizowany pod k\u0105tem SEO<\/li>\n<li>Gotowy na Retina<\/li>\n<li>Zgodny z WooCommerce<\/li>\n<li>Obs\u0142uga klienta<\/li>\n<\/ul>\n","protected":false},"featured_media":16145,"template":"","meta":{"_acf_changed":false,"inline_featured_image":false},"product_brand":[],"product_cat":[1406],"product_tag":[1510,1511],"class_list":{"0":"post-16143","1":"product","2":"type-product","3":"status-publish","4":"has-post-thumbnail","6":"product_cat-best-seller-pl","7":"product_tag-foundation-pl","8":"product_tag-foundation-theme-pl","10":"first","11":"instock","12":"sale","13":"downloadable","14":"taxable","15":"shipping-taxable","16":"purchasable","17":"product-type-simple"},"acf":[],"yoast_head":"<!-- This site is optimized with the Yoast SEO Premium plugin v22.1 (Yoast SEO v26.0) - https:\/\/yoast.com\/wordpress\/plugins\/seo\/ -->\n<title>Motywy WordPress Foundation | Szablony WordPress Foundation<\/title>\n<meta name=\"description\" content=\"Ulepsz obecno\u015b\u0107 swojej organizacji online dzi\u0119ki najlepszym motywom WordPress Foundation dla organizacji. Stw\u00f3rz profesjonaln\u0105 i wp\u0142ywow\u0105 witryn\u0119 internetow\u0105\" \/>\n<meta name=\"robots\" content=\"index, follow, max-snippet:-1, max-image-preview:large, max-video-preview:-1\" \/>\n<link rel=\"canonical\" href=\"https:\/\/themeholt.com\/pl\/product\/fundacja\/\" \/>\n<meta property=\"og:locale\" content=\"pl_PL\" \/>\n<meta property=\"og:type\" content=\"article\" \/>\n<meta property=\"og:title\" content=\"Fundacja\" \/>\n<meta property=\"og:description\" content=\"Ulepsz obecno\u015b\u0107 swojej organizacji online dzi\u0119ki najlepszym motywom WordPress Foundation dla organizacji. Stw\u00f3rz profesjonaln\u0105 i wp\u0142ywow\u0105 witryn\u0119 internetow\u0105\" \/>\n<meta property=\"og:url\" content=\"https:\/\/themeholt.com\/pl\/product\/fundacja\/\" \/>\n<meta property=\"og:site_name\" content=\"ThemeHolt\" \/>\n<meta property=\"article:publisher\" content=\"https:\/\/www.facebook.com\/themeholtT\" \/>\n<meta property=\"article:modified_time\" content=\"2024-10-30T04:34:26+00:00\" \/>\n<meta property=\"og:image\" content=\"https:\/\/themeholt.com\/wp-content\/uploads\/2022\/04\/Best-Featured-Foundation-Theme.jpg\" \/>\n\t<meta property=\"og:image:width\" content=\"1300\" \/>\n\t<meta property=\"og:image:height\" content=\"1283\" \/>\n\t<meta property=\"og:image:type\" content=\"image\/jpeg\" \/>\n<meta name=\"twitter:card\" content=\"summary_large_image\" \/>\n<meta name=\"twitter:site\" content=\"@ThemeholtT\" \/>\n<meta name=\"twitter:label1\" content=\"Szacowany czas czytania\" \/>\n\t<meta name=\"twitter:data1\" content=\"1 minuta\" \/>\n<script type=\"application\/ld+json\" class=\"yoast-schema-graph\">{\"@context\":\"https:\/\/schema.org\",\"@graph\":[{\"@type\":\"WebPage\",\"@id\":\"https:\/\/themeholt.com\/pl\/product\/fundacja\/\",\"url\":\"https:\/\/themeholt.com\/pl\/product\/fundacja\/\",\"name\":\"Motywy WordPress Foundation | Szablony WordPress Foundation\",\"isPartOf\":{\"@id\":\"https:\/\/themeholt.com\/#website\"},\"primaryImageOfPage\":{\"@id\":\"https:\/\/themeholt.com\/pl\/product\/fundacja\/#primaryimage\"},\"image\":{\"@id\":\"https:\/\/themeholt.com\/pl\/product\/fundacja\/#primaryimage\"},\"thumbnailUrl\":\"https:\/\/themeholt.com\/wp-content\/uploads\/2022\/04\/Best-Featured-Foundation-Theme.jpg\",\"datePublished\":\"2022-04-21T19:28:39+00:00\",\"dateModified\":\"2024-10-30T04:34:26+00:00\",\"description\":\"Ulepsz obecno\u015b\u0107 swojej organizacji online dzi\u0119ki najlepszym motywom WordPress Foundation dla organizacji. Stw\u00f3rz profesjonaln\u0105 i wp\u0142ywow\u0105 witryn\u0119 internetow\u0105\",\"breadcrumb\":{\"@id\":\"https:\/\/themeholt.com\/pl\/product\/fundacja\/#breadcrumb\"},\"inLanguage\":\"pl-PL\",\"potentialAction\":[{\"@type\":\"ReadAction\",\"target\":[\"https:\/\/themeholt.com\/pl\/product\/fundacja\/\"]}]},{\"@type\":\"ImageObject\",\"inLanguage\":\"pl-PL\",\"@id\":\"https:\/\/themeholt.com\/pl\/product\/fundacja\/#primaryimage\",\"url\":\"https:\/\/themeholt.com\/wp-content\/uploads\/2022\/04\/Best-Featured-Foundation-Theme.jpg\",\"contentUrl\":\"https:\/\/themeholt.com\/wp-content\/uploads\/2022\/04\/Best-Featured-Foundation-Theme.jpg\",\"width\":1300,\"height\":1283},{\"@type\":\"BreadcrumbList\",\"@id\":\"https:\/\/themeholt.com\/pl\/product\/fundacja\/#breadcrumb\",\"itemListElement\":[{\"@type\":\"ListItem\",\"position\":1,\"name\":\"Home\",\"item\":\"https:\/\/themeholt.com\/pl\/\"},{\"@type\":\"ListItem\",\"position\":2,\"name\":\"Shop\",\"item\":\"https:\/\/themeholt.com\/shop\/\"},{\"@type\":\"ListItem\",\"position\":3,\"name\":\"Fundacja\"}]},{\"@type\":\"WebSite\",\"@id\":\"https:\/\/themeholt.com\/#website\",\"url\":\"https:\/\/themeholt.com\/\",\"name\":\"ThemeHolt\",\"description\":\"Themeholt is a website that offers high-quality WordPress themes\",\"publisher\":{\"@id\":\"https:\/\/themeholt.com\/#organization\"},\"potentialAction\":[{\"@type\":\"SearchAction\",\"target\":{\"@type\":\"EntryPoint\",\"urlTemplate\":\"https:\/\/themeholt.com\/?s={search_term_string}\"},\"query-input\":{\"@type\":\"PropertyValueSpecification\",\"valueRequired\":true,\"valueName\":\"search_term_string\"}}],\"inLanguage\":\"pl-PL\"},{\"@type\":\"Organization\",\"@id\":\"https:\/\/themeholt.com\/#organization\",\"name\":\"ThemeHolt\",\"alternateName\":\"ThemeHolt\",\"url\":\"https:\/\/themeholt.com\/\",\"logo\":{\"@type\":\"ImageObject\",\"inLanguage\":\"pl-PL\",\"@id\":\"https:\/\/themeholt.com\/#\/schema\/logo\/image\/\",\"url\":\"https:\/\/themeholt.com\/wp-content\/uploads\/2024\/10\/themeholt.png\",\"contentUrl\":\"https:\/\/themeholt.com\/wp-content\/uploads\/2024\/10\/themeholt.png\",\"width\":225,\"height\":225,\"caption\":\"ThemeHolt\"},\"image\":{\"@id\":\"https:\/\/themeholt.com\/#\/schema\/logo\/image\/\"},\"sameAs\":[\"https:\/\/www.facebook.com\/themeholtT\",\"https:\/\/x.com\/ThemeholtT\",\"https:\/\/www.linkedin.com\/company\/themeholt\",\"https:\/\/www.instagram.com\/themeholtt\/\"],\"description\":\"Themeholt is a website that offers high-quality WordPress themes that are easy to use and ready for just about everything. In Eindhoven, Netherlands, since 2020 offering simple, accessible WordPress themes by providing a variety of requirements. Themeholt focuses on practicality and efficiency, allowing faster project completion with its superior marketplace and easy-to-use templates.\",\"legalName\":\"ThemeHolt\",\"foundingDate\":\"2022-11-10\",\"numberOfEmployees\":{\"@type\":\"QuantitativeValue\",\"minValue\":\"51\",\"maxValue\":\"200\"}}]}<\/script>\n<!-- \/ Yoast SEO Premium plugin. -->","yoast_head_json":{"title":"Motywy WordPress Foundation | Szablony WordPress Foundation","description":"Ulepsz obecno\u015b\u0107 swojej organizacji online dzi\u0119ki najlepszym motywom WordPress Foundation dla organizacji. Stw\u00f3rz profesjonaln\u0105 i wp\u0142ywow\u0105 witryn\u0119 internetow\u0105","robots":{"index":"index","follow":"follow","max-snippet":"max-snippet:-1","max-image-preview":"max-image-preview:large","max-video-preview":"max-video-preview:-1"},"canonical":"https:\/\/themeholt.com\/pl\/product\/fundacja\/","og_locale":"pl_PL","og_type":"article","og_title":"Fundacja","og_description":"Ulepsz obecno\u015b\u0107 swojej organizacji online dzi\u0119ki najlepszym motywom WordPress Foundation dla organizacji. Stw\u00f3rz profesjonaln\u0105 i wp\u0142ywow\u0105 witryn\u0119 internetow\u0105","og_url":"https:\/\/themeholt.com\/pl\/product\/fundacja\/","og_site_name":"ThemeHolt","article_publisher":"https:\/\/www.facebook.com\/themeholtT","article_modified_time":"2024-10-30T04:34:26+00:00","og_image":[{"width":1300,"height":1283,"url":"https:\/\/themeholt.com\/wp-content\/uploads\/2022\/04\/Best-Featured-Foundation-Theme.jpg","type":"image\/jpeg"}],"twitter_card":"summary_large_image","twitter_site":"@ThemeholtT","twitter_misc":{"Szacowany czas czytania":"1 minuta"},"schema":{"@context":"https:\/\/schema.org","@graph":[{"@type":"WebPage","@id":"https:\/\/themeholt.com\/pl\/product\/fundacja\/","url":"https:\/\/themeholt.com\/pl\/product\/fundacja\/","name":"Motywy WordPress Foundation | Szablony WordPress Foundation","isPartOf":{"@id":"https:\/\/themeholt.com\/#website"},"primaryImageOfPage":{"@id":"https:\/\/themeholt.com\/pl\/product\/fundacja\/#primaryimage"},"image":{"@id":"https:\/\/themeholt.com\/pl\/product\/fundacja\/#primaryimage"},"thumbnailUrl":"https:\/\/themeholt.com\/wp-content\/uploads\/2022\/04\/Best-Featured-Foundation-Theme.jpg","datePublished":"2022-04-21T19:28:39+00:00","dateModified":"2024-10-30T04:34:26+00:00","description":"Ulepsz obecno\u015b\u0107 swojej organizacji online dzi\u0119ki najlepszym motywom WordPress Foundation dla organizacji. Stw\u00f3rz profesjonaln\u0105 i wp\u0142ywow\u0105 witryn\u0119 internetow\u0105","breadcrumb":{"@id":"https:\/\/themeholt.com\/pl\/product\/fundacja\/#breadcrumb"},"inLanguage":"pl-PL","potentialAction":[{"@type":"ReadAction","target":["https:\/\/themeholt.com\/pl\/product\/fundacja\/"]}]},{"@type":"ImageObject","inLanguage":"pl-PL","@id":"https:\/\/themeholt.com\/pl\/product\/fundacja\/#primaryimage","url":"https:\/\/themeholt.com\/wp-content\/uploads\/2022\/04\/Best-Featured-Foundation-Theme.jpg","contentUrl":"https:\/\/themeholt.com\/wp-content\/uploads\/2022\/04\/Best-Featured-Foundation-Theme.jpg","width":1300,"height":1283},{"@type":"BreadcrumbList","@id":"https:\/\/themeholt.com\/pl\/product\/fundacja\/#breadcrumb","itemListElement":[{"@type":"ListItem","position":1,"name":"Home","item":"https:\/\/themeholt.com\/pl\/"},{"@type":"ListItem","position":2,"name":"Shop","item":"https:\/\/themeholt.com\/shop\/"},{"@type":"ListItem","position":3,"name":"Fundacja"}]},{"@type":"WebSite","@id":"https:\/\/themeholt.com\/#website","url":"https:\/\/themeholt.com\/","name":"ThemeHolt","description":"Themeholt is a website that offers high-quality WordPress themes","publisher":{"@id":"https:\/\/themeholt.com\/#organization"},"potentialAction":[{"@type":"SearchAction","target":{"@type":"EntryPoint","urlTemplate":"https:\/\/themeholt.com\/?s={search_term_string}"},"query-input":{"@type":"PropertyValueSpecification","valueRequired":true,"valueName":"search_term_string"}}],"inLanguage":"pl-PL"},{"@type":"Organization","@id":"https:\/\/themeholt.com\/#organization","name":"ThemeHolt","alternateName":"ThemeHolt","url":"https:\/\/themeholt.com\/","logo":{"@type":"ImageObject","inLanguage":"pl-PL","@id":"https:\/\/themeholt.com\/#\/schema\/logo\/image\/","url":"https:\/\/themeholt.com\/wp-content\/uploads\/2024\/10\/themeholt.png","contentUrl":"https:\/\/themeholt.com\/wp-content\/uploads\/2024\/10\/themeholt.png","width":225,"height":225,"caption":"ThemeHolt"},"image":{"@id":"https:\/\/themeholt.com\/#\/schema\/logo\/image\/"},"sameAs":["https:\/\/www.facebook.com\/themeholtT","https:\/\/x.com\/ThemeholtT","https:\/\/www.linkedin.com\/company\/themeholt","https:\/\/www.instagram.com\/themeholtt\/"],"description":"Themeholt is a website that offers high-quality WordPress themes that are easy to use and ready for just about everything. In Eindhoven, Netherlands, since 2020 offering simple, accessible WordPress themes by providing a variety of requirements. Themeholt focuses on practicality and efficiency, allowing faster project completion with its superior marketplace and easy-to-use templates.","legalName":"ThemeHolt","foundingDate":"2022-11-10","numberOfEmployees":{"@type":"QuantitativeValue","minValue":"51","maxValue":"200"}}]}},"_links":{"self":[{"href":"https:\/\/themeholt.com\/pl\/wp-json\/wp\/v2\/product\/16143","targetHints":{"allow":["GET"]}}],"collection":[{"href":"https:\/\/themeholt.com\/pl\/wp-json\/wp\/v2\/product"}],"about":[{"href":"https:\/\/themeholt.com\/pl\/wp-json\/wp\/v2\/types\/product"}],"wp:featuredmedia":[{"embeddable":true,"href":"https:\/\/themeholt.com\/pl\/wp-json\/wp\/v2\/media\/16145"}],"wp:attachment":[{"href":"https:\/\/themeholt.com\/pl\/wp-json\/wp\/v2\/media?parent=16143"}],"wp:term":[{"taxonomy":"product_brand","embeddable":true,"href":"https:\/\/themeholt.com\/pl\/wp-json\/wp\/v2\/product_brand?post=16143"},{"taxonomy":"product_cat","embeddable":true,"href":"https:\/\/themeholt.com\/pl\/wp-json\/wp\/v2\/product_cat?post=16143"},{"taxonomy":"product_tag","embeddable":true,"href":"https:\/\/themeholt.com\/pl\/wp-json\/wp\/v2\/product_tag?post=16143"}],"curies":[{"name":"wp","href":"https:\/\/api.w.org\/{rel}","templated":true}]}}