{"id":16377,"date":"2023-10-11T08:15:26","date_gmt":"2023-10-11T08:15:26","guid":{"rendered":"https:\/\/themeholt.com\/product\/skat-corporatebusiness\/"},"modified":"2024-10-30T08:46:58","modified_gmt":"2024-10-30T08:46:58","slug":"skat-korporacyjny-biznes","status":"publish","type":"product","link":"https:\/\/themeholt.com\/pl\/product\/skat-korporacyjny-biznes\/","title":{"rendered":"Skat Korporacyjny Biznes"},"content":{"rendered":"<p>Skat Corporate Business Product to wszechstronne i kompleksowe rozwi\u0105zanie biznesowe zaprojektowane tak, aby sprosta\u0107 konkretnym potrzebom korporacji i przedsi\u0119biorstw. <strong>Corporate WordPress theme<\/strong> oferuje szereg funkcji i us\u0142ug dostosowanych do usprawnienia operacji korporacyjnych, zwi\u0119kszenia produktywno\u015bci i wsparcia strategicznego podejmowania decyzji.<\/p>\n<p>Niezale\u017cnie od tego, czy chodzi o zarz\u0105dzanie finansami, \u015bledzenie projekt\u00f3w, funkcje HR czy analiz\u0119 danych, Skat Corporate Business Product zapewnia ujednolicon\u0105 platform\u0119, kt\u00f3ra pomaga organizacjom efektywnie zarz\u0105dza\u0107 procesami biznesowymi, zmniejsza\u0107 z\u0142o\u017cono\u015b\u0107 operacyjn\u0105 i nap\u0119dza\u0107 wzrost. Dzi\u0119ki przyjaznemu dla u\u017cytkownika interfejsowi i konfigurowalnym opcjom ten produkt jest cennym narz\u0119dziem dla du\u017cych firm, kt\u00f3re chc\u0105 zoptymalizowa\u0107 swoje przep\u0142ywy pracy i osi\u0105gn\u0105\u0107 wi\u0119kszy sukces.<\/p>\n","protected":false},"excerpt":{"rendered":"<ul>\n<li>Profesjonalny projekt<\/li>\n<li>Uk\u0142ad responsywny<\/li>\n<li>Zoptymalizowany pod k\u0105tem SEO<\/li>\n<li>W pe\u0142ni konfigurowalny<\/li>\n<li>Kreator stron Elementor<\/li>\n<li>Gotowy na WooCommerce<\/li>\n<li>Integracja z narz\u0119dziami biznesowymi<\/li>\n<\/ul>\n","protected":false},"featured_media":16378,"template":"","meta":{"_acf_changed":false,"inline_featured_image":false},"product_brand":[],"product_cat":[1401,1523,245],"product_tag":[249,1321,1324,1524,1531],"class_list":{"0":"post-16377","1":"product","2":"type-product","3":"status-publish","4":"has-post-thumbnail","6":"product_cat-new-arrivals-pl","7":"product_cat-corporate-business-ro","8":"product_cat-corporate-business","9":"product_tag-affordable-corporate-business","10":"product_tag-corporate-business-pl","11":"product_tag-corporate-theme-pl","12":"product_tag-affordable-corporate-business-ro","13":"product_tag-corporate-style-pl","15":"first","16":"instock","17":"sale","18":"downloadable","19":"taxable","20":"shipping-taxable","21":"purchasable","22":"product-type-simple"},"acf":[],"yoast_head":"<!-- This site is optimized with the Yoast SEO Premium plugin v22.1 (Yoast SEO v26.0) - https:\/\/yoast.com\/wordpress\/plugins\/seo\/ -->\n<title>Skat Corporate Business | Biznes korporacyjny | Styl korporacyjny<\/title>\n<meta name=\"description\" content=\"Promuj swoj\u0105 obecno\u015b\u0107 korporacyjn\u0105 dzi\u0119ki skat corporate business. Wsp\u00f3\u0142pracuj efektywnie dzi\u0119ki eleganckiemu projektowi i pot\u0119\u017cnemu stylowi. Tw\u00f3j sukces korporacyjny zaczyna si\u0119 tutaj!\" \/>\n<meta name=\"robots\" content=\"index, follow, max-snippet:-1, max-image-preview:large, max-video-preview:-1\" \/>\n<link rel=\"canonical\" href=\"https:\/\/www.cyan-dolphin-864669.hostingersite.com\/pl\/product\/skat-korporacyjny-biznes\/\" \/>\n<meta property=\"og:locale\" content=\"pl_PL\" \/>\n<meta property=\"og:type\" content=\"article\" \/>\n<meta property=\"og:title\" content=\"Skat Korporacyjny Biznes\" \/>\n<meta property=\"og:description\" content=\"Promuj swoj\u0105 obecno\u015b\u0107 korporacyjn\u0105 dzi\u0119ki skat corporate business. Wsp\u00f3\u0142pracuj efektywnie dzi\u0119ki eleganckiemu projektowi i pot\u0119\u017cnemu stylowi. Tw\u00f3j sukces korporacyjny zaczyna si\u0119 tutaj!\" \/>\n<meta property=\"og:url\" content=\"https:\/\/www.cyan-dolphin-864669.hostingersite.com\/pl\/product\/skat-korporacyjny-biznes\/\" \/>\n<meta property=\"og:site_name\" content=\"ThemeHolt\" \/>\n<meta property=\"article:publisher\" content=\"https:\/\/www.facebook.com\/themeholtT\" \/>\n<meta property=\"article:modified_time\" content=\"2024-10-30T08:46:58+00:00\" \/>\n<meta property=\"og:image\" content=\"https:\/\/www.cyan-dolphin-864669.hostingersite.com\/wp-content\/uploads\/2023\/10\/56-1.png\" \/>\n\t<meta property=\"og:image:width\" content=\"1365\" \/>\n\t<meta property=\"og:image:height\" content=\"1296\" \/>\n\t<meta property=\"og:image:type\" content=\"image\/png\" \/>\n<meta name=\"twitter:card\" content=\"summary_large_image\" \/>\n<meta name=\"twitter:site\" content=\"@ThemeholtT\" \/>\n<meta name=\"twitter:label1\" content=\"Szacowany czas czytania\" \/>\n\t<meta name=\"twitter:data1\" content=\"1 minuta\" \/>\n<script type=\"application\/ld+json\" class=\"yoast-schema-graph\">{\"@context\":\"https:\/\/schema.org\",\"@graph\":[{\"@type\":\"WebPage\",\"@id\":\"https:\/\/www.cyan-dolphin-864669.hostingersite.com\/pl\/product\/skat-korporacyjny-biznes\/\",\"url\":\"https:\/\/www.cyan-dolphin-864669.hostingersite.com\/pl\/product\/skat-korporacyjny-biznes\/\",\"name\":\"Skat Corporate Business | Biznes korporacyjny | Styl korporacyjny\",\"isPartOf\":{\"@id\":\"https:\/\/themeholt.com\/#website\"},\"primaryImageOfPage\":{\"@id\":\"https:\/\/www.cyan-dolphin-864669.hostingersite.com\/pl\/product\/skat-korporacyjny-biznes\/#primaryimage\"},\"image\":{\"@id\":\"https:\/\/www.cyan-dolphin-864669.hostingersite.com\/pl\/product\/skat-korporacyjny-biznes\/#primaryimage\"},\"thumbnailUrl\":\"https:\/\/themeholt.com\/wp-content\/uploads\/2023\/10\/56-1.png\",\"datePublished\":\"2023-10-11T08:15:26+00:00\",\"dateModified\":\"2024-10-30T08:46:58+00:00\",\"description\":\"Promuj swoj\u0105 obecno\u015b\u0107 korporacyjn\u0105 dzi\u0119ki skat corporate business. Wsp\u00f3\u0142pracuj efektywnie dzi\u0119ki eleganckiemu projektowi i pot\u0119\u017cnemu stylowi. Tw\u00f3j sukces korporacyjny zaczyna si\u0119 tutaj!\",\"breadcrumb\":{\"@id\":\"https:\/\/www.cyan-dolphin-864669.hostingersite.com\/pl\/product\/skat-korporacyjny-biznes\/#breadcrumb\"},\"inLanguage\":\"pl-PL\",\"potentialAction\":[{\"@type\":\"ReadAction\",\"target\":[\"https:\/\/www.cyan-dolphin-864669.hostingersite.com\/pl\/product\/skat-korporacyjny-biznes\/\"]}]},{\"@type\":\"ImageObject\",\"inLanguage\":\"pl-PL\",\"@id\":\"https:\/\/www.cyan-dolphin-864669.hostingersite.com\/pl\/product\/skat-korporacyjny-biznes\/#primaryimage\",\"url\":\"https:\/\/themeholt.com\/wp-content\/uploads\/2023\/10\/56-1.png\",\"contentUrl\":\"https:\/\/themeholt.com\/wp-content\/uploads\/2023\/10\/56-1.png\",\"width\":1365,\"height\":1296},{\"@type\":\"BreadcrumbList\",\"@id\":\"https:\/\/www.cyan-dolphin-864669.hostingersite.com\/pl\/product\/skat-korporacyjny-biznes\/#breadcrumb\",\"itemListElement\":[{\"@type\":\"ListItem\",\"position\":1,\"name\":\"Home\",\"item\":\"https:\/\/themeholt.com\/pl\/\"},{\"@type\":\"ListItem\",\"position\":2,\"name\":\"Shop\",\"item\":\"https:\/\/themeholt.com\/shop\/\"},{\"@type\":\"ListItem\",\"position\":3,\"name\":\"Skat Korporacyjny Biznes\"}]},{\"@type\":\"WebSite\",\"@id\":\"https:\/\/themeholt.com\/#website\",\"url\":\"https:\/\/themeholt.com\/\",\"name\":\"ThemeHolt\",\"description\":\"Themeholt is a website that offers high-quality WordPress themes\",\"publisher\":{\"@id\":\"https:\/\/themeholt.com\/#organization\"},\"potentialAction\":[{\"@type\":\"SearchAction\",\"target\":{\"@type\":\"EntryPoint\",\"urlTemplate\":\"https:\/\/themeholt.com\/?s={search_term_string}\"},\"query-input\":{\"@type\":\"PropertyValueSpecification\",\"valueRequired\":true,\"valueName\":\"search_term_string\"}}],\"inLanguage\":\"pl-PL\"},{\"@type\":\"Organization\",\"@id\":\"https:\/\/themeholt.com\/#organization\",\"name\":\"ThemeHolt\",\"alternateName\":\"ThemeHolt\",\"url\":\"https:\/\/themeholt.com\/\",\"logo\":{\"@type\":\"ImageObject\",\"inLanguage\":\"pl-PL\",\"@id\":\"https:\/\/themeholt.com\/#\/schema\/logo\/image\/\",\"url\":\"https:\/\/themeholt.com\/wp-content\/uploads\/2024\/10\/themeholt.png\",\"contentUrl\":\"https:\/\/themeholt.com\/wp-content\/uploads\/2024\/10\/themeholt.png\",\"width\":225,\"height\":225,\"caption\":\"ThemeHolt\"},\"image\":{\"@id\":\"https:\/\/themeholt.com\/#\/schema\/logo\/image\/\"},\"sameAs\":[\"https:\/\/www.facebook.com\/themeholtT\",\"https:\/\/x.com\/ThemeholtT\",\"https:\/\/www.linkedin.com\/company\/themeholt\",\"https:\/\/www.instagram.com\/themeholtt\/\"],\"description\":\"Themeholt is a website that offers high-quality WordPress themes that are easy to use and ready for just about everything. In Eindhoven, Netherlands, since 2020 offering simple, accessible WordPress themes by providing a variety of requirements. Themeholt focuses on practicality and efficiency, allowing faster project completion with its superior marketplace and easy-to-use templates.\",\"legalName\":\"ThemeHolt\",\"foundingDate\":\"2022-11-10\",\"numberOfEmployees\":{\"@type\":\"QuantitativeValue\",\"minValue\":\"51\",\"maxValue\":\"200\"}}]}<\/script>\n<!-- \/ Yoast SEO Premium plugin. -->","yoast_head_json":{"title":"Skat Corporate Business | Biznes korporacyjny | Styl korporacyjny","description":"Promuj swoj\u0105 obecno\u015b\u0107 korporacyjn\u0105 dzi\u0119ki skat corporate business. Wsp\u00f3\u0142pracuj efektywnie dzi\u0119ki eleganckiemu projektowi i pot\u0119\u017cnemu stylowi. Tw\u00f3j sukces korporacyjny zaczyna si\u0119 tutaj!","robots":{"index":"index","follow":"follow","max-snippet":"max-snippet:-1","max-image-preview":"max-image-preview:large","max-video-preview":"max-video-preview:-1"},"canonical":"https:\/\/www.cyan-dolphin-864669.hostingersite.com\/pl\/product\/skat-korporacyjny-biznes\/","og_locale":"pl_PL","og_type":"article","og_title":"Skat Korporacyjny Biznes","og_description":"Promuj swoj\u0105 obecno\u015b\u0107 korporacyjn\u0105 dzi\u0119ki skat corporate business. Wsp\u00f3\u0142pracuj efektywnie dzi\u0119ki eleganckiemu projektowi i pot\u0119\u017cnemu stylowi. Tw\u00f3j sukces korporacyjny zaczyna si\u0119 tutaj!","og_url":"https:\/\/www.cyan-dolphin-864669.hostingersite.com\/pl\/product\/skat-korporacyjny-biznes\/","og_site_name":"ThemeHolt","article_publisher":"https:\/\/www.facebook.com\/themeholtT","article_modified_time":"2024-10-30T08:46:58+00:00","og_image":[{"width":1365,"height":1296,"url":"https:\/\/www.cyan-dolphin-864669.hostingersite.com\/wp-content\/uploads\/2023\/10\/56-1.png","type":"image\/png"}],"twitter_card":"summary_large_image","twitter_site":"@ThemeholtT","twitter_misc":{"Szacowany czas czytania":"1 minuta"},"schema":{"@context":"https:\/\/schema.org","@graph":[{"@type":"WebPage","@id":"https:\/\/www.cyan-dolphin-864669.hostingersite.com\/pl\/product\/skat-korporacyjny-biznes\/","url":"https:\/\/www.cyan-dolphin-864669.hostingersite.com\/pl\/product\/skat-korporacyjny-biznes\/","name":"Skat Corporate Business | Biznes korporacyjny | Styl korporacyjny","isPartOf":{"@id":"https:\/\/themeholt.com\/#website"},"primaryImageOfPage":{"@id":"https:\/\/www.cyan-dolphin-864669.hostingersite.com\/pl\/product\/skat-korporacyjny-biznes\/#primaryimage"},"image":{"@id":"https:\/\/www.cyan-dolphin-864669.hostingersite.com\/pl\/product\/skat-korporacyjny-biznes\/#primaryimage"},"thumbnailUrl":"https:\/\/themeholt.com\/wp-content\/uploads\/2023\/10\/56-1.png","datePublished":"2023-10-11T08:15:26+00:00","dateModified":"2024-10-30T08:46:58+00:00","description":"Promuj swoj\u0105 obecno\u015b\u0107 korporacyjn\u0105 dzi\u0119ki skat corporate business. Wsp\u00f3\u0142pracuj efektywnie dzi\u0119ki eleganckiemu projektowi i pot\u0119\u017cnemu stylowi. Tw\u00f3j sukces korporacyjny zaczyna si\u0119 tutaj!","breadcrumb":{"@id":"https:\/\/www.cyan-dolphin-864669.hostingersite.com\/pl\/product\/skat-korporacyjny-biznes\/#breadcrumb"},"inLanguage":"pl-PL","potentialAction":[{"@type":"ReadAction","target":["https:\/\/www.cyan-dolphin-864669.hostingersite.com\/pl\/product\/skat-korporacyjny-biznes\/"]}]},{"@type":"ImageObject","inLanguage":"pl-PL","@id":"https:\/\/www.cyan-dolphin-864669.hostingersite.com\/pl\/product\/skat-korporacyjny-biznes\/#primaryimage","url":"https:\/\/themeholt.com\/wp-content\/uploads\/2023\/10\/56-1.png","contentUrl":"https:\/\/themeholt.com\/wp-content\/uploads\/2023\/10\/56-1.png","width":1365,"height":1296},{"@type":"BreadcrumbList","@id":"https:\/\/www.cyan-dolphin-864669.hostingersite.com\/pl\/product\/skat-korporacyjny-biznes\/#breadcrumb","itemListElement":[{"@type":"ListItem","position":1,"name":"Home","item":"https:\/\/themeholt.com\/pl\/"},{"@type":"ListItem","position":2,"name":"Shop","item":"https:\/\/themeholt.com\/shop\/"},{"@type":"ListItem","position":3,"name":"Skat Korporacyjny Biznes"}]},{"@type":"WebSite","@id":"https:\/\/themeholt.com\/#website","url":"https:\/\/themeholt.com\/","name":"ThemeHolt","description":"Themeholt is a website that offers high-quality WordPress themes","publisher":{"@id":"https:\/\/themeholt.com\/#organization"},"potentialAction":[{"@type":"SearchAction","target":{"@type":"EntryPoint","urlTemplate":"https:\/\/themeholt.com\/?s={search_term_string}"},"query-input":{"@type":"PropertyValueSpecification","valueRequired":true,"valueName":"search_term_string"}}],"inLanguage":"pl-PL"},{"@type":"Organization","@id":"https:\/\/themeholt.com\/#organization","name":"ThemeHolt","alternateName":"ThemeHolt","url":"https:\/\/themeholt.com\/","logo":{"@type":"ImageObject","inLanguage":"pl-PL","@id":"https:\/\/themeholt.com\/#\/schema\/logo\/image\/","url":"https:\/\/themeholt.com\/wp-content\/uploads\/2024\/10\/themeholt.png","contentUrl":"https:\/\/themeholt.com\/wp-content\/uploads\/2024\/10\/themeholt.png","width":225,"height":225,"caption":"ThemeHolt"},"image":{"@id":"https:\/\/themeholt.com\/#\/schema\/logo\/image\/"},"sameAs":["https:\/\/www.facebook.com\/themeholtT","https:\/\/x.com\/ThemeholtT","https:\/\/www.linkedin.com\/company\/themeholt","https:\/\/www.instagram.com\/themeholtt\/"],"description":"Themeholt is a website that offers high-quality WordPress themes that are easy to use and ready for just about everything. In Eindhoven, Netherlands, since 2020 offering simple, accessible WordPress themes by providing a variety of requirements. Themeholt focuses on practicality and efficiency, allowing faster project completion with its superior marketplace and easy-to-use templates.","legalName":"ThemeHolt","foundingDate":"2022-11-10","numberOfEmployees":{"@type":"QuantitativeValue","minValue":"51","maxValue":"200"}}]}},"_links":{"self":[{"href":"https:\/\/themeholt.com\/pl\/wp-json\/wp\/v2\/product\/16377","targetHints":{"allow":["GET"]}}],"collection":[{"href":"https:\/\/themeholt.com\/pl\/wp-json\/wp\/v2\/product"}],"about":[{"href":"https:\/\/themeholt.com\/pl\/wp-json\/wp\/v2\/types\/product"}],"wp:featuredmedia":[{"embeddable":true,"href":"https:\/\/themeholt.com\/pl\/wp-json\/wp\/v2\/media\/16378"}],"wp:attachment":[{"href":"https:\/\/themeholt.com\/pl\/wp-json\/wp\/v2\/media?parent=16377"}],"wp:term":[{"taxonomy":"product_brand","embeddable":true,"href":"https:\/\/themeholt.com\/pl\/wp-json\/wp\/v2\/product_brand?post=16377"},{"taxonomy":"product_cat","embeddable":true,"href":"https:\/\/themeholt.com\/pl\/wp-json\/wp\/v2\/product_cat?post=16377"},{"taxonomy":"product_tag","embeddable":true,"href":"https:\/\/themeholt.com\/pl\/wp-json\/wp\/v2\/product_tag?post=16377"}],"curies":[{"name":"wp","href":"https:\/\/api.w.org\/{rel}","templated":true}]}}