{"id":16418,"date":"2024-03-29T06:18:39","date_gmt":"2024-03-29T06:18:39","guid":{"rendered":"https:\/\/themeholt.com\/product\/mediclick-medical-landing-page-wordpress-theme\/"},"modified":"2024-11-04T03:38:35","modified_gmt":"2024-11-04T03:38:35","slug":"mediclick-motyw-wordpress-dla-stron-docelowych-dla-branzy-medycznej","status":"publish","type":"product","link":"https:\/\/themeholt.com\/pl\/product\/mediclick-motyw-wordpress-dla-stron-docelowych-dla-branzy-medycznej\/","title":{"rendered":"Mediclick &#8211; Motyw WordPress dla stron docelowych dla bran\u017cy medycznej"},"content":{"rendered":"<p><span style=\"font-weight: 400\">Z przyjemno\u015bci\u0105 og\u0142aszamy nasz nowoczesny motyw WordPress dla bran\u017cy medycznej, kt\u00f3ry zosta\u0142 starannie opracowany, aby sprosta\u0107 wymaganiom klinik, szpitali i lekarzy na ca\u0142ym \u015bwiecie. Nasz motyw zapewnia \u0142atw\u0105 nawigacj\u0119 i dost\u0119pno\u015b\u0107 zar\u00f3wno dla pracownik\u00f3w s\u0142u\u017cby zdrowia, jak i pacjent\u00f3w dzi\u0119ki p\u0142ynnej konstrukcji.<\/span><\/p>\n<p><span style=\"font-weight: 400\">Zintegrowane funkcje opieki zdrowotnej, interaktywne kalendarze wizyt, zaawansowane narz\u0119dzia do zarz\u0105dzania pacjentami i konfigurowalne systemy rezerwacji wizyt to niekt\u00f3re z kluczowych funkcji. Poniewa\u017c motyw jest w pe\u0142ni responsywny, dzia\u0142a p\u0142ynnie na wszystkich rodzajach urz\u0105dze\u0144.<\/span><\/p>\n","protected":false},"excerpt":{"rendered":"<ul>\n<li>Czysty projekt<\/li>\n<li>Profesjonalny wygl\u0105d<\/li>\n<li>Responsywny uk\u0142ad<\/li>\n<li>Zoptymalizowany pod k\u0105tem SEO<\/li>\n<li>Ca\u0142kowicie konfigurowalny<\/li>\n<li>Bezpiecze\u0144stwo i zgodno\u015b\u0107<\/li>\n<\/ul>\n","protected":false},"featured_media":16420,"template":"","meta":{"_acf_changed":false,"inline_featured_image":false},"product_brand":[],"product_cat":[1768],"product_tag":[],"class_list":{"0":"post-16418","1":"product","2":"type-product","3":"status-publish","4":"has-post-thumbnail","6":"product_cat-landing-pages-es","8":"first","9":"instock","10":"sale","11":"downloadable","12":"taxable","13":"shipping-taxable","14":"purchasable","15":"product-type-simple"},"acf":[],"yoast_head":"<!-- This site is optimized with the Yoast SEO Premium plugin v22.1 (Yoast SEO v26.0) - https:\/\/yoast.com\/wordpress\/plugins\/seo\/ -->\n<title>Mediclick - Motyw WordPress dla stron docelowych dla bran\u017cy medycznej - ThemeHolt<\/title>\n<meta name=\"robots\" content=\"index, follow, max-snippet:-1, max-image-preview:large, max-video-preview:-1\" \/>\n<link rel=\"canonical\" href=\"https:\/\/themeholt.com\/pl\/product\/mediclick-motyw-wordpress-dla-stron-docelowych-dla-branzy-medycznej\/\" \/>\n<meta property=\"og:locale\" content=\"pl_PL\" \/>\n<meta property=\"og:type\" content=\"article\" \/>\n<meta property=\"og:title\" content=\"Mediclick - Motyw WordPress dla stron docelowych dla bran\u017cy medycznej\" \/>\n<meta property=\"og:description\" content=\"Czysty projekt Profesjonalny wygl\u0105d Responsywny uk\u0142ad Zoptymalizowany pod k\u0105tem SEO Ca\u0142kowicie konfigurowalny Bezpiecze\u0144stwo i zgodno\u015b\u0107\" \/>\n<meta property=\"og:url\" content=\"https:\/\/themeholt.com\/pl\/product\/mediclick-motyw-wordpress-dla-stron-docelowych-dla-branzy-medycznej\/\" \/>\n<meta property=\"og:site_name\" content=\"ThemeHolt\" \/>\n<meta property=\"article:publisher\" content=\"https:\/\/www.facebook.com\/themeholtT\" \/>\n<meta property=\"article:modified_time\" content=\"2024-11-04T03:38:35+00:00\" \/>\n<meta property=\"og:image\" content=\"https:\/\/themeholt.com\/wp-content\/uploads\/2024\/03\/Home-2-\u2013-Medical.png\" \/>\n\t<meta property=\"og:image:width\" content=\"1365\" \/>\n\t<meta property=\"og:image:height\" content=\"1052\" \/>\n\t<meta property=\"og:image:type\" content=\"image\/png\" \/>\n<meta name=\"twitter:card\" content=\"summary_large_image\" \/>\n<meta name=\"twitter:site\" content=\"@ThemeholtT\" \/>\n<meta name=\"twitter:label1\" content=\"Szacowany czas czytania\" \/>\n\t<meta name=\"twitter:data1\" content=\"1 minuta\" \/>\n<script type=\"application\/ld+json\" class=\"yoast-schema-graph\">{\"@context\":\"https:\/\/schema.org\",\"@graph\":[{\"@type\":\"WebPage\",\"@id\":\"https:\/\/themeholt.com\/pl\/product\/mediclick-motyw-wordpress-dla-stron-docelowych-dla-branzy-medycznej\/\",\"url\":\"https:\/\/themeholt.com\/pl\/product\/mediclick-motyw-wordpress-dla-stron-docelowych-dla-branzy-medycznej\/\",\"name\":\"Mediclick - Motyw WordPress dla stron docelowych dla bran\u017cy medycznej - ThemeHolt\",\"isPartOf\":{\"@id\":\"https:\/\/themeholt.com\/#website\"},\"primaryImageOfPage\":{\"@id\":\"https:\/\/themeholt.com\/pl\/product\/mediclick-motyw-wordpress-dla-stron-docelowych-dla-branzy-medycznej\/#primaryimage\"},\"image\":{\"@id\":\"https:\/\/themeholt.com\/pl\/product\/mediclick-motyw-wordpress-dla-stron-docelowych-dla-branzy-medycznej\/#primaryimage\"},\"thumbnailUrl\":\"https:\/\/themeholt.com\/wp-content\/uploads\/2024\/03\/Home-2-\u2013-Medical.png\",\"datePublished\":\"2024-03-29T06:18:39+00:00\",\"dateModified\":\"2024-11-04T03:38:35+00:00\",\"breadcrumb\":{\"@id\":\"https:\/\/themeholt.com\/pl\/product\/mediclick-motyw-wordpress-dla-stron-docelowych-dla-branzy-medycznej\/#breadcrumb\"},\"inLanguage\":\"pl-PL\",\"potentialAction\":[{\"@type\":\"ReadAction\",\"target\":[\"https:\/\/themeholt.com\/pl\/product\/mediclick-motyw-wordpress-dla-stron-docelowych-dla-branzy-medycznej\/\"]}]},{\"@type\":\"ImageObject\",\"inLanguage\":\"pl-PL\",\"@id\":\"https:\/\/themeholt.com\/pl\/product\/mediclick-motyw-wordpress-dla-stron-docelowych-dla-branzy-medycznej\/#primaryimage\",\"url\":\"https:\/\/themeholt.com\/wp-content\/uploads\/2024\/03\/Home-2-\u2013-Medical.png\",\"contentUrl\":\"https:\/\/themeholt.com\/wp-content\/uploads\/2024\/03\/Home-2-\u2013-Medical.png\",\"width\":1365,\"height\":1052},{\"@type\":\"BreadcrumbList\",\"@id\":\"https:\/\/themeholt.com\/pl\/product\/mediclick-motyw-wordpress-dla-stron-docelowych-dla-branzy-medycznej\/#breadcrumb\",\"itemListElement\":[{\"@type\":\"ListItem\",\"position\":1,\"name\":\"Home\",\"item\":\"https:\/\/themeholt.com\/pl\/\"},{\"@type\":\"ListItem\",\"position\":2,\"name\":\"Shop\",\"item\":\"https:\/\/themeholt.com\/shop\/\"},{\"@type\":\"ListItem\",\"position\":3,\"name\":\"Mediclick &#8211; Motyw WordPress dla stron docelowych dla bran\u017cy medycznej\"}]},{\"@type\":\"WebSite\",\"@id\":\"https:\/\/themeholt.com\/#website\",\"url\":\"https:\/\/themeholt.com\/\",\"name\":\"ThemeHolt\",\"description\":\"Themeholt is a website that offers high-quality WordPress themes\",\"publisher\":{\"@id\":\"https:\/\/themeholt.com\/#organization\"},\"potentialAction\":[{\"@type\":\"SearchAction\",\"target\":{\"@type\":\"EntryPoint\",\"urlTemplate\":\"https:\/\/themeholt.com\/?s={search_term_string}\"},\"query-input\":{\"@type\":\"PropertyValueSpecification\",\"valueRequired\":true,\"valueName\":\"search_term_string\"}}],\"inLanguage\":\"pl-PL\"},{\"@type\":\"Organization\",\"@id\":\"https:\/\/themeholt.com\/#organization\",\"name\":\"ThemeHolt\",\"alternateName\":\"ThemeHolt\",\"url\":\"https:\/\/themeholt.com\/\",\"logo\":{\"@type\":\"ImageObject\",\"inLanguage\":\"pl-PL\",\"@id\":\"https:\/\/themeholt.com\/#\/schema\/logo\/image\/\",\"url\":\"https:\/\/themeholt.com\/wp-content\/uploads\/2024\/10\/themeholt.png\",\"contentUrl\":\"https:\/\/themeholt.com\/wp-content\/uploads\/2024\/10\/themeholt.png\",\"width\":225,\"height\":225,\"caption\":\"ThemeHolt\"},\"image\":{\"@id\":\"https:\/\/themeholt.com\/#\/schema\/logo\/image\/\"},\"sameAs\":[\"https:\/\/www.facebook.com\/themeholtT\",\"https:\/\/x.com\/ThemeholtT\",\"https:\/\/www.linkedin.com\/company\/themeholt\",\"https:\/\/www.instagram.com\/themeholtt\/\"],\"description\":\"Themeholt is a website that offers high-quality WordPress themes that are easy to use and ready for just about everything. In Eindhoven, Netherlands, since 2020 offering simple, accessible WordPress themes by providing a variety of requirements. Themeholt focuses on practicality and efficiency, allowing faster project completion with its superior marketplace and easy-to-use templates.\",\"legalName\":\"ThemeHolt\",\"foundingDate\":\"2022-11-10\",\"numberOfEmployees\":{\"@type\":\"QuantitativeValue\",\"minValue\":\"51\",\"maxValue\":\"200\"}}]}<\/script>\n<!-- \/ Yoast SEO Premium plugin. -->","yoast_head_json":{"title":"Mediclick - Motyw WordPress dla stron docelowych dla bran\u017cy medycznej - ThemeHolt","robots":{"index":"index","follow":"follow","max-snippet":"max-snippet:-1","max-image-preview":"max-image-preview:large","max-video-preview":"max-video-preview:-1"},"canonical":"https:\/\/themeholt.com\/pl\/product\/mediclick-motyw-wordpress-dla-stron-docelowych-dla-branzy-medycznej\/","og_locale":"pl_PL","og_type":"article","og_title":"Mediclick - Motyw WordPress dla stron docelowych dla bran\u017cy medycznej","og_description":"Czysty projekt Profesjonalny wygl\u0105d Responsywny uk\u0142ad Zoptymalizowany pod k\u0105tem SEO Ca\u0142kowicie konfigurowalny Bezpiecze\u0144stwo i zgodno\u015b\u0107","og_url":"https:\/\/themeholt.com\/pl\/product\/mediclick-motyw-wordpress-dla-stron-docelowych-dla-branzy-medycznej\/","og_site_name":"ThemeHolt","article_publisher":"https:\/\/www.facebook.com\/themeholtT","article_modified_time":"2024-11-04T03:38:35+00:00","og_image":[{"width":1365,"height":1052,"url":"https:\/\/themeholt.com\/wp-content\/uploads\/2024\/03\/Home-2-\u2013-Medical.png","type":"image\/png"}],"twitter_card":"summary_large_image","twitter_site":"@ThemeholtT","twitter_misc":{"Szacowany czas czytania":"1 minuta"},"schema":{"@context":"https:\/\/schema.org","@graph":[{"@type":"WebPage","@id":"https:\/\/themeholt.com\/pl\/product\/mediclick-motyw-wordpress-dla-stron-docelowych-dla-branzy-medycznej\/","url":"https:\/\/themeholt.com\/pl\/product\/mediclick-motyw-wordpress-dla-stron-docelowych-dla-branzy-medycznej\/","name":"Mediclick - Motyw WordPress dla stron docelowych dla bran\u017cy medycznej - ThemeHolt","isPartOf":{"@id":"https:\/\/themeholt.com\/#website"},"primaryImageOfPage":{"@id":"https:\/\/themeholt.com\/pl\/product\/mediclick-motyw-wordpress-dla-stron-docelowych-dla-branzy-medycznej\/#primaryimage"},"image":{"@id":"https:\/\/themeholt.com\/pl\/product\/mediclick-motyw-wordpress-dla-stron-docelowych-dla-branzy-medycznej\/#primaryimage"},"thumbnailUrl":"https:\/\/themeholt.com\/wp-content\/uploads\/2024\/03\/Home-2-\u2013-Medical.png","datePublished":"2024-03-29T06:18:39+00:00","dateModified":"2024-11-04T03:38:35+00:00","breadcrumb":{"@id":"https:\/\/themeholt.com\/pl\/product\/mediclick-motyw-wordpress-dla-stron-docelowych-dla-branzy-medycznej\/#breadcrumb"},"inLanguage":"pl-PL","potentialAction":[{"@type":"ReadAction","target":["https:\/\/themeholt.com\/pl\/product\/mediclick-motyw-wordpress-dla-stron-docelowych-dla-branzy-medycznej\/"]}]},{"@type":"ImageObject","inLanguage":"pl-PL","@id":"https:\/\/themeholt.com\/pl\/product\/mediclick-motyw-wordpress-dla-stron-docelowych-dla-branzy-medycznej\/#primaryimage","url":"https:\/\/themeholt.com\/wp-content\/uploads\/2024\/03\/Home-2-\u2013-Medical.png","contentUrl":"https:\/\/themeholt.com\/wp-content\/uploads\/2024\/03\/Home-2-\u2013-Medical.png","width":1365,"height":1052},{"@type":"BreadcrumbList","@id":"https:\/\/themeholt.com\/pl\/product\/mediclick-motyw-wordpress-dla-stron-docelowych-dla-branzy-medycznej\/#breadcrumb","itemListElement":[{"@type":"ListItem","position":1,"name":"Home","item":"https:\/\/themeholt.com\/pl\/"},{"@type":"ListItem","position":2,"name":"Shop","item":"https:\/\/themeholt.com\/shop\/"},{"@type":"ListItem","position":3,"name":"Mediclick &#8211; Motyw WordPress dla stron docelowych dla bran\u017cy medycznej"}]},{"@type":"WebSite","@id":"https:\/\/themeholt.com\/#website","url":"https:\/\/themeholt.com\/","name":"ThemeHolt","description":"Themeholt is a website that offers high-quality WordPress themes","publisher":{"@id":"https:\/\/themeholt.com\/#organization"},"potentialAction":[{"@type":"SearchAction","target":{"@type":"EntryPoint","urlTemplate":"https:\/\/themeholt.com\/?s={search_term_string}"},"query-input":{"@type":"PropertyValueSpecification","valueRequired":true,"valueName":"search_term_string"}}],"inLanguage":"pl-PL"},{"@type":"Organization","@id":"https:\/\/themeholt.com\/#organization","name":"ThemeHolt","alternateName":"ThemeHolt","url":"https:\/\/themeholt.com\/","logo":{"@type":"ImageObject","inLanguage":"pl-PL","@id":"https:\/\/themeholt.com\/#\/schema\/logo\/image\/","url":"https:\/\/themeholt.com\/wp-content\/uploads\/2024\/10\/themeholt.png","contentUrl":"https:\/\/themeholt.com\/wp-content\/uploads\/2024\/10\/themeholt.png","width":225,"height":225,"caption":"ThemeHolt"},"image":{"@id":"https:\/\/themeholt.com\/#\/schema\/logo\/image\/"},"sameAs":["https:\/\/www.facebook.com\/themeholtT","https:\/\/x.com\/ThemeholtT","https:\/\/www.linkedin.com\/company\/themeholt","https:\/\/www.instagram.com\/themeholtt\/"],"description":"Themeholt is a website that offers high-quality WordPress themes that are easy to use and ready for just about everything. In Eindhoven, Netherlands, since 2020 offering simple, accessible WordPress themes by providing a variety of requirements. Themeholt focuses on practicality and efficiency, allowing faster project completion with its superior marketplace and easy-to-use templates.","legalName":"ThemeHolt","foundingDate":"2022-11-10","numberOfEmployees":{"@type":"QuantitativeValue","minValue":"51","maxValue":"200"}}]}},"_links":{"self":[{"href":"https:\/\/themeholt.com\/pl\/wp-json\/wp\/v2\/product\/16418","targetHints":{"allow":["GET"]}}],"collection":[{"href":"https:\/\/themeholt.com\/pl\/wp-json\/wp\/v2\/product"}],"about":[{"href":"https:\/\/themeholt.com\/pl\/wp-json\/wp\/v2\/types\/product"}],"wp:featuredmedia":[{"embeddable":true,"href":"https:\/\/themeholt.com\/pl\/wp-json\/wp\/v2\/media\/16420"}],"wp:attachment":[{"href":"https:\/\/themeholt.com\/pl\/wp-json\/wp\/v2\/media?parent=16418"}],"wp:term":[{"taxonomy":"product_brand","embeddable":true,"href":"https:\/\/themeholt.com\/pl\/wp-json\/wp\/v2\/product_brand?post=16418"},{"taxonomy":"product_cat","embeddable":true,"href":"https:\/\/themeholt.com\/pl\/wp-json\/wp\/v2\/product_cat?post=16418"},{"taxonomy":"product_tag","embeddable":true,"href":"https:\/\/themeholt.com\/pl\/wp-json\/wp\/v2\/product_tag?post=16418"}],"curies":[{"name":"wp","href":"https:\/\/api.w.org\/{rel}","templated":true}]}}