{"id":16436,"date":"2024-02-09T10:18:20","date_gmt":"2024-02-09T10:18:20","guid":{"rendered":"https:\/\/themeholt.com\/product\/yoast-seo-free-plugin\/"},"modified":"2024-11-04T03:42:18","modified_gmt":"2024-11-04T03:42:18","slug":"yoast-seo-bezplatna-wtyczka","status":"publish","type":"product","link":"https:\/\/themeholt.com\/pl\/product\/yoast-seo-bezplatna-wtyczka\/","title":{"rendered":"Yoast SEO Bezp\u0142atna wtyczka"},"content":{"rendered":"<p><span style=\"font-weight: 400\">Yoast SEO Free to pot\u0119\u017cna wtyczka zaprojektowana, aby bez wysi\u0142ku zwi\u0119kszy\u0107 widoczno\u015b\u0107 Twojej witryny w wyszukiwarkach. Z ponad 10 milionami u\u017cytkownik\u00f3w na ca\u0142ym \u015bwiecie jest to najszerzej u\u017cywane narz\u0119dzie SEO na \u015bwiecie. Ta wtyczka zapewnia, \u017ce \u200b\u200bTwoja witryna jest technicznie zoptymalizowana pod k\u0105tem wyszukiwarek, automatycznie obs\u0142uguj\u0105c wszystkie niezb\u0119dne techniczne aspekty SEO. Wszystko, czego potrzebujesz, aby rozpocz\u0105\u0107 podr\u00f3\u017c do wy\u017cszych pozycji w wyszukiwarkach, jest na wyci\u0105gni\u0119cie r\u0119ki dzi\u0119ki Yoast SEO Free. Usprawnia proces, czyni\u0105c go przyjaznym dla u\u017cytkownika i skutecznym. Zwi\u0119ksz wydajno\u015b\u0107 swojej witryny dzi\u0119ki temu zaufanemu narz\u0119dziu, niezb\u0119dnemu dla ka\u017cdego w\u0142a\u015bciciela witryny, kt\u00f3ry chce poprawi\u0107 swoj\u0105 obecno\u015b\u0107 online.<\/span><\/p>\n","protected":false},"excerpt":{"rendered":"<ul>\n<li><span style=\"font-weight: 400\">Zwi\u0119ksz pozycj\u0119 w wynikach wyszukiwania dzi\u0119ki wszystkiemu, czego potrzebujesz<\/span><\/li>\n<li><span style=\"font-weight: 400\">Jedno klikni\u0119cie, idealne SEO na zawsze<\/span><\/li>\n<li><span style=\"font-weight: 400\">Zaufa\u0142o nam ponad 10 milion\u00f3w os\u00f3b, narz\u0119dzie SEO nr 1 na \u015bwiecie!<\/span><\/li>\n<\/ul>\n","protected":false},"featured_media":16438,"template":"","meta":{"_acf_changed":false,"inline_featured_image":false},"product_brand":[],"product_cat":[1535],"product_tag":[],"class_list":{"0":"post-16436","1":"product","2":"type-product","3":"status-publish","4":"has-post-thumbnail","6":"product_cat-plugins-pl","8":"first","9":"instock","10":"downloadable","11":"virtual","12":"taxable","13":"purchasable","14":"product-type-simple"},"acf":[],"yoast_head":"<!-- This site is optimized with the Yoast SEO Premium plugin v22.1 (Yoast SEO v26.0) - https:\/\/yoast.com\/wordpress\/plugins\/seo\/ -->\n<title>Yoast SEO Bezp\u0142atna wtyczka - ThemeHolt<\/title>\n<meta name=\"robots\" content=\"index, follow, max-snippet:-1, max-image-preview:large, max-video-preview:-1\" \/>\n<link rel=\"canonical\" href=\"https:\/\/themeholt.com\/pl\/product\/yoast-seo-bezplatna-wtyczka\/\" \/>\n<meta property=\"og:locale\" content=\"pl_PL\" \/>\n<meta property=\"og:type\" content=\"article\" \/>\n<meta property=\"og:title\" content=\"Yoast SEO Bezp\u0142atna wtyczka\" \/>\n<meta property=\"og:description\" content=\"Zwi\u0119ksz pozycj\u0119 w wynikach wyszukiwania dzi\u0119ki wszystkiemu, czego potrzebujesz Jedno klikni\u0119cie, idealne SEO na zawsze Zaufa\u0142o nam ponad 10 milion\u00f3w os\u00f3b, narz\u0119dzie SEO nr 1 na \u015bwiecie!\" \/>\n<meta property=\"og:url\" content=\"https:\/\/themeholt.com\/pl\/product\/yoast-seo-bezplatna-wtyczka\/\" \/>\n<meta property=\"og:site_name\" content=\"ThemeHolt\" \/>\n<meta property=\"article:publisher\" content=\"https:\/\/www.facebook.com\/themeholtT\" \/>\n<meta property=\"article:modified_time\" content=\"2024-11-04T03:42:18+00:00\" \/>\n<meta property=\"og:image\" content=\"https:\/\/themeholt.com\/wp-content\/uploads\/2024\/02\/yoast-video-seo.jpg\" \/>\n\t<meta property=\"og:image:width\" content=\"2000\" \/>\n\t<meta property=\"og:image:height\" content=\"1334\" \/>\n\t<meta property=\"og:image:type\" content=\"image\/jpeg\" \/>\n<meta name=\"twitter:card\" content=\"summary_large_image\" \/>\n<meta name=\"twitter:site\" content=\"@ThemeholtT\" \/>\n<meta name=\"twitter:label1\" content=\"Szacowany czas czytania\" \/>\n\t<meta name=\"twitter:data1\" content=\"1 minuta\" \/>\n<script type=\"application\/ld+json\" class=\"yoast-schema-graph\">{\"@context\":\"https:\/\/schema.org\",\"@graph\":[{\"@type\":\"WebPage\",\"@id\":\"https:\/\/themeholt.com\/pl\/product\/yoast-seo-bezplatna-wtyczka\/\",\"url\":\"https:\/\/themeholt.com\/pl\/product\/yoast-seo-bezplatna-wtyczka\/\",\"name\":\"Yoast SEO Bezp\u0142atna wtyczka - ThemeHolt\",\"isPartOf\":{\"@id\":\"https:\/\/themeholt.com\/#website\"},\"primaryImageOfPage\":{\"@id\":\"https:\/\/themeholt.com\/pl\/product\/yoast-seo-bezplatna-wtyczka\/#primaryimage\"},\"image\":{\"@id\":\"https:\/\/themeholt.com\/pl\/product\/yoast-seo-bezplatna-wtyczka\/#primaryimage\"},\"thumbnailUrl\":\"https:\/\/themeholt.com\/wp-content\/uploads\/2024\/02\/yoast-video-seo.jpg\",\"datePublished\":\"2024-02-09T10:18:20+00:00\",\"dateModified\":\"2024-11-04T03:42:18+00:00\",\"breadcrumb\":{\"@id\":\"https:\/\/themeholt.com\/pl\/product\/yoast-seo-bezplatna-wtyczka\/#breadcrumb\"},\"inLanguage\":\"pl-PL\",\"potentialAction\":[{\"@type\":\"ReadAction\",\"target\":[\"https:\/\/themeholt.com\/pl\/product\/yoast-seo-bezplatna-wtyczka\/\"]}]},{\"@type\":\"ImageObject\",\"inLanguage\":\"pl-PL\",\"@id\":\"https:\/\/themeholt.com\/pl\/product\/yoast-seo-bezplatna-wtyczka\/#primaryimage\",\"url\":\"https:\/\/themeholt.com\/wp-content\/uploads\/2024\/02\/yoast-video-seo.jpg\",\"contentUrl\":\"https:\/\/themeholt.com\/wp-content\/uploads\/2024\/02\/yoast-video-seo.jpg\",\"width\":2000,\"height\":1334},{\"@type\":\"BreadcrumbList\",\"@id\":\"https:\/\/themeholt.com\/pl\/product\/yoast-seo-bezplatna-wtyczka\/#breadcrumb\",\"itemListElement\":[{\"@type\":\"ListItem\",\"position\":1,\"name\":\"Home\",\"item\":\"https:\/\/themeholt.com\/pl\/\"},{\"@type\":\"ListItem\",\"position\":2,\"name\":\"Shop\",\"item\":\"https:\/\/themeholt.com\/shop\/\"},{\"@type\":\"ListItem\",\"position\":3,\"name\":\"Yoast SEO Bezp\u0142atna wtyczka\"}]},{\"@type\":\"WebSite\",\"@id\":\"https:\/\/themeholt.com\/#website\",\"url\":\"https:\/\/themeholt.com\/\",\"name\":\"ThemeHolt\",\"description\":\"Themeholt is a website that offers high-quality WordPress themes\",\"publisher\":{\"@id\":\"https:\/\/themeholt.com\/#organization\"},\"potentialAction\":[{\"@type\":\"SearchAction\",\"target\":{\"@type\":\"EntryPoint\",\"urlTemplate\":\"https:\/\/themeholt.com\/?s={search_term_string}\"},\"query-input\":{\"@type\":\"PropertyValueSpecification\",\"valueRequired\":true,\"valueName\":\"search_term_string\"}}],\"inLanguage\":\"pl-PL\"},{\"@type\":\"Organization\",\"@id\":\"https:\/\/themeholt.com\/#organization\",\"name\":\"ThemeHolt\",\"alternateName\":\"ThemeHolt\",\"url\":\"https:\/\/themeholt.com\/\",\"logo\":{\"@type\":\"ImageObject\",\"inLanguage\":\"pl-PL\",\"@id\":\"https:\/\/themeholt.com\/#\/schema\/logo\/image\/\",\"url\":\"https:\/\/themeholt.com\/wp-content\/uploads\/2024\/10\/themeholt.png\",\"contentUrl\":\"https:\/\/themeholt.com\/wp-content\/uploads\/2024\/10\/themeholt.png\",\"width\":225,\"height\":225,\"caption\":\"ThemeHolt\"},\"image\":{\"@id\":\"https:\/\/themeholt.com\/#\/schema\/logo\/image\/\"},\"sameAs\":[\"https:\/\/www.facebook.com\/themeholtT\",\"https:\/\/x.com\/ThemeholtT\",\"https:\/\/www.linkedin.com\/company\/themeholt\",\"https:\/\/www.instagram.com\/themeholtt\/\"],\"description\":\"Themeholt is a website that offers high-quality WordPress themes that are easy to use and ready for just about everything. In Eindhoven, Netherlands, since 2020 offering simple, accessible WordPress themes by providing a variety of requirements. Themeholt focuses on practicality and efficiency, allowing faster project completion with its superior marketplace and easy-to-use templates.\",\"legalName\":\"ThemeHolt\",\"foundingDate\":\"2022-11-10\",\"numberOfEmployees\":{\"@type\":\"QuantitativeValue\",\"minValue\":\"51\",\"maxValue\":\"200\"}}]}<\/script>\n<!-- \/ Yoast SEO Premium plugin. -->","yoast_head_json":{"title":"Yoast SEO Bezp\u0142atna wtyczka - ThemeHolt","robots":{"index":"index","follow":"follow","max-snippet":"max-snippet:-1","max-image-preview":"max-image-preview:large","max-video-preview":"max-video-preview:-1"},"canonical":"https:\/\/themeholt.com\/pl\/product\/yoast-seo-bezplatna-wtyczka\/","og_locale":"pl_PL","og_type":"article","og_title":"Yoast SEO Bezp\u0142atna wtyczka","og_description":"Zwi\u0119ksz pozycj\u0119 w wynikach wyszukiwania dzi\u0119ki wszystkiemu, czego potrzebujesz Jedno klikni\u0119cie, idealne SEO na zawsze Zaufa\u0142o nam ponad 10 milion\u00f3w os\u00f3b, narz\u0119dzie SEO nr 1 na \u015bwiecie!","og_url":"https:\/\/themeholt.com\/pl\/product\/yoast-seo-bezplatna-wtyczka\/","og_site_name":"ThemeHolt","article_publisher":"https:\/\/www.facebook.com\/themeholtT","article_modified_time":"2024-11-04T03:42:18+00:00","og_image":[{"width":2000,"height":1334,"url":"https:\/\/themeholt.com\/wp-content\/uploads\/2024\/02\/yoast-video-seo.jpg","type":"image\/jpeg"}],"twitter_card":"summary_large_image","twitter_site":"@ThemeholtT","twitter_misc":{"Szacowany czas czytania":"1 minuta"},"schema":{"@context":"https:\/\/schema.org","@graph":[{"@type":"WebPage","@id":"https:\/\/themeholt.com\/pl\/product\/yoast-seo-bezplatna-wtyczka\/","url":"https:\/\/themeholt.com\/pl\/product\/yoast-seo-bezplatna-wtyczka\/","name":"Yoast SEO Bezp\u0142atna wtyczka - ThemeHolt","isPartOf":{"@id":"https:\/\/themeholt.com\/#website"},"primaryImageOfPage":{"@id":"https:\/\/themeholt.com\/pl\/product\/yoast-seo-bezplatna-wtyczka\/#primaryimage"},"image":{"@id":"https:\/\/themeholt.com\/pl\/product\/yoast-seo-bezplatna-wtyczka\/#primaryimage"},"thumbnailUrl":"https:\/\/themeholt.com\/wp-content\/uploads\/2024\/02\/yoast-video-seo.jpg","datePublished":"2024-02-09T10:18:20+00:00","dateModified":"2024-11-04T03:42:18+00:00","breadcrumb":{"@id":"https:\/\/themeholt.com\/pl\/product\/yoast-seo-bezplatna-wtyczka\/#breadcrumb"},"inLanguage":"pl-PL","potentialAction":[{"@type":"ReadAction","target":["https:\/\/themeholt.com\/pl\/product\/yoast-seo-bezplatna-wtyczka\/"]}]},{"@type":"ImageObject","inLanguage":"pl-PL","@id":"https:\/\/themeholt.com\/pl\/product\/yoast-seo-bezplatna-wtyczka\/#primaryimage","url":"https:\/\/themeholt.com\/wp-content\/uploads\/2024\/02\/yoast-video-seo.jpg","contentUrl":"https:\/\/themeholt.com\/wp-content\/uploads\/2024\/02\/yoast-video-seo.jpg","width":2000,"height":1334},{"@type":"BreadcrumbList","@id":"https:\/\/themeholt.com\/pl\/product\/yoast-seo-bezplatna-wtyczka\/#breadcrumb","itemListElement":[{"@type":"ListItem","position":1,"name":"Home","item":"https:\/\/themeholt.com\/pl\/"},{"@type":"ListItem","position":2,"name":"Shop","item":"https:\/\/themeholt.com\/shop\/"},{"@type":"ListItem","position":3,"name":"Yoast SEO Bezp\u0142atna wtyczka"}]},{"@type":"WebSite","@id":"https:\/\/themeholt.com\/#website","url":"https:\/\/themeholt.com\/","name":"ThemeHolt","description":"Themeholt is a website that offers high-quality WordPress themes","publisher":{"@id":"https:\/\/themeholt.com\/#organization"},"potentialAction":[{"@type":"SearchAction","target":{"@type":"EntryPoint","urlTemplate":"https:\/\/themeholt.com\/?s={search_term_string}"},"query-input":{"@type":"PropertyValueSpecification","valueRequired":true,"valueName":"search_term_string"}}],"inLanguage":"pl-PL"},{"@type":"Organization","@id":"https:\/\/themeholt.com\/#organization","name":"ThemeHolt","alternateName":"ThemeHolt","url":"https:\/\/themeholt.com\/","logo":{"@type":"ImageObject","inLanguage":"pl-PL","@id":"https:\/\/themeholt.com\/#\/schema\/logo\/image\/","url":"https:\/\/themeholt.com\/wp-content\/uploads\/2024\/10\/themeholt.png","contentUrl":"https:\/\/themeholt.com\/wp-content\/uploads\/2024\/10\/themeholt.png","width":225,"height":225,"caption":"ThemeHolt"},"image":{"@id":"https:\/\/themeholt.com\/#\/schema\/logo\/image\/"},"sameAs":["https:\/\/www.facebook.com\/themeholtT","https:\/\/x.com\/ThemeholtT","https:\/\/www.linkedin.com\/company\/themeholt","https:\/\/www.instagram.com\/themeholtt\/"],"description":"Themeholt is a website that offers high-quality WordPress themes that are easy to use and ready for just about everything. In Eindhoven, Netherlands, since 2020 offering simple, accessible WordPress themes by providing a variety of requirements. Themeholt focuses on practicality and efficiency, allowing faster project completion with its superior marketplace and easy-to-use templates.","legalName":"ThemeHolt","foundingDate":"2022-11-10","numberOfEmployees":{"@type":"QuantitativeValue","minValue":"51","maxValue":"200"}}]}},"_links":{"self":[{"href":"https:\/\/themeholt.com\/pl\/wp-json\/wp\/v2\/product\/16436","targetHints":{"allow":["GET"]}}],"collection":[{"href":"https:\/\/themeholt.com\/pl\/wp-json\/wp\/v2\/product"}],"about":[{"href":"https:\/\/themeholt.com\/pl\/wp-json\/wp\/v2\/types\/product"}],"wp:featuredmedia":[{"embeddable":true,"href":"https:\/\/themeholt.com\/pl\/wp-json\/wp\/v2\/media\/16438"}],"wp:attachment":[{"href":"https:\/\/themeholt.com\/pl\/wp-json\/wp\/v2\/media?parent=16436"}],"wp:term":[{"taxonomy":"product_brand","embeddable":true,"href":"https:\/\/themeholt.com\/pl\/wp-json\/wp\/v2\/product_brand?post=16436"},{"taxonomy":"product_cat","embeddable":true,"href":"https:\/\/themeholt.com\/pl\/wp-json\/wp\/v2\/product_cat?post=16436"},{"taxonomy":"product_tag","embeddable":true,"href":"https:\/\/themeholt.com\/pl\/wp-json\/wp\/v2\/product_tag?post=16436"}],"curies":[{"name":"wp","href":"https:\/\/api.w.org\/{rel}","templated":true}]}}