{"id":16499,"date":"2024-02-29T04:58:52","date_gmt":"2024-02-29T04:58:52","guid":{"rendered":"https:\/\/themeholt.com\/product\/elementor-pro-essential-plan\/"},"modified":"2024-11-04T04:02:00","modified_gmt":"2024-11-04T04:02:00","slug":"elementor-pro-plan-podstawowy","status":"publish","type":"product","link":"https:\/\/themeholt.com\/pl\/product\/elementor-pro-plan-podstawowy\/","title":{"rendered":"Elementor pro Plan podstawowy"},"content":{"rendered":"<p><span style=\"font-weight: 400\">Essential Plan Elementor to tak, jakby mie\u0107 niezwyk\u0142e umiej\u0119tno\u015bci dla swojej witryny. Pomaga Ci \u0142atwo projektowa\u0107 i dostosowywa\u0107 uk\u0142ad witryny bez konieczno\u015bci posiadania jakichkolwiek umiej\u0119tno\u015bci technicznych. Dzi\u0119ki zaawansowanym funkcjom mo\u017cesz sprawi\u0107, \u017ce Twoja witryna b\u0119dzie wygl\u0105da\u0107 super profesjonalnie i ca\u0142kowicie unikalnie. Po\u017cegnaj si\u0119 z nudnymi szablonami, poniewa\u017c to narz\u0119dzie pomaga Twojej witrynie wyr\u00f3\u017cni\u0107 si\u0119 na tle innych. Niezale\u017cnie od tego, czy jeste\u015b pocz\u0105tkuj\u0105cym, czy profesjonalist\u0105, Essential Plan Elementor sprawia, \u017ce \u200b\u200btworzenie witryny jest proste. Wi\u0119c je\u015bli chcesz, aby Twoja witryna b\u0142yszcza\u0142a i przyci\u0105ga\u0142a wi\u0119cej odwiedzaj\u0105cych, to jest to narz\u0119dzie, kt\u00f3rego potrzebujesz.<\/span><\/p>\n","protected":false},"excerpt":{"rendered":"<ul>\n<li>Dost\u0119p do 1 witryny premium<\/li>\n<li>Ekskluzywna obs\u0142uga klienta<\/li>\n<li>50 profesjonalnych wid\u017cet\u00f3w<\/li>\n<li>Kreator motyw\u00f3w do dostosowania<\/li>\n<li>Integracja interaktywnej zawarto\u015bci<\/li>\n<li>Zaawansowany projektant formularzy<\/li>\n<\/ul>\n","protected":false},"featured_media":16465,"template":"","meta":{"_acf_changed":false,"inline_featured_image":false},"product_brand":[],"product_cat":[1401,1538,1771,328],"product_tag":[],"class_list":{"0":"post-16499","1":"product","2":"type-product","3":"status-publish","4":"has-post-thumbnail","6":"product_cat-new-arrivals-pl","7":"product_cat-elementor-pro-ro","8":"product_cat-elementor-pro-es","9":"product_cat-elementor-pro","11":"first","12":"instock","13":"sale","14":"downloadable","15":"virtual","16":"taxable","17":"purchasable","18":"product-type-simple"},"acf":[],"yoast_head":"<!-- This site is optimized with the Yoast SEO Premium plugin v22.1 (Yoast SEO v26.0) - https:\/\/yoast.com\/wordpress\/plugins\/seo\/ -->\n<title>Elementor Pro Essential Page Builder | Themeholt<\/title>\n<meta name=\"description\" content=\"Pobierz Elementor Pro Essential Plan do tworzenia stron internetowych. Ciesz si\u0119 zaawansowanymi funkcjami, \u0142atw\u0105 personalizacj\u0105 i profesjonalnymi projektami dla swojej witryny WordPress.\" \/>\n<meta name=\"robots\" content=\"index, follow, max-snippet:-1, max-image-preview:large, max-video-preview:-1\" \/>\n<link rel=\"canonical\" href=\"https:\/\/themeholt.com\/pl\/product\/elementor-pro-plan-podstawowy\/\" \/>\n<meta property=\"og:locale\" content=\"pl_PL\" \/>\n<meta property=\"og:type\" content=\"article\" \/>\n<meta property=\"og:title\" content=\"Elementor pro Plan podstawowy\" \/>\n<meta property=\"og:description\" content=\"Pobierz Elementor Pro Essential Plan do tworzenia stron internetowych. Ciesz si\u0119 zaawansowanymi funkcjami, \u0142atw\u0105 personalizacj\u0105 i profesjonalnymi projektami dla swojej witryny WordPress.\" \/>\n<meta property=\"og:url\" content=\"https:\/\/themeholt.com\/pl\/product\/elementor-pro-plan-podstawowy\/\" \/>\n<meta property=\"og:site_name\" content=\"ThemeHolt\" \/>\n<meta property=\"article:publisher\" content=\"https:\/\/www.facebook.com\/themeholtT\" \/>\n<meta property=\"article:modified_time\" content=\"2024-11-04T04:02:00+00:00\" \/>\n<meta property=\"og:image\" content=\"https:\/\/themeholt.com\/wp-content\/uploads\/2024\/02\/elementor-pro-768x432-1.jpg\" \/>\n\t<meta property=\"og:image:width\" content=\"768\" \/>\n\t<meta property=\"og:image:height\" content=\"432\" \/>\n\t<meta property=\"og:image:type\" content=\"image\/jpeg\" \/>\n<meta name=\"twitter:card\" content=\"summary_large_image\" \/>\n<meta name=\"twitter:site\" content=\"@ThemeholtT\" \/>\n<meta name=\"twitter:label1\" content=\"Szacowany czas czytania\" \/>\n\t<meta name=\"twitter:data1\" content=\"1 minuta\" \/>\n<script type=\"application\/ld+json\" class=\"yoast-schema-graph\">{\"@context\":\"https:\/\/schema.org\",\"@graph\":[{\"@type\":\"WebPage\",\"@id\":\"https:\/\/themeholt.com\/pl\/product\/elementor-pro-plan-podstawowy\/\",\"url\":\"https:\/\/themeholt.com\/pl\/product\/elementor-pro-plan-podstawowy\/\",\"name\":\"Elementor Pro Essential Page Builder | Themeholt\",\"isPartOf\":{\"@id\":\"https:\/\/themeholt.com\/#website\"},\"primaryImageOfPage\":{\"@id\":\"https:\/\/themeholt.com\/pl\/product\/elementor-pro-plan-podstawowy\/#primaryimage\"},\"image\":{\"@id\":\"https:\/\/themeholt.com\/pl\/product\/elementor-pro-plan-podstawowy\/#primaryimage\"},\"thumbnailUrl\":\"https:\/\/themeholt.com\/wp-content\/uploads\/2024\/02\/elementor-pro-768x432-1.jpg\",\"datePublished\":\"2024-02-29T04:58:52+00:00\",\"dateModified\":\"2024-11-04T04:02:00+00:00\",\"description\":\"Pobierz Elementor Pro Essential Plan do tworzenia stron internetowych. Ciesz si\u0119 zaawansowanymi funkcjami, \u0142atw\u0105 personalizacj\u0105 i profesjonalnymi projektami dla swojej witryny WordPress.\",\"breadcrumb\":{\"@id\":\"https:\/\/themeholt.com\/pl\/product\/elementor-pro-plan-podstawowy\/#breadcrumb\"},\"inLanguage\":\"pl-PL\",\"potentialAction\":[{\"@type\":\"ReadAction\",\"target\":[\"https:\/\/themeholt.com\/pl\/product\/elementor-pro-plan-podstawowy\/\"]}]},{\"@type\":\"ImageObject\",\"inLanguage\":\"pl-PL\",\"@id\":\"https:\/\/themeholt.com\/pl\/product\/elementor-pro-plan-podstawowy\/#primaryimage\",\"url\":\"https:\/\/themeholt.com\/wp-content\/uploads\/2024\/02\/elementor-pro-768x432-1.jpg\",\"contentUrl\":\"https:\/\/themeholt.com\/wp-content\/uploads\/2024\/02\/elementor-pro-768x432-1.jpg\",\"width\":768,\"height\":432},{\"@type\":\"BreadcrumbList\",\"@id\":\"https:\/\/themeholt.com\/pl\/product\/elementor-pro-plan-podstawowy\/#breadcrumb\",\"itemListElement\":[{\"@type\":\"ListItem\",\"position\":1,\"name\":\"Home\",\"item\":\"https:\/\/themeholt.com\/pl\/\"},{\"@type\":\"ListItem\",\"position\":2,\"name\":\"Shop\",\"item\":\"https:\/\/themeholt.com\/shop\/\"},{\"@type\":\"ListItem\",\"position\":3,\"name\":\"Elementor pro Plan podstawowy\"}]},{\"@type\":\"WebSite\",\"@id\":\"https:\/\/themeholt.com\/#website\",\"url\":\"https:\/\/themeholt.com\/\",\"name\":\"ThemeHolt\",\"description\":\"Themeholt is a website that offers high-quality WordPress themes\",\"publisher\":{\"@id\":\"https:\/\/themeholt.com\/#organization\"},\"potentialAction\":[{\"@type\":\"SearchAction\",\"target\":{\"@type\":\"EntryPoint\",\"urlTemplate\":\"https:\/\/themeholt.com\/?s={search_term_string}\"},\"query-input\":{\"@type\":\"PropertyValueSpecification\",\"valueRequired\":true,\"valueName\":\"search_term_string\"}}],\"inLanguage\":\"pl-PL\"},{\"@type\":\"Organization\",\"@id\":\"https:\/\/themeholt.com\/#organization\",\"name\":\"ThemeHolt\",\"alternateName\":\"ThemeHolt\",\"url\":\"https:\/\/themeholt.com\/\",\"logo\":{\"@type\":\"ImageObject\",\"inLanguage\":\"pl-PL\",\"@id\":\"https:\/\/themeholt.com\/#\/schema\/logo\/image\/\",\"url\":\"https:\/\/themeholt.com\/wp-content\/uploads\/2024\/10\/themeholt.png\",\"contentUrl\":\"https:\/\/themeholt.com\/wp-content\/uploads\/2024\/10\/themeholt.png\",\"width\":225,\"height\":225,\"caption\":\"ThemeHolt\"},\"image\":{\"@id\":\"https:\/\/themeholt.com\/#\/schema\/logo\/image\/\"},\"sameAs\":[\"https:\/\/www.facebook.com\/themeholtT\",\"https:\/\/x.com\/ThemeholtT\",\"https:\/\/www.linkedin.com\/company\/themeholt\",\"https:\/\/www.instagram.com\/themeholtt\/\"],\"description\":\"Themeholt is a website that offers high-quality WordPress themes that are easy to use and ready for just about everything. In Eindhoven, Netherlands, since 2020 offering simple, accessible WordPress themes by providing a variety of requirements. Themeholt focuses on practicality and efficiency, allowing faster project completion with its superior marketplace and easy-to-use templates.\",\"legalName\":\"ThemeHolt\",\"foundingDate\":\"2022-11-10\",\"numberOfEmployees\":{\"@type\":\"QuantitativeValue\",\"minValue\":\"51\",\"maxValue\":\"200\"}}]}<\/script>\n<!-- \/ Yoast SEO Premium plugin. -->","yoast_head_json":{"title":"Elementor Pro Essential Page Builder | Themeholt","description":"Pobierz Elementor Pro Essential Plan do tworzenia stron internetowych. Ciesz si\u0119 zaawansowanymi funkcjami, \u0142atw\u0105 personalizacj\u0105 i profesjonalnymi projektami dla swojej witryny WordPress.","robots":{"index":"index","follow":"follow","max-snippet":"max-snippet:-1","max-image-preview":"max-image-preview:large","max-video-preview":"max-video-preview:-1"},"canonical":"https:\/\/themeholt.com\/pl\/product\/elementor-pro-plan-podstawowy\/","og_locale":"pl_PL","og_type":"article","og_title":"Elementor pro Plan podstawowy","og_description":"Pobierz Elementor Pro Essential Plan do tworzenia stron internetowych. Ciesz si\u0119 zaawansowanymi funkcjami, \u0142atw\u0105 personalizacj\u0105 i profesjonalnymi projektami dla swojej witryny WordPress.","og_url":"https:\/\/themeholt.com\/pl\/product\/elementor-pro-plan-podstawowy\/","og_site_name":"ThemeHolt","article_publisher":"https:\/\/www.facebook.com\/themeholtT","article_modified_time":"2024-11-04T04:02:00+00:00","og_image":[{"width":768,"height":432,"url":"https:\/\/themeholt.com\/wp-content\/uploads\/2024\/02\/elementor-pro-768x432-1.jpg","type":"image\/jpeg"}],"twitter_card":"summary_large_image","twitter_site":"@ThemeholtT","twitter_misc":{"Szacowany czas czytania":"1 minuta"},"schema":{"@context":"https:\/\/schema.org","@graph":[{"@type":"WebPage","@id":"https:\/\/themeholt.com\/pl\/product\/elementor-pro-plan-podstawowy\/","url":"https:\/\/themeholt.com\/pl\/product\/elementor-pro-plan-podstawowy\/","name":"Elementor Pro Essential Page Builder | Themeholt","isPartOf":{"@id":"https:\/\/themeholt.com\/#website"},"primaryImageOfPage":{"@id":"https:\/\/themeholt.com\/pl\/product\/elementor-pro-plan-podstawowy\/#primaryimage"},"image":{"@id":"https:\/\/themeholt.com\/pl\/product\/elementor-pro-plan-podstawowy\/#primaryimage"},"thumbnailUrl":"https:\/\/themeholt.com\/wp-content\/uploads\/2024\/02\/elementor-pro-768x432-1.jpg","datePublished":"2024-02-29T04:58:52+00:00","dateModified":"2024-11-04T04:02:00+00:00","description":"Pobierz Elementor Pro Essential Plan do tworzenia stron internetowych. Ciesz si\u0119 zaawansowanymi funkcjami, \u0142atw\u0105 personalizacj\u0105 i profesjonalnymi projektami dla swojej witryny WordPress.","breadcrumb":{"@id":"https:\/\/themeholt.com\/pl\/product\/elementor-pro-plan-podstawowy\/#breadcrumb"},"inLanguage":"pl-PL","potentialAction":[{"@type":"ReadAction","target":["https:\/\/themeholt.com\/pl\/product\/elementor-pro-plan-podstawowy\/"]}]},{"@type":"ImageObject","inLanguage":"pl-PL","@id":"https:\/\/themeholt.com\/pl\/product\/elementor-pro-plan-podstawowy\/#primaryimage","url":"https:\/\/themeholt.com\/wp-content\/uploads\/2024\/02\/elementor-pro-768x432-1.jpg","contentUrl":"https:\/\/themeholt.com\/wp-content\/uploads\/2024\/02\/elementor-pro-768x432-1.jpg","width":768,"height":432},{"@type":"BreadcrumbList","@id":"https:\/\/themeholt.com\/pl\/product\/elementor-pro-plan-podstawowy\/#breadcrumb","itemListElement":[{"@type":"ListItem","position":1,"name":"Home","item":"https:\/\/themeholt.com\/pl\/"},{"@type":"ListItem","position":2,"name":"Shop","item":"https:\/\/themeholt.com\/shop\/"},{"@type":"ListItem","position":3,"name":"Elementor pro Plan podstawowy"}]},{"@type":"WebSite","@id":"https:\/\/themeholt.com\/#website","url":"https:\/\/themeholt.com\/","name":"ThemeHolt","description":"Themeholt is a website that offers high-quality WordPress themes","publisher":{"@id":"https:\/\/themeholt.com\/#organization"},"potentialAction":[{"@type":"SearchAction","target":{"@type":"EntryPoint","urlTemplate":"https:\/\/themeholt.com\/?s={search_term_string}"},"query-input":{"@type":"PropertyValueSpecification","valueRequired":true,"valueName":"search_term_string"}}],"inLanguage":"pl-PL"},{"@type":"Organization","@id":"https:\/\/themeholt.com\/#organization","name":"ThemeHolt","alternateName":"ThemeHolt","url":"https:\/\/themeholt.com\/","logo":{"@type":"ImageObject","inLanguage":"pl-PL","@id":"https:\/\/themeholt.com\/#\/schema\/logo\/image\/","url":"https:\/\/themeholt.com\/wp-content\/uploads\/2024\/10\/themeholt.png","contentUrl":"https:\/\/themeholt.com\/wp-content\/uploads\/2024\/10\/themeholt.png","width":225,"height":225,"caption":"ThemeHolt"},"image":{"@id":"https:\/\/themeholt.com\/#\/schema\/logo\/image\/"},"sameAs":["https:\/\/www.facebook.com\/themeholtT","https:\/\/x.com\/ThemeholtT","https:\/\/www.linkedin.com\/company\/themeholt","https:\/\/www.instagram.com\/themeholtt\/"],"description":"Themeholt is a website that offers high-quality WordPress themes that are easy to use and ready for just about everything. In Eindhoven, Netherlands, since 2020 offering simple, accessible WordPress themes by providing a variety of requirements. Themeholt focuses on practicality and efficiency, allowing faster project completion with its superior marketplace and easy-to-use templates.","legalName":"ThemeHolt","foundingDate":"2022-11-10","numberOfEmployees":{"@type":"QuantitativeValue","minValue":"51","maxValue":"200"}}]}},"_links":{"self":[{"href":"https:\/\/themeholt.com\/pl\/wp-json\/wp\/v2\/product\/16499","targetHints":{"allow":["GET"]}}],"collection":[{"href":"https:\/\/themeholt.com\/pl\/wp-json\/wp\/v2\/product"}],"about":[{"href":"https:\/\/themeholt.com\/pl\/wp-json\/wp\/v2\/types\/product"}],"wp:featuredmedia":[{"embeddable":true,"href":"https:\/\/themeholt.com\/pl\/wp-json\/wp\/v2\/media\/16465"}],"wp:attachment":[{"href":"https:\/\/themeholt.com\/pl\/wp-json\/wp\/v2\/media?parent=16499"}],"wp:term":[{"taxonomy":"product_brand","embeddable":true,"href":"https:\/\/themeholt.com\/pl\/wp-json\/wp\/v2\/product_brand?post=16499"},{"taxonomy":"product_cat","embeddable":true,"href":"https:\/\/themeholt.com\/pl\/wp-json\/wp\/v2\/product_cat?post=16499"},{"taxonomy":"product_tag","embeddable":true,"href":"https:\/\/themeholt.com\/pl\/wp-json\/wp\/v2\/product_tag?post=16499"}],"curies":[{"name":"wp","href":"https:\/\/api.w.org\/{rel}","templated":true}]}}