{"id":16510,"date":"2024-02-09T10:31:05","date_gmt":"2024-02-09T10:31:05","guid":{"rendered":"https:\/\/themeholt.com\/product\/yoast-seo-premium-addons\/"},"modified":"2024-11-04T04:11:50","modified_gmt":"2024-11-04T04:11:50","slug":"dodatki-yoast-seo-premium","status":"publish","type":"product","link":"https:\/\/themeholt.com\/pl\/product\/dodatki-yoast-seo-premium\/","title":{"rendered":"Dodatki Yoast Seo Premium"},"content":{"rendered":"<p><span style=\"font-weight: 400\">Zapisz si\u0119 na nasz\u0105 subskrypcj\u0119 wtyczek, aby uzyska\u0107 dost\u0119p do 5 dodatk\u00f3w SEO i zwi\u0119kszy\u0107 wydajno\u015b\u0107 swojej witryny bez wysi\u0142ku. Zyskaj ca\u0142y rok prostych aktualizacji i ca\u0142odobowego wsparcia, zapewniaj\u0105c, \u017ce Twoje wtyczki pozostan\u0105 zaawansowane. Ten kompleksowy pakiet oferuje nie tylko wygod\u0119, ale tak\u017ce du\u017ce oszcz\u0119dno\u015bci. Bez zb\u0119dnych dodatk\u00f3w, tylko praktyczne rozwi\u0105zania do poprawy Twojej obecno\u015bci online. B\u0105d\u017a na czele w cyfrowym krajobrazie dzi\u0119ki tej subskrypcji zaprojektowanej z my\u015bl\u0105 o prostocie i skuteczno\u015bci. Odblokuj moc pi\u0119ciu niezb\u0119dnych dodatk\u00f3w SEO, wspieranych przez ci\u0105g\u0142e ulepszenia i niezawodn\u0105 pomoc. Podnie\u015b poziom swojego do\u015bwiadczenia w sieci dzi\u0119ki prostej subskrypcji, kt\u00f3ra stawia na pierwszym miejscu sukces Twojej witryny.<\/span><\/p>\n","protected":false},"excerpt":{"rendered":"<ul>\n<li><span style=\"font-weight: 400\">Uzyskaj dost\u0119p do 5 dodatk\u00f3w: np. local-seo, news-seo,video-seo,woocommerce-seo i wtyczki SEO<\/span><\/li>\n<li><span style=\"font-weight: 400\">1 rok kompleksowych aktualizacji i wsparcia\u00a0<\/span><\/li>\n<li><span style=\"font-weight: 400\">Uzyskaj wszystko, czego potrzebujesz, w ni\u017cszej cenie!<\/span><\/li>\n<\/ul>\n","protected":false},"featured_media":16446,"template":"","meta":{"_acf_changed":false,"inline_featured_image":false},"product_brand":[],"product_cat":[1401,1536,321],"product_tag":[],"class_list":{"0":"post-16510","1":"product","2":"type-product","3":"status-publish","4":"has-post-thumbnail","6":"product_cat-new-arrivals-pl","7":"product_cat-plugins-ro","8":"product_cat-plugins","10":"first","11":"instock","12":"sale","13":"downloadable","14":"virtual","15":"taxable","16":"purchasable","17":"product-type-simple"},"acf":[],"yoast_head":"<!-- This site is optimized with the Yoast SEO Premium plugin v22.1 (Yoast SEO v26.0) - https:\/\/yoast.com\/wordpress\/plugins\/seo\/ -->\n<title>Dodatki Yoast Seo Premium - ThemeHolt<\/title>\n<meta name=\"robots\" content=\"index, follow, max-snippet:-1, max-image-preview:large, max-video-preview:-1\" \/>\n<link rel=\"canonical\" href=\"https:\/\/themeholt.com\/pl\/product\/dodatki-yoast-seo-premium\/\" \/>\n<meta property=\"og:locale\" content=\"pl_PL\" \/>\n<meta property=\"og:type\" content=\"article\" \/>\n<meta property=\"og:title\" content=\"Dodatki Yoast Seo Premium\" \/>\n<meta property=\"og:description\" content=\"Uzyskaj dost\u0119p do 5 dodatk\u00f3w: np. local-seo, news-seo,video-seo,woocommerce-seo i wtyczki SEO 1 rok kompleksowych aktualizacji i wsparcia\u00a0 Uzyskaj wszystko, czego potrzebujesz, w ni\u017cszej cenie!\" \/>\n<meta property=\"og:url\" content=\"https:\/\/themeholt.com\/pl\/product\/dodatki-yoast-seo-premium\/\" \/>\n<meta property=\"og:site_name\" content=\"ThemeHolt\" \/>\n<meta property=\"article:publisher\" content=\"https:\/\/www.facebook.com\/themeholtT\" \/>\n<meta property=\"article:modified_time\" content=\"2024-11-04T04:11:50+00:00\" \/>\n<meta property=\"og:image\" content=\"https:\/\/themeholt.com\/wp-content\/uploads\/2024\/02\/yoast-ecommerce-seo.jpg\" \/>\n\t<meta property=\"og:image:width\" content=\"2000\" \/>\n\t<meta property=\"og:image:height\" content=\"1333\" \/>\n\t<meta property=\"og:image:type\" content=\"image\/jpeg\" \/>\n<meta name=\"twitter:card\" content=\"summary_large_image\" \/>\n<meta name=\"twitter:site\" content=\"@ThemeholtT\" \/>\n<meta name=\"twitter:label1\" content=\"Szacowany czas czytania\" \/>\n\t<meta name=\"twitter:data1\" content=\"1 minuta\" \/>\n<script type=\"application\/ld+json\" class=\"yoast-schema-graph\">{\"@context\":\"https:\/\/schema.org\",\"@graph\":[{\"@type\":\"WebPage\",\"@id\":\"https:\/\/themeholt.com\/pl\/product\/dodatki-yoast-seo-premium\/\",\"url\":\"https:\/\/themeholt.com\/pl\/product\/dodatki-yoast-seo-premium\/\",\"name\":\"Dodatki Yoast Seo Premium - ThemeHolt\",\"isPartOf\":{\"@id\":\"https:\/\/themeholt.com\/#website\"},\"primaryImageOfPage\":{\"@id\":\"https:\/\/themeholt.com\/pl\/product\/dodatki-yoast-seo-premium\/#primaryimage\"},\"image\":{\"@id\":\"https:\/\/themeholt.com\/pl\/product\/dodatki-yoast-seo-premium\/#primaryimage\"},\"thumbnailUrl\":\"https:\/\/themeholt.com\/wp-content\/uploads\/2024\/02\/yoast-ecommerce-seo.jpg\",\"datePublished\":\"2024-02-09T10:31:05+00:00\",\"dateModified\":\"2024-11-04T04:11:50+00:00\",\"breadcrumb\":{\"@id\":\"https:\/\/themeholt.com\/pl\/product\/dodatki-yoast-seo-premium\/#breadcrumb\"},\"inLanguage\":\"pl-PL\",\"potentialAction\":[{\"@type\":\"ReadAction\",\"target\":[\"https:\/\/themeholt.com\/pl\/product\/dodatki-yoast-seo-premium\/\"]}]},{\"@type\":\"ImageObject\",\"inLanguage\":\"pl-PL\",\"@id\":\"https:\/\/themeholt.com\/pl\/product\/dodatki-yoast-seo-premium\/#primaryimage\",\"url\":\"https:\/\/themeholt.com\/wp-content\/uploads\/2024\/02\/yoast-ecommerce-seo.jpg\",\"contentUrl\":\"https:\/\/themeholt.com\/wp-content\/uploads\/2024\/02\/yoast-ecommerce-seo.jpg\",\"width\":2000,\"height\":1333},{\"@type\":\"BreadcrumbList\",\"@id\":\"https:\/\/themeholt.com\/pl\/product\/dodatki-yoast-seo-premium\/#breadcrumb\",\"itemListElement\":[{\"@type\":\"ListItem\",\"position\":1,\"name\":\"Home\",\"item\":\"https:\/\/themeholt.com\/pl\/\"},{\"@type\":\"ListItem\",\"position\":2,\"name\":\"Shop\",\"item\":\"https:\/\/themeholt.com\/shop\/\"},{\"@type\":\"ListItem\",\"position\":3,\"name\":\"Dodatki Yoast Seo Premium\"}]},{\"@type\":\"WebSite\",\"@id\":\"https:\/\/themeholt.com\/#website\",\"url\":\"https:\/\/themeholt.com\/\",\"name\":\"ThemeHolt\",\"description\":\"Themeholt is a website that offers high-quality WordPress themes\",\"publisher\":{\"@id\":\"https:\/\/themeholt.com\/#organization\"},\"potentialAction\":[{\"@type\":\"SearchAction\",\"target\":{\"@type\":\"EntryPoint\",\"urlTemplate\":\"https:\/\/themeholt.com\/?s={search_term_string}\"},\"query-input\":{\"@type\":\"PropertyValueSpecification\",\"valueRequired\":true,\"valueName\":\"search_term_string\"}}],\"inLanguage\":\"pl-PL\"},{\"@type\":\"Organization\",\"@id\":\"https:\/\/themeholt.com\/#organization\",\"name\":\"ThemeHolt\",\"alternateName\":\"ThemeHolt\",\"url\":\"https:\/\/themeholt.com\/\",\"logo\":{\"@type\":\"ImageObject\",\"inLanguage\":\"pl-PL\",\"@id\":\"https:\/\/themeholt.com\/#\/schema\/logo\/image\/\",\"url\":\"https:\/\/themeholt.com\/wp-content\/uploads\/2024\/10\/themeholt.png\",\"contentUrl\":\"https:\/\/themeholt.com\/wp-content\/uploads\/2024\/10\/themeholt.png\",\"width\":225,\"height\":225,\"caption\":\"ThemeHolt\"},\"image\":{\"@id\":\"https:\/\/themeholt.com\/#\/schema\/logo\/image\/\"},\"sameAs\":[\"https:\/\/www.facebook.com\/themeholtT\",\"https:\/\/x.com\/ThemeholtT\",\"https:\/\/www.linkedin.com\/company\/themeholt\",\"https:\/\/www.instagram.com\/themeholtt\/\"],\"description\":\"Themeholt is a website that offers high-quality WordPress themes that are easy to use and ready for just about everything. In Eindhoven, Netherlands, since 2020 offering simple, accessible WordPress themes by providing a variety of requirements. Themeholt focuses on practicality and efficiency, allowing faster project completion with its superior marketplace and easy-to-use templates.\",\"legalName\":\"ThemeHolt\",\"foundingDate\":\"2022-11-10\",\"numberOfEmployees\":{\"@type\":\"QuantitativeValue\",\"minValue\":\"51\",\"maxValue\":\"200\"}}]}<\/script>\n<!-- \/ Yoast SEO Premium plugin. -->","yoast_head_json":{"title":"Dodatki Yoast Seo Premium - ThemeHolt","robots":{"index":"index","follow":"follow","max-snippet":"max-snippet:-1","max-image-preview":"max-image-preview:large","max-video-preview":"max-video-preview:-1"},"canonical":"https:\/\/themeholt.com\/pl\/product\/dodatki-yoast-seo-premium\/","og_locale":"pl_PL","og_type":"article","og_title":"Dodatki Yoast Seo Premium","og_description":"Uzyskaj dost\u0119p do 5 dodatk\u00f3w: np. local-seo, news-seo,video-seo,woocommerce-seo i wtyczki SEO 1 rok kompleksowych aktualizacji i wsparcia\u00a0 Uzyskaj wszystko, czego potrzebujesz, w ni\u017cszej cenie!","og_url":"https:\/\/themeholt.com\/pl\/product\/dodatki-yoast-seo-premium\/","og_site_name":"ThemeHolt","article_publisher":"https:\/\/www.facebook.com\/themeholtT","article_modified_time":"2024-11-04T04:11:50+00:00","og_image":[{"width":2000,"height":1333,"url":"https:\/\/themeholt.com\/wp-content\/uploads\/2024\/02\/yoast-ecommerce-seo.jpg","type":"image\/jpeg"}],"twitter_card":"summary_large_image","twitter_site":"@ThemeholtT","twitter_misc":{"Szacowany czas czytania":"1 minuta"},"schema":{"@context":"https:\/\/schema.org","@graph":[{"@type":"WebPage","@id":"https:\/\/themeholt.com\/pl\/product\/dodatki-yoast-seo-premium\/","url":"https:\/\/themeholt.com\/pl\/product\/dodatki-yoast-seo-premium\/","name":"Dodatki Yoast Seo Premium - ThemeHolt","isPartOf":{"@id":"https:\/\/themeholt.com\/#website"},"primaryImageOfPage":{"@id":"https:\/\/themeholt.com\/pl\/product\/dodatki-yoast-seo-premium\/#primaryimage"},"image":{"@id":"https:\/\/themeholt.com\/pl\/product\/dodatki-yoast-seo-premium\/#primaryimage"},"thumbnailUrl":"https:\/\/themeholt.com\/wp-content\/uploads\/2024\/02\/yoast-ecommerce-seo.jpg","datePublished":"2024-02-09T10:31:05+00:00","dateModified":"2024-11-04T04:11:50+00:00","breadcrumb":{"@id":"https:\/\/themeholt.com\/pl\/product\/dodatki-yoast-seo-premium\/#breadcrumb"},"inLanguage":"pl-PL","potentialAction":[{"@type":"ReadAction","target":["https:\/\/themeholt.com\/pl\/product\/dodatki-yoast-seo-premium\/"]}]},{"@type":"ImageObject","inLanguage":"pl-PL","@id":"https:\/\/themeholt.com\/pl\/product\/dodatki-yoast-seo-premium\/#primaryimage","url":"https:\/\/themeholt.com\/wp-content\/uploads\/2024\/02\/yoast-ecommerce-seo.jpg","contentUrl":"https:\/\/themeholt.com\/wp-content\/uploads\/2024\/02\/yoast-ecommerce-seo.jpg","width":2000,"height":1333},{"@type":"BreadcrumbList","@id":"https:\/\/themeholt.com\/pl\/product\/dodatki-yoast-seo-premium\/#breadcrumb","itemListElement":[{"@type":"ListItem","position":1,"name":"Home","item":"https:\/\/themeholt.com\/pl\/"},{"@type":"ListItem","position":2,"name":"Shop","item":"https:\/\/themeholt.com\/shop\/"},{"@type":"ListItem","position":3,"name":"Dodatki Yoast Seo Premium"}]},{"@type":"WebSite","@id":"https:\/\/themeholt.com\/#website","url":"https:\/\/themeholt.com\/","name":"ThemeHolt","description":"Themeholt is a website that offers high-quality WordPress themes","publisher":{"@id":"https:\/\/themeholt.com\/#organization"},"potentialAction":[{"@type":"SearchAction","target":{"@type":"EntryPoint","urlTemplate":"https:\/\/themeholt.com\/?s={search_term_string}"},"query-input":{"@type":"PropertyValueSpecification","valueRequired":true,"valueName":"search_term_string"}}],"inLanguage":"pl-PL"},{"@type":"Organization","@id":"https:\/\/themeholt.com\/#organization","name":"ThemeHolt","alternateName":"ThemeHolt","url":"https:\/\/themeholt.com\/","logo":{"@type":"ImageObject","inLanguage":"pl-PL","@id":"https:\/\/themeholt.com\/#\/schema\/logo\/image\/","url":"https:\/\/themeholt.com\/wp-content\/uploads\/2024\/10\/themeholt.png","contentUrl":"https:\/\/themeholt.com\/wp-content\/uploads\/2024\/10\/themeholt.png","width":225,"height":225,"caption":"ThemeHolt"},"image":{"@id":"https:\/\/themeholt.com\/#\/schema\/logo\/image\/"},"sameAs":["https:\/\/www.facebook.com\/themeholtT","https:\/\/x.com\/ThemeholtT","https:\/\/www.linkedin.com\/company\/themeholt","https:\/\/www.instagram.com\/themeholtt\/"],"description":"Themeholt is a website that offers high-quality WordPress themes that are easy to use and ready for just about everything. In Eindhoven, Netherlands, since 2020 offering simple, accessible WordPress themes by providing a variety of requirements. Themeholt focuses on practicality and efficiency, allowing faster project completion with its superior marketplace and easy-to-use templates.","legalName":"ThemeHolt","foundingDate":"2022-11-10","numberOfEmployees":{"@type":"QuantitativeValue","minValue":"51","maxValue":"200"}}]}},"_links":{"self":[{"href":"https:\/\/themeholt.com\/pl\/wp-json\/wp\/v2\/product\/16510","targetHints":{"allow":["GET"]}}],"collection":[{"href":"https:\/\/themeholt.com\/pl\/wp-json\/wp\/v2\/product"}],"about":[{"href":"https:\/\/themeholt.com\/pl\/wp-json\/wp\/v2\/types\/product"}],"wp:featuredmedia":[{"embeddable":true,"href":"https:\/\/themeholt.com\/pl\/wp-json\/wp\/v2\/media\/16446"}],"wp:attachment":[{"href":"https:\/\/themeholt.com\/pl\/wp-json\/wp\/v2\/media?parent=16510"}],"wp:term":[{"taxonomy":"product_brand","embeddable":true,"href":"https:\/\/themeholt.com\/pl\/wp-json\/wp\/v2\/product_brand?post=16510"},{"taxonomy":"product_cat","embeddable":true,"href":"https:\/\/themeholt.com\/pl\/wp-json\/wp\/v2\/product_cat?post=16510"},{"taxonomy":"product_tag","embeddable":true,"href":"https:\/\/themeholt.com\/pl\/wp-json\/wp\/v2\/product_tag?post=16510"}],"curies":[{"name":"wp","href":"https:\/\/api.w.org\/{rel}","templated":true}]}}