{"id":17362,"date":"2022-04-25T11:03:13","date_gmt":"2022-04-25T11:03:13","guid":{"rendered":"https:\/\/themeholt.com\/product\/agency\/"},"modified":"2024-11-05T08:12:55","modified_gmt":"2024-11-05T08:12:55","slug":"agencja","status":"publish","type":"product","link":"https:\/\/themeholt.com\/pl\/product\/agencja\/","title":{"rendered":"Agencja"},"content":{"rendered":"<p><span style=\"font-weight: 400\">W erze cyfrowej posiadanie atrakcyjnej wizualnie i funkcjonalnej witryny internetowej jest kluczowe dla ka\u017cdej agencji, kt\u00f3ra chce ustanowi\u0107 solidn\u0105 obecno\u015b\u0107 online. Dzi\u0119ki naszej kolekcji <\/span><b>motyw\u00f3w WordPress dla agencji<\/b><span style=\"font-weight: 400\"> mo\u017cesz odblokowa\u0107 moc tworzenia osza\u0142amiaj\u0105cych witryn internetowych, kt\u00f3re oczaruj\u0105 odbiorc\u00f3w, zaprezentuj\u0105 Twoje us\u0142ugi i zwi\u0119ksz\u0105 wzrost firmy. Od dostosowywalnych projekt\u00f3w i bezproblemowej integracji z WordPressem po responsywne uk\u0142ady i zaawansowane funkcje, nasze motywy zapewniaj\u0105 idealn\u0105 podstaw\u0119 do zbudowania profesjonalnej i wp\u0142ywowej witryny internetowej. Niezale\u017cnie od tego, czy jeste\u015b agencj\u0105 kreatywn\u0105, firm\u0105 marketingow\u0105, studiem projektowym czy jakimkolwiek innym rodzajem agencji, zapewnij wszechstronno\u015b\u0107 i elastyczno\u015b\u0107, kt\u00f3rych potrzebujesz, aby wyr\u00f3\u017cni\u0107 si\u0119 na tle konkurencji i przyci\u0105gn\u0105\u0107 klient\u00f3w. <\/span><\/p>\n<p><span style=\"font-weight: 400\">Dobrze zaprojektowana i funkcjonalna witryna internetowa jest podstaw\u0105 budowania wiarygodno\u015bci, przyci\u0105gania klient\u00f3w i prezentowania us\u0142ug Twojej agencji. Dzi\u0119ki naszej szerokiej ofercie <\/span><b>Najlepszych motyw\u00f3w WordPress dla agencji<\/b><span style=\"font-weight: 400\"> masz mo\u017cliwo\u015b\u0107 tworzenia osza\u0142amiaj\u0105cych witryn internetowych, kt\u00f3re oczaruj\u0105 odbiorc\u00f3w i b\u0119d\u0105 motorem nap\u0119dowym rozwoju Twojej firmy. <\/span><\/p>\n","protected":false},"excerpt":{"rendered":"<ul>\n<li>Ca\u0142kowicie konfigurowalny<\/li>\n<li>Gotowy do t\u0142umaczenia<\/li>\n<li>Warstwy paralaksy<\/li>\n<li>Przyjazny dla SEO<\/li>\n<li>Ca\u0142kowicie responsywny<\/li>\n<li>Gotowy na Retina<\/li>\n<li>Zgodny z WooCommerce<\/li>\n<li>Obs\u0142uga motyw\u00f3w potomnych<\/li>\n<li>Obs\u0142uga klienta<\/li>\n<\/ul>\n","protected":false},"featured_media":17363,"template":"","meta":{"_acf_changed":false,"inline_featured_image":false},"product_brand":[],"product_cat":[1401,1639,235],"product_tag":[201,1552,1671,1672,1673,1674],"class_list":{"0":"post-17362","1":"product","2":"type-product","3":"status-publish","4":"has-post-thumbnail","6":"product_cat-new-arrivals-pl","7":"product_cat-premium-themes-ro","8":"product_cat-premium-themes","9":"product_tag-best-agency-wordpress-theme","10":"product_tag-best-agency-wordpress-theme-ro","11":"product_tag-agency-theme-wordpress-pl","12":"product_tag-agency-wordpress-themes-pl","13":"product_tag-best-creative-agency-wordpress-themes-pl","14":"product_tag-creative-agency-website-templates-pl","16":"first","17":"instock","18":"sale","19":"downloadable","20":"taxable","21":"shipping-taxable","22":"purchasable","23":"product-type-simple"},"acf":[],"yoast_head":"<!-- This site is optimized with the Yoast SEO Premium plugin v22.1 (Yoast SEO v26.0) - https:\/\/yoast.com\/wordpress\/plugins\/seo\/ -->\n<title>Motywy WordPress dla agencji | Najlepszy motyw WordPress dla agencji<\/title>\n<meta name=\"description\" content=\"Znajd\u017a najlepszy motyw WordPress agencji dla swojej firmy. Zbuduj witryn\u0119, korzystaj\u0105c z responsywnych i profesjonalnych projekt\u00f3w z konfigurowalnymi funkcjami. Skontaktuj si\u0119 z nami ju\u017c teraz!\" \/>\n<meta name=\"robots\" content=\"index, follow, max-snippet:-1, max-image-preview:large, max-video-preview:-1\" \/>\n<link rel=\"canonical\" href=\"https:\/\/www.cyan-dolphin-864669.hostingersite.com\/pl\/product\/agencja\/\" \/>\n<meta property=\"og:locale\" content=\"pl_PL\" \/>\n<meta property=\"og:type\" content=\"article\" \/>\n<meta property=\"og:title\" content=\"Agencja\" \/>\n<meta property=\"og:description\" content=\"Znajd\u017a najlepszy motyw WordPress agencji dla swojej firmy. Zbuduj witryn\u0119, korzystaj\u0105c z responsywnych i profesjonalnych projekt\u00f3w z konfigurowalnymi funkcjami. Skontaktuj si\u0119 z nami ju\u017c teraz!\" \/>\n<meta property=\"og:url\" content=\"https:\/\/www.cyan-dolphin-864669.hostingersite.com\/pl\/product\/agencja\/\" \/>\n<meta property=\"og:site_name\" content=\"ThemeHolt\" \/>\n<meta property=\"article:publisher\" content=\"https:\/\/www.facebook.com\/themeholtT\" \/>\n<meta property=\"article:modified_time\" content=\"2024-11-05T08:12:55+00:00\" \/>\n<meta property=\"og:image\" content=\"https:\/\/www.cyan-dolphin-864669.hostingersite.com\/wp-content\/uploads\/2022\/04\/Agency-company-theme.jpg\" \/>\n\t<meta property=\"og:image:width\" content=\"1300\" \/>\n\t<meta property=\"og:image:height\" content=\"1283\" \/>\n\t<meta property=\"og:image:type\" content=\"image\/jpeg\" \/>\n<meta name=\"twitter:card\" content=\"summary_large_image\" \/>\n<meta name=\"twitter:site\" content=\"@ThemeholtT\" \/>\n<meta name=\"twitter:label1\" content=\"Szacowany czas czytania\" \/>\n\t<meta name=\"twitter:data1\" content=\"1 minuta\" \/>\n<script type=\"application\/ld+json\" class=\"yoast-schema-graph\">{\"@context\":\"https:\/\/schema.org\",\"@graph\":[{\"@type\":\"WebPage\",\"@id\":\"https:\/\/www.cyan-dolphin-864669.hostingersite.com\/pl\/product\/agencja\/\",\"url\":\"https:\/\/www.cyan-dolphin-864669.hostingersite.com\/pl\/product\/agencja\/\",\"name\":\"Motywy WordPress dla agencji | Najlepszy motyw WordPress dla agencji\",\"isPartOf\":{\"@id\":\"https:\/\/themeholt.com\/#website\"},\"primaryImageOfPage\":{\"@id\":\"https:\/\/www.cyan-dolphin-864669.hostingersite.com\/pl\/product\/agencja\/#primaryimage\"},\"image\":{\"@id\":\"https:\/\/www.cyan-dolphin-864669.hostingersite.com\/pl\/product\/agencja\/#primaryimage\"},\"thumbnailUrl\":\"https:\/\/themeholt.com\/wp-content\/uploads\/2022\/04\/Agency-company-theme.jpg\",\"datePublished\":\"2022-04-25T11:03:13+00:00\",\"dateModified\":\"2024-11-05T08:12:55+00:00\",\"description\":\"Znajd\u017a najlepszy motyw WordPress agencji dla swojej firmy. Zbuduj witryn\u0119, korzystaj\u0105c z responsywnych i profesjonalnych projekt\u00f3w z konfigurowalnymi funkcjami. Skontaktuj si\u0119 z nami ju\u017c teraz!\",\"breadcrumb\":{\"@id\":\"https:\/\/www.cyan-dolphin-864669.hostingersite.com\/pl\/product\/agencja\/#breadcrumb\"},\"inLanguage\":\"pl-PL\",\"potentialAction\":[{\"@type\":\"ReadAction\",\"target\":[\"https:\/\/www.cyan-dolphin-864669.hostingersite.com\/pl\/product\/agencja\/\"]}]},{\"@type\":\"ImageObject\",\"inLanguage\":\"pl-PL\",\"@id\":\"https:\/\/www.cyan-dolphin-864669.hostingersite.com\/pl\/product\/agencja\/#primaryimage\",\"url\":\"https:\/\/themeholt.com\/wp-content\/uploads\/2022\/04\/Agency-company-theme.jpg\",\"contentUrl\":\"https:\/\/themeholt.com\/wp-content\/uploads\/2022\/04\/Agency-company-theme.jpg\",\"width\":1300,\"height\":1283},{\"@type\":\"BreadcrumbList\",\"@id\":\"https:\/\/www.cyan-dolphin-864669.hostingersite.com\/pl\/product\/agencja\/#breadcrumb\",\"itemListElement\":[{\"@type\":\"ListItem\",\"position\":1,\"name\":\"Home\",\"item\":\"https:\/\/themeholt.com\/pl\/\"},{\"@type\":\"ListItem\",\"position\":2,\"name\":\"Shop\",\"item\":\"https:\/\/themeholt.com\/shop\/\"},{\"@type\":\"ListItem\",\"position\":3,\"name\":\"Agencja\"}]},{\"@type\":\"WebSite\",\"@id\":\"https:\/\/themeholt.com\/#website\",\"url\":\"https:\/\/themeholt.com\/\",\"name\":\"ThemeHolt\",\"description\":\"Themeholt is a website that offers high-quality WordPress themes\",\"publisher\":{\"@id\":\"https:\/\/themeholt.com\/#organization\"},\"potentialAction\":[{\"@type\":\"SearchAction\",\"target\":{\"@type\":\"EntryPoint\",\"urlTemplate\":\"https:\/\/themeholt.com\/?s={search_term_string}\"},\"query-input\":{\"@type\":\"PropertyValueSpecification\",\"valueRequired\":true,\"valueName\":\"search_term_string\"}}],\"inLanguage\":\"pl-PL\"},{\"@type\":\"Organization\",\"@id\":\"https:\/\/themeholt.com\/#organization\",\"name\":\"ThemeHolt\",\"alternateName\":\"ThemeHolt\",\"url\":\"https:\/\/themeholt.com\/\",\"logo\":{\"@type\":\"ImageObject\",\"inLanguage\":\"pl-PL\",\"@id\":\"https:\/\/themeholt.com\/#\/schema\/logo\/image\/\",\"url\":\"https:\/\/themeholt.com\/wp-content\/uploads\/2024\/10\/themeholt.png\",\"contentUrl\":\"https:\/\/themeholt.com\/wp-content\/uploads\/2024\/10\/themeholt.png\",\"width\":225,\"height\":225,\"caption\":\"ThemeHolt\"},\"image\":{\"@id\":\"https:\/\/themeholt.com\/#\/schema\/logo\/image\/\"},\"sameAs\":[\"https:\/\/www.facebook.com\/themeholtT\",\"https:\/\/x.com\/ThemeholtT\",\"https:\/\/www.linkedin.com\/company\/themeholt\",\"https:\/\/www.instagram.com\/themeholtt\/\"],\"description\":\"Themeholt is a website that offers high-quality WordPress themes that are easy to use and ready for just about everything. In Eindhoven, Netherlands, since 2020 offering simple, accessible WordPress themes by providing a variety of requirements. Themeholt focuses on practicality and efficiency, allowing faster project completion with its superior marketplace and easy-to-use templates.\",\"legalName\":\"ThemeHolt\",\"foundingDate\":\"2022-11-10\",\"numberOfEmployees\":{\"@type\":\"QuantitativeValue\",\"minValue\":\"51\",\"maxValue\":\"200\"}}]}<\/script>\n<!-- \/ Yoast SEO Premium plugin. -->","yoast_head_json":{"title":"Motywy WordPress dla agencji | Najlepszy motyw WordPress dla agencji","description":"Znajd\u017a najlepszy motyw WordPress agencji dla swojej firmy. Zbuduj witryn\u0119, korzystaj\u0105c z responsywnych i profesjonalnych projekt\u00f3w z konfigurowalnymi funkcjami. Skontaktuj si\u0119 z nami ju\u017c teraz!","robots":{"index":"index","follow":"follow","max-snippet":"max-snippet:-1","max-image-preview":"max-image-preview:large","max-video-preview":"max-video-preview:-1"},"canonical":"https:\/\/www.cyan-dolphin-864669.hostingersite.com\/pl\/product\/agencja\/","og_locale":"pl_PL","og_type":"article","og_title":"Agencja","og_description":"Znajd\u017a najlepszy motyw WordPress agencji dla swojej firmy. Zbuduj witryn\u0119, korzystaj\u0105c z responsywnych i profesjonalnych projekt\u00f3w z konfigurowalnymi funkcjami. Skontaktuj si\u0119 z nami ju\u017c teraz!","og_url":"https:\/\/www.cyan-dolphin-864669.hostingersite.com\/pl\/product\/agencja\/","og_site_name":"ThemeHolt","article_publisher":"https:\/\/www.facebook.com\/themeholtT","article_modified_time":"2024-11-05T08:12:55+00:00","og_image":[{"width":1300,"height":1283,"url":"https:\/\/www.cyan-dolphin-864669.hostingersite.com\/wp-content\/uploads\/2022\/04\/Agency-company-theme.jpg","type":"image\/jpeg"}],"twitter_card":"summary_large_image","twitter_site":"@ThemeholtT","twitter_misc":{"Szacowany czas czytania":"1 minuta"},"schema":{"@context":"https:\/\/schema.org","@graph":[{"@type":"WebPage","@id":"https:\/\/www.cyan-dolphin-864669.hostingersite.com\/pl\/product\/agencja\/","url":"https:\/\/www.cyan-dolphin-864669.hostingersite.com\/pl\/product\/agencja\/","name":"Motywy WordPress dla agencji | Najlepszy motyw WordPress dla agencji","isPartOf":{"@id":"https:\/\/themeholt.com\/#website"},"primaryImageOfPage":{"@id":"https:\/\/www.cyan-dolphin-864669.hostingersite.com\/pl\/product\/agencja\/#primaryimage"},"image":{"@id":"https:\/\/www.cyan-dolphin-864669.hostingersite.com\/pl\/product\/agencja\/#primaryimage"},"thumbnailUrl":"https:\/\/themeholt.com\/wp-content\/uploads\/2022\/04\/Agency-company-theme.jpg","datePublished":"2022-04-25T11:03:13+00:00","dateModified":"2024-11-05T08:12:55+00:00","description":"Znajd\u017a najlepszy motyw WordPress agencji dla swojej firmy. Zbuduj witryn\u0119, korzystaj\u0105c z responsywnych i profesjonalnych projekt\u00f3w z konfigurowalnymi funkcjami. Skontaktuj si\u0119 z nami ju\u017c teraz!","breadcrumb":{"@id":"https:\/\/www.cyan-dolphin-864669.hostingersite.com\/pl\/product\/agencja\/#breadcrumb"},"inLanguage":"pl-PL","potentialAction":[{"@type":"ReadAction","target":["https:\/\/www.cyan-dolphin-864669.hostingersite.com\/pl\/product\/agencja\/"]}]},{"@type":"ImageObject","inLanguage":"pl-PL","@id":"https:\/\/www.cyan-dolphin-864669.hostingersite.com\/pl\/product\/agencja\/#primaryimage","url":"https:\/\/themeholt.com\/wp-content\/uploads\/2022\/04\/Agency-company-theme.jpg","contentUrl":"https:\/\/themeholt.com\/wp-content\/uploads\/2022\/04\/Agency-company-theme.jpg","width":1300,"height":1283},{"@type":"BreadcrumbList","@id":"https:\/\/www.cyan-dolphin-864669.hostingersite.com\/pl\/product\/agencja\/#breadcrumb","itemListElement":[{"@type":"ListItem","position":1,"name":"Home","item":"https:\/\/themeholt.com\/pl\/"},{"@type":"ListItem","position":2,"name":"Shop","item":"https:\/\/themeholt.com\/shop\/"},{"@type":"ListItem","position":3,"name":"Agencja"}]},{"@type":"WebSite","@id":"https:\/\/themeholt.com\/#website","url":"https:\/\/themeholt.com\/","name":"ThemeHolt","description":"Themeholt is a website that offers high-quality WordPress themes","publisher":{"@id":"https:\/\/themeholt.com\/#organization"},"potentialAction":[{"@type":"SearchAction","target":{"@type":"EntryPoint","urlTemplate":"https:\/\/themeholt.com\/?s={search_term_string}"},"query-input":{"@type":"PropertyValueSpecification","valueRequired":true,"valueName":"search_term_string"}}],"inLanguage":"pl-PL"},{"@type":"Organization","@id":"https:\/\/themeholt.com\/#organization","name":"ThemeHolt","alternateName":"ThemeHolt","url":"https:\/\/themeholt.com\/","logo":{"@type":"ImageObject","inLanguage":"pl-PL","@id":"https:\/\/themeholt.com\/#\/schema\/logo\/image\/","url":"https:\/\/themeholt.com\/wp-content\/uploads\/2024\/10\/themeholt.png","contentUrl":"https:\/\/themeholt.com\/wp-content\/uploads\/2024\/10\/themeholt.png","width":225,"height":225,"caption":"ThemeHolt"},"image":{"@id":"https:\/\/themeholt.com\/#\/schema\/logo\/image\/"},"sameAs":["https:\/\/www.facebook.com\/themeholtT","https:\/\/x.com\/ThemeholtT","https:\/\/www.linkedin.com\/company\/themeholt","https:\/\/www.instagram.com\/themeholtt\/"],"description":"Themeholt is a website that offers high-quality WordPress themes that are easy to use and ready for just about everything. In Eindhoven, Netherlands, since 2020 offering simple, accessible WordPress themes by providing a variety of requirements. Themeholt focuses on practicality and efficiency, allowing faster project completion with its superior marketplace and easy-to-use templates.","legalName":"ThemeHolt","foundingDate":"2022-11-10","numberOfEmployees":{"@type":"QuantitativeValue","minValue":"51","maxValue":"200"}}]}},"_links":{"self":[{"href":"https:\/\/themeholt.com\/pl\/wp-json\/wp\/v2\/product\/17362","targetHints":{"allow":["GET"]}}],"collection":[{"href":"https:\/\/themeholt.com\/pl\/wp-json\/wp\/v2\/product"}],"about":[{"href":"https:\/\/themeholt.com\/pl\/wp-json\/wp\/v2\/types\/product"}],"wp:featuredmedia":[{"embeddable":true,"href":"https:\/\/themeholt.com\/pl\/wp-json\/wp\/v2\/media\/17363"}],"wp:attachment":[{"href":"https:\/\/themeholt.com\/pl\/wp-json\/wp\/v2\/media?parent=17362"}],"wp:term":[{"taxonomy":"product_brand","embeddable":true,"href":"https:\/\/themeholt.com\/pl\/wp-json\/wp\/v2\/product_brand?post=17362"},{"taxonomy":"product_cat","embeddable":true,"href":"https:\/\/themeholt.com\/pl\/wp-json\/wp\/v2\/product_cat?post=17362"},{"taxonomy":"product_tag","embeddable":true,"href":"https:\/\/themeholt.com\/pl\/wp-json\/wp\/v2\/product_tag?post=17362"}],"curies":[{"name":"wp","href":"https:\/\/api.w.org\/{rel}","templated":true}]}}