{"id":29679,"date":"2024-03-21T12:51:56","date_gmt":"2024-03-21T12:51:56","guid":{"rendered":"https:\/\/themeholt.com\/about\/"},"modified":"2024-12-12T08:16:57","modified_gmt":"2024-12-12T08:16:57","slug":"despre","status":"publish","type":"page","link":"https:\/\/themeholt.com\/ro\/despre\/","title":{"rendered":"Despre"},"content":{"rendered":"\n<div class=\"wp-block-group\"><div class=\"wp-block-group__inner-container is-layout-flow wp-block-group-is-layout-flow\">\n<div class=\"wp-block-columns are-vertically-aligned-center is-layout-flex wp-container-core-columns-is-layout-9d6595d7 wp-block-columns-is-layout-flex\">\n<div class=\"wp-block-column is-vertically-aligned-center is-layout-flow wp-block-column-is-layout-flow\"><div class=\"wp-block-image\">\n<figure class=\"aligncenter size-full\"><img loading=\"lazy\" decoding=\"async\" width=\"721\" height=\"346\" src=\"https:\/\/themeholt.com\/wp-content\/uploads\/2024\/03\/various-coffee-time-templates-screen_23-2148433369-removebg-preview.png\" alt=\"\" class=\"wp-image-7219\" srcset=\"https:\/\/themeholt.com\/wp-content\/uploads\/2024\/03\/various-coffee-time-templates-screen_23-2148433369-removebg-preview.png 721w, https:\/\/themeholt.com\/wp-content\/uploads\/2024\/03\/various-coffee-time-templates-screen_23-2148433369-removebg-preview-300x144.png 300w, https:\/\/themeholt.com\/wp-content\/uploads\/2024\/03\/various-coffee-time-templates-screen_23-2148433369-removebg-preview-142x68.png 142w, https:\/\/themeholt.com\/wp-content\/uploads\/2024\/03\/various-coffee-time-templates-screen_23-2148433369-removebg-preview-679x326.png 679w, https:\/\/themeholt.com\/wp-content\/uploads\/2024\/03\/various-coffee-time-templates-screen_23-2148433369-removebg-preview-477x229.png 477w, https:\/\/themeholt.com\/wp-content\/uploads\/2024\/03\/various-coffee-time-templates-screen_23-2148433369-removebg-preview-600x288.png 600w\" sizes=\"auto, (max-width: 721px) 100vw, 721px\" \/><\/figure><\/div><\/div>\n\n\n\n<div class=\"wp-block-column is-vertically-aligned-center Welcome-1 is-layout-flow wp-block-column-is-layout-flow\">\n<h1 class=\"wp-block-heading About-Wordpress-head has-black-color has-text-color has-link-color wp-elements-03055b2d5d9bc06f7587e2d5b9204b4b\" id=\"h-intra-pe-cea-mai-mare-pia\u021ba-din-lume-pentru-teme-wordpress-uimitoare\"><strong>Intr\u0103 pe cea mai mare pia\u021b\u0103 din lume pentru teme WordPress uimitoare<\/strong><\/h1>\n\n\n\n<p>Themeholt este un site web care ofer\u0103 teme WordPress de \u00eenalt\u0103 calitate, u\u0219or de utilizat \u0219i preg\u0103tite pentru aproape orice. \u00cen Eindhoven, \u021a\u0103rile de Jos, din 2020, ofer\u0103 teme WordPress simple \u0219i accesibile, oferind o varietate de cerin\u021be.<\/p>\n\n\n\n<p>Themeholt se concentreaz\u0103 pe caracter practic \u0219i eficien\u021b\u0103, permi\u021b\u00e2nd finalizarea mai rapid\u0103 a proiectelor cu pia\u021ba superioar\u0103 \u0219i \u0219abloane u\u0219or de utilizat.<\/p>\n<\/div>\n<\/div>\n<\/div><\/div>\n\n\n\n<p class=\"has-text-align-center\"><\/p>\n\n\n\n<div class=\"wp-block-columns is-layout-flex wp-container-core-columns-is-layout-9d6595d7 wp-block-columns-is-layout-flex\">\n<div class=\"wp-block-column is-layout-flow wp-block-column-is-layout-flow\" id=\"features-2\">\n<h3 class=\"wp-block-heading\" id=\"h-caracteristici-ale-temei-wordpress\"><strong>Caracteristici ale temei WordPress<\/strong><\/h3>\n<\/div>\n<\/div>\n\n\n\n<div class=\"wp-block-columns is-layout-flex wp-container-core-columns-is-layout-9d6595d7 wp-block-columns-is-layout-flex\">\n<div class=\"wp-block-column is-vertically-aligned-center solid-code1 is-layout-flow wp-block-column-is-layout-flow\">\n<h5 class=\"wp-block-heading has-text-align-center\" id=\"h-cod-solid\"><strong>Cod solid<\/strong><\/h5>\n\n\n\n<p class=\"has-text-align-center\">Temele noastre sunt concepute cu o codificare curat\u0103 \u0219i u\u0219oar\u0103, care asigur\u0103 viteze rapide de \u00eenc\u0103rcare a site-ului web, precum \u0219i personalizare u\u0219oar\u0103.<\/p>\n<\/div>\n\n\n\n<div class=\"wp-block-column is-vertically-aligned-center solid-code1 is-layout-flow wp-block-column-is-layout-flow\">\n<h5 class=\"wp-block-heading has-text-align-center\" id=\"h-personalizare-u\u0219oara\"><strong>Personalizare u\u0219oar\u0103<\/strong><\/h5>\n\n\n\n<p class=\"has-text-align-center\">Folosind instrumentele noastre de personalizare, v\u0103 pute\u021bi personaliza \u0219i proiecta cu u\u0219urin\u021b\u0103 site-urile web pentru a le face s\u0103 apar\u0103 exact conform cerin\u021belor dumneavoastr\u0103.<\/p>\n<\/div>\n\n\n\n<div class=\"wp-block-column is-vertically-aligned-center solid-code1 is-layout-flow wp-block-column-is-layout-flow\">\n<h5 class=\"wp-block-heading has-text-align-center\" id=\"h-optimizare-seo\"><strong>Optimizare SEO<\/strong><\/h5>\n\n\n\n<p class=\"has-text-align-center\">Nu v\u0103 face\u021bi griji, temele noastre sunt optimizate pentru Motorul de c\u0103utare, asigur\u00e2nd vizibilitate excelent\u0103 \u0219i clasamente ridicate pe SERP Google.<\/p>\n<\/div>\n<\/div>\n\n\n\n<div class=\"wp-block-columns is-layout-flex wp-container-core-columns-is-layout-9d6595d7 wp-block-columns-is-layout-flex\">\n<div class=\"wp-block-column is-vertically-aligned-center solid-code1 is-layout-flow wp-block-column-is-layout-flow\">\n<h5 class=\"wp-block-heading has-text-align-center\" id=\"h-teme-100-compatibile-cu-dispozitivele-mobile\"><strong><strong>Teme 100% compatibile cu dispozitivele mobile<\/strong><\/strong><\/h5>\n\n\n\n<p class=\"has-text-align-center\">Cu temele noastre mobile receptive, site-ul dvs. se adapteaz\u0103 pur \u0219i simplu pentru a func\u021biona pe diferite dispozitive mobile, precum \u0219i pe computere desktop.<\/p>\n<\/div>\n\n\n\n<div class=\"wp-block-column is-vertically-aligned-center solid-code1 is-layout-flow wp-block-column-is-layout-flow\">\n<h5 class=\"wp-block-heading has-text-align-center\" id=\"h-op\u021biuni-u\u0219oare-ale-temei\"><strong><strong><strong>Op\u021biuni u\u0219oare ale temei<\/strong><\/strong><\/strong><\/h5>\n\n\n\n<p class=\"has-text-align-center\">Cu op\u021biunea flexibil\u0103 a tabloului de bord de administrare, pute\u021bi gestiona f\u0103r\u0103 efort gestionarea con\u021binutului site-ului web, f\u0103r\u0103 nicio codificare.<\/p>\n<\/div>\n\n\n\n<div class=\"wp-block-column is-vertically-aligned-center solid-code1 is-layout-flow wp-block-column-is-layout-flow\">\n<h5 class=\"wp-block-heading has-text-align-center\" id=\"h-suport-dedicat\"><strong><strong>Suport dedicat<\/strong><\/strong><\/h5>\n\n\n\n<p class=\"has-text-align-center\">Pentru orice nel\u0103murire \u0219i \u00eentreb\u0103ri, echipa noastr\u0103 dedicat\u0103 \u0219i receptiv\u0103 este \u00eentotdeauna disponibil\u0103 24\/7.<\/p>\n<\/div>\n<\/div>\n\n\n\n<div class=\"wp-block-columns are-vertically-aligned-center Themeholt Offers-1 is-layout-flex wp-container-core-columns-is-layout-9d6595d7 wp-block-columns-is-layout-flex\">\n<div class=\"wp-block-column is-vertically-aligned-center is-layout-flow wp-block-column-is-layout-flow\" style=\"flex-basis:50%\">\n<div class=\"wp-block-group\"><div class=\"wp-block-group__inner-container is-layout-flow wp-block-group-is-layout-flow\">\n<h2 class=\"wp-block-heading About-Wordpress-head\" id=\"h-themeholt-ofera-teme-wordpress-inovatoare\"><strong>Themeholt ofer\u0103 teme WordPress inovatoare!<\/strong><\/h2>\n\n\n\n<p>La Themeholt, echipa noastr\u0103 a muncit din greu pentru a crea o colec\u021bie de teme WordPress unice \u0219i accesibile. \u0218abloanele noastre sunt create pentru a v\u0103 ajuta afacerea, blogul sau portofoliul s\u0103 arate grozav \u0219i s\u0103 sporeasc\u0103 prezen\u021ba online. Credem \u00een p\u0103strarea lucrurilor simple \u0219i elegante.<\/p>\n\n\n\n<p>Temele noastre \u00eembin\u0103 stilurile clasice \u0219i moderne pentru a face con\u021binutul t\u0103u s\u0103 str\u0103luceasc\u0103. Indiferent dac\u0103 sunte\u021bi proprietar de companie, blogger, scriitor, artist, freelancer, fotograf, designer sau dezvoltator, ve\u021bi iubi Themeholt.<\/p>\n<\/div><\/div>\n<\/div>\n\n\n\n<div class=\"wp-block-column is-vertically-aligned-center is-layout-flow wp-block-column-is-layout-flow\" style=\"flex-basis:50%\"><div class=\"wp-block-image\">\n<figure class=\"aligncenter size-full\"><img loading=\"lazy\" decoding=\"async\" width=\"478\" height=\"250\" src=\"https:\/\/themeholt.com\/wp-content\/uploads\/2024\/03\/theme-1.jpg\" alt=\"\" class=\"wp-image-7227\" style=\"object-fit:cover\" srcset=\"https:\/\/themeholt.com\/wp-content\/uploads\/2024\/03\/theme-1.jpg 478w, https:\/\/themeholt.com\/wp-content\/uploads\/2024\/03\/theme-1-300x157.jpg 300w, https:\/\/themeholt.com\/wp-content\/uploads\/2024\/03\/theme-1-130x68.jpg 130w\" sizes=\"auto, (max-width: 478px) 100vw, 478px\" \/><\/figure><\/div><\/div>\n<\/div>\n\n\n\n<div class=\"wp-block-columns is-layout-flex wp-container-core-columns-is-layout-9d6595d7 wp-block-columns-is-layout-flex\">\n<div class=\"wp-block-column is-layout-flow wp-block-column-is-layout-flow\" style=\"flex-basis:100%\">\n<div class=\"wp-block-group enjoyed-2\"><div class=\"wp-block-group__inner-container is-layout-flow wp-block-group-is-layout-flow\">\n<div class=\"wp-block-group\"><div class=\"wp-block-group__inner-container is-layout-flow wp-block-group-is-layout-flow\">\n<p>Echipa noastr\u0103 de dezvoltatori \u0219i designeri este pasionat\u0103 de a crea lucruri interesante. Credem c\u0103 WordPress este uimitor, deoarece este versatil, puternic \u0219i u\u0219or de utilizat \u2013 perfect pentru orice dezvoltator.<\/p>\n\n\n\n<p>Toate temele noastre sunt realizate, testate \u0219i sus\u021binute de noi. C\u00e2nd ne al\u0103tura\u021bi, ave\u021bi acces la toate temele noastre, noile versiuni \u0219i forumul nostru de asisten\u021b\u0103. Suntem aici pentru a v\u0103 ajuta s\u0103 profita\u021bi la maximum de WordPress.<\/p>\n<\/div><\/div>\n<\/div><\/div>\n<\/div>\n<\/div>\n\n\n\n<div class=\"wp-block-columns is-layout-flex wp-container-core-columns-is-layout-9d6595d7 wp-block-columns-is-layout-flex\">\n<div class=\"wp-block-column World-2 is-layout-flow wp-block-column-is-layout-flow\">\n<h2 class=\"wp-block-heading\" id=\"h-nenumarate-op\u021biuni-de-design-la-indemana\"><strong>Nenum\u0103rate op\u021biuni de design la \u00eendem\u00e2n\u0103<\/strong><\/h2>\n\n\n\n<p>Pe Themeholt, pute\u021bi alege \u0219ablonul ideal, \u00eel pute\u021bi asocia cu o imagine grozav\u0103 \u0219i pute\u021bi alege un font frumos. Exist\u0103 mii de op\u021biuni de design care func\u021bioneaz\u0103 grozav \u00eempreun\u0103.<\/p>\n\n\n\n<p>Temele site-ului nostru sunt de top \u0219i pot fi folosite pe orice tip de site. Acestea vin cu un formular de contact, o mul\u021bime de op\u021biuni de culoare \u0219i modele moderne. Pute\u021bi alege dintre \u0219abloane HTML \u0219i Bootstrap. Crearea unui site web profesional nu a fost niciodat\u0103 at\u00e2t de u\u0219oar\u0103 pentru nimeni.<\/p>\n\n\n\n<p>Dac\u0103 dori\u021bi mai multe func\u021bii \u0219i op\u021biuni pentru a v\u0103 personaliza site-ul web, temele premium WordPress sunt cea mai bun\u0103 op\u021biune pentru dvs.<\/p>\n<\/div>\n<\/div>\n\n\n\n<p><\/p>\n\n\n\n<div class=\"wp-block-columns is-layout-flex wp-container-core-columns-is-layout-9d6595d7 wp-block-columns-is-layout-flex\">\n<div class=\"wp-block-column is-vertically-aligned-center is-layout-flow wp-block-column-is-layout-flow\" style=\"flex-basis:50%\">\n<div class=\"wp-block-group\"><div class=\"wp-block-group__inner-container is-layout-flow wp-block-group-is-layout-flow\"><div class=\"wp-block-image\">\n<figure class=\"aligncenter size-full\"><a href=\"https:\/\/themeholt.com\/wp-content\/uploads\/2024\/02\/kit-elementor-22-removebg-preview.png\"><img loading=\"lazy\" decoding=\"async\" width=\"632\" height=\"395\" src=\"https:\/\/themeholt.com\/wp-content\/uploads\/2024\/02\/kit-elementor-22-removebg-preview.png\" alt=\"\" class=\"wp-image-6870\" srcset=\"https:\/\/themeholt.com\/wp-content\/uploads\/2024\/02\/kit-elementor-22-removebg-preview.png 632w, https:\/\/themeholt.com\/wp-content\/uploads\/2024\/02\/kit-elementor-22-removebg-preview-300x188.png 300w, https:\/\/themeholt.com\/wp-content\/uploads\/2024\/02\/kit-elementor-22-removebg-preview-109x68.png 109w, https:\/\/themeholt.com\/wp-content\/uploads\/2024\/02\/kit-elementor-22-removebg-preview-622x389.png 622w, https:\/\/themeholt.com\/wp-content\/uploads\/2024\/02\/kit-elementor-22-removebg-preview-477x298.png 477w, https:\/\/themeholt.com\/wp-content\/uploads\/2024\/02\/kit-elementor-22-removebg-preview-600x375.png 600w\" sizes=\"auto, (max-width: 632px) 100vw, 632px\" \/><\/a><\/figure><\/div><\/div><\/div>\n<\/div>\n\n\n\n<div class=\"wp-block-column is-vertically-aligned-center is-layout-flow wp-block-column-is-layout-flow\" style=\"flex-basis:50%\">\n<div class=\"wp-block-group\"><div class=\"wp-block-group__inner-container is-layout-flow wp-block-group-is-layout-flow\">\n<h2 class=\"wp-block-heading About-Wordpress-head\" id=\"h-accesa\u021bi-colec\u021bia-nesfar\u0219ita-de-teme-\u0219i-\u0219abloane-wordpress\"><strong>Accesa\u021bi colec\u021bia nesf\u00e2r\u0219it\u0103 de teme \u0219i \u0219abloane WordPress.<\/strong><\/h2>\n<\/div><\/div>\n\n\n\n<p>La Themeholt, avem teme WordPress pentru toat\u0103 lumea \u2013 sunt u\u0219or de utilizat, arat\u0103 grozav pe orice dispozitiv \u0219i se \u00eencarc\u0103 foarte repede.<\/p>\n\n\n\n<p>Cu temele noastre, pute\u021bi crea \u00een sf\u00e2r\u0219it site-ul web la care a\u021bi visat \u00eentotdeauna. Sunt pline de caracteristici \u0219i pot fi personalizate pentru a se potrivi perfect cu stilul t\u0103u.<\/p>\n\n\n\n<p>Dac\u0103 dori\u021bi cele mai bune teme WordPress, nu c\u0103uta\u021bi mai departe dec\u00e2t Themeholt. \u0218abloanele noastre v\u0103 vor ajuta s\u0103 v\u0103 prezenta\u021bi compania \u00een cea mai bun\u0103 lumin\u0103 posibil\u0103.<\/p>\n\n\n\n<p><\/p>\n\n\n\n<p><\/p>\n<\/div>\n<\/div>\n\n\n\n<p>Pute\u021bi construi un site web complet func\u021bional cu toate produsele \u0219i serviciile dvs. folosind temele noastre. \u0218i nu v\u0103 face\u021bi griji cu privire la compatibilitate &#8211; temele noastre func\u021bioneaz\u0103 perfect cu cea mai recent\u0103 versiune de WordPress.<\/p>\n\n\n\n<p>Temele noastre simple, dar puternice, v\u0103 vor ajuta con\u021binutul s\u0103 ias\u0103 \u00een eviden\u021b\u0103 \u0219i s\u0103 men\u021bin\u0103 vizitatorii implica\u021bi.<\/p>\n\n\n\n<p>\u00cen\u021belegem c\u00e2t de important este pentru companii s\u0103 aib\u0103 o prezen\u021b\u0103 puternic\u0103 online. De aceea, am ales cu aten\u021bie cele mai bune teme WordPress din care s\u0103 le alege\u021bi. Arunc\u0103 o privire \u0219i vezi cum po\u021bi impresiona vizitatorii site-ului t\u0103u.<\/p>\n","protected":false},"excerpt":{"rendered":"<p>Intr\u0103 pe cea mai mare pia\u021b\u0103 din lume pentru teme WordPress uimitoare Themeholt<a class=\"read-more\" href=\"https:\/\/themeholt.com\/ro\/despre\/\">&#8230;<\/a><\/p>\n","protected":false},"author":4,"featured_media":29681,"parent":0,"menu_order":0,"comment_status":"closed","ping_status":"closed","template":"","meta":{"_acf_changed":false,"inline_featured_image":false,"footnotes":""},"class_list":["post-29679","page","type-page","status-publish","has-post-thumbnail","hentry"],"acf":[],"yoast_head":"<!-- This site is optimized with the Yoast SEO Premium plugin v22.1 (Yoast SEO v26.0) - https:\/\/yoast.com\/wordpress\/plugins\/seo\/ -->\n<title>Despre - Teme WordPress inovatoare | Themeholt<\/title>\n<meta name=\"description\" content=\"Ob\u021bine\u021bi teme WordPress inovatoare la un pre\u021b accesibil. G\u0103si\u021bi modele unice cu op\u021biuni \u0219i caracteristici personalizabile. Afla\u021bi mai multe despre noi!\" \/>\n<meta name=\"robots\" content=\"index, follow, max-snippet:-1, max-image-preview:large, max-video-preview:-1\" \/>\n<link rel=\"canonical\" href=\"https:\/\/themeholt.com\/ro\/despre\/\" \/>\n<meta property=\"og:locale\" content=\"ro_RO\" \/>\n<meta property=\"og:type\" content=\"article\" \/>\n<meta property=\"og:title\" content=\"Despre\" \/>\n<meta property=\"og:description\" content=\"Ob\u021bine\u021bi teme WordPress inovatoare la un pre\u021b accesibil. G\u0103si\u021bi modele unice cu op\u021biuni \u0219i caracteristici personalizabile. Afla\u021bi mai multe despre noi!\" \/>\n<meta property=\"og:url\" content=\"https:\/\/themeholt.com\/ro\/despre\/\" \/>\n<meta property=\"og:site_name\" content=\"ThemeHolt\" \/>\n<meta property=\"article:publisher\" content=\"https:\/\/www.facebook.com\/themeholtT\" \/>\n<meta property=\"article:modified_time\" content=\"2024-12-12T08:16:57+00:00\" \/>\n<meta property=\"og:image\" content=\"https:\/\/themeholt.com\/wp-content\/uploads\/2023\/02\/Best-WordPress-Child-Themes-4.jpg\" \/>\n\t<meta property=\"og:image:width\" content=\"1680\" \/>\n\t<meta property=\"og:image:height\" content=\"924\" \/>\n\t<meta property=\"og:image:type\" content=\"image\/jpeg\" \/>\n<meta name=\"twitter:card\" content=\"summary_large_image\" \/>\n<meta name=\"twitter:site\" content=\"@ThemeholtT\" \/>\n<meta name=\"twitter:label1\" content=\"Timp estimat pentru citire\" \/>\n\t<meta name=\"twitter:data1\" content=\"4 minute\" \/>\n<script type=\"application\/ld+json\" class=\"yoast-schema-graph\">{\"@context\":\"https:\/\/schema.org\",\"@graph\":[{\"@type\":[\"WebPage\",\"AboutPage\"],\"@id\":\"https:\/\/themeholt.com\/ro\/despre\/\",\"url\":\"https:\/\/themeholt.com\/ro\/despre\/\",\"name\":\"Despre - Teme WordPress inovatoare | Themeholt\",\"isPartOf\":{\"@id\":\"https:\/\/themeholt.com\/#website\"},\"primaryImageOfPage\":{\"@id\":\"https:\/\/themeholt.com\/ro\/despre\/#primaryimage\"},\"image\":{\"@id\":\"https:\/\/themeholt.com\/ro\/despre\/#primaryimage\"},\"thumbnailUrl\":\"https:\/\/themeholt.com\/wp-content\/uploads\/2023\/02\/Best-WordPress-Child-Themes-4.jpg\",\"datePublished\":\"2024-03-21T12:51:56+00:00\",\"dateModified\":\"2024-12-12T08:16:57+00:00\",\"description\":\"Ob\u021bine\u021bi teme WordPress inovatoare la un pre\u021b accesibil. G\u0103si\u021bi modele unice cu op\u021biuni \u0219i caracteristici personalizabile. Afla\u021bi mai multe despre noi!\",\"breadcrumb\":{\"@id\":\"https:\/\/themeholt.com\/ro\/despre\/#breadcrumb\"},\"inLanguage\":\"ro-RO\",\"potentialAction\":[{\"@type\":\"ReadAction\",\"target\":[\"https:\/\/themeholt.com\/ro\/despre\/\"]}]},{\"@type\":\"ImageObject\",\"inLanguage\":\"ro-RO\",\"@id\":\"https:\/\/themeholt.com\/ro\/despre\/#primaryimage\",\"url\":\"https:\/\/themeholt.com\/wp-content\/uploads\/2023\/02\/Best-WordPress-Child-Themes-4.jpg\",\"contentUrl\":\"https:\/\/themeholt.com\/wp-content\/uploads\/2023\/02\/Best-WordPress-Child-Themes-4.jpg\",\"width\":1680,\"height\":924},{\"@type\":\"BreadcrumbList\",\"@id\":\"https:\/\/themeholt.com\/ro\/despre\/#breadcrumb\",\"itemListElement\":[{\"@type\":\"ListItem\",\"position\":1,\"name\":\"Home\",\"item\":\"https:\/\/themeholt.com\/ro\/\"},{\"@type\":\"ListItem\",\"position\":2,\"name\":\"Despre\"}]},{\"@type\":\"WebSite\",\"@id\":\"https:\/\/themeholt.com\/#website\",\"url\":\"https:\/\/themeholt.com\/\",\"name\":\"ThemeHolt\",\"description\":\"Themeholt is a website that offers high-quality WordPress themes\",\"publisher\":{\"@id\":\"https:\/\/themeholt.com\/#organization\"},\"potentialAction\":[{\"@type\":\"SearchAction\",\"target\":{\"@type\":\"EntryPoint\",\"urlTemplate\":\"https:\/\/themeholt.com\/?s={search_term_string}\"},\"query-input\":{\"@type\":\"PropertyValueSpecification\",\"valueRequired\":true,\"valueName\":\"search_term_string\"}}],\"inLanguage\":\"ro-RO\"},{\"@type\":\"Organization\",\"@id\":\"https:\/\/themeholt.com\/#organization\",\"name\":\"ThemeHolt\",\"alternateName\":\"ThemeHolt\",\"url\":\"https:\/\/themeholt.com\/\",\"logo\":{\"@type\":\"ImageObject\",\"inLanguage\":\"ro-RO\",\"@id\":\"https:\/\/themeholt.com\/#\/schema\/logo\/image\/\",\"url\":\"https:\/\/themeholt.com\/wp-content\/uploads\/2024\/10\/themeholt.png\",\"contentUrl\":\"https:\/\/themeholt.com\/wp-content\/uploads\/2024\/10\/themeholt.png\",\"width\":225,\"height\":225,\"caption\":\"ThemeHolt\"},\"image\":{\"@id\":\"https:\/\/themeholt.com\/#\/schema\/logo\/image\/\"},\"sameAs\":[\"https:\/\/www.facebook.com\/themeholtT\",\"https:\/\/x.com\/ThemeholtT\",\"https:\/\/www.linkedin.com\/company\/themeholt\",\"https:\/\/www.instagram.com\/themeholtt\/\"],\"description\":\"Themeholt is a website that offers high-quality WordPress themes that are easy to use and ready for just about everything. In Eindhoven, Netherlands, since 2020 offering simple, accessible WordPress themes by providing a variety of requirements. Themeholt focuses on practicality and efficiency, allowing faster project completion with its superior marketplace and easy-to-use templates.\",\"legalName\":\"ThemeHolt\",\"foundingDate\":\"2022-11-10\",\"numberOfEmployees\":{\"@type\":\"QuantitativeValue\",\"minValue\":\"51\",\"maxValue\":\"200\"}}]}<\/script>\n<!-- \/ Yoast SEO Premium plugin. -->","yoast_head_json":{"title":"Despre - Teme WordPress inovatoare | Themeholt","description":"Ob\u021bine\u021bi teme WordPress inovatoare la un pre\u021b accesibil. G\u0103si\u021bi modele unice cu op\u021biuni \u0219i caracteristici personalizabile. Afla\u021bi mai multe despre noi!","robots":{"index":"index","follow":"follow","max-snippet":"max-snippet:-1","max-image-preview":"max-image-preview:large","max-video-preview":"max-video-preview:-1"},"canonical":"https:\/\/themeholt.com\/ro\/despre\/","og_locale":"ro_RO","og_type":"article","og_title":"Despre","og_description":"Ob\u021bine\u021bi teme WordPress inovatoare la un pre\u021b accesibil. G\u0103si\u021bi modele unice cu op\u021biuni \u0219i caracteristici personalizabile. Afla\u021bi mai multe despre noi!","og_url":"https:\/\/themeholt.com\/ro\/despre\/","og_site_name":"ThemeHolt","article_publisher":"https:\/\/www.facebook.com\/themeholtT","article_modified_time":"2024-12-12T08:16:57+00:00","og_image":[{"width":1680,"height":924,"url":"https:\/\/themeholt.com\/wp-content\/uploads\/2023\/02\/Best-WordPress-Child-Themes-4.jpg","type":"image\/jpeg"}],"twitter_card":"summary_large_image","twitter_site":"@ThemeholtT","twitter_misc":{"Timp estimat pentru citire":"4 minute"},"schema":{"@context":"https:\/\/schema.org","@graph":[{"@type":["WebPage","AboutPage"],"@id":"https:\/\/themeholt.com\/ro\/despre\/","url":"https:\/\/themeholt.com\/ro\/despre\/","name":"Despre - Teme WordPress inovatoare | Themeholt","isPartOf":{"@id":"https:\/\/themeholt.com\/#website"},"primaryImageOfPage":{"@id":"https:\/\/themeholt.com\/ro\/despre\/#primaryimage"},"image":{"@id":"https:\/\/themeholt.com\/ro\/despre\/#primaryimage"},"thumbnailUrl":"https:\/\/themeholt.com\/wp-content\/uploads\/2023\/02\/Best-WordPress-Child-Themes-4.jpg","datePublished":"2024-03-21T12:51:56+00:00","dateModified":"2024-12-12T08:16:57+00:00","description":"Ob\u021bine\u021bi teme WordPress inovatoare la un pre\u021b accesibil. G\u0103si\u021bi modele unice cu op\u021biuni \u0219i caracteristici personalizabile. Afla\u021bi mai multe despre noi!","breadcrumb":{"@id":"https:\/\/themeholt.com\/ro\/despre\/#breadcrumb"},"inLanguage":"ro-RO","potentialAction":[{"@type":"ReadAction","target":["https:\/\/themeholt.com\/ro\/despre\/"]}]},{"@type":"ImageObject","inLanguage":"ro-RO","@id":"https:\/\/themeholt.com\/ro\/despre\/#primaryimage","url":"https:\/\/themeholt.com\/wp-content\/uploads\/2023\/02\/Best-WordPress-Child-Themes-4.jpg","contentUrl":"https:\/\/themeholt.com\/wp-content\/uploads\/2023\/02\/Best-WordPress-Child-Themes-4.jpg","width":1680,"height":924},{"@type":"BreadcrumbList","@id":"https:\/\/themeholt.com\/ro\/despre\/#breadcrumb","itemListElement":[{"@type":"ListItem","position":1,"name":"Home","item":"https:\/\/themeholt.com\/ro\/"},{"@type":"ListItem","position":2,"name":"Despre"}]},{"@type":"WebSite","@id":"https:\/\/themeholt.com\/#website","url":"https:\/\/themeholt.com\/","name":"ThemeHolt","description":"Themeholt is a website that offers high-quality WordPress themes","publisher":{"@id":"https:\/\/themeholt.com\/#organization"},"potentialAction":[{"@type":"SearchAction","target":{"@type":"EntryPoint","urlTemplate":"https:\/\/themeholt.com\/?s={search_term_string}"},"query-input":{"@type":"PropertyValueSpecification","valueRequired":true,"valueName":"search_term_string"}}],"inLanguage":"ro-RO"},{"@type":"Organization","@id":"https:\/\/themeholt.com\/#organization","name":"ThemeHolt","alternateName":"ThemeHolt","url":"https:\/\/themeholt.com\/","logo":{"@type":"ImageObject","inLanguage":"ro-RO","@id":"https:\/\/themeholt.com\/#\/schema\/logo\/image\/","url":"https:\/\/themeholt.com\/wp-content\/uploads\/2024\/10\/themeholt.png","contentUrl":"https:\/\/themeholt.com\/wp-content\/uploads\/2024\/10\/themeholt.png","width":225,"height":225,"caption":"ThemeHolt"},"image":{"@id":"https:\/\/themeholt.com\/#\/schema\/logo\/image\/"},"sameAs":["https:\/\/www.facebook.com\/themeholtT","https:\/\/x.com\/ThemeholtT","https:\/\/www.linkedin.com\/company\/themeholt","https:\/\/www.instagram.com\/themeholtt\/"],"description":"Themeholt is a website that offers high-quality WordPress themes that are easy to use and ready for just about everything. In Eindhoven, Netherlands, since 2020 offering simple, accessible WordPress themes by providing a variety of requirements. Themeholt focuses on practicality and efficiency, allowing faster project completion with its superior marketplace and easy-to-use templates.","legalName":"ThemeHolt","foundingDate":"2022-11-10","numberOfEmployees":{"@type":"QuantitativeValue","minValue":"51","maxValue":"200"}}]}},"_links":{"self":[{"href":"https:\/\/themeholt.com\/ro\/wp-json\/wp\/v2\/pages\/29679","targetHints":{"allow":["GET"]}}],"collection":[{"href":"https:\/\/themeholt.com\/ro\/wp-json\/wp\/v2\/pages"}],"about":[{"href":"https:\/\/themeholt.com\/ro\/wp-json\/wp\/v2\/types\/page"}],"author":[{"embeddable":true,"href":"https:\/\/themeholt.com\/ro\/wp-json\/wp\/v2\/users\/4"}],"replies":[{"embeddable":true,"href":"https:\/\/themeholt.com\/ro\/wp-json\/wp\/v2\/comments?post=29679"}],"version-history":[{"count":1,"href":"https:\/\/themeholt.com\/ro\/wp-json\/wp\/v2\/pages\/29679\/revisions"}],"predecessor-version":[{"id":29690,"href":"https:\/\/themeholt.com\/ro\/wp-json\/wp\/v2\/pages\/29679\/revisions\/29690"}],"wp:featuredmedia":[{"embeddable":true,"href":"https:\/\/themeholt.com\/ro\/wp-json\/wp\/v2\/media\/29681"}],"wp:attachment":[{"href":"https:\/\/themeholt.com\/ro\/wp-json\/wp\/v2\/media?parent=29679"}],"curies":[{"name":"wp","href":"https:\/\/api.w.org\/{rel}","templated":true}]}}