{"id":16180,"date":"2024-04-01T05:13:35","date_gmt":"2024-04-01T05:13:35","guid":{"rendered":"https:\/\/themeholt.com\/product\/foodera-unbounce-food-landing-page-template\/"},"modified":"2024-10-30T05:11:16","modified_gmt":"2024-10-30T05:11:16","slug":"foodera-unbounce-food-landing-page-sablon","status":"publish","type":"product","link":"https:\/\/themeholt.com\/ro\/product\/foodera-unbounce-food-landing-page-sablon\/","title":{"rendered":"Foodera \u2014 Unbounce Food Landing Page \u0218ablon"},"content":{"rendered":"<p><span style=\"font-weight: 400\">\u0218ablonul de pagin\u0103 de destina\u021bie Foodera Unbounce Food este o modalitate modern\u0103 \u0219i eficient\u0103 de a eviden\u021bia companiile care se ocup\u0103 cu alimente.. Datorit\u0103 designului s\u0103u inovator \u0219i receptiv, site-ul dvs. web va ar\u0103ta grozav pe toate ecranele , inclusiv desktop-uri \u0219i telefoane mobile. Pute\u021bi pur \u0219i simplu s\u0103 v\u0103 prezenta\u021bi ofertele \u0219i s\u0103 implica\u021bi poten\u021bialii consumatori cu zone pentru m\u0103rturii, formulare de contact \u0219i meniuri care sunt toate personalizate. Fie c\u0103 caut\u0103 meniul pentru restaurantul t\u0103u sau doresc s\u0103 fac\u0103 o rezervare online, vizitatorii pot descoperi cu u\u0219urin\u021b\u0103 informa\u021biile de care au nevoie.<\/span><\/p>\n<p><span style=\"font-weight: 400\">Mul\u021bumit\u0103 structurii clare a \u0219ablonului \u0219i navig\u0103rii simple. Foodera a fost ajustat\u0103 at\u00e2t pentru viteza, c\u00e2t \u0219i pentru optimizarea motoarelor de c\u0103utare. Acest lucru ajut\u0103 site-ul dvs. s\u0103 se claseze mai sus \u00een rezultatele motoarelor de c\u0103utare \u0219i ofer\u0103 vizitatorilor o experien\u021b\u0103 u\u0219oar\u0103 de navigare.<\/span><\/p>\n","protected":false},"excerpt":{"rendered":"<ul>\n<li style=\"font-weight: 400\"><span style=\"font-weight: 400\">Design modern<\/span><\/li>\n<li style=\"font-weight: 400\"><span style=\"font-weight: 400\">Reactivitate la dispozitive mobile<\/span><\/li>\n<li style=\"font-weight: 400\"><span style=\"font-weight: 400\">Op\u021biuni de personalizare<\/span><\/li>\n<li style=\"font-weight: 400\"><span style=\"font-weight: 400\">Capacit\u0103\u021bi de integrare<\/span><\/li>\n<li style=\"font-weight: 400\"><span style=\"font-weight: 400\">Seo-Friendly<\/span><\/li>\n<li style=\"font-weight: 400\"><span style=\"font-weight: 400\">Asisten\u021b\u0103 pentru clien\u021bi<\/span><\/li>\n<li style=\"font-weight: 400\"><span style=\"font-weight: 400\">Func\u021bii de generare de clien\u021bi poten\u021biali<\/span><\/li>\n<\/ul>\n","protected":false},"featured_media":16183,"template":"","meta":{"_acf_changed":false,"inline_featured_image":false},"product_brand":[],"product_cat":[1522],"product_tag":[],"class_list":{"0":"post-16180","1":"product","2":"type-product","3":"status-publish","4":"has-post-thumbnail","6":"product_cat-landing-pages-ro","8":"first","9":"instock","10":"sale","11":"downloadable","12":"taxable","13":"shipping-taxable","14":"purchasable","15":"product-type-simple"},"acf":[],"yoast_head":"<!-- This site is optimized with the Yoast SEO Premium plugin v22.1 (Yoast SEO v26.0) - https:\/\/yoast.com\/wordpress\/plugins\/seo\/ -->\n<title>\u0218ablon de pagin\u0103 de destina\u021bie pentru alimente | Themeholt<\/title>\n<meta name=\"description\" content=\"Crea\u021bi cu u\u0219urin\u021b\u0103 un site web cu \u0219ablonul nostru pentru pagina de destina\u021bie pentru alimente. Prezint\u0103-\u021bi frumos felurile de m\u00e2ncare. Design personalizabil \u0219i receptiv pentru afacerea dvs. alimentar\u0103.\" \/>\n<meta name=\"robots\" content=\"index, follow, max-snippet:-1, max-image-preview:large, max-video-preview:-1\" \/>\n<link rel=\"canonical\" href=\"https:\/\/themeholt.com\/ro\/product\/foodera-unbounce-food-landing-page-sablon\/\" \/>\n<meta property=\"og:locale\" content=\"ro_RO\" \/>\n<meta property=\"og:type\" content=\"article\" \/>\n<meta property=\"og:title\" content=\"Foodera \u2014 Unbounce Food Landing Page \u0218ablon\" \/>\n<meta property=\"og:description\" content=\"Crea\u021bi cu u\u0219urin\u021b\u0103 un site web cu \u0219ablonul nostru pentru pagina de destina\u021bie pentru alimente. Prezint\u0103-\u021bi frumos felurile de m\u00e2ncare. Design personalizabil \u0219i receptiv pentru afacerea dvs. alimentar\u0103.\" \/>\n<meta property=\"og:url\" content=\"https:\/\/themeholt.com\/ro\/product\/foodera-unbounce-food-landing-page-sablon\/\" \/>\n<meta property=\"og:site_name\" content=\"ThemeHolt\" \/>\n<meta property=\"article:publisher\" content=\"https:\/\/www.facebook.com\/themeholtT\" \/>\n<meta property=\"article:modified_time\" content=\"2024-10-30T05:11:16+00:00\" \/>\n<meta property=\"og:image\" content=\"https:\/\/themeholt.com\/wp-content\/uploads\/2024\/04\/unbouncepages-com-foodera-storefront-envato-elements.png\" \/>\n\t<meta property=\"og:image:width\" content=\"1365\" \/>\n\t<meta property=\"og:image:height\" content=\"851\" \/>\n\t<meta property=\"og:image:type\" content=\"image\/png\" \/>\n<meta name=\"twitter:card\" content=\"summary_large_image\" \/>\n<meta name=\"twitter:site\" content=\"@ThemeholtT\" \/>\n<meta name=\"twitter:label1\" content=\"Timp estimat pentru citire\" \/>\n\t<meta name=\"twitter:data1\" content=\"1 minut\" \/>\n<script type=\"application\/ld+json\" class=\"yoast-schema-graph\">{\"@context\":\"https:\/\/schema.org\",\"@graph\":[{\"@type\":\"WebPage\",\"@id\":\"https:\/\/themeholt.com\/ro\/product\/foodera-unbounce-food-landing-page-sablon\/\",\"url\":\"https:\/\/themeholt.com\/ro\/product\/foodera-unbounce-food-landing-page-sablon\/\",\"name\":\"\u0218ablon de pagin\u0103 de destina\u021bie pentru alimente | Themeholt\",\"isPartOf\":{\"@id\":\"https:\/\/themeholt.com\/#website\"},\"primaryImageOfPage\":{\"@id\":\"https:\/\/themeholt.com\/ro\/product\/foodera-unbounce-food-landing-page-sablon\/#primaryimage\"},\"image\":{\"@id\":\"https:\/\/themeholt.com\/ro\/product\/foodera-unbounce-food-landing-page-sablon\/#primaryimage\"},\"thumbnailUrl\":\"https:\/\/themeholt.com\/wp-content\/uploads\/2024\/04\/unbouncepages-com-foodera-storefront-envato-elements.png\",\"datePublished\":\"2024-04-01T05:13:35+00:00\",\"dateModified\":\"2024-10-30T05:11:16+00:00\",\"description\":\"Crea\u021bi cu u\u0219urin\u021b\u0103 un site web cu \u0219ablonul nostru pentru pagina de destina\u021bie pentru alimente. Prezint\u0103-\u021bi frumos felurile de m\u00e2ncare. Design personalizabil \u0219i receptiv pentru afacerea dvs. alimentar\u0103.\",\"breadcrumb\":{\"@id\":\"https:\/\/themeholt.com\/ro\/product\/foodera-unbounce-food-landing-page-sablon\/#breadcrumb\"},\"inLanguage\":\"ro-RO\",\"potentialAction\":[{\"@type\":\"ReadAction\",\"target\":[\"https:\/\/themeholt.com\/ro\/product\/foodera-unbounce-food-landing-page-sablon\/\"]}]},{\"@type\":\"ImageObject\",\"inLanguage\":\"ro-RO\",\"@id\":\"https:\/\/themeholt.com\/ro\/product\/foodera-unbounce-food-landing-page-sablon\/#primaryimage\",\"url\":\"https:\/\/themeholt.com\/wp-content\/uploads\/2024\/04\/unbouncepages-com-foodera-storefront-envato-elements.png\",\"contentUrl\":\"https:\/\/themeholt.com\/wp-content\/uploads\/2024\/04\/unbouncepages-com-foodera-storefront-envato-elements.png\",\"width\":1365,\"height\":851},{\"@type\":\"BreadcrumbList\",\"@id\":\"https:\/\/themeholt.com\/ro\/product\/foodera-unbounce-food-landing-page-sablon\/#breadcrumb\",\"itemListElement\":[{\"@type\":\"ListItem\",\"position\":1,\"name\":\"Home\",\"item\":\"https:\/\/themeholt.com\/ro\/\"},{\"@type\":\"ListItem\",\"position\":2,\"name\":\"Shop\",\"item\":\"https:\/\/themeholt.com\/shop\/\"},{\"@type\":\"ListItem\",\"position\":3,\"name\":\"Foodera \u2014 Unbounce Food Landing Page \u0218ablon\"}]},{\"@type\":\"WebSite\",\"@id\":\"https:\/\/themeholt.com\/#website\",\"url\":\"https:\/\/themeholt.com\/\",\"name\":\"ThemeHolt\",\"description\":\"Themeholt is a website that offers high-quality WordPress themes\",\"publisher\":{\"@id\":\"https:\/\/themeholt.com\/#organization\"},\"potentialAction\":[{\"@type\":\"SearchAction\",\"target\":{\"@type\":\"EntryPoint\",\"urlTemplate\":\"https:\/\/themeholt.com\/?s={search_term_string}\"},\"query-input\":{\"@type\":\"PropertyValueSpecification\",\"valueRequired\":true,\"valueName\":\"search_term_string\"}}],\"inLanguage\":\"ro-RO\"},{\"@type\":\"Organization\",\"@id\":\"https:\/\/themeholt.com\/#organization\",\"name\":\"ThemeHolt\",\"alternateName\":\"ThemeHolt\",\"url\":\"https:\/\/themeholt.com\/\",\"logo\":{\"@type\":\"ImageObject\",\"inLanguage\":\"ro-RO\",\"@id\":\"https:\/\/themeholt.com\/#\/schema\/logo\/image\/\",\"url\":\"https:\/\/themeholt.com\/wp-content\/uploads\/2024\/10\/themeholt.png\",\"contentUrl\":\"https:\/\/themeholt.com\/wp-content\/uploads\/2024\/10\/themeholt.png\",\"width\":225,\"height\":225,\"caption\":\"ThemeHolt\"},\"image\":{\"@id\":\"https:\/\/themeholt.com\/#\/schema\/logo\/image\/\"},\"sameAs\":[\"https:\/\/www.facebook.com\/themeholtT\",\"https:\/\/x.com\/ThemeholtT\",\"https:\/\/www.linkedin.com\/company\/themeholt\",\"https:\/\/www.instagram.com\/themeholtt\/\"],\"description\":\"Themeholt is a website that offers high-quality WordPress themes that are easy to use and ready for just about everything. In Eindhoven, Netherlands, since 2020 offering simple, accessible WordPress themes by providing a variety of requirements. Themeholt focuses on practicality and efficiency, allowing faster project completion with its superior marketplace and easy-to-use templates.\",\"legalName\":\"ThemeHolt\",\"foundingDate\":\"2022-11-10\",\"numberOfEmployees\":{\"@type\":\"QuantitativeValue\",\"minValue\":\"51\",\"maxValue\":\"200\"}}]}<\/script>\n<!-- \/ Yoast SEO Premium plugin. -->","yoast_head_json":{"title":"\u0218ablon de pagin\u0103 de destina\u021bie pentru alimente | Themeholt","description":"Crea\u021bi cu u\u0219urin\u021b\u0103 un site web cu \u0219ablonul nostru pentru pagina de destina\u021bie pentru alimente. Prezint\u0103-\u021bi frumos felurile de m\u00e2ncare. Design personalizabil \u0219i receptiv pentru afacerea dvs. alimentar\u0103.","robots":{"index":"index","follow":"follow","max-snippet":"max-snippet:-1","max-image-preview":"max-image-preview:large","max-video-preview":"max-video-preview:-1"},"canonical":"https:\/\/themeholt.com\/ro\/product\/foodera-unbounce-food-landing-page-sablon\/","og_locale":"ro_RO","og_type":"article","og_title":"Foodera \u2014 Unbounce Food Landing Page \u0218ablon","og_description":"Crea\u021bi cu u\u0219urin\u021b\u0103 un site web cu \u0219ablonul nostru pentru pagina de destina\u021bie pentru alimente. Prezint\u0103-\u021bi frumos felurile de m\u00e2ncare. Design personalizabil \u0219i receptiv pentru afacerea dvs. alimentar\u0103.","og_url":"https:\/\/themeholt.com\/ro\/product\/foodera-unbounce-food-landing-page-sablon\/","og_site_name":"ThemeHolt","article_publisher":"https:\/\/www.facebook.com\/themeholtT","article_modified_time":"2024-10-30T05:11:16+00:00","og_image":[{"width":1365,"height":851,"url":"https:\/\/themeholt.com\/wp-content\/uploads\/2024\/04\/unbouncepages-com-foodera-storefront-envato-elements.png","type":"image\/png"}],"twitter_card":"summary_large_image","twitter_site":"@ThemeholtT","twitter_misc":{"Timp estimat pentru citire":"1 minut"},"schema":{"@context":"https:\/\/schema.org","@graph":[{"@type":"WebPage","@id":"https:\/\/themeholt.com\/ro\/product\/foodera-unbounce-food-landing-page-sablon\/","url":"https:\/\/themeholt.com\/ro\/product\/foodera-unbounce-food-landing-page-sablon\/","name":"\u0218ablon de pagin\u0103 de destina\u021bie pentru alimente | Themeholt","isPartOf":{"@id":"https:\/\/themeholt.com\/#website"},"primaryImageOfPage":{"@id":"https:\/\/themeholt.com\/ro\/product\/foodera-unbounce-food-landing-page-sablon\/#primaryimage"},"image":{"@id":"https:\/\/themeholt.com\/ro\/product\/foodera-unbounce-food-landing-page-sablon\/#primaryimage"},"thumbnailUrl":"https:\/\/themeholt.com\/wp-content\/uploads\/2024\/04\/unbouncepages-com-foodera-storefront-envato-elements.png","datePublished":"2024-04-01T05:13:35+00:00","dateModified":"2024-10-30T05:11:16+00:00","description":"Crea\u021bi cu u\u0219urin\u021b\u0103 un site web cu \u0219ablonul nostru pentru pagina de destina\u021bie pentru alimente. Prezint\u0103-\u021bi frumos felurile de m\u00e2ncare. Design personalizabil \u0219i receptiv pentru afacerea dvs. alimentar\u0103.","breadcrumb":{"@id":"https:\/\/themeholt.com\/ro\/product\/foodera-unbounce-food-landing-page-sablon\/#breadcrumb"},"inLanguage":"ro-RO","potentialAction":[{"@type":"ReadAction","target":["https:\/\/themeholt.com\/ro\/product\/foodera-unbounce-food-landing-page-sablon\/"]}]},{"@type":"ImageObject","inLanguage":"ro-RO","@id":"https:\/\/themeholt.com\/ro\/product\/foodera-unbounce-food-landing-page-sablon\/#primaryimage","url":"https:\/\/themeholt.com\/wp-content\/uploads\/2024\/04\/unbouncepages-com-foodera-storefront-envato-elements.png","contentUrl":"https:\/\/themeholt.com\/wp-content\/uploads\/2024\/04\/unbouncepages-com-foodera-storefront-envato-elements.png","width":1365,"height":851},{"@type":"BreadcrumbList","@id":"https:\/\/themeholt.com\/ro\/product\/foodera-unbounce-food-landing-page-sablon\/#breadcrumb","itemListElement":[{"@type":"ListItem","position":1,"name":"Home","item":"https:\/\/themeholt.com\/ro\/"},{"@type":"ListItem","position":2,"name":"Shop","item":"https:\/\/themeholt.com\/shop\/"},{"@type":"ListItem","position":3,"name":"Foodera \u2014 Unbounce Food Landing Page \u0218ablon"}]},{"@type":"WebSite","@id":"https:\/\/themeholt.com\/#website","url":"https:\/\/themeholt.com\/","name":"ThemeHolt","description":"Themeholt is a website that offers high-quality WordPress themes","publisher":{"@id":"https:\/\/themeholt.com\/#organization"},"potentialAction":[{"@type":"SearchAction","target":{"@type":"EntryPoint","urlTemplate":"https:\/\/themeholt.com\/?s={search_term_string}"},"query-input":{"@type":"PropertyValueSpecification","valueRequired":true,"valueName":"search_term_string"}}],"inLanguage":"ro-RO"},{"@type":"Organization","@id":"https:\/\/themeholt.com\/#organization","name":"ThemeHolt","alternateName":"ThemeHolt","url":"https:\/\/themeholt.com\/","logo":{"@type":"ImageObject","inLanguage":"ro-RO","@id":"https:\/\/themeholt.com\/#\/schema\/logo\/image\/","url":"https:\/\/themeholt.com\/wp-content\/uploads\/2024\/10\/themeholt.png","contentUrl":"https:\/\/themeholt.com\/wp-content\/uploads\/2024\/10\/themeholt.png","width":225,"height":225,"caption":"ThemeHolt"},"image":{"@id":"https:\/\/themeholt.com\/#\/schema\/logo\/image\/"},"sameAs":["https:\/\/www.facebook.com\/themeholtT","https:\/\/x.com\/ThemeholtT","https:\/\/www.linkedin.com\/company\/themeholt","https:\/\/www.instagram.com\/themeholtt\/"],"description":"Themeholt is a website that offers high-quality WordPress themes that are easy to use and ready for just about everything. In Eindhoven, Netherlands, since 2020 offering simple, accessible WordPress themes by providing a variety of requirements. Themeholt focuses on practicality and efficiency, allowing faster project completion with its superior marketplace and easy-to-use templates.","legalName":"ThemeHolt","foundingDate":"2022-11-10","numberOfEmployees":{"@type":"QuantitativeValue","minValue":"51","maxValue":"200"}}]}},"_links":{"self":[{"href":"https:\/\/themeholt.com\/ro\/wp-json\/wp\/v2\/product\/16180","targetHints":{"allow":["GET"]}}],"collection":[{"href":"https:\/\/themeholt.com\/ro\/wp-json\/wp\/v2\/product"}],"about":[{"href":"https:\/\/themeholt.com\/ro\/wp-json\/wp\/v2\/types\/product"}],"wp:featuredmedia":[{"embeddable":true,"href":"https:\/\/themeholt.com\/ro\/wp-json\/wp\/v2\/media\/16183"}],"wp:attachment":[{"href":"https:\/\/themeholt.com\/ro\/wp-json\/wp\/v2\/media?parent=16180"}],"wp:term":[{"taxonomy":"product_brand","embeddable":true,"href":"https:\/\/themeholt.com\/ro\/wp-json\/wp\/v2\/product_brand?post=16180"},{"taxonomy":"product_cat","embeddable":true,"href":"https:\/\/themeholt.com\/ro\/wp-json\/wp\/v2\/product_cat?post=16180"},{"taxonomy":"product_tag","embeddable":true,"href":"https:\/\/themeholt.com\/ro\/wp-json\/wp\/v2\/product_tag?post=16180"}],"curies":[{"name":"wp","href":"https:\/\/api.w.org\/{rel}","templated":true}]}}