{"id":16371,"date":"2023-10-11T08:13:18","date_gmt":"2023-10-11T08:13:18","guid":{"rendered":"https:\/\/themeholt.com\/product\/gocorps-corporate-business-service\/"},"modified":"2024-10-30T08:39:42","modified_gmt":"2024-10-30T08:39:42","slug":"serviciul-de-afaceri-corporative-gocorps","status":"publish","type":"product","link":"https:\/\/themeholt.com\/ro\/product\/serviciul-de-afaceri-corporative-gocorps\/","title":{"rendered":"Serviciul de afaceri corporative Gocorps"},"content":{"rendered":"<p>Serviciul GoCorps WordPress Corporate Business este solu\u021bia suprem\u0103 pentru organiza\u021biile care doresc s\u0103-\u0219i sporeasc\u0103 prezen\u021ba corporativ\u0103 pe web \u0219i s\u0103-\u0219i optimizeze procesele de afaceri. Conceput pentru peisajul corporativ modern, acest serviciu este o platform\u0103 cuprinz\u0103toare, u\u0219or de utilizat \u0219i versatil\u0103, care permite companiilor s\u0103 ating\u0103 excelen\u021ba.<\/p>\n<p>\u00cen centrul GoCorps se afl\u0103 angajamentul s\u0103u fa\u021b\u0103 de opera\u021biuni f\u0103r\u0103 \u00eentreruperi. Ofer\u0103 o gam\u0103 de caracteristici concepute pentru a eficientiza diversele aspecte ale managementului corporativ, de la urm\u0103rirea financiar\u0103 \u0219i managementul resurselor umane p\u00e2n\u0103 la coordonarea proiectelor \u0219i sarcinilor. Interfa\u021ba u\u0219or de utilizat asigur\u0103 c\u0103 companiile \u00ee\u0219i pot gestiona eficient opera\u021biunile de zi cu zi reduc\u00e2nd \u00een acela\u0219i timp complexit\u0103\u021bile.<\/p>\n","protected":false},"excerpt":{"rendered":"<ul>\n<li>Design curat<\/li>\n<li>Aspect profesional<\/li>\n<li>Aspect receptiv<\/li>\n<li>SEO optimizat<\/li>\n<li>Tem\u0103 complet personalizabil\u0103<\/li>\n<li>Elementor Page Builder<\/li>\n<li>Preg\u0103tit pentru WooCommerce<\/li>\n<li>Securitate \u0219i conformitate<\/li>\n<\/ul>\n","protected":false},"featured_media":16372,"template":"","meta":{"_acf_changed":false,"inline_featured_image":false},"product_brand":[],"product_cat":[1523],"product_tag":[1524,1528,1529,1530],"class_list":{"0":"post-16371","1":"product","2":"type-product","3":"status-publish","4":"has-post-thumbnail","6":"product_cat-corporate-business-ro","7":"product_tag-affordable-corporate-business-ro","8":"product_tag-corporate-business-service-ro","9":"product_tag-corporate-design-ro","10":"product_tag-professional-theme-ro","12":"first","13":"instock","14":"sale","15":"downloadable","16":"taxable","17":"shipping-taxable","18":"purchasable","19":"product-type-simple"},"acf":[],"yoast_head":"<!-- This site is optimized with the Yoast SEO Premium plugin v22.1 (Yoast SEO v26.0) - https:\/\/yoast.com\/wordpress\/plugins\/seo\/ -->\n<title>Serviciu de afaceri corporative GoCorps | Stil corporativ | Themeholt<\/title>\n<meta name=\"description\" content=\"Transform\u0103-\u021bi imaginea afacerii cu serviciul de afaceri corporative gocorps. Du-\u021bi brandul la noi culmi cu teme de stil corporativ de la Themeholt. Cump\u0103ra\u021bi acum!\" \/>\n<meta name=\"robots\" content=\"index, follow, max-snippet:-1, max-image-preview:large, max-video-preview:-1\" \/>\n<link rel=\"canonical\" href=\"https:\/\/themeholt.com\/ro\/product\/serviciul-de-afaceri-corporative-gocorps\/\" \/>\n<meta property=\"og:locale\" content=\"ro_RO\" \/>\n<meta property=\"og:type\" content=\"article\" \/>\n<meta property=\"og:title\" content=\"Serviciul de afaceri corporative Gocorps\" \/>\n<meta property=\"og:description\" content=\"Transform\u0103-\u021bi imaginea afacerii cu serviciul de afaceri corporative gocorps. Du-\u021bi brandul la noi culmi cu teme de stil corporativ de la Themeholt. Cump\u0103ra\u021bi acum!\" \/>\n<meta property=\"og:url\" content=\"https:\/\/themeholt.com\/ro\/product\/serviciul-de-afaceri-corporative-gocorps\/\" \/>\n<meta property=\"og:site_name\" content=\"ThemeHolt\" \/>\n<meta property=\"article:publisher\" content=\"https:\/\/www.facebook.com\/themeholtT\" \/>\n<meta property=\"article:modified_time\" content=\"2024-10-30T08:39:42+00:00\" \/>\n<meta property=\"og:image\" content=\"https:\/\/themeholt.com\/wp-content\/uploads\/2023\/10\/51-1.png\" \/>\n\t<meta property=\"og:image:width\" content=\"1365\" \/>\n\t<meta property=\"og:image:height\" content=\"1092\" \/>\n\t<meta property=\"og:image:type\" content=\"image\/png\" \/>\n<meta name=\"twitter:card\" content=\"summary_large_image\" \/>\n<meta name=\"twitter:site\" content=\"@ThemeholtT\" \/>\n<meta name=\"twitter:label1\" content=\"Timp estimat pentru citire\" \/>\n\t<meta name=\"twitter:data1\" content=\"1 minut\" \/>\n<script type=\"application\/ld+json\" class=\"yoast-schema-graph\">{\"@context\":\"https:\/\/schema.org\",\"@graph\":[{\"@type\":\"WebPage\",\"@id\":\"https:\/\/themeholt.com\/ro\/product\/serviciul-de-afaceri-corporative-gocorps\/\",\"url\":\"https:\/\/themeholt.com\/ro\/product\/serviciul-de-afaceri-corporative-gocorps\/\",\"name\":\"Serviciu de afaceri corporative GoCorps | Stil corporativ | Themeholt\",\"isPartOf\":{\"@id\":\"https:\/\/themeholt.com\/#website\"},\"primaryImageOfPage\":{\"@id\":\"https:\/\/themeholt.com\/ro\/product\/serviciul-de-afaceri-corporative-gocorps\/#primaryimage\"},\"image\":{\"@id\":\"https:\/\/themeholt.com\/ro\/product\/serviciul-de-afaceri-corporative-gocorps\/#primaryimage\"},\"thumbnailUrl\":\"https:\/\/themeholt.com\/wp-content\/uploads\/2023\/10\/51-1.png\",\"datePublished\":\"2023-10-11T08:13:18+00:00\",\"dateModified\":\"2024-10-30T08:39:42+00:00\",\"description\":\"Transform\u0103-\u021bi imaginea afacerii cu serviciul de afaceri corporative gocorps. Du-\u021bi brandul la noi culmi cu teme de stil corporativ de la Themeholt. Cump\u0103ra\u021bi acum!\",\"breadcrumb\":{\"@id\":\"https:\/\/themeholt.com\/ro\/product\/serviciul-de-afaceri-corporative-gocorps\/#breadcrumb\"},\"inLanguage\":\"ro-RO\",\"potentialAction\":[{\"@type\":\"ReadAction\",\"target\":[\"https:\/\/themeholt.com\/ro\/product\/serviciul-de-afaceri-corporative-gocorps\/\"]}]},{\"@type\":\"ImageObject\",\"inLanguage\":\"ro-RO\",\"@id\":\"https:\/\/themeholt.com\/ro\/product\/serviciul-de-afaceri-corporative-gocorps\/#primaryimage\",\"url\":\"https:\/\/themeholt.com\/wp-content\/uploads\/2023\/10\/51-1.png\",\"contentUrl\":\"https:\/\/themeholt.com\/wp-content\/uploads\/2023\/10\/51-1.png\",\"width\":1365,\"height\":1092},{\"@type\":\"BreadcrumbList\",\"@id\":\"https:\/\/themeholt.com\/ro\/product\/serviciul-de-afaceri-corporative-gocorps\/#breadcrumb\",\"itemListElement\":[{\"@type\":\"ListItem\",\"position\":1,\"name\":\"Home\",\"item\":\"https:\/\/themeholt.com\/ro\/\"},{\"@type\":\"ListItem\",\"position\":2,\"name\":\"Shop\",\"item\":\"https:\/\/themeholt.com\/shop\/\"},{\"@type\":\"ListItem\",\"position\":3,\"name\":\"Serviciul de afaceri corporative Gocorps\"}]},{\"@type\":\"WebSite\",\"@id\":\"https:\/\/themeholt.com\/#website\",\"url\":\"https:\/\/themeholt.com\/\",\"name\":\"ThemeHolt\",\"description\":\"Themeholt is a website that offers high-quality WordPress themes\",\"publisher\":{\"@id\":\"https:\/\/themeholt.com\/#organization\"},\"potentialAction\":[{\"@type\":\"SearchAction\",\"target\":{\"@type\":\"EntryPoint\",\"urlTemplate\":\"https:\/\/themeholt.com\/?s={search_term_string}\"},\"query-input\":{\"@type\":\"PropertyValueSpecification\",\"valueRequired\":true,\"valueName\":\"search_term_string\"}}],\"inLanguage\":\"ro-RO\"},{\"@type\":\"Organization\",\"@id\":\"https:\/\/themeholt.com\/#organization\",\"name\":\"ThemeHolt\",\"alternateName\":\"ThemeHolt\",\"url\":\"https:\/\/themeholt.com\/\",\"logo\":{\"@type\":\"ImageObject\",\"inLanguage\":\"ro-RO\",\"@id\":\"https:\/\/themeholt.com\/#\/schema\/logo\/image\/\",\"url\":\"https:\/\/themeholt.com\/wp-content\/uploads\/2024\/10\/themeholt.png\",\"contentUrl\":\"https:\/\/themeholt.com\/wp-content\/uploads\/2024\/10\/themeholt.png\",\"width\":225,\"height\":225,\"caption\":\"ThemeHolt\"},\"image\":{\"@id\":\"https:\/\/themeholt.com\/#\/schema\/logo\/image\/\"},\"sameAs\":[\"https:\/\/www.facebook.com\/themeholtT\",\"https:\/\/x.com\/ThemeholtT\",\"https:\/\/www.linkedin.com\/company\/themeholt\",\"https:\/\/www.instagram.com\/themeholtt\/\"],\"description\":\"Themeholt is a website that offers high-quality WordPress themes that are easy to use and ready for just about everything. In Eindhoven, Netherlands, since 2020 offering simple, accessible WordPress themes by providing a variety of requirements. Themeholt focuses on practicality and efficiency, allowing faster project completion with its superior marketplace and easy-to-use templates.\",\"legalName\":\"ThemeHolt\",\"foundingDate\":\"2022-11-10\",\"numberOfEmployees\":{\"@type\":\"QuantitativeValue\",\"minValue\":\"51\",\"maxValue\":\"200\"}}]}<\/script>\n<!-- \/ Yoast SEO Premium plugin. -->","yoast_head_json":{"title":"Serviciu de afaceri corporative GoCorps | Stil corporativ | Themeholt","description":"Transform\u0103-\u021bi imaginea afacerii cu serviciul de afaceri corporative gocorps. Du-\u021bi brandul la noi culmi cu teme de stil corporativ de la Themeholt. Cump\u0103ra\u021bi acum!","robots":{"index":"index","follow":"follow","max-snippet":"max-snippet:-1","max-image-preview":"max-image-preview:large","max-video-preview":"max-video-preview:-1"},"canonical":"https:\/\/themeholt.com\/ro\/product\/serviciul-de-afaceri-corporative-gocorps\/","og_locale":"ro_RO","og_type":"article","og_title":"Serviciul de afaceri corporative Gocorps","og_description":"Transform\u0103-\u021bi imaginea afacerii cu serviciul de afaceri corporative gocorps. Du-\u021bi brandul la noi culmi cu teme de stil corporativ de la Themeholt. Cump\u0103ra\u021bi acum!","og_url":"https:\/\/themeholt.com\/ro\/product\/serviciul-de-afaceri-corporative-gocorps\/","og_site_name":"ThemeHolt","article_publisher":"https:\/\/www.facebook.com\/themeholtT","article_modified_time":"2024-10-30T08:39:42+00:00","og_image":[{"width":1365,"height":1092,"url":"https:\/\/themeholt.com\/wp-content\/uploads\/2023\/10\/51-1.png","type":"image\/png"}],"twitter_card":"summary_large_image","twitter_site":"@ThemeholtT","twitter_misc":{"Timp estimat pentru citire":"1 minut"},"schema":{"@context":"https:\/\/schema.org","@graph":[{"@type":"WebPage","@id":"https:\/\/themeholt.com\/ro\/product\/serviciul-de-afaceri-corporative-gocorps\/","url":"https:\/\/themeholt.com\/ro\/product\/serviciul-de-afaceri-corporative-gocorps\/","name":"Serviciu de afaceri corporative GoCorps | Stil corporativ | Themeholt","isPartOf":{"@id":"https:\/\/themeholt.com\/#website"},"primaryImageOfPage":{"@id":"https:\/\/themeholt.com\/ro\/product\/serviciul-de-afaceri-corporative-gocorps\/#primaryimage"},"image":{"@id":"https:\/\/themeholt.com\/ro\/product\/serviciul-de-afaceri-corporative-gocorps\/#primaryimage"},"thumbnailUrl":"https:\/\/themeholt.com\/wp-content\/uploads\/2023\/10\/51-1.png","datePublished":"2023-10-11T08:13:18+00:00","dateModified":"2024-10-30T08:39:42+00:00","description":"Transform\u0103-\u021bi imaginea afacerii cu serviciul de afaceri corporative gocorps. Du-\u021bi brandul la noi culmi cu teme de stil corporativ de la Themeholt. Cump\u0103ra\u021bi acum!","breadcrumb":{"@id":"https:\/\/themeholt.com\/ro\/product\/serviciul-de-afaceri-corporative-gocorps\/#breadcrumb"},"inLanguage":"ro-RO","potentialAction":[{"@type":"ReadAction","target":["https:\/\/themeholt.com\/ro\/product\/serviciul-de-afaceri-corporative-gocorps\/"]}]},{"@type":"ImageObject","inLanguage":"ro-RO","@id":"https:\/\/themeholt.com\/ro\/product\/serviciul-de-afaceri-corporative-gocorps\/#primaryimage","url":"https:\/\/themeholt.com\/wp-content\/uploads\/2023\/10\/51-1.png","contentUrl":"https:\/\/themeholt.com\/wp-content\/uploads\/2023\/10\/51-1.png","width":1365,"height":1092},{"@type":"BreadcrumbList","@id":"https:\/\/themeholt.com\/ro\/product\/serviciul-de-afaceri-corporative-gocorps\/#breadcrumb","itemListElement":[{"@type":"ListItem","position":1,"name":"Home","item":"https:\/\/themeholt.com\/ro\/"},{"@type":"ListItem","position":2,"name":"Shop","item":"https:\/\/themeholt.com\/shop\/"},{"@type":"ListItem","position":3,"name":"Serviciul de afaceri corporative Gocorps"}]},{"@type":"WebSite","@id":"https:\/\/themeholt.com\/#website","url":"https:\/\/themeholt.com\/","name":"ThemeHolt","description":"Themeholt is a website that offers high-quality WordPress themes","publisher":{"@id":"https:\/\/themeholt.com\/#organization"},"potentialAction":[{"@type":"SearchAction","target":{"@type":"EntryPoint","urlTemplate":"https:\/\/themeholt.com\/?s={search_term_string}"},"query-input":{"@type":"PropertyValueSpecification","valueRequired":true,"valueName":"search_term_string"}}],"inLanguage":"ro-RO"},{"@type":"Organization","@id":"https:\/\/themeholt.com\/#organization","name":"ThemeHolt","alternateName":"ThemeHolt","url":"https:\/\/themeholt.com\/","logo":{"@type":"ImageObject","inLanguage":"ro-RO","@id":"https:\/\/themeholt.com\/#\/schema\/logo\/image\/","url":"https:\/\/themeholt.com\/wp-content\/uploads\/2024\/10\/themeholt.png","contentUrl":"https:\/\/themeholt.com\/wp-content\/uploads\/2024\/10\/themeholt.png","width":225,"height":225,"caption":"ThemeHolt"},"image":{"@id":"https:\/\/themeholt.com\/#\/schema\/logo\/image\/"},"sameAs":["https:\/\/www.facebook.com\/themeholtT","https:\/\/x.com\/ThemeholtT","https:\/\/www.linkedin.com\/company\/themeholt","https:\/\/www.instagram.com\/themeholtt\/"],"description":"Themeholt is a website that offers high-quality WordPress themes that are easy to use and ready for just about everything. In Eindhoven, Netherlands, since 2020 offering simple, accessible WordPress themes by providing a variety of requirements. Themeholt focuses on practicality and efficiency, allowing faster project completion with its superior marketplace and easy-to-use templates.","legalName":"ThemeHolt","foundingDate":"2022-11-10","numberOfEmployees":{"@type":"QuantitativeValue","minValue":"51","maxValue":"200"}}]}},"_links":{"self":[{"href":"https:\/\/themeholt.com\/ro\/wp-json\/wp\/v2\/product\/16371","targetHints":{"allow":["GET"]}}],"collection":[{"href":"https:\/\/themeholt.com\/ro\/wp-json\/wp\/v2\/product"}],"about":[{"href":"https:\/\/themeholt.com\/ro\/wp-json\/wp\/v2\/types\/product"}],"wp:featuredmedia":[{"embeddable":true,"href":"https:\/\/themeholt.com\/ro\/wp-json\/wp\/v2\/media\/16372"}],"wp:attachment":[{"href":"https:\/\/themeholt.com\/ro\/wp-json\/wp\/v2\/media?parent=16371"}],"wp:term":[{"taxonomy":"product_brand","embeddable":true,"href":"https:\/\/themeholt.com\/ro\/wp-json\/wp\/v2\/product_brand?post=16371"},{"taxonomy":"product_cat","embeddable":true,"href":"https:\/\/themeholt.com\/ro\/wp-json\/wp\/v2\/product_cat?post=16371"},{"taxonomy":"product_tag","embeddable":true,"href":"https:\/\/themeholt.com\/ro\/wp-json\/wp\/v2\/product_tag?post=16371"}],"curies":[{"name":"wp","href":"https:\/\/api.w.org\/{rel}","templated":true}]}}