{"id":16379,"date":"2023-10-11T08:15:26","date_gmt":"2023-10-11T08:15:26","guid":{"rendered":"https:\/\/themeholt.com\/product\/skat-corporatebusiness\/"},"modified":"2024-10-30T08:44:23","modified_gmt":"2024-10-30T08:44:23","slug":"skat-corporate-business","status":"publish","type":"product","link":"https:\/\/themeholt.com\/ro\/product\/skat-corporate-business\/","title":{"rendered":"Skat Corporate Business"},"content":{"rendered":"<p>Skat Corporate Business Product este o solu\u021bie de afaceri versatil\u0103 \u0219i cuprinz\u0103toare, conceput\u0103 pentru a satisface nevoile specifice ale corpora\u021biilor \u0219i \u00eentreprinderilor. <strong>Temele corporative WordPress<\/strong> ofer\u0103 o gam\u0103 de caracteristici \u0219i servicii adaptate pentru a eficientiza opera\u021biunile corporative, pentru a spori productivitatea \u0219i pentru a sprijini luarea deciziilor strategice.<\/p>\n<p>Fie c\u0103 este vorba de management financiar, urm\u0103rire a proiectelor, func\u021bii HR sau analiz\u0103 de date, produsul Skat Corporate Business ofer\u0103 o platform\u0103 unificat\u0103 pentru a ajuta organiza\u021biile s\u0103-\u0219i gestioneze eficient procesele de afaceri, s\u0103 reduc\u0103 complexit\u0103\u021bile opera\u021bionale \u0219i s\u0103 stimuleze cre\u0219terea. Cu interfa\u021ba sa u\u0219or de utilizat \u0219i op\u021biunile personalizabile, acest produs este un instrument valoros pentru companiile la scar\u0103 larg\u0103 care doresc s\u0103-\u0219i optimizeze fluxurile de lucru \u0219i s\u0103 ob\u021bin\u0103 un succes mai mare.<\/p>\n","protected":false},"excerpt":{"rendered":"<ul>\n<li>Design profesional<\/li>\n<li>Aspect receptiv<\/li>\n<li>SEO optimizat<\/li>\n<li>Complet personalizabil<\/li>\n<li>Elementor Page Builder<\/li>\n<li>Preg\u0103tit pentru WooCommerce<\/li>\n<li>Integrare cu Business Tools<\/li>\n<\/ul>\n","protected":false},"featured_media":16381,"template":"","meta":{"_acf_changed":false,"inline_featured_image":false},"product_brand":[],"product_cat":[1523],"product_tag":[1524,1532,1533,1534],"class_list":{"0":"post-16379","1":"product","2":"type-product","3":"status-publish","4":"has-post-thumbnail","6":"product_cat-corporate-business-ro","7":"product_tag-affordable-corporate-business-ro","8":"product_tag-corporate-business-ro","9":"product_tag-corporate-style-ro","10":"product_tag-corporate-theme-ro","12":"first","13":"instock","14":"sale","15":"downloadable","16":"taxable","17":"shipping-taxable","18":"purchasable","19":"product-type-simple"},"acf":[],"yoast_head":"<!-- This site is optimized with the Yoast SEO Premium plugin v22.1 (Yoast SEO v26.0) - https:\/\/yoast.com\/wordpress\/plugins\/seo\/ -->\n<title>Skat Corporate Business | Afaceri corporative | Stil corporativ<\/title>\n<meta name=\"description\" content=\"Promova\u021bi-v\u0103 prezen\u021ba corporativ\u0103 cu skat corporate business. Implica\u021bi-v\u0103 eficient cu un design elegant \u0219i un stil puternic. Succesul dumneavoastr\u0103 corporativ \u00eencepe aici!\" \/>\n<meta name=\"robots\" content=\"index, follow, max-snippet:-1, max-image-preview:large, max-video-preview:-1\" \/>\n<link rel=\"canonical\" href=\"https:\/\/themeholt.com\/ro\/product\/skat-corporate-business\/\" \/>\n<meta property=\"og:locale\" content=\"ro_RO\" \/>\n<meta property=\"og:type\" content=\"article\" \/>\n<meta property=\"og:title\" content=\"Skat Corporate Business\" \/>\n<meta property=\"og:description\" content=\"Promova\u021bi-v\u0103 prezen\u021ba corporativ\u0103 cu skat corporate business. Implica\u021bi-v\u0103 eficient cu un design elegant \u0219i un stil puternic. Succesul dumneavoastr\u0103 corporativ \u00eencepe aici!\" \/>\n<meta property=\"og:url\" content=\"https:\/\/themeholt.com\/ro\/product\/skat-corporate-business\/\" \/>\n<meta property=\"og:site_name\" content=\"ThemeHolt\" \/>\n<meta property=\"article:publisher\" content=\"https:\/\/www.facebook.com\/themeholtT\" \/>\n<meta property=\"article:modified_time\" content=\"2024-10-30T08:44:23+00:00\" \/>\n<meta property=\"og:image\" content=\"https:\/\/themeholt.com\/wp-content\/uploads\/2023\/10\/56-1.png\" \/>\n\t<meta property=\"og:image:width\" content=\"1365\" \/>\n\t<meta property=\"og:image:height\" content=\"1296\" \/>\n\t<meta property=\"og:image:type\" content=\"image\/png\" \/>\n<meta name=\"twitter:card\" content=\"summary_large_image\" \/>\n<meta name=\"twitter:site\" content=\"@ThemeholtT\" \/>\n<meta name=\"twitter:label1\" content=\"Timp estimat pentru citire\" \/>\n\t<meta name=\"twitter:data1\" content=\"1 minut\" \/>\n<script type=\"application\/ld+json\" class=\"yoast-schema-graph\">{\"@context\":\"https:\/\/schema.org\",\"@graph\":[{\"@type\":\"WebPage\",\"@id\":\"https:\/\/themeholt.com\/ro\/product\/skat-corporate-business\/\",\"url\":\"https:\/\/themeholt.com\/ro\/product\/skat-corporate-business\/\",\"name\":\"Skat Corporate Business | Afaceri corporative | Stil corporativ\",\"isPartOf\":{\"@id\":\"https:\/\/themeholt.com\/#website\"},\"primaryImageOfPage\":{\"@id\":\"https:\/\/themeholt.com\/ro\/product\/skat-corporate-business\/#primaryimage\"},\"image\":{\"@id\":\"https:\/\/themeholt.com\/ro\/product\/skat-corporate-business\/#primaryimage\"},\"thumbnailUrl\":\"https:\/\/themeholt.com\/wp-content\/uploads\/2023\/10\/56-1.png\",\"datePublished\":\"2023-10-11T08:15:26+00:00\",\"dateModified\":\"2024-10-30T08:44:23+00:00\",\"description\":\"Promova\u021bi-v\u0103 prezen\u021ba corporativ\u0103 cu skat corporate business. Implica\u021bi-v\u0103 eficient cu un design elegant \u0219i un stil puternic. Succesul dumneavoastr\u0103 corporativ \u00eencepe aici!\",\"breadcrumb\":{\"@id\":\"https:\/\/themeholt.com\/ro\/product\/skat-corporate-business\/#breadcrumb\"},\"inLanguage\":\"ro-RO\",\"potentialAction\":[{\"@type\":\"ReadAction\",\"target\":[\"https:\/\/themeholt.com\/ro\/product\/skat-corporate-business\/\"]}]},{\"@type\":\"ImageObject\",\"inLanguage\":\"ro-RO\",\"@id\":\"https:\/\/themeholt.com\/ro\/product\/skat-corporate-business\/#primaryimage\",\"url\":\"https:\/\/themeholt.com\/wp-content\/uploads\/2023\/10\/56-1.png\",\"contentUrl\":\"https:\/\/themeholt.com\/wp-content\/uploads\/2023\/10\/56-1.png\",\"width\":1365,\"height\":1296},{\"@type\":\"BreadcrumbList\",\"@id\":\"https:\/\/themeholt.com\/ro\/product\/skat-corporate-business\/#breadcrumb\",\"itemListElement\":[{\"@type\":\"ListItem\",\"position\":1,\"name\":\"Home\",\"item\":\"https:\/\/themeholt.com\/ro\/\"},{\"@type\":\"ListItem\",\"position\":2,\"name\":\"Shop\",\"item\":\"https:\/\/themeholt.com\/shop\/\"},{\"@type\":\"ListItem\",\"position\":3,\"name\":\"Skat Corporate Business\"}]},{\"@type\":\"WebSite\",\"@id\":\"https:\/\/themeholt.com\/#website\",\"url\":\"https:\/\/themeholt.com\/\",\"name\":\"ThemeHolt\",\"description\":\"Themeholt is a website that offers high-quality WordPress themes\",\"publisher\":{\"@id\":\"https:\/\/themeholt.com\/#organization\"},\"potentialAction\":[{\"@type\":\"SearchAction\",\"target\":{\"@type\":\"EntryPoint\",\"urlTemplate\":\"https:\/\/themeholt.com\/?s={search_term_string}\"},\"query-input\":{\"@type\":\"PropertyValueSpecification\",\"valueRequired\":true,\"valueName\":\"search_term_string\"}}],\"inLanguage\":\"ro-RO\"},{\"@type\":\"Organization\",\"@id\":\"https:\/\/themeholt.com\/#organization\",\"name\":\"ThemeHolt\",\"alternateName\":\"ThemeHolt\",\"url\":\"https:\/\/themeholt.com\/\",\"logo\":{\"@type\":\"ImageObject\",\"inLanguage\":\"ro-RO\",\"@id\":\"https:\/\/themeholt.com\/#\/schema\/logo\/image\/\",\"url\":\"https:\/\/themeholt.com\/wp-content\/uploads\/2024\/10\/themeholt.png\",\"contentUrl\":\"https:\/\/themeholt.com\/wp-content\/uploads\/2024\/10\/themeholt.png\",\"width\":225,\"height\":225,\"caption\":\"ThemeHolt\"},\"image\":{\"@id\":\"https:\/\/themeholt.com\/#\/schema\/logo\/image\/\"},\"sameAs\":[\"https:\/\/www.facebook.com\/themeholtT\",\"https:\/\/x.com\/ThemeholtT\",\"https:\/\/www.linkedin.com\/company\/themeholt\",\"https:\/\/www.instagram.com\/themeholtt\/\"],\"description\":\"Themeholt is a website that offers high-quality WordPress themes that are easy to use and ready for just about everything. In Eindhoven, Netherlands, since 2020 offering simple, accessible WordPress themes by providing a variety of requirements. Themeholt focuses on practicality and efficiency, allowing faster project completion with its superior marketplace and easy-to-use templates.\",\"legalName\":\"ThemeHolt\",\"foundingDate\":\"2022-11-10\",\"numberOfEmployees\":{\"@type\":\"QuantitativeValue\",\"minValue\":\"51\",\"maxValue\":\"200\"}}]}<\/script>\n<!-- \/ Yoast SEO Premium plugin. -->","yoast_head_json":{"title":"Skat Corporate Business | Afaceri corporative | Stil corporativ","description":"Promova\u021bi-v\u0103 prezen\u021ba corporativ\u0103 cu skat corporate business. Implica\u021bi-v\u0103 eficient cu un design elegant \u0219i un stil puternic. Succesul dumneavoastr\u0103 corporativ \u00eencepe aici!","robots":{"index":"index","follow":"follow","max-snippet":"max-snippet:-1","max-image-preview":"max-image-preview:large","max-video-preview":"max-video-preview:-1"},"canonical":"https:\/\/themeholt.com\/ro\/product\/skat-corporate-business\/","og_locale":"ro_RO","og_type":"article","og_title":"Skat Corporate Business","og_description":"Promova\u021bi-v\u0103 prezen\u021ba corporativ\u0103 cu skat corporate business. Implica\u021bi-v\u0103 eficient cu un design elegant \u0219i un stil puternic. Succesul dumneavoastr\u0103 corporativ \u00eencepe aici!","og_url":"https:\/\/themeholt.com\/ro\/product\/skat-corporate-business\/","og_site_name":"ThemeHolt","article_publisher":"https:\/\/www.facebook.com\/themeholtT","article_modified_time":"2024-10-30T08:44:23+00:00","og_image":[{"width":1365,"height":1296,"url":"https:\/\/themeholt.com\/wp-content\/uploads\/2023\/10\/56-1.png","type":"image\/png"}],"twitter_card":"summary_large_image","twitter_site":"@ThemeholtT","twitter_misc":{"Timp estimat pentru citire":"1 minut"},"schema":{"@context":"https:\/\/schema.org","@graph":[{"@type":"WebPage","@id":"https:\/\/themeholt.com\/ro\/product\/skat-corporate-business\/","url":"https:\/\/themeholt.com\/ro\/product\/skat-corporate-business\/","name":"Skat Corporate Business | Afaceri corporative | Stil corporativ","isPartOf":{"@id":"https:\/\/themeholt.com\/#website"},"primaryImageOfPage":{"@id":"https:\/\/themeholt.com\/ro\/product\/skat-corporate-business\/#primaryimage"},"image":{"@id":"https:\/\/themeholt.com\/ro\/product\/skat-corporate-business\/#primaryimage"},"thumbnailUrl":"https:\/\/themeholt.com\/wp-content\/uploads\/2023\/10\/56-1.png","datePublished":"2023-10-11T08:15:26+00:00","dateModified":"2024-10-30T08:44:23+00:00","description":"Promova\u021bi-v\u0103 prezen\u021ba corporativ\u0103 cu skat corporate business. Implica\u021bi-v\u0103 eficient cu un design elegant \u0219i un stil puternic. Succesul dumneavoastr\u0103 corporativ \u00eencepe aici!","breadcrumb":{"@id":"https:\/\/themeholt.com\/ro\/product\/skat-corporate-business\/#breadcrumb"},"inLanguage":"ro-RO","potentialAction":[{"@type":"ReadAction","target":["https:\/\/themeholt.com\/ro\/product\/skat-corporate-business\/"]}]},{"@type":"ImageObject","inLanguage":"ro-RO","@id":"https:\/\/themeholt.com\/ro\/product\/skat-corporate-business\/#primaryimage","url":"https:\/\/themeholt.com\/wp-content\/uploads\/2023\/10\/56-1.png","contentUrl":"https:\/\/themeholt.com\/wp-content\/uploads\/2023\/10\/56-1.png","width":1365,"height":1296},{"@type":"BreadcrumbList","@id":"https:\/\/themeholt.com\/ro\/product\/skat-corporate-business\/#breadcrumb","itemListElement":[{"@type":"ListItem","position":1,"name":"Home","item":"https:\/\/themeholt.com\/ro\/"},{"@type":"ListItem","position":2,"name":"Shop","item":"https:\/\/themeholt.com\/shop\/"},{"@type":"ListItem","position":3,"name":"Skat Corporate Business"}]},{"@type":"WebSite","@id":"https:\/\/themeholt.com\/#website","url":"https:\/\/themeholt.com\/","name":"ThemeHolt","description":"Themeholt is a website that offers high-quality WordPress themes","publisher":{"@id":"https:\/\/themeholt.com\/#organization"},"potentialAction":[{"@type":"SearchAction","target":{"@type":"EntryPoint","urlTemplate":"https:\/\/themeholt.com\/?s={search_term_string}"},"query-input":{"@type":"PropertyValueSpecification","valueRequired":true,"valueName":"search_term_string"}}],"inLanguage":"ro-RO"},{"@type":"Organization","@id":"https:\/\/themeholt.com\/#organization","name":"ThemeHolt","alternateName":"ThemeHolt","url":"https:\/\/themeholt.com\/","logo":{"@type":"ImageObject","inLanguage":"ro-RO","@id":"https:\/\/themeholt.com\/#\/schema\/logo\/image\/","url":"https:\/\/themeholt.com\/wp-content\/uploads\/2024\/10\/themeholt.png","contentUrl":"https:\/\/themeholt.com\/wp-content\/uploads\/2024\/10\/themeholt.png","width":225,"height":225,"caption":"ThemeHolt"},"image":{"@id":"https:\/\/themeholt.com\/#\/schema\/logo\/image\/"},"sameAs":["https:\/\/www.facebook.com\/themeholtT","https:\/\/x.com\/ThemeholtT","https:\/\/www.linkedin.com\/company\/themeholt","https:\/\/www.instagram.com\/themeholtt\/"],"description":"Themeholt is a website that offers high-quality WordPress themes that are easy to use and ready for just about everything. In Eindhoven, Netherlands, since 2020 offering simple, accessible WordPress themes by providing a variety of requirements. Themeholt focuses on practicality and efficiency, allowing faster project completion with its superior marketplace and easy-to-use templates.","legalName":"ThemeHolt","foundingDate":"2022-11-10","numberOfEmployees":{"@type":"QuantitativeValue","minValue":"51","maxValue":"200"}}]}},"_links":{"self":[{"href":"https:\/\/themeholt.com\/ro\/wp-json\/wp\/v2\/product\/16379","targetHints":{"allow":["GET"]}}],"collection":[{"href":"https:\/\/themeholt.com\/ro\/wp-json\/wp\/v2\/product"}],"about":[{"href":"https:\/\/themeholt.com\/ro\/wp-json\/wp\/v2\/types\/product"}],"wp:featuredmedia":[{"embeddable":true,"href":"https:\/\/themeholt.com\/ro\/wp-json\/wp\/v2\/media\/16381"}],"wp:attachment":[{"href":"https:\/\/themeholt.com\/ro\/wp-json\/wp\/v2\/media?parent=16379"}],"wp:term":[{"taxonomy":"product_brand","embeddable":true,"href":"https:\/\/themeholt.com\/ro\/wp-json\/wp\/v2\/product_brand?post=16379"},{"taxonomy":"product_cat","embeddable":true,"href":"https:\/\/themeholt.com\/ro\/wp-json\/wp\/v2\/product_cat?post=16379"},{"taxonomy":"product_tag","embeddable":true,"href":"https:\/\/themeholt.com\/ro\/wp-json\/wp\/v2\/product_tag?post=16379"}],"curies":[{"name":"wp","href":"https:\/\/api.w.org\/{rel}","templated":true}]}}