{"id":16441,"date":"2024-02-09T10:18:20","date_gmt":"2024-02-09T10:18:20","guid":{"rendered":"https:\/\/themeholt.com\/product\/yoast-seo-free-plugin\/"},"modified":"2024-11-04T03:47:10","modified_gmt":"2024-11-04T03:47:10","slug":"plugin-gratuit-yoast-seo","status":"publish","type":"product","link":"https:\/\/themeholt.com\/ro\/product\/plugin-gratuit-yoast-seo\/","title":{"rendered":"Plugin gratuit Yoast SEO"},"content":{"rendered":"<p><span style=\"font-weight: 400\">Yoast SEO Free este un plugin puternic conceput pentru a spori vizibilitatea site-ului dvs. pe motoarele de c\u0103utare f\u0103r\u0103 efort. Cu peste 10 milioane de utilizatori \u00een \u00eentreaga lume, este cel mai utilizat instrument SEO la nivel global. Acest plugin asigur\u0103 c\u0103 site-ul dvs. este optimizat tehnic pentru motoarele de c\u0103utare, gestion\u00e2nd automat toate aspectele tehnice necesare SEO. Tot ce ai nevoie pentru a-\u021bi ini\u021bia c\u0103l\u0103toria c\u0103tre o pozi\u021bie mai \u00eenalt\u0103 \u00een motoarele de c\u0103utare este la \u00eendem\u00e2n\u0103 cu Yoast SEO Free. Eficientizeaz\u0103 procesul, f\u0103c\u00e2ndu-l u\u0219or de utilizat \u0219i eficient. Cre\u0219te\u021bi performan\u021ba site-ului dvs. cu acest instrument de \u00eencredere, un element indispensabil pentru orice proprietar de site web care \u00ee\u0219i propune s\u0103-\u0219i \u00eembun\u0103t\u0103\u021beasc\u0103 prezen\u021ba online.<\/span><\/p>\n","protected":false},"excerpt":{"rendered":"<ul>\n<li><span style=\"font-weight: 400\">\u00cembun\u0103t\u0103\u021bi\u021bi clasarea \u00een c\u0103utare cu tot ce ave\u021bi nevoie<\/span><\/li>\n<li><span style=\"font-weight: 400\">Un singur clic, SEO perfect pentru totdeauna<\/span><\/li>\n<li><span style=\"font-weight: 400\">De \u00eencredere de peste 10 milioane, instrumentul SEO num\u0103rul 1 la nivel global!<\/span><\/li>\n<\/ul>\n","protected":false},"featured_media":16443,"template":"","meta":{"_acf_changed":false,"inline_featured_image":false},"product_brand":[],"product_cat":[1536],"product_tag":[],"class_list":{"0":"post-16441","1":"product","2":"type-product","3":"status-publish","4":"has-post-thumbnail","6":"product_cat-plugins-ro","8":"first","9":"instock","10":"downloadable","11":"virtual","12":"taxable","13":"purchasable","14":"product-type-simple"},"acf":[],"yoast_head":"<!-- This site is optimized with the Yoast SEO Premium plugin v22.1 (Yoast SEO v26.0) - https:\/\/yoast.com\/wordpress\/plugins\/seo\/ -->\n<title>Plugin gratuit Yoast SEO - ThemeHolt<\/title>\n<meta name=\"robots\" content=\"index, follow, max-snippet:-1, max-image-preview:large, max-video-preview:-1\" \/>\n<link rel=\"canonical\" href=\"https:\/\/themeholt.com\/ro\/product\/plugin-gratuit-yoast-seo\/\" \/>\n<meta property=\"og:locale\" content=\"ro_RO\" \/>\n<meta property=\"og:type\" content=\"article\" \/>\n<meta property=\"og:title\" content=\"Plugin gratuit Yoast SEO\" \/>\n<meta property=\"og:description\" content=\"\u00cembun\u0103t\u0103\u021bi\u021bi clasarea \u00een c\u0103utare cu tot ce ave\u021bi nevoie  Un singur clic, SEO perfect pentru totdeauna  De \u00eencredere de peste 10 milioane, instrumentul SEO num\u0103rul 1 la nivel global!\" \/>\n<meta property=\"og:url\" content=\"https:\/\/themeholt.com\/ro\/product\/plugin-gratuit-yoast-seo\/\" \/>\n<meta property=\"og:site_name\" content=\"ThemeHolt\" \/>\n<meta property=\"article:publisher\" content=\"https:\/\/www.facebook.com\/themeholtT\" \/>\n<meta property=\"article:modified_time\" content=\"2024-11-04T03:47:10+00:00\" \/>\n<meta property=\"og:image\" content=\"https:\/\/themeholt.com\/wp-content\/uploads\/2024\/02\/yoast-video-seo.jpg\" \/>\n\t<meta property=\"og:image:width\" content=\"2000\" \/>\n\t<meta property=\"og:image:height\" content=\"1334\" \/>\n\t<meta property=\"og:image:type\" content=\"image\/jpeg\" \/>\n<meta name=\"twitter:card\" content=\"summary_large_image\" \/>\n<meta name=\"twitter:site\" content=\"@ThemeholtT\" \/>\n<meta name=\"twitter:label1\" content=\"Timp estimat pentru citire\" \/>\n\t<meta name=\"twitter:data1\" content=\"1 minut\" \/>\n<script type=\"application\/ld+json\" class=\"yoast-schema-graph\">{\"@context\":\"https:\/\/schema.org\",\"@graph\":[{\"@type\":\"WebPage\",\"@id\":\"https:\/\/themeholt.com\/ro\/product\/plugin-gratuit-yoast-seo\/\",\"url\":\"https:\/\/themeholt.com\/ro\/product\/plugin-gratuit-yoast-seo\/\",\"name\":\"Plugin gratuit Yoast SEO - ThemeHolt\",\"isPartOf\":{\"@id\":\"https:\/\/themeholt.com\/#website\"},\"primaryImageOfPage\":{\"@id\":\"https:\/\/themeholt.com\/ro\/product\/plugin-gratuit-yoast-seo\/#primaryimage\"},\"image\":{\"@id\":\"https:\/\/themeholt.com\/ro\/product\/plugin-gratuit-yoast-seo\/#primaryimage\"},\"thumbnailUrl\":\"https:\/\/themeholt.com\/wp-content\/uploads\/2024\/02\/yoast-video-seo.jpg\",\"datePublished\":\"2024-02-09T10:18:20+00:00\",\"dateModified\":\"2024-11-04T03:47:10+00:00\",\"breadcrumb\":{\"@id\":\"https:\/\/themeholt.com\/ro\/product\/plugin-gratuit-yoast-seo\/#breadcrumb\"},\"inLanguage\":\"ro-RO\",\"potentialAction\":[{\"@type\":\"ReadAction\",\"target\":[\"https:\/\/themeholt.com\/ro\/product\/plugin-gratuit-yoast-seo\/\"]}]},{\"@type\":\"ImageObject\",\"inLanguage\":\"ro-RO\",\"@id\":\"https:\/\/themeholt.com\/ro\/product\/plugin-gratuit-yoast-seo\/#primaryimage\",\"url\":\"https:\/\/themeholt.com\/wp-content\/uploads\/2024\/02\/yoast-video-seo.jpg\",\"contentUrl\":\"https:\/\/themeholt.com\/wp-content\/uploads\/2024\/02\/yoast-video-seo.jpg\",\"width\":2000,\"height\":1334},{\"@type\":\"BreadcrumbList\",\"@id\":\"https:\/\/themeholt.com\/ro\/product\/plugin-gratuit-yoast-seo\/#breadcrumb\",\"itemListElement\":[{\"@type\":\"ListItem\",\"position\":1,\"name\":\"Home\",\"item\":\"https:\/\/themeholt.com\/ro\/\"},{\"@type\":\"ListItem\",\"position\":2,\"name\":\"Shop\",\"item\":\"https:\/\/themeholt.com\/shop\/\"},{\"@type\":\"ListItem\",\"position\":3,\"name\":\"Plugin gratuit Yoast SEO\"}]},{\"@type\":\"WebSite\",\"@id\":\"https:\/\/themeholt.com\/#website\",\"url\":\"https:\/\/themeholt.com\/\",\"name\":\"ThemeHolt\",\"description\":\"Themeholt is a website that offers high-quality WordPress themes\",\"publisher\":{\"@id\":\"https:\/\/themeholt.com\/#organization\"},\"potentialAction\":[{\"@type\":\"SearchAction\",\"target\":{\"@type\":\"EntryPoint\",\"urlTemplate\":\"https:\/\/themeholt.com\/?s={search_term_string}\"},\"query-input\":{\"@type\":\"PropertyValueSpecification\",\"valueRequired\":true,\"valueName\":\"search_term_string\"}}],\"inLanguage\":\"ro-RO\"},{\"@type\":\"Organization\",\"@id\":\"https:\/\/themeholt.com\/#organization\",\"name\":\"ThemeHolt\",\"alternateName\":\"ThemeHolt\",\"url\":\"https:\/\/themeholt.com\/\",\"logo\":{\"@type\":\"ImageObject\",\"inLanguage\":\"ro-RO\",\"@id\":\"https:\/\/themeholt.com\/#\/schema\/logo\/image\/\",\"url\":\"https:\/\/themeholt.com\/wp-content\/uploads\/2024\/10\/themeholt.png\",\"contentUrl\":\"https:\/\/themeholt.com\/wp-content\/uploads\/2024\/10\/themeholt.png\",\"width\":225,\"height\":225,\"caption\":\"ThemeHolt\"},\"image\":{\"@id\":\"https:\/\/themeholt.com\/#\/schema\/logo\/image\/\"},\"sameAs\":[\"https:\/\/www.facebook.com\/themeholtT\",\"https:\/\/x.com\/ThemeholtT\",\"https:\/\/www.linkedin.com\/company\/themeholt\",\"https:\/\/www.instagram.com\/themeholtt\/\"],\"description\":\"Themeholt is a website that offers high-quality WordPress themes that are easy to use and ready for just about everything. In Eindhoven, Netherlands, since 2020 offering simple, accessible WordPress themes by providing a variety of requirements. Themeholt focuses on practicality and efficiency, allowing faster project completion with its superior marketplace and easy-to-use templates.\",\"legalName\":\"ThemeHolt\",\"foundingDate\":\"2022-11-10\",\"numberOfEmployees\":{\"@type\":\"QuantitativeValue\",\"minValue\":\"51\",\"maxValue\":\"200\"}}]}<\/script>\n<!-- \/ Yoast SEO Premium plugin. -->","yoast_head_json":{"title":"Plugin gratuit Yoast SEO - ThemeHolt","robots":{"index":"index","follow":"follow","max-snippet":"max-snippet:-1","max-image-preview":"max-image-preview:large","max-video-preview":"max-video-preview:-1"},"canonical":"https:\/\/themeholt.com\/ro\/product\/plugin-gratuit-yoast-seo\/","og_locale":"ro_RO","og_type":"article","og_title":"Plugin gratuit Yoast SEO","og_description":"\u00cembun\u0103t\u0103\u021bi\u021bi clasarea \u00een c\u0103utare cu tot ce ave\u021bi nevoie  Un singur clic, SEO perfect pentru totdeauna  De \u00eencredere de peste 10 milioane, instrumentul SEO num\u0103rul 1 la nivel global!","og_url":"https:\/\/themeholt.com\/ro\/product\/plugin-gratuit-yoast-seo\/","og_site_name":"ThemeHolt","article_publisher":"https:\/\/www.facebook.com\/themeholtT","article_modified_time":"2024-11-04T03:47:10+00:00","og_image":[{"width":2000,"height":1334,"url":"https:\/\/themeholt.com\/wp-content\/uploads\/2024\/02\/yoast-video-seo.jpg","type":"image\/jpeg"}],"twitter_card":"summary_large_image","twitter_site":"@ThemeholtT","twitter_misc":{"Timp estimat pentru citire":"1 minut"},"schema":{"@context":"https:\/\/schema.org","@graph":[{"@type":"WebPage","@id":"https:\/\/themeholt.com\/ro\/product\/plugin-gratuit-yoast-seo\/","url":"https:\/\/themeholt.com\/ro\/product\/plugin-gratuit-yoast-seo\/","name":"Plugin gratuit Yoast SEO - ThemeHolt","isPartOf":{"@id":"https:\/\/themeholt.com\/#website"},"primaryImageOfPage":{"@id":"https:\/\/themeholt.com\/ro\/product\/plugin-gratuit-yoast-seo\/#primaryimage"},"image":{"@id":"https:\/\/themeholt.com\/ro\/product\/plugin-gratuit-yoast-seo\/#primaryimage"},"thumbnailUrl":"https:\/\/themeholt.com\/wp-content\/uploads\/2024\/02\/yoast-video-seo.jpg","datePublished":"2024-02-09T10:18:20+00:00","dateModified":"2024-11-04T03:47:10+00:00","breadcrumb":{"@id":"https:\/\/themeholt.com\/ro\/product\/plugin-gratuit-yoast-seo\/#breadcrumb"},"inLanguage":"ro-RO","potentialAction":[{"@type":"ReadAction","target":["https:\/\/themeholt.com\/ro\/product\/plugin-gratuit-yoast-seo\/"]}]},{"@type":"ImageObject","inLanguage":"ro-RO","@id":"https:\/\/themeholt.com\/ro\/product\/plugin-gratuit-yoast-seo\/#primaryimage","url":"https:\/\/themeholt.com\/wp-content\/uploads\/2024\/02\/yoast-video-seo.jpg","contentUrl":"https:\/\/themeholt.com\/wp-content\/uploads\/2024\/02\/yoast-video-seo.jpg","width":2000,"height":1334},{"@type":"BreadcrumbList","@id":"https:\/\/themeholt.com\/ro\/product\/plugin-gratuit-yoast-seo\/#breadcrumb","itemListElement":[{"@type":"ListItem","position":1,"name":"Home","item":"https:\/\/themeholt.com\/ro\/"},{"@type":"ListItem","position":2,"name":"Shop","item":"https:\/\/themeholt.com\/shop\/"},{"@type":"ListItem","position":3,"name":"Plugin gratuit Yoast SEO"}]},{"@type":"WebSite","@id":"https:\/\/themeholt.com\/#website","url":"https:\/\/themeholt.com\/","name":"ThemeHolt","description":"Themeholt is a website that offers high-quality WordPress themes","publisher":{"@id":"https:\/\/themeholt.com\/#organization"},"potentialAction":[{"@type":"SearchAction","target":{"@type":"EntryPoint","urlTemplate":"https:\/\/themeholt.com\/?s={search_term_string}"},"query-input":{"@type":"PropertyValueSpecification","valueRequired":true,"valueName":"search_term_string"}}],"inLanguage":"ro-RO"},{"@type":"Organization","@id":"https:\/\/themeholt.com\/#organization","name":"ThemeHolt","alternateName":"ThemeHolt","url":"https:\/\/themeholt.com\/","logo":{"@type":"ImageObject","inLanguage":"ro-RO","@id":"https:\/\/themeholt.com\/#\/schema\/logo\/image\/","url":"https:\/\/themeholt.com\/wp-content\/uploads\/2024\/10\/themeholt.png","contentUrl":"https:\/\/themeholt.com\/wp-content\/uploads\/2024\/10\/themeholt.png","width":225,"height":225,"caption":"ThemeHolt"},"image":{"@id":"https:\/\/themeholt.com\/#\/schema\/logo\/image\/"},"sameAs":["https:\/\/www.facebook.com\/themeholtT","https:\/\/x.com\/ThemeholtT","https:\/\/www.linkedin.com\/company\/themeholt","https:\/\/www.instagram.com\/themeholtt\/"],"description":"Themeholt is a website that offers high-quality WordPress themes that are easy to use and ready for just about everything. In Eindhoven, Netherlands, since 2020 offering simple, accessible WordPress themes by providing a variety of requirements. Themeholt focuses on practicality and efficiency, allowing faster project completion with its superior marketplace and easy-to-use templates.","legalName":"ThemeHolt","foundingDate":"2022-11-10","numberOfEmployees":{"@type":"QuantitativeValue","minValue":"51","maxValue":"200"}}]}},"_links":{"self":[{"href":"https:\/\/themeholt.com\/ro\/wp-json\/wp\/v2\/product\/16441","targetHints":{"allow":["GET"]}}],"collection":[{"href":"https:\/\/themeholt.com\/ro\/wp-json\/wp\/v2\/product"}],"about":[{"href":"https:\/\/themeholt.com\/ro\/wp-json\/wp\/v2\/types\/product"}],"wp:featuredmedia":[{"embeddable":true,"href":"https:\/\/themeholt.com\/ro\/wp-json\/wp\/v2\/media\/16443"}],"wp:attachment":[{"href":"https:\/\/themeholt.com\/ro\/wp-json\/wp\/v2\/media?parent=16441"}],"wp:term":[{"taxonomy":"product_brand","embeddable":true,"href":"https:\/\/themeholt.com\/ro\/wp-json\/wp\/v2\/product_brand?post=16441"},{"taxonomy":"product_cat","embeddable":true,"href":"https:\/\/themeholt.com\/ro\/wp-json\/wp\/v2\/product_cat?post=16441"},{"taxonomy":"product_tag","embeddable":true,"href":"https:\/\/themeholt.com\/ro\/wp-json\/wp\/v2\/product_tag?post=16441"}],"curies":[{"name":"wp","href":"https:\/\/api.w.org\/{rel}","templated":true}]}}