{"id":16484,"date":"2024-02-28T12:10:13","date_gmt":"2024-02-28T12:10:13","guid":{"rendered":"https:\/\/themeholt.com\/product\/free-elementor-plan\/"},"modified":"2024-11-04T03:59:20","modified_gmt":"2024-11-04T03:59:20","slug":"plan-elementor-gratuit","status":"publish","type":"product","link":"https:\/\/themeholt.com\/ro\/product\/plan-elementor-gratuit\/","title":{"rendered":"Plan Elementor gratuit"},"content":{"rendered":"<p><span style=\"font-weight: 400\">Planul gratuit Elementor v\u0103 permite s\u0103 crea\u021bi un site web frumos f\u0103r\u0103 a \u00eenc\u0103lca bugetul. Chiar dac\u0103 nu sunte\u021bi un expert tehnic, acest instrument simplific\u0103 proiectarea \u0219i modificarea aspectului site-ului dvs. <\/span><span style=\"font-weight: 400\">Este perfect pentru oricine dore\u0219te s\u0103 creeze site-uri web f\u0103r\u0103 a necesita un abonament pl\u0103tit.<\/span><span style=\"font-weight: 400\"> Spune la revedere temelor\u00a0 standard \u0219i salut\u0103 un site web care reflect\u0103 afacerea ta. Cel mai bine, nu te va costa nimic! Experimenta\u021bi poten\u021bialul construirii site-ului web cu Free Plan Elementor \u0219i asista\u021bi la cre\u0219terea prezen\u021bei dvs. online.<\/span><\/p>\n","protected":false},"excerpt":{"rendered":"<ul>\n<li>Platform\u0103 de creare a site-urilor web<\/li>\n<li>30 de widget-uri profesionale<\/li>\n<li>Creator de teme personalizabile<\/li>\n<li>Integrarea con\u021binutului interactiv<\/li>\n<\/ul>\n","protected":false},"featured_media":16486,"template":"","meta":{"_acf_changed":false,"inline_featured_image":false},"product_brand":[],"product_cat":[1537],"product_tag":[],"class_list":{"0":"post-16484","1":"product","2":"type-product","3":"status-publish","4":"has-post-thumbnail","6":"product_cat-elementor-pro-pl","8":"first","9":"instock","10":"downloadable","11":"virtual","12":"taxable","13":"purchasable","14":"product-type-simple"},"acf":[],"yoast_head":"<!-- This site is optimized with the Yoast SEO Premium plugin v22.1 (Yoast SEO v26.0) - https:\/\/yoast.com\/wordpress\/plugins\/seo\/ -->\n<title>Creator de pagini Elementor gratuit | Themeholt<\/title>\n<meta name=\"description\" content=\"Crea\u021bi cu u\u0219urin\u021b\u0103 site-uri web profesionale cu Free Elementor Page Builder. Func\u021bii de glisare \u0219i plasare pentru un design simplu, f\u0103r\u0103 codificare necesar\u0103. Cumpara acum!\" \/>\n<meta name=\"robots\" content=\"index, follow, max-snippet:-1, max-image-preview:large, max-video-preview:-1\" \/>\n<link rel=\"canonical\" href=\"https:\/\/themeholt.com\/ro\/product\/plan-elementor-gratuit\/\" \/>\n<meta property=\"og:locale\" content=\"ro_RO\" \/>\n<meta property=\"og:type\" content=\"article\" \/>\n<meta property=\"og:title\" content=\"Plan Elementor gratuit\" \/>\n<meta property=\"og:description\" content=\"Crea\u021bi cu u\u0219urin\u021b\u0103 site-uri web profesionale cu Free Elementor Page Builder. Func\u021bii de glisare \u0219i plasare pentru un design simplu, f\u0103r\u0103 codificare necesar\u0103. Cumpara acum!\" \/>\n<meta property=\"og:url\" content=\"https:\/\/themeholt.com\/ro\/product\/plan-elementor-gratuit\/\" \/>\n<meta property=\"og:site_name\" content=\"ThemeHolt\" \/>\n<meta property=\"article:publisher\" content=\"https:\/\/www.facebook.com\/themeholtT\" \/>\n<meta property=\"article:modified_time\" content=\"2024-11-04T03:59:20+00:00\" \/>\n<meta property=\"og:image\" content=\"https:\/\/themeholt.com\/wp-content\/uploads\/2024\/02\/Elementor-Review.jpg\" \/>\n\t<meta property=\"og:image:width\" content=\"1280\" \/>\n\t<meta property=\"og:image:height\" content=\"720\" \/>\n\t<meta property=\"og:image:type\" content=\"image\/jpeg\" \/>\n<meta name=\"twitter:card\" content=\"summary_large_image\" \/>\n<meta name=\"twitter:site\" content=\"@ThemeholtT\" \/>\n<meta name=\"twitter:label1\" content=\"Timp estimat pentru citire\" \/>\n\t<meta name=\"twitter:data1\" content=\"1 minut\" \/>\n<script type=\"application\/ld+json\" class=\"yoast-schema-graph\">{\"@context\":\"https:\/\/schema.org\",\"@graph\":[{\"@type\":\"WebPage\",\"@id\":\"https:\/\/themeholt.com\/ro\/product\/plan-elementor-gratuit\/\",\"url\":\"https:\/\/themeholt.com\/ro\/product\/plan-elementor-gratuit\/\",\"name\":\"Creator de pagini Elementor gratuit | Themeholt\",\"isPartOf\":{\"@id\":\"https:\/\/themeholt.com\/#website\"},\"primaryImageOfPage\":{\"@id\":\"https:\/\/themeholt.com\/ro\/product\/plan-elementor-gratuit\/#primaryimage\"},\"image\":{\"@id\":\"https:\/\/themeholt.com\/ro\/product\/plan-elementor-gratuit\/#primaryimage\"},\"thumbnailUrl\":\"https:\/\/themeholt.com\/wp-content\/uploads\/2024\/02\/Elementor-Review.jpg\",\"datePublished\":\"2024-02-28T12:10:13+00:00\",\"dateModified\":\"2024-11-04T03:59:20+00:00\",\"description\":\"Crea\u021bi cu u\u0219urin\u021b\u0103 site-uri web profesionale cu Free Elementor Page Builder. Func\u021bii de glisare \u0219i plasare pentru un design simplu, f\u0103r\u0103 codificare necesar\u0103. Cumpara acum!\",\"breadcrumb\":{\"@id\":\"https:\/\/themeholt.com\/ro\/product\/plan-elementor-gratuit\/#breadcrumb\"},\"inLanguage\":\"ro-RO\",\"potentialAction\":[{\"@type\":\"ReadAction\",\"target\":[\"https:\/\/themeholt.com\/ro\/product\/plan-elementor-gratuit\/\"]}]},{\"@type\":\"ImageObject\",\"inLanguage\":\"ro-RO\",\"@id\":\"https:\/\/themeholt.com\/ro\/product\/plan-elementor-gratuit\/#primaryimage\",\"url\":\"https:\/\/themeholt.com\/wp-content\/uploads\/2024\/02\/Elementor-Review.jpg\",\"contentUrl\":\"https:\/\/themeholt.com\/wp-content\/uploads\/2024\/02\/Elementor-Review.jpg\",\"width\":1280,\"height\":720},{\"@type\":\"BreadcrumbList\",\"@id\":\"https:\/\/themeholt.com\/ro\/product\/plan-elementor-gratuit\/#breadcrumb\",\"itemListElement\":[{\"@type\":\"ListItem\",\"position\":1,\"name\":\"Home\",\"item\":\"https:\/\/themeholt.com\/ro\/\"},{\"@type\":\"ListItem\",\"position\":2,\"name\":\"Shop\",\"item\":\"https:\/\/themeholt.com\/shop\/\"},{\"@type\":\"ListItem\",\"position\":3,\"name\":\"Plan Elementor gratuit\"}]},{\"@type\":\"WebSite\",\"@id\":\"https:\/\/themeholt.com\/#website\",\"url\":\"https:\/\/themeholt.com\/\",\"name\":\"ThemeHolt\",\"description\":\"Themeholt is a website that offers high-quality WordPress themes\",\"publisher\":{\"@id\":\"https:\/\/themeholt.com\/#organization\"},\"potentialAction\":[{\"@type\":\"SearchAction\",\"target\":{\"@type\":\"EntryPoint\",\"urlTemplate\":\"https:\/\/themeholt.com\/?s={search_term_string}\"},\"query-input\":{\"@type\":\"PropertyValueSpecification\",\"valueRequired\":true,\"valueName\":\"search_term_string\"}}],\"inLanguage\":\"ro-RO\"},{\"@type\":\"Organization\",\"@id\":\"https:\/\/themeholt.com\/#organization\",\"name\":\"ThemeHolt\",\"alternateName\":\"ThemeHolt\",\"url\":\"https:\/\/themeholt.com\/\",\"logo\":{\"@type\":\"ImageObject\",\"inLanguage\":\"ro-RO\",\"@id\":\"https:\/\/themeholt.com\/#\/schema\/logo\/image\/\",\"url\":\"https:\/\/themeholt.com\/wp-content\/uploads\/2024\/10\/themeholt.png\",\"contentUrl\":\"https:\/\/themeholt.com\/wp-content\/uploads\/2024\/10\/themeholt.png\",\"width\":225,\"height\":225,\"caption\":\"ThemeHolt\"},\"image\":{\"@id\":\"https:\/\/themeholt.com\/#\/schema\/logo\/image\/\"},\"sameAs\":[\"https:\/\/www.facebook.com\/themeholtT\",\"https:\/\/x.com\/ThemeholtT\",\"https:\/\/www.linkedin.com\/company\/themeholt\",\"https:\/\/www.instagram.com\/themeholtt\/\"],\"description\":\"Themeholt is a website that offers high-quality WordPress themes that are easy to use and ready for just about everything. In Eindhoven, Netherlands, since 2020 offering simple, accessible WordPress themes by providing a variety of requirements. Themeholt focuses on practicality and efficiency, allowing faster project completion with its superior marketplace and easy-to-use templates.\",\"legalName\":\"ThemeHolt\",\"foundingDate\":\"2022-11-10\",\"numberOfEmployees\":{\"@type\":\"QuantitativeValue\",\"minValue\":\"51\",\"maxValue\":\"200\"}}]}<\/script>\n<!-- \/ Yoast SEO Premium plugin. -->","yoast_head_json":{"title":"Creator de pagini Elementor gratuit | Themeholt","description":"Crea\u021bi cu u\u0219urin\u021b\u0103 site-uri web profesionale cu Free Elementor Page Builder. Func\u021bii de glisare \u0219i plasare pentru un design simplu, f\u0103r\u0103 codificare necesar\u0103. Cumpara acum!","robots":{"index":"index","follow":"follow","max-snippet":"max-snippet:-1","max-image-preview":"max-image-preview:large","max-video-preview":"max-video-preview:-1"},"canonical":"https:\/\/themeholt.com\/ro\/product\/plan-elementor-gratuit\/","og_locale":"ro_RO","og_type":"article","og_title":"Plan Elementor gratuit","og_description":"Crea\u021bi cu u\u0219urin\u021b\u0103 site-uri web profesionale cu Free Elementor Page Builder. Func\u021bii de glisare \u0219i plasare pentru un design simplu, f\u0103r\u0103 codificare necesar\u0103. Cumpara acum!","og_url":"https:\/\/themeholt.com\/ro\/product\/plan-elementor-gratuit\/","og_site_name":"ThemeHolt","article_publisher":"https:\/\/www.facebook.com\/themeholtT","article_modified_time":"2024-11-04T03:59:20+00:00","og_image":[{"width":1280,"height":720,"url":"https:\/\/themeholt.com\/wp-content\/uploads\/2024\/02\/Elementor-Review.jpg","type":"image\/jpeg"}],"twitter_card":"summary_large_image","twitter_site":"@ThemeholtT","twitter_misc":{"Timp estimat pentru citire":"1 minut"},"schema":{"@context":"https:\/\/schema.org","@graph":[{"@type":"WebPage","@id":"https:\/\/themeholt.com\/ro\/product\/plan-elementor-gratuit\/","url":"https:\/\/themeholt.com\/ro\/product\/plan-elementor-gratuit\/","name":"Creator de pagini Elementor gratuit | Themeholt","isPartOf":{"@id":"https:\/\/themeholt.com\/#website"},"primaryImageOfPage":{"@id":"https:\/\/themeholt.com\/ro\/product\/plan-elementor-gratuit\/#primaryimage"},"image":{"@id":"https:\/\/themeholt.com\/ro\/product\/plan-elementor-gratuit\/#primaryimage"},"thumbnailUrl":"https:\/\/themeholt.com\/wp-content\/uploads\/2024\/02\/Elementor-Review.jpg","datePublished":"2024-02-28T12:10:13+00:00","dateModified":"2024-11-04T03:59:20+00:00","description":"Crea\u021bi cu u\u0219urin\u021b\u0103 site-uri web profesionale cu Free Elementor Page Builder. Func\u021bii de glisare \u0219i plasare pentru un design simplu, f\u0103r\u0103 codificare necesar\u0103. Cumpara acum!","breadcrumb":{"@id":"https:\/\/themeholt.com\/ro\/product\/plan-elementor-gratuit\/#breadcrumb"},"inLanguage":"ro-RO","potentialAction":[{"@type":"ReadAction","target":["https:\/\/themeholt.com\/ro\/product\/plan-elementor-gratuit\/"]}]},{"@type":"ImageObject","inLanguage":"ro-RO","@id":"https:\/\/themeholt.com\/ro\/product\/plan-elementor-gratuit\/#primaryimage","url":"https:\/\/themeholt.com\/wp-content\/uploads\/2024\/02\/Elementor-Review.jpg","contentUrl":"https:\/\/themeholt.com\/wp-content\/uploads\/2024\/02\/Elementor-Review.jpg","width":1280,"height":720},{"@type":"BreadcrumbList","@id":"https:\/\/themeholt.com\/ro\/product\/plan-elementor-gratuit\/#breadcrumb","itemListElement":[{"@type":"ListItem","position":1,"name":"Home","item":"https:\/\/themeholt.com\/ro\/"},{"@type":"ListItem","position":2,"name":"Shop","item":"https:\/\/themeholt.com\/shop\/"},{"@type":"ListItem","position":3,"name":"Plan Elementor gratuit"}]},{"@type":"WebSite","@id":"https:\/\/themeholt.com\/#website","url":"https:\/\/themeholt.com\/","name":"ThemeHolt","description":"Themeholt is a website that offers high-quality WordPress themes","publisher":{"@id":"https:\/\/themeholt.com\/#organization"},"potentialAction":[{"@type":"SearchAction","target":{"@type":"EntryPoint","urlTemplate":"https:\/\/themeholt.com\/?s={search_term_string}"},"query-input":{"@type":"PropertyValueSpecification","valueRequired":true,"valueName":"search_term_string"}}],"inLanguage":"ro-RO"},{"@type":"Organization","@id":"https:\/\/themeholt.com\/#organization","name":"ThemeHolt","alternateName":"ThemeHolt","url":"https:\/\/themeholt.com\/","logo":{"@type":"ImageObject","inLanguage":"ro-RO","@id":"https:\/\/themeholt.com\/#\/schema\/logo\/image\/","url":"https:\/\/themeholt.com\/wp-content\/uploads\/2024\/10\/themeholt.png","contentUrl":"https:\/\/themeholt.com\/wp-content\/uploads\/2024\/10\/themeholt.png","width":225,"height":225,"caption":"ThemeHolt"},"image":{"@id":"https:\/\/themeholt.com\/#\/schema\/logo\/image\/"},"sameAs":["https:\/\/www.facebook.com\/themeholtT","https:\/\/x.com\/ThemeholtT","https:\/\/www.linkedin.com\/company\/themeholt","https:\/\/www.instagram.com\/themeholtt\/"],"description":"Themeholt is a website that offers high-quality WordPress themes that are easy to use and ready for just about everything. In Eindhoven, Netherlands, since 2020 offering simple, accessible WordPress themes by providing a variety of requirements. Themeholt focuses on practicality and efficiency, allowing faster project completion with its superior marketplace and easy-to-use templates.","legalName":"ThemeHolt","foundingDate":"2022-11-10","numberOfEmployees":{"@type":"QuantitativeValue","minValue":"51","maxValue":"200"}}]}},"_links":{"self":[{"href":"https:\/\/themeholt.com\/ro\/wp-json\/wp\/v2\/product\/16484","targetHints":{"allow":["GET"]}}],"collection":[{"href":"https:\/\/themeholt.com\/ro\/wp-json\/wp\/v2\/product"}],"about":[{"href":"https:\/\/themeholt.com\/ro\/wp-json\/wp\/v2\/types\/product"}],"wp:featuredmedia":[{"embeddable":true,"href":"https:\/\/themeholt.com\/ro\/wp-json\/wp\/v2\/media\/16486"}],"wp:attachment":[{"href":"https:\/\/themeholt.com\/ro\/wp-json\/wp\/v2\/media?parent=16484"}],"wp:term":[{"taxonomy":"product_brand","embeddable":true,"href":"https:\/\/themeholt.com\/ro\/wp-json\/wp\/v2\/product_brand?post=16484"},{"taxonomy":"product_cat","embeddable":true,"href":"https:\/\/themeholt.com\/ro\/wp-json\/wp\/v2\/product_cat?post=16484"},{"taxonomy":"product_tag","embeddable":true,"href":"https:\/\/themeholt.com\/ro\/wp-json\/wp\/v2\/product_tag?post=16484"}],"curies":[{"name":"wp","href":"https:\/\/api.w.org\/{rel}","templated":true}]}}