{"id":16504,"date":"2024-02-29T04:58:52","date_gmt":"2024-02-29T04:58:52","guid":{"rendered":"https:\/\/themeholt.com\/product\/elementor-pro-essential-plan\/"},"modified":"2024-11-04T04:03:59","modified_gmt":"2024-11-04T04:03:59","slug":"elementor-pro-essential-plan","status":"publish","type":"product","link":"https:\/\/themeholt.com\/ro\/product\/elementor-pro-essential-plan\/","title":{"rendered":"Elementor pro Essential Plan"},"content":{"rendered":"<p><span style=\"font-weight: 400\">Planul esen\u021bial Elementor este ca \u0219i cum ai avea abilit\u0103\u021bi extraordinare pentru site-ul t\u0103u. V\u0103 ajut\u0103 s\u0103 v\u0103 proiecta\u021bi \u0219i s\u0103 personaliza\u021bi cu u\u0219urin\u021b\u0103 aspectul site-ului web, f\u0103r\u0103 a avea nevoie de abilit\u0103\u021bi tehnice. Cu func\u021biile sale avansate, pute\u021bi face site-ul dvs. s\u0103 arate super profesional \u0219i total unic. Spune-\u021bi adio \u0219abloanelor plictisitoare, deoarece acest instrument ajut\u0103 site-ul t\u0103u s\u0103 ias\u0103 \u00een eviden\u021b\u0103 de restul. Indiferent dac\u0103 sunte\u021bi \u00eencep\u0103tor sau profesionist, Essential Plan Elementor simplific\u0103 construirea site-ului. Deci, dac\u0103 dori\u021bi ca site-ul dvs. web s\u0103 str\u0103luceasc\u0103 \u0219i s\u0103 atrag\u0103 mai mul\u021bi vizitatori, acesta este instrumentul de care ave\u021bi nevoie.<\/span><\/p>\n","protected":false},"excerpt":{"rendered":"<ul>\n<li>Accesa\u021bi p\u00e2n\u0103 la 1 site-uri premium<\/li>\n<li>Asisten\u021b\u0103 exclusiv\u0103 pentru clien\u021bi<\/li>\n<li>50 de widget-uri profesionale<\/li>\n<li>Creator de teme personalizabile<\/li>\n<li>Integrarea con\u021binutului interactiv<\/li>\n<li>Designer avansat de formulare<\/li>\n<\/ul>\n","protected":false},"featured_media":16472,"template":"","meta":{"_acf_changed":false,"inline_featured_image":false},"product_brand":[],"product_cat":[1537,1771,328],"product_tag":[],"class_list":{"0":"post-16504","1":"product","2":"type-product","3":"status-publish","4":"has-post-thumbnail","6":"product_cat-elementor-pro-pl","7":"product_cat-elementor-pro-es","8":"product_cat-elementor-pro","10":"first","11":"instock","12":"sale","13":"downloadable","14":"virtual","15":"taxable","16":"purchasable","17":"product-type-simple"},"acf":[],"yoast_head":"<!-- This site is optimized with the Yoast SEO Premium plugin v22.1 (Yoast SEO v26.0) - https:\/\/yoast.com\/wordpress\/plugins\/seo\/ -->\n<title>Elementor Pro Essential Page Builder | Themeholt<\/title>\n<meta name=\"description\" content=\"Ob\u021bine\u021bi Planul Elementor Pro Essential pentru construirea site-ului web. Bucura\u021bi-v\u0103 de func\u021bii avansate, personalizare u\u0219oar\u0103 \u0219i design profesional pentru site-ul dvs. WordPress.\" \/>\n<meta name=\"robots\" content=\"index, follow, max-snippet:-1, max-image-preview:large, max-video-preview:-1\" \/>\n<link rel=\"canonical\" href=\"https:\/\/themeholt.com\/ro\/product\/elementor-pro-essential-plan\/\" \/>\n<meta property=\"og:locale\" content=\"ro_RO\" \/>\n<meta property=\"og:type\" content=\"article\" \/>\n<meta property=\"og:title\" content=\"Elementor pro Essential Plan\" \/>\n<meta property=\"og:description\" content=\"Ob\u021bine\u021bi Planul Elementor Pro Essential pentru construirea site-ului web. Bucura\u021bi-v\u0103 de func\u021bii avansate, personalizare u\u0219oar\u0103 \u0219i design profesional pentru site-ul dvs. WordPress.\" \/>\n<meta property=\"og:url\" content=\"https:\/\/themeholt.com\/ro\/product\/elementor-pro-essential-plan\/\" \/>\n<meta property=\"og:site_name\" content=\"ThemeHolt\" \/>\n<meta property=\"article:publisher\" content=\"https:\/\/www.facebook.com\/themeholtT\" \/>\n<meta property=\"article:modified_time\" content=\"2024-11-04T04:03:59+00:00\" \/>\n<meta property=\"og:image\" content=\"https:\/\/themeholt.com\/wp-content\/uploads\/2024\/02\/elementor-pro-768x432-1.jpg\" \/>\n\t<meta property=\"og:image:width\" content=\"768\" \/>\n\t<meta property=\"og:image:height\" content=\"432\" \/>\n\t<meta property=\"og:image:type\" content=\"image\/jpeg\" \/>\n<meta name=\"twitter:card\" content=\"summary_large_image\" \/>\n<meta name=\"twitter:site\" content=\"@ThemeholtT\" \/>\n<meta name=\"twitter:label1\" content=\"Timp estimat pentru citire\" \/>\n\t<meta name=\"twitter:data1\" content=\"1 minut\" \/>\n<script type=\"application\/ld+json\" class=\"yoast-schema-graph\">{\"@context\":\"https:\/\/schema.org\",\"@graph\":[{\"@type\":\"WebPage\",\"@id\":\"https:\/\/themeholt.com\/ro\/product\/elementor-pro-essential-plan\/\",\"url\":\"https:\/\/themeholt.com\/ro\/product\/elementor-pro-essential-plan\/\",\"name\":\"Elementor Pro Essential Page Builder | Themeholt\",\"isPartOf\":{\"@id\":\"https:\/\/themeholt.com\/#website\"},\"primaryImageOfPage\":{\"@id\":\"https:\/\/themeholt.com\/ro\/product\/elementor-pro-essential-plan\/#primaryimage\"},\"image\":{\"@id\":\"https:\/\/themeholt.com\/ro\/product\/elementor-pro-essential-plan\/#primaryimage\"},\"thumbnailUrl\":\"https:\/\/themeholt.com\/wp-content\/uploads\/2024\/02\/elementor-pro-768x432-1.jpg\",\"datePublished\":\"2024-02-29T04:58:52+00:00\",\"dateModified\":\"2024-11-04T04:03:59+00:00\",\"description\":\"Ob\u021bine\u021bi Planul Elementor Pro Essential pentru construirea site-ului web. Bucura\u021bi-v\u0103 de func\u021bii avansate, personalizare u\u0219oar\u0103 \u0219i design profesional pentru site-ul dvs. WordPress.\",\"breadcrumb\":{\"@id\":\"https:\/\/themeholt.com\/ro\/product\/elementor-pro-essential-plan\/#breadcrumb\"},\"inLanguage\":\"ro-RO\",\"potentialAction\":[{\"@type\":\"ReadAction\",\"target\":[\"https:\/\/themeholt.com\/ro\/product\/elementor-pro-essential-plan\/\"]}]},{\"@type\":\"ImageObject\",\"inLanguage\":\"ro-RO\",\"@id\":\"https:\/\/themeholt.com\/ro\/product\/elementor-pro-essential-plan\/#primaryimage\",\"url\":\"https:\/\/themeholt.com\/wp-content\/uploads\/2024\/02\/elementor-pro-768x432-1.jpg\",\"contentUrl\":\"https:\/\/themeholt.com\/wp-content\/uploads\/2024\/02\/elementor-pro-768x432-1.jpg\",\"width\":768,\"height\":432},{\"@type\":\"BreadcrumbList\",\"@id\":\"https:\/\/themeholt.com\/ro\/product\/elementor-pro-essential-plan\/#breadcrumb\",\"itemListElement\":[{\"@type\":\"ListItem\",\"position\":1,\"name\":\"Home\",\"item\":\"https:\/\/themeholt.com\/ro\/\"},{\"@type\":\"ListItem\",\"position\":2,\"name\":\"Shop\",\"item\":\"https:\/\/themeholt.com\/shop\/\"},{\"@type\":\"ListItem\",\"position\":3,\"name\":\"Elementor pro Essential Plan\"}]},{\"@type\":\"WebSite\",\"@id\":\"https:\/\/themeholt.com\/#website\",\"url\":\"https:\/\/themeholt.com\/\",\"name\":\"ThemeHolt\",\"description\":\"Themeholt is a website that offers high-quality WordPress themes\",\"publisher\":{\"@id\":\"https:\/\/themeholt.com\/#organization\"},\"potentialAction\":[{\"@type\":\"SearchAction\",\"target\":{\"@type\":\"EntryPoint\",\"urlTemplate\":\"https:\/\/themeholt.com\/?s={search_term_string}\"},\"query-input\":{\"@type\":\"PropertyValueSpecification\",\"valueRequired\":true,\"valueName\":\"search_term_string\"}}],\"inLanguage\":\"ro-RO\"},{\"@type\":\"Organization\",\"@id\":\"https:\/\/themeholt.com\/#organization\",\"name\":\"ThemeHolt\",\"alternateName\":\"ThemeHolt\",\"url\":\"https:\/\/themeholt.com\/\",\"logo\":{\"@type\":\"ImageObject\",\"inLanguage\":\"ro-RO\",\"@id\":\"https:\/\/themeholt.com\/#\/schema\/logo\/image\/\",\"url\":\"https:\/\/themeholt.com\/wp-content\/uploads\/2024\/10\/themeholt.png\",\"contentUrl\":\"https:\/\/themeholt.com\/wp-content\/uploads\/2024\/10\/themeholt.png\",\"width\":225,\"height\":225,\"caption\":\"ThemeHolt\"},\"image\":{\"@id\":\"https:\/\/themeholt.com\/#\/schema\/logo\/image\/\"},\"sameAs\":[\"https:\/\/www.facebook.com\/themeholtT\",\"https:\/\/x.com\/ThemeholtT\",\"https:\/\/www.linkedin.com\/company\/themeholt\",\"https:\/\/www.instagram.com\/themeholtt\/\"],\"description\":\"Themeholt is a website that offers high-quality WordPress themes that are easy to use and ready for just about everything. In Eindhoven, Netherlands, since 2020 offering simple, accessible WordPress themes by providing a variety of requirements. Themeholt focuses on practicality and efficiency, allowing faster project completion with its superior marketplace and easy-to-use templates.\",\"legalName\":\"ThemeHolt\",\"foundingDate\":\"2022-11-10\",\"numberOfEmployees\":{\"@type\":\"QuantitativeValue\",\"minValue\":\"51\",\"maxValue\":\"200\"}}]}<\/script>\n<!-- \/ Yoast SEO Premium plugin. -->","yoast_head_json":{"title":"Elementor Pro Essential Page Builder | Themeholt","description":"Ob\u021bine\u021bi Planul Elementor Pro Essential pentru construirea site-ului web. Bucura\u021bi-v\u0103 de func\u021bii avansate, personalizare u\u0219oar\u0103 \u0219i design profesional pentru site-ul dvs. WordPress.","robots":{"index":"index","follow":"follow","max-snippet":"max-snippet:-1","max-image-preview":"max-image-preview:large","max-video-preview":"max-video-preview:-1"},"canonical":"https:\/\/themeholt.com\/ro\/product\/elementor-pro-essential-plan\/","og_locale":"ro_RO","og_type":"article","og_title":"Elementor pro Essential Plan","og_description":"Ob\u021bine\u021bi Planul Elementor Pro Essential pentru construirea site-ului web. Bucura\u021bi-v\u0103 de func\u021bii avansate, personalizare u\u0219oar\u0103 \u0219i design profesional pentru site-ul dvs. WordPress.","og_url":"https:\/\/themeholt.com\/ro\/product\/elementor-pro-essential-plan\/","og_site_name":"ThemeHolt","article_publisher":"https:\/\/www.facebook.com\/themeholtT","article_modified_time":"2024-11-04T04:03:59+00:00","og_image":[{"width":768,"height":432,"url":"https:\/\/themeholt.com\/wp-content\/uploads\/2024\/02\/elementor-pro-768x432-1.jpg","type":"image\/jpeg"}],"twitter_card":"summary_large_image","twitter_site":"@ThemeholtT","twitter_misc":{"Timp estimat pentru citire":"1 minut"},"schema":{"@context":"https:\/\/schema.org","@graph":[{"@type":"WebPage","@id":"https:\/\/themeholt.com\/ro\/product\/elementor-pro-essential-plan\/","url":"https:\/\/themeholt.com\/ro\/product\/elementor-pro-essential-plan\/","name":"Elementor Pro Essential Page Builder | Themeholt","isPartOf":{"@id":"https:\/\/themeholt.com\/#website"},"primaryImageOfPage":{"@id":"https:\/\/themeholt.com\/ro\/product\/elementor-pro-essential-plan\/#primaryimage"},"image":{"@id":"https:\/\/themeholt.com\/ro\/product\/elementor-pro-essential-plan\/#primaryimage"},"thumbnailUrl":"https:\/\/themeholt.com\/wp-content\/uploads\/2024\/02\/elementor-pro-768x432-1.jpg","datePublished":"2024-02-29T04:58:52+00:00","dateModified":"2024-11-04T04:03:59+00:00","description":"Ob\u021bine\u021bi Planul Elementor Pro Essential pentru construirea site-ului web. Bucura\u021bi-v\u0103 de func\u021bii avansate, personalizare u\u0219oar\u0103 \u0219i design profesional pentru site-ul dvs. WordPress.","breadcrumb":{"@id":"https:\/\/themeholt.com\/ro\/product\/elementor-pro-essential-plan\/#breadcrumb"},"inLanguage":"ro-RO","potentialAction":[{"@type":"ReadAction","target":["https:\/\/themeholt.com\/ro\/product\/elementor-pro-essential-plan\/"]}]},{"@type":"ImageObject","inLanguage":"ro-RO","@id":"https:\/\/themeholt.com\/ro\/product\/elementor-pro-essential-plan\/#primaryimage","url":"https:\/\/themeholt.com\/wp-content\/uploads\/2024\/02\/elementor-pro-768x432-1.jpg","contentUrl":"https:\/\/themeholt.com\/wp-content\/uploads\/2024\/02\/elementor-pro-768x432-1.jpg","width":768,"height":432},{"@type":"BreadcrumbList","@id":"https:\/\/themeholt.com\/ro\/product\/elementor-pro-essential-plan\/#breadcrumb","itemListElement":[{"@type":"ListItem","position":1,"name":"Home","item":"https:\/\/themeholt.com\/ro\/"},{"@type":"ListItem","position":2,"name":"Shop","item":"https:\/\/themeholt.com\/shop\/"},{"@type":"ListItem","position":3,"name":"Elementor pro Essential Plan"}]},{"@type":"WebSite","@id":"https:\/\/themeholt.com\/#website","url":"https:\/\/themeholt.com\/","name":"ThemeHolt","description":"Themeholt is a website that offers high-quality WordPress themes","publisher":{"@id":"https:\/\/themeholt.com\/#organization"},"potentialAction":[{"@type":"SearchAction","target":{"@type":"EntryPoint","urlTemplate":"https:\/\/themeholt.com\/?s={search_term_string}"},"query-input":{"@type":"PropertyValueSpecification","valueRequired":true,"valueName":"search_term_string"}}],"inLanguage":"ro-RO"},{"@type":"Organization","@id":"https:\/\/themeholt.com\/#organization","name":"ThemeHolt","alternateName":"ThemeHolt","url":"https:\/\/themeholt.com\/","logo":{"@type":"ImageObject","inLanguage":"ro-RO","@id":"https:\/\/themeholt.com\/#\/schema\/logo\/image\/","url":"https:\/\/themeholt.com\/wp-content\/uploads\/2024\/10\/themeholt.png","contentUrl":"https:\/\/themeholt.com\/wp-content\/uploads\/2024\/10\/themeholt.png","width":225,"height":225,"caption":"ThemeHolt"},"image":{"@id":"https:\/\/themeholt.com\/#\/schema\/logo\/image\/"},"sameAs":["https:\/\/www.facebook.com\/themeholtT","https:\/\/x.com\/ThemeholtT","https:\/\/www.linkedin.com\/company\/themeholt","https:\/\/www.instagram.com\/themeholtt\/"],"description":"Themeholt is a website that offers high-quality WordPress themes that are easy to use and ready for just about everything. In Eindhoven, Netherlands, since 2020 offering simple, accessible WordPress themes by providing a variety of requirements. Themeholt focuses on practicality and efficiency, allowing faster project completion with its superior marketplace and easy-to-use templates.","legalName":"ThemeHolt","foundingDate":"2022-11-10","numberOfEmployees":{"@type":"QuantitativeValue","minValue":"51","maxValue":"200"}}]}},"_links":{"self":[{"href":"https:\/\/themeholt.com\/ro\/wp-json\/wp\/v2\/product\/16504","targetHints":{"allow":["GET"]}}],"collection":[{"href":"https:\/\/themeholt.com\/ro\/wp-json\/wp\/v2\/product"}],"about":[{"href":"https:\/\/themeholt.com\/ro\/wp-json\/wp\/v2\/types\/product"}],"wp:featuredmedia":[{"embeddable":true,"href":"https:\/\/themeholt.com\/ro\/wp-json\/wp\/v2\/media\/16472"}],"wp:attachment":[{"href":"https:\/\/themeholt.com\/ro\/wp-json\/wp\/v2\/media?parent=16504"}],"wp:term":[{"taxonomy":"product_brand","embeddable":true,"href":"https:\/\/themeholt.com\/ro\/wp-json\/wp\/v2\/product_brand?post=16504"},{"taxonomy":"product_cat","embeddable":true,"href":"https:\/\/themeholt.com\/ro\/wp-json\/wp\/v2\/product_cat?post=16504"},{"taxonomy":"product_tag","embeddable":true,"href":"https:\/\/themeholt.com\/ro\/wp-json\/wp\/v2\/product_tag?post=16504"}],"curies":[{"name":"wp","href":"https:\/\/api.w.org\/{rel}","templated":true}]}}